{"id":23,"date":"2022-06-27T09:51:14","date_gmt":"2022-06-27T07:51:14","guid":{"rendered":"https:\/\/auslaenderbehoerde.org\/?page_id=23"},"modified":"2022-07-20T13:35:46","modified_gmt":"2022-07-20T11:35:46","slug":"kontakt","status":"publish","type":"page","link":"https:\/\/auslaenderbehoerde.org\/ar\/%d8%a7%d8%aa%d8%b5%d8%a7%d9%84\/","title":{"rendered":"\u0627\u062a\u0635\u0627\u0644"},"content":{"rendered":"<p>\u0646\u062d\u0627\u0648\u0644 \u062a\u062d\u062f\u064a\u062b \u0625\u062f\u062e\u0627\u0644\u0627\u062a\u0646\u0627 \u0628\u0627\u0633\u062a\u0645\u0631\u0627\u0631. \u0639\u0644\u0649 \u0627\u0644\u0631\u063a\u0645 \u0645\u0646 \u0627\u0644\u0639\u0646\u0627\u064a\u0629 \u0627\u0644\u0643\u0628\u064a\u0631\u0629 \u060c \u064a\u0645\u0643\u0646 \u0623\u0646 \u062a\u062a\u0633\u0644\u0644 \u0627\u0644\u0623\u062e\u0637\u0627\u0621. \u0648\u0645\u0639 \u0630\u0644\u0643 \u060c \u0625\u0630\u0627 \u0643\u0646\u062a \u062a\u0631\u063a\u0628 \u0641\u064a \u0627\u0644\u0625\u0628\u0644\u0627\u063a \u0639\u0646 \u062e\u0637\u0623 \u0645\u0646\u0627 \u060c \u0641\u0646\u062d\u0646 \u0646\u0642\u062f\u0631 \u0644\u0643 \u0625\u0631\u0633\u0627\u0644 \u0628\u0631\u064a\u062f \u0625\u0644\u0643\u062a\u0631\u0648\u0646\u064a \u0625\u0644\u064a\u0646\u0627 \u0644\u0625\u0639\u0644\u0627\u0645\u0643 \u0628\u0627\u0644\u062a\u063a\u064a\u064a\u0631\u0627\u062a.<\/p>\n<p><strong>\u0647\u0630\u0627 \u0627\u0644\u0645\u0648\u0642\u0639 \u0644\u064a\u0633 \u0645\u0648\u0642\u0639\u064b\u0627 \u0631\u0633\u0645\u064a\u064b\u0627 \u0644\u0633\u0644\u0637\u0627\u062a \u0627\u0644\u0647\u062c\u0631\u0629.\u00a0<\/strong><\/p>\n<p><strong>\u064a\u0631\u062c\u0649 \u062a\u0641\u0647\u0645 \u0623\u0646\u0646\u0627 \u060c \u0628\u0635\u0641\u062a\u0646\u0627 \u0645\u0634\u063a\u0644 \u0627\u0644\u0645\u0648\u0642\u0639 \u060c \u0644\u0627 \u064a\u0645\u0643\u0646\u0646\u0627 \u062a\u0642\u062f\u064a\u0645 \u0623\u064a \u0646\u0635\u064a\u062d\u0629 \u0623\u0648 \u0645\u0639\u0644\u0648\u0645\u0627\u062a \u0623\u0648 \u0645\u0648\u0627\u0639\u064a\u062f.<\/strong><\/p>\n\n<div class=\"wpcf7 no-js\" id=\"wpcf7-f22-o1\" lang=\"de-DE\" dir=\"ltr\" data-wpcf7-id=\"22\">\n<div class=\"screen-reader-response\"><p role=\"status\" aria-live=\"polite\" aria-atomic=\"true\"><\/p> <ul><\/ul><\/div>\n<form action=\"\/ar\/wp-json\/wp\/v2\/pages\/23#wpcf7-f22-o1\" method=\"post\" class=\"wpcf7-form init\" aria-label=\"\u0646\u0645\u0648\u0630\u062c \u0627\u0644\u0627\u062a\u0635\u0627\u0644\" novalidate=\"novalidate\" data-status=\"init\" data-trp-original-action=\"\/ar\/wp-json\/wp\/v2\/pages\/23#wpcf7-f22-o1\">\n<fieldset class=\"hidden-fields-container\"><input type=\"hidden\" name=\"_wpcf7\" value=\"22\" \/><input type=\"hidden\" name=\"_wpcf7_version\" value=\"6.1.4\" \/><input type=\"hidden\" name=\"_wpcf7_locale\" value=\"de_DE\" \/><input type=\"hidden\" name=\"_wpcf7_unit_tag\" value=\"wpcf7-f22-o1\" \/><input type=\"hidden\" name=\"_wpcf7_container_post\" value=\"0\" \/><input type=\"hidden\" name=\"_wpcf7_posted_data_hash\" value=\"\" \/>\n<\/fieldset>\n<p><label> \u0627\u0633\u0645\u0643<br \/>\n<span class=\"wpcf7-form-control-wrap\" data-name=\"your-name\"><input size=\"40\" maxlength=\"400\" class=\"wpcf7-form-control wpcf7-text wpcf7-validates-as-required\" aria-required=\"true\" aria-invalid=\"false\" value=\"\" type=\"text\" name=\"your-name\" \/><\/span> <\/label>\n<\/p>\n<p><label> \u0639\u0646\u0648\u0627\u0646 \u0628\u0631\u064a\u062f\u0643 \u0627\u0644\u0627\u0644\u0643\u062a\u0631\u0648\u0646\u064a<br \/>\n<span class=\"wpcf7-form-control-wrap\" data-name=\"your-email\"><input size=\"40\" maxlength=\"400\" class=\"wpcf7-form-control wpcf7-email wpcf7-validates-as-required wpcf7-text wpcf7-validates-as-email\" aria-required=\"true\" aria-invalid=\"false\" value=\"\" type=\"email\" name=\"your-email\" \/><\/span> <\/label>\n<\/p>\n<p><label> \u0628\u062e\u0635\u0648\u0635<br \/>\n<span class=\"wpcf7-form-control-wrap\" data-name=\"your-subject\"><input size=\"40\" maxlength=\"400\" class=\"wpcf7-form-control wpcf7-text wpcf7-validates-as-required\" aria-required=\"true\" aria-invalid=\"false\" value=\"\" type=\"text\" name=\"your-subject\" \/><\/span> <\/label>\n<\/p>\n<p><label> \u0631\u0633\u0627\u0644\u062a\u0643 (\u0627\u062e\u062a\u064a\u0627\u0631\u064a)<br \/>\n<span class=\"wpcf7-form-control-wrap\" data-name=\"your-message\"><textarea cols=\"40\" rows=\"10\" maxlength=\"2000\" class=\"wpcf7-form-control wpcf7-textarea\" aria-invalid=\"false\" name=\"your-message\"><\/textarea><\/span> <\/label><br \/>\n<span class=\"wpcf7-form-control-wrap\" data-name=\"quiz-239\"><label><span class=\"wpcf7-quiz-label\">1+1=?<\/span> <input size=\"40\" class=\"wpcf7-form-control wpcf7-quiz\" autocomplete=\"off\" aria-required=\"true\" aria-invalid=\"false\" type=\"text\" name=\"quiz-239\" \/><\/label><input type=\"hidden\" name=\"_wpcf7_quiz_answer_quiz-239\" value=\"83228ca61ebb008fb480419d3f4cf867\" \/><\/span>\n<\/p>\n<p><input class=\"wpcf7-form-control wpcf7-submit has-spinner\" type=\"submit\" value=\"\u0625\u0631\u0633\u0627\u0644\" \/>\n<\/p><div class=\"wpcf7-response-output\" aria-hidden=\"true\"><\/div>\n<input type=\"hidden\" name=\"trp-form-language\" value=\"ar\"\/><\/form>\n<\/div>","protected":false},"excerpt":{"rendered":"<p>\u0646\u062d\u0646 \u0646\u062d\u0627\u0648\u0644 \u0623\u0646 \u0646\u0628\u0642\u064a \u0625\u062f\u062e\u0627\u0644\u0627\u062a\u0646\u0627 \u0645\u062d\u062f\u062b\u0629. \u0639\u0644\u0649 \u0627\u0644\u0631\u063a\u0645 \u0645\u0646 \u0623\u0642\u0635\u0649 \u0642\u062f\u0631 \u0645\u0646 \u0627\u0644\u0639\u0646\u0627\u064a\u0629\u060c \u0644\u0627 \u064a\u0632\u0627\u0644 \u0645\u0646 \u0627\u0644\u0645\u0645\u0643\u0646 \u062d\u062f\u0648\u062b \u0623\u062e\u0637\u0627\u0621. \u0648\u0645\u0639 \u0630\u0644\u0643\u060c \u0625\u0630\u0627 \u0643\u0646\u062a \u062a\u0631\u063a\u0628 \u0641\u064a \u0625\u0628\u0644\u0627\u063a\u0646\u0627 \u0639\u0646 \u062e\u0637\u0623 \u0645\u0627\u060c \u0641\u0625\u0646\u0646\u0627 \u0633\u0646\u0643\u0648\u0646 \u0645\u0645\u062a\u0646\u064a\u0646 \u0625\u0630\u0627 \u0642\u0645\u062a \u0628\u0625\u0631\u0633\u0627\u0644 \u0628\u0631\u064a\u062f \u0625\u0644\u0643\u062a\u0631\u0648\u0646\u064a \u0625\u0644\u064a\u0646\u0627 \u0644\u0625\u0628\u0644\u0627\u063a\u0646\u0627 \u0628\u0627\u0644\u062a\u063a\u064a\u064a\u0631\u0627\u062a. \u0647\u0630\u0627 \u0627\u0644\u0645\u0648\u0642\u0639 \u0644\u064a\u0633 \u0645\u0648\u0642\u0639\u064b\u0627 \u0631\u0633\u0645\u064a\u064b\u0627 \u0644\u0633\u0644\u0637\u0627\u062a \u0627\u0644\u0647\u062c\u0631\u0629. \u064a\u0631\u062c\u0649 \u0623\u0646 \u062a\u0641\u0647\u0645 \u0623\u0646\u0646\u0627 \u0643\u0645\u0634\u063a\u0644\u064a \u0627\u0644\u0645\u0648\u0642\u0639 \u0644\u064a\u0633 \u0644\u062f\u064a\u0646\u0627...&nbsp;<a href=\"https:\/\/auslaenderbehoerde.org\/ar\/%d8%a7%d8%aa%d8%b5%d8%a7%d9%84\/\" rel=\"bookmark\">\u0627\u0642\u0631\u0623 \u0627\u0644\u0645\u0632\u064a\u062f \u00bb<span class=\"screen-reader-text\">\u0627\u062a\u0635\u0627\u0644<\/span><\/a><\/p>","protected":false},"author":1,"featured_media":0,"parent":0,"menu_order":0,"comment_status":"closed","ping_status":"closed","template":"","meta":{"neve_meta_sidebar":"","neve_meta_container":"","neve_meta_enable_content_width":"off","neve_meta_content_width":100,"neve_meta_title_alignment":"","neve_meta_author_avatar":"","neve_post_elements_order":"","neve_meta_disable_header":"","neve_meta_disable_footer":"","neve_meta_disable_title":"","neve_meta_reading_time":"","footnotes":""},"class_list":["post-23","page","type-page","status-publish","hentry"],"yoast_head":"<!-- This site is optimized with the Yoast SEO plugin v26.6 - https:\/\/yoast.com\/wordpress\/plugins\/seo\/ -->\n<title>Kontakt - auslaenderbehoerde.org<\/title>\n<meta name=\"robots\" content=\"noindex, follow\" \/>\n<meta property=\"og:locale\" content=\"ar_AR\" \/>\n<meta property=\"og:type\" content=\"article\" \/>\n<meta property=\"og:title\" content=\"Kontakt - auslaenderbehoerde.org\" \/>\n<meta property=\"og:description\" content=\"Wir versuchen, unsere Eintr\u00e4ge aktuell zu halten. Trotz gr\u00f6\u00dfter Sorgfalt k\u00f6nnen sich Fehler einschleichen. Falls Sie allerdings einen Fehler von uns melden m\u00f6chten, w\u00fcrden wir uns freuen, wenn Sie uns eine E-Mail mit Hinweis auf die \u00c4nderungen zusenden. Diese Webseite ist keine offizielle Webseite der Ausl\u00e4nderbeh\u00f6rden.\u00a0 Bitte haben Sie Verst\u00e4ndnis, dass wir als Seitenbetreiber keinerlei&hellip;&nbsp;Read More &raquo;Kontakt\" \/>\n<meta property=\"og:url\" content=\"https:\/\/auslaenderbehoerde.org\/ar\/\u0627\u062a\u0635\u0627\u0644\/\" \/>\n<meta property=\"og:site_name\" content=\"auslaenderbehoerde.org\" \/>\n<meta property=\"article:modified_time\" content=\"2022-07-20T11:35:46+00:00\" \/>\n<meta name=\"twitter:card\" content=\"summary_large_image\" \/>\n<meta name=\"twitter:label1\" content=\"\u0648\u0642\u062a \u0627\u0644\u0642\u0631\u0627\u0621\u0629 \u0627\u0644\u0645\u064f\u0642\u062f\u0651\u0631\" \/>\n\t<meta name=\"twitter:data1\" content=\"\u062f\u0642\u064a\u0642\u0629 \u0648\u0627\u062d\u062f\u0629\" \/>\n<script type=\"application\/ld+json\" class=\"yoast-schema-graph\">{\"@context\":\"https:\/\/schema.org\",\"@graph\":[{\"@type\":\"WebPage\",\"@id\":\"https:\/\/auslaenderbehoerde.org\/kontakt\/\",\"url\":\"https:\/\/auslaenderbehoerde.org\/kontakt\/\",\"name\":\"Kontakt - auslaenderbehoerde.org\",\"isPartOf\":{\"@id\":\"https:\/\/auslaenderbehoerde.org\/#website\"},\"datePublished\":\"2022-06-27T07:51:14+00:00\",\"dateModified\":\"2022-07-20T11:35:46+00:00\",\"breadcrumb\":{\"@id\":\"https:\/\/auslaenderbehoerde.org\/kontakt\/#breadcrumb\"},\"inLanguage\":\"ar\",\"potentialAction\":[{\"@type\":\"ReadAction\",\"target\":[\"https:\/\/auslaenderbehoerde.org\/kontakt\/\"]}]},{\"@type\":\"BreadcrumbList\",\"@id\":\"https:\/\/auslaenderbehoerde.org\/kontakt\/#breadcrumb\",\"itemListElement\":[{\"@type\":\"ListItem\",\"position\":1,\"name\":\"Startseite\",\"item\":\"https:\/\/auslaenderbehoerde.org\/\"},{\"@type\":\"ListItem\",\"position\":2,\"name\":\"Kontakt\"}]},{\"@type\":\"WebSite\",\"@id\":\"https:\/\/auslaenderbehoerde.org\/#website\",\"url\":\"https:\/\/auslaenderbehoerde.org\/\",\"name\":\"auslaenderbehoerde.org\",\"description\":\"\",\"potentialAction\":[{\"@type\":\"SearchAction\",\"target\":{\"@type\":\"EntryPoint\",\"urlTemplate\":\"https:\/\/auslaenderbehoerde.org\/?s={search_term_string}\"},\"query-input\":{\"@type\":\"PropertyValueSpecification\",\"valueRequired\":true,\"valueName\":\"search_term_string\"}}],\"inLanguage\":\"ar\"}]}<\/script>\n<!-- \/ Yoast SEO plugin. -->","yoast_head_json":{"title":"\u0627\u0644\u0627\u062a\u0635\u0627\u0644 - auslaenderbehoerde.org","robots":{"index":"noindex","follow":"follow"},"og_locale":"ar_AR","og_type":"article","og_title":"Kontakt - auslaenderbehoerde.org","og_description":"Wir versuchen, unsere Eintr\u00e4ge aktuell zu halten. Trotz gr\u00f6\u00dfter Sorgfalt k\u00f6nnen sich Fehler einschleichen. Falls Sie allerdings einen Fehler von uns melden m\u00f6chten, w\u00fcrden wir uns freuen, wenn Sie uns eine E-Mail mit Hinweis auf die \u00c4nderungen zusenden. Diese Webseite ist keine offizielle Webseite der Ausl\u00e4nderbeh\u00f6rden.\u00a0 Bitte haben Sie Verst\u00e4ndnis, dass wir als Seitenbetreiber keinerlei&hellip;&nbsp;Read More &raquo;Kontakt","og_url":"https:\/\/auslaenderbehoerde.org\/ar\/\u0627\u062a\u0635\u0627\u0644\/","og_site_name":"auslaenderbehoerde.org","article_modified_time":"2022-07-20T11:35:46+00:00","twitter_card":"summary_large_image","twitter_misc":{"\u0648\u0642\u062a \u0627\u0644\u0642\u0631\u0627\u0621\u0629 \u0627\u0644\u0645\u064f\u0642\u062f\u0651\u0631":"\u062f\u0642\u064a\u0642\u0629 \u0648\u0627\u062d\u062f\u0629"},"schema":{"@context":"https:\/\/schema.org","@graph":[{"@type":"WebPage","@id":"https:\/\/auslaenderbehoerde.org\/kontakt\/","url":"https:\/\/auslaenderbehoerde.org\/kontakt\/","name":"\u0627\u0644\u0627\u062a\u0635\u0627\u0644 - auslaenderbehoerde.org","isPartOf":{"@id":"https:\/\/auslaenderbehoerde.org\/#website"},"datePublished":"2022-06-27T07:51:14+00:00","dateModified":"2022-07-20T11:35:46+00:00","breadcrumb":{"@id":"https:\/\/auslaenderbehoerde.org\/kontakt\/#breadcrumb"},"inLanguage":"ar","potentialAction":[{"@type":"ReadAction","target":["https:\/\/auslaenderbehoerde.org\/kontakt\/"]}]},{"@type":"BreadcrumbList","@id":"https:\/\/auslaenderbehoerde.org\/kontakt\/#breadcrumb","itemListElement":[{"@type":"ListItem","position":1,"name":"Startseite","item":"https:\/\/auslaenderbehoerde.org\/"},{"@type":"ListItem","position":2,"name":"Kontakt"}]},{"@type":"WebSite","@id":"https:\/\/auslaenderbehoerde.org\/#website","url":"https:\/\/auslaenderbehoerde.org\/","name":"auslaenderbehoerde.org","description":"","potentialAction":[{"@type":"SearchAction","target":{"@type":"EntryPoint","urlTemplate":"https:\/\/auslaenderbehoerde.org\/?s={search_term_string}"},"query-input":{"@type":"PropertyValueSpecification","valueRequired":true,"valueName":"search_term_string"}}],"inLanguage":"ar"}]}},"_links":{"self":[{"href":"https:\/\/auslaenderbehoerde.org\/ar\/wp-json\/wp\/v2\/pages\/23","targetHints":{"allow":["GET"]}}],"collection":[{"href":"https:\/\/auslaenderbehoerde.org\/ar\/wp-json\/wp\/v2\/pages"}],"about":[{"href":"https:\/\/auslaenderbehoerde.org\/ar\/wp-json\/wp\/v2\/types\/page"}],"author":[{"embeddable":true,"href":"https:\/\/auslaenderbehoerde.org\/ar\/wp-json\/wp\/v2\/users\/1"}],"replies":[{"embeddable":true,"href":"https:\/\/auslaenderbehoerde.org\/ar\/wp-json\/wp\/v2\/comments?post=23"}],"version-history":[{"count":4,"href":"https:\/\/auslaenderbehoerde.org\/ar\/wp-json\/wp\/v2\/pages\/23\/revisions"}],"predecessor-version":[{"id":1572,"href":"https:\/\/auslaenderbehoerde.org\/ar\/wp-json\/wp\/v2\/pages\/23\/revisions\/1572"}],"wp:attachment":[{"href":"https:\/\/auslaenderbehoerde.org\/ar\/wp-json\/wp\/v2\/media?parent=23"}],"curies":[{"name":"\u0648\u0648\u0631\u062f\u0628\u0631\u064a\u0633","href":"https:\/\/api.w.org\/{rel}","templated":true}]}}