{"id":424,"date":"2022-07-05T16:14:56","date_gmt":"2022-07-05T14:14:56","guid":{"rendered":"https:\/\/auslaenderbehoerde.org\/?page_id=424"},"modified":"2022-07-05T16:14:56","modified_gmt":"2022-07-05T14:14:56","slug":"auslaenderbehoerde-schwaebisch-hall","status":"publish","type":"page","link":"https:\/\/auslaenderbehoerde.org\/ar\/\u0633\u0644\u0637\u0629-\u0627\u0644\u0647\u062c\u0631\u0629-\u0642\u0627\u0639\u0629-\u0634\u0648\u064a\u0628\u0634\/","title":{"rendered":"\u0645\u0643\u062a\u0628 \u0627\u0644\u0647\u062c\u0631\u0629 \u0634\u0641\u064a\u0628\u064a\u0634 \u0647\u0648\u0644"},"content":{"rendered":"<p>\u0633\u062a\u062c\u062f \u0647\u0646\u0627 \u062e\u064a\u0627\u0631\u0627\u062a \u0627\u0644\u0627\u062a\u0635\u0627\u0644 \u0627\u0644\u0645\u062e\u062a\u0644\u0641\u0629 \u0648\u0627\u0644\u0645\u0639\u0644\u0648\u0645\u0627\u062a \u0627\u0644\u0645\u0641\u064a\u062f\u0629 \u0627\u0644\u0623\u062e\u0631\u0649 \u0641\u064a Schw\u00e4bisch Hall - Baden-W\u00fcrttemberg Immigration Office.<\/p>\n<p><strong>\u062a\u0628\u0648\u0643:<\/strong> \u0645\u0643\u062a\u0628 \u0627\u0644\u0647\u062c\u0631\u0629 Schw\u00e4bisch Hall\u060c Gymnasiumstrasse 2\u060c 74523 Schw\u00e4bisch Hall<br \/>\n<strong>\u0647\u0627\u062a\u0641:<\/strong> 0791 751480<br \/>\n<strong>\u0627\u0644\u0641\u0627\u0643\u0633:<\/strong> 0791 751409<br \/>\n<strong>\u0645\u0648\u0642\u0639 \u0627\u0644\u0643\u062a\u0631\u0648\u0646\u064a:<\/strong> <a href=\"https:\/\/www.schwaebischhall.de\/de\/startseite\">www.schwaebischhall.de<\/a><br \/>\n<strong>\u0633\u0627\u0639\u0627\u062a \u0627\u0644\u0639\u0645\u0644:<\/strong> \u0627\u0646\u0638\u0631 \u0627\u0644\u0645\u0648\u0642\u0639<\/p>\n<p><iframe style=\"border: 0;\" src=\"https:\/\/www.google.com\/maps\/embed?pb=!1m18!1m12!1m3!1d2611.6151781669532!2d9.736449551503393!3d49.11295067921173!2m3!1f0!2f0!3f0!3m2!1i1024!2i768!4f13.1!3m3!1m2!1s0x479850749544cb73%3A0x95319ff331042ed9!2sGymnasiumstra%C3%9Fe%202%2C%2074523%20Schw%C3%A4bisch%20Hall!5e0!3m2!1sde!2sde!4v1657030487150!5m2!1sde!2sde\" width=\"600\" height=\"450\" allowfullscreen=\"allowfullscreen\"><\/iframe><\/p>\n<h2>\u0645\u0647\u0627\u0645 \u0645\u0643\u062a\u0628 \u0634\u0641\u064a\u0628\u064a\u0634 \u0647\u0648\u0644 \u0644\u0644\u0647\u062c\u0631\u0629<\/h2>\n<p>\u0645\u0643\u062a\u0628 \u0634\u0641\u064a\u0628\u064a\u0634 \u0647\u0648\u0644 \u0644\u0644\u0647\u062c\u0631\u0629 \u0645\u0633\u0624\u0648\u0644 \u0639\u0646 \u0633\u0643\u0627\u0646 \u0634\u0641\u064a\u0628\u064a\u0634 \u0647\u0648\u0644 \u0648\u0627\u0644\u0645\u062f\u0646 \u0627\u0644\u0645\u0631\u062a\u0628\u0637\u0629 \u0628\u0647\u0627. \u0627\u0644\u0647\u064a\u0626\u0629 \u0647\u064a \u0627\u0644\u0639\u0646\u0648\u0627\u0646 \u0627\u0644\u0623\u0648\u0644 \u0644\u0644\u0623\u062c\u0627\u0646\u0628 \u0627\u0644\u0642\u0627\u062f\u0645\u064a\u0646 \u0645\u0646 \u0627\u0644\u062e\u0627\u0631\u062c. \u0648\u0647\u064a \u0645\u0633\u0624\u0648\u0644\u0629 \u0639\u0646 \u0625\u0635\u062f\u0627\u0631 \u0623\u0648 \u0631\u0641\u0636 \u062a\u0635\u0627\u0631\u064a\u062d \u0627\u0644\u0625\u0642\u0627\u0645\u0629 \u0648\u0641\u0642\u064b\u0627 \u0644\u0623\u063a\u0631\u0627\u0636 \u0627\u0644\u0625\u0642\u0627\u0645\u0629 \u0627\u0644\u062e\u0627\u0635\u0629 \u0628\u0642\u0627\u0646\u0648\u0646 \u0627\u0644\u0625\u0642\u0627\u0645\u0629.<\/p>\n<p>\u0645\u0643\u062a\u0628 \u0627\u0644\u0647\u062c\u0631\u0629 \u0645\u0633\u0624\u0648\u0644 \u0623\u064a\u0636\u064b\u0627 \u0639\u0646 \u0625\u0635\u062f\u0627\u0631 <a href=\"https:\/\/auslaenderbehoerde.org\/ar\/\u062a\u0635\u0631\u064a\u062d-\u0627\u0644\u0625\u0642\u0627\u0645\u0629\/\">\u062a\u0635\u0631\u064a\u062d \u0627\u0644\u0625\u0642\u0627\u0645\u0629<\/a>, <a href=\"https:\/\/auslaenderbehoerde.org\/ar\/\u0625\u0639\u0644\u0627\u0646-\u0627\u0644\u0627\u0644\u062a\u0632\u0627\u0645\/\">\u0625\u0639\u0644\u0627\u0646 \u0627\u0644\u0627\u0644\u062a\u0632\u0627\u0645<\/a>\u0648\u0648\u062b\u0627\u0626\u0642 \u0627\u0644\u0633\u0641\u0631 \u0648\u062a\u0635\u0627\u0631\u064a\u062d \u0627\u0644\u062a\u0633\u0627\u0645\u062d \u0644\u0644\u0623\u062c\u0627\u0646\u0628. \u0645\u0643\u062a\u0628 \u0627\u0644\u0647\u062c\u0631\u0629 \u064a\u0639\u0645\u0644 \u0639\u0644\u0649 \u0630\u0644\u0643 <a href=\"https:\/\/www.gesetze-im-internet.de\/aufenthg_2004\/__71.html\" target=\"_blank\" rel=\"noopener external noreferrer\" data-wpel-link=\"external\">\u0627\u0644\u0642\u0633\u0645 71<\/a> AufenthG \u0648\u0647\u0648 \u0645\u0633\u0624\u0648\u0644 \u0639\u0646 \u062a\u0646\u0638\u064a\u0645 \u062c\u0645\u064a\u0639 \u0627\u0644\u0642\u0631\u0627\u0631\u0627\u062a \u0648\u0627\u0644\u062a\u062f\u0627\u0628\u064a\u0631 \u0627\u0644\u062a\u064a \u062a\u0624\u062b\u0631 \u0639\u0644\u0649 \u062c\u0648\u0627\u0632 \u0627\u0644\u0633\u0641\u0631 \u0648\u062d\u0642\u0648\u0642 \u0627\u0644\u0625\u0642\u0627\u0645\u0629 \u0644\u0644\u0623\u062c\u0627\u0646\u0628.<\/p>\n<p>\u062a\u0645\u062a\u062f \u0645\u0633\u0624\u0648\u0644\u064a\u0629 \u0633\u0644\u0637\u0629 \u0627\u0644\u0623\u062c\u0627\u0646\u0628 \u0623\u064a\u0636\u064b\u0627 \u0625\u0644\u0649 \u0627\u0644\u0639\u062f\u064a\u062f \u0645\u0646 \u0627\u0644\u0645\u0647\u0627\u0645 \u0627\u0644\u0623\u062e\u0631\u0649. \u064a\u062e\u062a\u0644\u0641 \u0646\u0648\u0639 \u0648\u0645\u062f\u0629 \u062a\u0635\u0631\u064a\u062d \u0627\u0644\u0625\u0642\u0627\u0645\u0629 \u0627\u062e\u062a\u0644\u0627\u0641\u064b\u0627 \u0643\u0628\u064a\u0631\u064b\u0627. \u064a\u062a\u0645 \u0645\u0646\u062d \u0627\u0644\u0628\u0639\u0636 \u0645\u0647\u0644\u0629 \u0632\u0645\u0646\u064a\u0629 \u060c \u0648\u0627\u0644\u0628\u0639\u0636 \u0627\u0644\u0622\u062e\u0631 \u064a\u064f\u062d\u0631\u0645 \u0645\u0646 \u062a\u0635\u0631\u064a\u062d \u0627\u0644\u0625\u0642\u0627\u0645\u0629 \u0648\u064a\u062a\u0645 \u0645\u0646\u062d\u0647\u0645 \u062a\u0635\u0631\u064a\u062d \u062e\u0631\u0648\u062c \u0628\u0645\u0648\u062c\u0628 \u0642\u0627\u0646\u0648\u0646 \u0627\u0644\u0625\u0642\u0627\u0645\u0629.<\/p>\n<p>\u0633\u0644\u0637\u0627\u062a \u0627\u0644\u0647\u062c\u0631\u0629 \u0645\u0633\u0624\u0648\u0644\u0629 \u0623\u064a\u0636\u064b\u0627 \u0639\u0646 \u0637\u0627\u0644\u0628\u064a \u0627\u0644\u0644\u062c\u0648\u0621 \u0648\u0627\u0644\u0645\u0634\u0631\u062f\u064a\u0646. \u0623\u0646\u062a \u0645\u0646 \u064a\u0642\u0631\u0631 <a href=\"https:\/\/auslaenderbehoerde.org\/ar\/\u062a\u0635\u0631\u064a\u062d-\u0627\u0644\u0625\u0642\u0627\u0645\u0629\/\">\u062a\u0635\u0631\u064a\u062d \u0627\u0644\u0625\u0642\u0627\u0645\u0629<\/a> \u0648\u0625\u0635\u062f\u0627\u0631\u0647\u0627 \u0625\u0630\u0627 \u0643\u0627\u0646 \u0627\u0644\u0642\u0631\u0627\u0631 \u0625\u064a\u062c\u0627\u0628\u064a\u0627.<\/p>\n<p><strong>\u0641\u064a\u0645\u0627 \u064a\u0644\u064a \u0646\u0638\u0631\u0629 \u0639\u0627\u0645\u0629 \u0639\u0644\u0649 \u0645\u0633\u0624\u0648\u0644\u064a\u0627\u062a \u0633\u0644\u0637\u0627\u062a \u0627\u0644\u0647\u062c\u0631\u0629:<\/strong><\/p>\n<ul style=\"list-style-type: circle;\">\n<li>\u0645\u0633\u0627\u0639\u062f\u0629 \u0627\u0644\u0644\u0627\u062c\u0626\u064a\u0646<\/li>\n<li>\u0627\u0644\u0631\u0639\u0627\u064a\u0629 \u0627\u0644\u0627\u062c\u062a\u0645\u0627\u0639\u064a\u0629<\/li>\n<li>\u062f\u0648\u0631\u0627\u062a \u0627\u0644\u0627\u0646\u062f\u0645\u0627\u062c<\/li>\n<li>\u062a\u0646\u0638\u064a\u0645 \u0648\u0627\u0644\u0645\u0648\u0627\u0641\u0642\u0629 \u0639\u0644\u0649 \u0627\u0644\u062f\u062e\u0648\u0644 \u0648\u0627\u0644\u0625\u0642\u0627\u0645\u0629 \u0641\u064a \u0623\u0644\u0645\u0627\u0646\u064a\u0627<\/li>\n<li>\u0627\u0633\u062a\u062d\u0642\u0627\u0642 \u0627\u0644\u0645\u0646\u0641\u0639\u0629<\/li>\n<li>\u0627\u0644\u0633\u062f\u0627\u062f \u0648\u0627\u0644\u0631\u0639\u0627\u064a\u0629 \u0627\u0644\u0635\u062d\u064a\u0629<\/li>\n<li>\u0627\u0644\u0623\u062d\u0648\u0627\u0644 \u0627\u0644\u0645\u062f\u0646\u064a\u0629<\/li>\n<li>\u0625\u0639\u0644\u0627\u0646 \u0627\u0644\u0627\u0644\u062a\u0632\u0627\u0645<\/li>\n<li>\u062e\u064a\u0627\u0631\u0627\u062a \u0627\u0644\u0625\u0642\u0627\u0645\u0629<\/li>\n<li>\u062a\u0633\u062c\u064a\u0644<\/li>\n<li>\u0625\u062c\u0631\u0627\u0621\u0627\u062a \u0627\u0644\u0644\u062c\u0648\u0621<\/li>\n<\/ul>\n<h3>\u0643\u064a\u0641 \u064a\u0645\u0643\u0646\u0646\u064a \u062a\u062d\u062f\u064a\u062f \u0645\u0648\u0639\u062f \u0645\u0639 \u0645\u0643\u062a\u0628 \u0627\u0644\u0647\u062c\u0631\u0629 <span id=\"Wie_kann_ich_einen_Termin_beim_Jugendamt_vereinbaren\">\u064a\u0648\u0627\u0641\u0642 \u0639\u0644\u0649\u061f<\/span><\/h3>\n<p>\u0647\u0646\u0627\u0643 \u0639\u062f\u0629 \u0637\u0631\u0642 \u0644\u062a\u062d\u062f\u064a\u062f \u0645\u0648\u0639\u062f \u0641\u064a \u0645\u0643\u062a\u0628 \u0627\u0644\u0647\u062c\u0631\u0629. \u064a\u0645\u0643\u0646 \u0639\u0627\u062f\u0629\u064b \u0627\u0644\u0648\u0635\u0648\u0644 \u0625\u0644\u0649 \u0627\u0644\u0645\u0643\u0627\u062a\u0628 \u0634\u062e\u0635\u064a\u064b\u0627 \u0623\u0648 \u0639\u0628\u0631 \u0627\u0644\u0647\u0627\u062a\u0641 \u0623\u0648 \u0627\u0644\u0628\u0631\u064a\u062f \u0627\u0644\u0625\u0644\u0643\u062a\u0631\u0648\u0646\u064a \u0623\u0648 \u0639\u0628\u0631 \u0627\u0644\u0625\u0646\u062a\u0631\u0646\u062a. \u064a\u0645\u0643\u0646 \u0627\u0644\u0627\u0637\u0644\u0627\u0639 \u0639\u0644\u0649 \u0627\u0644\u0639\u0646\u0648\u0627\u0646 \u0648\u0645\u0648\u0627\u0639\u064a\u062f \u0627\u0644\u0639\u0645\u0644 \u0639\u0628\u0631 \u0627\u0644\u0625\u0646\u062a\u0631\u0646\u062a. \u0641\u064a \u0628\u0639\u0636 \u0627\u0644\u0645\u062f\u0646 \u060c \u064a\u0645\u0643\u0646\u0643 \u062a\u062d\u062f\u064a\u062f \u0645\u0648\u0639\u062f \u0639\u0628\u0631 \u0628\u0648\u0627\u0628\u0629 \u062e\u062f\u0645\u0629 \u0627\u0644\u0645\u062f\u064a\u0646\u0629 \u0648\u062a\u0646\u0632\u064a\u0644 \u0627\u0644\u0646\u0645\u0627\u0630\u062c \u0639\u0628\u0631 \u0627\u0644\u0625\u0646\u062a\u0631\u0646\u062a. \u062a\u0623\u0643\u062f \u0645\u0646 \u0627\u0633\u062a\u0643\u0645\u0627\u0644 \u062c\u0645\u064a\u0639 \u0627\u0644\u0645\u0633\u062a\u0646\u062f\u0627\u062a \u0627\u0644\u0644\u0627\u0632\u0645\u0629 \u0642\u0628\u0644 \u0632\u064a\u0627\u0631\u0629 \u0627\u0644\u0648\u0643\u0627\u0644\u0629.<\/p>\n<div class=\"su-note\"  style=\"border-color:#d1d1d0;border-radius:3px;-moz-border-radius:3px;-webkit-border-radius:3px;\"><div class=\"su-note-inner su-u-clearfix su-u-trim\" style=\"background-color:#ebebea;border-color:#ffffff;color:#444444;border-radius:3px;-moz-border-radius:3px;-webkit-border-radius:3px;\"><b>\u0645\u0644\u0627\u062d\u0638\u0629: <\/b>\u0644\u0644\u0645\u0643\u0627\u062a\u0628 \u0648\u0627\u0644\u0633\u0644\u0637\u0627\u062a \u060c \u0639\u0627\u062f\u0629 \u0645\u0627 \u062a\u062d\u062a\u0627\u062c \u0625\u0644\u0649 \u0627\u0644\u0645\u0633\u062a\u0646\u062f\u0627\u062a \u0623\u0648 \u0627\u0644\u0634\u0647\u0627\u062f\u0627\u062a \u0643\u0645\u0627 <a href=\"https:\/\/tidd.ly\/3y8DKdr\" target=\"_blank\" rel=\"noopener\">\u062a\u0631\u062c\u0645\u0629 \u0645\u0639\u062a\u0645\u062f\u0629<\/a>*.<\/div><\/div>\n<p><strong>\u0647\u0644 \u062a\u062a\u0648\u0642\u0639 \u0632\u0648\u0627\u0631\u0627 \u0645\u0646 \u0627\u0644\u062e\u0627\u0631\u062c\u061f<\/strong> \u0645\u0639 <a href=\"https:\/\/auslaenderbehoerde.org\/ar\/\u062a\u0623\u0645\u064a\u0646-\u0627\u0644\u0633\u0641\u0631-\u0644\u0644\u0636\u064a\u0648\u0641-\u0627\u0644\u0623\u062c\u0627\u0646\u0628\/\">\u062a\u0623\u0645\u064a\u0646 \u0627\u0644\u0633\u0641\u0631 \u0644\u0644\u0636\u064a\u0648\u0641 \u0627\u0644\u0623\u062c\u0627\u0646\u0628<\/a> \u0627\u0644\u0627\u0633\u062a\u0641\u0627\u062f\u0629 \u0645\u0646 \u0627\u0644\u062d\u0645\u0627\u064a\u0629 \u0627\u0644\u0634\u0627\u0645\u0644\u0629 \u0641\u064a \u0623\u0644\u0645\u0627\u0646\u064a\u0627 \u0648\u0623\u0648\u0631\u0648\u0628\u0627.<\/p>\n<h3>\u0645\u0632\u064a\u062f \u0645\u0646 \u0633\u0644\u0637\u0627\u062a \u0627\u0644\u0647\u062c\u0631\u0629 \u0648\u0627\u0644\u0645\u0639\u0644\u0648\u0645\u0627\u062a<\/h3>\n<ul style=\"list-style-type: circle;\">\n<li><a href=\"https:\/\/auslaenderbehoerde.org\/ar\/\u0633\u0644\u0637\u0627\u062a-\u0627\u0644\u0647\u062c\u0631\u0629-\u0641\u064a-\u0628\u0627\u062f\u0646-\u0641\u0648\u0631\u062a\u0645\u0628\u064a\u0631\u063a\/\">\u0633\u0644\u0637\u0627\u062a \u0627\u0644\u0647\u062c\u0631\u0629 \u0641\u064a \u0628\u0627\u062f\u0646 \u0641\u0648\u0631\u062a\u0645\u0628\u064a\u0631\u063a<\/a><\/li>\n<li><a href=\"https:\/\/auslaenderbehoerde.org\/ar\/\">\u0633\u0644\u0637\u0627\u062a \u0627\u0644\u0647\u062c\u0631\u0629 \u0641\u064a \u0623\u0644\u0645\u0627\u0646\u064a\u0627<\/a><\/li>\n<li><a href=\"https:\/\/auslaenderbehoerde.org\/ar\/\u0627\u0644\u062e\u0637\u0648\u0627\u062a-\u0627\u0644\u0623\u0648\u0644\u0649-\u0641\u064a-\u0623\u0644\u0645\u0627\u0646\u064a\u0627\/\" data-wpel-link=\"internal\">\u0627\u0644\u062e\u0637\u0648\u0627\u062a \u0627\u0644\u0623\u0648\u0644\u0649 \u0641\u064a \u0623\u0644\u0645\u0627\u0646\u064a\u0627<\/a><\/li>\n<\/ul>","protected":false},"excerpt":{"rendered":"<p>\u0633\u062a\u062c\u062f \u0647\u0646\u0627 \u062e\u064a\u0627\u0631\u0627\u062a \u0627\u0644\u0627\u062a\u0635\u0627\u0644 \u0627\u0644\u0645\u062e\u062a\u0644\u0641\u0629 \u0648\u0627\u0644\u0645\u0639\u0644\u0648\u0645\u0627\u062a \u0627\u0644\u0645\u0641\u064a\u062f\u0629 \u0627\u0644\u0623\u062e\u0631\u0649 \u0644\u0645\u0643\u062a\u0628 \u0627\u0644\u0647\u062c\u0631\u0629 \u0641\u064a \u0634\u0641\u064a\u0628\u064a\u0634 \u0647\u0627\u0644\u060c \u0628\u0627\u062f\u0646 \u0641\u0648\u0631\u062a\u0645\u0628\u064a\u0631\u063a. \u0627\u0644\u0639\u0646\u0648\u0627\u0646: \u0645\u0643\u062a\u0628 \u0627\u0644\u0647\u062c\u0631\u0629 Schw\u00e4bisch Hall\u060c Gymnasiumstra\u00dfe 2\u060c 74523 Schw\u00e4bisch Hall. \u0627\u0644\u0647\u0627\u062a\u0641: +49 791 751480. \u0627\u0644\u0641\u0627\u0643\u0633: +49 791 751409. \u0627\u0644\u0645\u0648\u0642\u0639 \u0627\u0644\u0625\u0644\u0643\u062a\u0631\u0648\u0646\u064a: www.schwaebischhall.de. \u0633\u0627\u0639\u0627\u062a \u0627\u0644\u0639\u0645\u0644: \u0627\u0646\u0638\u0631 \u0627\u0644\u0645\u0648\u0642\u0639. \u0645\u0633\u0624\u0648\u0644\u064a\u0627\u062a \u0645\u0643\u062a\u0628 \u0627\u0644\u0647\u062c\u0631\u0629 \u0634\u0641\u064a\u0628\u064a\u0634 \u0647\u0627\u0644: \u0645\u0643\u062a\u0628 \u0627\u0644\u0647\u062c\u0631\u0629 \u0634\u0641\u064a\u0628\u064a\u0634 \u0647\u0627\u0644 \u0647\u0648 \u0627\u0644\u0645\u0633\u0624\u0648\u0644 \u0639\u0646 \u0627\u0644\u0645\u0642\u064a\u0645\u064a\u0646 \u0641\u064a \u0634\u0641\u064a\u0628\u064a\u0634 \u0647\u0627\u0644 \u0648...&nbsp;<a href=\"https:\/\/auslaenderbehoerde.org\/ar\/\u0633\u0644\u0637\u0629-\u0627\u0644\u0647\u062c\u0631\u0629-\u0642\u0627\u0639\u0629-\u0634\u0648\u064a\u0628\u0634\/\" rel=\"bookmark\">\u0627\u0642\u0631\u0623 \u0627\u0644\u0645\u0632\u064a\u062f \u00bb<span class=\"screen-reader-text\">\u0645\u0643\u062a\u0628 \u0627\u0644\u0647\u062c\u0631\u0629 \u0634\u0641\u064a\u0628\u064a\u0634 \u0647\u0648\u0644<\/span><\/a><\/p>","protected":false},"author":1,"featured_media":0,"parent":0,"menu_order":0,"comment_status":"closed","ping_status":"closed","template":"","meta":{"neve_meta_sidebar":"","neve_meta_container":"","neve_meta_enable_content_width":"off","neve_meta_content_width":100,"neve_meta_title_alignment":"","neve_meta_author_avatar":"","neve_post_elements_order":"","neve_meta_disable_header":"","neve_meta_disable_footer":"","neve_meta_disable_title":"","neve_meta_reading_time":"","footnotes":""},"class_list":["post-424","page","type-page","status-publish","hentry"],"yoast_head":"<!-- This site is optimized with the Yoast SEO plugin v26.6 - https:\/\/yoast.com\/wordpress\/plugins\/seo\/ -->\n<title>Ausl\u00e4nderbeh\u00f6rde Schw\u00e4bisch Hall | Adresse und Kontaktdaten<\/title>\n<meta name=\"description\" content=\"Ausl\u00e4nderbeh\u00f6rde Schw\u00e4bisch Hall | Hier finden Sie alle Informationen wie Adresse und Anschrift \u2713 Telefonnummer, Kontakt und \u00d6ffnungszeiten\" \/>\n<meta name=\"robots\" content=\"index, follow, max-snippet:-1, max-image-preview:large, max-video-preview:-1\" \/>\n<link rel=\"canonical\" href=\"https:\/\/auslaenderbehoerde.org\/ar\/\u0633\u0644\u0637\u0629-\u0627\u0644\u0647\u062c\u0631\u0629-\u0642\u0627\u0639\u0629-\u0634\u0648\u064a\u0628\u0634\/\" \/>\n<meta property=\"og:locale\" content=\"ar_AR\" \/>\n<meta property=\"og:type\" content=\"article\" \/>\n<meta property=\"og:title\" content=\"Ausl\u00e4nderbeh\u00f6rde Schw\u00e4bisch Hall | Adresse und Kontaktdaten\" \/>\n<meta property=\"og:description\" content=\"Ausl\u00e4nderbeh\u00f6rde Schw\u00e4bisch Hall | Hier finden Sie alle Informationen wie Adresse und Anschrift \u2713 Telefonnummer, Kontakt und \u00d6ffnungszeiten\" \/>\n<meta property=\"og:url\" content=\"https:\/\/auslaenderbehoerde.org\/ar\/\u0633\u0644\u0637\u0629-\u0627\u0644\u0647\u062c\u0631\u0629-\u0642\u0627\u0639\u0629-\u0634\u0648\u064a\u0628\u0634\/\" \/>\n<meta property=\"og:site_name\" content=\"auslaenderbehoerde.org\" \/>\n<meta name=\"twitter:card\" content=\"summary_large_image\" \/>\n<meta name=\"twitter:label1\" content=\"\u0648\u0642\u062a \u0627\u0644\u0642\u0631\u0627\u0621\u0629 \u0627\u0644\u0645\u064f\u0642\u062f\u0651\u0631\" \/>\n\t<meta name=\"twitter:data1\" content=\"\u062f\u0642\u064a\u0642\u062a\u0627\u0646\" \/>\n<script type=\"application\/ld+json\" class=\"yoast-schema-graph\">{\"@context\":\"https:\/\/schema.org\",\"@graph\":[{\"@type\":\"WebPage\",\"@id\":\"https:\/\/auslaenderbehoerde.org\/auslaenderbehoerde-schwaebisch-hall\/\",\"url\":\"https:\/\/auslaenderbehoerde.org\/auslaenderbehoerde-schwaebisch-hall\/\",\"name\":\"Ausl\u00e4nderbeh\u00f6rde Schw\u00e4bisch Hall | Adresse und Kontaktdaten\",\"isPartOf\":{\"@id\":\"https:\/\/auslaenderbehoerde.org\/#website\"},\"datePublished\":\"2022-07-05T14:14:56+00:00\",\"description\":\"Ausl\u00e4nderbeh\u00f6rde Schw\u00e4bisch Hall | Hier finden Sie alle Informationen wie Adresse und Anschrift \u2713 Telefonnummer, Kontakt und \u00d6ffnungszeiten\",\"breadcrumb\":{\"@id\":\"https:\/\/auslaenderbehoerde.org\/auslaenderbehoerde-schwaebisch-hall\/#breadcrumb\"},\"inLanguage\":\"ar\",\"potentialAction\":[{\"@type\":\"ReadAction\",\"target\":[\"https:\/\/auslaenderbehoerde.org\/auslaenderbehoerde-schwaebisch-hall\/\"]}]},{\"@type\":\"BreadcrumbList\",\"@id\":\"https:\/\/auslaenderbehoerde.org\/auslaenderbehoerde-schwaebisch-hall\/#breadcrumb\",\"itemListElement\":[{\"@type\":\"ListItem\",\"position\":1,\"name\":\"Startseite\",\"item\":\"https:\/\/auslaenderbehoerde.org\/\"},{\"@type\":\"ListItem\",\"position\":2,\"name\":\"Ausl\u00e4nderbeh\u00f6rde Schw\u00e4bisch Hall\"}]},{\"@type\":\"WebSite\",\"@id\":\"https:\/\/auslaenderbehoerde.org\/#website\",\"url\":\"https:\/\/auslaenderbehoerde.org\/\",\"name\":\"auslaenderbehoerde.org\",\"description\":\"\",\"potentialAction\":[{\"@type\":\"SearchAction\",\"target\":{\"@type\":\"EntryPoint\",\"urlTemplate\":\"https:\/\/auslaenderbehoerde.org\/?s={search_term_string}\"},\"query-input\":{\"@type\":\"PropertyValueSpecification\",\"valueRequired\":true,\"valueName\":\"search_term_string\"}}],\"inLanguage\":\"ar\"}]}<\/script>\n<!-- \/ Yoast SEO plugin. -->","yoast_head_json":{"title":"\u0645\u0643\u062a\u0628 \u0627\u0644\u0647\u062c\u0631\u0629 \u0634\u0641\u064a\u0628\u064a\u0634 \u0647\u0648\u0644 | \u0627\u0644\u0639\u0646\u0648\u0627\u0646 \u0648\u062a\u0641\u0627\u0635\u064a\u0644 \u0627\u0644\u0627\u062a\u0635\u0627\u0644","description":"\u0645\u0643\u062a\u0628 \u0627\u0644\u0647\u062c\u0631\u0629 \u0634\u0641\u064a\u0628\u064a\u0634 \u0647\u0648\u0644 | \u0633\u062a\u062c\u062f \u0647\u0646\u0627 \u062c\u0645\u064a\u0639 \u0627\u0644\u0645\u0639\u0644\u0648\u0645\u0627\u062a \u0645\u062b\u0644 \u0627\u0644\u0639\u0646\u0648\u0627\u0646 \u0648\u0627\u0644\u0639\u0646\u0648\u0627\u0646 \u0648\u0631\u0642\u0645 \u0627\u0644\u0647\u0627\u062a\u0641 \u0648\u0627\u0644\u0627\u062a\u0635\u0627\u0644 \u0648\u0645\u0648\u0627\u0639\u064a\u062f \u0627\u0644\u0639\u0645\u0644","robots":{"index":"index","follow":"follow","max-snippet":"max-snippet:-1","max-image-preview":"max-image-preview:large","max-video-preview":"max-video-preview:-1"},"canonical":"https:\/\/auslaenderbehoerde.org\/ar\/\u0633\u0644\u0637\u0629-\u0627\u0644\u0647\u062c\u0631\u0629-\u0642\u0627\u0639\u0629-\u0634\u0648\u064a\u0628\u0634\/","og_locale":"ar_AR","og_type":"article","og_title":"Ausl\u00e4nderbeh\u00f6rde Schw\u00e4bisch Hall | Adresse und Kontaktdaten","og_description":"Ausl\u00e4nderbeh\u00f6rde Schw\u00e4bisch Hall | Hier finden Sie alle Informationen wie Adresse und Anschrift \u2713 Telefonnummer, Kontakt und \u00d6ffnungszeiten","og_url":"https:\/\/auslaenderbehoerde.org\/ar\/\u0633\u0644\u0637\u0629-\u0627\u0644\u0647\u062c\u0631\u0629-\u0642\u0627\u0639\u0629-\u0634\u0648\u064a\u0628\u0634\/","og_site_name":"auslaenderbehoerde.org","twitter_card":"summary_large_image","twitter_misc":{"\u0648\u0642\u062a \u0627\u0644\u0642\u0631\u0627\u0621\u0629 \u0627\u0644\u0645\u064f\u0642\u062f\u0651\u0631":"\u062f\u0642\u064a\u0642\u062a\u0627\u0646"},"schema":{"@context":"https:\/\/schema.org","@graph":[{"@type":"WebPage","@id":"https:\/\/auslaenderbehoerde.org\/auslaenderbehoerde-schwaebisch-hall\/","url":"https:\/\/auslaenderbehoerde.org\/auslaenderbehoerde-schwaebisch-hall\/","name":"\u0645\u0643\u062a\u0628 \u0627\u0644\u0647\u062c\u0631\u0629 \u0634\u0641\u064a\u0628\u064a\u0634 \u0647\u0648\u0644 | \u0627\u0644\u0639\u0646\u0648\u0627\u0646 \u0648\u062a\u0641\u0627\u0635\u064a\u0644 \u0627\u0644\u0627\u062a\u0635\u0627\u0644","isPartOf":{"@id":"https:\/\/auslaenderbehoerde.org\/#website"},"datePublished":"2022-07-05T14:14:56+00:00","description":"\u0645\u0643\u062a\u0628 \u0627\u0644\u0647\u062c\u0631\u0629 \u0634\u0641\u064a\u0628\u064a\u0634 \u0647\u0648\u0644 | \u0633\u062a\u062c\u062f \u0647\u0646\u0627 \u062c\u0645\u064a\u0639 \u0627\u0644\u0645\u0639\u0644\u0648\u0645\u0627\u062a \u0645\u062b\u0644 \u0627\u0644\u0639\u0646\u0648\u0627\u0646 \u0648\u0627\u0644\u0639\u0646\u0648\u0627\u0646 \u0648\u0631\u0642\u0645 \u0627\u0644\u0647\u0627\u062a\u0641 \u0648\u0627\u0644\u0627\u062a\u0635\u0627\u0644 \u0648\u0645\u0648\u0627\u0639\u064a\u062f \u0627\u0644\u0639\u0645\u0644","breadcrumb":{"@id":"https:\/\/auslaenderbehoerde.org\/auslaenderbehoerde-schwaebisch-hall\/#breadcrumb"},"inLanguage":"ar","potentialAction":[{"@type":"ReadAction","target":["https:\/\/auslaenderbehoerde.org\/auslaenderbehoerde-schwaebisch-hall\/"]}]},{"@type":"BreadcrumbList","@id":"https:\/\/auslaenderbehoerde.org\/auslaenderbehoerde-schwaebisch-hall\/#breadcrumb","itemListElement":[{"@type":"ListItem","position":1,"name":"Startseite","item":"https:\/\/auslaenderbehoerde.org\/"},{"@type":"ListItem","position":2,"name":"Ausl\u00e4nderbeh\u00f6rde Schw\u00e4bisch Hall"}]},{"@type":"WebSite","@id":"https:\/\/auslaenderbehoerde.org\/#website","url":"https:\/\/auslaenderbehoerde.org\/","name":"auslaenderbehoerde.org","description":"","potentialAction":[{"@type":"SearchAction","target":{"@type":"EntryPoint","urlTemplate":"https:\/\/auslaenderbehoerde.org\/?s={search_term_string}"},"query-input":{"@type":"PropertyValueSpecification","valueRequired":true,"valueName":"search_term_string"}}],"inLanguage":"ar"}]}},"_links":{"self":[{"href":"https:\/\/auslaenderbehoerde.org\/ar\/wp-json\/wp\/v2\/pages\/424","targetHints":{"allow":["GET"]}}],"collection":[{"href":"https:\/\/auslaenderbehoerde.org\/ar\/wp-json\/wp\/v2\/pages"}],"about":[{"href":"https:\/\/auslaenderbehoerde.org\/ar\/wp-json\/wp\/v2\/types\/page"}],"author":[{"embeddable":true,"href":"https:\/\/auslaenderbehoerde.org\/ar\/wp-json\/wp\/v2\/users\/1"}],"replies":[{"embeddable":true,"href":"https:\/\/auslaenderbehoerde.org\/ar\/wp-json\/wp\/v2\/comments?post=424"}],"version-history":[{"count":1,"href":"https:\/\/auslaenderbehoerde.org\/ar\/wp-json\/wp\/v2\/pages\/424\/revisions"}],"predecessor-version":[{"id":425,"href":"https:\/\/auslaenderbehoerde.org\/ar\/wp-json\/wp\/v2\/pages\/424\/revisions\/425"}],"wp:attachment":[{"href":"https:\/\/auslaenderbehoerde.org\/ar\/wp-json\/wp\/v2\/media?parent=424"}],"curies":[{"name":"\u0648\u0648\u0631\u062f\u0628\u0631\u064a\u0633","href":"https:\/\/api.w.org\/{rel}","templated":true}]}}