{"id":143,"date":"2022-06-28T14:11:47","date_gmt":"2022-06-28T12:11:47","guid":{"rendered":"https:\/\/auslaenderbehoerde.org\/?page_id=143"},"modified":"2022-07-07T16:49:29","modified_gmt":"2022-07-07T14:49:29","slug":"reiseversicherung-fuer-auslaendische-gaeste","status":"publish","type":"page","link":"https:\/\/auslaenderbehoerde.org\/en\/travel-insurance-for-foreign-guests\/","title":{"rendered":"Travel insurance for foreign guests"},"content":{"rendered":"<p><img decoding=\"async\" class=\"aligncenter wp-image-218 size-full\" src=\"https:\/\/auslaenderbehoerde.org\/wp-content\/uploads\/2022\/07\/insurance-gaed63b78b_640.jpg\" alt=\"Travel insurance for foreign guests\" width=\"640\" height=\"450\" srcset=\"https:\/\/auslaenderbehoerde.org\/wp-content\/uploads\/2022\/07\/insurance-gaed63b78b_640.jpg 640w, https:\/\/auslaenderbehoerde.org\/wp-content\/uploads\/2022\/07\/insurance-gaed63b78b_640-300x211.jpg 300w\" sizes=\"(max-width: 640px) 100vw, 640px\" \/><\/p>\n<p><strong>Foreign guests<\/strong>who are invited to Germany by relatives or acquaintances over a longer period of time must be comprehensively insured. So that there is no financial damage to the host country and the inviters, one <strong>commitment declaration<\/strong> are not financially overwhelmed, you need travel insurance for foreign guests. Our recommendation - <a href=\"https:\/\/www.awin1.com\/cread.php?awinmid=20468&amp;awinaffid=384383&amp;ued=https%3A%2F%2Fwww.allianz-reiseversicherung.de%2Fde_DE%2Fincoming-krankenversicherung.html\" target=\"_blank\" rel=\"noopener\">Allianz incoming health insurance<\/a>* \u2013 For visitors from abroad.<\/p>\n<h2>What is travel insurance for foreign guests or incoming insurance?<\/h2>\n<p>As soon as guests or visitors travel to the EU, the Schengen countries (Switzerland \/ Liechtenstein), explicitly Germany and a <a href=\"https:\/\/auslaenderbehoerde.org\/en\/commitment-declaration\/\">commitment declaration<\/a> exists, they also need comprehensive insurance cover. Not only do you need health insurance, you also need accident and liability insurance. This is the only way to avoid significant costs and financial claims from third parties.<\/p>\n<p>Travel insurance for foreign guests is relatively inexpensive. Depending on the offer and the extent to which the costs are covered, the insurance only costs around 1 euro per person per day. The medical costs incurred after an accident or illness in Germany and in all other EU countries, including Switzerland and Liechtenstein, are covered by the insurance company. A document proving the conclusion of an incoming insurance policy should be relevant with all other documents <a href=\"https:\/\/auslaenderbehoerde.org\/en\/\">foreigners Authority<\/a> be submitted.<\/p>\n<h2>What services are included in incoming insurance?<\/h2>\n<p>All expenses covered by travel insurance for overseas guests must be documented and documented. The following benefits are insured in the area of illnesses and accidents:<\/p>\n<ul style=\"list-style-type: circle;\">\n<li>Outpatient treatment in medical practices<\/li>\n<li>Ambulance transport to the nearest hospital (and back if no inpatient admission takes place)<\/li>\n<li>inpatient hospital treatment without optional services<\/li>\n<li>Post-hospital treatment<\/li>\n<li>simple tooth fillings and pain-relieving dental treatments<\/li>\n<li>existing dentures can be repaired<\/li>\n<li>Medically ordered return transport to the home country<\/li>\n<li>in the event of death, the transfer including funeral costs will be covered by the insurance up to an agreed upper limit<\/li>\n<\/ul>\n<p>The cost of incoming insurance can vary as there are different providers to choose from. A deductible per case of treatment is not excluded and is contractually confirmed and secured when the contract is concluded. Travel insurance for foreign guests can only be taken out up to a certain age.<\/p>\n<p>When applying for insurance cover, an insurance certificate is issued by the respective insurance company, which is submitted to the immigration authorities and enclosed with the personal documents for the visa application. In addition to health insurance, personal liability and accident insurance are included in the insurance. It is worth comparing offers from different insurance companies.<\/p>\n<p>The amount of the insurance premium can vary depending on age and pre-existing conditions. In order for the incoming insurance to be taken out with as little risk as possible for the insurer, any previous illnesses and other personal information must be given in the application. More extensive treatments are usually excluded in the area of pre-existing conditions. Incoming insurance is solid health, accident and liability insurance that covers the worst risks. However, intensive medical treatment of existing diseases is excluded.<\/p>\n<p>Incoming insurance is a <strong>private insurance<\/strong>, which must be completed privately. The statutes can be worded differently, but correspond to the requirements and specifications of the immigration authorities. If you are not sure whether the selected provider of an incoming insurance is the right choice, you should inquire again with your responsible foreigners authority before taking out the insurance. If the answer is positive, you can take out the incoming insurance of your choice with a clear conscience.<\/p>\n<div class=\"su-button-center\"><a href=\"https:\/\/tidd.ly\/3P5FWJs\" class=\"su-button su-button-style-default\" style=\"color:#FFFFFF;background-color:#ef982d;border-color:#c07a24;border-radius:9px\" target=\"_blank\" rel=\"nofollow\"><span style=\"color:#FFFFFF;padding:8px 24px;font-size:18px;line-height:27px;border-color:#f4b76c;border-radius:9px;text-shadow:none\"><i class=\"sui sui-hand-o-right\" style=\"font-size:18px;color:#FFFFFF\"><\/i> Allianz Incoming Health Insurance *<\/span><\/a><\/div>\n<h3 id=\"customheading6\"><strong>Related Links\u00a0<\/strong><\/h3>\n<ul>\n<li><a href=\"https:\/\/auslaenderbehoerde.org\/en\/first-steps-in-germany\/\" data-wpel-link=\"internal\">First steps in Germany<\/a><\/li>\n<\/ul>","protected":false},"excerpt":{"rendered":"<p>Foreign guests who are invited to Germany by relatives or acquaintances for a longer period of time must be comprehensively insured. To ensure that the host country does not suffer any financial damage and that the inviters who have submitted a declaration of commitment are not financially overwhelmed, you need travel insurance for foreign guests. Our recommendation \u2013 Allianz Incoming health insurance* \u2013 For visitors\u2026&nbsp;<a href=\"https:\/\/auslaenderbehoerde.org\/en\/travel-insurance-for-foreign-guests\/\" rel=\"bookmark\">ReadMore \u00bb<span class=\"screen-reader-text\">Travel insurance for foreign guests<\/span><\/a><\/p>","protected":false},"author":1,"featured_media":218,"parent":0,"menu_order":0,"comment_status":"closed","ping_status":"closed","template":"","meta":{"neve_meta_sidebar":"","neve_meta_container":"","neve_meta_enable_content_width":"off","neve_meta_content_width":100,"neve_meta_title_alignment":"","neve_meta_author_avatar":"","neve_post_elements_order":"","neve_meta_disable_header":"","neve_meta_disable_footer":"","neve_meta_disable_title":"","neve_meta_reading_time":"","footnotes":""},"class_list":["post-143","page","type-page","status-publish","has-post-thumbnail","hentry"],"yoast_head":"<!-- This site is optimized with the Yoast SEO plugin v26.6 - https:\/\/yoast.com\/wordpress\/plugins\/seo\/ -->\n<title>Reiseversicherung f\u00fcr ausl\u00e4ndische G\u00e4ste - Auslaenderbehoerde.org<\/title>\n<meta name=\"description\" content=\"Eine Reiseversicherung f\u00fcr ausl\u00e4ndische G\u00e4ste sch\u00fctzt Sie vor hohen Kosten w\u00e4hrend Ihres Aufenthaltes in Deutschland.\" \/>\n<meta name=\"robots\" content=\"index, follow, max-snippet:-1, max-image-preview:large, max-video-preview:-1\" \/>\n<link rel=\"canonical\" href=\"https:\/\/auslaenderbehoerde.org\/en\/travel-insurance-for-foreign-guests\/\" \/>\n<meta property=\"og:locale\" content=\"en_US\" \/>\n<meta property=\"og:type\" content=\"article\" \/>\n<meta property=\"og:title\" content=\"Reiseversicherung f\u00fcr ausl\u00e4ndische G\u00e4ste - Auslaenderbehoerde.org\" \/>\n<meta property=\"og:description\" content=\"Eine Reiseversicherung f\u00fcr ausl\u00e4ndische G\u00e4ste sch\u00fctzt Sie vor hohen Kosten w\u00e4hrend Ihres Aufenthaltes in Deutschland.\" \/>\n<meta property=\"og:url\" content=\"https:\/\/auslaenderbehoerde.org\/en\/travel-insurance-for-foreign-guests\/\" \/>\n<meta property=\"og:site_name\" content=\"auslaenderbehoerde.org\" \/>\n<meta property=\"article:modified_time\" content=\"2022-07-07T14:49:29+00:00\" \/>\n<meta property=\"og:image\" content=\"https:\/\/auslaenderbehoerde.org\/wp-content\/uploads\/2022\/07\/insurance-gaed63b78b_640.jpg\" \/>\n\t<meta property=\"og:image:width\" content=\"640\" \/>\n\t<meta property=\"og:image:height\" content=\"450\" \/>\n\t<meta property=\"og:image:type\" content=\"image\/jpeg\" \/>\n<meta name=\"twitter:card\" content=\"summary_large_image\" \/>\n<meta name=\"twitter:label1\" content=\"Est. reading time\" \/>\n\t<meta name=\"twitter:data1\" content=\"3 minutes\" \/>\n<script type=\"application\/ld+json\" class=\"yoast-schema-graph\">{\"@context\":\"https:\/\/schema.org\",\"@graph\":[{\"@type\":\"WebPage\",\"@id\":\"https:\/\/auslaenderbehoerde.org\/reiseversicherung-fuer-auslaendische-gaeste\/\",\"url\":\"https:\/\/auslaenderbehoerde.org\/reiseversicherung-fuer-auslaendische-gaeste\/\",\"name\":\"Reiseversicherung f\u00fcr ausl\u00e4ndische G\u00e4ste - Auslaenderbehoerde.org\",\"isPartOf\":{\"@id\":\"https:\/\/auslaenderbehoerde.org\/#website\"},\"primaryImageOfPage\":{\"@id\":\"https:\/\/auslaenderbehoerde.org\/reiseversicherung-fuer-auslaendische-gaeste\/#primaryimage\"},\"image\":{\"@id\":\"https:\/\/auslaenderbehoerde.org\/reiseversicherung-fuer-auslaendische-gaeste\/#primaryimage\"},\"thumbnailUrl\":\"https:\/\/auslaenderbehoerde.org\/wp-content\/uploads\/2022\/07\/insurance-gaed63b78b_640.jpg\",\"datePublished\":\"2022-06-28T12:11:47+00:00\",\"dateModified\":\"2022-07-07T14:49:29+00:00\",\"description\":\"Eine Reiseversicherung f\u00fcr ausl\u00e4ndische G\u00e4ste sch\u00fctzt Sie vor hohen Kosten w\u00e4hrend Ihres Aufenthaltes in Deutschland.\",\"breadcrumb\":{\"@id\":\"https:\/\/auslaenderbehoerde.org\/reiseversicherung-fuer-auslaendische-gaeste\/#breadcrumb\"},\"inLanguage\":\"en-US\",\"potentialAction\":[{\"@type\":\"ReadAction\",\"target\":[\"https:\/\/auslaenderbehoerde.org\/reiseversicherung-fuer-auslaendische-gaeste\/\"]}]},{\"@type\":\"ImageObject\",\"inLanguage\":\"en-US\",\"@id\":\"https:\/\/auslaenderbehoerde.org\/reiseversicherung-fuer-auslaendische-gaeste\/#primaryimage\",\"url\":\"https:\/\/auslaenderbehoerde.org\/wp-content\/uploads\/2022\/07\/insurance-gaed63b78b_640.jpg\",\"contentUrl\":\"https:\/\/auslaenderbehoerde.org\/wp-content\/uploads\/2022\/07\/insurance-gaed63b78b_640.jpg\",\"width\":640,\"height\":450,\"caption\":\"Reiseversicherung f\u00fcr ausl\u00e4ndische G\u00e4ste\"},{\"@type\":\"BreadcrumbList\",\"@id\":\"https:\/\/auslaenderbehoerde.org\/reiseversicherung-fuer-auslaendische-gaeste\/#breadcrumb\",\"itemListElement\":[{\"@type\":\"ListItem\",\"position\":1,\"name\":\"Startseite\",\"item\":\"https:\/\/auslaenderbehoerde.org\/\"},{\"@type\":\"ListItem\",\"position\":2,\"name\":\"Reiseversicherung f\u00fcr ausl\u00e4ndische G\u00e4ste\"}]},{\"@type\":\"WebSite\",\"@id\":\"https:\/\/auslaenderbehoerde.org\/#website\",\"url\":\"https:\/\/auslaenderbehoerde.org\/\",\"name\":\"auslaenderbehoerde.org\",\"description\":\"\",\"potentialAction\":[{\"@type\":\"SearchAction\",\"target\":{\"@type\":\"EntryPoint\",\"urlTemplate\":\"https:\/\/auslaenderbehoerde.org\/?s={search_term_string}\"},\"query-input\":{\"@type\":\"PropertyValueSpecification\",\"valueRequired\":true,\"valueName\":\"search_term_string\"}}],\"inLanguage\":\"en-US\"}]}<\/script>\n<!-- \/ Yoast SEO plugin. -->","yoast_head_json":{"title":"Travel insurance for foreign guests - Auslaenderbehoerde.org","description":"Travel insurance for foreign guests protects you against high costs during your stay in Germany.","robots":{"index":"index","follow":"follow","max-snippet":"max-snippet:-1","max-image-preview":"max-image-preview:large","max-video-preview":"max-video-preview:-1"},"canonical":"https:\/\/auslaenderbehoerde.org\/en\/travel-insurance-for-foreign-guests\/","og_locale":"en_US","og_type":"article","og_title":"Reiseversicherung f\u00fcr ausl\u00e4ndische G\u00e4ste - Auslaenderbehoerde.org","og_description":"Eine Reiseversicherung f\u00fcr ausl\u00e4ndische G\u00e4ste sch\u00fctzt Sie vor hohen Kosten w\u00e4hrend Ihres Aufenthaltes in Deutschland.","og_url":"https:\/\/auslaenderbehoerde.org\/en\/travel-insurance-for-foreign-guests\/","og_site_name":"auslaenderbehoerde.org","article_modified_time":"2022-07-07T14:49:29+00:00","og_image":[{"width":640,"height":450,"url":"https:\/\/auslaenderbehoerde.org\/wp-content\/uploads\/2022\/07\/insurance-gaed63b78b_640.jpg","type":"image\/jpeg"}],"twitter_card":"summary_large_image","twitter_misc":{"Est. reading time":"3 minutes"},"schema":{"@context":"https:\/\/schema.org","@graph":[{"@type":"WebPage","@id":"https:\/\/auslaenderbehoerde.org\/reiseversicherung-fuer-auslaendische-gaeste\/","url":"https:\/\/auslaenderbehoerde.org\/reiseversicherung-fuer-auslaendische-gaeste\/","name":"Travel insurance for foreign guests - Auslaenderbehoerde.org","isPartOf":{"@id":"https:\/\/auslaenderbehoerde.org\/#website"},"primaryImageOfPage":{"@id":"https:\/\/auslaenderbehoerde.org\/reiseversicherung-fuer-auslaendische-gaeste\/#primaryimage"},"image":{"@id":"https:\/\/auslaenderbehoerde.org\/reiseversicherung-fuer-auslaendische-gaeste\/#primaryimage"},"thumbnailUrl":"https:\/\/auslaenderbehoerde.org\/wp-content\/uploads\/2022\/07\/insurance-gaed63b78b_640.jpg","datePublished":"2022-06-28T12:11:47+00:00","dateModified":"2022-07-07T14:49:29+00:00","description":"Travel insurance for foreign guests protects you against high costs during your stay in Germany.","breadcrumb":{"@id":"https:\/\/auslaenderbehoerde.org\/reiseversicherung-fuer-auslaendische-gaeste\/#breadcrumb"},"inLanguage":"en-US","potentialAction":[{"@type":"ReadAction","target":["https:\/\/auslaenderbehoerde.org\/reiseversicherung-fuer-auslaendische-gaeste\/"]}]},{"@type":"ImageObject","inLanguage":"en-US","@id":"https:\/\/auslaenderbehoerde.org\/reiseversicherung-fuer-auslaendische-gaeste\/#primaryimage","url":"https:\/\/auslaenderbehoerde.org\/wp-content\/uploads\/2022\/07\/insurance-gaed63b78b_640.jpg","contentUrl":"https:\/\/auslaenderbehoerde.org\/wp-content\/uploads\/2022\/07\/insurance-gaed63b78b_640.jpg","width":640,"height":450,"caption":"Reiseversicherung f\u00fcr ausl\u00e4ndische G\u00e4ste"},{"@type":"BreadcrumbList","@id":"https:\/\/auslaenderbehoerde.org\/reiseversicherung-fuer-auslaendische-gaeste\/#breadcrumb","itemListElement":[{"@type":"ListItem","position":1,"name":"Startseite","item":"https:\/\/auslaenderbehoerde.org\/"},{"@type":"ListItem","position":2,"name":"Reiseversicherung f\u00fcr ausl\u00e4ndische G\u00e4ste"}]},{"@type":"WebSite","@id":"https:\/\/auslaenderbehoerde.org\/#website","url":"https:\/\/auslaenderbehoerde.org\/","name":"auslaenderbehoerde.org","description":"","potentialAction":[{"@type":"SearchAction","target":{"@type":"EntryPoint","urlTemplate":"https:\/\/auslaenderbehoerde.org\/?s={search_term_string}"},"query-input":{"@type":"PropertyValueSpecification","valueRequired":true,"valueName":"search_term_string"}}],"inLanguage":"en-US"}]}},"_links":{"self":[{"href":"https:\/\/auslaenderbehoerde.org\/en\/wp-json\/wp\/v2\/pages\/143","targetHints":{"allow":["GET"]}}],"collection":[{"href":"https:\/\/auslaenderbehoerde.org\/en\/wp-json\/wp\/v2\/pages"}],"about":[{"href":"https:\/\/auslaenderbehoerde.org\/en\/wp-json\/wp\/v2\/types\/page"}],"author":[{"embeddable":true,"href":"https:\/\/auslaenderbehoerde.org\/en\/wp-json\/wp\/v2\/users\/1"}],"replies":[{"embeddable":true,"href":"https:\/\/auslaenderbehoerde.org\/en\/wp-json\/wp\/v2\/comments?post=143"}],"version-history":[{"count":10,"href":"https:\/\/auslaenderbehoerde.org\/en\/wp-json\/wp\/v2\/pages\/143\/revisions"}],"predecessor-version":[{"id":666,"href":"https:\/\/auslaenderbehoerde.org\/en\/wp-json\/wp\/v2\/pages\/143\/revisions\/666"}],"wp:featuredmedia":[{"embeddable":true,"href":"https:\/\/auslaenderbehoerde.org\/en\/wp-json\/wp\/v2\/media\/218"}],"wp:attachment":[{"href":"https:\/\/auslaenderbehoerde.org\/en\/wp-json\/wp\/v2\/media?parent=143"}],"curies":[{"name":"wp","href":"https:\/\/api.w.org\/{rel}","templated":true}]}}