{"id":149,"date":"2022-06-28T14:13:30","date_gmt":"2022-06-28T12:13:30","guid":{"rendered":"https:\/\/auslaenderbehoerde.org\/?page_id=149"},"modified":"2022-07-02T09:29:01","modified_gmt":"2022-07-02T07:29:01","slug":"erste-schritte-in-deutschland","status":"publish","type":"page","link":"https:\/\/auslaenderbehoerde.org\/en\/first-steps-in-germany\/","title":{"rendered":"First steps in Germany"},"content":{"rendered":"<p><img decoding=\"async\" class=\"aligncenter wp-image-207 size-full\" src=\"https:\/\/auslaenderbehoerde.org\/wp-content\/uploads\/2022\/07\/architecture-g719836b53_640.jpg\" alt=\"First steps in Germany\" width=\"640\" height=\"426\" srcset=\"https:\/\/auslaenderbehoerde.org\/wp-content\/uploads\/2022\/07\/architecture-g719836b53_640.jpg 640w, https:\/\/auslaenderbehoerde.org\/wp-content\/uploads\/2022\/07\/architecture-g719836b53_640-300x200.jpg 300w\" sizes=\"(max-width: 640px) 100vw, 640px\" \/><\/p>\n<p>If you have just arrived in Germany and have a visa or residence permit, you have to deal with a few administrative procedures.<\/p>\n<h3>Registration at the registration office<\/h3>\n<p>Within <strong>two weeks<\/strong> Guests or third-country nationals must register with the residents&#039; registration office at their place of residence <strong>mandatory to register<\/strong>. You need one to register <strong>landlord confirmation<\/strong>. You can get this either from the landlord or from friends \/ acquaintances with whom you live. Only after registering at the residents&#039; registration office, when a registration form is available, can a <strong>bank account to be opened<\/strong>.<\/p>\n<p>Registration at the local residents&#039; registration office is not only necessary if you move into your own apartment, but also if you <strong>longer stay<\/strong> with friends or acquaintances in whose apartment is planned. In the course of registration you will receive a tax identification number.<\/p>\n<h3>Personal visit to the immigration office<\/h3>\n<p>After third-country nationals have arrived in Germany with a visa or a residence permit from a German representation abroad, they must go to the responsible office in person <a href=\"https:\/\/auslaenderbehoerde.org\/en\/\">foreigners Authority<\/a> make representations.<\/p>\n<p>The immigration authorities exclude the purpose of your stay. It is not only possible to extend the residence permit at the immigration office before it expires, but also to apply for one <a href=\"https:\/\/auslaenderbehoerde.org\/en\/residence-permit-2\/\">residence permit<\/a>if the necessary conditions are met.<\/p>\n<h3>Registration with a health insurance company<\/h3>\n<p>Third-country nationals with a <a href=\"https:\/\/auslaenderbehoerde.org\/en\/residence-permit\/\">residence permit<\/a>, possibly with a work permit or a residence permit must be mandatory in Germany by law or private <strong>health insurance<\/strong> be. It is therefore necessary to register with a health insurance company <strong>particularly important<\/strong>.<\/p>\n<p>Anyone who is only visiting Germany and has a <a href=\"https:\/\/auslaenderbehoerde.org\/en\/travel-insurance-for-foreign-guests\/\">Travel insurance for foreign guests<\/a> does not need to be registered with a German health insurance company.<\/p>\n<h3>school, training and studies<\/h3>\n<p>Children of third-country nationals can live in Germany <strong>numerous educational paths free of charge<\/strong> take advantage of. Information appointments at various schools in the region quickly show what school opportunities are available.<\/p>\n<p>Children of third-country nationals integrate much better in Germany if they go to a suitable school as quickly as possible and make friends with their peers. In addition, the children of third-country nationals from the age of 6 in Germany <strong>subject to compulsory education<\/strong> and must attend school for at least 9 years.<\/p>\n<h3>The next important steps<\/h3>\n<p>Once you have a registration form, you should register as soon as possible <strong>open a bank account<\/strong>. When choosing a bank, pay attention to the conditions. Monthly fees can vary greatly. Collect fee information and compare it with friends and acquaintances who speak German well before signing a contract.<\/p>\n<p>Leave yours <strong>Check driver&#039;s license<\/strong>. As a rule, foreign driving licenses in Germany have one <strong>Validity of 6 months<\/strong>. Get comprehensive advice so that you can obtain a German driver&#039;s license as quickly as possible if you need one.<\/p>\n<p>Here is an explanatory video from <a href=\"https:\/\/www.bamf.de\/DE\/Startseite\/startseite_node.html\" target=\"_blank\" rel=\"noopener\">Federal Office for Migration and Refugees<\/a><\/p>\n<div class=\"su-youtube su-u-responsive-media-yes\"><iframe width=\"600\" height=\"400\" src=\"https:\/\/www.youtube.com\/embed\/y6zd30dBGLM?\" frameborder=\"0\" allowfullscreen allow=\"autoplay; encrypted-media; picture-in-picture\" title=\"\"><\/iframe><\/div>","protected":false},"excerpt":{"rendered":"<p>Anyone who has just arrived in Germany and has a visa or residence permit must complete some administrative procedures. Registration at the residents&#039; registration office Guests or third-country nationals must register at the residents&#039; registration office at their place of residence within two weeks. You need a housing provider confirmation to register. You can get this either from the landlord or from friends\/\u2026&nbsp;<a href=\"https:\/\/auslaenderbehoerde.org\/en\/first-steps-in-germany\/\" rel=\"bookmark\">ReadMore \u00bb<span class=\"screen-reader-text\">First steps in Germany<\/span><\/a><\/p>","protected":false},"author":1,"featured_media":207,"parent":0,"menu_order":0,"comment_status":"closed","ping_status":"closed","template":"","meta":{"neve_meta_sidebar":"","neve_meta_container":"","neve_meta_enable_content_width":"off","neve_meta_content_width":100,"neve_meta_title_alignment":"","neve_meta_author_avatar":"","neve_post_elements_order":"","neve_meta_disable_header":"","neve_meta_disable_footer":"","neve_meta_disable_title":"","neve_meta_reading_time":"","footnotes":""},"class_list":["post-149","page","type-page","status-publish","has-post-thumbnail","hentry"],"yoast_head":"<!-- This site is optimized with the Yoast SEO plugin v26.6 - https:\/\/yoast.com\/wordpress\/plugins\/seo\/ -->\n<title>Erste Schritte in Deutschland - auslaenderbehoerde.org<\/title>\n<meta name=\"description\" content=\"Wer gerade in Deutschland angekommen ist und \u00fcber ein Visum oder eine Aufenthaltsgenehmigung verf\u00fcgt, muss einige Beh\u00f6rdeng\u00e4nge erledigen.\" \/>\n<meta name=\"robots\" content=\"index, follow, max-snippet:-1, max-image-preview:large, max-video-preview:-1\" \/>\n<link rel=\"canonical\" href=\"https:\/\/auslaenderbehoerde.org\/en\/first-steps-in-germany\/\" \/>\n<meta property=\"og:locale\" content=\"en_US\" \/>\n<meta property=\"og:type\" content=\"article\" \/>\n<meta property=\"og:title\" content=\"Erste Schritte in Deutschland - auslaenderbehoerde.org\" \/>\n<meta property=\"og:description\" content=\"Wer gerade in Deutschland angekommen ist und \u00fcber ein Visum oder eine Aufenthaltsgenehmigung verf\u00fcgt, muss einige Beh\u00f6rdeng\u00e4nge erledigen.\" \/>\n<meta property=\"og:url\" content=\"https:\/\/auslaenderbehoerde.org\/en\/first-steps-in-germany\/\" \/>\n<meta property=\"og:site_name\" content=\"auslaenderbehoerde.org\" \/>\n<meta property=\"article:modified_time\" content=\"2022-07-02T07:29:01+00:00\" \/>\n<meta property=\"og:image\" content=\"https:\/\/auslaenderbehoerde.org\/wp-content\/uploads\/2022\/07\/architecture-g719836b53_640.jpg\" \/>\n\t<meta property=\"og:image:width\" content=\"640\" \/>\n\t<meta property=\"og:image:height\" content=\"426\" \/>\n\t<meta property=\"og:image:type\" content=\"image\/jpeg\" \/>\n<meta name=\"twitter:card\" content=\"summary_large_image\" \/>\n<meta name=\"twitter:label1\" content=\"Est. reading time\" \/>\n\t<meta name=\"twitter:data1\" content=\"2 minutes\" \/>\n<script type=\"application\/ld+json\" class=\"yoast-schema-graph\">{\"@context\":\"https:\/\/schema.org\",\"@graph\":[{\"@type\":\"WebPage\",\"@id\":\"https:\/\/auslaenderbehoerde.org\/erste-schritte-in-deutschland\/\",\"url\":\"https:\/\/auslaenderbehoerde.org\/erste-schritte-in-deutschland\/\",\"name\":\"Erste Schritte in Deutschland - auslaenderbehoerde.org\",\"isPartOf\":{\"@id\":\"https:\/\/auslaenderbehoerde.org\/#website\"},\"primaryImageOfPage\":{\"@id\":\"https:\/\/auslaenderbehoerde.org\/erste-schritte-in-deutschland\/#primaryimage\"},\"image\":{\"@id\":\"https:\/\/auslaenderbehoerde.org\/erste-schritte-in-deutschland\/#primaryimage\"},\"thumbnailUrl\":\"https:\/\/auslaenderbehoerde.org\/wp-content\/uploads\/2022\/07\/architecture-g719836b53_640.jpg\",\"datePublished\":\"2022-06-28T12:13:30+00:00\",\"dateModified\":\"2022-07-02T07:29:01+00:00\",\"description\":\"Wer gerade in Deutschland angekommen ist und \u00fcber ein Visum oder eine Aufenthaltsgenehmigung verf\u00fcgt, muss einige Beh\u00f6rdeng\u00e4nge erledigen.\",\"breadcrumb\":{\"@id\":\"https:\/\/auslaenderbehoerde.org\/erste-schritte-in-deutschland\/#breadcrumb\"},\"inLanguage\":\"en-US\",\"potentialAction\":[{\"@type\":\"ReadAction\",\"target\":[\"https:\/\/auslaenderbehoerde.org\/erste-schritte-in-deutschland\/\"]}]},{\"@type\":\"ImageObject\",\"inLanguage\":\"en-US\",\"@id\":\"https:\/\/auslaenderbehoerde.org\/erste-schritte-in-deutschland\/#primaryimage\",\"url\":\"https:\/\/auslaenderbehoerde.org\/wp-content\/uploads\/2022\/07\/architecture-g719836b53_640.jpg\",\"contentUrl\":\"https:\/\/auslaenderbehoerde.org\/wp-content\/uploads\/2022\/07\/architecture-g719836b53_640.jpg\",\"width\":640,\"height\":426,\"caption\":\"Erste Schritte in Deutschland\"},{\"@type\":\"BreadcrumbList\",\"@id\":\"https:\/\/auslaenderbehoerde.org\/erste-schritte-in-deutschland\/#breadcrumb\",\"itemListElement\":[{\"@type\":\"ListItem\",\"position\":1,\"name\":\"Startseite\",\"item\":\"https:\/\/auslaenderbehoerde.org\/\"},{\"@type\":\"ListItem\",\"position\":2,\"name\":\"Erste Schritte in Deutschland\"}]},{\"@type\":\"WebSite\",\"@id\":\"https:\/\/auslaenderbehoerde.org\/#website\",\"url\":\"https:\/\/auslaenderbehoerde.org\/\",\"name\":\"auslaenderbehoerde.org\",\"description\":\"\",\"potentialAction\":[{\"@type\":\"SearchAction\",\"target\":{\"@type\":\"EntryPoint\",\"urlTemplate\":\"https:\/\/auslaenderbehoerde.org\/?s={search_term_string}\"},\"query-input\":{\"@type\":\"PropertyValueSpecification\",\"valueRequired\":true,\"valueName\":\"search_term_string\"}}],\"inLanguage\":\"en-US\"}]}<\/script>\n<!-- \/ Yoast SEO plugin. -->","yoast_head_json":{"title":"First steps in Germany - auslaenderbehoerde.org","description":"If you have just arrived in Germany and have a visa or residence permit, you have to deal with a few administrative procedures.","robots":{"index":"index","follow":"follow","max-snippet":"max-snippet:-1","max-image-preview":"max-image-preview:large","max-video-preview":"max-video-preview:-1"},"canonical":"https:\/\/auslaenderbehoerde.org\/en\/first-steps-in-germany\/","og_locale":"en_US","og_type":"article","og_title":"Erste Schritte in Deutschland - auslaenderbehoerde.org","og_description":"Wer gerade in Deutschland angekommen ist und \u00fcber ein Visum oder eine Aufenthaltsgenehmigung verf\u00fcgt, muss einige Beh\u00f6rdeng\u00e4nge erledigen.","og_url":"https:\/\/auslaenderbehoerde.org\/en\/first-steps-in-germany\/","og_site_name":"auslaenderbehoerde.org","article_modified_time":"2022-07-02T07:29:01+00:00","og_image":[{"width":640,"height":426,"url":"https:\/\/auslaenderbehoerde.org\/wp-content\/uploads\/2022\/07\/architecture-g719836b53_640.jpg","type":"image\/jpeg"}],"twitter_card":"summary_large_image","twitter_misc":{"Est. reading time":"2 minutes"},"schema":{"@context":"https:\/\/schema.org","@graph":[{"@type":"WebPage","@id":"https:\/\/auslaenderbehoerde.org\/erste-schritte-in-deutschland\/","url":"https:\/\/auslaenderbehoerde.org\/erste-schritte-in-deutschland\/","name":"First steps in Germany - auslaenderbehoerde.org","isPartOf":{"@id":"https:\/\/auslaenderbehoerde.org\/#website"},"primaryImageOfPage":{"@id":"https:\/\/auslaenderbehoerde.org\/erste-schritte-in-deutschland\/#primaryimage"},"image":{"@id":"https:\/\/auslaenderbehoerde.org\/erste-schritte-in-deutschland\/#primaryimage"},"thumbnailUrl":"https:\/\/auslaenderbehoerde.org\/wp-content\/uploads\/2022\/07\/architecture-g719836b53_640.jpg","datePublished":"2022-06-28T12:13:30+00:00","dateModified":"2022-07-02T07:29:01+00:00","description":"If you have just arrived in Germany and have a visa or residence permit, you have to deal with a few administrative procedures.","breadcrumb":{"@id":"https:\/\/auslaenderbehoerde.org\/erste-schritte-in-deutschland\/#breadcrumb"},"inLanguage":"en-US","potentialAction":[{"@type":"ReadAction","target":["https:\/\/auslaenderbehoerde.org\/erste-schritte-in-deutschland\/"]}]},{"@type":"ImageObject","inLanguage":"en-US","@id":"https:\/\/auslaenderbehoerde.org\/erste-schritte-in-deutschland\/#primaryimage","url":"https:\/\/auslaenderbehoerde.org\/wp-content\/uploads\/2022\/07\/architecture-g719836b53_640.jpg","contentUrl":"https:\/\/auslaenderbehoerde.org\/wp-content\/uploads\/2022\/07\/architecture-g719836b53_640.jpg","width":640,"height":426,"caption":"Erste Schritte in Deutschland"},{"@type":"BreadcrumbList","@id":"https:\/\/auslaenderbehoerde.org\/erste-schritte-in-deutschland\/#breadcrumb","itemListElement":[{"@type":"ListItem","position":1,"name":"Startseite","item":"https:\/\/auslaenderbehoerde.org\/"},{"@type":"ListItem","position":2,"name":"Erste Schritte in Deutschland"}]},{"@type":"WebSite","@id":"https:\/\/auslaenderbehoerde.org\/#website","url":"https:\/\/auslaenderbehoerde.org\/","name":"auslaenderbehoerde.org","description":"","potentialAction":[{"@type":"SearchAction","target":{"@type":"EntryPoint","urlTemplate":"https:\/\/auslaenderbehoerde.org\/?s={search_term_string}"},"query-input":{"@type":"PropertyValueSpecification","valueRequired":true,"valueName":"search_term_string"}}],"inLanguage":"en-US"}]}},"_links":{"self":[{"href":"https:\/\/auslaenderbehoerde.org\/en\/wp-json\/wp\/v2\/pages\/149","targetHints":{"allow":["GET"]}}],"collection":[{"href":"https:\/\/auslaenderbehoerde.org\/en\/wp-json\/wp\/v2\/pages"}],"about":[{"href":"https:\/\/auslaenderbehoerde.org\/en\/wp-json\/wp\/v2\/types\/page"}],"author":[{"embeddable":true,"href":"https:\/\/auslaenderbehoerde.org\/en\/wp-json\/wp\/v2\/users\/1"}],"replies":[{"embeddable":true,"href":"https:\/\/auslaenderbehoerde.org\/en\/wp-json\/wp\/v2\/comments?post=149"}],"version-history":[{"count":10,"href":"https:\/\/auslaenderbehoerde.org\/en\/wp-json\/wp\/v2\/pages\/149\/revisions"}],"predecessor-version":[{"id":215,"href":"https:\/\/auslaenderbehoerde.org\/en\/wp-json\/wp\/v2\/pages\/149\/revisions\/215"}],"wp:featuredmedia":[{"embeddable":true,"href":"https:\/\/auslaenderbehoerde.org\/en\/wp-json\/wp\/v2\/media\/207"}],"wp:attachment":[{"href":"https:\/\/auslaenderbehoerde.org\/en\/wp-json\/wp\/v2\/media?parent=149"}],"curies":[{"name":"wp","href":"https:\/\/api.w.org\/{rel}","templated":true}]}}