{"id":32,"date":"2022-06-27T10:02:31","date_gmt":"2022-06-27T08:02:31","guid":{"rendered":"https:\/\/auslaenderbehoerde.org\/?page_id=32"},"modified":"2022-07-12T13:22:48","modified_gmt":"2022-07-12T11:22:48","slug":"auslaenderbehoerden-in-bayern","status":"publish","type":"page","link":"https:\/\/auslaenderbehoerde.org\/en\/immigration-authorities-in-bavaria\/","title":{"rendered":"Immigration authorities in Bavaria"},"content":{"rendered":"<p>Here you will find all addresses, contact information and opening hours of the immigration authorities or immigration offices in<strong> Bavaria.<\/strong><\/p>\n<p>In the state of Bavaria there is currently <strong>92 immigration authorities<\/strong>who are at your disposal for any questions related to your affairs.<\/p>\n<h2><span id=\"Uebersicht_aller_Jobcenter_in_Baden-Wuerttemberg\" class=\"ez-toc-section\">Overview of the immigration authorities in Bavaria<\/span><\/h2>\n<p>From the list, select the immigration office or immigration office that is closest to your place of residence.<\/p>\n<ul style=\"list-style-type: circle;\">\n<li><a href=\"https:\/\/auslaenderbehoerde.org\/en\/immigration-authority-aichach\/\">Aichach<\/a><\/li>\n<li><a href=\"https:\/\/auslaenderbehoerde.org\/en\/immigration-authority-altoetting\/\">Altoetting<\/a><\/li>\n<li><a href=\"https:\/\/auslaenderbehoerde.org\/en\/immigration-authorities-amberg\/\">On the mountain<\/a><\/li>\n<li><a href=\"https:\/\/auslaenderbehoerde.org\/en\/immigration-authorities-ansbach\/\">Ansbach<\/a><\/li>\n<li><a href=\"https:\/\/auslaenderbehoerde.org\/en\/immigration-authority-augsburg\/\">augsburg<\/a><\/li>\n<li><a href=\"https:\/\/auslaenderbehoerde.org\/en\/immigration-authorities-bad-brueckenau\/\">Bad Brueckenau<\/a><\/li>\n<li><a href=\"https:\/\/auslaenderbehoerde.org\/en\/immigration-authorities-bad-kissingen\/\">Bad Kissingen<\/a><\/li>\n<li><a href=\"https:\/\/auslaenderbehoerde.org\/en\/immigration-authorities-bad-neustadt-an-der-saale\/\">Bad Neustadt an der Saale<\/a><\/li>\n<li><a href=\"https:\/\/auslaenderbehoerde.org\/en\/immigration-authorities-bad-reichenhall\/\">Bad Reichenhall<\/a><\/li>\n<li><a href=\"https:\/\/auslaenderbehoerde.org\/en\/immigration-authorities-bad-toelz\/\">Bad T\u00f6lz<\/a><\/li>\n<li><a href=\"https:\/\/auslaenderbehoerde.org\/en\/immigration-authorities-bamberg\/\">Bamberg<\/a><\/li>\n<li><a href=\"https:\/\/auslaenderbehoerde.org\/en\/immigration-authorities-bayreuth\/\">Bayreuth<\/a><\/li>\n<li><a href=\"https:\/\/auslaenderbehoerde.org\/en\/immigration-authorities-bischofsheim-in-der-rhoen\/\">Bishop&#039;s home in the Rh\u00f6n<\/a><\/li>\n<li><a href=\"https:\/\/auslaenderbehoerde.org\/en\/immigration-authorities-cham\/\">Cham<\/a><\/li>\n<li><a href=\"https:\/\/auslaenderbehoerde.org\/en\/immigration-authorities-coburg\/\">Coburg<\/a><\/li>\n<li><a href=\"https:\/\/auslaenderbehoerde.org\/en\/immigration-authorities-dachau\/\">Dachau<\/a><\/li>\n<li><a href=\"https:\/\/auslaenderbehoerde.org\/en\/immigration-authorities-deggendorf\/\">Deggendorf<\/a><\/li>\n<li><a href=\"https:\/\/auslaenderbehoerde.org\/en\/immigration-authorities-dillingen-on-the-donau\/\">Dillingen on the Danube<\/a><\/li>\n<li><a href=\"https:\/\/auslaenderbehoerde.org\/en\/immigration-authority-dingolfing\/\">Dingolfing<\/a><\/li>\n<li><a href=\"https:\/\/auslaenderbehoerde.org\/en\/immigration-authority-donauwoerth\/\">Donauworth<\/a><\/li>\n<li><a href=\"https:\/\/auslaenderbehoerde.org\/en\/immigration-authority-ebersberg\/\">Ebersberg<\/a><\/li>\n<li><a href=\"https:\/\/auslaenderbehoerde.org\/en\/immigration-authority-eichstaett\/\">calibration<\/a><\/li>\n<li><a href=\"https:\/\/auslaenderbehoerde.org\/en\/immigration-authorities-erding\/\">earthing<\/a><\/li>\n<li><a href=\"https:\/\/auslaenderbehoerde.org\/en\/immigration-authority-erlangen\/\">gain<\/a><\/li>\n<li><a href=\"https:\/\/auslaenderbehoerde.org\/en\/immigration-authority-erlangen-hoechstadt\/\">Erlangen-H\u00f6chstadt<\/a><\/li>\n<li><a href=\"https:\/\/auslaenderbehoerde.org\/en\/immigration-authority-forchheim\/\">forchheim<\/a><\/li>\n<li><a href=\"https:\/\/auslaenderbehoerde.org\/en\/immigration-authorities-freising\/\">Freising<\/a><\/li>\n<li><a href=\"https:\/\/auslaenderbehoerde.org\/en\/immigration-authorities-freyung\/\">Freyung<\/a><\/li>\n<li><a href=\"https:\/\/auslaenderbehoerde.org\/en\/immigration-authority-friedrichshafen\/\">Friedrichshafen<\/a><\/li>\n<li><a href=\"https:\/\/auslaenderbehoerde.org\/en\/immigration-authority-fuerstenfeldbruck\/\">Furstenfeldbruck<\/a><\/li>\n<li><a href=\"https:\/\/auslaenderbehoerde.org\/en\/immigration-authority-fuerth\/\">Fuerth<\/a><\/li>\n<li><a href=\"https:\/\/auslaenderbehoerde.org\/en\/immigration-authorities-garmisch-partenkirchen\/\">Garmisch-Partenkirchen<\/a><\/li>\n<li><a href=\"https:\/\/auslaenderbehoerde.org\/en\/immigration-authority-germering\/\">Germering<\/a><\/li>\n<li><a href=\"https:\/\/auslaenderbehoerde.org\/en\/immigration-authority-guenzburg\/\">Guenzburg<\/a><\/li>\n<li><a href=\"https:\/\/auslaenderbehoerde.org\/en\/immigration-authority-hassfurt\/\">Hassfurt<\/a><\/li>\n<li><a href=\"https:\/\/auslaenderbehoerde.org\/en\/immigration-authority-yard\/\">court<\/a><\/li>\n<li><a href=\"https:\/\/auslaenderbehoerde.org\/en\/immigration-authority-illertissen\/\">Illnesses<\/a><\/li>\n<li><a href=\"https:\/\/auslaenderbehoerde.org\/en\/immigration-authority-ingolstadt\/\">Ingolstadt<\/a><\/li>\n<li><a href=\"https:\/\/auslaenderbehoerde.org\/en\/immigration-authority-karlstadt\/\">Karlstadt<\/a><\/li>\n<li><a href=\"https:\/\/auslaenderbehoerde.org\/en\/immigration-authorities-kaufbeuren\/\">Kaufbeuren<\/a><\/li>\n<li><a href=\"https:\/\/auslaenderbehoerde.org\/en\/immigration-authorities-kelheim\/\">Kelheim<\/a><\/li>\n<li><a href=\"https:\/\/auslaenderbehoerde.org\/en\/immigration-authorities-kempten\/\">Kempten<\/a><\/li>\n<li><a href=\"https:\/\/auslaenderbehoerde.org\/en\/immigration-authorities-kitzingen\/\">Kitzingen<\/a><\/li>\n<li><a href=\"https:\/\/auslaenderbehoerde.org\/en\/immigration-authority-kronach\/\">Kronach<\/a><\/li>\n<li><a href=\"https:\/\/auslaenderbehoerde.org\/en\/immigration-authorities-kulmbach\/\">Kulmbach<\/a><\/li>\n<li><a href=\"https:\/\/auslaenderbehoerde.org\/en\/immigration-authorities-landsberg-am-lech\/\">Landsberg am Lech<\/a><\/li>\n<li><a href=\"https:\/\/auslaenderbehoerde.org\/en\/immigration-authority-landshut\/\">Landshut<\/a><\/li>\n<li><a href=\"https:\/\/auslaenderbehoerde.org\/en\/immigration-authorities-lauf-an-der-pegnitz\/\">Run on the Pegnitz<\/a><\/li>\n<li><a href=\"https:\/\/auslaenderbehoerde.org\/en\/immigration-authorities-run\/\">To run<\/a><\/li>\n<li><a href=\"https:\/\/auslaenderbehoerde.org\/en\/immigration-authorities-lichtenfels\/\">Lichtenfels<\/a><\/li>\n<li><a href=\"https:\/\/auslaenderbehoerde.org\/en\/immigration-authority-lindau\/\">Lindau<\/a><\/li>\n<li><a href=\"https:\/\/auslaenderbehoerde.org\/en\/immigration-authorities-marktoberdorf\/\">Marktoberdorf<\/a><\/li>\n<li><a href=\"https:\/\/auslaenderbehoerde.org\/en\/immigration-authorities-memmingen\/\">memmingen<\/a><\/li>\n<li><a href=\"https:\/\/auslaenderbehoerde.org\/en\/immigration-authorities-miesbach\/\">Miesbach<\/a><\/li>\n<li><a href=\"https:\/\/auslaenderbehoerde.org\/en\/immigration-authority-mindelheim\/\">Mindelheim<\/a><\/li>\n<li><a href=\"https:\/\/auslaenderbehoerde.org\/en\/immigration-authorities-muehldorf-am-inn\/\">M\u00fchldorf am Inn<\/a><\/li>\n<li><a href=\"https:\/\/auslaenderbehoerde.org\/en\/immigration-authorities-munich\/\">Munich<\/a><\/li>\n<li><a href=\"https:\/\/auslaenderbehoerde.org\/en\/immigration-authorities-neu-ulm\/\">Neu-Ulm<\/a><\/li>\n<li><a href=\"https:\/\/auslaenderbehoerde.org\/en\/immigration-authorities-neuburg-an-der-donau\/\">Neuburg on the Danube<\/a><\/li>\n<li><a href=\"https:\/\/auslaenderbehoerde.org\/en\/immigration-authority-neumarkt-id-opf\/\">Neumarkt idOPf.<\/a><\/li>\n<li><a href=\"https:\/\/auslaenderbehoerde.org\/en\/immigration-authorities-neustadt-an-der-aisch\/\">Neustadt an der Aisch<\/a><\/li>\n<li><a href=\"https:\/\/auslaenderbehoerde.org\/en\/immigration-authorities-neustadt-an-der-waldnaab\/\">Neustadt an der Waldnaab<\/a><\/li>\n<li><a href=\"https:\/\/auslaenderbehoerde.org\/en\/immigration-authorities-neustadt-bei-coburg\/\">Neustadt near Coburg<\/a><\/li>\n<li><a href=\"https:\/\/auslaenderbehoerde.org\/en\/immigration-authority-nuernberg\/\">Nuremberg<\/a><\/li>\n<li><a href=\"https:\/\/auslaenderbehoerde.org\/en\/immigration-authority-obermaiselstein\/\">Obermaiselstein<\/a><\/li>\n<li><a href=\"https:\/\/auslaenderbehoerde.org\/en\/immigration-authority-ochsenfurt\/\">Ochsenfurt<\/a><\/li>\n<li><a href=\"https:\/\/auslaenderbehoerde.org\/en\/immigration-authority-passau\/\">Passau<\/a><\/li>\n<li><a href=\"https:\/\/auslaenderbehoerde.org\/en\/immigration-authorities-pfaffenhofen-an-der-ilm\/\">Pfaffenhofen on the Ilm<\/a><\/li>\n<li><a href=\"https:\/\/auslaenderbehoerde.org\/en\/immigration-authorities-pfarrkirchen\/\">parish churches<\/a><\/li>\n<li><a href=\"https:\/\/auslaenderbehoerde.org\/en\/immigration-authority-regensburg\/\">regensburg<\/a><\/li>\n<li><a href=\"https:\/\/auslaenderbehoerde.org\/en\/immigration-authorities-rosenheim\/\">Rosenheim<\/a><\/li>\n<li><a href=\"https:\/\/auslaenderbehoerde.org\/en\/immigration-authorities-roth\/\">Roth<\/a><\/li>\n<li><a href=\"https:\/\/auslaenderbehoerde.org\/en\/immigration-authorities-rothenburg-ob-der-tauber\/\">Rothenburg ob der Tauber<\/a><\/li>\n<li><a href=\"https:\/\/auslaenderbehoerde.org\/en\/immigration-authority-schongau\/\">Schongau<\/a><\/li>\n<li><a href=\"https:\/\/auslaenderbehoerde.org\/en\/immigration-authority-schwabach\/\">Schwabach<\/a><\/li>\n<li><a href=\"https:\/\/auslaenderbehoerde.org\/en\/immigration-authority-schwandorf\/\">Schwandorf<\/a><\/li>\n<li><a href=\"https:\/\/auslaenderbehoerde.org\/en\/aliens-authority-schweinfurt\/\">Schweinfurt<\/a><\/li>\n<li><a href=\"https:\/\/auslaenderbehoerde.org\/en\/immigration-authorities-sonthofen\/\">Sonthofen<\/a><\/li>\n<li><a href=\"https:\/\/auslaenderbehoerde.org\/en\/immigration-authority-relay-stone\/\">Staffelstein<\/a><\/li>\n<li><a href=\"https:\/\/auslaenderbehoerde.org\/en\/immigration-authority-starnberg\/\">Starnberg<\/a><\/li>\n<li><a href=\"https:\/\/auslaenderbehoerde.org\/en\/immigration-authorities-straubing\/\">Straubing<\/a><\/li>\n<li><a href=\"https:\/\/auslaenderbehoerde.org\/en\/immigration-authority-tirschenreuth\/\">Tirschenreuth<\/a><\/li>\n<li><a href=\"https:\/\/auslaenderbehoerde.org\/en\/immigration-authority-traunstein\/\">Traunstein<\/a><\/li>\n<li><a href=\"https:\/\/auslaenderbehoerde.org\/en\/immigration-authorities-unterschleissheim\/\">Unterschleissheim<\/a><\/li>\n<li><a href=\"https:\/\/auslaenderbehoerde.org\/en\/immigration-authority-waal\/\">whale<\/a><\/li>\n<li><a href=\"https:\/\/auslaenderbehoerde.org\/en\/immigration-authorities-weiden-in-der-oberpfalz\/\">Weiden in the Upper Palatinate<\/a><\/li>\n<li><a href=\"https:\/\/auslaenderbehoerde.org\/en\/immigration-authority-weidenberg\/\">Weidenberg<\/a><\/li>\n<li><a href=\"https:\/\/auslaenderbehoerde.org\/en\/immigration-authorities-weilheim\/\">Weilheim<\/a><\/li>\n<li><a href=\"https:\/\/auslaenderbehoerde.org\/en\/immigration-authority-weissenburg\/\">Wei\u00dfenburg<\/a><\/li>\n<li><a href=\"https:\/\/auslaenderbehoerde.org\/en\/immigration-authority-wunsiedel\/\">Wunsiedel<\/a><\/li>\n<li><a href=\"https:\/\/auslaenderbehoerde.org\/en\/immigration-authority-wuerzburg\/\">Wuerzburg<\/a><\/li>\n<li><a href=\"https:\/\/auslaenderbehoerde.org\/en\/immigration-authorities-zirndorf\/\">Zirndorf<\/a><\/li>\n<\/ul>\n<p>All information without guarantee and subject to change<\/p>\n<h2><span class=\"ez-toc-section\">Immigration authorities in Bavaria<\/span><span class=\"ez-toc-section\">\u00a0\u2013 <\/span>duties and responsibilities<\/h2>\n<p>The immigration authorities are the first address for foreigners entering the country. It is responsible for granting or refusing a <a href=\"https:\/\/auslaenderbehoerde.org\/en\/residence-permit\/\">residence permit<\/a>. The immigration offices are responsible for ensuring that immigration law is enforced in accordance with the legal situation. They are also responsible for asylum seekers and displaced persons.<\/p>\n<p>The Immigration Office decides <a href=\"https:\/\/auslaenderbehoerde.org\/en\/residence-permit-2\/\">residence permit<\/a> and issues this if the decision is positive. In addition, a settlement permit may be granted in accordance with the Residence Act with regard to the desired purpose of residence, or deportation may be initiated.<\/p>\n<p>The responsibility of the foreigners authority also extends to many other tasks. The type and duration of the residence permit vary greatly. Some are given a time limit, others are denied a residence permit and\/or are granted an exit permit under the Residence Act.<\/p>\n<p>The immigration office is working on it <a href=\"https:\/\/www.gesetze-im-internet.de\/aufenthg_2004\/__71.html\" target=\"_blank\" rel=\"noopener\">Section 71<\/a> Residence G. The authority is responsible for regulating all decisions and measures that affect the passport and residence rights of foreigners.<\/p>\n<p><strong>Other activities that fall within the area of responsibility of the immigration authorities:<\/strong><\/p>\n<ul style=\"list-style-type: circle;\">\n<li>asylum procedure<\/li>\n<li>refugee aid<\/li>\n<li>social care<\/li>\n<li>integration courses<\/li>\n<li>Organization and approval of entry and stay in Germany<\/li>\n<li>benefit entitlement<\/li>\n<li>reimbursement and health care<\/li>\n<li>civil status<\/li>\n<li><a href=\"https:\/\/auslaenderbehoerde.org\/en\/commitment-declaration\/\">commitment declaration<\/a><\/li>\n<li>accommodation options<\/li>\n<li>register<\/li>\n<\/ul>\n<h3>appointment with the responsible <span class=\"ez-toc-section\">foreigners Authority<\/span><\/h3>\n<p>In general, you can make an appointment by telephone, using the contact form or via the service portal of the respective city. In some cities you can download various online forms to clarify important questions in advance. The address and opening times can be viewed online. Make sure you have all the necessary documents complete before you go to the Immigration Office.<\/p>\n<div class=\"su-note\"  style=\"border-color:#d1d1d0;border-radius:3px;-moz-border-radius:3px;-webkit-border-radius:3px;\"><div class=\"su-note-inner su-u-clearfix su-u-trim\" style=\"background-color:#ebebea;border-color:#ffffff;color:#444444;border-radius:3px;-moz-border-radius:3px;-webkit-border-radius:3px;\"><b>A notice: <\/b>For offices and authorities, you usually need the documents or certificates as <a href=\"https:\/\/tidd.ly\/3y8DKdr\" target=\"_blank\" rel=\"noopener\">certified translation<\/a>*.<\/div><\/div>\n<p><strong>Are you expecting visitors from abroad?<\/strong> With a <a href=\"https:\/\/auslaenderbehoerde.org\/en\/travel-insurance-for-foreign-guests\/\">Travel insurance for foreign guests<\/a> benefit from comprehensive protection in Germany and Europe.<\/p>\n<h3>Further <span class=\"ez-toc-section\">Immigration authorities and information<\/span><\/h3>\n<ul style=\"list-style-type: circle;\">\n<li><a href=\"https:\/\/auslaenderbehoerde.org\/en\/\">Immigration authorities in Germany<\/a><\/li>\n<li><a href=\"https:\/\/auslaenderbehoerde.org\/en\/\">First steps in Germany<\/a><\/li>\n<\/ul>","protected":false},"excerpt":{"rendered":"<p>Here you will find all addresses, contact information and opening times of the immigration authorities or immigration offices in Bavaria. There are currently 92 immigration authorities in the state of Bavaria that are available to answer any questions you may have in connection with your affairs. Overview of the immigration authorities in Bavaria Select the immigration authority or immigration office that corresponds to your...&nbsp;<a href=\"https:\/\/auslaenderbehoerde.org\/en\/immigration-authorities-in-bavaria\/\" rel=\"bookmark\">ReadMore \u00bb<span class=\"screen-reader-text\">Immigration authorities in Bavaria<\/span><\/a><\/p>","protected":false},"author":1,"featured_media":65,"parent":0,"menu_order":0,"comment_status":"closed","ping_status":"closed","template":"","meta":{"neve_meta_sidebar":"","neve_meta_container":"","neve_meta_enable_content_width":"off","neve_meta_content_width":100,"neve_meta_title_alignment":"","neve_meta_author_avatar":"","neve_post_elements_order":"","neve_meta_disable_header":"","neve_meta_disable_footer":"","neve_meta_disable_title":"","neve_meta_reading_time":"","footnotes":""},"class_list":["post-32","page","type-page","status-publish","has-post-thumbnail","hentry"],"yoast_head":"<!-- This site is optimized with the Yoast SEO plugin v26.6 - https:\/\/yoast.com\/wordpress\/plugins\/seo\/ -->\n<title>Ausl\u00e4nderbeh\u00f6rden in Bayern | Adressen, Kontakt und Anschrift<\/title>\n<meta name=\"description\" content=\"Hier finden Sie alle Adressen und Kontaktinformationen der Ausl\u00e4nder\u00e4mter oder auch Ausl\u00e4nderbeh\u00f6rden in Bayern\" \/>\n<meta name=\"robots\" content=\"index, follow, max-snippet:-1, max-image-preview:large, max-video-preview:-1\" \/>\n<link rel=\"canonical\" href=\"https:\/\/auslaenderbehoerde.org\/en\/immigration-authorities-in-bavaria\/\" \/>\n<meta property=\"og:locale\" content=\"en_US\" \/>\n<meta property=\"og:type\" content=\"article\" \/>\n<meta property=\"og:title\" content=\"Ausl\u00e4nderbeh\u00f6rden in Bayern | Adressen, Kontakt und Anschrift\" \/>\n<meta property=\"og:description\" content=\"Hier finden Sie alle Adressen und Kontaktinformationen der Ausl\u00e4nder\u00e4mter oder auch Ausl\u00e4nderbeh\u00f6rden in Bayern\" \/>\n<meta property=\"og:url\" content=\"https:\/\/auslaenderbehoerde.org\/en\/immigration-authorities-in-bavaria\/\" \/>\n<meta property=\"og:site_name\" content=\"auslaenderbehoerde.org\" \/>\n<meta property=\"article:modified_time\" content=\"2022-07-12T11:22:48+00:00\" \/>\n<meta property=\"og:image\" content=\"https:\/\/auslaenderbehoerde.org\/wp-content\/uploads\/2022\/06\/Ausla\u0308nderbeho\u0308rde-scaled-e1656327377843.jpeg\" \/>\n\t<meta property=\"og:image:width\" content=\"900\" \/>\n\t<meta property=\"og:image:height\" content=\"675\" \/>\n\t<meta property=\"og:image:type\" content=\"image\/jpeg\" \/>\n<meta name=\"twitter:card\" content=\"summary_large_image\" \/>\n<meta name=\"twitter:label1\" content=\"Est. reading time\" \/>\n\t<meta name=\"twitter:data1\" content=\"3 minutes\" \/>\n<script type=\"application\/ld+json\" class=\"yoast-schema-graph\">{\"@context\":\"https:\/\/schema.org\",\"@graph\":[{\"@type\":\"WebPage\",\"@id\":\"https:\/\/auslaenderbehoerde.org\/auslaenderbehoerden-in-bayern\/\",\"url\":\"https:\/\/auslaenderbehoerde.org\/auslaenderbehoerden-in-bayern\/\",\"name\":\"Ausl\u00e4nderbeh\u00f6rden in Bayern | Adressen, Kontakt und Anschrift\",\"isPartOf\":{\"@id\":\"https:\/\/auslaenderbehoerde.org\/#website\"},\"primaryImageOfPage\":{\"@id\":\"https:\/\/auslaenderbehoerde.org\/auslaenderbehoerden-in-bayern\/#primaryimage\"},\"image\":{\"@id\":\"https:\/\/auslaenderbehoerde.org\/auslaenderbehoerden-in-bayern\/#primaryimage\"},\"thumbnailUrl\":\"https:\/\/auslaenderbehoerde.org\/wp-content\/uploads\/2022\/06\/Ausla\u0308nderbeho\u0308rde-scaled-e1656327377843.jpeg\",\"datePublished\":\"2022-06-27T08:02:31+00:00\",\"dateModified\":\"2022-07-12T11:22:48+00:00\",\"description\":\"Hier finden Sie alle Adressen und Kontaktinformationen der Ausl\u00e4nder\u00e4mter oder auch Ausl\u00e4nderbeh\u00f6rden in Bayern\",\"breadcrumb\":{\"@id\":\"https:\/\/auslaenderbehoerde.org\/auslaenderbehoerden-in-bayern\/#breadcrumb\"},\"inLanguage\":\"en-US\",\"potentialAction\":[{\"@type\":\"ReadAction\",\"target\":[\"https:\/\/auslaenderbehoerde.org\/auslaenderbehoerden-in-bayern\/\"]}]},{\"@type\":\"ImageObject\",\"inLanguage\":\"en-US\",\"@id\":\"https:\/\/auslaenderbehoerde.org\/auslaenderbehoerden-in-bayern\/#primaryimage\",\"url\":\"https:\/\/auslaenderbehoerde.org\/wp-content\/uploads\/2022\/06\/Ausla\u0308nderbeho\u0308rde-scaled-e1656327377843.jpeg\",\"contentUrl\":\"https:\/\/auslaenderbehoerde.org\/wp-content\/uploads\/2022\/06\/Ausla\u0308nderbeho\u0308rde-scaled-e1656327377843.jpeg\",\"width\":900,\"height\":675,\"caption\":\"Ausl\u00e4nderbeh\u00f6rde\"},{\"@type\":\"BreadcrumbList\",\"@id\":\"https:\/\/auslaenderbehoerde.org\/auslaenderbehoerden-in-bayern\/#breadcrumb\",\"itemListElement\":[{\"@type\":\"ListItem\",\"position\":1,\"name\":\"Startseite\",\"item\":\"https:\/\/auslaenderbehoerde.org\/\"},{\"@type\":\"ListItem\",\"position\":2,\"name\":\"Ausl\u00e4nderbeh\u00f6rden in Bayern\"}]},{\"@type\":\"WebSite\",\"@id\":\"https:\/\/auslaenderbehoerde.org\/#website\",\"url\":\"https:\/\/auslaenderbehoerde.org\/\",\"name\":\"auslaenderbehoerde.org\",\"description\":\"\",\"potentialAction\":[{\"@type\":\"SearchAction\",\"target\":{\"@type\":\"EntryPoint\",\"urlTemplate\":\"https:\/\/auslaenderbehoerde.org\/?s={search_term_string}\"},\"query-input\":{\"@type\":\"PropertyValueSpecification\",\"valueRequired\":true,\"valueName\":\"search_term_string\"}}],\"inLanguage\":\"en-US\"}]}<\/script>\n<!-- \/ Yoast SEO plugin. -->","yoast_head_json":{"title":"Immigration authorities in Bavaria | Addresses, contact and postal address","description":"Here you will find all the addresses and contact information for the immigration offices or immigration authorities in Bavaria","robots":{"index":"index","follow":"follow","max-snippet":"max-snippet:-1","max-image-preview":"max-image-preview:large","max-video-preview":"max-video-preview:-1"},"canonical":"https:\/\/auslaenderbehoerde.org\/en\/immigration-authorities-in-bavaria\/","og_locale":"en_US","og_type":"article","og_title":"Ausl\u00e4nderbeh\u00f6rden in Bayern | Adressen, Kontakt und Anschrift","og_description":"Hier finden Sie alle Adressen und Kontaktinformationen der Ausl\u00e4nder\u00e4mter oder auch Ausl\u00e4nderbeh\u00f6rden in Bayern","og_url":"https:\/\/auslaenderbehoerde.org\/en\/immigration-authorities-in-bavaria\/","og_site_name":"auslaenderbehoerde.org","article_modified_time":"2022-07-12T11:22:48+00:00","og_image":[{"width":900,"height":675,"url":"https:\/\/auslaenderbehoerde.org\/wp-content\/uploads\/2022\/06\/Ausla\u0308nderbeho\u0308rde-scaled-e1656327377843.jpeg","type":"image\/jpeg"}],"twitter_card":"summary_large_image","twitter_misc":{"Est. reading time":"3 minutes"},"schema":{"@context":"https:\/\/schema.org","@graph":[{"@type":"WebPage","@id":"https:\/\/auslaenderbehoerde.org\/auslaenderbehoerden-in-bayern\/","url":"https:\/\/auslaenderbehoerde.org\/auslaenderbehoerden-in-bayern\/","name":"Immigration authorities in Bavaria | Addresses, contact and postal address","isPartOf":{"@id":"https:\/\/auslaenderbehoerde.org\/#website"},"primaryImageOfPage":{"@id":"https:\/\/auslaenderbehoerde.org\/auslaenderbehoerden-in-bayern\/#primaryimage"},"image":{"@id":"https:\/\/auslaenderbehoerde.org\/auslaenderbehoerden-in-bayern\/#primaryimage"},"thumbnailUrl":"https:\/\/auslaenderbehoerde.org\/wp-content\/uploads\/2022\/06\/Ausla\u0308nderbeho\u0308rde-scaled-e1656327377843.jpeg","datePublished":"2022-06-27T08:02:31+00:00","dateModified":"2022-07-12T11:22:48+00:00","description":"Here you will find all the addresses and contact information for the immigration offices or immigration authorities in Bavaria","breadcrumb":{"@id":"https:\/\/auslaenderbehoerde.org\/auslaenderbehoerden-in-bayern\/#breadcrumb"},"inLanguage":"en-US","potentialAction":[{"@type":"ReadAction","target":["https:\/\/auslaenderbehoerde.org\/auslaenderbehoerden-in-bayern\/"]}]},{"@type":"ImageObject","inLanguage":"en-US","@id":"https:\/\/auslaenderbehoerde.org\/auslaenderbehoerden-in-bayern\/#primaryimage","url":"https:\/\/auslaenderbehoerde.org\/wp-content\/uploads\/2022\/06\/Ausla\u0308nderbeho\u0308rde-scaled-e1656327377843.jpeg","contentUrl":"https:\/\/auslaenderbehoerde.org\/wp-content\/uploads\/2022\/06\/Ausla\u0308nderbeho\u0308rde-scaled-e1656327377843.jpeg","width":900,"height":675,"caption":"Ausl\u00e4nderbeh\u00f6rde"},{"@type":"BreadcrumbList","@id":"https:\/\/auslaenderbehoerde.org\/auslaenderbehoerden-in-bayern\/#breadcrumb","itemListElement":[{"@type":"ListItem","position":1,"name":"Startseite","item":"https:\/\/auslaenderbehoerde.org\/"},{"@type":"ListItem","position":2,"name":"Ausl\u00e4nderbeh\u00f6rden in Bayern"}]},{"@type":"WebSite","@id":"https:\/\/auslaenderbehoerde.org\/#website","url":"https:\/\/auslaenderbehoerde.org\/","name":"auslaenderbehoerde.org","description":"","potentialAction":[{"@type":"SearchAction","target":{"@type":"EntryPoint","urlTemplate":"https:\/\/auslaenderbehoerde.org\/?s={search_term_string}"},"query-input":{"@type":"PropertyValueSpecification","valueRequired":true,"valueName":"search_term_string"}}],"inLanguage":"en-US"}]}},"_links":{"self":[{"href":"https:\/\/auslaenderbehoerde.org\/en\/wp-json\/wp\/v2\/pages\/32","targetHints":{"allow":["GET"]}}],"collection":[{"href":"https:\/\/auslaenderbehoerde.org\/en\/wp-json\/wp\/v2\/pages"}],"about":[{"href":"https:\/\/auslaenderbehoerde.org\/en\/wp-json\/wp\/v2\/types\/page"}],"author":[{"embeddable":true,"href":"https:\/\/auslaenderbehoerde.org\/en\/wp-json\/wp\/v2\/users\/1"}],"replies":[{"embeddable":true,"href":"https:\/\/auslaenderbehoerde.org\/en\/wp-json\/wp\/v2\/comments?post=32"}],"version-history":[{"count":10,"href":"https:\/\/auslaenderbehoerde.org\/en\/wp-json\/wp\/v2\/pages\/32\/revisions"}],"predecessor-version":[{"id":1023,"href":"https:\/\/auslaenderbehoerde.org\/en\/wp-json\/wp\/v2\/pages\/32\/revisions\/1023"}],"wp:featuredmedia":[{"embeddable":true,"href":"https:\/\/auslaenderbehoerde.org\/en\/wp-json\/wp\/v2\/media\/65"}],"wp:attachment":[{"href":"https:\/\/auslaenderbehoerde.org\/en\/wp-json\/wp\/v2\/media?parent=32"}],"curies":[{"name":"wp","href":"https:\/\/api.w.org\/{rel}","templated":true}]}}