{"id":46,"date":"2022-06-27T10:04:44","date_gmt":"2022-06-27T08:04:44","guid":{"rendered":"https:\/\/auslaenderbehoerde.org\/?page_id=46"},"modified":"2022-07-14T00:23:48","modified_gmt":"2022-07-13T22:23:48","slug":"auslaenderbehoerden-in-niedersachsen","status":"publish","type":"page","link":"https:\/\/auslaenderbehoerde.org\/en\/immigration-authorities-in-lower-saxony\/","title":{"rendered":"Immigration authorities in Lower Saxony"},"content":{"rendered":"<p>Here you will find all addresses, contact information and opening hours of the immigration authorities or immigration offices in<strong> Lower Saxony.<\/strong><\/p>\n<p>In the state of Lower Saxony there is currently <strong>50 immigration authorities<\/strong>who are at your disposal for any questions related to your affairs.<\/p>\n<h2><span id=\"Uebersicht_aller_Jobcenter_in_Baden-Wuerttemberg\" class=\"ez-toc-section\">Overview of the immigration authorities in Lower Saxony<\/span><\/h2>\n<p>From the list, select the immigration office or immigration office that is closest to your place of residence.<\/p>\n<ul style=\"list-style-type: circle;\">\n<li><a href=\"https:\/\/auslaenderbehoerde.org\/en\/immigration-authority-aurich\/\">Aurich<\/a><\/li>\n<li><a href=\"https:\/\/auslaenderbehoerde.org\/en\/immigration-authorities-bad-fallingbostel\/\">Bad Fallingbostel<\/a><\/li>\n<li><a href=\"https:\/\/auslaenderbehoerde.org\/en\/immigration-authority-brake\/\">Brake<\/a><\/li>\n<li><a href=\"https:\/\/auslaenderbehoerde.org\/en\/immigration-authorities-bramsche\/\">Bramsche<\/a><\/li>\n<li><a href=\"https:\/\/auslaenderbehoerde.org\/en\/immigration-authorities-brunswick\/\">Brunswick<\/a><\/li>\n<li><a href=\"https:\/\/auslaenderbehoerde.org\/en\/immigration-authorities-celle\/\">Celle<\/a><\/li>\n<li><a href=\"https:\/\/auslaenderbehoerde.org\/en\/immigration-authority-cloppenburg\/\">Cloppenburg<\/a><\/li>\n<li><a href=\"https:\/\/auslaenderbehoerde.org\/en\/immigration-authorities-cuxhaven\/\">Cuxhaven<\/a><\/li>\n<li><a href=\"https:\/\/auslaenderbehoerde.org\/en\/immigration-authority-delmenhorst\/\">Delmenhorst<\/a><\/li>\n<li><a href=\"https:\/\/auslaenderbehoerde.org\/en\/immigration-authority-diepholz\/\">Diepholz<\/a><\/li>\n<li><a href=\"https:\/\/auslaenderbehoerde.org\/en\/immigration-authority-emden\/\">emden<\/a><\/li>\n<li><a href=\"https:\/\/auslaenderbehoerde.org\/en\/immigration-authorities-gifhorn\/\">Gifhorn<\/a><\/li>\n<li><a href=\"https:\/\/auslaenderbehoerde.org\/en\/immigration-authorities-goslar\/\">Goslar<\/a><\/li>\n<li><a href=\"https:\/\/auslaenderbehoerde.org\/en\/immigration-authority-goettingen\/\">Goettingen<\/a><\/li>\n<li><a href=\"https:\/\/auslaenderbehoerde.org\/en\/immigration-authority-hameln\/\">Hamelin<\/a><\/li>\n<li><a href=\"https:\/\/auslaenderbehoerde.org\/en\/immigration-authorities-hannover\/\">Hanover<\/a><\/li>\n<li><a href=\"https:\/\/auslaenderbehoerde.org\/en\/immigration-authority-helmstedt\/\">Helmstedt<\/a><\/li>\n<li><a href=\"https:\/\/auslaenderbehoerde.org\/en\/immigration-authority-hildesheim\/\">Hildesheim<\/a><\/li>\n<li><a href=\"https:\/\/auslaenderbehoerde.org\/en\/immigration-authority-holzminden\/\">Holzminden<\/a><\/li>\n<li><a href=\"https:\/\/auslaenderbehoerde.org\/en\/immigration-authority-jever\/\">ever<\/a><\/li>\n<li><a href=\"https:\/\/auslaenderbehoerde.org\/en\/immigration-authority-langenhagen\/\">Langenhagen<\/a><\/li>\n<li><a href=\"https:\/\/auslaenderbehoerde.org\/en\/immigration-authority-empty\/\">Empty<\/a><\/li>\n<li><a href=\"https:\/\/auslaenderbehoerde.org\/en\/immigration-authorities\/\">Lingen<\/a><\/li>\n<li><a href=\"https:\/\/auslaenderbehoerde.org\/en\/immigration-authority-luechow\/\">Luechow<\/a><\/li>\n<li><a href=\"https:\/\/auslaenderbehoerde.org\/en\/immigration-authority-lueneburg\/\">Lueneburg<\/a><\/li>\n<li><a href=\"https:\/\/auslaenderbehoerde.org\/en\/immigration-authority-meppen\/\">meppen<\/a><\/li>\n<li><a href=\"https:\/\/auslaenderbehoerde.org\/en\/immigration-authorities-nienburg\/\">Nienburg<\/a><\/li>\n<li><a href=\"https:\/\/auslaenderbehoerde.org\/en\/immigration-authority-nordhorn\/\">north horn<\/a><\/li>\n<li><a href=\"https:\/\/auslaenderbehoerde.org\/en\/immigration-authority-northeim\/\">Northeim<\/a><\/li>\n<li><a href=\"https:\/\/auslaenderbehoerde.org\/en\/immigration-authority-oldenburg\/\">Oldenburg<\/a><\/li>\n<li><a href=\"https:\/\/auslaenderbehoerde.org\/en\/immigration-authority-osnabrueck\/\">Osnabruck<\/a><\/li>\n<li><a href=\"https:\/\/auslaenderbehoerde.org\/en\/immigration-authorities-osterholz-scharmbeck\/\">Osterholz-Scharmbeck<\/a><\/li>\n<li><a href=\"https:\/\/auslaenderbehoerde.org\/en\/immigration-authorities-osterode-am-harz\/\">Osterode am Harz<\/a><\/li>\n<li><a href=\"https:\/\/auslaenderbehoerde.org\/en\/immigration-authorities-peine\/\">pain<\/a><\/li>\n<li><a href=\"https:\/\/auslaenderbehoerde.org\/en\/immigration-authorities-ratzeburg\/\">Ratzeburg<\/a><\/li>\n<li><a href=\"https:\/\/auslaenderbehoerde.org\/en\/immigration-authorities-rotenburg\/\">Rotenburg<\/a><\/li>\n<li><a href=\"https:\/\/auslaenderbehoerde.org\/en\/immigration-authority-salzgitter\/\">Salzgitter<\/a><\/li>\n<li><a href=\"https:\/\/auslaenderbehoerde.org\/en\/immigration-authorities-stade\/\">city<\/a><\/li>\n<li><a href=\"https:\/\/auslaenderbehoerde.org\/en\/immigration-authority-stadthagen\/\">Stadthagen<\/a><\/li>\n<li><a href=\"https:\/\/auslaenderbehoerde.org\/en\/immigration-authority-syke\/\">syke<\/a><\/li>\n<li><a href=\"https:\/\/auslaenderbehoerde.org\/en\/immigration-authorities-uelzen\/\">Uelzen<\/a><\/li>\n<li><a href=\"https:\/\/auslaenderbehoerde.org\/en\/immigration-authorities-vechta\/\">Vechta<\/a><\/li>\n<li><a href=\"https:\/\/auslaenderbehoerde.org\/en\/immigration-authority-verden\/\">verden<\/a><\/li>\n<li><a href=\"https:\/\/auslaenderbehoerde.org\/en\/immigration-authority-westerstede\/\">Westerstede<\/a><\/li>\n<li><a href=\"https:\/\/auslaenderbehoerde.org\/en\/immigration-authorities-wildeshausen\/\">Wildeshausen<\/a><\/li>\n<li><a href=\"https:\/\/auslaenderbehoerde.org\/en\/immigration-authority-wilhelmshaven\/\">Wilhelmshaven<\/a><\/li>\n<li><a href=\"https:\/\/auslaenderbehoerde.org\/en\/immigration-authority-winsen\/\">whine<\/a><\/li>\n<li><a href=\"https:\/\/auslaenderbehoerde.org\/en\/immigration-authority-wittmund\/\">Wittmund<\/a><\/li>\n<li><a href=\"https:\/\/auslaenderbehoerde.org\/en\/immigration-authority-wolfenbuettel\/\">Wolfenbuettel<\/a><\/li>\n<li><a href=\"https:\/\/auslaenderbehoerde.org\/en\/immigration-authority-wolfsburg\/\">Wolfsburg<\/a><\/li>\n<\/ul>\n<p>All information without guarantee and subject to change<\/p>\n<h2><span class=\"ez-toc-section\">Immigration authorities in Lower Saxony<\/span><span class=\"ez-toc-section\">\u00a0\u2013 <\/span>duties and responsibilities<\/h2>\n<p>The immigration authorities are the first address for foreigners entering the country. It is responsible for granting or refusing a <a href=\"https:\/\/auslaenderbehoerde.org\/en\/residence-permit\/\">residence permit<\/a>. The immigration offices are responsible for ensuring that immigration law is enforced in accordance with the legal situation. They are also responsible for asylum seekers and displaced persons.<\/p>\n<p>The Immigration Office decides <a href=\"https:\/\/auslaenderbehoerde.org\/en\/residence-permit-2\/\">residence permit<\/a> and issues this if the decision is positive. In addition, a settlement permit may be granted in accordance with the Residence Act with regard to the desired purpose of residence, or deportation may be initiated.<\/p>\n<p>The responsibility of the foreigners authority also extends to many other tasks. The type and duration of the residence permit vary greatly. Some are given a time limit, others are denied a residence permit and\/or are granted an exit permit under the Residence Act.<\/p>\n<p>The immigration office is working on it <a href=\"https:\/\/www.gesetze-im-internet.de\/aufenthg_2004\/__71.html\" target=\"_blank\" rel=\"noopener\">Section 71<\/a> Residence G. The authority is responsible for regulating all decisions and measures that affect the passport and residence rights of foreigners.<\/p>\n<p><strong>Other activities that fall within the area of responsibility of the immigration authorities:<\/strong><\/p>\n<ul style=\"list-style-type: circle;\">\n<li>asylum procedure<\/li>\n<li>refugee aid<\/li>\n<li>social care<\/li>\n<li>integration courses<\/li>\n<li>Organization and approval of entry and stay in Germany<\/li>\n<li>benefit entitlement<\/li>\n<li>reimbursement and health care<\/li>\n<li>civil status<\/li>\n<li><a href=\"https:\/\/auslaenderbehoerde.org\/en\/commitment-declaration\/\">commitment declaration<\/a><\/li>\n<li>accommodation options<\/li>\n<li>register<\/li>\n<\/ul>\n<h3>appointment with the responsible <span class=\"ez-toc-section\">foreigners Authority<\/span><\/h3>\n<p>In general, you can make an appointment by telephone, using the contact form or via the service portal of the respective city. In some cities you can download various online forms to clarify important questions in advance. The address and opening times can be viewed online. Make sure you have all the necessary documents complete before you go to the Immigration Office.<\/p>\n<div class=\"su-note\"  style=\"border-color:#d1d1d0;border-radius:3px;-moz-border-radius:3px;-webkit-border-radius:3px;\"><div class=\"su-note-inner su-u-clearfix su-u-trim\" style=\"background-color:#ebebea;border-color:#ffffff;color:#444444;border-radius:3px;-moz-border-radius:3px;-webkit-border-radius:3px;\"><b>A notice: <\/b>For offices and authorities, you usually need the documents or certificates as <a href=\"https:\/\/tidd.ly\/3y8DKdr\" target=\"_blank\" rel=\"noopener\">certified translation<\/a>*.<\/div><\/div>\n<p><strong>Are you expecting visitors from abroad?<\/strong> With a <a href=\"https:\/\/auslaenderbehoerde.org\/en\/travel-insurance-for-foreign-guests\/\">Travel insurance for foreign guests<\/a> benefit from comprehensive protection in Germany and Europe.<\/p>\n<h3>Further <span class=\"ez-toc-section\">Immigration authorities and information<\/span><\/h3>\n<ul style=\"list-style-type: circle;\">\n<li><a href=\"https:\/\/auslaenderbehoerde.org\/en\/\">Immigration authorities in Germany<\/a><\/li>\n<li><a href=\"https:\/\/auslaenderbehoerde.org\/en\/\">First steps in Germany<\/a><\/li>\n<\/ul>","protected":false},"excerpt":{"rendered":"<p>Here you will find all addresses, contact information and opening times of the immigration authorities or immigration offices in Lower Saxony. There are currently 50 immigration authorities in the state of Lower Saxony who are available to answer any questions you may have in connection with your affairs. Overview of the immigration authorities in Lower Saxony Select the immigration authority or immigration office that corresponds to your place of residence from the list.&nbsp;<a href=\"https:\/\/auslaenderbehoerde.org\/en\/immigration-authorities-in-lower-saxony\/\" rel=\"bookmark\">ReadMore \u00bb<span class=\"screen-reader-text\">Immigration authorities in Lower Saxony<\/span><\/a><\/p>","protected":false},"author":1,"featured_media":65,"parent":0,"menu_order":0,"comment_status":"closed","ping_status":"closed","template":"","meta":{"neve_meta_sidebar":"","neve_meta_container":"","neve_meta_enable_content_width":"off","neve_meta_content_width":100,"neve_meta_title_alignment":"","neve_meta_author_avatar":"","neve_post_elements_order":"","neve_meta_disable_header":"","neve_meta_disable_footer":"","neve_meta_disable_title":"","neve_meta_reading_time":"","footnotes":""},"class_list":["post-46","page","type-page","status-publish","has-post-thumbnail","hentry"],"yoast_head":"<!-- This site is optimized with the Yoast SEO plugin v26.6 - https:\/\/yoast.com\/wordpress\/plugins\/seo\/ -->\n<title>Ausl\u00e4nderbeh\u00f6rden in Niedersachsen | Adressen, Kontakt und Anschrift<\/title>\n<meta name=\"description\" content=\"Hier finden Sie alle Adressen und Kontaktinformationen der Ausl\u00e4nder\u00e4mter oder auch Ausl\u00e4nderbeh\u00f6rden in Niedersachsen\" \/>\n<meta name=\"robots\" content=\"index, follow, max-snippet:-1, max-image-preview:large, max-video-preview:-1\" \/>\n<link rel=\"canonical\" href=\"https:\/\/auslaenderbehoerde.org\/en\/immigration-authorities-in-lower-saxony\/\" \/>\n<meta property=\"og:locale\" content=\"en_US\" \/>\n<meta property=\"og:type\" content=\"article\" \/>\n<meta property=\"og:title\" content=\"Ausl\u00e4nderbeh\u00f6rden in Niedersachsen | Adressen, Kontakt und Anschrift\" \/>\n<meta property=\"og:description\" content=\"Hier finden Sie alle Adressen und Kontaktinformationen der Ausl\u00e4nder\u00e4mter oder auch Ausl\u00e4nderbeh\u00f6rden in Niedersachsen\" \/>\n<meta property=\"og:url\" content=\"https:\/\/auslaenderbehoerde.org\/en\/immigration-authorities-in-lower-saxony\/\" \/>\n<meta property=\"og:site_name\" content=\"auslaenderbehoerde.org\" \/>\n<meta property=\"article:modified_time\" content=\"2022-07-13T22:23:48+00:00\" \/>\n<meta property=\"og:image\" content=\"https:\/\/auslaenderbehoerde.org\/wp-content\/uploads\/2022\/06\/Ausla\u0308nderbeho\u0308rde-scaled-e1656327377843.jpeg\" \/>\n\t<meta property=\"og:image:width\" content=\"900\" \/>\n\t<meta property=\"og:image:height\" content=\"675\" \/>\n\t<meta property=\"og:image:type\" content=\"image\/jpeg\" \/>\n<meta name=\"twitter:card\" content=\"summary_large_image\" \/>\n<meta name=\"twitter:label1\" content=\"Est. reading time\" \/>\n\t<meta name=\"twitter:data1\" content=\"2 minutes\" \/>\n<script type=\"application\/ld+json\" class=\"yoast-schema-graph\">{\"@context\":\"https:\/\/schema.org\",\"@graph\":[{\"@type\":\"WebPage\",\"@id\":\"https:\/\/auslaenderbehoerde.org\/auslaenderbehoerden-in-niedersachsen\/\",\"url\":\"https:\/\/auslaenderbehoerde.org\/auslaenderbehoerden-in-niedersachsen\/\",\"name\":\"Ausl\u00e4nderbeh\u00f6rden in Niedersachsen | Adressen, Kontakt und Anschrift\",\"isPartOf\":{\"@id\":\"https:\/\/auslaenderbehoerde.org\/#website\"},\"primaryImageOfPage\":{\"@id\":\"https:\/\/auslaenderbehoerde.org\/auslaenderbehoerden-in-niedersachsen\/#primaryimage\"},\"image\":{\"@id\":\"https:\/\/auslaenderbehoerde.org\/auslaenderbehoerden-in-niedersachsen\/#primaryimage\"},\"thumbnailUrl\":\"https:\/\/auslaenderbehoerde.org\/wp-content\/uploads\/2022\/06\/Ausla\u0308nderbeho\u0308rde-scaled-e1656327377843.jpeg\",\"datePublished\":\"2022-06-27T08:04:44+00:00\",\"dateModified\":\"2022-07-13T22:23:48+00:00\",\"description\":\"Hier finden Sie alle Adressen und Kontaktinformationen der Ausl\u00e4nder\u00e4mter oder auch Ausl\u00e4nderbeh\u00f6rden in Niedersachsen\",\"breadcrumb\":{\"@id\":\"https:\/\/auslaenderbehoerde.org\/auslaenderbehoerden-in-niedersachsen\/#breadcrumb\"},\"inLanguage\":\"en-US\",\"potentialAction\":[{\"@type\":\"ReadAction\",\"target\":[\"https:\/\/auslaenderbehoerde.org\/auslaenderbehoerden-in-niedersachsen\/\"]}]},{\"@type\":\"ImageObject\",\"inLanguage\":\"en-US\",\"@id\":\"https:\/\/auslaenderbehoerde.org\/auslaenderbehoerden-in-niedersachsen\/#primaryimage\",\"url\":\"https:\/\/auslaenderbehoerde.org\/wp-content\/uploads\/2022\/06\/Ausla\u0308nderbeho\u0308rde-scaled-e1656327377843.jpeg\",\"contentUrl\":\"https:\/\/auslaenderbehoerde.org\/wp-content\/uploads\/2022\/06\/Ausla\u0308nderbeho\u0308rde-scaled-e1656327377843.jpeg\",\"width\":900,\"height\":675,\"caption\":\"Ausl\u00e4nderbeh\u00f6rde\"},{\"@type\":\"BreadcrumbList\",\"@id\":\"https:\/\/auslaenderbehoerde.org\/auslaenderbehoerden-in-niedersachsen\/#breadcrumb\",\"itemListElement\":[{\"@type\":\"ListItem\",\"position\":1,\"name\":\"Startseite\",\"item\":\"https:\/\/auslaenderbehoerde.org\/\"},{\"@type\":\"ListItem\",\"position\":2,\"name\":\"Ausl\u00e4nderbeh\u00f6rden in Niedersachsen\"}]},{\"@type\":\"WebSite\",\"@id\":\"https:\/\/auslaenderbehoerde.org\/#website\",\"url\":\"https:\/\/auslaenderbehoerde.org\/\",\"name\":\"auslaenderbehoerde.org\",\"description\":\"\",\"potentialAction\":[{\"@type\":\"SearchAction\",\"target\":{\"@type\":\"EntryPoint\",\"urlTemplate\":\"https:\/\/auslaenderbehoerde.org\/?s={search_term_string}\"},\"query-input\":{\"@type\":\"PropertyValueSpecification\",\"valueRequired\":true,\"valueName\":\"search_term_string\"}}],\"inLanguage\":\"en-US\"}]}<\/script>\n<!-- \/ Yoast SEO plugin. -->","yoast_head_json":{"title":"Immigration authorities in Lower Saxony | Addresses, contact and postal address","description":"Here you will find all the addresses and contact information for the immigration offices or immigration authorities in Lower Saxony","robots":{"index":"index","follow":"follow","max-snippet":"max-snippet:-1","max-image-preview":"max-image-preview:large","max-video-preview":"max-video-preview:-1"},"canonical":"https:\/\/auslaenderbehoerde.org\/en\/immigration-authorities-in-lower-saxony\/","og_locale":"en_US","og_type":"article","og_title":"Ausl\u00e4nderbeh\u00f6rden in Niedersachsen | Adressen, Kontakt und Anschrift","og_description":"Hier finden Sie alle Adressen und Kontaktinformationen der Ausl\u00e4nder\u00e4mter oder auch Ausl\u00e4nderbeh\u00f6rden in Niedersachsen","og_url":"https:\/\/auslaenderbehoerde.org\/en\/immigration-authorities-in-lower-saxony\/","og_site_name":"auslaenderbehoerde.org","article_modified_time":"2022-07-13T22:23:48+00:00","og_image":[{"width":900,"height":675,"url":"https:\/\/auslaenderbehoerde.org\/wp-content\/uploads\/2022\/06\/Ausla\u0308nderbeho\u0308rde-scaled-e1656327377843.jpeg","type":"image\/jpeg"}],"twitter_card":"summary_large_image","twitter_misc":{"Est. reading time":"2 minutes"},"schema":{"@context":"https:\/\/schema.org","@graph":[{"@type":"WebPage","@id":"https:\/\/auslaenderbehoerde.org\/auslaenderbehoerden-in-niedersachsen\/","url":"https:\/\/auslaenderbehoerde.org\/auslaenderbehoerden-in-niedersachsen\/","name":"Immigration authorities in Lower Saxony | Addresses, contact and postal address","isPartOf":{"@id":"https:\/\/auslaenderbehoerde.org\/#website"},"primaryImageOfPage":{"@id":"https:\/\/auslaenderbehoerde.org\/auslaenderbehoerden-in-niedersachsen\/#primaryimage"},"image":{"@id":"https:\/\/auslaenderbehoerde.org\/auslaenderbehoerden-in-niedersachsen\/#primaryimage"},"thumbnailUrl":"https:\/\/auslaenderbehoerde.org\/wp-content\/uploads\/2022\/06\/Ausla\u0308nderbeho\u0308rde-scaled-e1656327377843.jpeg","datePublished":"2022-06-27T08:04:44+00:00","dateModified":"2022-07-13T22:23:48+00:00","description":"Here you will find all the addresses and contact information for the immigration offices or immigration authorities in Lower Saxony","breadcrumb":{"@id":"https:\/\/auslaenderbehoerde.org\/auslaenderbehoerden-in-niedersachsen\/#breadcrumb"},"inLanguage":"en-US","potentialAction":[{"@type":"ReadAction","target":["https:\/\/auslaenderbehoerde.org\/auslaenderbehoerden-in-niedersachsen\/"]}]},{"@type":"ImageObject","inLanguage":"en-US","@id":"https:\/\/auslaenderbehoerde.org\/auslaenderbehoerden-in-niedersachsen\/#primaryimage","url":"https:\/\/auslaenderbehoerde.org\/wp-content\/uploads\/2022\/06\/Ausla\u0308nderbeho\u0308rde-scaled-e1656327377843.jpeg","contentUrl":"https:\/\/auslaenderbehoerde.org\/wp-content\/uploads\/2022\/06\/Ausla\u0308nderbeho\u0308rde-scaled-e1656327377843.jpeg","width":900,"height":675,"caption":"Ausl\u00e4nderbeh\u00f6rde"},{"@type":"BreadcrumbList","@id":"https:\/\/auslaenderbehoerde.org\/auslaenderbehoerden-in-niedersachsen\/#breadcrumb","itemListElement":[{"@type":"ListItem","position":1,"name":"Startseite","item":"https:\/\/auslaenderbehoerde.org\/"},{"@type":"ListItem","position":2,"name":"Ausl\u00e4nderbeh\u00f6rden in Niedersachsen"}]},{"@type":"WebSite","@id":"https:\/\/auslaenderbehoerde.org\/#website","url":"https:\/\/auslaenderbehoerde.org\/","name":"auslaenderbehoerde.org","description":"","potentialAction":[{"@type":"SearchAction","target":{"@type":"EntryPoint","urlTemplate":"https:\/\/auslaenderbehoerde.org\/?s={search_term_string}"},"query-input":{"@type":"PropertyValueSpecification","valueRequired":true,"valueName":"search_term_string"}}],"inLanguage":"en-US"}]}},"_links":{"self":[{"href":"https:\/\/auslaenderbehoerde.org\/en\/wp-json\/wp\/v2\/pages\/46","targetHints":{"allow":["GET"]}}],"collection":[{"href":"https:\/\/auslaenderbehoerde.org\/en\/wp-json\/wp\/v2\/pages"}],"about":[{"href":"https:\/\/auslaenderbehoerde.org\/en\/wp-json\/wp\/v2\/types\/page"}],"author":[{"embeddable":true,"href":"https:\/\/auslaenderbehoerde.org\/en\/wp-json\/wp\/v2\/users\/1"}],"replies":[{"embeddable":true,"href":"https:\/\/auslaenderbehoerde.org\/en\/wp-json\/wp\/v2\/comments?post=46"}],"version-history":[{"count":10,"href":"https:\/\/auslaenderbehoerde.org\/en\/wp-json\/wp\/v2\/pages\/46\/revisions"}],"predecessor-version":[{"id":1229,"href":"https:\/\/auslaenderbehoerde.org\/en\/wp-json\/wp\/v2\/pages\/46\/revisions\/1229"}],"wp:featuredmedia":[{"embeddable":true,"href":"https:\/\/auslaenderbehoerde.org\/en\/wp-json\/wp\/v2\/media\/65"}],"wp:attachment":[{"href":"https:\/\/auslaenderbehoerde.org\/en\/wp-json\/wp\/v2\/media?parent=46"}],"curies":[{"name":"wp","href":"https:\/\/api.w.org\/{rel}","templated":true}]}}