{"id":498,"date":"2022-07-06T12:22:45","date_gmt":"2022-07-06T10:22:45","guid":{"rendered":"https:\/\/auslaenderbehoerde.org\/?page_id=498"},"modified":"2022-07-06T12:22:45","modified_gmt":"2022-07-06T10:22:45","slug":"auslaenderbehoerde-deggendorf","status":"publish","type":"page","link":"https:\/\/auslaenderbehoerde.org\/en\/immigration-authorities-deggendorf\/","title":{"rendered":"Immigration Office Deggendorf"},"content":{"rendered":"<p>Here you will find the various contact options and other helpful information for the Immigration Office Deggendorf - Bavaria<\/p>\n<p><strong>Address:<\/strong> Immigration office in the district of Deggendorf, Herrenstra\u00dfe 18, 94469 Deggendorf<br \/>\n<strong>Phone:<\/strong> 0991 3100-420<br \/>\n<strong>Fax:<\/strong> 0991 310041-229<br \/>\n<strong>E-mail:<\/strong> <a href=\"mailto:asylrecht@lra-deg.bayern.de\">asylrecht@lra-deg.bayern.de<\/a><br \/>\n<strong>Website:<\/strong> <a href=\"https:\/\/www.landkreis-deggendorf.de\/\">www.landkreis-deggendorf.de<\/a><br \/>\n<strong>Opening hours:<\/strong> see website<\/p>\n<p><iframe style=\"border: 0;\" src=\"https:\/\/www.google.com\/maps\/embed?pb=!1m18!1m12!1m3!1d2626.0033191518824!2d12.952023451495041!3d48.83907537918392!2m3!1f0!2f0!3f0!3m2!1i1024!2i768!4f13.1!3m3!1m2!1s0x477511760883b693%3A0x2108265c25876b85!2sHerrenstra%C3%9Fe%2018%2C%2094469%20Deggendorf!5e0!3m2!1sde!2sde!4v1657102956501!5m2!1sde!2sde\" width=\"600\" height=\"450\" allowfullscreen=\"allowfullscreen\"><\/iframe><\/p>\n<h2>Tasks of the Immigration Office in Deggendorf<\/h2>\n<p>The Immigration Office Deggendorf is responsible for the residents of Deggendorf and the associated towns. The authority is the first address for foreigners arriving from abroad. It is responsible for issuing or refusing residence permits according to the respective residence purposes of the Residence Act.<\/p>\n<p>The Immigration Office is also responsible for issuing the <a href=\"https:\/\/auslaenderbehoerde.org\/en\/residence-permit\/\">residence permit<\/a>, <a href=\"https:\/\/auslaenderbehoerde.org\/en\/commitment-declaration\/\">commitment declaration<\/a>, travel documents and toleration permits for foreigners. The immigration office is working on it <a href=\"https:\/\/www.gesetze-im-internet.de\/aufenthg_2004\/__71.html\" target=\"_blank\" rel=\"noopener external noreferrer\" data-wpel-link=\"external\">Section 71<\/a> AufenthG and is responsible for regulating all decisions and measures that affect the passport and residence rights of foreigners.<\/p>\n<p>The responsibility of the foreigners authority also extends to numerous other tasks. The type and duration of the residence permit vary greatly. Some are given a time limit, others are denied a residence permit and are granted an exit permit under the Residence Act.<\/p>\n<p>The immigration authorities are also responsible for asylum seekers and displaced persons. You decide about <a href=\"https:\/\/auslaenderbehoerde.org\/en\/residence-permit-2\/\">residence permit<\/a> and issue these if the decision is positive.<\/p>\n<p><strong>Here is an overview of what the immigration authorities are responsible for:<\/strong><\/p>\n<ul style=\"list-style-type: circle;\">\n<li>refugee aid<\/li>\n<li>social care<\/li>\n<li>integration courses<\/li>\n<li>Organization and approval of entry and stay in Germany<\/li>\n<li>benefit entitlement<\/li>\n<li>reimbursement and health care<\/li>\n<li>civil status<\/li>\n<li>commitment declaration<\/li>\n<li>accommodation options<\/li>\n<li>register<\/li>\n<li>asylum procedure<\/li>\n<\/ul>\n<h3>How can I make an appointment with the Immigration Office <span id=\"Wie_kann_ich_einen_Termin_beim_Jugendamt_vereinbaren\">agree?<\/span><\/h3>\n<p>There are several ways to make an appointment at the Immigration Office. The offices can usually be reached in person, by telephone, by e-mail or online. The address and opening times can be viewed online. In some cities you can make an appointment via the city&#039;s service portal and download online forms. Make sure you have all the necessary documents complete before visiting the agency.<\/p>\n<div class=\"su-note\"  style=\"border-color:#d1d1d0;border-radius:3px;-moz-border-radius:3px;-webkit-border-radius:3px;\"><div class=\"su-note-inner su-u-clearfix su-u-trim\" style=\"background-color:#ebebea;border-color:#ffffff;color:#444444;border-radius:3px;-moz-border-radius:3px;-webkit-border-radius:3px;\"><b>A notice: <\/b>For offices and authorities, you usually need the documents or certificates as <a href=\"https:\/\/tidd.ly\/3y8DKdr\" target=\"_blank\" rel=\"noopener\">certified translation<\/a>*.<\/div><\/div>\n<p><strong>Are you expecting visitors from abroad?<\/strong> With a <a href=\"https:\/\/auslaenderbehoerde.org\/en\/travel-insurance-for-foreign-guests\/\">Travel insurance for foreign guests<\/a> benefit from comprehensive protection in Germany and Europe.<\/p>\n<h3>Further immigration authorities and information<\/h3>\n<ul style=\"list-style-type: circle;\">\n<li><a href=\"https:\/\/auslaenderbehoerde.org\/en\/immigration-authorities-in-bavaria\/\">Immigration authorities in Bavaria<\/a><\/li>\n<li><a href=\"https:\/\/auslaenderbehoerde.org\/en\/\">Immigration authorities in Germany<\/a><\/li>\n<li><a href=\"https:\/\/auslaenderbehoerde.org\/en\/first-steps-in-germany\/\" data-wpel-link=\"internal\">First steps in Germany<\/a><\/li>\n<\/ul>","protected":false},"excerpt":{"rendered":"<p>Here you will find the various contact options and other useful information for the Deggendorf Immigration Office - Bavaria Address: Deggendorf District Immigration Office, Herrenstra\u00dfe 18, 94469 Deggendorf Telephone: 0991 3100-420 Fax: 0991 310041-229 Email: asylrecht@lra-deg.bayern.de Website: www.landkreis-deggendorf.de Opening hours: see website Tasks of the Deggendorf Immigration Office The Deggendorf Immigration Office is responsible for the residents of Deggendorf and the surrounding towns.\u2026&nbsp;<a href=\"https:\/\/auslaenderbehoerde.org\/en\/immigration-authorities-deggendorf\/\" rel=\"bookmark\">ReadMore \u00bb<span class=\"screen-reader-text\">Immigration Office Deggendorf<\/span><\/a><\/p>","protected":false},"author":1,"featured_media":65,"parent":0,"menu_order":0,"comment_status":"closed","ping_status":"closed","template":"","meta":{"neve_meta_sidebar":"","neve_meta_container":"","neve_meta_enable_content_width":"off","neve_meta_content_width":100,"neve_meta_title_alignment":"","neve_meta_author_avatar":"","neve_post_elements_order":"","neve_meta_disable_header":"","neve_meta_disable_footer":"","neve_meta_disable_title":"","neve_meta_reading_time":"","footnotes":""},"class_list":["post-498","page","type-page","status-publish","has-post-thumbnail","hentry"],"yoast_head":"<!-- This site is optimized with the Yoast SEO plugin v26.6 - https:\/\/yoast.com\/wordpress\/plugins\/seo\/ -->\n<title>Ausl\u00e4nderbeh\u00f6rde Deggendorf | Adresse und Kontaktdaten<\/title>\n<meta name=\"description\" content=\"Ausl\u00e4nderbeh\u00f6rde Deggendorf | Hier finden Sie alle Informationen wie Adresse und Anschrift \u2713 Telefonnummer, Kontakt und \u00d6ffnungszeiten\" \/>\n<meta name=\"robots\" content=\"index, follow, max-snippet:-1, max-image-preview:large, max-video-preview:-1\" \/>\n<link rel=\"canonical\" href=\"https:\/\/auslaenderbehoerde.org\/en\/immigration-authorities-deggendorf\/\" \/>\n<meta property=\"og:locale\" content=\"en_US\" \/>\n<meta property=\"og:type\" content=\"article\" \/>\n<meta property=\"og:title\" content=\"Ausl\u00e4nderbeh\u00f6rde Deggendorf | Adresse und Kontaktdaten\" \/>\n<meta property=\"og:description\" content=\"Ausl\u00e4nderbeh\u00f6rde Deggendorf | Hier finden Sie alle Informationen wie Adresse und Anschrift \u2713 Telefonnummer, Kontakt und \u00d6ffnungszeiten\" \/>\n<meta property=\"og:url\" content=\"https:\/\/auslaenderbehoerde.org\/en\/immigration-authorities-deggendorf\/\" \/>\n<meta property=\"og:site_name\" content=\"auslaenderbehoerde.org\" \/>\n<meta property=\"og:image\" content=\"https:\/\/auslaenderbehoerde.org\/wp-content\/uploads\/2022\/06\/Ausla\u0308nderbeho\u0308rde-scaled-e1656327377843.jpeg\" \/>\n\t<meta property=\"og:image:width\" content=\"900\" \/>\n\t<meta property=\"og:image:height\" content=\"675\" \/>\n\t<meta property=\"og:image:type\" content=\"image\/jpeg\" \/>\n<meta name=\"twitter:card\" content=\"summary_large_image\" \/>\n<meta name=\"twitter:label1\" content=\"Est. reading time\" \/>\n\t<meta name=\"twitter:data1\" content=\"2 minutes\" \/>\n<script type=\"application\/ld+json\" class=\"yoast-schema-graph\">{\"@context\":\"https:\/\/schema.org\",\"@graph\":[{\"@type\":\"WebPage\",\"@id\":\"https:\/\/auslaenderbehoerde.org\/auslaenderbehoerde-deggendorf\/\",\"url\":\"https:\/\/auslaenderbehoerde.org\/auslaenderbehoerde-deggendorf\/\",\"name\":\"Ausl\u00e4nderbeh\u00f6rde Deggendorf | Adresse und Kontaktdaten\",\"isPartOf\":{\"@id\":\"https:\/\/auslaenderbehoerde.org\/#website\"},\"primaryImageOfPage\":{\"@id\":\"https:\/\/auslaenderbehoerde.org\/auslaenderbehoerde-deggendorf\/#primaryimage\"},\"image\":{\"@id\":\"https:\/\/auslaenderbehoerde.org\/auslaenderbehoerde-deggendorf\/#primaryimage\"},\"thumbnailUrl\":\"https:\/\/auslaenderbehoerde.org\/wp-content\/uploads\/2022\/06\/Ausla\u0308nderbeho\u0308rde-scaled-e1656327377843.jpeg\",\"datePublished\":\"2022-07-06T10:22:45+00:00\",\"description\":\"Ausl\u00e4nderbeh\u00f6rde Deggendorf | Hier finden Sie alle Informationen wie Adresse und Anschrift \u2713 Telefonnummer, Kontakt und \u00d6ffnungszeiten\",\"breadcrumb\":{\"@id\":\"https:\/\/auslaenderbehoerde.org\/auslaenderbehoerde-deggendorf\/#breadcrumb\"},\"inLanguage\":\"en-US\",\"potentialAction\":[{\"@type\":\"ReadAction\",\"target\":[\"https:\/\/auslaenderbehoerde.org\/auslaenderbehoerde-deggendorf\/\"]}]},{\"@type\":\"ImageObject\",\"inLanguage\":\"en-US\",\"@id\":\"https:\/\/auslaenderbehoerde.org\/auslaenderbehoerde-deggendorf\/#primaryimage\",\"url\":\"https:\/\/auslaenderbehoerde.org\/wp-content\/uploads\/2022\/06\/Ausla\u0308nderbeho\u0308rde-scaled-e1656327377843.jpeg\",\"contentUrl\":\"https:\/\/auslaenderbehoerde.org\/wp-content\/uploads\/2022\/06\/Ausla\u0308nderbeho\u0308rde-scaled-e1656327377843.jpeg\",\"width\":900,\"height\":675,\"caption\":\"Ausl\u00e4nderbeh\u00f6rde\"},{\"@type\":\"BreadcrumbList\",\"@id\":\"https:\/\/auslaenderbehoerde.org\/auslaenderbehoerde-deggendorf\/#breadcrumb\",\"itemListElement\":[{\"@type\":\"ListItem\",\"position\":1,\"name\":\"Startseite\",\"item\":\"https:\/\/auslaenderbehoerde.org\/\"},{\"@type\":\"ListItem\",\"position\":2,\"name\":\"Ausl\u00e4nderbeh\u00f6rde Deggendorf\"}]},{\"@type\":\"WebSite\",\"@id\":\"https:\/\/auslaenderbehoerde.org\/#website\",\"url\":\"https:\/\/auslaenderbehoerde.org\/\",\"name\":\"auslaenderbehoerde.org\",\"description\":\"\",\"potentialAction\":[{\"@type\":\"SearchAction\",\"target\":{\"@type\":\"EntryPoint\",\"urlTemplate\":\"https:\/\/auslaenderbehoerde.org\/?s={search_term_string}\"},\"query-input\":{\"@type\":\"PropertyValueSpecification\",\"valueRequired\":true,\"valueName\":\"search_term_string\"}}],\"inLanguage\":\"en-US\"}]}<\/script>\n<!-- \/ Yoast SEO plugin. -->","yoast_head_json":{"title":"Immigration Office Deggendorf | address and contact details","description":"Immigration Office Deggendorf | Here you will find all information such as address and address \u2713 telephone number, contact and opening times","robots":{"index":"index","follow":"follow","max-snippet":"max-snippet:-1","max-image-preview":"max-image-preview:large","max-video-preview":"max-video-preview:-1"},"canonical":"https:\/\/auslaenderbehoerde.org\/en\/immigration-authorities-deggendorf\/","og_locale":"en_US","og_type":"article","og_title":"Ausl\u00e4nderbeh\u00f6rde Deggendorf | Adresse und Kontaktdaten","og_description":"Ausl\u00e4nderbeh\u00f6rde Deggendorf | Hier finden Sie alle Informationen wie Adresse und Anschrift \u2713 Telefonnummer, Kontakt und \u00d6ffnungszeiten","og_url":"https:\/\/auslaenderbehoerde.org\/en\/immigration-authorities-deggendorf\/","og_site_name":"auslaenderbehoerde.org","og_image":[{"width":900,"height":675,"url":"https:\/\/auslaenderbehoerde.org\/wp-content\/uploads\/2022\/06\/Ausla\u0308nderbeho\u0308rde-scaled-e1656327377843.jpeg","type":"image\/jpeg"}],"twitter_card":"summary_large_image","twitter_misc":{"Est. reading time":"2 minutes"},"schema":{"@context":"https:\/\/schema.org","@graph":[{"@type":"WebPage","@id":"https:\/\/auslaenderbehoerde.org\/auslaenderbehoerde-deggendorf\/","url":"https:\/\/auslaenderbehoerde.org\/auslaenderbehoerde-deggendorf\/","name":"Immigration Office Deggendorf | address and contact details","isPartOf":{"@id":"https:\/\/auslaenderbehoerde.org\/#website"},"primaryImageOfPage":{"@id":"https:\/\/auslaenderbehoerde.org\/auslaenderbehoerde-deggendorf\/#primaryimage"},"image":{"@id":"https:\/\/auslaenderbehoerde.org\/auslaenderbehoerde-deggendorf\/#primaryimage"},"thumbnailUrl":"https:\/\/auslaenderbehoerde.org\/wp-content\/uploads\/2022\/06\/Ausla\u0308nderbeho\u0308rde-scaled-e1656327377843.jpeg","datePublished":"2022-07-06T10:22:45+00:00","description":"Immigration Office Deggendorf | Here you will find all information such as address and address \u2713 telephone number, contact and opening times","breadcrumb":{"@id":"https:\/\/auslaenderbehoerde.org\/auslaenderbehoerde-deggendorf\/#breadcrumb"},"inLanguage":"en-US","potentialAction":[{"@type":"ReadAction","target":["https:\/\/auslaenderbehoerde.org\/auslaenderbehoerde-deggendorf\/"]}]},{"@type":"ImageObject","inLanguage":"en-US","@id":"https:\/\/auslaenderbehoerde.org\/auslaenderbehoerde-deggendorf\/#primaryimage","url":"https:\/\/auslaenderbehoerde.org\/wp-content\/uploads\/2022\/06\/Ausla\u0308nderbeho\u0308rde-scaled-e1656327377843.jpeg","contentUrl":"https:\/\/auslaenderbehoerde.org\/wp-content\/uploads\/2022\/06\/Ausla\u0308nderbeho\u0308rde-scaled-e1656327377843.jpeg","width":900,"height":675,"caption":"Ausl\u00e4nderbeh\u00f6rde"},{"@type":"BreadcrumbList","@id":"https:\/\/auslaenderbehoerde.org\/auslaenderbehoerde-deggendorf\/#breadcrumb","itemListElement":[{"@type":"ListItem","position":1,"name":"Startseite","item":"https:\/\/auslaenderbehoerde.org\/"},{"@type":"ListItem","position":2,"name":"Ausl\u00e4nderbeh\u00f6rde Deggendorf"}]},{"@type":"WebSite","@id":"https:\/\/auslaenderbehoerde.org\/#website","url":"https:\/\/auslaenderbehoerde.org\/","name":"auslaenderbehoerde.org","description":"","potentialAction":[{"@type":"SearchAction","target":{"@type":"EntryPoint","urlTemplate":"https:\/\/auslaenderbehoerde.org\/?s={search_term_string}"},"query-input":{"@type":"PropertyValueSpecification","valueRequired":true,"valueName":"search_term_string"}}],"inLanguage":"en-US"}]}},"_links":{"self":[{"href":"https:\/\/auslaenderbehoerde.org\/en\/wp-json\/wp\/v2\/pages\/498","targetHints":{"allow":["GET"]}}],"collection":[{"href":"https:\/\/auslaenderbehoerde.org\/en\/wp-json\/wp\/v2\/pages"}],"about":[{"href":"https:\/\/auslaenderbehoerde.org\/en\/wp-json\/wp\/v2\/types\/page"}],"author":[{"embeddable":true,"href":"https:\/\/auslaenderbehoerde.org\/en\/wp-json\/wp\/v2\/users\/1"}],"replies":[{"embeddable":true,"href":"https:\/\/auslaenderbehoerde.org\/en\/wp-json\/wp\/v2\/comments?post=498"}],"version-history":[{"count":1,"href":"https:\/\/auslaenderbehoerde.org\/en\/wp-json\/wp\/v2\/pages\/498\/revisions"}],"predecessor-version":[{"id":499,"href":"https:\/\/auslaenderbehoerde.org\/en\/wp-json\/wp\/v2\/pages\/498\/revisions\/499"}],"wp:featuredmedia":[{"embeddable":true,"href":"https:\/\/auslaenderbehoerde.org\/en\/wp-json\/wp\/v2\/media\/65"}],"wp:attachment":[{"href":"https:\/\/auslaenderbehoerde.org\/en\/wp-json\/wp\/v2\/media?parent=498"}],"curies":[{"name":"wp","href":"https:\/\/api.w.org\/{rel}","templated":true}]}}