{"id":143,"date":"2022-06-28T14:11:47","date_gmt":"2022-06-28T12:11:47","guid":{"rendered":"https:\/\/auslaenderbehoerde.org\/?page_id=143"},"modified":"2022-07-07T16:49:29","modified_gmt":"2022-07-07T14:49:29","slug":"reiseversicherung-fuer-auslaendische-gaeste","status":"publish","type":"page","link":"https:\/\/auslaenderbehoerde.org\/es\/seguro-de-viaje-para-huespedes-extranjeros\/","title":{"rendered":"Seguro de viaje para hu\u00e9spedes extranjeros"},"content":{"rendered":"<p><img decoding=\"async\" class=\"aligncenter wp-image-218 size-full\" src=\"https:\/\/auslaenderbehoerde.org\/wp-content\/uploads\/2022\/07\/insurance-gaed63b78b_640.jpg\" alt=\"Seguro de viaje para hu\u00e9spedes extranjeros\" width=\"640\" height=\"450\" srcset=\"https:\/\/auslaenderbehoerde.org\/wp-content\/uploads\/2022\/07\/insurance-gaed63b78b_640.jpg 640w, https:\/\/auslaenderbehoerde.org\/wp-content\/uploads\/2022\/07\/insurance-gaed63b78b_640-300x211.jpg 300w\" sizes=\"(max-width: 640px) 100vw, 640px\" \/><\/p>\n<p><strong>Invitados extranjeros<\/strong>que son invitados a Alemania por familiares o conocidos durante un per\u00edodo de tiempo m\u00e1s largo deben estar asegurados a todo riesgo. Para que no haya perjuicio financiero para el pa\u00eds anfitri\u00f3n y los invitados, uno <strong>declaraci\u00f3n de compromiso<\/strong> no est\u00e1 abrumado financieramente, necesita un seguro de viaje para hu\u00e9spedes extranjeros. Nuestra recomendaci\u00f3n - <a href=\"https:\/\/www.awin1.com\/cread.php?awinmid=20468&amp;awinaffid=384383&amp;ued=https%3A%2F%2Fwww.allianz-reiseversicherung.de%2Fde_DE%2Fincoming-krankenversicherung.html\" target=\"_blank\" rel=\"noopener\">Seguro de salud entrante de Allianz<\/a>* \u2013 Para visitantes del exterior.<\/p>\n<h2>\u00bfQu\u00e9 es un seguro de viaje para hu\u00e9spedes extranjeros o un seguro entrante?<\/h2>\n<p>Tan pronto como los hu\u00e9spedes o visitantes viajen a la UE, los pa\u00edses Schengen (Suiza \/ Liechtenstein), expl\u00edcitamente Alemania y un <a href=\"https:\/\/auslaenderbehoerde.org\/es\/declaracion-de-compromiso\/\">declaraci\u00f3n de compromiso<\/a> existe, tambi\u00e9n necesitan una cobertura de seguro integral. No solo necesita un seguro de salud, tambi\u00e9n necesita un seguro de accidentes y de responsabilidad civil. Esta es la \u00fanica manera de evitar costos significativos y reclamos financieros de terceros.<\/p>\n<p>El seguro de viaje para hu\u00e9spedes extranjeros es relativamente barato. Dependiendo de la oferta y de la cobertura de los costes, el seguro solo cuesta alrededor de 1 euro por persona y d\u00eda. Los gastos m\u00e9dicos derivados de un accidente o enfermedad en Alemania y en todos los dem\u00e1s pa\u00edses de la UE, incluidos Suiza y Liechtenstein, est\u00e1n cubiertos por la compa\u00f1\u00eda de seguros. Un documento que pruebe la conclusi\u00f3n de una p\u00f3liza de seguro entrante debe ser relevante con todos los dem\u00e1s documentos <a href=\"https:\/\/auslaenderbehoerde.org\/es\/\">Autoridad de extranjer\u00eda<\/a> ser presentado.<\/p>\n<h2>\u00bfQu\u00e9 servicios est\u00e1n incluidos en el seguro entrante?<\/h2>\n<p>Todos los gastos cubiertos por el seguro de viaje para hu\u00e9spedes en el extranjero deben estar documentados y documentados. Est\u00e1n aseguradas las siguientes prestaciones en materia de enfermedades y accidentes:<\/p>\n<ul style=\"list-style-type: circle;\">\n<li>Tratamiento ambulatorio en consultorios m\u00e9dicos<\/li>\n<li>Transporte en ambulancia al hospital m\u00e1s cercano (y de vuelta si no se produce ingreso hospitalario)<\/li>\n<li>tratamiento hospitalario para pacientes internados sin servicios opcionales<\/li>\n<li>Tratamiento poshospitalario<\/li>\n<li>empastes dentales simples y tratamientos dentales para aliviar el dolor<\/li>\n<li>las dentaduras existentes se pueden reparar<\/li>\n<li>Transporte de regreso al pa\u00eds de origen ordenado m\u00e9dicamente<\/li>\n<li>en caso de fallecimiento, el traslado, incluidos los gastos funerarios, estar\u00e1 cubierto por el seguro hasta un l\u00edmite m\u00e1ximo acordado<\/li>\n<\/ul>\n<p>El costo del seguro entrante puede variar ya que hay diferentes proveedores para elegir. No se excluye un deducible por caso de tratamiento y se confirma y garantiza contractualmente cuando se celebra el contrato. El seguro de viaje para hu\u00e9spedes extranjeros solo se puede contratar hasta cierta edad.<\/p>\n<p>Al solicitar cobertura de seguro, la compa\u00f1\u00eda de seguros respectiva emite un certificado de seguro, que se presenta a las autoridades de inmigraci\u00f3n y se adjunta con los documentos personales para la solicitud de visa. Adem\u00e1s del seguro de salud, el seguro de responsabilidad personal y de accidentes est\u00e1 incluido en el seguro. Vale la pena comparar ofertas de diferentes compa\u00f1\u00edas de seguros.<\/p>\n<p>El monto de la prima del seguro puede variar seg\u00fan la edad y las condiciones preexistentes. Para que la contrataci\u00f3n del seguro entrante se realice con el menor riesgo posible para el asegurador, en la solicitud se deben consignar las enfermedades previas y otros datos personales. Los tratamientos m\u00e1s extensos generalmente se excluyen en el \u00e1rea de condiciones preexistentes. El seguro entrante es un s\u00f3lido seguro de salud, accidentes y responsabilidad civil que cubre los peores riesgos. Sin embargo, se excluye el tratamiento m\u00e9dico intensivo de enfermedades existentes.<\/p>\n<p>El seguro entrante es un <strong>seguro privado<\/strong>, que debe ser completado en privado. Los estatutos pueden tener una redacci\u00f3n diferente, pero corresponden a los requisitos y especificaciones de las autoridades de inmigraci\u00f3n. Si no est\u00e1 seguro de si el proveedor seleccionado de un seguro entrante es la opci\u00f3n correcta, debe consultar nuevamente con la autoridad de extranjer\u00eda responsable antes de contratar el seguro. Si la respuesta es positiva, puedes contratar el seguro entrante de tu elecci\u00f3n con la conciencia tranquila.<\/p>\n<div class=\"su-button-center\"><a href=\"https:\/\/tidd.ly\/3P5FWJs\" class=\"su-button su-button-style-default\" style=\"color:#FFFFFF;background-color:#ef982d;border-color:#c07a24;border-radius:9px\" target=\"_blank\" rel=\"nofollow\"><span style=\"color:#FFFFFF;padding:8px 24px;font-size:18px;line-height:27px;border-color:#f4b76c;border-radius:9px;text-shadow:none\"><i class=\"sui sui-hand-o-right\" style=\"font-size:18px;color:#FFFFFF\"><\/i> Seguro de Salud Entrante de Allianz *<\/span><\/a><\/div>\n<h3 id=\"customheading6\"><strong>enlaces relacionados\u00a0<\/strong><\/h3>\n<ul>\n<li><a href=\"https:\/\/auslaenderbehoerde.org\/es\/primeros-pasos-en-alemania\/\" data-wpel-link=\"internal\">Primeros pasos en Alemania<\/a><\/li>\n<\/ul>","protected":false},"excerpt":{"rendered":"<p>Los hu\u00e9spedes extranjeros que sean invitados a Alemania por familiares o conocidos durante un per\u00edodo de tiempo m\u00e1s largo deben estar asegurados a todo riesgo. Para que el pa\u00eds anfitri\u00f3n no sufra ning\u00fan da\u00f1o econ\u00f3mico y que los invitados que han presentado una declaraci\u00f3n de compromiso no se vean abrumados financieramente, se necesita un seguro de viaje para invitados extranjeros. Nuestra recomendaci\u00f3n \u2013 Allianz Seguro m\u00e9dico entrante* \u2013 Para visitantes\u2026&nbsp;<a href=\"https:\/\/auslaenderbehoerde.org\/es\/seguro-de-viaje-para-huespedes-extranjeros\/\" rel=\"bookmark\">Leer m\u00e1s &quot;<span class=\"screen-reader-text\">Seguro de viaje para hu\u00e9spedes extranjeros<\/span><\/a><\/p>","protected":false},"author":1,"featured_media":218,"parent":0,"menu_order":0,"comment_status":"closed","ping_status":"closed","template":"","meta":{"neve_meta_sidebar":"","neve_meta_container":"","neve_meta_enable_content_width":"off","neve_meta_content_width":100,"neve_meta_title_alignment":"","neve_meta_author_avatar":"","neve_post_elements_order":"","neve_meta_disable_header":"","neve_meta_disable_footer":"","neve_meta_disable_title":"","neve_meta_reading_time":"","footnotes":""},"class_list":["post-143","page","type-page","status-publish","has-post-thumbnail","hentry"],"yoast_head":"<!-- This site is optimized with the Yoast SEO plugin v26.6 - https:\/\/yoast.com\/wordpress\/plugins\/seo\/ -->\n<title>Reiseversicherung f\u00fcr ausl\u00e4ndische G\u00e4ste - Auslaenderbehoerde.org<\/title>\n<meta name=\"description\" content=\"Eine Reiseversicherung f\u00fcr ausl\u00e4ndische G\u00e4ste sch\u00fctzt Sie vor hohen Kosten w\u00e4hrend Ihres Aufenthaltes in Deutschland.\" \/>\n<meta name=\"robots\" content=\"index, follow, max-snippet:-1, max-image-preview:large, max-video-preview:-1\" \/>\n<link rel=\"canonical\" href=\"https:\/\/auslaenderbehoerde.org\/es\/seguro-de-viaje-para-huespedes-extranjeros\/\" \/>\n<meta property=\"og:locale\" content=\"es_ES\" \/>\n<meta property=\"og:type\" content=\"article\" \/>\n<meta property=\"og:title\" content=\"Reiseversicherung f\u00fcr ausl\u00e4ndische G\u00e4ste - Auslaenderbehoerde.org\" \/>\n<meta property=\"og:description\" content=\"Eine Reiseversicherung f\u00fcr ausl\u00e4ndische G\u00e4ste sch\u00fctzt Sie vor hohen Kosten w\u00e4hrend Ihres Aufenthaltes in Deutschland.\" \/>\n<meta property=\"og:url\" content=\"https:\/\/auslaenderbehoerde.org\/es\/seguro-de-viaje-para-huespedes-extranjeros\/\" \/>\n<meta property=\"og:site_name\" content=\"auslaenderbehoerde.org\" \/>\n<meta property=\"article:modified_time\" content=\"2022-07-07T14:49:29+00:00\" \/>\n<meta property=\"og:image\" content=\"https:\/\/auslaenderbehoerde.org\/wp-content\/uploads\/2022\/07\/insurance-gaed63b78b_640.jpg\" \/>\n\t<meta property=\"og:image:width\" content=\"640\" \/>\n\t<meta property=\"og:image:height\" content=\"450\" \/>\n\t<meta property=\"og:image:type\" content=\"image\/jpeg\" \/>\n<meta name=\"twitter:card\" content=\"summary_large_image\" \/>\n<meta name=\"twitter:label1\" content=\"Tiempo de lectura\" \/>\n\t<meta name=\"twitter:data1\" content=\"3 minutos\" \/>\n<script type=\"application\/ld+json\" class=\"yoast-schema-graph\">{\"@context\":\"https:\/\/schema.org\",\"@graph\":[{\"@type\":\"WebPage\",\"@id\":\"https:\/\/auslaenderbehoerde.org\/reiseversicherung-fuer-auslaendische-gaeste\/\",\"url\":\"https:\/\/auslaenderbehoerde.org\/reiseversicherung-fuer-auslaendische-gaeste\/\",\"name\":\"Reiseversicherung f\u00fcr ausl\u00e4ndische G\u00e4ste - Auslaenderbehoerde.org\",\"isPartOf\":{\"@id\":\"https:\/\/auslaenderbehoerde.org\/#website\"},\"primaryImageOfPage\":{\"@id\":\"https:\/\/auslaenderbehoerde.org\/reiseversicherung-fuer-auslaendische-gaeste\/#primaryimage\"},\"image\":{\"@id\":\"https:\/\/auslaenderbehoerde.org\/reiseversicherung-fuer-auslaendische-gaeste\/#primaryimage\"},\"thumbnailUrl\":\"https:\/\/auslaenderbehoerde.org\/wp-content\/uploads\/2022\/07\/insurance-gaed63b78b_640.jpg\",\"datePublished\":\"2022-06-28T12:11:47+00:00\",\"dateModified\":\"2022-07-07T14:49:29+00:00\",\"description\":\"Eine Reiseversicherung f\u00fcr ausl\u00e4ndische G\u00e4ste sch\u00fctzt Sie vor hohen Kosten w\u00e4hrend Ihres Aufenthaltes in Deutschland.\",\"breadcrumb\":{\"@id\":\"https:\/\/auslaenderbehoerde.org\/reiseversicherung-fuer-auslaendische-gaeste\/#breadcrumb\"},\"inLanguage\":\"es\",\"potentialAction\":[{\"@type\":\"ReadAction\",\"target\":[\"https:\/\/auslaenderbehoerde.org\/reiseversicherung-fuer-auslaendische-gaeste\/\"]}]},{\"@type\":\"ImageObject\",\"inLanguage\":\"es\",\"@id\":\"https:\/\/auslaenderbehoerde.org\/reiseversicherung-fuer-auslaendische-gaeste\/#primaryimage\",\"url\":\"https:\/\/auslaenderbehoerde.org\/wp-content\/uploads\/2022\/07\/insurance-gaed63b78b_640.jpg\",\"contentUrl\":\"https:\/\/auslaenderbehoerde.org\/wp-content\/uploads\/2022\/07\/insurance-gaed63b78b_640.jpg\",\"width\":640,\"height\":450,\"caption\":\"Reiseversicherung f\u00fcr ausl\u00e4ndische G\u00e4ste\"},{\"@type\":\"BreadcrumbList\",\"@id\":\"https:\/\/auslaenderbehoerde.org\/reiseversicherung-fuer-auslaendische-gaeste\/#breadcrumb\",\"itemListElement\":[{\"@type\":\"ListItem\",\"position\":1,\"name\":\"Startseite\",\"item\":\"https:\/\/auslaenderbehoerde.org\/\"},{\"@type\":\"ListItem\",\"position\":2,\"name\":\"Reiseversicherung f\u00fcr ausl\u00e4ndische G\u00e4ste\"}]},{\"@type\":\"WebSite\",\"@id\":\"https:\/\/auslaenderbehoerde.org\/#website\",\"url\":\"https:\/\/auslaenderbehoerde.org\/\",\"name\":\"auslaenderbehoerde.org\",\"description\":\"\",\"potentialAction\":[{\"@type\":\"SearchAction\",\"target\":{\"@type\":\"EntryPoint\",\"urlTemplate\":\"https:\/\/auslaenderbehoerde.org\/?s={search_term_string}\"},\"query-input\":{\"@type\":\"PropertyValueSpecification\",\"valueRequired\":true,\"valueName\":\"search_term_string\"}}],\"inLanguage\":\"es\"}]}<\/script>\n<!-- \/ Yoast SEO plugin. -->","yoast_head_json":{"title":"Seguro de viaje para hu\u00e9spedes extranjeros - Auslaenderbehoerde.org","description":"El seguro de viaje para hu\u00e9spedes extranjeros le protege frente a costes elevados durante su estancia en Alemania.","robots":{"index":"index","follow":"follow","max-snippet":"max-snippet:-1","max-image-preview":"max-image-preview:large","max-video-preview":"max-video-preview:-1"},"canonical":"https:\/\/auslaenderbehoerde.org\/es\/seguro-de-viaje-para-huespedes-extranjeros\/","og_locale":"es_ES","og_type":"article","og_title":"Reiseversicherung f\u00fcr ausl\u00e4ndische G\u00e4ste - Auslaenderbehoerde.org","og_description":"Eine Reiseversicherung f\u00fcr ausl\u00e4ndische G\u00e4ste sch\u00fctzt Sie vor hohen Kosten w\u00e4hrend Ihres Aufenthaltes in Deutschland.","og_url":"https:\/\/auslaenderbehoerde.org\/es\/seguro-de-viaje-para-huespedes-extranjeros\/","og_site_name":"auslaenderbehoerde.org","article_modified_time":"2022-07-07T14:49:29+00:00","og_image":[{"width":640,"height":450,"url":"https:\/\/auslaenderbehoerde.org\/wp-content\/uploads\/2022\/07\/insurance-gaed63b78b_640.jpg","type":"image\/jpeg"}],"twitter_card":"summary_large_image","twitter_misc":{"Tiempo de lectura":"3 minutos"},"schema":{"@context":"https:\/\/schema.org","@graph":[{"@type":"WebPage","@id":"https:\/\/auslaenderbehoerde.org\/reiseversicherung-fuer-auslaendische-gaeste\/","url":"https:\/\/auslaenderbehoerde.org\/reiseversicherung-fuer-auslaendische-gaeste\/","name":"Seguro de viaje para hu\u00e9spedes extranjeros - Auslaenderbehoerde.org","isPartOf":{"@id":"https:\/\/auslaenderbehoerde.org\/#website"},"primaryImageOfPage":{"@id":"https:\/\/auslaenderbehoerde.org\/reiseversicherung-fuer-auslaendische-gaeste\/#primaryimage"},"image":{"@id":"https:\/\/auslaenderbehoerde.org\/reiseversicherung-fuer-auslaendische-gaeste\/#primaryimage"},"thumbnailUrl":"https:\/\/auslaenderbehoerde.org\/wp-content\/uploads\/2022\/07\/insurance-gaed63b78b_640.jpg","datePublished":"2022-06-28T12:11:47+00:00","dateModified":"2022-07-07T14:49:29+00:00","description":"El seguro de viaje para hu\u00e9spedes extranjeros le protege frente a costes elevados durante su estancia en Alemania.","breadcrumb":{"@id":"https:\/\/auslaenderbehoerde.org\/reiseversicherung-fuer-auslaendische-gaeste\/#breadcrumb"},"inLanguage":"es","potentialAction":[{"@type":"ReadAction","target":["https:\/\/auslaenderbehoerde.org\/reiseversicherung-fuer-auslaendische-gaeste\/"]}]},{"@type":"ImageObject","inLanguage":"es","@id":"https:\/\/auslaenderbehoerde.org\/reiseversicherung-fuer-auslaendische-gaeste\/#primaryimage","url":"https:\/\/auslaenderbehoerde.org\/wp-content\/uploads\/2022\/07\/insurance-gaed63b78b_640.jpg","contentUrl":"https:\/\/auslaenderbehoerde.org\/wp-content\/uploads\/2022\/07\/insurance-gaed63b78b_640.jpg","width":640,"height":450,"caption":"Reiseversicherung f\u00fcr ausl\u00e4ndische G\u00e4ste"},{"@type":"BreadcrumbList","@id":"https:\/\/auslaenderbehoerde.org\/reiseversicherung-fuer-auslaendische-gaeste\/#breadcrumb","itemListElement":[{"@type":"ListItem","position":1,"name":"Startseite","item":"https:\/\/auslaenderbehoerde.org\/"},{"@type":"ListItem","position":2,"name":"Reiseversicherung f\u00fcr ausl\u00e4ndische G\u00e4ste"}]},{"@type":"WebSite","@id":"https:\/\/auslaenderbehoerde.org\/#website","url":"https:\/\/auslaenderbehoerde.org\/","name":"auslaenderbehoerde.org","description":"","potentialAction":[{"@type":"SearchAction","target":{"@type":"EntryPoint","urlTemplate":"https:\/\/auslaenderbehoerde.org\/?s={search_term_string}"},"query-input":{"@type":"PropertyValueSpecification","valueRequired":true,"valueName":"search_term_string"}}],"inLanguage":"es"}]}},"_links":{"self":[{"href":"https:\/\/auslaenderbehoerde.org\/es\/wp-json\/wp\/v2\/pages\/143","targetHints":{"allow":["GET"]}}],"collection":[{"href":"https:\/\/auslaenderbehoerde.org\/es\/wp-json\/wp\/v2\/pages"}],"about":[{"href":"https:\/\/auslaenderbehoerde.org\/es\/wp-json\/wp\/v2\/types\/page"}],"author":[{"embeddable":true,"href":"https:\/\/auslaenderbehoerde.org\/es\/wp-json\/wp\/v2\/users\/1"}],"replies":[{"embeddable":true,"href":"https:\/\/auslaenderbehoerde.org\/es\/wp-json\/wp\/v2\/comments?post=143"}],"version-history":[{"count":10,"href":"https:\/\/auslaenderbehoerde.org\/es\/wp-json\/wp\/v2\/pages\/143\/revisions"}],"predecessor-version":[{"id":666,"href":"https:\/\/auslaenderbehoerde.org\/es\/wp-json\/wp\/v2\/pages\/143\/revisions\/666"}],"wp:featuredmedia":[{"embeddable":true,"href":"https:\/\/auslaenderbehoerde.org\/es\/wp-json\/wp\/v2\/media\/218"}],"wp:attachment":[{"href":"https:\/\/auslaenderbehoerde.org\/es\/wp-json\/wp\/v2\/media?parent=143"}],"curies":[{"name":"wp","href":"https:\/\/api.w.org\/{rel}","templated":true}]}}