{"id":145,"date":"2022-06-28T14:13:02","date_gmt":"2022-06-28T12:13:02","guid":{"rendered":"https:\/\/auslaenderbehoerde.org\/?page_id=145"},"modified":"2022-07-08T11:29:05","modified_gmt":"2022-07-08T09:29:05","slug":"verpflichtungserklaerung","status":"publish","type":"page","link":"https:\/\/auslaenderbehoerde.org\/es\/declaracion-de-compromiso\/","title":{"rendered":"declaraci\u00f3n de compromiso"},"content":{"rendered":"<figure id=\"attachment_159\" aria-describedby=\"caption-attachment-159\" style=\"width: 900px\" class=\"wp-caption aligncenter\"><img decoding=\"async\" class=\"wp-image-159 size-full\" src=\"https:\/\/auslaenderbehoerde.org\/wp-content\/uploads\/2022\/06\/Verpflichtungsklarung-scaled-e1656420805754.jpg\" alt=\"declaraci\u00f3n de compromiso\" width=\"900\" height=\"506\" srcset=\"\" sizes=\"(max-width: 900px) 100vw, 900px\" data-srcset=\"\" \/><figcaption id=\"caption-attachment-159\" class=\"wp-caption-text\">La llamada declaraci\u00f3n de compromiso sirve para asegurar los gastos de manutenci\u00f3n de los nacionales de terceros pa\u00edses.<\/figcaption><\/figure>\n<p>Si desea invitar a personas que requieren una visa y que no tienen los medios financieros necesarios, usted, como invitante, debe presentar una declaraci\u00f3n de compromiso a la parte responsable <a href=\"https:\/\/auslaenderbehoerde.org\/es\/\">Autoridad de extranjer\u00eda<\/a> Entregar. Como regla, su oficina de inmigraci\u00f3n local es responsable si su visitante va a vivir con usted.<\/p>\n<p>es despues <a href=\"https:\/\/kiew.diplo.de\/ua-de\/service\/05-VisaEinreise\/faq-finanzen---66-68aufenthg\/1289754\" target=\"_blank\" rel=\"noopener\">\u00a7\u00a7 66, 68<\/a> de la Ley de Residencia para una declaraci\u00f3n formal de compromiso. Luego, su visitante puede presentar esto en la oficina de visas como prueba de financiamiento o como una invitaci\u00f3n para que se pueda solicitar la visa necesaria.<\/p>\n<p>La emisi\u00f3n de una declaraci\u00f3n de compromiso resulta superflua si los gastos del viaje de ida y vuelta, as\u00ed como de la estancia, corren a cargo del solicitante del visado <strong>usado por m\u00ed mismo<\/strong> puede ser. En este caso, s\u00f3lo deber\u00e1 acreditarse la capacidad econ\u00f3mica. Esto puede ser confirmado por el invitador alem\u00e1n en forma de una invitaci\u00f3n informal por escrito.<\/p>\n<p>Si un ciudadano alem\u00e1n solicita una visa para un c\u00f3nyuge extranjero, es suficiente el certificado de matrimonio en original y una copia, en combinaci\u00f3n con una invitaci\u00f3n informal del c\u00f3nyuge alem\u00e1n con una copia del pasaporte.<\/p>\n<h2>La secuencia<\/h2>\n<p>Cualquier persona que desee invitar a un visitante extranjero a su hogar debe presentar una declaraci\u00f3n de compromiso por \u00e9l para que se pueda emitir una visa. Para poder firmar una declaraci\u00f3n de compromiso en la oficina local de inmigraci\u00f3n, un <strong>apariencia personal<\/strong> necesario. Una gran cantidad de documentos personales deben llevarse en original.<\/p>\n<div class=\"su-note\"  style=\"border-color:#d1d1d0;border-radius:3px;-moz-border-radius:3px;-webkit-border-radius:3px;\"><div class=\"su-note-inner su-u-clearfix su-u-trim\" style=\"background-color:#ebebea;border-color:#ffffff;color:#444444;border-radius:3px;-moz-border-radius:3px;-webkit-border-radius:3px;\"><strong>\u00bfEst\u00e1s esperando visitas del extranjero?<\/strong> Con un <a href=\"https:\/\/auslaenderbehoerde.org\/es\/seguro-de-viaje-para-huespedes-extranjeros\/\">Seguro de viaje para hu\u00e9spedes extranjeros<\/a> Benef\u00edciese de una amplia protecci\u00f3n en Alemania y Europa.<\/div><\/div>\n<h2>\u00bfQu\u00e9 documentos se requieren para la emisi\u00f3n de una declaraci\u00f3n de compromiso?<\/h2>\n<ul style=\"list-style-type: circle;\">\n<li>un documento de identidad o pasaporte v\u00e1lido y original<\/li>\n<li>Nombre y apellido del visitante, lugar de residencia, nacionalidad, fecha de nacimiento, pasaporte no. y direcci\u00f3n del visitante<\/li>\n<li>un comprobante de salario actual, que consiste en un aviso de pensi\u00f3n actual, un aviso de impuestos (para trabajadores por cuenta propia), las \u00faltimas tres declaraciones \/ aviso de pensi\u00f3n o un certificado de un asesor fiscal, incluida la informaci\u00f3n laboral<\/li>\n<li>Representaci\u00f3n de la relaci\u00f3n familiar con el visitante invitado, cualquier dato de familiares que tambi\u00e9n est\u00e1n ingresando al pa\u00eds<\/li>\n<li>Indicaci\u00f3n de la direcci\u00f3n donde vive el visitante durante la estancia<\/li>\n<li>comienzo deseado de la validez de la visa<\/li>\n<\/ul>\n<p>Los costes de una declaraci\u00f3n de compromiso suelen ser de 29 euros. Una declaraci\u00f3n de compromiso solo es efectiva y v\u00e1lida si se puede probar un recibo mensual seguro de dinero. No solo se debe demostrar un sustento seguro, sino tambi\u00e9n una calificaci\u00f3n crediticia adecuada.<\/p>\n<p>Adem\u00e1s de los ingresos en Alemania, un extranjero <a href=\"https:\/\/botschaft-konsulat.de\/\" target=\"_blank\" rel=\"noopener\">mensaje<\/a> confirmar los activos en el extranjero de modo que haya capital suficiente para crear una declaraci\u00f3n de compromiso. Los ingresos extranjeros tambi\u00e9n se pueden confirmar fuera de la UE.<\/p>\n<div class=\"su-note\"  style=\"border-color:#d1d1d0;border-radius:3px;-moz-border-radius:3px;-webkit-border-radius:3px;\"><div class=\"su-note-inner su-u-clearfix su-u-trim\" style=\"background-color:#ebebea;border-color:#ffffff;color:#444444;border-radius:3px;-moz-border-radius:3px;-webkit-border-radius:3px;\"><b>Una noticia: <\/b>Para oficinas y autoridades, generalmente necesita los documentos o certificados como <a href=\"https:\/\/tidd.ly\/3y8DKdr\" target=\"_blank\" rel=\"noopener\">traducci\u00f3n certificada<\/a>*.<\/div><\/div>\n<h3>\u00bfPor cu\u00e1nto tiempo es v\u00e1lida una declaraci\u00f3n de compromiso?<\/h3>\n<p>Una declaraci\u00f3n de compromiso es v\u00e1lida por un m\u00e1ximo de 6 meses. Entonces se puede emitir una nueva declaraci\u00f3n de compromiso si el garante puede probar que las circunstancias financieras personales no han cambiado negativamente en los \u00faltimos 6 meses.<\/p>\n<p>Si desea asumir una declaraci\u00f3n de compromiso para un invitado, debe ganar suficiente dinero. Si un solo ingreso no es suficiente para asumir una declaraci\u00f3n de compromiso, las parejas pueden sumar sus ingresos. Se debe acreditar unos ingresos netos m\u00ednimos de 1470 euros mensuales para que se pueda emitir oficialmente una declaraci\u00f3n de compromiso.<\/p>\n<p>Si su ingreso mensual no es suficiente, puede abrir una cuenta bloqueada para fines de visa en un Deutsche Bank. Al transferir una cierta cantidad de dinero a la cuenta bloqueada especificada, la persona en cuesti\u00f3n se asegura de que pueda ganarse la vida y otros gastos durante este tiempo.<\/p>\n<p>Dado que una declaraci\u00f3n de compromiso solo es v\u00e1lida por 6 meses, el hu\u00e9sped debe solicitar una visa inmediatamente despu\u00e9s de la presentaci\u00f3n. Si la emisi\u00f3n de la visa demora m\u00e1s de 6 meses, se debe presentar una nueva declaraci\u00f3n de compromiso. Los formularios para presentar una declaraci\u00f3n de compromiso est\u00e1n disponibles en la Oficina de Extranjer\u00eda.<\/p>\n<h3 id=\"customheading6\"><strong>enlaces relacionados\u00a0<\/strong><\/h3>\n<ul style=\"list-style-type: circle;\">\n<li><a href=\"https:\/\/auslaenderbehoerde.org\/es\/primeros-pasos-en-alemania\/\">Primeros pasos en Alemania<\/a><\/li>\n<\/ul>","protected":false},"excerpt":{"rendered":"<p>Si desea invitar a personas que requieren una visa y no tienen los medios econ\u00f3micos necesarios para hacerlo, usted, como invitado, debe presentar una declaraci\u00f3n de compromiso ante la autoridad de inmigraci\u00f3n responsable. Como regla general, su autoridad de inmigraci\u00f3n local es responsable si desea que su visitante viva con usted. Seg\u00fan los art\u00edculos 66 y 68 de la Ley de Residencia, se trata de una formal...&nbsp;<a href=\"https:\/\/auslaenderbehoerde.org\/es\/declaracion-de-compromiso\/\" rel=\"bookmark\">Leer m\u00e1s &quot;<span class=\"screen-reader-text\">declaraci\u00f3n de compromiso<\/span><\/a><\/p>","protected":false},"author":1,"featured_media":159,"parent":0,"menu_order":0,"comment_status":"closed","ping_status":"closed","template":"","meta":{"neve_meta_sidebar":"","neve_meta_container":"","neve_meta_enable_content_width":"off","neve_meta_content_width":100,"neve_meta_title_alignment":"","neve_meta_author_avatar":"","neve_post_elements_order":"","neve_meta_disable_header":"","neve_meta_disable_footer":"","neve_meta_disable_title":"","neve_meta_reading_time":"","footnotes":""},"class_list":["post-145","page","type-page","status-publish","has-post-thumbnail","hentry"],"yoast_head":"<!-- This site is optimized with the Yoast SEO plugin v26.6 - https:\/\/yoast.com\/wordpress\/plugins\/seo\/ -->\n<title>Verpflichtungserkl\u00e4rung - Auslaenderbehoerde.org<\/title>\n<meta name=\"description\" content=\"Mit einer Verpflichtungserkl\u00e4rung k\u00f6nnen Sie Menschen aus dem Ausland die Einreise und den Aufenthalt in Deutschland erm\u00f6glichen\" \/>\n<meta name=\"robots\" content=\"index, follow, max-snippet:-1, max-image-preview:large, max-video-preview:-1\" \/>\n<link rel=\"canonical\" href=\"https:\/\/auslaenderbehoerde.org\/es\/declaracion-de-compromiso\/\" \/>\n<meta property=\"og:locale\" content=\"es_ES\" \/>\n<meta property=\"og:type\" content=\"article\" \/>\n<meta property=\"og:title\" content=\"Verpflichtungserkl\u00e4rung - Auslaenderbehoerde.org\" \/>\n<meta property=\"og:description\" content=\"Mit einer Verpflichtungserkl\u00e4rung k\u00f6nnen Sie Menschen aus dem Ausland die Einreise und den Aufenthalt in Deutschland erm\u00f6glichen\" \/>\n<meta property=\"og:url\" content=\"https:\/\/auslaenderbehoerde.org\/es\/declaracion-de-compromiso\/\" \/>\n<meta property=\"og:site_name\" content=\"auslaenderbehoerde.org\" \/>\n<meta property=\"article:modified_time\" content=\"2022-07-08T09:29:05+00:00\" \/>\n<meta property=\"og:image\" content=\"https:\/\/auslaenderbehoerde.org\/wp-content\/uploads\/2022\/06\/Verpflichtungserkla\u0308rung-scaled-e1656420805754.jpg\" \/>\n\t<meta property=\"og:image:width\" content=\"900\" \/>\n\t<meta property=\"og:image:height\" content=\"506\" \/>\n\t<meta property=\"og:image:type\" content=\"image\/jpeg\" \/>\n<meta name=\"twitter:card\" content=\"summary_large_image\" \/>\n<meta name=\"twitter:label1\" content=\"Tiempo de lectura\" \/>\n\t<meta name=\"twitter:data1\" content=\"4 minutos\" \/>\n<script type=\"application\/ld+json\" class=\"yoast-schema-graph\">{\"@context\":\"https:\/\/schema.org\",\"@graph\":[{\"@type\":\"WebPage\",\"@id\":\"https:\/\/auslaenderbehoerde.org\/verpflichtungserklaerung\/\",\"url\":\"https:\/\/auslaenderbehoerde.org\/verpflichtungserklaerung\/\",\"name\":\"Verpflichtungserkl\u00e4rung - Auslaenderbehoerde.org\",\"isPartOf\":{\"@id\":\"https:\/\/auslaenderbehoerde.org\/#website\"},\"primaryImageOfPage\":{\"@id\":\"https:\/\/auslaenderbehoerde.org\/verpflichtungserklaerung\/#primaryimage\"},\"image\":{\"@id\":\"https:\/\/auslaenderbehoerde.org\/verpflichtungserklaerung\/#primaryimage\"},\"thumbnailUrl\":\"https:\/\/auslaenderbehoerde.org\/wp-content\/uploads\/2022\/06\/Verpflichtungserkla\u0308rung-scaled-e1656420805754.jpg\",\"datePublished\":\"2022-06-28T12:13:02+00:00\",\"dateModified\":\"2022-07-08T09:29:05+00:00\",\"description\":\"Mit einer Verpflichtungserkl\u00e4rung k\u00f6nnen Sie Menschen aus dem Ausland die Einreise und den Aufenthalt in Deutschland erm\u00f6glichen\",\"breadcrumb\":{\"@id\":\"https:\/\/auslaenderbehoerde.org\/verpflichtungserklaerung\/#breadcrumb\"},\"inLanguage\":\"es\",\"potentialAction\":[{\"@type\":\"ReadAction\",\"target\":[\"https:\/\/auslaenderbehoerde.org\/verpflichtungserklaerung\/\"]}]},{\"@type\":\"ImageObject\",\"inLanguage\":\"es\",\"@id\":\"https:\/\/auslaenderbehoerde.org\/verpflichtungserklaerung\/#primaryimage\",\"url\":\"https:\/\/auslaenderbehoerde.org\/wp-content\/uploads\/2022\/06\/Verpflichtungserkla\u0308rung-scaled-e1656420805754.jpg\",\"contentUrl\":\"https:\/\/auslaenderbehoerde.org\/wp-content\/uploads\/2022\/06\/Verpflichtungserkla\u0308rung-scaled-e1656420805754.jpg\",\"width\":900,\"height\":506,\"caption\":\"Verpflichtungserkl\u00e4rung\"},{\"@type\":\"BreadcrumbList\",\"@id\":\"https:\/\/auslaenderbehoerde.org\/verpflichtungserklaerung\/#breadcrumb\",\"itemListElement\":[{\"@type\":\"ListItem\",\"position\":1,\"name\":\"Startseite\",\"item\":\"https:\/\/auslaenderbehoerde.org\/\"},{\"@type\":\"ListItem\",\"position\":2,\"name\":\"Verpflichtungserkl\u00e4rung\"}]},{\"@type\":\"WebSite\",\"@id\":\"https:\/\/auslaenderbehoerde.org\/#website\",\"url\":\"https:\/\/auslaenderbehoerde.org\/\",\"name\":\"auslaenderbehoerde.org\",\"description\":\"\",\"potentialAction\":[{\"@type\":\"SearchAction\",\"target\":{\"@type\":\"EntryPoint\",\"urlTemplate\":\"https:\/\/auslaenderbehoerde.org\/?s={search_term_string}\"},\"query-input\":{\"@type\":\"PropertyValueSpecification\",\"valueRequired\":true,\"valueName\":\"search_term_string\"}}],\"inLanguage\":\"es\"}]}<\/script>\n<!-- \/ Yoast SEO plugin. -->","yoast_head_json":{"title":"Declaraci\u00f3n de compromiso - Auslaenderbehoerde.org","description":"Con una declaraci\u00f3n de compromiso, puede permitir que personas extranjeras entren y permanezcan en Alemania","robots":{"index":"index","follow":"follow","max-snippet":"max-snippet:-1","max-image-preview":"max-image-preview:large","max-video-preview":"max-video-preview:-1"},"canonical":"https:\/\/auslaenderbehoerde.org\/es\/declaracion-de-compromiso\/","og_locale":"es_ES","og_type":"article","og_title":"Verpflichtungserkl\u00e4rung - Auslaenderbehoerde.org","og_description":"Mit einer Verpflichtungserkl\u00e4rung k\u00f6nnen Sie Menschen aus dem Ausland die Einreise und den Aufenthalt in Deutschland erm\u00f6glichen","og_url":"https:\/\/auslaenderbehoerde.org\/es\/declaracion-de-compromiso\/","og_site_name":"auslaenderbehoerde.org","article_modified_time":"2022-07-08T09:29:05+00:00","og_image":[{"width":900,"height":506,"url":"https:\/\/auslaenderbehoerde.org\/wp-content\/uploads\/2022\/06\/Verpflichtungserkla\u0308rung-scaled-e1656420805754.jpg","type":"image\/jpeg"}],"twitter_card":"summary_large_image","twitter_misc":{"Tiempo de lectura":"4 minutos"},"schema":{"@context":"https:\/\/schema.org","@graph":[{"@type":"WebPage","@id":"https:\/\/auslaenderbehoerde.org\/verpflichtungserklaerung\/","url":"https:\/\/auslaenderbehoerde.org\/verpflichtungserklaerung\/","name":"Declaraci\u00f3n de compromiso - Auslaenderbehoerde.org","isPartOf":{"@id":"https:\/\/auslaenderbehoerde.org\/#website"},"primaryImageOfPage":{"@id":"https:\/\/auslaenderbehoerde.org\/verpflichtungserklaerung\/#primaryimage"},"image":{"@id":"https:\/\/auslaenderbehoerde.org\/verpflichtungserklaerung\/#primaryimage"},"thumbnailUrl":"https:\/\/auslaenderbehoerde.org\/wp-content\/uploads\/2022\/06\/Verpflichtungserkla\u0308rung-scaled-e1656420805754.jpg","datePublished":"2022-06-28T12:13:02+00:00","dateModified":"2022-07-08T09:29:05+00:00","description":"Con una declaraci\u00f3n de compromiso, puede permitir que personas extranjeras entren y permanezcan en Alemania","breadcrumb":{"@id":"https:\/\/auslaenderbehoerde.org\/verpflichtungserklaerung\/#breadcrumb"},"inLanguage":"es","potentialAction":[{"@type":"ReadAction","target":["https:\/\/auslaenderbehoerde.org\/verpflichtungserklaerung\/"]}]},{"@type":"ImageObject","inLanguage":"es","@id":"https:\/\/auslaenderbehoerde.org\/verpflichtungserklaerung\/#primaryimage","url":"https:\/\/auslaenderbehoerde.org\/wp-content\/uploads\/2022\/06\/Verpflichtungserkla\u0308rung-scaled-e1656420805754.jpg","contentUrl":"https:\/\/auslaenderbehoerde.org\/wp-content\/uploads\/2022\/06\/Verpflichtungserkla\u0308rung-scaled-e1656420805754.jpg","width":900,"height":506,"caption":"Verpflichtungserkl\u00e4rung"},{"@type":"BreadcrumbList","@id":"https:\/\/auslaenderbehoerde.org\/verpflichtungserklaerung\/#breadcrumb","itemListElement":[{"@type":"ListItem","position":1,"name":"Startseite","item":"https:\/\/auslaenderbehoerde.org\/"},{"@type":"ListItem","position":2,"name":"Verpflichtungserkl\u00e4rung"}]},{"@type":"WebSite","@id":"https:\/\/auslaenderbehoerde.org\/#website","url":"https:\/\/auslaenderbehoerde.org\/","name":"auslaenderbehoerde.org","description":"","potentialAction":[{"@type":"SearchAction","target":{"@type":"EntryPoint","urlTemplate":"https:\/\/auslaenderbehoerde.org\/?s={search_term_string}"},"query-input":{"@type":"PropertyValueSpecification","valueRequired":true,"valueName":"search_term_string"}}],"inLanguage":"es"}]}},"_links":{"self":[{"href":"https:\/\/auslaenderbehoerde.org\/es\/wp-json\/wp\/v2\/pages\/145","targetHints":{"allow":["GET"]}}],"collection":[{"href":"https:\/\/auslaenderbehoerde.org\/es\/wp-json\/wp\/v2\/pages"}],"about":[{"href":"https:\/\/auslaenderbehoerde.org\/es\/wp-json\/wp\/v2\/types\/page"}],"author":[{"embeddable":true,"href":"https:\/\/auslaenderbehoerde.org\/es\/wp-json\/wp\/v2\/users\/1"}],"replies":[{"embeddable":true,"href":"https:\/\/auslaenderbehoerde.org\/es\/wp-json\/wp\/v2\/comments?post=145"}],"version-history":[{"count":10,"href":"https:\/\/auslaenderbehoerde.org\/es\/wp-json\/wp\/v2\/pages\/145\/revisions"}],"predecessor-version":[{"id":667,"href":"https:\/\/auslaenderbehoerde.org\/es\/wp-json\/wp\/v2\/pages\/145\/revisions\/667"}],"wp:featuredmedia":[{"embeddable":true,"href":"https:\/\/auslaenderbehoerde.org\/es\/wp-json\/wp\/v2\/media\/159"}],"wp:attachment":[{"href":"https:\/\/auslaenderbehoerde.org\/es\/wp-json\/wp\/v2\/media?parent=145"}],"curies":[{"name":"wp","href":"https:\/\/api.w.org\/{rel}","templated":true}]}}