{"id":147,"date":"2022-06-28T14:13:15","date_gmt":"2022-06-28T12:13:15","guid":{"rendered":"https:\/\/auslaenderbehoerde.org\/?page_id=147"},"modified":"2022-07-15T15:18:57","modified_gmt":"2022-07-15T13:18:57","slug":"aufenthaltstitel","status":"publish","type":"page","link":"https:\/\/auslaenderbehoerde.org\/es\/permiso-de-residencia-2\/","title":{"rendered":"permiso de residencia"},"content":{"rendered":"<p><img decoding=\"async\" class=\"wp-image-155 size-full aligncenter\" src=\"https:\/\/auslaenderbehoerde.org\/wp-content\/uploads\/2022\/06\/Zwischen\u00fcberschrift-hinzuf\u00fcgen-3.png\" alt=\"permiso de residencia\" width=\"600\" height=\"400\" srcset=\"https:\/\/auslaenderbehoerde.org\/wp-content\/uploads\/2022\/06\/Zwischenu\u0308berschrift-hinzufu\u0308gen-3.png 600w, https:\/\/auslaenderbehoerde.org\/wp-content\/uploads\/2022\/06\/Zwischenu\u0308berschrift-hinzufu\u0308gen-3-300x200.png 300w\" sizes=\"(max-width: 600px) 100vw, 600px\" \/><\/p>\n<p>Todo extranjero que <a href=\"https:\/\/ec.europa.eu\/taxation_customs\/list-non-eu-countries_de\" target=\"_blank\" rel=\"noopener\">no en la uni\u00f3n europea<\/a> residente necesita un permiso de residencia para poder entrar en Alemania. Seg\u00fan el tipo y la duraci\u00f3n de la estancia deseada en Alemania, se requieren diferentes permisos de residencia. Se hace una distinci\u00f3n entre siete permisos de residencia diferentes.<\/p>\n<p>Hace una diferencia si los invitados del extranjero solo quieren visitar Alemania o trabajar\/estudiar all\u00ed. A continuaci\u00f3n puede encontrar c\u00f3mo se estructuran los diferentes permisos de residencia y c\u00f3mo se pueden utilizar.<\/p>\n<h2>\u00bfC\u00f3mo se solicita un permiso de residencia?<\/h2>\n<p>Para poder solicitar un permiso de residencia en Alemania, se deben cumplir una gran variedad de requisitos. Dependiendo del tipo de estancia que desee tener en Alemania, deber\u00e1 presentar una amplia variedad de pruebas. En principio, se deben cumplir los siguientes requisitos para poder solicitar un permiso de residencia:<\/p>\n<ul style=\"list-style-type: circle;\">\n<li>Los solicitantes deben tener un pasaporte v\u00e1lido.<\/li>\n<li>se debe presentar una solicitud en l\u00ednea para un permiso de residencia<\/li>\n<li>se debe proporcionar prueba de que se puede asegurar el sustento<\/li>\n<li>debe estar disponible una presentaci\u00f3n aclaratoria de la nacionalidad y la identidad<\/li>\n<li>Prueba de cobertura de seguro de salud suficiente debe estar disponible<\/li>\n<li>no debe haber ninguna raz\u00f3n por la que las autoridades alemanas puedan tener inter\u00e9s en la deportaci\u00f3n<\/li>\n<\/ul>\n<h3>Los siguientes permisos de residencia se pueden solicitar en Alemania:<\/h3>\n<p>Hacia <strong>temporario<\/strong> Los permisos de residencia incluyen:<\/p>\n<ul style=\"list-style-type: circle;\">\n<li>tarjeta TIC<\/li>\n<li>visa<\/li>\n<li><a href=\"https:\/\/auslaenderbehoerde.org\/es\/permiso-de-residencia\/\">permiso de residencia<\/a><\/li>\n<li>tarjeta TIC m\u00f3vil<\/li>\n<li>tarjeta azul UE<\/li>\n<\/ul>\n<p>Hacia <strong>perpetuo<\/strong> Los permisos de residencia incluyen:<\/p>\n<ul style=\"list-style-type: circle;\">\n<li>un permiso de residencia permanente en la UE<\/li>\n<li>un permiso de asentamiento<\/li>\n<\/ul>\n<div class=\"su-note\"  style=\"border-color:#d1d1d0;border-radius:3px;-moz-border-radius:3px;-webkit-border-radius:3px;\"><div class=\"su-note-inner su-u-clearfix su-u-trim\" style=\"background-color:#ebebea;border-color:#ffffff;color:#444444;border-radius:3px;-moz-border-radius:3px;-webkit-border-radius:3px;\"><strong>\u00bfEst\u00e1s esperando visitas del extranjero?<\/strong> Con un <a href=\"https:\/\/auslaenderbehoerde.org\/es\/seguro-de-viaje-para-huespedes-extranjeros\/\">Seguro de viaje para hu\u00e9spedes extranjeros<\/a> Benef\u00edciese de una amplia protecci\u00f3n en Alemania y Europa.<\/div><\/div>\n<h2>\u00bfQu\u00e9 es un eAT (permiso de residencia electr\u00f3nico)?<\/h2>\n<p>Un eAT es un permiso de residencia electr\u00f3nico en Alemania que se emite como una tarjeta de pl\u00e1stico en formato de tarjeta de cr\u00e9dito. La tarjeta pl\u00e1stica no solo est\u00e1 provista de una foto biom\u00e9trica y datos personales como nombre, direcci\u00f3n, huellas dactilares, nacionalidad y fecha de nacimiento, sino tambi\u00e9n de un chip como medio de almacenamiento.<\/p>\n<p>Todas las condiciones (disposiciones complementarias) se almacenan aqu\u00ed, lo que significa que se incluye una funci\u00f3n de identificaci\u00f3n en l\u00ednea con el eAT. Esto hace posible el uso voluntario de servicios comerciales en l\u00ednea y servicios gubernamentales a los que se puede acceder a trav\u00e9s de Internet de forma r\u00e1pida y sencilla. El robo o mal uso de datos no es posible. Con algunas excepciones, el eAT ha reemplazado al permiso de residencia en papel.<\/p>\n<h3 id=\"customheading6\"><strong>enlaces relacionados\u00a0<\/strong><\/h3>\n<ul>\n<li><a href=\"https:\/\/auslaenderbehoerde.org\/es\/primeros-pasos-en-alemania\/\" data-wpel-link=\"internal\">Primeros pasos en Alemania<\/a><\/li>\n<li><a href=\"https:\/\/auslaenderbehoerde.org\/es\/\">Autoridades de inmigraci\u00f3n en Alemania<\/a><\/li>\n<\/ul>","protected":false},"excerpt":{"rendered":"<p>Todo ciudadano extranjero que no sea residente de la Uni\u00f3n Europea necesita un permiso de residencia para poder entrar en Alemania. Dependiendo del tipo y la duraci\u00f3n de su estancia deseada en Alemania, se necesitar\u00e1n diferentes permisos de residencia. Se distingue entre siete permisos de residencia diferentes. Es muy diferente si los hu\u00e9spedes extranjeros est\u00e1n de visita en Alemania o all\u00ed...&nbsp;<a href=\"https:\/\/auslaenderbehoerde.org\/es\/permiso-de-residencia-2\/\" rel=\"bookmark\">Leer m\u00e1s &quot;<span class=\"screen-reader-text\">permiso de residencia<\/span><\/a><\/p>","protected":false},"author":1,"featured_media":155,"parent":0,"menu_order":0,"comment_status":"closed","ping_status":"closed","template":"","meta":{"neve_meta_sidebar":"","neve_meta_container":"","neve_meta_enable_content_width":"off","neve_meta_content_width":100,"neve_meta_title_alignment":"","neve_meta_author_avatar":"","neve_post_elements_order":"","neve_meta_disable_header":"","neve_meta_disable_footer":"","neve_meta_disable_title":"","neve_meta_reading_time":"","footnotes":""},"class_list":["post-147","page","type-page","status-publish","has-post-thumbnail","hentry"],"yoast_head":"<!-- This site is optimized with the Yoast SEO plugin v26.6 - https:\/\/yoast.com\/wordpress\/plugins\/seo\/ -->\n<title>Diese Aufenthaltstitel gibt es in Deutschland - Auslaenderbehoerde<\/title>\n<meta name=\"description\" content=\"Ein Aufenthaltstitel berechtigt den Angeh\u00f6rigen eines Drittstaates zum Aufenthalt in Deutschland. Insgesamt gibt es sieben verschiedene.\" \/>\n<meta name=\"robots\" content=\"index, follow, max-snippet:-1, max-image-preview:large, max-video-preview:-1\" \/>\n<link rel=\"canonical\" href=\"https:\/\/auslaenderbehoerde.org\/es\/permiso-de-residencia-2\/\" \/>\n<meta property=\"og:locale\" content=\"es_ES\" \/>\n<meta property=\"og:type\" content=\"article\" \/>\n<meta property=\"og:title\" content=\"Diese Aufenthaltstitel gibt es in Deutschland - Auslaenderbehoerde\" \/>\n<meta property=\"og:description\" content=\"Ein Aufenthaltstitel berechtigt den Angeh\u00f6rigen eines Drittstaates zum Aufenthalt in Deutschland. Insgesamt gibt es sieben verschiedene.\" \/>\n<meta property=\"og:url\" content=\"https:\/\/auslaenderbehoerde.org\/es\/permiso-de-residencia-2\/\" \/>\n<meta property=\"og:site_name\" content=\"auslaenderbehoerde.org\" \/>\n<meta property=\"article:modified_time\" content=\"2022-07-15T13:18:57+00:00\" \/>\n<meta property=\"og:image\" content=\"https:\/\/auslaenderbehoerde.org\/wp-content\/uploads\/2022\/06\/Zwischenu\u0308berschrift-hinzufu\u0308gen-3.png\" \/>\n\t<meta property=\"og:image:width\" content=\"600\" \/>\n\t<meta property=\"og:image:height\" content=\"400\" \/>\n\t<meta property=\"og:image:type\" content=\"image\/png\" \/>\n<meta name=\"twitter:card\" content=\"summary_large_image\" \/>\n<meta name=\"twitter:label1\" content=\"Tiempo de lectura\" \/>\n\t<meta name=\"twitter:data1\" content=\"3 minutos\" \/>\n<script type=\"application\/ld+json\" class=\"yoast-schema-graph\">{\"@context\":\"https:\/\/schema.org\",\"@graph\":[{\"@type\":\"WebPage\",\"@id\":\"https:\/\/auslaenderbehoerde.org\/aufenthaltstitel\/\",\"url\":\"https:\/\/auslaenderbehoerde.org\/aufenthaltstitel\/\",\"name\":\"Diese Aufenthaltstitel gibt es in Deutschland - Auslaenderbehoerde\",\"isPartOf\":{\"@id\":\"https:\/\/auslaenderbehoerde.org\/#website\"},\"primaryImageOfPage\":{\"@id\":\"https:\/\/auslaenderbehoerde.org\/aufenthaltstitel\/#primaryimage\"},\"image\":{\"@id\":\"https:\/\/auslaenderbehoerde.org\/aufenthaltstitel\/#primaryimage\"},\"thumbnailUrl\":\"https:\/\/auslaenderbehoerde.org\/wp-content\/uploads\/2022\/06\/Zwischenu\u0308berschrift-hinzufu\u0308gen-3.png\",\"datePublished\":\"2022-06-28T12:13:15+00:00\",\"dateModified\":\"2022-07-15T13:18:57+00:00\",\"description\":\"Ein Aufenthaltstitel berechtigt den Angeh\u00f6rigen eines Drittstaates zum Aufenthalt in Deutschland. Insgesamt gibt es sieben verschiedene.\",\"breadcrumb\":{\"@id\":\"https:\/\/auslaenderbehoerde.org\/aufenthaltstitel\/#breadcrumb\"},\"inLanguage\":\"es\",\"potentialAction\":[{\"@type\":\"ReadAction\",\"target\":[\"https:\/\/auslaenderbehoerde.org\/aufenthaltstitel\/\"]}]},{\"@type\":\"ImageObject\",\"inLanguage\":\"es\",\"@id\":\"https:\/\/auslaenderbehoerde.org\/aufenthaltstitel\/#primaryimage\",\"url\":\"https:\/\/auslaenderbehoerde.org\/wp-content\/uploads\/2022\/06\/Zwischenu\u0308berschrift-hinzufu\u0308gen-3.png\",\"contentUrl\":\"https:\/\/auslaenderbehoerde.org\/wp-content\/uploads\/2022\/06\/Zwischenu\u0308berschrift-hinzufu\u0308gen-3.png\",\"width\":600,\"height\":400,\"caption\":\"Aufenthaltstitel\"},{\"@type\":\"BreadcrumbList\",\"@id\":\"https:\/\/auslaenderbehoerde.org\/aufenthaltstitel\/#breadcrumb\",\"itemListElement\":[{\"@type\":\"ListItem\",\"position\":1,\"name\":\"Startseite\",\"item\":\"https:\/\/auslaenderbehoerde.org\/\"},{\"@type\":\"ListItem\",\"position\":2,\"name\":\"Aufenthaltstitel\"}]},{\"@type\":\"WebSite\",\"@id\":\"https:\/\/auslaenderbehoerde.org\/#website\",\"url\":\"https:\/\/auslaenderbehoerde.org\/\",\"name\":\"auslaenderbehoerde.org\",\"description\":\"\",\"potentialAction\":[{\"@type\":\"SearchAction\",\"target\":{\"@type\":\"EntryPoint\",\"urlTemplate\":\"https:\/\/auslaenderbehoerde.org\/?s={search_term_string}\"},\"query-input\":{\"@type\":\"PropertyValueSpecification\",\"valueRequired\":true,\"valueName\":\"search_term_string\"}}],\"inLanguage\":\"es\"}]}<\/script>\n<!-- \/ Yoast SEO plugin. -->","yoast_head_json":{"title":"Estos permisos de residencia est\u00e1n disponibles en Alemania - Autoridad de extranjer\u00eda","description":"Un permiso de residencia da derecho al nacional de un tercer pa\u00eds a residir en Alemania. Hay siete diferentes en total.","robots":{"index":"index","follow":"follow","max-snippet":"max-snippet:-1","max-image-preview":"max-image-preview:large","max-video-preview":"max-video-preview:-1"},"canonical":"https:\/\/auslaenderbehoerde.org\/es\/permiso-de-residencia-2\/","og_locale":"es_ES","og_type":"article","og_title":"Diese Aufenthaltstitel gibt es in Deutschland - Auslaenderbehoerde","og_description":"Ein Aufenthaltstitel berechtigt den Angeh\u00f6rigen eines Drittstaates zum Aufenthalt in Deutschland. Insgesamt gibt es sieben verschiedene.","og_url":"https:\/\/auslaenderbehoerde.org\/es\/permiso-de-residencia-2\/","og_site_name":"auslaenderbehoerde.org","article_modified_time":"2022-07-15T13:18:57+00:00","og_image":[{"width":600,"height":400,"url":"https:\/\/auslaenderbehoerde.org\/wp-content\/uploads\/2022\/06\/Zwischenu\u0308berschrift-hinzufu\u0308gen-3.png","type":"image\/png"}],"twitter_card":"summary_large_image","twitter_misc":{"Tiempo de lectura":"3 minutos"},"schema":{"@context":"https:\/\/schema.org","@graph":[{"@type":"WebPage","@id":"https:\/\/auslaenderbehoerde.org\/aufenthaltstitel\/","url":"https:\/\/auslaenderbehoerde.org\/aufenthaltstitel\/","name":"Estos permisos de residencia est\u00e1n disponibles en Alemania - Autoridad de extranjer\u00eda","isPartOf":{"@id":"https:\/\/auslaenderbehoerde.org\/#website"},"primaryImageOfPage":{"@id":"https:\/\/auslaenderbehoerde.org\/aufenthaltstitel\/#primaryimage"},"image":{"@id":"https:\/\/auslaenderbehoerde.org\/aufenthaltstitel\/#primaryimage"},"thumbnailUrl":"https:\/\/auslaenderbehoerde.org\/wp-content\/uploads\/2022\/06\/Zwischenu\u0308berschrift-hinzufu\u0308gen-3.png","datePublished":"2022-06-28T12:13:15+00:00","dateModified":"2022-07-15T13:18:57+00:00","description":"Un permiso de residencia da derecho al nacional de un tercer pa\u00eds a residir en Alemania. Hay siete diferentes en total.","breadcrumb":{"@id":"https:\/\/auslaenderbehoerde.org\/aufenthaltstitel\/#breadcrumb"},"inLanguage":"es","potentialAction":[{"@type":"ReadAction","target":["https:\/\/auslaenderbehoerde.org\/aufenthaltstitel\/"]}]},{"@type":"ImageObject","inLanguage":"es","@id":"https:\/\/auslaenderbehoerde.org\/aufenthaltstitel\/#primaryimage","url":"https:\/\/auslaenderbehoerde.org\/wp-content\/uploads\/2022\/06\/Zwischenu\u0308berschrift-hinzufu\u0308gen-3.png","contentUrl":"https:\/\/auslaenderbehoerde.org\/wp-content\/uploads\/2022\/06\/Zwischenu\u0308berschrift-hinzufu\u0308gen-3.png","width":600,"height":400,"caption":"Aufenthaltstitel"},{"@type":"BreadcrumbList","@id":"https:\/\/auslaenderbehoerde.org\/aufenthaltstitel\/#breadcrumb","itemListElement":[{"@type":"ListItem","position":1,"name":"Startseite","item":"https:\/\/auslaenderbehoerde.org\/"},{"@type":"ListItem","position":2,"name":"Aufenthaltstitel"}]},{"@type":"WebSite","@id":"https:\/\/auslaenderbehoerde.org\/#website","url":"https:\/\/auslaenderbehoerde.org\/","name":"auslaenderbehoerde.org","description":"","potentialAction":[{"@type":"SearchAction","target":{"@type":"EntryPoint","urlTemplate":"https:\/\/auslaenderbehoerde.org\/?s={search_term_string}"},"query-input":{"@type":"PropertyValueSpecification","valueRequired":true,"valueName":"search_term_string"}}],"inLanguage":"es"}]}},"_links":{"self":[{"href":"https:\/\/auslaenderbehoerde.org\/es\/wp-json\/wp\/v2\/pages\/147","targetHints":{"allow":["GET"]}}],"collection":[{"href":"https:\/\/auslaenderbehoerde.org\/es\/wp-json\/wp\/v2\/pages"}],"about":[{"href":"https:\/\/auslaenderbehoerde.org\/es\/wp-json\/wp\/v2\/types\/page"}],"author":[{"embeddable":true,"href":"https:\/\/auslaenderbehoerde.org\/es\/wp-json\/wp\/v2\/users\/1"}],"replies":[{"embeddable":true,"href":"https:\/\/auslaenderbehoerde.org\/es\/wp-json\/wp\/v2\/comments?post=147"}],"version-history":[{"count":9,"href":"https:\/\/auslaenderbehoerde.org\/es\/wp-json\/wp\/v2\/pages\/147\/revisions"}],"predecessor-version":[{"id":212,"href":"https:\/\/auslaenderbehoerde.org\/es\/wp-json\/wp\/v2\/pages\/147\/revisions\/212"}],"wp:featuredmedia":[{"embeddable":true,"href":"https:\/\/auslaenderbehoerde.org\/es\/wp-json\/wp\/v2\/media\/155"}],"wp:attachment":[{"href":"https:\/\/auslaenderbehoerde.org\/es\/wp-json\/wp\/v2\/media?parent=147"}],"curies":[{"name":"wp","href":"https:\/\/api.w.org\/{rel}","templated":true}]}}