{"id":149,"date":"2022-06-28T14:13:30","date_gmt":"2022-06-28T12:13:30","guid":{"rendered":"https:\/\/auslaenderbehoerde.org\/?page_id=149"},"modified":"2022-07-02T09:29:01","modified_gmt":"2022-07-02T07:29:01","slug":"erste-schritte-in-deutschland","status":"publish","type":"page","link":"https:\/\/auslaenderbehoerde.org\/es\/primeros-pasos-en-alemania\/","title":{"rendered":"Primeros pasos en Alemania"},"content":{"rendered":"<p><img decoding=\"async\" class=\"aligncenter wp-image-207 size-full\" src=\"https:\/\/auslaenderbehoerde.org\/wp-content\/uploads\/2022\/07\/architecture-g719836b53_640.jpg\" alt=\"Primeros pasos en Alemania\" width=\"640\" height=\"426\" srcset=\"https:\/\/auslaenderbehoerde.org\/wp-content\/uploads\/2022\/07\/architecture-g719836b53_640.jpg 640w, https:\/\/auslaenderbehoerde.org\/wp-content\/uploads\/2022\/07\/architecture-g719836b53_640-300x200.jpg 300w\" sizes=\"(max-width: 640px) 100vw, 640px\" \/><\/p>\n<p>Si acabas de llegar a Alemania y tienes un visado o permiso de residencia, tienes que hacer algunos tr\u00e1mites administrativos.<\/p>\n<h3>Inscripci\u00f3n en la oficina de registro<\/h3>\n<p>Dentro de <strong>dos semanas<\/strong> Los hu\u00e9spedes o nacionales de terceros pa\u00edses deben registrarse en la oficina de registro de residentes de su lugar de residencia <strong>obligatorio registrarse<\/strong>. Necesitas uno para registrarte <strong>confirmaci\u00f3n del propietario<\/strong>. Puede obtener esto del propietario o de amigos \/ conocidos con quienes vive. S\u00f3lo despu\u00e9s de registrarse en la oficina de registro de residentes, cuando se dispone de un formulario de registro, puede un <strong>cuenta bancaria a abrir<\/strong>.<\/p>\n<p>El registro en la oficina de registro de residentes locales no solo es necesario si se muda a su propio apartamento, sino tambi\u00e9n si <strong>estancia m\u00e1s larga<\/strong> con amigos o conocidos en cuyo apartamento est\u00e1 previsto. En el curso del registro, recibir\u00e1 un n\u00famero de identificaci\u00f3n fiscal.<\/p>\n<h3>Visita personal a la oficina de inmigraci\u00f3n<\/h3>\n<p>Despu\u00e9s de que los nacionales de terceros pa\u00edses hayan llegado a Alemania con una visa o un permiso de residencia de una representaci\u00f3n alemana en el extranjero, deben presentarse personalmente en la oficina responsable <a href=\"https:\/\/auslaenderbehoerde.org\/es\/\">Autoridad de extranjer\u00eda<\/a> hacer representaciones.<\/p>\n<p>Las autoridades de inmigraci\u00f3n excluyen el prop\u00f3sito de su estad\u00eda. No solo es posible prorrogar el permiso de residencia en la oficina de extranjer\u00eda antes de que caduque, sino tambi\u00e9n solicitar uno <a href=\"https:\/\/auslaenderbehoerde.org\/es\/permiso-de-residencia-2\/\">permiso de residencia<\/a>si se cumplen las condiciones necesarias.<\/p>\n<h3>Registro en una compa\u00f1\u00eda de seguros de salud.<\/h3>\n<p>Nacionales de terceros pa\u00edses con <a href=\"https:\/\/auslaenderbehoerde.org\/es\/permiso-de-residencia\/\">permiso de residencia<\/a>, posiblemente con un permiso de trabajo o un permiso de residencia debe ser obligatorio en Alemania por ley o privado <strong>seguro de salud<\/strong> ser. Por lo tanto, es necesario registrarse en una compa\u00f1\u00eda de seguros de salud. <strong>particularmente importante<\/strong>.<\/p>\n<p>Cualquiera que s\u00f3lo est\u00e9 de visita en Alemania y tenga una <a href=\"https:\/\/auslaenderbehoerde.org\/es\/seguro-de-viaje-para-huespedes-extranjeros\/\">Seguro de viaje para hu\u00e9spedes extranjeros<\/a> no es necesario estar registrado en una compa\u00f1\u00eda de seguros de salud alemana.<\/p>\n<h3>escuela, formacion y estudios<\/h3>\n<p>Los hijos de nacionales de terceros pa\u00edses pueden vivir en Alemania <strong>numerosas rutas educativas gratuitas<\/strong> tomar ventaja de. Las citas informativas en varias escuelas de la regi\u00f3n muestran r\u00e1pidamente qu\u00e9 oportunidades escolares est\u00e1n disponibles.<\/p>\n<p>Los hijos de nacionales de terceros pa\u00edses se integran mucho mejor en Alemania si van a una escuela adecuada lo antes posible y se hacen amigos de sus compa\u00f1eros. Adem\u00e1s, los hijos de nacionales de terceros pa\u00edses a partir de los 6 a\u00f1os en Alemania <strong>sujetos a la educaci\u00f3n obligatoria<\/strong> y debe asistir a la escuela durante al menos 9 a\u00f1os.<\/p>\n<h3>Los siguientes pasos importantes<\/h3>\n<p>Una vez que tenga un formulario de registro, debe registrarse lo antes posible <strong>abrir una cuenta bancaria<\/strong>. Al elegir un banco, preste atenci\u00f3n a las condiciones. Las tarifas mensuales pueden variar mucho. Recopile informaci\u00f3n sobre tarifas y comp\u00e1rela con amigos y conocidos que hablen bien alem\u00e1n antes de firmar un contrato.<\/p>\n<p>deja el tuyo <strong>Verifique la licencia de conducir<\/strong>. Por regla general, los permisos de conducir extranjeros en Alemania tienen una <strong>Vigencia de 6 meses<\/strong>. Obtenga un asesoramiento integral para que pueda obtener una licencia de conducir alemana lo m\u00e1s r\u00e1pido posible si la necesita.<\/p>\n<p>Aqu\u00ed hay un video explicativo de <a href=\"https:\/\/www.bamf.de\/DE\/Startseite\/startseite_node.html\" target=\"_blank\" rel=\"noopener\">Oficina Federal de Migraci\u00f3n y Refugiados<\/a><\/p>\n<div class=\"su-youtube su-u-responsive-media-yes\"><iframe width=\"600\" height=\"400\" src=\"https:\/\/www.youtube.com\/embed\/y6zd30dBGLM?\" frameborder=\"0\" allowfullscreen allow=\"autoplay; encrypted-media; picture-in-picture\" title=\"\"><\/iframe><\/div>","protected":false},"excerpt":{"rendered":"<p>Cualquiera que acabe de llegar a Alemania y tenga un visado o permiso de residencia deber\u00e1 realizar algunos tr\u00e1mites administrativos. Inscripci\u00f3n en la oficina de registro de residentes Los hu\u00e9spedes o nacionales de terceros pa\u00edses deben registrarse en la oficina de registro de residentes de su lugar de residencia en un plazo de dos semanas. Necesita una confirmaci\u00f3n del proveedor de alojamiento para registrarse. Puede obtenerlo del propietario o de amigos\/\u2026&nbsp;<a href=\"https:\/\/auslaenderbehoerde.org\/es\/primeros-pasos-en-alemania\/\" rel=\"bookmark\">Leer m\u00e1s &quot;<span class=\"screen-reader-text\">Primeros pasos en Alemania<\/span><\/a><\/p>","protected":false},"author":1,"featured_media":207,"parent":0,"menu_order":0,"comment_status":"closed","ping_status":"closed","template":"","meta":{"neve_meta_sidebar":"","neve_meta_container":"","neve_meta_enable_content_width":"off","neve_meta_content_width":100,"neve_meta_title_alignment":"","neve_meta_author_avatar":"","neve_post_elements_order":"","neve_meta_disable_header":"","neve_meta_disable_footer":"","neve_meta_disable_title":"","neve_meta_reading_time":"","footnotes":""},"class_list":["post-149","page","type-page","status-publish","has-post-thumbnail","hentry"],"yoast_head":"<!-- This site is optimized with the Yoast SEO plugin v26.6 - https:\/\/yoast.com\/wordpress\/plugins\/seo\/ -->\n<title>Erste Schritte in Deutschland - auslaenderbehoerde.org<\/title>\n<meta name=\"description\" content=\"Wer gerade in Deutschland angekommen ist und \u00fcber ein Visum oder eine Aufenthaltsgenehmigung verf\u00fcgt, muss einige Beh\u00f6rdeng\u00e4nge erledigen.\" \/>\n<meta name=\"robots\" content=\"index, follow, max-snippet:-1, max-image-preview:large, max-video-preview:-1\" \/>\n<link rel=\"canonical\" href=\"https:\/\/auslaenderbehoerde.org\/es\/primeros-pasos-en-alemania\/\" \/>\n<meta property=\"og:locale\" content=\"es_ES\" \/>\n<meta property=\"og:type\" content=\"article\" \/>\n<meta property=\"og:title\" content=\"Erste Schritte in Deutschland - auslaenderbehoerde.org\" \/>\n<meta property=\"og:description\" content=\"Wer gerade in Deutschland angekommen ist und \u00fcber ein Visum oder eine Aufenthaltsgenehmigung verf\u00fcgt, muss einige Beh\u00f6rdeng\u00e4nge erledigen.\" \/>\n<meta property=\"og:url\" content=\"https:\/\/auslaenderbehoerde.org\/es\/primeros-pasos-en-alemania\/\" \/>\n<meta property=\"og:site_name\" content=\"auslaenderbehoerde.org\" \/>\n<meta property=\"article:modified_time\" content=\"2022-07-02T07:29:01+00:00\" \/>\n<meta property=\"og:image\" content=\"https:\/\/auslaenderbehoerde.org\/wp-content\/uploads\/2022\/07\/architecture-g719836b53_640.jpg\" \/>\n\t<meta property=\"og:image:width\" content=\"640\" \/>\n\t<meta property=\"og:image:height\" content=\"426\" \/>\n\t<meta property=\"og:image:type\" content=\"image\/jpeg\" \/>\n<meta name=\"twitter:card\" content=\"summary_large_image\" \/>\n<meta name=\"twitter:label1\" content=\"Tiempo de lectura\" \/>\n\t<meta name=\"twitter:data1\" content=\"2 minutos\" \/>\n<script type=\"application\/ld+json\" class=\"yoast-schema-graph\">{\"@context\":\"https:\/\/schema.org\",\"@graph\":[{\"@type\":\"WebPage\",\"@id\":\"https:\/\/auslaenderbehoerde.org\/erste-schritte-in-deutschland\/\",\"url\":\"https:\/\/auslaenderbehoerde.org\/erste-schritte-in-deutschland\/\",\"name\":\"Erste Schritte in Deutschland - auslaenderbehoerde.org\",\"isPartOf\":{\"@id\":\"https:\/\/auslaenderbehoerde.org\/#website\"},\"primaryImageOfPage\":{\"@id\":\"https:\/\/auslaenderbehoerde.org\/erste-schritte-in-deutschland\/#primaryimage\"},\"image\":{\"@id\":\"https:\/\/auslaenderbehoerde.org\/erste-schritte-in-deutschland\/#primaryimage\"},\"thumbnailUrl\":\"https:\/\/auslaenderbehoerde.org\/wp-content\/uploads\/2022\/07\/architecture-g719836b53_640.jpg\",\"datePublished\":\"2022-06-28T12:13:30+00:00\",\"dateModified\":\"2022-07-02T07:29:01+00:00\",\"description\":\"Wer gerade in Deutschland angekommen ist und \u00fcber ein Visum oder eine Aufenthaltsgenehmigung verf\u00fcgt, muss einige Beh\u00f6rdeng\u00e4nge erledigen.\",\"breadcrumb\":{\"@id\":\"https:\/\/auslaenderbehoerde.org\/erste-schritte-in-deutschland\/#breadcrumb\"},\"inLanguage\":\"es\",\"potentialAction\":[{\"@type\":\"ReadAction\",\"target\":[\"https:\/\/auslaenderbehoerde.org\/erste-schritte-in-deutschland\/\"]}]},{\"@type\":\"ImageObject\",\"inLanguage\":\"es\",\"@id\":\"https:\/\/auslaenderbehoerde.org\/erste-schritte-in-deutschland\/#primaryimage\",\"url\":\"https:\/\/auslaenderbehoerde.org\/wp-content\/uploads\/2022\/07\/architecture-g719836b53_640.jpg\",\"contentUrl\":\"https:\/\/auslaenderbehoerde.org\/wp-content\/uploads\/2022\/07\/architecture-g719836b53_640.jpg\",\"width\":640,\"height\":426,\"caption\":\"Erste Schritte in Deutschland\"},{\"@type\":\"BreadcrumbList\",\"@id\":\"https:\/\/auslaenderbehoerde.org\/erste-schritte-in-deutschland\/#breadcrumb\",\"itemListElement\":[{\"@type\":\"ListItem\",\"position\":1,\"name\":\"Startseite\",\"item\":\"https:\/\/auslaenderbehoerde.org\/\"},{\"@type\":\"ListItem\",\"position\":2,\"name\":\"Erste Schritte in Deutschland\"}]},{\"@type\":\"WebSite\",\"@id\":\"https:\/\/auslaenderbehoerde.org\/#website\",\"url\":\"https:\/\/auslaenderbehoerde.org\/\",\"name\":\"auslaenderbehoerde.org\",\"description\":\"\",\"potentialAction\":[{\"@type\":\"SearchAction\",\"target\":{\"@type\":\"EntryPoint\",\"urlTemplate\":\"https:\/\/auslaenderbehoerde.org\/?s={search_term_string}\"},\"query-input\":{\"@type\":\"PropertyValueSpecification\",\"valueRequired\":true,\"valueName\":\"search_term_string\"}}],\"inLanguage\":\"es\"}]}<\/script>\n<!-- \/ Yoast SEO plugin. -->","yoast_head_json":{"title":"Primeros pasos en Alemania - auslaenderbehoerde.org","description":"Si acabas de llegar a Alemania y tienes un visado o permiso de residencia, tienes que hacer algunos tr\u00e1mites administrativos.","robots":{"index":"index","follow":"follow","max-snippet":"max-snippet:-1","max-image-preview":"max-image-preview:large","max-video-preview":"max-video-preview:-1"},"canonical":"https:\/\/auslaenderbehoerde.org\/es\/primeros-pasos-en-alemania\/","og_locale":"es_ES","og_type":"article","og_title":"Erste Schritte in Deutschland - auslaenderbehoerde.org","og_description":"Wer gerade in Deutschland angekommen ist und \u00fcber ein Visum oder eine Aufenthaltsgenehmigung verf\u00fcgt, muss einige Beh\u00f6rdeng\u00e4nge erledigen.","og_url":"https:\/\/auslaenderbehoerde.org\/es\/primeros-pasos-en-alemania\/","og_site_name":"auslaenderbehoerde.org","article_modified_time":"2022-07-02T07:29:01+00:00","og_image":[{"width":640,"height":426,"url":"https:\/\/auslaenderbehoerde.org\/wp-content\/uploads\/2022\/07\/architecture-g719836b53_640.jpg","type":"image\/jpeg"}],"twitter_card":"summary_large_image","twitter_misc":{"Tiempo de lectura":"2 minutos"},"schema":{"@context":"https:\/\/schema.org","@graph":[{"@type":"WebPage","@id":"https:\/\/auslaenderbehoerde.org\/erste-schritte-in-deutschland\/","url":"https:\/\/auslaenderbehoerde.org\/erste-schritte-in-deutschland\/","name":"Primeros pasos en Alemania - auslaenderbehoerde.org","isPartOf":{"@id":"https:\/\/auslaenderbehoerde.org\/#website"},"primaryImageOfPage":{"@id":"https:\/\/auslaenderbehoerde.org\/erste-schritte-in-deutschland\/#primaryimage"},"image":{"@id":"https:\/\/auslaenderbehoerde.org\/erste-schritte-in-deutschland\/#primaryimage"},"thumbnailUrl":"https:\/\/auslaenderbehoerde.org\/wp-content\/uploads\/2022\/07\/architecture-g719836b53_640.jpg","datePublished":"2022-06-28T12:13:30+00:00","dateModified":"2022-07-02T07:29:01+00:00","description":"Si acabas de llegar a Alemania y tienes un visado o permiso de residencia, tienes que hacer algunos tr\u00e1mites administrativos.","breadcrumb":{"@id":"https:\/\/auslaenderbehoerde.org\/erste-schritte-in-deutschland\/#breadcrumb"},"inLanguage":"es","potentialAction":[{"@type":"ReadAction","target":["https:\/\/auslaenderbehoerde.org\/erste-schritte-in-deutschland\/"]}]},{"@type":"ImageObject","inLanguage":"es","@id":"https:\/\/auslaenderbehoerde.org\/erste-schritte-in-deutschland\/#primaryimage","url":"https:\/\/auslaenderbehoerde.org\/wp-content\/uploads\/2022\/07\/architecture-g719836b53_640.jpg","contentUrl":"https:\/\/auslaenderbehoerde.org\/wp-content\/uploads\/2022\/07\/architecture-g719836b53_640.jpg","width":640,"height":426,"caption":"Erste Schritte in Deutschland"},{"@type":"BreadcrumbList","@id":"https:\/\/auslaenderbehoerde.org\/erste-schritte-in-deutschland\/#breadcrumb","itemListElement":[{"@type":"ListItem","position":1,"name":"Startseite","item":"https:\/\/auslaenderbehoerde.org\/"},{"@type":"ListItem","position":2,"name":"Erste Schritte in Deutschland"}]},{"@type":"WebSite","@id":"https:\/\/auslaenderbehoerde.org\/#website","url":"https:\/\/auslaenderbehoerde.org\/","name":"auslaenderbehoerde.org","description":"","potentialAction":[{"@type":"SearchAction","target":{"@type":"EntryPoint","urlTemplate":"https:\/\/auslaenderbehoerde.org\/?s={search_term_string}"},"query-input":{"@type":"PropertyValueSpecification","valueRequired":true,"valueName":"search_term_string"}}],"inLanguage":"es"}]}},"_links":{"self":[{"href":"https:\/\/auslaenderbehoerde.org\/es\/wp-json\/wp\/v2\/pages\/149","targetHints":{"allow":["GET"]}}],"collection":[{"href":"https:\/\/auslaenderbehoerde.org\/es\/wp-json\/wp\/v2\/pages"}],"about":[{"href":"https:\/\/auslaenderbehoerde.org\/es\/wp-json\/wp\/v2\/types\/page"}],"author":[{"embeddable":true,"href":"https:\/\/auslaenderbehoerde.org\/es\/wp-json\/wp\/v2\/users\/1"}],"replies":[{"embeddable":true,"href":"https:\/\/auslaenderbehoerde.org\/es\/wp-json\/wp\/v2\/comments?post=149"}],"version-history":[{"count":10,"href":"https:\/\/auslaenderbehoerde.org\/es\/wp-json\/wp\/v2\/pages\/149\/revisions"}],"predecessor-version":[{"id":215,"href":"https:\/\/auslaenderbehoerde.org\/es\/wp-json\/wp\/v2\/pages\/149\/revisions\/215"}],"wp:featuredmedia":[{"embeddable":true,"href":"https:\/\/auslaenderbehoerde.org\/es\/wp-json\/wp\/v2\/media\/207"}],"wp:attachment":[{"href":"https:\/\/auslaenderbehoerde.org\/es\/wp-json\/wp\/v2\/media?parent=149"}],"curies":[{"name":"wp","href":"https:\/\/api.w.org\/{rel}","templated":true}]}}