{"id":151,"date":"2022-06-28T14:13:50","date_gmt":"2022-06-28T12:13:50","guid":{"rendered":"https:\/\/auslaenderbehoerde.org\/?page_id=151"},"modified":"2022-07-15T15:19:27","modified_gmt":"2022-07-15T13:19:27","slug":"aufenthaltserlaubnis","status":"publish","type":"page","link":"https:\/\/auslaenderbehoerde.org\/es\/permiso-de-residencia\/","title":{"rendered":"permiso de residencia"},"content":{"rendered":"<figure id=\"attachment_157\" aria-describedby=\"caption-attachment-157\" style=\"width: 640px\" class=\"wp-caption aligncenter\"><img decoding=\"async\" class=\"wp-image-157 size-full\" src=\"https:\/\/auslaenderbehoerde.org\/wp-content\/uploads\/2022\/06\/visa-3653492_640.jpeg\" alt=\"permiso de residencia\" width=\"640\" height=\"393\" srcset=\"https:\/\/auslaenderbehoerde.org\/wp-content\/uploads\/2022\/06\/visa-3653492_640.jpeg 640w, https:\/\/auslaenderbehoerde.org\/wp-content\/uploads\/2022\/06\/visa-3653492_640-300x184.jpeg 300w\" sizes=\"(max-width: 640px) 100vw, 640px\" \/><figcaption id=\"caption-attachment-157\" class=\"wp-caption-text\">Uno de los siete t\u00edtulos de residencia que existen en Alemania es el permiso de residencia.<\/figcaption><\/figure>\n<h2>\u00bfQu\u00e9 es un permiso de residencia?<\/h2>\n<p>Un permiso de residencia generalmente se otorga por un m\u00e1ximo de 3 a\u00f1os, luego de lo cual puede prorrogarse. El permiso de residencia se expide por un tiempo limitado para que pueda ser revocado si el extranjero que se ha mudado al pa\u00eds no cumple con sus deberes c\u00edvicos. Cualquier persona que solicite un permiso de residencia debe tener una raz\u00f3n para esta solicitud. Las diversas razones para mudarse a un pa\u00eds extranjero se asignan a p\u00e1rrafos espec\u00edficos.<\/p>\n<p><strong>Solicitar un permiso de residencia para:<\/strong><\/p>\n<ul style=\"list-style-type: circle;\">\n<li>para poder realizar un curso de estudio o formaci\u00f3n (\u00a7 16-17)<\/li>\n<li>poder ejercer una actividad profesional (\u00a7 18)<\/li>\n<li>poder vivir en otro pa\u00eds por razones humanitarias, de derecho internacional o pol\u00edticas (\u00a7 22 - 26, 104a, 104b)<\/li>\n<li>para poder lograr la reunificaci\u00f3n familiar (\u00a7 27 \u2013 36)<\/li>\n<li>para permitir que los ex alemanes o extranjeros regresen a Alemania (\u00a7 37 \u2013 38)<\/li>\n<li>Personas que tienen derecho de residencia permanente en otro estado de la UE para legalizar su estancia en Alemania (\u00a7 38a)<\/li>\n<\/ul>\n<h2>\u00bfD\u00f3nde se puede solicitar un permiso de residencia?<\/h2>\n<p>El permiso de residencia debe obtenerse en el local <a href=\"https:\/\/auslaenderbehoerde.org\/es\/\">Autoridad de extranjer\u00eda<\/a> ser solicitado. La solicitud para la emisi\u00f3n inicial de un permiso de residencia se puede realizar en la misi\u00f3n diplom\u00e1tica alemana en su pa\u00eds de origen.<\/p>\n<p>Despu\u00e9s de entrar en la Rep\u00fablica Federal de Alemania, el permiso de residencia debe prorrogarse regularmente. Despu\u00e9s de un per\u00edodo de residencia de 5 a\u00f1os en la Rep\u00fablica Federal de Alemania, se puede solicitar un permiso de residencia ilimitado en la autoridad de extranjer\u00eda competente.<\/p>\n<h2>Los requisitos para la concesi\u00f3n<\/h2>\n<p>Se especifican los requisitos que se deben cumplir para la concesi\u00f3n de un permiso de residencia. El cumplimiento de los requisitos al 100 por ciento es la base para la emisi\u00f3n de un permiso de residencia.<\/p>\n<p>Transcurrido un plazo m\u00e1ximo de 3 a\u00f1os desde la expedici\u00f3n del permiso de residencia, este caduca. Puede prorrogarse despu\u00e9s de comprobar si todav\u00eda se cumplen todos los requisitos para la concesi\u00f3n.<\/p>\n<p>Si las razones dadas para su estancia en Alemania (ver divisi\u00f3n en p\u00e1rrafos) ya no se aplican en este momento, las autoridades de inmigraci\u00f3n pueden denegar la pr\u00f3rroga de su permiso de residencia. Adem\u00e1s, los solicitantes que han solicitado un permiso de residencia est\u00e1n sujetos a obligaciones que deben cumplir. Estas obligaciones pueden, p. B. Participaci\u00f3n en un curso de integraci\u00f3n.<\/p>\n<p><strong>Los requisitos que se deben cumplir para obtener un permiso de residencia permanente incluyen los siguientes puntos:<\/strong><\/p>\n<ul style=\"list-style-type: circle;\">\n<li>prueba de un derecho de residencia v\u00e1lido, p. B. una visa o un permiso de residencia<\/li>\n<li>no hay procesos penales que est\u00e9n pendientes o que no haya condenas previas<\/li>\n<li>la presencia de prueba de un pasaporte v\u00e1lido<\/li>\n<li>debe poder asegurar su sustento con sus propios recursos<\/li>\n<li>un permiso de residencia que ha existido durante al menos cinco a\u00f1os<\/li>\n<li>Pago del seguro de pensi\u00f3n obligatorio durante al menos 60 meses<\/li>\n<li>Prueba del motivo de su estancia<\/li>\n<li>seguro de salud adecuado<\/li>\n<li>Buen conocimiento del sistema social alem\u00e1n y del idioma alem\u00e1n.<\/li>\n<li>un lugar principal de residencia en la ciudad donde se presenta la solicitud de un permiso de residencia permanente, con espacio suficiente para vivir para el n\u00famero especificado de personas<\/li>\n<\/ul>\n<p>Si es necesario, la autoridad de extranjer\u00eda puede solicitar m\u00e1s documentos y papeles, que luego deben presentarse con prontitud. Dependiendo de la situaci\u00f3n, los requisitos para un permiso de residencia permanente pueden variar.<\/p>\n<div class=\"su-note\"  style=\"border-color:#d1d1d0;border-radius:3px;-moz-border-radius:3px;-webkit-border-radius:3px;\"><div class=\"su-note-inner su-u-clearfix su-u-trim\" style=\"background-color:#ebebea;border-color:#ffffff;color:#444444;border-radius:3px;-moz-border-radius:3px;-webkit-border-radius:3px;\"><strong>\u00bfEst\u00e1s esperando visitas del extranjero?<\/strong> Con un <a href=\"https:\/\/auslaenderbehoerde.org\/es\/seguro-de-viaje-para-huespedes-extranjeros\/\">Seguro de viaje para hu\u00e9spedes extranjeros<\/a> Benef\u00edciese de una amplia protecci\u00f3n en Alemania y Europa.<\/div><\/div>\n<h2>Costos<\/h2>\n<p>Los costes de la primera expedici\u00f3n de un permiso de residencia en la Rep\u00fablica Federal de Alemania son de 100 euros. Un permiso de residencia debe prorrogarse regularmente antes de que expire su validez para que el permiso de residencia no caduque.<\/p>\n<p>Si se prorroga un permiso de residencia por m\u00e1s de 3 meses, la tasa de la pr\u00f3rroga es de 93 euros. El t\u00e9rmino &quot;permiso de residencia ilimitado&quot; no se ha utilizado desde el 1 de enero de 2005. Desde entonces, los extranjeros que tienen un derecho de residencia ilimitado e ilimitado han recibido un \u201cpermiso de residencia\u201d. Esto es equivalente al antiguo permiso de residencia permanente.<\/p>\n<h2>\u00bfSe puede trabajar con permiso de residencia?<\/h2>\n<p>Las autoridades de inmigraci\u00f3n pueden expedir un permiso de trabajo junto con un permiso de residencia. Sin embargo, esto solo es posible si la administraci\u00f3n de empleo ha dado su consentimiento. Se solicita aprobaci\u00f3n en un procedimiento interno. Si el permiso de residencia se ha emitido sin un permiso de trabajo, los solicitantes pueden preguntar a la autoridad de extranjer\u00eda competente si es posible emitir un permiso de trabajo.<\/p>\n<p>Una <a href=\"https:\/\/azf2.de\/infomaterial\/leitfaden-arbeitserlaubnisrecht\/zugang-arbeitsmarkt-drittstaatsangehoerige\/aufenthaltserlaubnisse-fuer-erwerbstaetigkeit\/\" target=\"_blank\" rel=\"noopener\">Elegibilidad para trabajar<\/a> por lo tanto, no se incluye autom\u00e1ticamente en un permiso de residencia.<\/p>\n<h2>La diferencia entre t\u00edtulo de residencia y permiso de residencia<\/h2>\n<p>Debe solicitarse un permiso de residencia antes de entrar en la Rep\u00fablica Federal de Alemania y renovarse peri\u00f3dicamente despu\u00e9s de la entrada. Si los requisitos para un lugar de residencia en Alemania no pueden ser cumplidos o probados por los afectados, las autoridades de inmigraci\u00f3n pueden denegar la extensi\u00f3n de un permiso de residencia.<\/p>\n<p>Bajo la designaci\u00f3n <a href=\"https:\/\/auslaenderbehoerde.org\/es\/permiso-de-residencia-2\/\">permiso de residencia<\/a> la concesi\u00f3n de un permiso de establecimiento se entiende como un permiso de residencia permanente. Esto no tiene que extenderse continuamente, ya que es ilimitado.<\/p>\n<h3 id=\"customheading6\"><strong>enlaces relacionados\u00a0<\/strong><\/h3>\n<ul>\n<li><a href=\"https:\/\/auslaenderbehoerde.org\/es\/primeros-pasos-en-alemania\/\" data-wpel-link=\"internal\">Primeros pasos en Alemania<\/a><\/li>\n<\/ul>","protected":false},"excerpt":{"rendered":"<p>\u00bfQu\u00e9 es un permiso de residencia? Normalmente, un permiso de residencia se expide por un m\u00e1ximo de 3 a\u00f1os, tras los cuales puede prorrogarse. Un permiso de residencia se expide por un per\u00edodo de tiempo limitado para que pueda ser revocado si el extranjero inmigrante no cumple con sus obligaciones c\u00edvicas. Cualquiera que solicite un permiso de residencia debe indicar los motivos de esta solicitud. Hay varios motivos para cambiar de lugar de residencia...&nbsp;<a href=\"https:\/\/auslaenderbehoerde.org\/es\/permiso-de-residencia\/\" rel=\"bookmark\">Leer m\u00e1s &quot;<span class=\"screen-reader-text\">permiso de residencia<\/span><\/a><\/p>","protected":false},"author":1,"featured_media":157,"parent":0,"menu_order":0,"comment_status":"closed","ping_status":"closed","template":"","meta":{"neve_meta_sidebar":"","neve_meta_container":"","neve_meta_enable_content_width":"off","neve_meta_content_width":100,"neve_meta_title_alignment":"","neve_meta_author_avatar":"","neve_post_elements_order":"","neve_meta_disable_header":"","neve_meta_disable_footer":"","neve_meta_disable_title":"","neve_meta_reading_time":"","footnotes":""},"class_list":["post-151","page","type-page","status-publish","has-post-thumbnail","hentry"],"yoast_head":"<!-- This site is optimized with the Yoast SEO plugin v26.6 - https:\/\/yoast.com\/wordpress\/plugins\/seo\/ -->\n<title>Was ist eine Aufenthaltserlaubnis? - Auslaenderbehoerde.org<\/title>\n<meta name=\"description\" content=\"Eine Aufenthaltserlaubnis wird befristet und zu einem bestimmten Zweck an sogenannte Drittstaatsangeh\u00f6rige erteilt.\" \/>\n<meta name=\"robots\" content=\"index, follow, max-snippet:-1, max-image-preview:large, max-video-preview:-1\" \/>\n<link rel=\"canonical\" href=\"https:\/\/auslaenderbehoerde.org\/es\/permiso-de-residencia\/\" \/>\n<meta property=\"og:locale\" content=\"es_ES\" \/>\n<meta property=\"og:type\" content=\"article\" \/>\n<meta property=\"og:title\" content=\"Was ist eine Aufenthaltserlaubnis? - Auslaenderbehoerde.org\" \/>\n<meta property=\"og:description\" content=\"Eine Aufenthaltserlaubnis wird befristet und zu einem bestimmten Zweck an sogenannte Drittstaatsangeh\u00f6rige erteilt.\" \/>\n<meta property=\"og:url\" content=\"https:\/\/auslaenderbehoerde.org\/es\/permiso-de-residencia\/\" \/>\n<meta property=\"og:site_name\" content=\"auslaenderbehoerde.org\" \/>\n<meta property=\"article:modified_time\" content=\"2022-07-15T13:19:27+00:00\" \/>\n<meta property=\"og:image\" content=\"https:\/\/auslaenderbehoerde.org\/wp-content\/uploads\/2022\/06\/visa-3653492_640.jpeg\" \/>\n\t<meta property=\"og:image:width\" content=\"640\" \/>\n\t<meta property=\"og:image:height\" content=\"393\" \/>\n\t<meta property=\"og:image:type\" content=\"image\/jpeg\" \/>\n<meta name=\"twitter:card\" content=\"summary_large_image\" \/>\n<meta name=\"twitter:label1\" content=\"Tiempo de lectura\" \/>\n\t<meta name=\"twitter:data1\" content=\"5 minutos\" \/>\n<script type=\"application\/ld+json\" class=\"yoast-schema-graph\">{\"@context\":\"https:\/\/schema.org\",\"@graph\":[{\"@type\":\"WebPage\",\"@id\":\"https:\/\/auslaenderbehoerde.org\/aufenthaltserlaubnis\/\",\"url\":\"https:\/\/auslaenderbehoerde.org\/aufenthaltserlaubnis\/\",\"name\":\"Was ist eine Aufenthaltserlaubnis? - Auslaenderbehoerde.org\",\"isPartOf\":{\"@id\":\"https:\/\/auslaenderbehoerde.org\/#website\"},\"primaryImageOfPage\":{\"@id\":\"https:\/\/auslaenderbehoerde.org\/aufenthaltserlaubnis\/#primaryimage\"},\"image\":{\"@id\":\"https:\/\/auslaenderbehoerde.org\/aufenthaltserlaubnis\/#primaryimage\"},\"thumbnailUrl\":\"https:\/\/auslaenderbehoerde.org\/wp-content\/uploads\/2022\/06\/visa-3653492_640.jpeg\",\"datePublished\":\"2022-06-28T12:13:50+00:00\",\"dateModified\":\"2022-07-15T13:19:27+00:00\",\"description\":\"Eine Aufenthaltserlaubnis wird befristet und zu einem bestimmten Zweck an sogenannte Drittstaatsangeh\u00f6rige erteilt.\",\"breadcrumb\":{\"@id\":\"https:\/\/auslaenderbehoerde.org\/aufenthaltserlaubnis\/#breadcrumb\"},\"inLanguage\":\"es\",\"potentialAction\":[{\"@type\":\"ReadAction\",\"target\":[\"https:\/\/auslaenderbehoerde.org\/aufenthaltserlaubnis\/\"]}]},{\"@type\":\"ImageObject\",\"inLanguage\":\"es\",\"@id\":\"https:\/\/auslaenderbehoerde.org\/aufenthaltserlaubnis\/#primaryimage\",\"url\":\"https:\/\/auslaenderbehoerde.org\/wp-content\/uploads\/2022\/06\/visa-3653492_640.jpeg\",\"contentUrl\":\"https:\/\/auslaenderbehoerde.org\/wp-content\/uploads\/2022\/06\/visa-3653492_640.jpeg\",\"width\":640,\"height\":393,\"caption\":\"Aufenthaltserlaubnis\"},{\"@type\":\"BreadcrumbList\",\"@id\":\"https:\/\/auslaenderbehoerde.org\/aufenthaltserlaubnis\/#breadcrumb\",\"itemListElement\":[{\"@type\":\"ListItem\",\"position\":1,\"name\":\"Startseite\",\"item\":\"https:\/\/auslaenderbehoerde.org\/\"},{\"@type\":\"ListItem\",\"position\":2,\"name\":\"Aufenthaltserlaubnis\"}]},{\"@type\":\"WebSite\",\"@id\":\"https:\/\/auslaenderbehoerde.org\/#website\",\"url\":\"https:\/\/auslaenderbehoerde.org\/\",\"name\":\"auslaenderbehoerde.org\",\"description\":\"\",\"potentialAction\":[{\"@type\":\"SearchAction\",\"target\":{\"@type\":\"EntryPoint\",\"urlTemplate\":\"https:\/\/auslaenderbehoerde.org\/?s={search_term_string}\"},\"query-input\":{\"@type\":\"PropertyValueSpecification\",\"valueRequired\":true,\"valueName\":\"search_term_string\"}}],\"inLanguage\":\"es\"}]}<\/script>\n<!-- \/ Yoast SEO plugin. -->","yoast_head_json":{"title":"\u00bfQu\u00e9 es un permiso de residencia? - Auslaenderbehoerde.org","description":"Un permiso de residencia se otorga por un per\u00edodo limitado y con un prop\u00f3sito espec\u00edfico a los llamados nacionales de terceros pa\u00edses.","robots":{"index":"index","follow":"follow","max-snippet":"max-snippet:-1","max-image-preview":"max-image-preview:large","max-video-preview":"max-video-preview:-1"},"canonical":"https:\/\/auslaenderbehoerde.org\/es\/permiso-de-residencia\/","og_locale":"es_ES","og_type":"article","og_title":"Was ist eine Aufenthaltserlaubnis? - Auslaenderbehoerde.org","og_description":"Eine Aufenthaltserlaubnis wird befristet und zu einem bestimmten Zweck an sogenannte Drittstaatsangeh\u00f6rige erteilt.","og_url":"https:\/\/auslaenderbehoerde.org\/es\/permiso-de-residencia\/","og_site_name":"auslaenderbehoerde.org","article_modified_time":"2022-07-15T13:19:27+00:00","og_image":[{"width":640,"height":393,"url":"https:\/\/auslaenderbehoerde.org\/wp-content\/uploads\/2022\/06\/visa-3653492_640.jpeg","type":"image\/jpeg"}],"twitter_card":"summary_large_image","twitter_misc":{"Tiempo de lectura":"5 minutos"},"schema":{"@context":"https:\/\/schema.org","@graph":[{"@type":"WebPage","@id":"https:\/\/auslaenderbehoerde.org\/aufenthaltserlaubnis\/","url":"https:\/\/auslaenderbehoerde.org\/aufenthaltserlaubnis\/","name":"\u00bfQu\u00e9 es un permiso de residencia? - Auslaenderbehoerde.org","isPartOf":{"@id":"https:\/\/auslaenderbehoerde.org\/#website"},"primaryImageOfPage":{"@id":"https:\/\/auslaenderbehoerde.org\/aufenthaltserlaubnis\/#primaryimage"},"image":{"@id":"https:\/\/auslaenderbehoerde.org\/aufenthaltserlaubnis\/#primaryimage"},"thumbnailUrl":"https:\/\/auslaenderbehoerde.org\/wp-content\/uploads\/2022\/06\/visa-3653492_640.jpeg","datePublished":"2022-06-28T12:13:50+00:00","dateModified":"2022-07-15T13:19:27+00:00","description":"Un permiso de residencia se otorga por un per\u00edodo limitado y con un prop\u00f3sito espec\u00edfico a los llamados nacionales de terceros pa\u00edses.","breadcrumb":{"@id":"https:\/\/auslaenderbehoerde.org\/aufenthaltserlaubnis\/#breadcrumb"},"inLanguage":"es","potentialAction":[{"@type":"ReadAction","target":["https:\/\/auslaenderbehoerde.org\/aufenthaltserlaubnis\/"]}]},{"@type":"ImageObject","inLanguage":"es","@id":"https:\/\/auslaenderbehoerde.org\/aufenthaltserlaubnis\/#primaryimage","url":"https:\/\/auslaenderbehoerde.org\/wp-content\/uploads\/2022\/06\/visa-3653492_640.jpeg","contentUrl":"https:\/\/auslaenderbehoerde.org\/wp-content\/uploads\/2022\/06\/visa-3653492_640.jpeg","width":640,"height":393,"caption":"Aufenthaltserlaubnis"},{"@type":"BreadcrumbList","@id":"https:\/\/auslaenderbehoerde.org\/aufenthaltserlaubnis\/#breadcrumb","itemListElement":[{"@type":"ListItem","position":1,"name":"Startseite","item":"https:\/\/auslaenderbehoerde.org\/"},{"@type":"ListItem","position":2,"name":"Aufenthaltserlaubnis"}]},{"@type":"WebSite","@id":"https:\/\/auslaenderbehoerde.org\/#website","url":"https:\/\/auslaenderbehoerde.org\/","name":"auslaenderbehoerde.org","description":"","potentialAction":[{"@type":"SearchAction","target":{"@type":"EntryPoint","urlTemplate":"https:\/\/auslaenderbehoerde.org\/?s={search_term_string}"},"query-input":{"@type":"PropertyValueSpecification","valueRequired":true,"valueName":"search_term_string"}}],"inLanguage":"es"}]}},"_links":{"self":[{"href":"https:\/\/auslaenderbehoerde.org\/es\/wp-json\/wp\/v2\/pages\/151","targetHints":{"allow":["GET"]}}],"collection":[{"href":"https:\/\/auslaenderbehoerde.org\/es\/wp-json\/wp\/v2\/pages"}],"about":[{"href":"https:\/\/auslaenderbehoerde.org\/es\/wp-json\/wp\/v2\/types\/page"}],"author":[{"embeddable":true,"href":"https:\/\/auslaenderbehoerde.org\/es\/wp-json\/wp\/v2\/users\/1"}],"replies":[{"embeddable":true,"href":"https:\/\/auslaenderbehoerde.org\/es\/wp-json\/wp\/v2\/comments?post=151"}],"version-history":[{"count":10,"href":"https:\/\/auslaenderbehoerde.org\/es\/wp-json\/wp\/v2\/pages\/151\/revisions"}],"predecessor-version":[{"id":1538,"href":"https:\/\/auslaenderbehoerde.org\/es\/wp-json\/wp\/v2\/pages\/151\/revisions\/1538"}],"wp:featuredmedia":[{"embeddable":true,"href":"https:\/\/auslaenderbehoerde.org\/es\/wp-json\/wp\/v2\/media\/157"}],"wp:attachment":[{"href":"https:\/\/auslaenderbehoerde.org\/es\/wp-json\/wp\/v2\/media?parent=151"}],"curies":[{"name":"wp","href":"https:\/\/api.w.org\/{rel}","templated":true}]}}