{"id":27,"date":"2022-06-27T09:55:59","date_gmt":"2022-06-27T07:55:59","guid":{"rendered":"https:\/\/auslaenderbehoerde.org\/?page_id=27"},"modified":"2022-10-28T15:32:27","modified_gmt":"2022-10-28T13:32:27","slug":"auslaenderbehoerde","status":"publish","type":"page","link":"https:\/\/auslaenderbehoerde.org\/es\/","title":{"rendered":"Autoridad de extranjer\u00eda"},"content":{"rendered":"<p>Los extranjeros que quieran vivir y trabajar en Alemania deben contactar primero con las autoridades de inmigraci\u00f3n. Esto tambi\u00e9n se conoce como la oficina de inmigraci\u00f3n. Cada estado federal tiene su propia autoridad. Dependiendo del pa\u00eds desde el que desee ingresar a Alemania, se requiere una visa. Esto tambi\u00e9n se puede solicitar en la Oficina de Inmigraci\u00f3n.<\/p>\n<h2>Encuentra la oficina de inmigraci\u00f3n responsable<\/h2>\n<p>Aqu\u00ed hay una descripci\u00f3n completa de la <strong>direcciones<\/strong>, <strong>Detalles de contacto<\/strong>,<strong>\u00a0n\u00fameros de tel\u00e9fono y<\/strong>\u00a0<strong>horario de apertura<\/strong> as\u00ed como otra informaci\u00f3n \u00fatil de las autoridades de inmigraci\u00f3n responsables de usted.<\/p>\n<p>Seleccione su estado federal de la lista o ingrese el t\u00e9rmino de b\u00fasqueda en el campo de b\u00fasqueda en nuestra p\u00e1gina de inicio en la parte superior derecha.<\/p>\n<ul>\n<li><a href=\"https:\/\/auslaenderbehoerde.org\/es\/autoridades-de-inmigracion-en-baden-wurtemberg\/\">Autoridades de inmigraci\u00f3n en Baden-W\u00fcrttemberg<\/a><\/li>\n<li><a href=\"https:\/\/auslaenderbehoerde.org\/es\/autoridades-de-inmigracion-en-baviera\/\">Autoridades de inmigraci\u00f3n en Baviera<\/a><\/li>\n<li><a href=\"https:\/\/auslaenderbehoerde.org\/es\/autoridades-de-inmigracion-en-berlin\/\">Autoridades de inmigraci\u00f3n en Berl\u00edn<\/a><\/li>\n<li><a href=\"https:\/\/auslaenderbehoerde.org\/es\/autoridades-de-inmigracion-en-brandeburgo\/\">Autoridades de inmigraci\u00f3n en Brandeburgo<\/a><\/li>\n<li><a href=\"https:\/\/auslaenderbehoerde.org\/es\/autoridades-de-inmigracion-en-bremen\/\">Autoridades de inmigraci\u00f3n en Bremen<\/a><\/li>\n<li><a href=\"https:\/\/auslaenderbehoerde.org\/es\/autoridades-de-inmigracion-en-hamburgo\/\">Autoridades de inmigraci\u00f3n en Hamburgo<\/a><\/li>\n<li><a href=\"https:\/\/auslaenderbehoerde.org\/es\/autoridades-de-inmigracion-en-hesse\/\">Autoridades de inmigraci\u00f3n en Hesse<\/a><\/li>\n<li><a href=\"https:\/\/auslaenderbehoerde.org\/es\/autoridades-de-inmigracion-en-mecklenburg-vorpommern\/\">Autoridades de inmigraci\u00f3n en Mecklemburgo-Pomerania Occidental<\/a><\/li>\n<li><a href=\"https:\/\/auslaenderbehoerde.org\/es\/autoridades-de-inmigracion-en-baja-sajonia\/\">Autoridades de inmigraci\u00f3n en Baja Sajonia<\/a><\/li>\n<li><a href=\"https:\/\/auslaenderbehoerde.org\/es\/autoridades-de-inmigracion-en-renania-del-norte-westfalia\/\">Autoridades de inmigraci\u00f3n en Renania del Norte-Westfalia<\/a><\/li>\n<li><a href=\"https:\/\/auslaenderbehoerde.org\/es\/autoridades-de-inmigracion-en-renania-palatinado\/\">Autoridades de inmigraci\u00f3n en Renania-Palatinado<\/a><\/li>\n<li><a href=\"https:\/\/auslaenderbehoerde.org\/es\/autoridades-de-inmigracion-en-sarre\/\">Autoridades de inmigraci\u00f3n en Sarre<\/a><\/li>\n<li><a href=\"https:\/\/auslaenderbehoerde.org\/es\/autoridades-de-inmigracion-en-sajonia\/\">Autoridades de inmigraci\u00f3n en Sajonia<\/a><\/li>\n<li><a href=\"https:\/\/auslaenderbehoerde.org\/es\/autoridades-de-inmigracion-en-sajonia-anhalt\/\">Autoridades de inmigraci\u00f3n en Sajonia-Anhalt<\/a><\/li>\n<li><a href=\"https:\/\/auslaenderbehoerde.org\/es\/autoridades-de-inmigracion-en-schleswig-holstein\/\">Autoridades de inmigraci\u00f3n en Schleswig-Holstein<\/a><\/li>\n<li><a href=\"https:\/\/auslaenderbehoerde.org\/es\/autoridades-de-inmigracion-en-turingia\/\">autoridades de inmigraci\u00f3n en Turingia<\/a><\/li>\n<\/ul>\n<p class=\"LC20lb DKV0Md\">Toda la informaci\u00f3n sin garant\u00eda y sujeta a cambios<\/p>\n<h2>\u00bfEn qu\u00e9 ciudades est\u00e1n representadas las autoridades de inmigraci\u00f3n?<\/h2>\n<p>La oficina de inmigraci\u00f3n est\u00e1 detr\u00e1s <a href=\"https:\/\/www.gesetze-im-internet.de\/aufenthg_2004\/__71.html\" target=\"_blank\" rel=\"noopener\">Secci\u00f3n 71<\/a> Ley de residencia activa. Regula responsablemente todas las decisiones y medidas relativas al pasaporte y derecho de residencia de los extranjeros. Las autoridades de inmigraci\u00f3n deciden si y c\u00f3mo los extranjeros pueden vivir, trabajar e integrarse en la Rep\u00fablica Federal. Cada estado federal organiza sus propias autoridades en varias ciudades. Hay una oficina de inmigraci\u00f3n en cada distrito o pueblo.<\/p>\n<p>Las oficinas de inmigraci\u00f3n son responsables de garantizar que la ley de inmigraci\u00f3n se cumpla de acuerdo con la situaci\u00f3n legal. En algunos estados federales, los pueblos y ciudades pertenecientes a distritos de cierto tama\u00f1o tambi\u00e9n tienen su propia oficina de inmigraci\u00f3n. La decisi\u00f3n de qu\u00e9 ciudades tienen sus propias autoridades de inmigraci\u00f3n depende de los estados federales.<\/p>\n<h2>\u00bfCu\u00e1les son las tareas de las autoridades de inmigraci\u00f3n?<\/h2>\n<p>Cada extranjero que ingresa a Alemania desde el extranjero para vivir y trabajar all\u00ed necesita uno <a href=\"https:\/\/auslaenderbehoerde.org\/es\/permiso-de-residencia\/\">permiso de residencia<\/a>. Las autoridades de inmigraci\u00f3n son la primera direcci\u00f3n para los extranjeros que ingresan al pa\u00eds. Ella es responsable de si se concede o deniega un permiso de residencia. Adem\u00e1s, si es necesario, se emitir\u00e1 un permiso de establecimiento de acuerdo con la Ley de Residencia con respecto al prop\u00f3sito de residencia deseado o se iniciar\u00e1 una expulsi\u00f3n. Si no se siguen las instrucciones de las autoridades de inmigraci\u00f3n, se puede iniciar la deportaci\u00f3n. Las autoridades de inmigraci\u00f3n no solo brindan <a href=\"https:\/\/auslaenderbehoerde.org\/es\/permiso-de-residencia-2\/\">permiso de residencia<\/a> pero tambi\u00e9n documentos de pasaporte de reemplazo si se requieren.<\/p>\n<p>Las oficinas de inmigraci\u00f3n tambi\u00e9n son responsables de los solicitantes de asilo y las personas desplazadas. Deciden sobre los permisos de residencia y los expiden si la decisi\u00f3n es positiva. La Oficina Federal de Migraci\u00f3n y Refugiados (BAMF) es entonces responsable de llevar a cabo el procedimiento de asilo. As\u00ed mismo para la expedici\u00f3n de documentos de viaje y tolerancia para extranjeros. La decisi\u00f3n sobre si se cumplen los requisitos legales para la reunificaci\u00f3n familiar tambi\u00e9n la toma la BAMF. Las autoridades de inmigraci\u00f3n est\u00e1n involucradas en la emisi\u00f3n de visas.<\/p>\n<p>La responsabilidad de la autoridad de extranjer\u00eda tambi\u00e9n se relaciona con muchas otras tareas. El tipo y duraci\u00f3n del permiso de residencia var\u00eda mucho. A algunos se les da un l\u00edmite de tiempo, mientras que a otros se les niega el permiso de residencia y\/o se les expide un permiso de salida de conformidad con la Ley de Residencia. Las identidades de la persona deben aclararse si existe la obligaci\u00f3n de salir del pa\u00eds. Estas y muchas otras actividades son procesadas por la Oficina de Inmigraci\u00f3n. A continuaci\u00f3n encontrar\u00e1 una descripci\u00f3n general de todas las actividades que caen dentro del alcance de las autoridades de inmigraci\u00f3n:<\/p>\n<ul style=\"list-style-type: circle;\">\n<li>Registrarse<\/li>\n<li>procedimiento de asilo<\/li>\n<li>ayuda a los refugiados<\/li>\n<li>asistencia social<\/li>\n<li>cursos de integraci\u00f3n<\/li>\n<li>Organizaci\u00f3n y aprobaci\u00f3n de entrada y estancia en Alemania<\/li>\n<li>derecho a prestaciones<\/li>\n<li>reembolso y cuidado de la salud<\/li>\n<li>estado civil<\/li>\n<li>declaraci\u00f3n de compromiso<\/li>\n<li>opciones de alojamiento<\/li>\n<\/ul>\n<h3><span id=\"Wie_kann_ich_einen_Termin_beim_Jugendamt_vereinbaren\">\u00bfC\u00f3mo puedo pedir cita en la Oficina de Extranjer\u00eda?<\/span><\/h3>\n<p>Por regla general, puede concertar una cita por tel\u00e9fono, utilizando el formulario de contacto o a trav\u00e9s del portal de servicios de la ciudad respectiva. En algunas ciudades puede descargar varios formularios en l\u00ednea para aclarar preguntas importantes con anticipaci\u00f3n. La direcci\u00f3n y el horario de apertura se pueden ver en l\u00ednea. Aseg\u00farate de tener todos los documentos necesarios antes de visitar la agencia.<\/p>\n<div class=\"su-note\"  style=\"border-color:#d1d1d0;border-radius:3px;-moz-border-radius:3px;-webkit-border-radius:3px;\"><div class=\"su-note-inner su-u-clearfix su-u-trim\" style=\"background-color:#ebebea;border-color:#ffffff;color:#444444;border-radius:3px;-moz-border-radius:3px;-webkit-border-radius:3px;\"><b>Una noticia: <\/b>Para oficinas y autoridades, generalmente necesita los documentos o certificados como <a href=\"https:\/\/tidd.ly\/3y8DKdr\" target=\"_blank\" rel=\"noopener\">traducci\u00f3n certificada<\/a>*.<\/div><\/div>\n<p><strong>\u00bfEst\u00e1s esperando visitas del extranjero?<\/strong> Con un <a href=\"https:\/\/auslaenderbehoerde.org\/es\/seguro-de-viaje-para-huespedes-extranjeros\/\">Seguro de viaje para hu\u00e9spedes extranjeros<\/a> Benef\u00edciese de una amplia protecci\u00f3n en Alemania y Europa.<\/p>\n<h3>La ley estatal regula la jurisdicci\u00f3n local para los extranjeros<\/h3>\n<p>La ley federal no regula la jurisdicci\u00f3n local para un extranjero. La ley estatal complementaria se encarga de ello.<br \/>\nPor regla general, el lugar de residencia habitual es responsable de su jurisdicci\u00f3n local.<\/p>\n<h3>As\u00ed se implementan realmente las decisiones en los pa\u00edses<\/h3>\n<p>Si la BAMF decide negativamente y se toman decisiones que ponen fin a la paralizaci\u00f3n, estas deben implementarse con prontitud. Las autoridades de inmigraci\u00f3n son las encargadas de hacer cumplir estas decisiones. Los requisitos legales que son necesarios para la deportaci\u00f3n de los respectivos extranjeros tambi\u00e9n son evaluados por las autoridades migratorias. Los vuelos que cumplen con los requisitos son luego registrados por las autoridades responsables. La polic\u00eda estatal pertinente luego controla la ejecuci\u00f3n real.<\/p>\n<p>Las autoridades de inmigraci\u00f3n de Renania del Norte-Westfalia son una excepci\u00f3n, ya que tienen el estatus de una autoridad reguladora especial en el sentido del \u00a7 12 OBG. Esto significa que las autoridades de inmigraci\u00f3n en Renania del Norte-Westfalia pueden llevar a cabo medidas de arresto y deportaciones con la ayuda de agentes especiales de conformidad con la Secci\u00f3n 62 de la Ley de Residencia. Seg\u00fan el art\u00edculo 113 del C\u00f3digo Penal, est\u00e1n legitimados y asegurados de la misma manera que los agentes del orden y los polic\u00edas.<\/p>\n<p>Si los extranjeros que desean una visa de estudiante, Schengen o visitante para viajar a Alemania, dependiendo de su pa\u00eds de origen, deben solicitarlo a la autoridad de extranjer\u00eda responsable <a href=\"https:\/\/auslaenderbehoerde.org\/es\/declaracion-de-compromiso\/\">declaraci\u00f3n de compromiso<\/a> ser dado. Con la declaraci\u00f3n de compromiso antes de emitir un visado, las autoridades de inmigraci\u00f3n aseguran que los visitantes o quienes los inviten est\u00e9n obligados a asumir todos los gastos en los que incurrir\u00e1n ellos mismos durante su estancia en Alemania.<\/p>\n<h3 id=\"customheading6\"><strong>enlaces relacionados\u00a0<\/strong><\/h3>\n<ul style=\"list-style-type: circle;\">\n<li><a href=\"https:\/\/auslaenderbehoerde.org\/es\/primeros-pasos-en-alemania\/\">Primeros pasos en Alemania<\/a><\/li>\n<\/ul>","protected":false},"excerpt":{"rendered":"<p>Los extranjeros que quieran vivir y trabajar en Alemania deben ponerse en contacto primero con las autoridades de inmigraci\u00f3n. Esta tambi\u00e9n se conoce como la oficina de inmigraci\u00f3n. Existe una autoridad separada para cada estado federal. Dependiendo del pa\u00eds desde el que desee ingresar a Alemania, se requerir\u00e1 una visa. Esto tambi\u00e9n se puede solicitar ante la autoridad de inmigraci\u00f3n. Encuentra el\u2026&nbsp;<a href=\"https:\/\/auslaenderbehoerde.org\/es\/\" rel=\"bookmark\">Leer m\u00e1s &quot;<span class=\"screen-reader-text\">Autoridad de extranjer\u00eda<\/span><\/a><\/p>","protected":false},"author":1,"featured_media":65,"parent":0,"menu_order":0,"comment_status":"closed","ping_status":"closed","template":"","meta":{"neve_meta_sidebar":"","neve_meta_container":"","neve_meta_enable_content_width":"off","neve_meta_content_width":100,"neve_meta_title_alignment":"","neve_meta_author_avatar":"","neve_post_elements_order":"","neve_meta_disable_header":"","neve_meta_disable_footer":"","neve_meta_disable_title":"","neve_meta_reading_time":"","footnotes":""},"class_list":["post-27","page","type-page","status-publish","has-post-thumbnail","hentry"],"yoast_head":"<!-- This site is optimized with the Yoast SEO plugin v26.6 - https:\/\/yoast.com\/wordpress\/plugins\/seo\/ -->\n<title>Ausl\u00e4nderbeh\u00f6rden in Deutschland - Aufgaben und Zust\u00e4ndigkeit<\/title>\n<meta name=\"description\" content=\"Hier finden Sie alle Adressen und Kontaktinformationen der Ausl\u00e4nder\u00e4mter oder auch Ausl\u00e4nderbeh\u00f6rden in Deutschland nach Bundesland geordnet\" \/>\n<meta name=\"robots\" content=\"index, follow, max-snippet:-1, max-image-preview:large, max-video-preview:-1\" \/>\n<link rel=\"canonical\" href=\"https:\/\/auslaenderbehoerde.org\/es\/\" \/>\n<meta property=\"og:locale\" content=\"es_ES\" \/>\n<meta property=\"og:type\" content=\"article\" \/>\n<meta property=\"og:title\" content=\"Ausl\u00e4nderbeh\u00f6rden in Deutschland - Aufgaben und Zust\u00e4ndigkeit\" \/>\n<meta property=\"og:description\" content=\"Hier finden Sie alle Adressen und Kontaktinformationen der Ausl\u00e4nder\u00e4mter oder auch Ausl\u00e4nderbeh\u00f6rden in Deutschland nach Bundesland geordnet\" \/>\n<meta property=\"og:url\" content=\"https:\/\/auslaenderbehoerde.org\/es\/\" \/>\n<meta property=\"og:site_name\" content=\"auslaenderbehoerde.org\" \/>\n<meta property=\"article:modified_time\" content=\"2022-10-28T13:32:27+00:00\" \/>\n<meta property=\"og:image\" content=\"https:\/\/auslaenderbehoerde.org\/wp-content\/uploads\/2022\/06\/Ausla\u0308nderbeho\u0308rde-scaled-e1656327377843.jpeg\" \/>\n\t<meta property=\"og:image:width\" content=\"900\" \/>\n\t<meta property=\"og:image:height\" content=\"675\" \/>\n\t<meta property=\"og:image:type\" content=\"image\/jpeg\" \/>\n<meta name=\"twitter:card\" content=\"summary_large_image\" \/>\n<meta name=\"twitter:label1\" content=\"Tiempo de lectura\" \/>\n\t<meta name=\"twitter:data1\" content=\"5 minutos\" \/>\n<script type=\"application\/ld+json\" class=\"yoast-schema-graph\">{\"@context\":\"https:\/\/schema.org\",\"@graph\":[{\"@type\":\"WebPage\",\"@id\":\"https:\/\/auslaenderbehoerde.org\/\",\"url\":\"https:\/\/auslaenderbehoerde.org\/\",\"name\":\"Ausl\u00e4nderbeh\u00f6rden in Deutschland - Aufgaben und Zust\u00e4ndigkeit\",\"isPartOf\":{\"@id\":\"https:\/\/auslaenderbehoerde.org\/#website\"},\"primaryImageOfPage\":{\"@id\":\"https:\/\/auslaenderbehoerde.org\/#primaryimage\"},\"image\":{\"@id\":\"https:\/\/auslaenderbehoerde.org\/#primaryimage\"},\"thumbnailUrl\":\"https:\/\/auslaenderbehoerde.org\/wp-content\/uploads\/2022\/06\/Ausla\u0308nderbeho\u0308rde-scaled-e1656327377843.jpeg\",\"datePublished\":\"2022-06-27T07:55:59+00:00\",\"dateModified\":\"2022-10-28T13:32:27+00:00\",\"description\":\"Hier finden Sie alle Adressen und Kontaktinformationen der Ausl\u00e4nder\u00e4mter oder auch Ausl\u00e4nderbeh\u00f6rden in Deutschland nach Bundesland geordnet\",\"breadcrumb\":{\"@id\":\"https:\/\/auslaenderbehoerde.org\/#breadcrumb\"},\"inLanguage\":\"es\",\"potentialAction\":[{\"@type\":\"ReadAction\",\"target\":[\"https:\/\/auslaenderbehoerde.org\/\"]}]},{\"@type\":\"ImageObject\",\"inLanguage\":\"es\",\"@id\":\"https:\/\/auslaenderbehoerde.org\/#primaryimage\",\"url\":\"https:\/\/auslaenderbehoerde.org\/wp-content\/uploads\/2022\/06\/Ausla\u0308nderbeho\u0308rde-scaled-e1656327377843.jpeg\",\"contentUrl\":\"https:\/\/auslaenderbehoerde.org\/wp-content\/uploads\/2022\/06\/Ausla\u0308nderbeho\u0308rde-scaled-e1656327377843.jpeg\",\"width\":900,\"height\":675,\"caption\":\"Ausl\u00e4nderbeh\u00f6rde\"},{\"@type\":\"BreadcrumbList\",\"@id\":\"https:\/\/auslaenderbehoerde.org\/#breadcrumb\",\"itemListElement\":[{\"@type\":\"ListItem\",\"position\":1,\"name\":\"Startseite\",\"item\":\"https:\/\/auslaenderbehoerde.org\/\"},{\"@type\":\"ListItem\",\"position\":2,\"name\":\"Ausl\u00e4nderbeh\u00f6rde\"}]},{\"@type\":\"WebSite\",\"@id\":\"https:\/\/auslaenderbehoerde.org\/#website\",\"url\":\"https:\/\/auslaenderbehoerde.org\/\",\"name\":\"auslaenderbehoerde.org\",\"description\":\"\",\"potentialAction\":[{\"@type\":\"SearchAction\",\"target\":{\"@type\":\"EntryPoint\",\"urlTemplate\":\"https:\/\/auslaenderbehoerde.org\/?s={search_term_string}\"},\"query-input\":{\"@type\":\"PropertyValueSpecification\",\"valueRequired\":true,\"valueName\":\"search_term_string\"}}],\"inLanguage\":\"es\"}]}<\/script>\n<!-- \/ Yoast SEO plugin. -->","yoast_head_json":{"title":"Autoridades de inmigraci\u00f3n en Alemania - tareas y responsabilidades","description":"Aqu\u00ed encontrar\u00e1 todas las direcciones e informaci\u00f3n de contacto de las oficinas de inmigraci\u00f3n o autoridades de inmigraci\u00f3n en Alemania, ordenadas por estado federal","robots":{"index":"index","follow":"follow","max-snippet":"max-snippet:-1","max-image-preview":"max-image-preview:large","max-video-preview":"max-video-preview:-1"},"canonical":"https:\/\/auslaenderbehoerde.org\/es\/","og_locale":"es_ES","og_type":"article","og_title":"Ausl\u00e4nderbeh\u00f6rden in Deutschland - Aufgaben und Zust\u00e4ndigkeit","og_description":"Hier finden Sie alle Adressen und Kontaktinformationen der Ausl\u00e4nder\u00e4mter oder auch Ausl\u00e4nderbeh\u00f6rden in Deutschland nach Bundesland geordnet","og_url":"https:\/\/auslaenderbehoerde.org\/es\/","og_site_name":"auslaenderbehoerde.org","article_modified_time":"2022-10-28T13:32:27+00:00","og_image":[{"width":900,"height":675,"url":"https:\/\/auslaenderbehoerde.org\/wp-content\/uploads\/2022\/06\/Ausla\u0308nderbeho\u0308rde-scaled-e1656327377843.jpeg","type":"image\/jpeg"}],"twitter_card":"summary_large_image","twitter_misc":{"Tiempo de lectura":"5 minutos"},"schema":{"@context":"https:\/\/schema.org","@graph":[{"@type":"WebPage","@id":"https:\/\/auslaenderbehoerde.org\/","url":"https:\/\/auslaenderbehoerde.org\/","name":"Autoridades de inmigraci\u00f3n en Alemania - tareas y responsabilidades","isPartOf":{"@id":"https:\/\/auslaenderbehoerde.org\/#website"},"primaryImageOfPage":{"@id":"https:\/\/auslaenderbehoerde.org\/#primaryimage"},"image":{"@id":"https:\/\/auslaenderbehoerde.org\/#primaryimage"},"thumbnailUrl":"https:\/\/auslaenderbehoerde.org\/wp-content\/uploads\/2022\/06\/Ausla\u0308nderbeho\u0308rde-scaled-e1656327377843.jpeg","datePublished":"2022-06-27T07:55:59+00:00","dateModified":"2022-10-28T13:32:27+00:00","description":"Aqu\u00ed encontrar\u00e1 todas las direcciones e informaci\u00f3n de contacto de las oficinas de inmigraci\u00f3n o autoridades de inmigraci\u00f3n en Alemania, ordenadas por estado federal","breadcrumb":{"@id":"https:\/\/auslaenderbehoerde.org\/#breadcrumb"},"inLanguage":"es","potentialAction":[{"@type":"ReadAction","target":["https:\/\/auslaenderbehoerde.org\/"]}]},{"@type":"ImageObject","inLanguage":"es","@id":"https:\/\/auslaenderbehoerde.org\/#primaryimage","url":"https:\/\/auslaenderbehoerde.org\/wp-content\/uploads\/2022\/06\/Ausla\u0308nderbeho\u0308rde-scaled-e1656327377843.jpeg","contentUrl":"https:\/\/auslaenderbehoerde.org\/wp-content\/uploads\/2022\/06\/Ausla\u0308nderbeho\u0308rde-scaled-e1656327377843.jpeg","width":900,"height":675,"caption":"Ausl\u00e4nderbeh\u00f6rde"},{"@type":"BreadcrumbList","@id":"https:\/\/auslaenderbehoerde.org\/#breadcrumb","itemListElement":[{"@type":"ListItem","position":1,"name":"Startseite","item":"https:\/\/auslaenderbehoerde.org\/"},{"@type":"ListItem","position":2,"name":"Ausl\u00e4nderbeh\u00f6rde"}]},{"@type":"WebSite","@id":"https:\/\/auslaenderbehoerde.org\/#website","url":"https:\/\/auslaenderbehoerde.org\/","name":"auslaenderbehoerde.org","description":"","potentialAction":[{"@type":"SearchAction","target":{"@type":"EntryPoint","urlTemplate":"https:\/\/auslaenderbehoerde.org\/?s={search_term_string}"},"query-input":{"@type":"PropertyValueSpecification","valueRequired":true,"valueName":"search_term_string"}}],"inLanguage":"es"}]}},"_links":{"self":[{"href":"https:\/\/auslaenderbehoerde.org\/es\/wp-json\/wp\/v2\/pages\/27","targetHints":{"allow":["GET"]}}],"collection":[{"href":"https:\/\/auslaenderbehoerde.org\/es\/wp-json\/wp\/v2\/pages"}],"about":[{"href":"https:\/\/auslaenderbehoerde.org\/es\/wp-json\/wp\/v2\/types\/page"}],"author":[{"embeddable":true,"href":"https:\/\/auslaenderbehoerde.org\/es\/wp-json\/wp\/v2\/users\/1"}],"replies":[{"embeddable":true,"href":"https:\/\/auslaenderbehoerde.org\/es\/wp-json\/wp\/v2\/comments?post=27"}],"version-history":[{"count":10,"href":"https:\/\/auslaenderbehoerde.org\/es\/wp-json\/wp\/v2\/pages\/27\/revisions"}],"predecessor-version":[{"id":1600,"href":"https:\/\/auslaenderbehoerde.org\/es\/wp-json\/wp\/v2\/pages\/27\/revisions\/1600"}],"wp:featuredmedia":[{"embeddable":true,"href":"https:\/\/auslaenderbehoerde.org\/es\/wp-json\/wp\/v2\/media\/65"}],"wp:attachment":[{"href":"https:\/\/auslaenderbehoerde.org\/es\/wp-json\/wp\/v2\/media?parent=27"}],"curies":[{"name":"wp","href":"https:\/\/api.w.org\/{rel}","templated":true}]}}