{"id":30,"date":"2022-06-27T10:02:06","date_gmt":"2022-06-27T08:02:06","guid":{"rendered":"https:\/\/auslaenderbehoerde.org\/?page_id=30"},"modified":"2022-07-05T17:16:40","modified_gmt":"2022-07-05T15:16:40","slug":"auslaenderbehoerden-in-baden-wuerttemberg","status":"publish","type":"page","link":"https:\/\/auslaenderbehoerde.org\/es\/autoridades-de-inmigracion-en-baden-wurtemberg\/","title":{"rendered":"Autoridades de inmigraci\u00f3n en Baden-W\u00fcrttemberg"},"content":{"rendered":"<p>Aqu\u00ed encontrar\u00e1 todas las direcciones, informaci\u00f3n de contacto y horarios de apertura de las autoridades de inmigraci\u00f3n u oficinas de inmigraci\u00f3n en<strong>\u00a0Baden-Wurtemberg.<\/strong><\/p>\n<p>En el estado federal de Baden-W\u00fcrttemberg actualmente hay <strong>90 autoridades de inmigraci\u00f3n<\/strong>quienes est\u00e1n a su disposici\u00f3n para cualquier consulta relacionada con sus asuntos.<\/p>\n<h2><span id=\"Uebersicht_aller_Jobcenter_in_Baden-Wuerttemberg\" class=\"ez-toc-section\">Resumen de las autoridades de inmigraci\u00f3n en Baden-W\u00fcrttemberg<\/span><\/h2>\n<p>De la lista, seleccione la oficina de extranjer\u00eda u oficina de extranjer\u00eda m\u00e1s cercana a su lugar de residencia.<\/p>\n<ul style=\"list-style-type: circle;\">\n<li><a href=\"https:\/\/auslaenderbehoerde.org\/es\/autoridades-de-inmigracion-tomando-el-sol\/\">tomando el sol<\/a><\/li>\n<li><a href=\"https:\/\/auslaenderbehoerde.org\/es\/autoridad-de-inmigracion-albstadt\/\">Albstadt<\/a><\/li>\n<li><a href=\"https:\/\/auslaenderbehoerde.org\/es\/autoridad-de-extranjeria-altensteig\/\">Altensteig<\/a><\/li>\n<li><a href=\"https:\/\/auslaenderbehoerde.org\/es\/backnang-de-la-autoridad-de-inmigracion\/\">apoyo<\/a><\/li>\n<li><a href=\"https:\/\/auslaenderbehoerde.org\/es\/oficina-de-inmigracion-bad-rappenau\/\">Bad Rappenau<\/a><\/li>\n<li><a href=\"https:\/\/auslaenderbehoerde.org\/es\/autoridades-de-inmigracion-bad-saulgau\/\">Mala Saulgau<\/a><\/li>\n<li><a href=\"https:\/\/auslaenderbehoerde.org\/es\/autoridades-de-inmigracion-bad-urach\/\">Urach malo<\/a><\/li>\n<li><a href=\"https:\/\/auslaenderbehoerde.org\/es\/autoridades-de-inmigracion-baden-baden\/\">Baden-Baden<\/a><\/li>\n<li><a href=\"https:\/\/auslaenderbehoerde.org\/es\/autoridad-de-inmigracion-balingen\/\">Balingen<\/a><\/li>\n<li><a href=\"https:\/\/auslaenderbehoerde.org\/es\/oficina-de-inmigracion-biberach-an-der-riss\/\">Biberach an der Riss<\/a><\/li>\n<li><a href=\"https:\/\/auslaenderbehoerde.org\/es\/oficina-de-inmigracion-bietigheim-bissingen\/\">Bietigheim-Bissingen<\/a><\/li>\n<li><a href=\"https:\/\/auslaenderbehoerde.org\/es\/autoridad-de-extranjeria-blaubeuren\/\">Azulejos<\/a><\/li>\n<li><a href=\"https:\/\/auslaenderbehoerde.org\/es\/autoridades-de-inmigracion-boeblingen\/\">B\u00f6blingen<\/a><\/li>\n<li><a href=\"https:\/\/auslaenderbehoerde.org\/es\/autoridades-de-inmigracion-bruchsal\/\">Bruchsal<\/a><\/li>\n<li><a href=\"https:\/\/auslaenderbehoerde.org\/es\/autoridad-de-inmigracion-buehl\/\">B\u00fchl<\/a><\/li>\n<li><a href=\"https:\/\/auslaenderbehoerde.org\/es\/autoridad-de-inmigracion-calw\/\">calva<\/a><\/li>\n<li><a href=\"https:\/\/auslaenderbehoerde.org\/es\/autoridad-de-inmigracion-creglingen\/\">Creglingen<\/a><\/li>\n<li><a href=\"https:\/\/auslaenderbehoerde.org\/es\/oficina-de-inmigracion-dietenheim\/\">Dietenheim<\/a><\/li>\n<li><a href=\"https:\/\/auslaenderbehoerde.org\/es\/autoridad-de-extranjeria-donaueschingen\/\">Donaueschingen<\/a><\/li>\n<li><a href=\"https:\/\/auslaenderbehoerde.org\/es\/autoridades-de-inmigracion-ehingen\/\">matrimonios<\/a><\/li>\n<li><a href=\"https:\/\/auslaenderbehoerde.org\/es\/autoridad-de-extranjeria-eislingen\/\">Eislingen<\/a><\/li>\n<li><a href=\"https:\/\/auslaenderbehoerde.org\/es\/autoridad-de-inmigracion-emmendingen\/\">Emmendingen<\/a><\/li>\n<li><a href=\"https:\/\/auslaenderbehoerde.org\/es\/autoridad-de-inmigracion-esslingen\/\">esslingen<\/a><\/li>\n<li><a href=\"https:\/\/auslaenderbehoerde.org\/es\/autoridades-de-inmigracion-ettlingen\/\">Ettlingen<\/a><\/li>\n<li><a href=\"https:\/\/auslaenderbehoerde.org\/es\/autoridades-de-inmigracion-fellbach\/\">Fellbach<\/a><\/li>\n<li><a href=\"https:\/\/auslaenderbehoerde.org\/es\/autoridad-de-inmigracion-friburgo\/\">Friburgo<\/a><\/li>\n<li><a href=\"https:\/\/auslaenderbehoerde.org\/es\/autoridades-de-inmigracion-freudenstadt\/\">freudenstadt<\/a><\/li>\n<li><a href=\"https:\/\/auslaenderbehoerde.org\/es\/autoridad-de-inmigracion-furtwangen-en-el-bosque-negro\/\">Furtwangen en la Selva Negra<\/a><\/li>\n<li><a href=\"https:\/\/auslaenderbehoerde.org\/es\/autoridades-de-inmigracion-gaggenau\/\">Gaggenau<\/a><\/li>\n<li><a href=\"https:\/\/auslaenderbehoerde.org\/es\/autoridad-de-inmigracion-gammertingen\/\">Gammertingen<\/a><\/li>\n<li><a href=\"https:\/\/auslaenderbehoerde.org\/es\/autoridades-de-inmigracion-geislingen-an-der-steige\/\">Geislingen an der Steige<\/a><\/li>\n<li><a href=\"https:\/\/auslaenderbehoerde.org\/es\/autoridad-de-inmigracion-goeppingen\/\">Goeppingen<\/a><\/li>\n<li><a href=\"https:\/\/auslaenderbehoerde.org\/es\/autoridades-de-inmigracion-heilbronn\/\">Heilbronn<\/a><\/li>\n<li><a href=\"https:\/\/auslaenderbehoerde.org\/es\/autoridades-de-inmigracion-heidelberg\/\">Heidelberg<\/a><\/li>\n<li><a href=\"https:\/\/auslaenderbehoerde.org\/es\/autoridades-de-inmigracion-heidenheim-an-der-brenz\/\">Heidenheim an der Brenz<\/a><\/li>\n<li><a href=\"https:\/\/auslaenderbehoerde.org\/es\/autoridad-de-inmigracion-herbolzheim\/\">Herbolzheim<\/a><\/li>\n<li><a href=\"https:\/\/auslaenderbehoerde.org\/es\/autoridad-de-inmigracion-herrenberg\/\">Herrenberg<\/a><\/li>\n<li><a href=\"https:\/\/auslaenderbehoerde.org\/es\/autoridades-de-inmigracion-heubach\/\">Heubach<\/a><\/li>\n<li><a href=\"https:\/\/auslaenderbehoerde.org\/es\/oficina-de-inmigracion-hockenheim\/\">hockenheim<\/a><\/li>\n<li><a href=\"https:\/\/auslaenderbehoerde.org\/es\/autoridad-de-extranjeria-horb-am-neckar\/\">Horb am Neckar<\/a><\/li>\n<li><a href=\"https:\/\/auslaenderbehoerde.org\/es\/autoridad-de-inmigracion-karlsruhe\/\">Karlsruhe<\/a><\/li>\n<li><a href=\"https:\/\/auslaenderbehoerde.org\/es\/autoridad-de-inmigracion-kehl\/\">garganta<\/a><\/li>\n<li><a href=\"https:\/\/auslaenderbehoerde.org\/es\/autoridades-de-inmigracion-kirchheim-unter-teck\/\">Kirchheim bajo Teck<\/a><\/li>\n<li><a href=\"https:\/\/auslaenderbehoerde.org\/es\/autoridades-de-inmigracion-konstanz\/\">constancia<\/a><\/li>\n<li><a href=\"https:\/\/auslaenderbehoerde.org\/es\/autoridad-de-inmigracion-kornwestheim\/\">Kornwestheim<\/a><\/li>\n<li><a href=\"https:\/\/auslaenderbehoerde.org\/es\/autoridad-de-inmigracion-kuenzelsau\/\">Kunzelsau<\/a><\/li>\n<li><a href=\"https:\/\/auslaenderbehoerde.org\/es\/autoridad-de-inmigracion-langenau\/\">Langenau<\/a><\/li>\n<li><a href=\"https:\/\/auslaenderbehoerde.org\/es\/autoridades-de-inmigracion-pegado\/\">pegado<\/a><\/li>\n<li><a href=\"https:\/\/auslaenderbehoerde.org\/es\/autoridad-de-inmigracion-leonberg\/\">leonberg<\/a><\/li>\n<li><a href=\"https:\/\/auslaenderbehoerde.org\/es\/oficina-de-inmigracion-lichtenau\/\">Lichtenau<\/a><\/li>\n<li><a href=\"https:\/\/auslaenderbehoerde.org\/es\/autoridad-de-inmigracion-loerrach\/\">Loerrach<\/a><\/li>\n<li><a href=\"https:\/\/auslaenderbehoerde.org\/es\/autoridad-de-inmigracion-ludwigsburg\/\">Luisburgo<\/a><\/li>\n<li><a href=\"https:\/\/auslaenderbehoerde.org\/es\/autoridad-de-inmigracion-mannheim\/\">Manheim<\/a><\/li>\n<li><a href=\"https:\/\/auslaenderbehoerde.org\/es\/oficina-de-inmigracion-metzingen\/\">Metzingen<\/a><\/li>\n<li><a href=\"https:\/\/auslaenderbehoerde.org\/es\/autoridades-de-inmigracion-mosbach\/\">Mosbach<\/a><\/li>\n<li><a href=\"https:\/\/auslaenderbehoerde.org\/es\/autoridades-de-inmigracion-moessingen\/\">moessingen<\/a><\/li>\n<li><a href=\"https:\/\/auslaenderbehoerde.org\/es\/autoridad-de-inmigracion-munderkingen\/\">Munderkingen<\/a><\/li>\n<li><a href=\"https:\/\/auslaenderbehoerde.org\/es\/autoridades-de-inmigracion-nuertingen\/\">N\u00fcrtingen<\/a><\/li>\n<li><a href=\"https:\/\/auslaenderbehoerde.org\/es\/autoridad-de-extranjeria-oberkirch\/\">Oberkirch<\/a><\/li>\n<li><a href=\"https:\/\/auslaenderbehoerde.org\/es\/autoridad-de-inmigracion-offenburg\/\">Offenburg<\/a><\/li>\n<li><a href=\"https:\/\/auslaenderbehoerde.org\/es\/autoridad-alienigena-ostfildern\/\">Ostfildern<\/a><\/li>\n<li><a href=\"https:\/\/auslaenderbehoerde.org\/es\/autoridades-de-inmigracion-pforzheim\/\">Pforzheim<\/a><\/li>\n<li><a href=\"https:\/\/auslaenderbehoerde.org\/es\/autoridades-de-inmigracion-radolfzell-am-bodensee\/\">Radolfzell en el lago de Constanza<\/a><\/li>\n<li><a href=\"https:\/\/auslaenderbehoerde.org\/es\/autoridades-de-inmigracion-rastatt\/\">Rastatt<\/a><\/li>\n<li><a href=\"https:\/\/auslaenderbehoerde.org\/es\/autoridades-de-inmigracion-ravensburg\/\">Ravensburgo<\/a><\/li>\n<li><a href=\"https:\/\/auslaenderbehoerde.org\/es\/autoridades-de-inmigracion-reutlingen\/\">Reutlingen<\/a><\/li>\n<li><a href=\"https:\/\/auslaenderbehoerde.org\/es\/autoridad-de-extranjeria-rheinfelden\/\">Rheinfelden<\/a><\/li>\n<li><a href=\"https:\/\/auslaenderbehoerde.org\/es\/autoridad-de-inmigracion-rheinstetten\/\">Rinstetten<\/a><\/li>\n<li><a href=\"https:\/\/auslaenderbehoerde.org\/es\/autoridades-de-inmigracion-rottweil\/\">rottweil<\/a><\/li>\n<li><a href=\"https:\/\/auslaenderbehoerde.org\/es\/autoridad-de-inmigracion-schorndorf\/\">Schorndorf<\/a><\/li>\n<li><a href=\"https:\/\/auslaenderbehoerde.org\/es\/oficina-de-inmigracion-schwaebisch-gmuend\/\">Schw\u00e4bisch Gm\u00fcnd<\/a><\/li>\n<li><a href=\"https:\/\/auslaenderbehoerde.org\/es\/autoridad-de-inmigracion-schwaebisch-hall\/\">Sal\u00f3n Schw\u00e4bisch<\/a><\/li>\n<li><a href=\"https:\/\/auslaenderbehoerde.org\/es\/oficina-de-inmigracion-schwetzingen\/\">Schwetzingen<\/a><\/li>\n<li><a href=\"https:\/\/auslaenderbehoerde.org\/es\/autoridad-de-inmigracion-sigmaringen\/\">anillos sigma<\/a><\/li>\n<li><a href=\"https:\/\/auslaenderbehoerde.org\/es\/autoridad-extranjera-sindelfingen\/\">Sindelfingen<\/a><\/li>\n<li><a href=\"https:\/\/auslaenderbehoerde.org\/es\/oficina-de-inmigracion-sinsheim\/\">Sinsheim<\/a><\/li>\n<li><a href=\"https:\/\/auslaenderbehoerde.org\/es\/autoridad-de-inmigracion-stuttgart\/\">Stuttgart<\/a><\/li>\n<li><a href=\"https:\/\/auslaenderbehoerde.org\/es\/autoridad-de-inmigracion-tauberbischofsheim\/\">Tauberbischofsheim<\/a><\/li>\n<li><a href=\"https:\/\/auslaenderbehoerde.org\/es\/autoridades-de-inmigracion-tubinga\/\">tubingen<\/a><\/li>\n<li><a href=\"https:\/\/auslaenderbehoerde.org\/es\/autoridades-de-inmigracion-tuttlingen\/\">Tuttlingen<\/a><\/li>\n<li><a href=\"https:\/\/auslaenderbehoerde.org\/es\/autoridades-de-inmigracion-villengen-schwenningen\/\">Villingen-Schwenningen<\/a><\/li>\n<li><a href=\"https:\/\/auslaenderbehoerde.org\/es\/autoridad-de-inmigracion-waiblingen\/\">Waiblingen<\/a><\/li>\n<li><a href=\"https:\/\/auslaenderbehoerde.org\/es\/autoridad-de-inmigracion-waldshut-tiengen\/\">Waldshut-Tiengen<\/a><\/li>\n<li><a href=\"https:\/\/auslaenderbehoerde.org\/es\/oficina-de-inmigracion-wangen-im-allgaeu\/\">Wangen en Algovia<\/a><\/li>\n<li><a href=\"https:\/\/auslaenderbehoerde.org\/es\/autoridades-de-inmigracion-weil-am-rhein\/\">Porque en el Rin<\/a><\/li>\n<li><a href=\"https:\/\/auslaenderbehoerde.org\/es\/oficina-de-inmigracion-por-la-ciudad\/\">Por la ciudad<\/a><\/li>\n<li><a href=\"https:\/\/auslaenderbehoerde.org\/es\/autoridades-de-inmigracion-weingarten\/\">vi\u00f1edo<\/a><\/li>\n<li><a href=\"https:\/\/auslaenderbehoerde.org\/es\/autoridades-de-inmigracion-weinheim\/\">Weinheim<\/a><\/li>\n<li><a href=\"https:\/\/auslaenderbehoerde.org\/es\/autoridad-de-inmigracion-wertheim\/\">Wertheim<\/a><\/li>\n<li><a href=\"https:\/\/auslaenderbehoerde.org\/es\/autoridad-de-inmigracion-wiesloch\/\">Wiesloch<\/a><\/li>\n<\/ul>\n<p>Toda la informaci\u00f3n sin garant\u00eda y sujeta a cambios<\/p>\n<h2><span class=\"ez-toc-section\">autoridades de inmigracion <\/span><span class=\"ez-toc-section\">Baden-Wurtemberg \u2013 <\/span>deberes y responsabilidades<\/h2>\n<p>Las autoridades de inmigraci\u00f3n son la primera direcci\u00f3n para los extranjeros que ingresan al pa\u00eds. Es responsable de conceder o denegar una <a href=\"https:\/\/auslaenderbehoerde.org\/es\/permiso-de-residencia\/\">permiso de residencia<\/a>. Las oficinas de inmigraci\u00f3n son responsables de garantizar que la ley de inmigraci\u00f3n se cumpla de acuerdo con la situaci\u00f3n legal. Tambi\u00e9n son responsables de los solicitantes de asilo y las personas desplazadas.<\/p>\n<p>La Oficina de Inmigraci\u00f3n decide <a href=\"https:\/\/auslaenderbehoerde.org\/es\/permiso-de-residencia-2\/\">permiso de residencia<\/a> y lo emite si la decisi\u00f3n es positiva. Adem\u00e1s, se puede otorgar un permiso de establecimiento de conformidad con la Ley de Residencia con respecto al prop\u00f3sito deseado de residencia, o se puede iniciar la deportaci\u00f3n.<\/p>\n<p>La responsabilidad de la autoridad de extranjer\u00eda se extiende tambi\u00e9n a muchas otras tareas. El tipo y la duraci\u00f3n del permiso de residencia var\u00edan mucho. A algunos se les da un l\u00edmite de tiempo, a otros se les niega un permiso de residencia y\/o se les otorga un permiso de salida bajo la Ley de Residencia.<\/p>\n<p>La oficina de inmigraci\u00f3n est\u00e1 trabajando en ello. <a href=\"https:\/\/www.gesetze-im-internet.de\/aufenthg_2004\/__71.html\" target=\"_blank\" rel=\"noopener\">Secci\u00f3n 71<\/a> Residencia G. La autoridad es responsable de reglamentar todas las decisiones y medidas que afecten el pasaporte y los derechos de residencia de los extranjeros.<\/p>\n<p><strong>Otras actividades que caen dentro del \u00e1mbito de responsabilidad de las autoridades migratorias:<\/strong><\/p>\n<ul style=\"list-style-type: circle;\">\n<li>procedimiento de asilo<\/li>\n<li>ayuda a los refugiados<\/li>\n<li>asistencia social<\/li>\n<li>cursos de integraci\u00f3n<\/li>\n<li>Organizaci\u00f3n y aprobaci\u00f3n de entrada y estancia en Alemania<\/li>\n<li>derecho a prestaciones<\/li>\n<li>reembolso y cuidado de la salud<\/li>\n<li>estado civil<\/li>\n<li><a href=\"https:\/\/auslaenderbehoerde.org\/es\/declaracion-de-compromiso\/\">declaraci\u00f3n de compromiso<\/a><\/li>\n<li>opciones de alojamiento<\/li>\n<li>Registrarse<\/li>\n<\/ul>\n<h3>cita con el responsable <span class=\"ez-toc-section\">Autoridad de extranjer\u00eda<\/span><\/h3>\n<p>En general, puede hacer una cita por tel\u00e9fono, utilizando el formulario de contacto o a trav\u00e9s del portal de servicio de la ciudad respectiva. En algunas ciudades puede descargar varios formularios en l\u00ednea para aclarar preguntas importantes con anticipaci\u00f3n. La direcci\u00f3n y los horarios de apertura se pueden ver en l\u00ednea. Aseg\u00farate de tener todos los documentos necesarios completos antes de ir a la Oficina de Inmigraci\u00f3n.<\/p>\n<div class=\"su-note\"  style=\"border-color:#d1d1d0;border-radius:3px;-moz-border-radius:3px;-webkit-border-radius:3px;\"><div class=\"su-note-inner su-u-clearfix su-u-trim\" style=\"background-color:#ebebea;border-color:#ffffff;color:#444444;border-radius:3px;-moz-border-radius:3px;-webkit-border-radius:3px;\"><b>Una noticia: <\/b>Para oficinas y autoridades, generalmente necesita los documentos o certificados como <a href=\"https:\/\/tidd.ly\/3y8DKdr\" target=\"_blank\" rel=\"noopener\">traducci\u00f3n certificada<\/a>*.<\/div><\/div>\n<p><strong>\u00bfEst\u00e1s esperando visitas del extranjero?<\/strong> Con un <a href=\"https:\/\/auslaenderbehoerde.org\/es\/seguro-de-viaje-para-huespedes-extranjeros\/\">Seguro de viaje para hu\u00e9spedes extranjeros<\/a> Benef\u00edciese de una amplia protecci\u00f3n en Alemania y Europa.<\/p>\n<h3>M\u00e1s lejos <span class=\"ez-toc-section\">Autoridades e informaci\u00f3n de inmigraci\u00f3n<\/span><\/h3>\n<ul style=\"list-style-type: circle;\">\n<li><a href=\"https:\/\/auslaenderbehoerde.org\/es\/\">Autoridades de inmigraci\u00f3n en Alemania<\/a><\/li>\n<li><a href=\"https:\/\/auslaenderbehoerde.org\/es\/\">Primeros pasos en Alemania<\/a><\/li>\n<\/ul>","protected":false},"excerpt":{"rendered":"<p>Aqu\u00ed encontrar\u00e1 todas las direcciones, informaci\u00f3n de contacto y horarios de apertura de las autoridades de inmigraci\u00f3n o de las oficinas de inmigraci\u00f3n en Baden-W\u00fcrttemberg. Actualmente hay 90 autoridades de inmigraci\u00f3n en el estado federado de Baden-W\u00fcrttemberg que est\u00e1n disponibles para responder a cualquier pregunta que pueda tener en relaci\u00f3n con su asunto. Resumen de las autoridades de inmigraci\u00f3n en Baden-W\u00fcrttemberg Seleccione de la lista la autoridad de inmigraci\u00f3n u oficina de inmigraci\u00f3n que corresponda a su lugar de residencia\u2026&nbsp;<a href=\"https:\/\/auslaenderbehoerde.org\/es\/autoridades-de-inmigracion-en-baden-wurtemberg\/\" rel=\"bookmark\">Leer m\u00e1s &quot;<span class=\"screen-reader-text\">Autoridades de inmigraci\u00f3n en Baden-W\u00fcrttemberg<\/span><\/a><\/p>","protected":false},"author":1,"featured_media":65,"parent":0,"menu_order":0,"comment_status":"closed","ping_status":"closed","template":"","meta":{"neve_meta_sidebar":"","neve_meta_container":"","neve_meta_enable_content_width":"off","neve_meta_content_width":100,"neve_meta_title_alignment":"","neve_meta_author_avatar":"","neve_post_elements_order":"","neve_meta_disable_header":"","neve_meta_disable_footer":"","neve_meta_disable_title":"","neve_meta_reading_time":"","footnotes":""},"class_list":["post-30","page","type-page","status-publish","has-post-thumbnail","hentry"],"yoast_head":"<!-- This site is optimized with the Yoast SEO plugin v26.6 - https:\/\/yoast.com\/wordpress\/plugins\/seo\/ -->\n<title>Ausl\u00e4nderbeh\u00f6rden in Baden-W\u00fcrttemberg | Adressen und Anschrift<\/title>\n<meta name=\"description\" content=\"Hier finden Sie alle Adressen und Kontaktinformationen der Ausl\u00e4nder\u00e4mter oder auch Ausl\u00e4nderbeh\u00f6rden in Baden-W\u00fcrttemberg\" \/>\n<meta name=\"robots\" content=\"index, follow, max-snippet:-1, max-image-preview:large, max-video-preview:-1\" \/>\n<link rel=\"canonical\" href=\"https:\/\/auslaenderbehoerde.org\/es\/autoridades-de-inmigracion-en-baden-wurtemberg\/\" \/>\n<meta property=\"og:locale\" content=\"es_ES\" \/>\n<meta property=\"og:type\" content=\"article\" \/>\n<meta property=\"og:title\" content=\"Ausl\u00e4nderbeh\u00f6rden in Baden-W\u00fcrttemberg | Adressen und Anschrift\" \/>\n<meta property=\"og:description\" content=\"Hier finden Sie alle Adressen und Kontaktinformationen der Ausl\u00e4nder\u00e4mter oder auch Ausl\u00e4nderbeh\u00f6rden in Baden-W\u00fcrttemberg\" \/>\n<meta property=\"og:url\" content=\"https:\/\/auslaenderbehoerde.org\/es\/autoridades-de-inmigracion-en-baden-wurtemberg\/\" \/>\n<meta property=\"og:site_name\" content=\"auslaenderbehoerde.org\" \/>\n<meta property=\"article:modified_time\" content=\"2022-07-05T15:16:40+00:00\" \/>\n<meta property=\"og:image\" content=\"https:\/\/auslaenderbehoerde.org\/wp-content\/uploads\/2022\/06\/Ausla\u0308nderbeho\u0308rde-scaled-e1656327377843.jpeg\" \/>\n\t<meta property=\"og:image:width\" content=\"900\" \/>\n\t<meta property=\"og:image:height\" content=\"675\" \/>\n\t<meta property=\"og:image:type\" content=\"image\/jpeg\" \/>\n<meta name=\"twitter:card\" content=\"summary_large_image\" \/>\n<meta name=\"twitter:label1\" content=\"Tiempo de lectura\" \/>\n\t<meta name=\"twitter:data1\" content=\"3 minutos\" \/>\n<script type=\"application\/ld+json\" class=\"yoast-schema-graph\">{\"@context\":\"https:\/\/schema.org\",\"@graph\":[{\"@type\":\"WebPage\",\"@id\":\"https:\/\/auslaenderbehoerde.org\/auslaenderbehoerden-in-baden-wuerttemberg\/\",\"url\":\"https:\/\/auslaenderbehoerde.org\/auslaenderbehoerden-in-baden-wuerttemberg\/\",\"name\":\"Ausl\u00e4nderbeh\u00f6rden in Baden-W\u00fcrttemberg | Adressen und Anschrift\",\"isPartOf\":{\"@id\":\"https:\/\/auslaenderbehoerde.org\/#website\"},\"primaryImageOfPage\":{\"@id\":\"https:\/\/auslaenderbehoerde.org\/auslaenderbehoerden-in-baden-wuerttemberg\/#primaryimage\"},\"image\":{\"@id\":\"https:\/\/auslaenderbehoerde.org\/auslaenderbehoerden-in-baden-wuerttemberg\/#primaryimage\"},\"thumbnailUrl\":\"https:\/\/auslaenderbehoerde.org\/wp-content\/uploads\/2022\/06\/Ausla\u0308nderbeho\u0308rde-scaled-e1656327377843.jpeg\",\"datePublished\":\"2022-06-27T08:02:06+00:00\",\"dateModified\":\"2022-07-05T15:16:40+00:00\",\"description\":\"Hier finden Sie alle Adressen und Kontaktinformationen der Ausl\u00e4nder\u00e4mter oder auch Ausl\u00e4nderbeh\u00f6rden in Baden-W\u00fcrttemberg\",\"breadcrumb\":{\"@id\":\"https:\/\/auslaenderbehoerde.org\/auslaenderbehoerden-in-baden-wuerttemberg\/#breadcrumb\"},\"inLanguage\":\"es\",\"potentialAction\":[{\"@type\":\"ReadAction\",\"target\":[\"https:\/\/auslaenderbehoerde.org\/auslaenderbehoerden-in-baden-wuerttemberg\/\"]}]},{\"@type\":\"ImageObject\",\"inLanguage\":\"es\",\"@id\":\"https:\/\/auslaenderbehoerde.org\/auslaenderbehoerden-in-baden-wuerttemberg\/#primaryimage\",\"url\":\"https:\/\/auslaenderbehoerde.org\/wp-content\/uploads\/2022\/06\/Ausla\u0308nderbeho\u0308rde-scaled-e1656327377843.jpeg\",\"contentUrl\":\"https:\/\/auslaenderbehoerde.org\/wp-content\/uploads\/2022\/06\/Ausla\u0308nderbeho\u0308rde-scaled-e1656327377843.jpeg\",\"width\":900,\"height\":675,\"caption\":\"Ausl\u00e4nderbeh\u00f6rde\"},{\"@type\":\"BreadcrumbList\",\"@id\":\"https:\/\/auslaenderbehoerde.org\/auslaenderbehoerden-in-baden-wuerttemberg\/#breadcrumb\",\"itemListElement\":[{\"@type\":\"ListItem\",\"position\":1,\"name\":\"Startseite\",\"item\":\"https:\/\/auslaenderbehoerde.org\/\"},{\"@type\":\"ListItem\",\"position\":2,\"name\":\"Ausl\u00e4nderbeh\u00f6rden in Baden-W\u00fcrttemberg\"}]},{\"@type\":\"WebSite\",\"@id\":\"https:\/\/auslaenderbehoerde.org\/#website\",\"url\":\"https:\/\/auslaenderbehoerde.org\/\",\"name\":\"auslaenderbehoerde.org\",\"description\":\"\",\"potentialAction\":[{\"@type\":\"SearchAction\",\"target\":{\"@type\":\"EntryPoint\",\"urlTemplate\":\"https:\/\/auslaenderbehoerde.org\/?s={search_term_string}\"},\"query-input\":{\"@type\":\"PropertyValueSpecification\",\"valueRequired\":true,\"valueName\":\"search_term_string\"}}],\"inLanguage\":\"es\"}]}<\/script>\n<!-- \/ Yoast SEO plugin. -->","yoast_head_json":{"title":"Autoridades de inmigraci\u00f3n en Baden-W\u00fcrttemberg | direcciones y direcci\u00f3n","description":"Aqu\u00ed encontrar\u00e1 todas las direcciones e informaci\u00f3n de contacto de las oficinas de inmigraci\u00f3n o autoridades de inmigraci\u00f3n en Baden-W\u00fcrttemberg","robots":{"index":"index","follow":"follow","max-snippet":"max-snippet:-1","max-image-preview":"max-image-preview:large","max-video-preview":"max-video-preview:-1"},"canonical":"https:\/\/auslaenderbehoerde.org\/es\/autoridades-de-inmigracion-en-baden-wurtemberg\/","og_locale":"es_ES","og_type":"article","og_title":"Ausl\u00e4nderbeh\u00f6rden in Baden-W\u00fcrttemberg | Adressen und Anschrift","og_description":"Hier finden Sie alle Adressen und Kontaktinformationen der Ausl\u00e4nder\u00e4mter oder auch Ausl\u00e4nderbeh\u00f6rden in Baden-W\u00fcrttemberg","og_url":"https:\/\/auslaenderbehoerde.org\/es\/autoridades-de-inmigracion-en-baden-wurtemberg\/","og_site_name":"auslaenderbehoerde.org","article_modified_time":"2022-07-05T15:16:40+00:00","og_image":[{"width":900,"height":675,"url":"https:\/\/auslaenderbehoerde.org\/wp-content\/uploads\/2022\/06\/Ausla\u0308nderbeho\u0308rde-scaled-e1656327377843.jpeg","type":"image\/jpeg"}],"twitter_card":"summary_large_image","twitter_misc":{"Tiempo de lectura":"3 minutos"},"schema":{"@context":"https:\/\/schema.org","@graph":[{"@type":"WebPage","@id":"https:\/\/auslaenderbehoerde.org\/auslaenderbehoerden-in-baden-wuerttemberg\/","url":"https:\/\/auslaenderbehoerde.org\/auslaenderbehoerden-in-baden-wuerttemberg\/","name":"Autoridades de inmigraci\u00f3n en Baden-W\u00fcrttemberg | direcciones y direcci\u00f3n","isPartOf":{"@id":"https:\/\/auslaenderbehoerde.org\/#website"},"primaryImageOfPage":{"@id":"https:\/\/auslaenderbehoerde.org\/auslaenderbehoerden-in-baden-wuerttemberg\/#primaryimage"},"image":{"@id":"https:\/\/auslaenderbehoerde.org\/auslaenderbehoerden-in-baden-wuerttemberg\/#primaryimage"},"thumbnailUrl":"https:\/\/auslaenderbehoerde.org\/wp-content\/uploads\/2022\/06\/Ausla\u0308nderbeho\u0308rde-scaled-e1656327377843.jpeg","datePublished":"2022-06-27T08:02:06+00:00","dateModified":"2022-07-05T15:16:40+00:00","description":"Aqu\u00ed encontrar\u00e1 todas las direcciones e informaci\u00f3n de contacto de las oficinas de inmigraci\u00f3n o autoridades de inmigraci\u00f3n en Baden-W\u00fcrttemberg","breadcrumb":{"@id":"https:\/\/auslaenderbehoerde.org\/auslaenderbehoerden-in-baden-wuerttemberg\/#breadcrumb"},"inLanguage":"es","potentialAction":[{"@type":"ReadAction","target":["https:\/\/auslaenderbehoerde.org\/auslaenderbehoerden-in-baden-wuerttemberg\/"]}]},{"@type":"ImageObject","inLanguage":"es","@id":"https:\/\/auslaenderbehoerde.org\/auslaenderbehoerden-in-baden-wuerttemberg\/#primaryimage","url":"https:\/\/auslaenderbehoerde.org\/wp-content\/uploads\/2022\/06\/Ausla\u0308nderbeho\u0308rde-scaled-e1656327377843.jpeg","contentUrl":"https:\/\/auslaenderbehoerde.org\/wp-content\/uploads\/2022\/06\/Ausla\u0308nderbeho\u0308rde-scaled-e1656327377843.jpeg","width":900,"height":675,"caption":"Ausl\u00e4nderbeh\u00f6rde"},{"@type":"BreadcrumbList","@id":"https:\/\/auslaenderbehoerde.org\/auslaenderbehoerden-in-baden-wuerttemberg\/#breadcrumb","itemListElement":[{"@type":"ListItem","position":1,"name":"Startseite","item":"https:\/\/auslaenderbehoerde.org\/"},{"@type":"ListItem","position":2,"name":"Ausl\u00e4nderbeh\u00f6rden in Baden-W\u00fcrttemberg"}]},{"@type":"WebSite","@id":"https:\/\/auslaenderbehoerde.org\/#website","url":"https:\/\/auslaenderbehoerde.org\/","name":"auslaenderbehoerde.org","description":"","potentialAction":[{"@type":"SearchAction","target":{"@type":"EntryPoint","urlTemplate":"https:\/\/auslaenderbehoerde.org\/?s={search_term_string}"},"query-input":{"@type":"PropertyValueSpecification","valueRequired":true,"valueName":"search_term_string"}}],"inLanguage":"es"}]}},"_links":{"self":[{"href":"https:\/\/auslaenderbehoerde.org\/es\/wp-json\/wp\/v2\/pages\/30","targetHints":{"allow":["GET"]}}],"collection":[{"href":"https:\/\/auslaenderbehoerde.org\/es\/wp-json\/wp\/v2\/pages"}],"about":[{"href":"https:\/\/auslaenderbehoerde.org\/es\/wp-json\/wp\/v2\/types\/page"}],"author":[{"embeddable":true,"href":"https:\/\/auslaenderbehoerde.org\/es\/wp-json\/wp\/v2\/users\/1"}],"replies":[{"embeddable":true,"href":"https:\/\/auslaenderbehoerde.org\/es\/wp-json\/wp\/v2\/comments?post=30"}],"version-history":[{"count":10,"href":"https:\/\/auslaenderbehoerde.org\/es\/wp-json\/wp\/v2\/pages\/30\/revisions"}],"predecessor-version":[{"id":462,"href":"https:\/\/auslaenderbehoerde.org\/es\/wp-json\/wp\/v2\/pages\/30\/revisions\/462"}],"wp:featuredmedia":[{"embeddable":true,"href":"https:\/\/auslaenderbehoerde.org\/es\/wp-json\/wp\/v2\/media\/65"}],"wp:attachment":[{"href":"https:\/\/auslaenderbehoerde.org\/es\/wp-json\/wp\/v2\/media?parent=30"}],"curies":[{"name":"wp","href":"https:\/\/api.w.org\/{rel}","templated":true}]}}