{"id":46,"date":"2022-06-27T10:04:44","date_gmt":"2022-06-27T08:04:44","guid":{"rendered":"https:\/\/auslaenderbehoerde.org\/?page_id=46"},"modified":"2022-07-14T00:23:48","modified_gmt":"2022-07-13T22:23:48","slug":"auslaenderbehoerden-in-niedersachsen","status":"publish","type":"page","link":"https:\/\/auslaenderbehoerde.org\/es\/autoridades-de-inmigracion-en-baja-sajonia\/","title":{"rendered":"Autoridades de inmigraci\u00f3n en Baja Sajonia"},"content":{"rendered":"<p>Aqu\u00ed encontrar\u00e1 todas las direcciones, informaci\u00f3n de contacto y horarios de apertura de las autoridades de inmigraci\u00f3n u oficinas de inmigraci\u00f3n en<strong> Baja sajonia.<\/strong><\/p>\n<p>En el estado de Baja Sajonia actualmente hay <strong>50 autoridades de inmigraci\u00f3n<\/strong>quienes est\u00e1n a su disposici\u00f3n para cualquier consulta relacionada con sus asuntos.<\/p>\n<h2><span id=\"Uebersicht_aller_Jobcenter_in_Baden-Wuerttemberg\" class=\"ez-toc-section\">Resumen de las autoridades de inmigraci\u00f3n en Baja Sajonia<\/span><\/h2>\n<p>De la lista, seleccione la oficina de extranjer\u00eda u oficina de extranjer\u00eda m\u00e1s cercana a su lugar de residencia.<\/p>\n<ul style=\"list-style-type: circle;\">\n<li><a href=\"https:\/\/auslaenderbehoerde.org\/es\/autoridad-de-inmigracion-aurich\/\">Aurich<\/a><\/li>\n<li><a href=\"https:\/\/auslaenderbehoerde.org\/es\/autoridades-de-inmigracion-bad-fallingbostel\/\">Bad Fallingbostel<\/a><\/li>\n<li><a href=\"https:\/\/auslaenderbehoerde.org\/es\/autoridad-de-inmigracion-freno\/\">Freno<\/a><\/li>\n<li><a href=\"https:\/\/auslaenderbehoerde.org\/es\/autoridades-de-inmigracion-bramsche\/\">Bramsche<\/a><\/li>\n<li><a href=\"https:\/\/auslaenderbehoerde.org\/es\/autoridades-de-inmigracion-brunswick\/\">brunswick<\/a><\/li>\n<li><a href=\"https:\/\/auslaenderbehoerde.org\/es\/autoridades-de-inmigracion-celle\/\">Celle<\/a><\/li>\n<li><a href=\"https:\/\/auslaenderbehoerde.org\/es\/autoridad-de-inmigracion-cloppenburg\/\">Cloppenburg<\/a><\/li>\n<li><a href=\"https:\/\/auslaenderbehoerde.org\/es\/autoridades-de-inmigracion-cuxhaven\/\">cuxhaven<\/a><\/li>\n<li><a href=\"https:\/\/auslaenderbehoerde.org\/es\/oficina-de-inmigracion-delmenhorst\/\">Delmenhorst<\/a><\/li>\n<li><a href=\"https:\/\/auslaenderbehoerde.org\/es\/autoridad-de-inmigracion-diepholz\/\">Diepholz<\/a><\/li>\n<li><a href=\"https:\/\/auslaenderbehoerde.org\/es\/autoridad-de-inmigracion-emden\/\">Emden<\/a><\/li>\n<li><a href=\"https:\/\/auslaenderbehoerde.org\/es\/autoridades-de-inmigracion-gifhorn\/\">Gifcuerno<\/a><\/li>\n<li><a href=\"https:\/\/auslaenderbehoerde.org\/es\/autoridades-de-inmigracion-goslar\/\">Goslar<\/a><\/li>\n<li><a href=\"https:\/\/auslaenderbehoerde.org\/es\/autoridad-de-inmigracion-goettingen\/\">G\u00f6ttingen<\/a><\/li>\n<li><a href=\"https:\/\/auslaenderbehoerde.org\/es\/autoridad-de-inmigracion-hameln\/\">Hamel\u00edn<\/a><\/li>\n<li><a href=\"https:\/\/auslaenderbehoerde.org\/es\/autoridades-de-inmigracion-hannover\/\">Hanovre<\/a><\/li>\n<li><a href=\"https:\/\/auslaenderbehoerde.org\/es\/autoridad-de-inmigracion-helmstedt\/\">Helmstedt<\/a><\/li>\n<li><a href=\"https:\/\/auslaenderbehoerde.org\/es\/autoridad-de-inmigracion-hildesheim\/\">Hildesheim<\/a><\/li>\n<li><a href=\"https:\/\/auslaenderbehoerde.org\/es\/autoridad-de-inmigracion-holzminden\/\">Holzminden<\/a><\/li>\n<li><a href=\"https:\/\/auslaenderbehoerde.org\/es\/autoridad-de-inmigracion-jever\/\">alguna vez<\/a><\/li>\n<li><a href=\"https:\/\/auslaenderbehoerde.org\/es\/autoridad-de-inmigracion-langenhagen\/\">Langenhagen<\/a><\/li>\n<li><a href=\"https:\/\/auslaenderbehoerde.org\/es\/autoridad-de-inmigracion-vacio\/\">Vac\u00edo<\/a><\/li>\n<li><a href=\"https:\/\/auslaenderbehoerde.org\/es\/autoridades-de-inmigracion\/\">Lingen<\/a><\/li>\n<li><a href=\"https:\/\/auslaenderbehoerde.org\/es\/oficina-de-inmigracion-luechow\/\">Luechow<\/a><\/li>\n<li><a href=\"https:\/\/auslaenderbehoerde.org\/es\/autoridad-de-inmigracion-lueneburg\/\">L\u00fcneburg<\/a><\/li>\n<li><a href=\"https:\/\/auslaenderbehoerde.org\/es\/autoridad-de-inmigracion-meppen\/\">meppen<\/a><\/li>\n<li><a href=\"https:\/\/auslaenderbehoerde.org\/es\/autoridad-extraterrestre-nienburg\/\">Nienburgo<\/a><\/li>\n<li><a href=\"https:\/\/auslaenderbehoerde.org\/es\/autoridad-de-inmigracion-nordhorn\/\">cuerno norte<\/a><\/li>\n<li><a href=\"https:\/\/auslaenderbehoerde.org\/es\/autoridad-de-inmigracion-northeim\/\">Northeim<\/a><\/li>\n<li><a href=\"https:\/\/auslaenderbehoerde.org\/es\/autoridad-de-inmigracion-oldenburg\/\">Oldemburgo<\/a><\/li>\n<li><a href=\"https:\/\/auslaenderbehoerde.org\/es\/autoridad-de-inmigracion-osnabrueck\/\">Osnabr\u00fcck<\/a><\/li>\n<li><a href=\"https:\/\/auslaenderbehoerde.org\/es\/autoridades-de-inmigracion-osterholz-scharmbeck\/\">Osterholz-Scharmbeck<\/a><\/li>\n<li><a href=\"https:\/\/auslaenderbehoerde.org\/es\/autoridades-de-inmigracion-osterode-am-harz\/\">Osterode am Harz<\/a><\/li>\n<li><a href=\"https:\/\/auslaenderbehoerde.org\/es\/autoridades-de-inmigracion-peine\/\">dolor<\/a><\/li>\n<li><a href=\"https:\/\/auslaenderbehoerde.org\/es\/autoridades-de-inmigracion-ratzeburg\/\">Ratzeburgo<\/a><\/li>\n<li><a href=\"https:\/\/auslaenderbehoerde.org\/es\/autoridad-de-extranjeros-de-rotemburgo\/\">Rotemburgo<\/a><\/li>\n<li><a href=\"https:\/\/auslaenderbehoerde.org\/es\/autoridad-de-inmigracion-salzgitter\/\">Salzgitter<\/a><\/li>\n<li><a href=\"https:\/\/auslaenderbehoerde.org\/es\/autoridades-de-inmigracion-estadio\/\">ciudad<\/a><\/li>\n<li><a href=\"https:\/\/auslaenderbehoerde.org\/es\/autoridad-de-inmigracion-stadthagen\/\">Stadthagen<\/a><\/li>\n<li><a href=\"https:\/\/auslaenderbehoerde.org\/es\/autoridad-de-inmigracion-syke\/\">syke<\/a><\/li>\n<li><a href=\"https:\/\/auslaenderbehoerde.org\/es\/autoridades-de-inmigracion-uelzen\/\">Uelzen<\/a><\/li>\n<li><a href=\"https:\/\/auslaenderbehoerde.org\/es\/autoridades-de-inmigracion-vechta\/\">Vechta<\/a><\/li>\n<li><a href=\"https:\/\/auslaenderbehoerde.org\/es\/autoridad-de-inmigracion-verden\/\">verde<\/a><\/li>\n<li><a href=\"https:\/\/auslaenderbehoerde.org\/es\/autoridad-de-inmigracion-westerstede\/\">Westerstede<\/a><\/li>\n<li><a href=\"https:\/\/auslaenderbehoerde.org\/es\/autoridades-de-inmigracion-wildeshausen\/\">Wildeshausen<\/a><\/li>\n<li><a href=\"https:\/\/auslaenderbehoerde.org\/es\/autoridad-de-inmigracion-wilhelmshaven\/\">Wilhelmshaven<\/a><\/li>\n<li><a href=\"https:\/\/auslaenderbehoerde.org\/es\/autoridad-de-inmigracion-winsen\/\">gimoteo<\/a><\/li>\n<li><a href=\"https:\/\/auslaenderbehoerde.org\/es\/oficina-de-inmigracion-wittmund\/\">Wittmund<\/a><\/li>\n<li><a href=\"https:\/\/auslaenderbehoerde.org\/es\/autoridad-de-inmigracion-wolfenbuettel\/\">Wolfenbuettel<\/a><\/li>\n<li><a href=\"https:\/\/auslaenderbehoerde.org\/es\/autoridad-de-inmigracion-wolfsburg\/\">Wolfsburgo<\/a><\/li>\n<\/ul>\n<p>Toda la informaci\u00f3n sin garant\u00eda y sujeta a cambios<\/p>\n<h2><span class=\"ez-toc-section\">Autoridades de inmigraci\u00f3n en Baja Sajonia<\/span><span class=\"ez-toc-section\">\u00a0\u2013 <\/span>deberes y responsabilidades<\/h2>\n<p>Las autoridades de inmigraci\u00f3n son la primera direcci\u00f3n para los extranjeros que ingresan al pa\u00eds. Es responsable de conceder o denegar una <a href=\"https:\/\/auslaenderbehoerde.org\/es\/permiso-de-residencia\/\">permiso de residencia<\/a>. Las oficinas de inmigraci\u00f3n son responsables de garantizar que la ley de inmigraci\u00f3n se cumpla de acuerdo con la situaci\u00f3n legal. Tambi\u00e9n son responsables de los solicitantes de asilo y las personas desplazadas.<\/p>\n<p>La Oficina de Inmigraci\u00f3n decide <a href=\"https:\/\/auslaenderbehoerde.org\/es\/permiso-de-residencia-2\/\">permiso de residencia<\/a> y lo emite si la decisi\u00f3n es positiva. Adem\u00e1s, se puede otorgar un permiso de establecimiento de conformidad con la Ley de Residencia con respecto al prop\u00f3sito deseado de residencia, o se puede iniciar la deportaci\u00f3n.<\/p>\n<p>La responsabilidad de la autoridad de extranjer\u00eda se extiende tambi\u00e9n a muchas otras tareas. El tipo y la duraci\u00f3n del permiso de residencia var\u00edan mucho. A algunos se les da un l\u00edmite de tiempo, a otros se les niega un permiso de residencia y\/o se les otorga un permiso de salida bajo la Ley de Residencia.<\/p>\n<p>La oficina de inmigraci\u00f3n est\u00e1 trabajando en ello. <a href=\"https:\/\/www.gesetze-im-internet.de\/aufenthg_2004\/__71.html\" target=\"_blank\" rel=\"noopener\">Secci\u00f3n 71<\/a> Residencia G. La autoridad es responsable de reglamentar todas las decisiones y medidas que afecten el pasaporte y los derechos de residencia de los extranjeros.<\/p>\n<p><strong>Otras actividades que caen dentro del \u00e1mbito de responsabilidad de las autoridades migratorias:<\/strong><\/p>\n<ul style=\"list-style-type: circle;\">\n<li>procedimiento de asilo<\/li>\n<li>ayuda a los refugiados<\/li>\n<li>asistencia social<\/li>\n<li>cursos de integraci\u00f3n<\/li>\n<li>Organizaci\u00f3n y aprobaci\u00f3n de entrada y estancia en Alemania<\/li>\n<li>derecho a prestaciones<\/li>\n<li>reembolso y cuidado de la salud<\/li>\n<li>estado civil<\/li>\n<li><a href=\"https:\/\/auslaenderbehoerde.org\/es\/declaracion-de-compromiso\/\">declaraci\u00f3n de compromiso<\/a><\/li>\n<li>opciones de alojamiento<\/li>\n<li>Registrarse<\/li>\n<\/ul>\n<h3>cita con el responsable <span class=\"ez-toc-section\">Autoridad de extranjer\u00eda<\/span><\/h3>\n<p>En general, puede hacer una cita por tel\u00e9fono, utilizando el formulario de contacto o a trav\u00e9s del portal de servicio de la ciudad respectiva. En algunas ciudades puede descargar varios formularios en l\u00ednea para aclarar preguntas importantes con anticipaci\u00f3n. La direcci\u00f3n y los horarios de apertura se pueden ver en l\u00ednea. Aseg\u00farate de tener todos los documentos necesarios completos antes de ir a la Oficina de Inmigraci\u00f3n.<\/p>\n<div class=\"su-note\"  style=\"border-color:#d1d1d0;border-radius:3px;-moz-border-radius:3px;-webkit-border-radius:3px;\"><div class=\"su-note-inner su-u-clearfix su-u-trim\" style=\"background-color:#ebebea;border-color:#ffffff;color:#444444;border-radius:3px;-moz-border-radius:3px;-webkit-border-radius:3px;\"><b>Una noticia: <\/b>Para oficinas y autoridades, generalmente necesita los documentos o certificados como <a href=\"https:\/\/tidd.ly\/3y8DKdr\" target=\"_blank\" rel=\"noopener\">traducci\u00f3n certificada<\/a>*.<\/div><\/div>\n<p><strong>\u00bfEst\u00e1s esperando visitas del extranjero?<\/strong> Con un <a href=\"https:\/\/auslaenderbehoerde.org\/es\/seguro-de-viaje-para-huespedes-extranjeros\/\">Seguro de viaje para hu\u00e9spedes extranjeros<\/a> Benef\u00edciese de una amplia protecci\u00f3n en Alemania y Europa.<\/p>\n<h3>M\u00e1s lejos <span class=\"ez-toc-section\">Autoridades e informaci\u00f3n de inmigraci\u00f3n<\/span><\/h3>\n<ul style=\"list-style-type: circle;\">\n<li><a href=\"https:\/\/auslaenderbehoerde.org\/es\/\">Autoridades de inmigraci\u00f3n en Alemania<\/a><\/li>\n<li><a href=\"https:\/\/auslaenderbehoerde.org\/es\/\">Primeros pasos en Alemania<\/a><\/li>\n<\/ul>","protected":false},"excerpt":{"rendered":"<p>Aqu\u00ed encontrar\u00e1 todas las direcciones, informaci\u00f3n de contacto y horarios de apertura de las autoridades de inmigraci\u00f3n o de las oficinas de inmigraci\u00f3n en Baja Sajonia. Actualmente hay 50 autoridades de inmigraci\u00f3n en el estado federado de Baja Sajonia que est\u00e1n disponibles para responder a cualquier pregunta que pueda tener en relaci\u00f3n con sus asuntos. Resumen de las autoridades de inmigraci\u00f3n en Baja Sajonia Seleccione de la lista la autoridad de inmigraci\u00f3n u oficina de inmigraci\u00f3n que corresponda a su lugar de residencia.&nbsp;<a href=\"https:\/\/auslaenderbehoerde.org\/es\/autoridades-de-inmigracion-en-baja-sajonia\/\" rel=\"bookmark\">Leer m\u00e1s &quot;<span class=\"screen-reader-text\">Autoridades de inmigraci\u00f3n en Baja Sajonia<\/span><\/a><\/p>","protected":false},"author":1,"featured_media":65,"parent":0,"menu_order":0,"comment_status":"closed","ping_status":"closed","template":"","meta":{"neve_meta_sidebar":"","neve_meta_container":"","neve_meta_enable_content_width":"off","neve_meta_content_width":100,"neve_meta_title_alignment":"","neve_meta_author_avatar":"","neve_post_elements_order":"","neve_meta_disable_header":"","neve_meta_disable_footer":"","neve_meta_disable_title":"","neve_meta_reading_time":"","footnotes":""},"class_list":["post-46","page","type-page","status-publish","has-post-thumbnail","hentry"],"yoast_head":"<!-- This site is optimized with the Yoast SEO plugin v26.6 - https:\/\/yoast.com\/wordpress\/plugins\/seo\/ -->\n<title>Ausl\u00e4nderbeh\u00f6rden in Niedersachsen | Adressen, Kontakt und Anschrift<\/title>\n<meta name=\"description\" content=\"Hier finden Sie alle Adressen und Kontaktinformationen der Ausl\u00e4nder\u00e4mter oder auch Ausl\u00e4nderbeh\u00f6rden in Niedersachsen\" \/>\n<meta name=\"robots\" content=\"index, follow, max-snippet:-1, max-image-preview:large, max-video-preview:-1\" \/>\n<link rel=\"canonical\" href=\"https:\/\/auslaenderbehoerde.org\/es\/autoridades-de-inmigracion-en-baja-sajonia\/\" \/>\n<meta property=\"og:locale\" content=\"es_ES\" \/>\n<meta property=\"og:type\" content=\"article\" \/>\n<meta property=\"og:title\" content=\"Ausl\u00e4nderbeh\u00f6rden in Niedersachsen | Adressen, Kontakt und Anschrift\" \/>\n<meta property=\"og:description\" content=\"Hier finden Sie alle Adressen und Kontaktinformationen der Ausl\u00e4nder\u00e4mter oder auch Ausl\u00e4nderbeh\u00f6rden in Niedersachsen\" \/>\n<meta property=\"og:url\" content=\"https:\/\/auslaenderbehoerde.org\/es\/autoridades-de-inmigracion-en-baja-sajonia\/\" \/>\n<meta property=\"og:site_name\" content=\"auslaenderbehoerde.org\" \/>\n<meta property=\"article:modified_time\" content=\"2022-07-13T22:23:48+00:00\" \/>\n<meta property=\"og:image\" content=\"https:\/\/auslaenderbehoerde.org\/wp-content\/uploads\/2022\/06\/Ausla\u0308nderbeho\u0308rde-scaled-e1656327377843.jpeg\" \/>\n\t<meta property=\"og:image:width\" content=\"900\" \/>\n\t<meta property=\"og:image:height\" content=\"675\" \/>\n\t<meta property=\"og:image:type\" content=\"image\/jpeg\" \/>\n<meta name=\"twitter:card\" content=\"summary_large_image\" \/>\n<meta name=\"twitter:label1\" content=\"Tiempo de lectura\" \/>\n\t<meta name=\"twitter:data1\" content=\"2 minutos\" \/>\n<script type=\"application\/ld+json\" class=\"yoast-schema-graph\">{\"@context\":\"https:\/\/schema.org\",\"@graph\":[{\"@type\":\"WebPage\",\"@id\":\"https:\/\/auslaenderbehoerde.org\/auslaenderbehoerden-in-niedersachsen\/\",\"url\":\"https:\/\/auslaenderbehoerde.org\/auslaenderbehoerden-in-niedersachsen\/\",\"name\":\"Ausl\u00e4nderbeh\u00f6rden in Niedersachsen | Adressen, Kontakt und Anschrift\",\"isPartOf\":{\"@id\":\"https:\/\/auslaenderbehoerde.org\/#website\"},\"primaryImageOfPage\":{\"@id\":\"https:\/\/auslaenderbehoerde.org\/auslaenderbehoerden-in-niedersachsen\/#primaryimage\"},\"image\":{\"@id\":\"https:\/\/auslaenderbehoerde.org\/auslaenderbehoerden-in-niedersachsen\/#primaryimage\"},\"thumbnailUrl\":\"https:\/\/auslaenderbehoerde.org\/wp-content\/uploads\/2022\/06\/Ausla\u0308nderbeho\u0308rde-scaled-e1656327377843.jpeg\",\"datePublished\":\"2022-06-27T08:04:44+00:00\",\"dateModified\":\"2022-07-13T22:23:48+00:00\",\"description\":\"Hier finden Sie alle Adressen und Kontaktinformationen der Ausl\u00e4nder\u00e4mter oder auch Ausl\u00e4nderbeh\u00f6rden in Niedersachsen\",\"breadcrumb\":{\"@id\":\"https:\/\/auslaenderbehoerde.org\/auslaenderbehoerden-in-niedersachsen\/#breadcrumb\"},\"inLanguage\":\"es\",\"potentialAction\":[{\"@type\":\"ReadAction\",\"target\":[\"https:\/\/auslaenderbehoerde.org\/auslaenderbehoerden-in-niedersachsen\/\"]}]},{\"@type\":\"ImageObject\",\"inLanguage\":\"es\",\"@id\":\"https:\/\/auslaenderbehoerde.org\/auslaenderbehoerden-in-niedersachsen\/#primaryimage\",\"url\":\"https:\/\/auslaenderbehoerde.org\/wp-content\/uploads\/2022\/06\/Ausla\u0308nderbeho\u0308rde-scaled-e1656327377843.jpeg\",\"contentUrl\":\"https:\/\/auslaenderbehoerde.org\/wp-content\/uploads\/2022\/06\/Ausla\u0308nderbeho\u0308rde-scaled-e1656327377843.jpeg\",\"width\":900,\"height\":675,\"caption\":\"Ausl\u00e4nderbeh\u00f6rde\"},{\"@type\":\"BreadcrumbList\",\"@id\":\"https:\/\/auslaenderbehoerde.org\/auslaenderbehoerden-in-niedersachsen\/#breadcrumb\",\"itemListElement\":[{\"@type\":\"ListItem\",\"position\":1,\"name\":\"Startseite\",\"item\":\"https:\/\/auslaenderbehoerde.org\/\"},{\"@type\":\"ListItem\",\"position\":2,\"name\":\"Ausl\u00e4nderbeh\u00f6rden in Niedersachsen\"}]},{\"@type\":\"WebSite\",\"@id\":\"https:\/\/auslaenderbehoerde.org\/#website\",\"url\":\"https:\/\/auslaenderbehoerde.org\/\",\"name\":\"auslaenderbehoerde.org\",\"description\":\"\",\"potentialAction\":[{\"@type\":\"SearchAction\",\"target\":{\"@type\":\"EntryPoint\",\"urlTemplate\":\"https:\/\/auslaenderbehoerde.org\/?s={search_term_string}\"},\"query-input\":{\"@type\":\"PropertyValueSpecification\",\"valueRequired\":true,\"valueName\":\"search_term_string\"}}],\"inLanguage\":\"es\"}]}<\/script>\n<!-- \/ Yoast SEO plugin. -->","yoast_head_json":{"title":"Autoridades de inmigraci\u00f3n en Baja Sajonia | Direcciones, contacto y direcci\u00f3n postal","description":"Aqu\u00ed encontrar\u00e1 todas las direcciones e informaci\u00f3n de contacto de las oficinas de inmigraci\u00f3n o autoridades de inmigraci\u00f3n en Baja Sajonia","robots":{"index":"index","follow":"follow","max-snippet":"max-snippet:-1","max-image-preview":"max-image-preview:large","max-video-preview":"max-video-preview:-1"},"canonical":"https:\/\/auslaenderbehoerde.org\/es\/autoridades-de-inmigracion-en-baja-sajonia\/","og_locale":"es_ES","og_type":"article","og_title":"Ausl\u00e4nderbeh\u00f6rden in Niedersachsen | Adressen, Kontakt und Anschrift","og_description":"Hier finden Sie alle Adressen und Kontaktinformationen der Ausl\u00e4nder\u00e4mter oder auch Ausl\u00e4nderbeh\u00f6rden in Niedersachsen","og_url":"https:\/\/auslaenderbehoerde.org\/es\/autoridades-de-inmigracion-en-baja-sajonia\/","og_site_name":"auslaenderbehoerde.org","article_modified_time":"2022-07-13T22:23:48+00:00","og_image":[{"width":900,"height":675,"url":"https:\/\/auslaenderbehoerde.org\/wp-content\/uploads\/2022\/06\/Ausla\u0308nderbeho\u0308rde-scaled-e1656327377843.jpeg","type":"image\/jpeg"}],"twitter_card":"summary_large_image","twitter_misc":{"Tiempo de lectura":"2 minutos"},"schema":{"@context":"https:\/\/schema.org","@graph":[{"@type":"WebPage","@id":"https:\/\/auslaenderbehoerde.org\/auslaenderbehoerden-in-niedersachsen\/","url":"https:\/\/auslaenderbehoerde.org\/auslaenderbehoerden-in-niedersachsen\/","name":"Autoridades de inmigraci\u00f3n en Baja Sajonia | Direcciones, contacto y direcci\u00f3n postal","isPartOf":{"@id":"https:\/\/auslaenderbehoerde.org\/#website"},"primaryImageOfPage":{"@id":"https:\/\/auslaenderbehoerde.org\/auslaenderbehoerden-in-niedersachsen\/#primaryimage"},"image":{"@id":"https:\/\/auslaenderbehoerde.org\/auslaenderbehoerden-in-niedersachsen\/#primaryimage"},"thumbnailUrl":"https:\/\/auslaenderbehoerde.org\/wp-content\/uploads\/2022\/06\/Ausla\u0308nderbeho\u0308rde-scaled-e1656327377843.jpeg","datePublished":"2022-06-27T08:04:44+00:00","dateModified":"2022-07-13T22:23:48+00:00","description":"Aqu\u00ed encontrar\u00e1 todas las direcciones e informaci\u00f3n de contacto de las oficinas de inmigraci\u00f3n o autoridades de inmigraci\u00f3n en Baja Sajonia","breadcrumb":{"@id":"https:\/\/auslaenderbehoerde.org\/auslaenderbehoerden-in-niedersachsen\/#breadcrumb"},"inLanguage":"es","potentialAction":[{"@type":"ReadAction","target":["https:\/\/auslaenderbehoerde.org\/auslaenderbehoerden-in-niedersachsen\/"]}]},{"@type":"ImageObject","inLanguage":"es","@id":"https:\/\/auslaenderbehoerde.org\/auslaenderbehoerden-in-niedersachsen\/#primaryimage","url":"https:\/\/auslaenderbehoerde.org\/wp-content\/uploads\/2022\/06\/Ausla\u0308nderbeho\u0308rde-scaled-e1656327377843.jpeg","contentUrl":"https:\/\/auslaenderbehoerde.org\/wp-content\/uploads\/2022\/06\/Ausla\u0308nderbeho\u0308rde-scaled-e1656327377843.jpeg","width":900,"height":675,"caption":"Ausl\u00e4nderbeh\u00f6rde"},{"@type":"BreadcrumbList","@id":"https:\/\/auslaenderbehoerde.org\/auslaenderbehoerden-in-niedersachsen\/#breadcrumb","itemListElement":[{"@type":"ListItem","position":1,"name":"Startseite","item":"https:\/\/auslaenderbehoerde.org\/"},{"@type":"ListItem","position":2,"name":"Ausl\u00e4nderbeh\u00f6rden in Niedersachsen"}]},{"@type":"WebSite","@id":"https:\/\/auslaenderbehoerde.org\/#website","url":"https:\/\/auslaenderbehoerde.org\/","name":"auslaenderbehoerde.org","description":"","potentialAction":[{"@type":"SearchAction","target":{"@type":"EntryPoint","urlTemplate":"https:\/\/auslaenderbehoerde.org\/?s={search_term_string}"},"query-input":{"@type":"PropertyValueSpecification","valueRequired":true,"valueName":"search_term_string"}}],"inLanguage":"es"}]}},"_links":{"self":[{"href":"https:\/\/auslaenderbehoerde.org\/es\/wp-json\/wp\/v2\/pages\/46","targetHints":{"allow":["GET"]}}],"collection":[{"href":"https:\/\/auslaenderbehoerde.org\/es\/wp-json\/wp\/v2\/pages"}],"about":[{"href":"https:\/\/auslaenderbehoerde.org\/es\/wp-json\/wp\/v2\/types\/page"}],"author":[{"embeddable":true,"href":"https:\/\/auslaenderbehoerde.org\/es\/wp-json\/wp\/v2\/users\/1"}],"replies":[{"embeddable":true,"href":"https:\/\/auslaenderbehoerde.org\/es\/wp-json\/wp\/v2\/comments?post=46"}],"version-history":[{"count":10,"href":"https:\/\/auslaenderbehoerde.org\/es\/wp-json\/wp\/v2\/pages\/46\/revisions"}],"predecessor-version":[{"id":1229,"href":"https:\/\/auslaenderbehoerde.org\/es\/wp-json\/wp\/v2\/pages\/46\/revisions\/1229"}],"wp:featuredmedia":[{"embeddable":true,"href":"https:\/\/auslaenderbehoerde.org\/es\/wp-json\/wp\/v2\/media\/65"}],"wp:attachment":[{"href":"https:\/\/auslaenderbehoerde.org\/es\/wp-json\/wp\/v2\/media?parent=46"}],"curies":[{"name":"wp","href":"https:\/\/api.w.org\/{rel}","templated":true}]}}