{"id":528,"date":"2022-07-06T14:43:58","date_gmt":"2022-07-06T12:43:58","guid":{"rendered":"https:\/\/auslaenderbehoerde.org\/?page_id=528"},"modified":"2022-07-06T14:43:58","modified_gmt":"2022-07-06T12:43:58","slug":"auslaenderbehoerde-fuerth","status":"publish","type":"page","link":"https:\/\/auslaenderbehoerde.org\/es\/autoridad-de-inmigracion-fueth\/","title":{"rendered":"Oficina de Inmigraci\u00f3n Fuerth"},"content":{"rendered":"<p>Aqu\u00ed encontrar\u00e1 las diversas opciones de contacto y otra informaci\u00f3n \u00fatil para la Oficina de Registro de Extranjeros en F\u00fcrth \u2013 Baviera<\/p>\n<p><strong>Direcci\u00f3n:<\/strong> Oficina de Inmigraci\u00f3n F\u00fcrth, Schwabacher Stra\u00dfe 170, 90763 F\u00fcrth<br \/>\n<strong>Tel\u00e9fono:<\/strong> 0911 9742340<br \/>\n<strong>Fax:<\/strong> 0911 9742344<br \/>\n<strong>Correo electr\u00f3nico:<\/strong> <a href=\"mailto:ausl@fuerth.de\">ausl@fuerth.de<\/a><br \/>\n<strong>Sitio web:<\/strong> <a href=\"https:\/\/www.fuerth.de\/Home.aspx\">www.fuerth.de<\/a><br \/>\n<strong>Horario de apertura:<\/strong> ver sitio web<\/p>\n<p><iframe style=\"border: 0;\" src=\"https:\/\/www.google.com\/maps\/embed?pb=!1m18!1m12!1m3!1d2593.225686952514!2d10.984578651514138!3d49.46135017924971!2m3!1f0!2f0!3f0!3m2!1i1024!2i768!4f13.1!3m3!1m2!1s0x479f55c9c1a7b0df%3A0xf314186a3ba03005!2sSchwabacher%20Str.%20170%2C%2090763%20F%C3%BCrth!5e0!3m2!1sde!2sde!4v1657111428437!5m2!1sde!2sde\" width=\"600\" height=\"450\" allowfullscreen=\"allowfullscreen\"><\/iframe><\/p>\n<h2>Tareas de la autoridad de extranjer\u00eda en F\u00fcrth<\/h2>\n<p>La Oficina de Inmigraci\u00f3n de F\u00fcrth es responsable de los residentes de F\u00fcrth y de las ciudades asociadas. La autoridad es la primera direcci\u00f3n para los extranjeros que llegan del exterior. Es responsable de expedir o denegar permisos de residencia de acuerdo con los respectivos prop\u00f3sitos de residencia de la Ley de Residencia.<\/p>\n<p>La Oficina de Inmigraci\u00f3n tambi\u00e9n es responsable de emitir la <a href=\"https:\/\/auslaenderbehoerde.org\/es\/permiso-de-residencia\/\">permiso de residencia<\/a>, <a href=\"https:\/\/auslaenderbehoerde.org\/es\/declaracion-de-compromiso\/\">declaraci\u00f3n de compromiso<\/a>, documentos de viaje y permisos de tolerancia para extranjeros. La oficina de inmigraci\u00f3n est\u00e1 trabajando en ello. <a href=\"https:\/\/www.gesetze-im-internet.de\/aufenthg_2004\/__71.html\" target=\"_blank\" rel=\"noopener external noreferrer\" data-wpel-link=\"external\">Secci\u00f3n 71<\/a> AufenthG y es responsable de regular todas las decisiones y medidas que afectan el pasaporte y los derechos de residencia de los extranjeros.<\/p>\n<p>La responsabilidad de la autoridad de extranjer\u00eda tambi\u00e9n se extiende a muchas otras tareas. El tipo y la duraci\u00f3n del permiso de residencia var\u00edan mucho. A algunos se les da un l\u00edmite de tiempo, a otros se les niega un permiso de residencia y se les otorga un permiso de salida bajo la Ley de Residencia.<\/p>\n<p>Las autoridades de inmigraci\u00f3n tambi\u00e9n son responsables de los solicitantes de asilo y las personas desplazadas. tu decides sobre <a href=\"https:\/\/auslaenderbehoerde.org\/es\/permiso-de-residencia-2\/\">permiso de residencia<\/a> y expedirlos si la decisi\u00f3n es positiva.<\/p>\n<p><strong>Aqu\u00ed hay una descripci\u00f3n general de lo que las autoridades de inmigraci\u00f3n son responsables de:<\/strong><\/p>\n<ul style=\"list-style-type: circle;\">\n<li>ayuda a los refugiados<\/li>\n<li>asistencia social<\/li>\n<li>cursos de integraci\u00f3n<\/li>\n<li>Organizaci\u00f3n y aprobaci\u00f3n de entrada y estancia en Alemania<\/li>\n<li>derecho a prestaciones<\/li>\n<li>reembolso y cuidado de la salud<\/li>\n<li>estado civil<\/li>\n<li>declaraci\u00f3n de compromiso<\/li>\n<li>opciones de alojamiento<\/li>\n<li>Registrarse<\/li>\n<li>procedimiento de asilo<\/li>\n<\/ul>\n<h3>\u00bfC\u00f3mo puedo hacer una cita con la Oficina de Extranjer\u00eda? <span id=\"Wie_kann_ich_einen_Termin_beim_Jugendamt_vereinbaren\">\u00bfaceptar?<\/span><\/h3>\n<p>Hay varias formas de hacer una cita en la Oficina de Extranjer\u00eda. Por lo general, se puede contactar con las oficinas en persona, por tel\u00e9fono, por correo electr\u00f3nico o en l\u00ednea. La direcci\u00f3n y los horarios de apertura se pueden ver en l\u00ednea. En algunas ciudades puede hacer una cita a trav\u00e9s del portal de servicios de la ciudad y descargar formularios en l\u00ednea. Aseg\u00farese de tener todos los documentos necesarios completos antes de visitar la agencia.<\/p>\n<div class=\"su-note\"  style=\"border-color:#d1d1d0;border-radius:3px;-moz-border-radius:3px;-webkit-border-radius:3px;\"><div class=\"su-note-inner su-u-clearfix su-u-trim\" style=\"background-color:#ebebea;border-color:#ffffff;color:#444444;border-radius:3px;-moz-border-radius:3px;-webkit-border-radius:3px;\"><b>Una noticia: <\/b>Para oficinas y autoridades, generalmente necesita los documentos o certificados como <a href=\"https:\/\/tidd.ly\/3y8DKdr\" target=\"_blank\" rel=\"noopener\">traducci\u00f3n certificada<\/a>*.<\/div><\/div>\n<p><strong>\u00bfEst\u00e1s esperando visitas del extranjero?<\/strong> Con un <a href=\"https:\/\/auslaenderbehoerde.org\/es\/seguro-de-viaje-para-huespedes-extranjeros\/\">Seguro de viaje para hu\u00e9spedes extranjeros<\/a> Benef\u00edciese de una amplia protecci\u00f3n en Alemania y Europa.<\/p>\n<h3>M\u00e1s autoridades e informaci\u00f3n de inmigraci\u00f3n<\/h3>\n<ul style=\"list-style-type: circle;\">\n<li><a href=\"https:\/\/auslaenderbehoerde.org\/es\/autoridades-de-inmigracion-en-baviera\/\">Autoridades de inmigraci\u00f3n en Baviera<\/a><\/li>\n<li><a href=\"https:\/\/auslaenderbehoerde.org\/es\/\">Autoridades de inmigraci\u00f3n en Alemania<\/a><\/li>\n<li><a href=\"https:\/\/auslaenderbehoerde.org\/es\/primeros-pasos-en-alemania\/\" data-wpel-link=\"internal\">Primeros pasos en Alemania<\/a><\/li>\n<\/ul>","protected":false},"excerpt":{"rendered":"<p>Aqu\u00ed encontrar\u00e1 diferentes posibilidades de contacto y m\u00e1s informaci\u00f3n \u00fatil sobre la Oficina de Extranjer\u00eda de F\u00fcrth - Baviera Direcci\u00f3n: Oficina de Extranjer\u00eda de F\u00fcrth, Schwabacher Stra\u00dfe 170, 90763 F\u00fcrth Tel\u00e9fono: 0911 9742340 Fax: 0911 9742344 Correo electr\u00f3nico: ausl@fuerth.de Sitio web: www.fuerth.de Horario: ver sitio web Tareas de la Oficina de Extranjeros de F\u00fcrth La Oficina de Extranjeros de F\u00fcrth es responsable de los habitantes de F\u00fcrth y de las ciudades asociadas.\u2026&nbsp;<a href=\"https:\/\/auslaenderbehoerde.org\/es\/autoridad-de-inmigracion-fueth\/\" rel=\"bookmark\">Leer m\u00e1s &quot;<span class=\"screen-reader-text\">Oficina de Inmigraci\u00f3n Fuerth<\/span><\/a><\/p>","protected":false},"author":1,"featured_media":65,"parent":0,"menu_order":0,"comment_status":"closed","ping_status":"closed","template":"","meta":{"neve_meta_sidebar":"","neve_meta_container":"","neve_meta_enable_content_width":"off","neve_meta_content_width":100,"neve_meta_title_alignment":"","neve_meta_author_avatar":"","neve_post_elements_order":"","neve_meta_disable_header":"","neve_meta_disable_footer":"","neve_meta_disable_title":"","neve_meta_reading_time":"","footnotes":""},"class_list":["post-528","page","type-page","status-publish","has-post-thumbnail","hentry"],"yoast_head":"<!-- This site is optimized with the Yoast SEO plugin v26.6 - https:\/\/yoast.com\/wordpress\/plugins\/seo\/ -->\n<title>Ausl\u00e4nderbeh\u00f6rde F\u00fcrth | Adresse und Kontaktdaten<\/title>\n<meta name=\"description\" content=\"Ausl\u00e4nderbeh\u00f6rde F\u00fcrth | Hier finden Sie alle Informationen wie Adresse und Anschrift \u2713 Telefonnummer, Kontakt und \u00d6ffnungszeiten\" \/>\n<meta name=\"robots\" content=\"index, follow, max-snippet:-1, max-image-preview:large, max-video-preview:-1\" \/>\n<link rel=\"canonical\" href=\"https:\/\/auslaenderbehoerde.org\/es\/autoridad-de-inmigracion-fueth\/\" \/>\n<meta property=\"og:locale\" content=\"es_ES\" \/>\n<meta property=\"og:type\" content=\"article\" \/>\n<meta property=\"og:title\" content=\"Ausl\u00e4nderbeh\u00f6rde F\u00fcrth | Adresse und Kontaktdaten\" \/>\n<meta property=\"og:description\" content=\"Ausl\u00e4nderbeh\u00f6rde F\u00fcrth | Hier finden Sie alle Informationen wie Adresse und Anschrift \u2713 Telefonnummer, Kontakt und \u00d6ffnungszeiten\" \/>\n<meta property=\"og:url\" content=\"https:\/\/auslaenderbehoerde.org\/es\/autoridad-de-inmigracion-fueth\/\" \/>\n<meta property=\"og:site_name\" content=\"auslaenderbehoerde.org\" \/>\n<meta property=\"og:image\" content=\"https:\/\/auslaenderbehoerde.org\/wp-content\/uploads\/2022\/06\/Ausla\u0308nderbeho\u0308rde-scaled-e1656327377843.jpeg\" \/>\n\t<meta property=\"og:image:width\" content=\"900\" \/>\n\t<meta property=\"og:image:height\" content=\"675\" \/>\n\t<meta property=\"og:image:type\" content=\"image\/jpeg\" \/>\n<meta name=\"twitter:card\" content=\"summary_large_image\" \/>\n<meta name=\"twitter:label1\" content=\"Tiempo de lectura\" \/>\n\t<meta name=\"twitter:data1\" content=\"2 minutos\" \/>\n<script type=\"application\/ld+json\" class=\"yoast-schema-graph\">{\"@context\":\"https:\/\/schema.org\",\"@graph\":[{\"@type\":\"WebPage\",\"@id\":\"https:\/\/auslaenderbehoerde.org\/auslaenderbehoerde-fuerth\/\",\"url\":\"https:\/\/auslaenderbehoerde.org\/auslaenderbehoerde-fuerth\/\",\"name\":\"Ausl\u00e4nderbeh\u00f6rde F\u00fcrth | Adresse und Kontaktdaten\",\"isPartOf\":{\"@id\":\"https:\/\/auslaenderbehoerde.org\/#website\"},\"primaryImageOfPage\":{\"@id\":\"https:\/\/auslaenderbehoerde.org\/auslaenderbehoerde-fuerth\/#primaryimage\"},\"image\":{\"@id\":\"https:\/\/auslaenderbehoerde.org\/auslaenderbehoerde-fuerth\/#primaryimage\"},\"thumbnailUrl\":\"https:\/\/auslaenderbehoerde.org\/wp-content\/uploads\/2022\/06\/Ausla\u0308nderbeho\u0308rde-scaled-e1656327377843.jpeg\",\"datePublished\":\"2022-07-06T12:43:58+00:00\",\"description\":\"Ausl\u00e4nderbeh\u00f6rde F\u00fcrth | Hier finden Sie alle Informationen wie Adresse und Anschrift \u2713 Telefonnummer, Kontakt und \u00d6ffnungszeiten\",\"breadcrumb\":{\"@id\":\"https:\/\/auslaenderbehoerde.org\/auslaenderbehoerde-fuerth\/#breadcrumb\"},\"inLanguage\":\"es\",\"potentialAction\":[{\"@type\":\"ReadAction\",\"target\":[\"https:\/\/auslaenderbehoerde.org\/auslaenderbehoerde-fuerth\/\"]}]},{\"@type\":\"ImageObject\",\"inLanguage\":\"es\",\"@id\":\"https:\/\/auslaenderbehoerde.org\/auslaenderbehoerde-fuerth\/#primaryimage\",\"url\":\"https:\/\/auslaenderbehoerde.org\/wp-content\/uploads\/2022\/06\/Ausla\u0308nderbeho\u0308rde-scaled-e1656327377843.jpeg\",\"contentUrl\":\"https:\/\/auslaenderbehoerde.org\/wp-content\/uploads\/2022\/06\/Ausla\u0308nderbeho\u0308rde-scaled-e1656327377843.jpeg\",\"width\":900,\"height\":675,\"caption\":\"Ausl\u00e4nderbeh\u00f6rde\"},{\"@type\":\"BreadcrumbList\",\"@id\":\"https:\/\/auslaenderbehoerde.org\/auslaenderbehoerde-fuerth\/#breadcrumb\",\"itemListElement\":[{\"@type\":\"ListItem\",\"position\":1,\"name\":\"Startseite\",\"item\":\"https:\/\/auslaenderbehoerde.org\/\"},{\"@type\":\"ListItem\",\"position\":2,\"name\":\"Ausl\u00e4nderbeh\u00f6rde F\u00fcrth\"}]},{\"@type\":\"WebSite\",\"@id\":\"https:\/\/auslaenderbehoerde.org\/#website\",\"url\":\"https:\/\/auslaenderbehoerde.org\/\",\"name\":\"auslaenderbehoerde.org\",\"description\":\"\",\"potentialAction\":[{\"@type\":\"SearchAction\",\"target\":{\"@type\":\"EntryPoint\",\"urlTemplate\":\"https:\/\/auslaenderbehoerde.org\/?s={search_term_string}\"},\"query-input\":{\"@type\":\"PropertyValueSpecification\",\"valueRequired\":true,\"valueName\":\"search_term_string\"}}],\"inLanguage\":\"es\"}]}<\/script>\n<!-- \/ Yoast SEO plugin. -->","yoast_head_json":{"title":"Oficina de Inmigraci\u00f3n F\u00fcrth | direcci\u00f3n y datos de contacto","description":"Oficina de Inmigraci\u00f3n F\u00fcrth | Aqu\u00ed encontrar\u00e1 toda la informaci\u00f3n, como direcci\u00f3n y direcci\u00f3n \u2713 n\u00famero de tel\u00e9fono, contacto y horario de apertura","robots":{"index":"index","follow":"follow","max-snippet":"max-snippet:-1","max-image-preview":"max-image-preview:large","max-video-preview":"max-video-preview:-1"},"canonical":"https:\/\/auslaenderbehoerde.org\/es\/autoridad-de-inmigracion-fueth\/","og_locale":"es_ES","og_type":"article","og_title":"Ausl\u00e4nderbeh\u00f6rde F\u00fcrth | Adresse und Kontaktdaten","og_description":"Ausl\u00e4nderbeh\u00f6rde F\u00fcrth | Hier finden Sie alle Informationen wie Adresse und Anschrift \u2713 Telefonnummer, Kontakt und \u00d6ffnungszeiten","og_url":"https:\/\/auslaenderbehoerde.org\/es\/autoridad-de-inmigracion-fueth\/","og_site_name":"auslaenderbehoerde.org","og_image":[{"width":900,"height":675,"url":"https:\/\/auslaenderbehoerde.org\/wp-content\/uploads\/2022\/06\/Ausla\u0308nderbeho\u0308rde-scaled-e1656327377843.jpeg","type":"image\/jpeg"}],"twitter_card":"summary_large_image","twitter_misc":{"Tiempo de lectura":"2 minutos"},"schema":{"@context":"https:\/\/schema.org","@graph":[{"@type":"WebPage","@id":"https:\/\/auslaenderbehoerde.org\/auslaenderbehoerde-fuerth\/","url":"https:\/\/auslaenderbehoerde.org\/auslaenderbehoerde-fuerth\/","name":"Oficina de Inmigraci\u00f3n F\u00fcrth | direcci\u00f3n y datos de contacto","isPartOf":{"@id":"https:\/\/auslaenderbehoerde.org\/#website"},"primaryImageOfPage":{"@id":"https:\/\/auslaenderbehoerde.org\/auslaenderbehoerde-fuerth\/#primaryimage"},"image":{"@id":"https:\/\/auslaenderbehoerde.org\/auslaenderbehoerde-fuerth\/#primaryimage"},"thumbnailUrl":"https:\/\/auslaenderbehoerde.org\/wp-content\/uploads\/2022\/06\/Ausla\u0308nderbeho\u0308rde-scaled-e1656327377843.jpeg","datePublished":"2022-07-06T12:43:58+00:00","description":"Oficina de Inmigraci\u00f3n F\u00fcrth | Aqu\u00ed encontrar\u00e1 toda la informaci\u00f3n, como direcci\u00f3n y direcci\u00f3n \u2713 n\u00famero de tel\u00e9fono, contacto y horario de apertura","breadcrumb":{"@id":"https:\/\/auslaenderbehoerde.org\/auslaenderbehoerde-fuerth\/#breadcrumb"},"inLanguage":"es","potentialAction":[{"@type":"ReadAction","target":["https:\/\/auslaenderbehoerde.org\/auslaenderbehoerde-fuerth\/"]}]},{"@type":"ImageObject","inLanguage":"es","@id":"https:\/\/auslaenderbehoerde.org\/auslaenderbehoerde-fuerth\/#primaryimage","url":"https:\/\/auslaenderbehoerde.org\/wp-content\/uploads\/2022\/06\/Ausla\u0308nderbeho\u0308rde-scaled-e1656327377843.jpeg","contentUrl":"https:\/\/auslaenderbehoerde.org\/wp-content\/uploads\/2022\/06\/Ausla\u0308nderbeho\u0308rde-scaled-e1656327377843.jpeg","width":900,"height":675,"caption":"Ausl\u00e4nderbeh\u00f6rde"},{"@type":"BreadcrumbList","@id":"https:\/\/auslaenderbehoerde.org\/auslaenderbehoerde-fuerth\/#breadcrumb","itemListElement":[{"@type":"ListItem","position":1,"name":"Startseite","item":"https:\/\/auslaenderbehoerde.org\/"},{"@type":"ListItem","position":2,"name":"Ausl\u00e4nderbeh\u00f6rde F\u00fcrth"}]},{"@type":"WebSite","@id":"https:\/\/auslaenderbehoerde.org\/#website","url":"https:\/\/auslaenderbehoerde.org\/","name":"auslaenderbehoerde.org","description":"","potentialAction":[{"@type":"SearchAction","target":{"@type":"EntryPoint","urlTemplate":"https:\/\/auslaenderbehoerde.org\/?s={search_term_string}"},"query-input":{"@type":"PropertyValueSpecification","valueRequired":true,"valueName":"search_term_string"}}],"inLanguage":"es"}]}},"_links":{"self":[{"href":"https:\/\/auslaenderbehoerde.org\/es\/wp-json\/wp\/v2\/pages\/528","targetHints":{"allow":["GET"]}}],"collection":[{"href":"https:\/\/auslaenderbehoerde.org\/es\/wp-json\/wp\/v2\/pages"}],"about":[{"href":"https:\/\/auslaenderbehoerde.org\/es\/wp-json\/wp\/v2\/types\/page"}],"author":[{"embeddable":true,"href":"https:\/\/auslaenderbehoerde.org\/es\/wp-json\/wp\/v2\/users\/1"}],"replies":[{"embeddable":true,"href":"https:\/\/auslaenderbehoerde.org\/es\/wp-json\/wp\/v2\/comments?post=528"}],"version-history":[{"count":1,"href":"https:\/\/auslaenderbehoerde.org\/es\/wp-json\/wp\/v2\/pages\/528\/revisions"}],"predecessor-version":[{"id":529,"href":"https:\/\/auslaenderbehoerde.org\/es\/wp-json\/wp\/v2\/pages\/528\/revisions\/529"}],"wp:featuredmedia":[{"embeddable":true,"href":"https:\/\/auslaenderbehoerde.org\/es\/wp-json\/wp\/v2\/media\/65"}],"wp:attachment":[{"href":"https:\/\/auslaenderbehoerde.org\/es\/wp-json\/wp\/v2\/media?parent=528"}],"curies":[{"name":"wp","href":"https:\/\/api.w.org\/{rel}","templated":true}]}}