{"id":1420,"date":"2022-07-15T11:33:22","date_gmt":"2022-07-15T09:33:22","guid":{"rendered":"https:\/\/auslaenderbehoerde.org\/?page_id=1420"},"modified":"2022-07-15T11:33:22","modified_gmt":"2022-07-15T09:33:22","slug":"auslaenderbehoerde-neustrelitz","status":"publish","type":"page","link":"https:\/\/auslaenderbehoerde.org\/fa\/\u0627\u062f\u0627\u0631\u0647-\u0645\u0647\u0627\u062c\u0631\u062a-neustrelitz\/","title":{"rendered":"\u0627\u062f\u0627\u0631\u0647 \u0645\u0647\u0627\u062c\u0631\u062a Neustrelitz"},"content":{"rendered":"<p>\u062f\u0631 \u0627\u06cc\u0646\u062c\u0627 \u06af\u0632\u06cc\u0646\u0647 \u0647\u0627\u06cc \u0645\u062e\u062a\u0644\u0641 \u062a\u0645\u0627\u0633 \u0648 \u0633\u0627\u06cc\u0631 \u0627\u0637\u0644\u0627\u0639\u0627\u062a \u0645\u0641\u06cc\u062f \u0628\u0631\u0627\u06cc \u0627\u062f\u0627\u0631\u0647 \u0645\u0647\u0627\u062c\u0631\u062a Neustrelitz - Mecklenburg-Western Pomerania \u0631\u0627 \u062e\u0648\u0627\u0647\u06cc\u062f \u06cc\u0627\u0641\u062a.<\/p>\n<p><strong>\u0646\u0634\u0627\u0646\u06cc:<\/strong> \u0645\u0646\u0637\u0642\u0647 \u0645\u06a9\u0644\u0646\u0628\u0648\u0631\u06af-\u0627\u0633\u062a\u0631\u0644\u06cc\u062a\u0632\u060c Woldegker Chaussee 35\u060c 17235 Neustrelitz<br \/>\n<strong>\u062a\u0644\u0641\u0646:<\/strong> 03981 \/ 481-0<br \/>\n<strong>\u0641\u06a9\u0633:<\/strong> 03981 \/ 481-400<br \/>\n<strong>\u067e\u0633\u062a \u0627\u0644\u06a9\u062a\u0631\u0648\u0646\u06cc\u06a9:<\/strong> <a href=\"mailto:khfritz@lra-mst.de\">khfritz@lra-mst.de<\/a><br \/>\n<strong>\u0633\u0627\u06cc\u062a \u0627\u06cc\u0646\u062a\u0631\u0646\u062a\u06cc:<\/strong> <a href=\"https:\/\/www.lk-mecklenburgische-seenplatte.de\/Landkreis\/Landratsamt\/Fach%C3%A4mter\/index.php?La=1&amp;object=tx,2761.324.1&amp;kat=&amp;kuo=2&amp;sub=0\">www.lk-mecklenburgische-seenplatte.de<\/a><br \/>\n<strong>\u0633\u0627\u0639\u0627\u062a \u06a9\u0627\u0631:<\/strong> \u0648\u0628 \u0633\u0627\u06cc\u062a \u0631\u0627 \u0628\u0628\u06cc\u0646\u06cc\u062f<\/p>\n<p><iframe style=\"border: 0;\" src=\"https:\/\/www.google.com\/maps\/embed?pb=!1m18!1m12!1m3!1d2381.738619017239!2d13.105523851391272!3d53.34793498219513!2m3!1f0!2f0!3f0!3m2!1i1024!2i768!4f13.1!3m3!1m2!1s0x47a9603a0c14a579%3A0xadb7353c2b3a9ed3!2sWoldegker%20Ch%2035%2C%2017235%20Neustrelitz!5e0!3m2!1sde!2sde!4v1657877594097!5m2!1sde!2sde\" width=\"600\" height=\"450\" allowfullscreen=\"allowfullscreen\"><\/iframe><\/p>\n<h2>\u0648\u0638\u0627\u06cc\u0641 \u0627\u062f\u0627\u0631\u0647 \u0645\u0647\u0627\u062c\u0631\u062a \u0646\u0648\u0633\u062a\u0631\u0644\u06cc\u062a\u0632<\/h2>\n<p>\u0627\u062f\u0627\u0631\u0647 \u0645\u0647\u0627\u062c\u0631\u062a Neustrelitz \u0645\u0633\u0626\u0648\u0644 \u0633\u0627\u06a9\u0646\u0627\u0646 Neustrelitz \u0648 \u0634\u0647\u0631\u0647\u0627\u06cc \u0645\u0631\u062a\u0628\u0637 \u0627\u0633\u062a. \u0645\u0631\u062c\u0639 \u0627\u0648\u0644\u06cc\u0646 \u0622\u062f\u0631\u0633 \u0628\u0631\u0627\u06cc \u062e\u0627\u0631\u062c\u06cc\u0627\u0646\u06cc \u0627\u0633\u062a \u06a9\u0647 \u0627\u0632 \u062e\u0627\u0631\u062c \u0648\u0627\u0631\u062f \u0645\u06cc \u0634\u0648\u0646\u062f. \u0645\u0633\u0626\u0648\u0644 \u0635\u062f\u0648\u0631 \u06cc\u0627 \u0631\u062f \u0627\u062c\u0627\u0632\u0647 \u0627\u0642\u0627\u0645\u062a \u0628\u0631 \u0627\u0633\u0627\u0633 \u0627\u0647\u062f\u0627\u0641 \u0645\u0631\u0628\u0648\u0637\u0647 \u0642\u0627\u0646\u0648\u0646 \u0627\u0642\u0627\u0645\u062a \u0627\u0633\u062a.<\/p>\n<p>\u0627\u062f\u0627\u0631\u0647 \u0645\u0647\u0627\u062c\u0631\u062a \u0646\u06cc\u0632 \u0645\u0633\u0626\u0648\u0644 \u0635\u062f\u0648\u0631 \u0622\u0646 \u0627\u0633\u062a <a href=\"https:\/\/auslaenderbehoerde.org\/fa\/\u0627\u062c\u0627\u0632\u0647-\u0627\u0642\u0627\u0645\u062a\/\">\u0627\u062c\u0627\u0632\u0647 \u0627\u0642\u0627\u0645\u062a<\/a>, <a href=\"https:\/\/auslaenderbehoerde.org\/fa\/\u0627\u0639\u0644\u0627\u0645\u06cc\u0647-\u062a\u0639\u0647\u062f\/\">\u0627\u0639\u0644\u0627\u0645\u06cc\u0647 \u062a\u0639\u0647\u062f<\/a>\u060c \u0627\u0633\u0646\u0627\u062f \u0645\u0633\u0627\u0641\u0631\u062a\u06cc \u0648 \u0645\u062c\u0648\u0632\u0647\u0627\u06cc \u062a\u062d\u0645\u0644 \u0628\u0631\u0627\u06cc \u062e\u0627\u0631\u062c\u06cc \u0647\u0627. \u0627\u062f\u0627\u0631\u0647 \u0645\u0647\u0627\u062c\u0631\u062a \u0631\u0648\u06cc \u0622\u0646 \u06a9\u0627\u0631 \u0645\u06cc \u06a9\u0646\u062f <a href=\"https:\/\/www.gesetze-im-internet.de\/aufenthg_2004\/__71.html\" target=\"_blank\" rel=\"noopener external noreferrer\" data-wpel-link=\"external\">\u0628\u062e\u0634 71<\/a> AufenthG \u0648 \u0645\u0633\u0626\u0648\u0644 \u062a\u0646\u0638\u06cc\u0645 \u06a9\u0644\u06cc\u0647 \u062a\u0635\u0645\u06cc\u0645\u0627\u062a \u0648 \u0627\u0642\u062f\u0627\u0645\u0627\u062a\u06cc \u0627\u0633\u062a \u06a9\u0647 \u0628\u0631 \u06af\u0630\u0631\u0646\u0627\u0645\u0647 \u0648 \u062d\u0642\u0648\u0642 \u0627\u0642\u0627\u0645\u062a \u062e\u0627\u0631\u062c\u06cc\u0627\u0646 \u062a\u0623\u062b\u06cc\u0631 \u0645\u06cc \u06af\u0630\u0627\u0631\u062f.<\/p>\n<p>\u0645\u0633\u0626\u0648\u0644\u06cc\u062a \u0645\u0642\u0627\u0645\u0627\u062a \u062e\u0627\u0631\u062c\u06cc \u0628\u0647 \u0628\u0633\u06cc\u0627\u0631\u06cc \u0627\u0632 \u0648\u0638\u0627\u06cc\u0641 \u062f\u06cc\u06af\u0631 \u0646\u06cc\u0632 \u06af\u0633\u062a\u0631\u0634 \u0645\u06cc \u06cc\u0627\u0628\u062f. \u0646\u0648\u0639 \u0648 \u0645\u062f\u062a \u0627\u062c\u0627\u0632\u0647 \u0627\u0642\u0627\u0645\u062a \u0628\u0633\u06cc\u0627\u0631 \u0645\u062a\u0641\u0627\u0648\u062a \u0627\u0633\u062a. \u0628\u0647 \u0628\u0631\u062e\u06cc \u0627\u0632 \u0622\u0646\u0647\u0627 \u0645\u062d\u062f\u0648\u062f\u06cc\u062a \u0632\u0645\u0627\u0646\u06cc \u062f\u0627\u062f\u0647 \u0645\u06cc \u0634\u0648\u062f\u060c \u0628\u0647 \u0628\u0631\u062e\u06cc \u062f\u06cc\u06af\u0631 \u0627\u062c\u0627\u0632\u0647 \u0627\u0642\u0627\u0645\u062a \u062f\u0627\u062f\u0647 \u0646\u0645\u06cc \u0634\u0648\u062f \u0648 \u0637\u0628\u0642 \u0642\u0627\u0646\u0648\u0646 \u0627\u0642\u0627\u0645\u062a \u0645\u062c\u0648\u0632 \u062e\u0631\u0648\u062c \u0628\u0647 \u0622\u0646\u0647\u0627 \u062f\u0627\u062f\u0647 \u0645\u06cc \u0634\u0648\u062f.<\/p>\n<p>\u0645\u0642\u0627\u0645\u0627\u062a \u0645\u0647\u0627\u062c\u0631\u062a \u0646\u06cc\u0632 \u062f\u0631 \u0642\u0628\u0627\u0644 \u067e\u0646\u0627\u0647\u062c\u0648\u06cc\u0627\u0646 \u0648 \u0627\u0641\u0631\u0627\u062f \u0622\u0648\u0627\u0631\u0647 \u0645\u0633\u0626\u0648\u0644 \u0647\u0633\u062a\u0646\u062f. \u0634\u0645\u0627 \u062a\u0635\u0645\u06cc\u0645 \u0628\u06af\u06cc\u0631\u06cc\u062f <a href=\"https:\/\/auslaenderbehoerde.org\/fa\/\u0627\u062c\u0627\u0632\u0647-\u0627\u0642\u0627\u0645\u062a\/\">\u0627\u062c\u0627\u0632\u0647 \u0627\u0642\u0627\u0645\u062a<\/a> \u0648 \u062f\u0631 \u0635\u0648\u0631\u062a \u0645\u062b\u0628\u062a \u0628\u0648\u062f\u0646 \u062a\u0635\u0645\u06cc\u0645 \u0627\u06cc\u0646\u0647\u0627 \u0631\u0627 \u0635\u0627\u062f\u0631 \u06a9\u0646\u06cc\u062f.<\/p>\n<p><strong>\u062f\u0631 \u0627\u06cc\u0646\u062c\u0627 \u06cc\u06a9 \u0646\u0645\u0627\u06cc \u06a9\u0644\u06cc \u0627\u0632 \u0622\u0646\u0686\u0647 \u0645\u0642\u0627\u0645\u0627\u062a \u0645\u0647\u0627\u062c\u0631\u062a \u0645\u0633\u0626\u0648\u0644 \u0647\u0633\u062a\u0646\u062f \u0622\u0648\u0631\u062f\u0647 \u0634\u062f\u0647 \u0627\u0633\u062a:<\/strong><\/p>\n<ul style=\"list-style-type: circle;\">\n<li>\u06a9\u0645\u06a9 \u0628\u0647 \u067e\u0646\u0627\u0647\u0646\u062f\u06af\u0627\u0646<\/li>\n<li>\u0645\u0631\u0627\u0642\u0628\u062a \u0627\u062c\u062a\u0645\u0627\u0639\u06cc<\/li>\n<li>\u062f\u0648\u0631\u0647 \u0647\u0627\u06cc \u0627\u062f\u063a\u0627\u0645<\/li>\n<li>\u0633\u0627\u0632\u0645\u0627\u0646\u062f\u0647\u06cc \u0648 \u062a\u0627\u06cc\u06cc\u062f \u0648\u0631\u0648\u062f \u0648 \u0627\u0642\u0627\u0645\u062a \u062f\u0631 \u0622\u0644\u0645\u0627\u0646<\/li>\n<li>\u062d\u0642 \u0645\u0646\u0641\u0639\u062a<\/li>\n<li>\u0628\u0627\u0632\u067e\u0631\u062f\u0627\u062e\u062a \u0648 \u0645\u0631\u0627\u0642\u0628\u062a \u0647\u0627\u06cc \u0628\u0647\u062f\u0627\u0634\u062a\u06cc<\/li>\n<li>\u0648\u0636\u0639\u06cc\u062a \u0645\u062f\u0646\u06cc<\/li>\n<li>\u0627\u0639\u0644\u0627\u0645\u06cc\u0647 \u062a\u0639\u0647\u062f<\/li>\n<li>\u06af\u0632\u06cc\u0646\u0647 \u0647\u0627\u06cc \u0627\u0642\u0627\u0645\u062a<\/li>\n<li>\u062b\u0628\u062a \u0646\u0627\u0645<\/li>\n<li>\u0631\u0648\u0646\u062f \u067e\u0646\u0627\u0647\u0646\u062f\u06af\u06cc<\/li>\n<\/ul>\n<h3>\u0686\u06af\u0648\u0646\u0647 \u0645\u06cc \u062a\u0648\u0627\u0646\u0645 \u0627\u0632 \u0627\u062f\u0627\u0631\u0647 \u0645\u0647\u0627\u062c\u0631\u062a \u0648\u0642\u062a \u0628\u06af\u06cc\u0631\u0645 <span id=\"Wie_kann_ich_einen_Termin_beim_Jugendamt_vereinbaren\">\u0645\u0648\u0627\u0641\u0642\u061f<\/span><\/h3>\n<p>\u0631\u0627\u0647 \u0647\u0627\u06cc \u0645\u062e\u062a\u0644\u0641\u06cc \u0628\u0631\u0627\u06cc \u06af\u0631\u0641\u062a\u0646 \u0648\u0642\u062a \u062f\u0631 \u0627\u062f\u0627\u0631\u0647 \u0645\u0647\u0627\u062c\u0631\u062a \u0648\u062c\u0648\u062f \u062f\u0627\u0631\u062f. \u0645\u0639\u0645\u0648\u0644\u0627\u064b \u0645\u06cc \u062a\u0648\u0627\u0646 \u0628\u0647 \u0635\u0648\u0631\u062a \u062d\u0636\u0648\u0631\u06cc\u060c \u062a\u0644\u0641\u0646\u06cc\u060c \u0627\u06cc\u0645\u06cc\u0644 \u06cc\u0627 \u0622\u0646\u0644\u0627\u06cc\u0646 \u0628\u0627 \u062f\u0641\u0627\u062a\u0631 \u062a\u0645\u0627\u0633 \u06af\u0631\u0641\u062a. \u0622\u062f\u0631\u0633 \u0648 \u0632\u0645\u0627\u0646 \u0627\u0641\u062a\u062a\u0627\u062d \u0631\u0627 \u0645\u06cc \u062a\u0648\u0627\u0646 \u0628\u0647 \u0635\u0648\u0631\u062a \u0622\u0646\u0644\u0627\u06cc\u0646 \u0645\u0634\u0627\u0647\u062f\u0647 \u06a9\u0631\u062f. \u062f\u0631 \u0628\u0631\u062e\u06cc \u0627\u0632 \u0634\u0647\u0631\u0647\u0627 \u0645\u06cc \u062a\u0648\u0627\u0646\u06cc\u062f \u0627\u0632 \u0637\u0631\u06cc\u0642 \u067e\u0648\u0631\u062a\u0627\u0644 \u062e\u062f\u0645\u0627\u062a \u0634\u0647\u0631\u06cc \u0648\u0642\u062a \u0642\u0628\u0644\u06cc \u0628\u06af\u06cc\u0631\u06cc\u062f \u0648 \u0641\u0631\u0645 \u0647\u0627\u06cc \u0622\u0646\u0644\u0627\u06cc\u0646 \u0631\u0627 \u062f\u0627\u0646\u0644\u0648\u062f \u06a9\u0646\u06cc\u062f. \u0642\u0628\u0644 \u0627\u0632 \u0645\u0631\u0627\u062c\u0639\u0647 \u0628\u0647 \u0622\u0698\u0627\u0646\u0633 \u0645\u0637\u0645\u0626\u0646 \u0634\u0648\u06cc\u062f \u06a9\u0647 \u062a\u0645\u0627\u0645 \u0645\u062f\u0627\u0631\u06a9 \u0644\u0627\u0632\u0645 \u0631\u0627 \u06a9\u0627\u0645\u0644 \u06a9\u0631\u062f\u0647 \u0627\u06cc\u062f.<\/p>\n<div class=\"su-note\"  style=\"border-color:#d1d1d0;border-radius:3px;-moz-border-radius:3px;-webkit-border-radius:3px;\"><div class=\"su-note-inner su-u-clearfix su-u-trim\" style=\"background-color:#ebebea;border-color:#ffffff;color:#444444;border-radius:3px;-moz-border-radius:3px;-webkit-border-radius:3px;\"><b>\u06cc\u06a9 \u0627\u0637\u0644\u0627\u0639\u06cc\u0647: <\/b>\u0628\u0631\u0627\u06cc \u062f\u0641\u0627\u062a\u0631 \u0648 \u0645\u0642\u0627\u0645\u0627\u062a\u060c \u0645\u0639\u0645\u0648\u0644\u0627\u064b \u0628\u0647 \u0645\u062f\u0627\u0631\u06a9 \u06cc\u0627 \u06af\u0648\u0627\u0647\u06cc \u0646\u0627\u0645\u0647 \u0647\u0627 \u0646\u06cc\u0627\u0632 \u062f\u0627\u0631\u06cc\u062f <a href=\"https:\/\/tidd.ly\/3y8DKdr\" target=\"_blank\" rel=\"noopener\">\u062a\u0631\u062c\u0645\u0647 \u062a\u0627\u06cc\u06cc\u062f \u0634\u062f\u0647<\/a>*.<\/div><\/div>\n<p><strong>\u0622\u06cc\u0627 \u0627\u0646\u062a\u0638\u0627\u0631 \u0628\u0627\u0632\u062f\u06cc\u062f\u06a9\u0646\u0646\u062f\u06af\u0627\u0646\u06cc \u0627\u0632 \u062e\u0627\u0631\u062c \u0627\u0632 \u06a9\u0634\u0648\u0631 \u062f\u0627\u0631\u06cc\u062f\u061f<\/strong> \u0628\u0627 \u06cc\u06a9 <a href=\"https:\/\/auslaenderbehoerde.org\/fa\/\u0628\u06cc\u0645\u0647-\u0645\u0633\u0627\u0641\u0631\u062a\u06cc-\u0628\u0631\u0627\u06cc-\u0645\u0647\u0645\u0627\u0646\u0627\u0646-\u062e\u0627\u0631\u062c\u06cc\/\">\u0628\u06cc\u0645\u0647 \u0645\u0633\u0627\u0641\u0631\u062a\u06cc \u0628\u0631\u0627\u06cc \u0645\u0647\u0645\u0627\u0646\u0627\u0646 \u062e\u0627\u0631\u062c\u06cc<\/a> \u0627\u0632 \u062d\u0645\u0627\u06cc\u062a \u0647\u0645\u0647 \u062c\u0627\u0646\u0628\u0647 \u062f\u0631 \u0622\u0644\u0645\u0627\u0646 \u0648 \u0627\u0631\u0648\u067e\u0627 \u0628\u0647\u0631\u0647 \u0645\u0646\u062f \u0634\u0648\u06cc\u062f.<\/p>\n<h3>\u0645\u0642\u0627\u0645\u0627\u062a \u0648 \u0627\u0637\u0644\u0627\u0639\u0627\u062a \u0628\u06cc\u0634\u062a\u0631 \u0645\u0647\u0627\u062c\u0631\u062a<\/h3>\n<ul style=\"list-style-type: circle;\">\n<li><a href=\"https:\/\/auslaenderbehoerde.org\/fa\/\u0645\u0642\u0627\u0645\u0627\u062a-\u0645\u0647\u0627\u062c\u0631\u062a-\u062f\u0631-\u0645\u06a9\u0644\u0646\u0628\u0648\u0631\u06af-\u0648\u0631\u067e\u0648\u0645\u0631\u0646\/\">\u0645\u0642\u0627\u0645\u0627\u062a \u0645\u0647\u0627\u062c\u0631\u062a \u062f\u0631 \u0645\u06a9\u0644\u0646\u0628\u0648\u0631\u06af-\u067e\u0648\u0645\u0631\u0627\u0646\u06cc \u063a\u0631\u0628\u06cc<\/a><\/li>\n<li><a href=\"https:\/\/auslaenderbehoerde.org\/fa\/\">\u0645\u0642\u0627\u0645\u0627\u062a \u0645\u0647\u0627\u062c\u0631\u062a \u062f\u0631 \u0622\u0644\u0645\u0627\u0646<\/a><\/li>\n<li><a href=\"https:\/\/auslaenderbehoerde.org\/fa\/\u06af\u0627\u0645-\u0647\u0627\u06cc-\u0627\u0648\u0644-\u062f\u0631-\u0622\u0644\u0645\u0627\u0646\/\" data-wpel-link=\"internal\">\u0627\u0648\u0644\u06cc\u0646 \u0642\u062f\u0645 \u0647\u0627 \u062f\u0631 \u0622\u0644\u0645\u0627\u0646<\/a><\/li>\n<\/ul>","protected":false},"excerpt":{"rendered":"<p>\u062f\u0631 \u0627\u06cc\u0646\u062c\u0627 \u0645\u06cc\u200c\u062a\u0648\u0627\u0646\u06cc\u062f \u06af\u0632\u06cc\u0646\u0647\u200c\u0647\u0627\u06cc \u0645\u062e\u062a\u0644\u0641 \u062a\u0645\u0627\u0633 \u0648 \u0633\u0627\u06cc\u0631 \u0627\u0637\u0644\u0627\u0639\u0627\u062a \u0645\u0641\u06cc\u062f \u0628\u0631\u0627\u06cc \u0627\u062f\u0627\u0631\u0647 \u0645\u0647\u0627\u062c\u0631\u062a \u062f\u0631 \u0646\u0648\u06cc\u0633\u062a\u0631\u0644\u06cc\u062a\u0632 - \u0645\u06a9\u0644\u0646\u0628\u0648\u0631\u06af-\u0641\u0648\u0631\u067e\u0648\u0645\u0631\u0646 \u0631\u0627 \u0628\u06cc\u0627\u0628\u06cc\u062f. \u0622\u062f\u0631\u0633: Mecklenburg-Strelitz District, Woldegker Chaussee 35, 17235 Neustrelitz \u062a\u0644\u0641\u0646: 03981 \/ 481-0 \u0641\u06a9\u0633: 03981 \/ 481-400 \u0627\u06cc\u0645\u06cc\u0644: khfritz@lra-mst.de \u0648\u0628\u200c\u0633\u0627\u06cc\u062a: www.lk-mecklenburgische-seenplatte.de \u0633\u0627\u0639\u0627\u062a \u06a9\u0627\u0631\u06cc: \u0628\u0647 \u0648\u0628\u200c\u0633\u0627\u06cc\u062a \u0645\u0631\u0627\u062c\u0639\u0647 \u06a9\u0646\u06cc\u062f \u0648\u0638\u0627\u06cc\u0641 \u0627\u062f\u0627\u0631\u0647 \u0645\u0647\u0627\u062c\u0631\u062a \u062f\u0631 \u0646\u0648\u06cc\u0633\u062a\u0631\u0644\u06cc\u062a\u0632 \u0627\u062f\u0627\u0631\u0647 \u0645\u0647\u0627\u062c\u0631\u062a \u062f\u0631 \u0646\u0648\u06cc\u0633\u062a\u0631\u0644\u06cc\u062a\u0632 \u0645\u0633\u0626\u0648\u0644 \u0633\u0627\u06a9\u0646\u0627\u0646 \u0646\u0648\u06cc\u0633\u062a\u0631\u0644\u06cc\u062a\u0632 \u0648...&nbsp;<a href=\"https:\/\/auslaenderbehoerde.org\/fa\/\u0627\u062f\u0627\u0631\u0647-\u0645\u0647\u0627\u062c\u0631\u062a-neustrelitz\/\" rel=\"bookmark\">\u0627\u062f\u0627\u0645\u0647 \u0645\u0637\u0644\u0628 \u00bb<span class=\"screen-reader-text\">\u0627\u062f\u0627\u0631\u0647 \u0645\u0647\u0627\u062c\u0631\u062a Neustrelitz<\/span><\/a><\/p>","protected":false},"author":1,"featured_media":65,"parent":0,"menu_order":0,"comment_status":"closed","ping_status":"closed","template":"","meta":{"neve_meta_sidebar":"","neve_meta_container":"","neve_meta_enable_content_width":"off","neve_meta_content_width":100,"neve_meta_title_alignment":"","neve_meta_author_avatar":"","neve_post_elements_order":"","neve_meta_disable_header":"","neve_meta_disable_footer":"","neve_meta_disable_title":"","neve_meta_reading_time":"","footnotes":""},"class_list":["post-1420","page","type-page","status-publish","has-post-thumbnail","hentry"],"yoast_head":"<!-- This site is optimized with the Yoast SEO plugin v26.6 - https:\/\/yoast.com\/wordpress\/plugins\/seo\/ -->\n<title>Ausl\u00e4nderbeh\u00f6rde Neustrelitz | Adresse und Kontaktdaten<\/title>\n<meta name=\"description\" content=\"Ausl\u00e4nderbeh\u00f6rde Neustrelitz | Hier finden Sie alle Informationen wie Adresse und Anschrift \u2713 Telefonnummer, Kontakt und \u00d6ffnungszeiten\" \/>\n<meta name=\"robots\" content=\"index, follow, max-snippet:-1, max-image-preview:large, max-video-preview:-1\" \/>\n<link rel=\"canonical\" href=\"https:\/\/auslaenderbehoerde.org\/fa\/\u0627\u062f\u0627\u0631\u0647-\u0645\u0647\u0627\u062c\u0631\u062a-neustrelitz\/\" \/>\n<meta property=\"og:locale\" content=\"en_US\" \/>\n<meta property=\"og:type\" content=\"article\" \/>\n<meta property=\"og:title\" content=\"Ausl\u00e4nderbeh\u00f6rde Neustrelitz | Adresse und Kontaktdaten\" \/>\n<meta property=\"og:description\" content=\"Ausl\u00e4nderbeh\u00f6rde Neustrelitz | Hier finden Sie alle Informationen wie Adresse und Anschrift \u2713 Telefonnummer, Kontakt und \u00d6ffnungszeiten\" \/>\n<meta property=\"og:url\" content=\"https:\/\/auslaenderbehoerde.org\/fa\/\u0627\u062f\u0627\u0631\u0647-\u0645\u0647\u0627\u062c\u0631\u062a-neustrelitz\/\" \/>\n<meta property=\"og:site_name\" content=\"auslaenderbehoerde.org\" \/>\n<meta property=\"og:image\" content=\"https:\/\/auslaenderbehoerde.org\/wp-content\/uploads\/2022\/06\/Ausla\u0308nderbeho\u0308rde-scaled-e1656327377843.jpeg\" \/>\n\t<meta property=\"og:image:width\" content=\"900\" \/>\n\t<meta property=\"og:image:height\" content=\"675\" \/>\n\t<meta property=\"og:image:type\" content=\"image\/jpeg\" \/>\n<meta name=\"twitter:card\" content=\"summary_large_image\" \/>\n<meta name=\"twitter:label1\" content=\"Est. reading time\" \/>\n\t<meta name=\"twitter:data1\" content=\"2 \u062f\u0642\u06cc\u0642\u0647\" \/>\n<script type=\"application\/ld+json\" class=\"yoast-schema-graph\">{\"@context\":\"https:\/\/schema.org\",\"@graph\":[{\"@type\":\"WebPage\",\"@id\":\"https:\/\/auslaenderbehoerde.org\/auslaenderbehoerde-neustrelitz\/\",\"url\":\"https:\/\/auslaenderbehoerde.org\/auslaenderbehoerde-neustrelitz\/\",\"name\":\"Ausl\u00e4nderbeh\u00f6rde Neustrelitz | Adresse und Kontaktdaten\",\"isPartOf\":{\"@id\":\"https:\/\/auslaenderbehoerde.org\/#website\"},\"primaryImageOfPage\":{\"@id\":\"https:\/\/auslaenderbehoerde.org\/auslaenderbehoerde-neustrelitz\/#primaryimage\"},\"image\":{\"@id\":\"https:\/\/auslaenderbehoerde.org\/auslaenderbehoerde-neustrelitz\/#primaryimage\"},\"thumbnailUrl\":\"https:\/\/auslaenderbehoerde.org\/wp-content\/uploads\/2022\/06\/Ausla\u0308nderbeho\u0308rde-scaled-e1656327377843.jpeg\",\"datePublished\":\"2022-07-15T09:33:22+00:00\",\"description\":\"Ausl\u00e4nderbeh\u00f6rde Neustrelitz | Hier finden Sie alle Informationen wie Adresse und Anschrift \u2713 Telefonnummer, Kontakt und \u00d6ffnungszeiten\",\"breadcrumb\":{\"@id\":\"https:\/\/auslaenderbehoerde.org\/auslaenderbehoerde-neustrelitz\/#breadcrumb\"},\"inLanguage\":\"fa-AF\",\"potentialAction\":[{\"@type\":\"ReadAction\",\"target\":[\"https:\/\/auslaenderbehoerde.org\/auslaenderbehoerde-neustrelitz\/\"]}]},{\"@type\":\"ImageObject\",\"inLanguage\":\"fa-AF\",\"@id\":\"https:\/\/auslaenderbehoerde.org\/auslaenderbehoerde-neustrelitz\/#primaryimage\",\"url\":\"https:\/\/auslaenderbehoerde.org\/wp-content\/uploads\/2022\/06\/Ausla\u0308nderbeho\u0308rde-scaled-e1656327377843.jpeg\",\"contentUrl\":\"https:\/\/auslaenderbehoerde.org\/wp-content\/uploads\/2022\/06\/Ausla\u0308nderbeho\u0308rde-scaled-e1656327377843.jpeg\",\"width\":900,\"height\":675,\"caption\":\"Ausl\u00e4nderbeh\u00f6rde\"},{\"@type\":\"BreadcrumbList\",\"@id\":\"https:\/\/auslaenderbehoerde.org\/auslaenderbehoerde-neustrelitz\/#breadcrumb\",\"itemListElement\":[{\"@type\":\"ListItem\",\"position\":1,\"name\":\"Startseite\",\"item\":\"https:\/\/auslaenderbehoerde.org\/\"},{\"@type\":\"ListItem\",\"position\":2,\"name\":\"Ausl\u00e4nderbeh\u00f6rde Neustrelitz\"}]},{\"@type\":\"WebSite\",\"@id\":\"https:\/\/auslaenderbehoerde.org\/#website\",\"url\":\"https:\/\/auslaenderbehoerde.org\/\",\"name\":\"auslaenderbehoerde.org\",\"description\":\"\",\"potentialAction\":[{\"@type\":\"SearchAction\",\"target\":{\"@type\":\"EntryPoint\",\"urlTemplate\":\"https:\/\/auslaenderbehoerde.org\/?s={search_term_string}\"},\"query-input\":{\"@type\":\"PropertyValueSpecification\",\"valueRequired\":true,\"valueName\":\"search_term_string\"}}],\"inLanguage\":\"fa-AF\"}]}<\/script>\n<!-- \/ Yoast SEO plugin. -->","yoast_head_json":{"title":"\u0627\u062f\u0627\u0631\u0647 \u0645\u0647\u0627\u062c\u0631\u062a Neustrelitz | \u0622\u062f\u0631\u0633 \u0648 \u0645\u0634\u062e\u0635\u0627\u062a \u062a\u0645\u0627\u0633","description":"\u0627\u062f\u0627\u0631\u0647 \u0645\u0647\u0627\u062c\u0631\u062a \u0646\u0648\u0633\u062a\u0631\u0644\u06cc\u062a\u0632 | \u062f\u0631 \u0627\u06cc\u0646\u062c\u0627 \u062a\u0645\u0627\u0645 \u0627\u0637\u0644\u0627\u0639\u0627\u062a\u06cc \u0645\u0627\u0646\u0646\u062f \u0622\u062f\u0631\u0633 \u0648 \u0622\u062f\u0631\u0633 \u2713 \u0634\u0645\u0627\u0631\u0647 \u062a\u0644\u0641\u0646\u060c \u062a\u0645\u0627\u0633 \u0648 \u0632\u0645\u0627\u0646 \u0627\u0641\u062a\u062a\u0627\u062d \u0631\u0627 \u062e\u0648\u0627\u0647\u06cc\u062f \u06cc\u0627\u0641\u062a","robots":{"index":"index","follow":"follow","max-snippet":"max-snippet:-1","max-image-preview":"max-image-preview:large","max-video-preview":"max-video-preview:-1"},"canonical":"https:\/\/auslaenderbehoerde.org\/fa\/\u0627\u062f\u0627\u0631\u0647-\u0645\u0647\u0627\u062c\u0631\u062a-neustrelitz\/","og_locale":"en_US","og_type":"article","og_title":"Ausl\u00e4nderbeh\u00f6rde Neustrelitz | Adresse und Kontaktdaten","og_description":"Ausl\u00e4nderbeh\u00f6rde Neustrelitz | Hier finden Sie alle Informationen wie Adresse und Anschrift \u2713 Telefonnummer, Kontakt und \u00d6ffnungszeiten","og_url":"https:\/\/auslaenderbehoerde.org\/fa\/\u0627\u062f\u0627\u0631\u0647-\u0645\u0647\u0627\u062c\u0631\u062a-neustrelitz\/","og_site_name":"auslaenderbehoerde.org","og_image":[{"width":900,"height":675,"url":"https:\/\/auslaenderbehoerde.org\/wp-content\/uploads\/2022\/06\/Ausla\u0308nderbeho\u0308rde-scaled-e1656327377843.jpeg","type":"image\/jpeg"}],"twitter_card":"summary_large_image","twitter_misc":{"Est. reading time":"2 \u062f\u0642\u06cc\u0642\u0647"},"schema":{"@context":"https:\/\/schema.org","@graph":[{"@type":"WebPage","@id":"https:\/\/auslaenderbehoerde.org\/auslaenderbehoerde-neustrelitz\/","url":"https:\/\/auslaenderbehoerde.org\/auslaenderbehoerde-neustrelitz\/","name":"\u0627\u062f\u0627\u0631\u0647 \u0645\u0647\u0627\u062c\u0631\u062a Neustrelitz | \u0622\u062f\u0631\u0633 \u0648 \u0645\u0634\u062e\u0635\u0627\u062a \u062a\u0645\u0627\u0633","isPartOf":{"@id":"https:\/\/auslaenderbehoerde.org\/#website"},"primaryImageOfPage":{"@id":"https:\/\/auslaenderbehoerde.org\/auslaenderbehoerde-neustrelitz\/#primaryimage"},"image":{"@id":"https:\/\/auslaenderbehoerde.org\/auslaenderbehoerde-neustrelitz\/#primaryimage"},"thumbnailUrl":"https:\/\/auslaenderbehoerde.org\/wp-content\/uploads\/2022\/06\/Ausla\u0308nderbeho\u0308rde-scaled-e1656327377843.jpeg","datePublished":"2022-07-15T09:33:22+00:00","description":"\u0627\u062f\u0627\u0631\u0647 \u0645\u0647\u0627\u062c\u0631\u062a \u0646\u0648\u0633\u062a\u0631\u0644\u06cc\u062a\u0632 | \u062f\u0631 \u0627\u06cc\u0646\u062c\u0627 \u062a\u0645\u0627\u0645 \u0627\u0637\u0644\u0627\u0639\u0627\u062a\u06cc \u0645\u0627\u0646\u0646\u062f \u0622\u062f\u0631\u0633 \u0648 \u0622\u062f\u0631\u0633 \u2713 \u0634\u0645\u0627\u0631\u0647 \u062a\u0644\u0641\u0646\u060c \u062a\u0645\u0627\u0633 \u0648 \u0632\u0645\u0627\u0646 \u0627\u0641\u062a\u062a\u0627\u062d \u0631\u0627 \u062e\u0648\u0627\u0647\u06cc\u062f \u06cc\u0627\u0641\u062a","breadcrumb":{"@id":"https:\/\/auslaenderbehoerde.org\/auslaenderbehoerde-neustrelitz\/#breadcrumb"},"inLanguage":"fa-AF","potentialAction":[{"@type":"ReadAction","target":["https:\/\/auslaenderbehoerde.org\/auslaenderbehoerde-neustrelitz\/"]}]},{"@type":"ImageObject","inLanguage":"fa-AF","@id":"https:\/\/auslaenderbehoerde.org\/auslaenderbehoerde-neustrelitz\/#primaryimage","url":"https:\/\/auslaenderbehoerde.org\/wp-content\/uploads\/2022\/06\/Ausla\u0308nderbeho\u0308rde-scaled-e1656327377843.jpeg","contentUrl":"https:\/\/auslaenderbehoerde.org\/wp-content\/uploads\/2022\/06\/Ausla\u0308nderbeho\u0308rde-scaled-e1656327377843.jpeg","width":900,"height":675,"caption":"Ausl\u00e4nderbeh\u00f6rde"},{"@type":"BreadcrumbList","@id":"https:\/\/auslaenderbehoerde.org\/auslaenderbehoerde-neustrelitz\/#breadcrumb","itemListElement":[{"@type":"ListItem","position":1,"name":"Startseite","item":"https:\/\/auslaenderbehoerde.org\/"},{"@type":"ListItem","position":2,"name":"Ausl\u00e4nderbeh\u00f6rde Neustrelitz"}]},{"@type":"WebSite","@id":"https:\/\/auslaenderbehoerde.org\/#website","url":"https:\/\/auslaenderbehoerde.org\/","name":"auslaenderbehoerde.org","description":"","potentialAction":[{"@type":"SearchAction","target":{"@type":"EntryPoint","urlTemplate":"https:\/\/auslaenderbehoerde.org\/?s={search_term_string}"},"query-input":{"@type":"PropertyValueSpecification","valueRequired":true,"valueName":"search_term_string"}}],"inLanguage":"fa-AF"}]}},"_links":{"self":[{"href":"https:\/\/auslaenderbehoerde.org\/fa\/wp-json\/wp\/v2\/pages\/1420","targetHints":{"allow":["GET"]}}],"collection":[{"href":"https:\/\/auslaenderbehoerde.org\/fa\/wp-json\/wp\/v2\/pages"}],"about":[{"href":"https:\/\/auslaenderbehoerde.org\/fa\/wp-json\/wp\/v2\/types\/page"}],"author":[{"embeddable":true,"href":"https:\/\/auslaenderbehoerde.org\/fa\/wp-json\/wp\/v2\/users\/1"}],"replies":[{"embeddable":true,"href":"https:\/\/auslaenderbehoerde.org\/fa\/wp-json\/wp\/v2\/comments?post=1420"}],"version-history":[{"count":1,"href":"https:\/\/auslaenderbehoerde.org\/fa\/wp-json\/wp\/v2\/pages\/1420\/revisions"}],"predecessor-version":[{"id":1421,"href":"https:\/\/auslaenderbehoerde.org\/fa\/wp-json\/wp\/v2\/pages\/1420\/revisions\/1421"}],"wp:featuredmedia":[{"embeddable":true,"href":"https:\/\/auslaenderbehoerde.org\/fa\/wp-json\/wp\/v2\/media\/65"}],"wp:attachment":[{"href":"https:\/\/auslaenderbehoerde.org\/fa\/wp-json\/wp\/v2\/media?parent=1420"}],"curies":[{"name":"\u0648\u0631\u062f\u067e\u0631\u0633","href":"https:\/\/api.w.org\/{rel}","templated":true}]}}