{"id":143,"date":"2022-06-28T14:11:47","date_gmt":"2022-06-28T12:11:47","guid":{"rendered":"https:\/\/auslaenderbehoerde.org\/?page_id=143"},"modified":"2022-07-07T16:49:29","modified_gmt":"2022-07-07T14:49:29","slug":"reiseversicherung-fuer-auslaendische-gaeste","status":"publish","type":"page","link":"https:\/\/auslaenderbehoerde.org\/fr\/assurance-voyage-pour-visiteurs-etrangers\/","title":{"rendered":"Assurance voyage pour les invit\u00e9s \u00e9trangers"},"content":{"rendered":"<p><img decoding=\"async\" class=\"aligncenter wp-image-218 size-full\" src=\"https:\/\/auslaenderbehoerde.org\/wp-content\/uploads\/2022\/07\/insurance-gaed63b78b_640.jpg\" alt=\"Assurance voyage pour les invit\u00e9s \u00e9trangers\" width=\"640\" height=\"450\" srcset=\"https:\/\/auslaenderbehoerde.org\/wp-content\/uploads\/2022\/07\/insurance-gaed63b78b_640.jpg 640w, https:\/\/auslaenderbehoerde.org\/wp-content\/uploads\/2022\/07\/insurance-gaed63b78b_640-300x211.jpg 300w\" sizes=\"(max-width: 640px) 100vw, 640px\" \/><\/p>\n<p><strong>Invit\u00e9s \u00e9trangers<\/strong>qui sont invit\u00e9s en Allemagne par des parents ou des connaissances pour une longue p\u00e9riode doivent \u00eatre assur\u00e9s tous risques. Afin qu&#039;il n&#039;y ait pas de pr\u00e9judice financier pour le pays h\u00f4te et les h\u00f4tes, un <strong>d\u00e9claration d&#039;engagement<\/strong> n&#039;\u00eates pas submerg\u00e9 financi\u00e8rement, vous avez besoin d&#039;une assurance voyage pour les invit\u00e9s \u00e9trangers. Notre recommandation - <a href=\"https:\/\/www.awin1.com\/cread.php?awinmid=20468&amp;awinaffid=384383&amp;ued=https%3A%2F%2Fwww.allianz-reiseversicherung.de%2Fde_DE%2Fincoming-krankenversicherung.html\" target=\"_blank\" rel=\"noopener\">Assurance sant\u00e9 entrante Allianz<\/a>* \u2013 Pour les visiteurs \u00e9trangers.<\/p>\n<h2>Qu&#039;est-ce que l&#039;assurance voyage pour les invit\u00e9s \u00e9trangers ou l&#039;assurance entrante ?<\/h2>\n<p>D\u00e8s que des invit\u00e9s ou des visiteurs se rendent dans l&#039;UE, les pays Schengen (Suisse \/ Liechtenstein), explicitement l&#039;Allemagne et un <a href=\"https:\/\/auslaenderbehoerde.org\/fr\/declaration-dengagement\/\">d\u00e9claration d&#039;engagement<\/a> existe, ils ont \u00e9galement besoin d&#039;une couverture d&#039;assurance compl\u00e8te. Non seulement vous avez besoin d&#039;une assurance maladie, mais vous avez \u00e9galement besoin d&#039;une assurance accident et responsabilit\u00e9 civile. C&#039;est le seul moyen d&#039;\u00e9viter des co\u00fbts importants et des r\u00e9clamations financi\u00e8res de la part de tiers.<\/p>\n<p>L&#039;assurance voyage pour les invit\u00e9s \u00e9trangers est relativement bon march\u00e9. Selon l&#039;offre et la mesure dans laquelle les frais sont couverts, l&#039;assurance ne co\u00fbte qu&#039;environ 1 euro par personne et par jour. Les frais m\u00e9dicaux encourus apr\u00e8s un accident ou une maladie en Allemagne et dans tous les autres pays de l&#039;UE, y compris la Suisse et le Liechtenstein, sont couverts par la compagnie d&#039;assurance. Un document prouvant la conclusion d&#039;une police d&#039;assurance entrante doit \u00eatre pertinent avec tous les autres documents <a href=\"https:\/\/auslaenderbehoerde.org\/fr\/\">Autorit\u00e9 des \u00e9trangers<\/a> \u00eatre soumis.<\/p>\n<h2>Quels services sont inclus dans l&#039;assurance entrante ?<\/h2>\n<p>Toutes les d\u00e9penses couvertes par l&#039;assurance voyage pour les invit\u00e9s \u00e9trangers doivent \u00eatre document\u00e9es et document\u00e9es. Les prestations suivantes sont assur\u00e9es dans le domaine des maladies et des accidents :<\/p>\n<ul style=\"list-style-type: circle;\">\n<li>Traitement ambulatoire dans les cabinets m\u00e9dicaux<\/li>\n<li>Transport en ambulance jusqu&#039;\u00e0 l&#039;h\u00f4pital le plus proche (et retour si aucune hospitalisation n&#039;a lieu)<\/li>\n<li>traitement hospitalier en hospitalisation sans services optionnels<\/li>\n<li>Traitement post-hospitalier<\/li>\n<li>obturations dentaires simples et traitements dentaires anti-douleur<\/li>\n<li>les proth\u00e8ses existantes peuvent \u00eatre r\u00e9par\u00e9es<\/li>\n<li>Transport aller-retour m\u00e9dicalement ordonn\u00e9 vers le pays d&#039;origine<\/li>\n<li>en cas de d\u00e9c\u00e8s, le transfert y compris les frais fun\u00e9raires sera pris en charge par l&#039;assurance jusqu&#039;\u00e0 un plafond convenu<\/li>\n<\/ul>\n<p>Le co\u00fbt de l&#039;assurance entrante peut varier car il existe diff\u00e9rents fournisseurs parmi lesquels choisir. Une franchise par cas de traitement n&#039;est pas exclue et est contractuellement confirm\u00e9e et garantie lors de la conclusion du contrat. L&#039;assurance voyage pour les h\u00f4tes \u00e9trangers ne peut \u00eatre souscrite que jusqu&#039;\u00e0 un certain \u00e2ge.<\/p>\n<p>Lors de la demande de couverture d&#039;assurance, un certificat d&#039;assurance est d\u00e9livr\u00e9 par la compagnie d&#039;assurance respective, qui est soumis aux autorit\u00e9s d&#039;immigration et joint aux documents personnels pour la demande de visa. En plus de l&#039;assurance maladie, l&#039;assurance responsabilit\u00e9 civile et accident est incluse dans l&#039;assurance. Il vaut la peine de comparer les offres de diff\u00e9rentes compagnies d&#039;assurance.<\/p>\n<p>Le montant de la prime d&#039;assurance peut varier en fonction de l&#039;\u00e2ge et des conditions pr\u00e9existantes. Afin que l&#039;assurance entrante soit souscrite avec le moins de risque possible pour l&#039;assureur, les maladies ant\u00e9rieures et autres informations personnelles doivent \u00eatre indiqu\u00e9es dans la demande. Les traitements plus \u00e9tendus sont g\u00e9n\u00e9ralement exclus dans le domaine des conditions pr\u00e9existantes. L&#039;assurance entrante est une solide assurance maladie, accident et responsabilit\u00e9 civile qui couvre les pires risques. Cependant, le traitement m\u00e9dical intensif des maladies existantes est exclu.<\/p>\n<p>L&#039;assurance entrante est un <strong>Assurance priv\u00e9e<\/strong>, qui doit \u00eatre compl\u00e9t\u00e9 en priv\u00e9. Les statuts peuvent \u00eatre r\u00e9dig\u00e9s diff\u00e9remment, mais correspondent aux exigences et aux sp\u00e9cifications des autorit\u00e9s de l&#039;immigration. Si vous n&#039;\u00eates pas s\u00fbr que le fournisseur s\u00e9lectionn\u00e9 d&#039;une assurance entrante soit le bon choix, vous devez vous renseigner \u00e0 nouveau aupr\u00e8s de votre autorit\u00e9 comp\u00e9tente pour les \u00e9trangers avant de souscrire l&#039;assurance. Si la r\u00e9ponse est positive, vous pouvez souscrire l&#039;assurance entrante de votre choix en toute bonne conscience.<\/p>\n<div class=\"su-button-center\"><a href=\"https:\/\/tidd.ly\/3P5FWJs\" class=\"su-button su-button-style-default\" style=\"color:#FFFFFF;background-color:#ef982d;border-color:#c07a24;border-radius:9px\" target=\"_blank\" rel=\"nofollow\"><span style=\"color:#FFFFFF;padding:8px 24px;font-size:18px;line-height:27px;border-color:#f4b76c;border-radius:9px;text-shadow:none\"><i class=\"sui sui-hand-o-right\" style=\"font-size:18px;color:#FFFFFF\"><\/i> Assurance maladie entrante Allianz *<\/span><\/a><\/div>\n<h3 id=\"customheading6\"><strong>Liens connexes\u00a0<\/strong><\/h3>\n<ul>\n<li><a href=\"https:\/\/auslaenderbehoerde.org\/fr\/premiers-pas-en-allemagne\/\" data-wpel-link=\"internal\">Premiers pas en Allemagne<\/a><\/li>\n<\/ul>","protected":false},"excerpt":{"rendered":"<p>Les h\u00f4tes \u00e9trangers invit\u00e9s en Allemagne par des parents ou des connaissances pour une p\u00e9riode plus longue doivent \u00eatre assur\u00e9s tous risques. Pour garantir que le pays d&#039;accueil ne subit aucun pr\u00e9judice financier et que les invit\u00e9s qui ont soumis une d\u00e9claration d&#039;engagement ne soient pas submerg\u00e9s financi\u00e8rement, vous avez besoin d&#039;une assurance voyage pour les invit\u00e9s \u00e9trangers. Notre recommandation \u2013 Assurance maladie Allianz R\u00e9ceptif* \u2013 Pour les visiteurs\u2026&nbsp;<a href=\"https:\/\/auslaenderbehoerde.org\/fr\/assurance-voyage-pour-visiteurs-etrangers\/\" rel=\"bookmark\">En savoir plus &quot;<span class=\"screen-reader-text\">Assurance voyage pour les invit\u00e9s \u00e9trangers<\/span><\/a><\/p>","protected":false},"author":1,"featured_media":218,"parent":0,"menu_order":0,"comment_status":"closed","ping_status":"closed","template":"","meta":{"neve_meta_sidebar":"","neve_meta_container":"","neve_meta_enable_content_width":"off","neve_meta_content_width":100,"neve_meta_title_alignment":"","neve_meta_author_avatar":"","neve_post_elements_order":"","neve_meta_disable_header":"","neve_meta_disable_footer":"","neve_meta_disable_title":"","neve_meta_reading_time":"","footnotes":""},"class_list":["post-143","page","type-page","status-publish","has-post-thumbnail","hentry"],"yoast_head":"<!-- This site is optimized with the Yoast SEO plugin v26.6 - https:\/\/yoast.com\/wordpress\/plugins\/seo\/ -->\n<title>Reiseversicherung f\u00fcr ausl\u00e4ndische G\u00e4ste - Auslaenderbehoerde.org<\/title>\n<meta name=\"description\" content=\"Eine Reiseversicherung f\u00fcr ausl\u00e4ndische G\u00e4ste sch\u00fctzt Sie vor hohen Kosten w\u00e4hrend Ihres Aufenthaltes in Deutschland.\" \/>\n<meta name=\"robots\" content=\"index, follow, max-snippet:-1, max-image-preview:large, max-video-preview:-1\" \/>\n<link rel=\"canonical\" href=\"https:\/\/auslaenderbehoerde.org\/fr\/assurance-voyage-pour-visiteurs-etrangers\/\" \/>\n<meta property=\"og:locale\" content=\"fr_FR\" \/>\n<meta property=\"og:type\" content=\"article\" \/>\n<meta property=\"og:title\" content=\"Reiseversicherung f\u00fcr ausl\u00e4ndische G\u00e4ste - Auslaenderbehoerde.org\" \/>\n<meta property=\"og:description\" content=\"Eine Reiseversicherung f\u00fcr ausl\u00e4ndische G\u00e4ste sch\u00fctzt Sie vor hohen Kosten w\u00e4hrend Ihres Aufenthaltes in Deutschland.\" \/>\n<meta property=\"og:url\" content=\"https:\/\/auslaenderbehoerde.org\/fr\/assurance-voyage-pour-visiteurs-etrangers\/\" \/>\n<meta property=\"og:site_name\" content=\"auslaenderbehoerde.org\" \/>\n<meta property=\"article:modified_time\" content=\"2022-07-07T14:49:29+00:00\" \/>\n<meta property=\"og:image\" content=\"https:\/\/auslaenderbehoerde.org\/wp-content\/uploads\/2022\/07\/insurance-gaed63b78b_640.jpg\" \/>\n\t<meta property=\"og:image:width\" content=\"640\" \/>\n\t<meta property=\"og:image:height\" content=\"450\" \/>\n\t<meta property=\"og:image:type\" content=\"image\/jpeg\" \/>\n<meta name=\"twitter:card\" content=\"summary_large_image\" \/>\n<meta name=\"twitter:label1\" content=\"Dur\u00e9e de lecture estim\u00e9e\" \/>\n\t<meta name=\"twitter:data1\" content=\"3 minutes\" \/>\n<script type=\"application\/ld+json\" class=\"yoast-schema-graph\">{\"@context\":\"https:\/\/schema.org\",\"@graph\":[{\"@type\":\"WebPage\",\"@id\":\"https:\/\/auslaenderbehoerde.org\/reiseversicherung-fuer-auslaendische-gaeste\/\",\"url\":\"https:\/\/auslaenderbehoerde.org\/reiseversicherung-fuer-auslaendische-gaeste\/\",\"name\":\"Reiseversicherung f\u00fcr ausl\u00e4ndische G\u00e4ste - Auslaenderbehoerde.org\",\"isPartOf\":{\"@id\":\"https:\/\/auslaenderbehoerde.org\/#website\"},\"primaryImageOfPage\":{\"@id\":\"https:\/\/auslaenderbehoerde.org\/reiseversicherung-fuer-auslaendische-gaeste\/#primaryimage\"},\"image\":{\"@id\":\"https:\/\/auslaenderbehoerde.org\/reiseversicherung-fuer-auslaendische-gaeste\/#primaryimage\"},\"thumbnailUrl\":\"https:\/\/auslaenderbehoerde.org\/wp-content\/uploads\/2022\/07\/insurance-gaed63b78b_640.jpg\",\"datePublished\":\"2022-06-28T12:11:47+00:00\",\"dateModified\":\"2022-07-07T14:49:29+00:00\",\"description\":\"Eine Reiseversicherung f\u00fcr ausl\u00e4ndische G\u00e4ste sch\u00fctzt Sie vor hohen Kosten w\u00e4hrend Ihres Aufenthaltes in Deutschland.\",\"breadcrumb\":{\"@id\":\"https:\/\/auslaenderbehoerde.org\/reiseversicherung-fuer-auslaendische-gaeste\/#breadcrumb\"},\"inLanguage\":\"fr-FR\",\"potentialAction\":[{\"@type\":\"ReadAction\",\"target\":[\"https:\/\/auslaenderbehoerde.org\/reiseversicherung-fuer-auslaendische-gaeste\/\"]}]},{\"@type\":\"ImageObject\",\"inLanguage\":\"fr-FR\",\"@id\":\"https:\/\/auslaenderbehoerde.org\/reiseversicherung-fuer-auslaendische-gaeste\/#primaryimage\",\"url\":\"https:\/\/auslaenderbehoerde.org\/wp-content\/uploads\/2022\/07\/insurance-gaed63b78b_640.jpg\",\"contentUrl\":\"https:\/\/auslaenderbehoerde.org\/wp-content\/uploads\/2022\/07\/insurance-gaed63b78b_640.jpg\",\"width\":640,\"height\":450,\"caption\":\"Reiseversicherung f\u00fcr ausl\u00e4ndische G\u00e4ste\"},{\"@type\":\"BreadcrumbList\",\"@id\":\"https:\/\/auslaenderbehoerde.org\/reiseversicherung-fuer-auslaendische-gaeste\/#breadcrumb\",\"itemListElement\":[{\"@type\":\"ListItem\",\"position\":1,\"name\":\"Startseite\",\"item\":\"https:\/\/auslaenderbehoerde.org\/\"},{\"@type\":\"ListItem\",\"position\":2,\"name\":\"Reiseversicherung f\u00fcr ausl\u00e4ndische G\u00e4ste\"}]},{\"@type\":\"WebSite\",\"@id\":\"https:\/\/auslaenderbehoerde.org\/#website\",\"url\":\"https:\/\/auslaenderbehoerde.org\/\",\"name\":\"auslaenderbehoerde.org\",\"description\":\"\",\"potentialAction\":[{\"@type\":\"SearchAction\",\"target\":{\"@type\":\"EntryPoint\",\"urlTemplate\":\"https:\/\/auslaenderbehoerde.org\/?s={search_term_string}\"},\"query-input\":{\"@type\":\"PropertyValueSpecification\",\"valueRequired\":true,\"valueName\":\"search_term_string\"}}],\"inLanguage\":\"fr-FR\"}]}<\/script>\n<!-- \/ Yoast SEO plugin. -->","yoast_head_json":{"title":"Assurance voyage pour les h\u00f4tes \u00e9trangers - Auslaenderbehoerde.org","description":"L&#039;assurance voyage pour les h\u00f4tes \u00e9trangers vous prot\u00e8ge contre les co\u00fbts \u00e9lev\u00e9s pendant votre s\u00e9jour en Allemagne.","robots":{"index":"index","follow":"follow","max-snippet":"max-snippet:-1","max-image-preview":"max-image-preview:large","max-video-preview":"max-video-preview:-1"},"canonical":"https:\/\/auslaenderbehoerde.org\/fr\/assurance-voyage-pour-visiteurs-etrangers\/","og_locale":"fr_FR","og_type":"article","og_title":"Reiseversicherung f\u00fcr ausl\u00e4ndische G\u00e4ste - Auslaenderbehoerde.org","og_description":"Eine Reiseversicherung f\u00fcr ausl\u00e4ndische G\u00e4ste sch\u00fctzt Sie vor hohen Kosten w\u00e4hrend Ihres Aufenthaltes in Deutschland.","og_url":"https:\/\/auslaenderbehoerde.org\/fr\/assurance-voyage-pour-visiteurs-etrangers\/","og_site_name":"auslaenderbehoerde.org","article_modified_time":"2022-07-07T14:49:29+00:00","og_image":[{"width":640,"height":450,"url":"https:\/\/auslaenderbehoerde.org\/wp-content\/uploads\/2022\/07\/insurance-gaed63b78b_640.jpg","type":"image\/jpeg"}],"twitter_card":"summary_large_image","twitter_misc":{"Dur\u00e9e de lecture estim\u00e9e":"3 minutes"},"schema":{"@context":"https:\/\/schema.org","@graph":[{"@type":"WebPage","@id":"https:\/\/auslaenderbehoerde.org\/reiseversicherung-fuer-auslaendische-gaeste\/","url":"https:\/\/auslaenderbehoerde.org\/reiseversicherung-fuer-auslaendische-gaeste\/","name":"Assurance voyage pour les h\u00f4tes \u00e9trangers - Auslaenderbehoerde.org","isPartOf":{"@id":"https:\/\/auslaenderbehoerde.org\/#website"},"primaryImageOfPage":{"@id":"https:\/\/auslaenderbehoerde.org\/reiseversicherung-fuer-auslaendische-gaeste\/#primaryimage"},"image":{"@id":"https:\/\/auslaenderbehoerde.org\/reiseversicherung-fuer-auslaendische-gaeste\/#primaryimage"},"thumbnailUrl":"https:\/\/auslaenderbehoerde.org\/wp-content\/uploads\/2022\/07\/insurance-gaed63b78b_640.jpg","datePublished":"2022-06-28T12:11:47+00:00","dateModified":"2022-07-07T14:49:29+00:00","description":"L&#039;assurance voyage pour les h\u00f4tes \u00e9trangers vous prot\u00e8ge contre les co\u00fbts \u00e9lev\u00e9s pendant votre s\u00e9jour en Allemagne.","breadcrumb":{"@id":"https:\/\/auslaenderbehoerde.org\/reiseversicherung-fuer-auslaendische-gaeste\/#breadcrumb"},"inLanguage":"fr-FR","potentialAction":[{"@type":"ReadAction","target":["https:\/\/auslaenderbehoerde.org\/reiseversicherung-fuer-auslaendische-gaeste\/"]}]},{"@type":"ImageObject","inLanguage":"fr-FR","@id":"https:\/\/auslaenderbehoerde.org\/reiseversicherung-fuer-auslaendische-gaeste\/#primaryimage","url":"https:\/\/auslaenderbehoerde.org\/wp-content\/uploads\/2022\/07\/insurance-gaed63b78b_640.jpg","contentUrl":"https:\/\/auslaenderbehoerde.org\/wp-content\/uploads\/2022\/07\/insurance-gaed63b78b_640.jpg","width":640,"height":450,"caption":"Reiseversicherung f\u00fcr ausl\u00e4ndische G\u00e4ste"},{"@type":"BreadcrumbList","@id":"https:\/\/auslaenderbehoerde.org\/reiseversicherung-fuer-auslaendische-gaeste\/#breadcrumb","itemListElement":[{"@type":"ListItem","position":1,"name":"Startseite","item":"https:\/\/auslaenderbehoerde.org\/"},{"@type":"ListItem","position":2,"name":"Reiseversicherung f\u00fcr ausl\u00e4ndische G\u00e4ste"}]},{"@type":"WebSite","@id":"https:\/\/auslaenderbehoerde.org\/#website","url":"https:\/\/auslaenderbehoerde.org\/","name":"auslaenderbehoerde.org","description":"","potentialAction":[{"@type":"SearchAction","target":{"@type":"EntryPoint","urlTemplate":"https:\/\/auslaenderbehoerde.org\/?s={search_term_string}"},"query-input":{"@type":"PropertyValueSpecification","valueRequired":true,"valueName":"search_term_string"}}],"inLanguage":"fr-FR"}]}},"_links":{"self":[{"href":"https:\/\/auslaenderbehoerde.org\/fr\/wp-json\/wp\/v2\/pages\/143","targetHints":{"allow":["GET"]}}],"collection":[{"href":"https:\/\/auslaenderbehoerde.org\/fr\/wp-json\/wp\/v2\/pages"}],"about":[{"href":"https:\/\/auslaenderbehoerde.org\/fr\/wp-json\/wp\/v2\/types\/page"}],"author":[{"embeddable":true,"href":"https:\/\/auslaenderbehoerde.org\/fr\/wp-json\/wp\/v2\/users\/1"}],"replies":[{"embeddable":true,"href":"https:\/\/auslaenderbehoerde.org\/fr\/wp-json\/wp\/v2\/comments?post=143"}],"version-history":[{"count":10,"href":"https:\/\/auslaenderbehoerde.org\/fr\/wp-json\/wp\/v2\/pages\/143\/revisions"}],"predecessor-version":[{"id":666,"href":"https:\/\/auslaenderbehoerde.org\/fr\/wp-json\/wp\/v2\/pages\/143\/revisions\/666"}],"wp:featuredmedia":[{"embeddable":true,"href":"https:\/\/auslaenderbehoerde.org\/fr\/wp-json\/wp\/v2\/media\/218"}],"wp:attachment":[{"href":"https:\/\/auslaenderbehoerde.org\/fr\/wp-json\/wp\/v2\/media?parent=143"}],"curies":[{"name":"wp","href":"https:\/\/api.w.org\/{rel}","templated":true}]}}