{"id":147,"date":"2022-06-28T14:13:15","date_gmt":"2022-06-28T12:13:15","guid":{"rendered":"https:\/\/auslaenderbehoerde.org\/?page_id=147"},"modified":"2022-07-15T15:18:57","modified_gmt":"2022-07-15T13:18:57","slug":"aufenthaltstitel","status":"publish","type":"page","link":"https:\/\/auslaenderbehoerde.org\/fr\/permis-de-residence-2\/","title":{"rendered":"permis de r\u00e9sidence"},"content":{"rendered":"<p><img decoding=\"async\" class=\"wp-image-155 size-full aligncenter\" src=\"https:\/\/auslaenderbehoerde.org\/wp-content\/uploads\/2022\/06\/Zwischen\u00fcberschrift-hinzuf\u00fcgen-3.png\" alt=\"permis de r\u00e9sidence\" width=\"600\" height=\"400\" srcset=\"https:\/\/auslaenderbehoerde.org\/wp-content\/uploads\/2022\/06\/Zwischenu\u0308berschrift-hinzufu\u0308gen-3.png 600w, https:\/\/auslaenderbehoerde.org\/wp-content\/uploads\/2022\/06\/Zwischenu\u0308berschrift-hinzufu\u0308gen-3-300x200.png 300w\" sizes=\"(max-width: 600px) 100vw, 600px\" \/><\/p>\n<p>Tout ressortissant \u00e9tranger qui <a href=\"https:\/\/ec.europa.eu\/taxation_customs\/list-non-eu-countries_de\" target=\"_blank\" rel=\"noopener\">pas dans l&#039;Union europ\u00e9enne<\/a> r\u00e9sident a besoin d&#039;un permis de s\u00e9jour pour pouvoir entrer en Allemagne. Selon le type et la dur\u00e9e du s\u00e9jour souhait\u00e9 en Allemagne, diff\u00e9rents permis de s\u00e9jour sont requis. Une distinction est faite entre sept titres de s\u00e9jour diff\u00e9rents.<\/p>\n<p>Cela fait une diff\u00e9rence si les invit\u00e9s \u00e9trangers veulent simplement visiter l&#039;Allemagne ou y travailler\/\u00e9tudier. Vous trouverez ci-dessous comment les diff\u00e9rents permis de s\u00e9jour sont structur\u00e9s et comment ils peuvent \u00eatre utilis\u00e9s.<\/p>\n<h2>Comment demander un titre de s\u00e9jour ?<\/h2>\n<p>Afin de pouvoir demander un permis de s\u00e9jour en Allemagne, de nombreuses conditions doivent \u00eatre remplies. Selon le type de s\u00e9jour que vous souhaitez effectuer en Allemagne, une grande vari\u00e9t\u00e9 de justificatifs doit \u00eatre fournie. En principe, les conditions suivantes doivent \u00eatre remplies pour pouvoir demander un permis de s\u00e9jour :<\/p>\n<ul style=\"list-style-type: circle;\">\n<li>Les candidats doivent avoir un passeport valide<\/li>\n<li>une demande de titre de s\u00e9jour en ligne doit \u00eatre introduite<\/li>\n<li>la preuve doit \u00eatre apport\u00e9e que les moyens de subsistance peuvent \u00eatre assur\u00e9s<\/li>\n<li>une pr\u00e9sentation clarifiante de la nationalit\u00e9 et de l&#039;identit\u00e9 doit \u00eatre disponible<\/li>\n<li>Une preuve d&#039;une couverture d&#039;assurance maladie suffisante doit \u00eatre disponible<\/li>\n<li>il ne doit y avoir aucune raison pour que les autorit\u00e9s allemandes aient un int\u00e9r\u00eat \u00e0 l&#039;expulsion<\/li>\n<\/ul>\n<h3>Les permis de s\u00e9jour suivants peuvent \u00eatre demand\u00e9s en Allemagne :<\/h3>\n<p>Au <strong>temporaire<\/strong> Les titres de s\u00e9jour comprennent :<\/p>\n<ul style=\"list-style-type: circle;\">\n<li>Carte TIC<\/li>\n<li>visa<\/li>\n<li><a href=\"https:\/\/auslaenderbehoerde.org\/fr\/permis-de-residence\/\">permis de r\u00e9sidence<\/a><\/li>\n<li>carte TIC mobile<\/li>\n<li>carte bleue UE<\/li>\n<\/ul>\n<p>Au <strong>perp\u00e9tuel<\/strong> Les titres de s\u00e9jour comprennent :<\/p>\n<ul style=\"list-style-type: circle;\">\n<li>un permis de s\u00e9jour permanent dans l&#039;UE<\/li>\n<li>un permis d&#039;\u00e9tablissement<\/li>\n<\/ul>\n<div class=\"su-note\"  style=\"border-color:#d1d1d0;border-radius:3px;-moz-border-radius:3px;-webkit-border-radius:3px;\"><div class=\"su-note-inner su-u-clearfix su-u-trim\" style=\"background-color:#ebebea;border-color:#ffffff;color:#444444;border-radius:3px;-moz-border-radius:3px;-webkit-border-radius:3px;\"><strong>Vous attendez des visiteurs de l&#039;\u00e9tranger ?<\/strong> Avec un <a href=\"https:\/\/auslaenderbehoerde.org\/fr\/assurance-voyage-pour-visiteurs-etrangers\/\">Assurance voyage pour les invit\u00e9s \u00e9trangers<\/a> b\u00e9n\u00e9ficier d&#039;une protection compl\u00e8te en Allemagne et en Europe.<\/div><\/div>\n<h2>Qu&#039;est-ce qu&#039;un eAT (titre de s\u00e9jour \u00e9lectronique) ?<\/h2>\n<p>Un eAT est un permis de s\u00e9jour \u00e9lectronique en Allemagne d\u00e9livr\u00e9 sous forme de carte plastique au format carte de cr\u00e9dit. La carte en plastique est non seulement munie d&#039;une photo biom\u00e9trique et de donn\u00e9es personnelles telles que le nom, l&#039;adresse, les empreintes digitales, la nationalit\u00e9 et la date de naissance, mais \u00e9galement d&#039;une puce comme support de stockage.<\/p>\n<p>Toutes les conditions (dispositions accessoires) y sont stock\u00e9es, ce qui signifie qu&#039;une fonction d&#039;identification en ligne est incluse avec l&#039;eAT. Cela permet d&#039;utiliser volontairement des services commerciaux en ligne et des services gouvernementaux accessibles rapidement et facilement via Internet. Le vol ou l&#039;utilisation abusive de donn\u00e9es n&#039;est pas possible. A quelques exceptions pr\u00e8s, l&#039;eAT a remplac\u00e9 le titre de s\u00e9jour papier.<\/p>\n<h3 id=\"customheading6\"><strong>Liens connexes\u00a0<\/strong><\/h3>\n<ul>\n<li><a href=\"https:\/\/auslaenderbehoerde.org\/fr\/premiers-pas-en-allemagne\/\" data-wpel-link=\"internal\">Premiers pas en Allemagne<\/a><\/li>\n<li><a href=\"https:\/\/auslaenderbehoerde.org\/fr\/\">Autorit\u00e9s de l&#039;immigration en Allemagne<\/a><\/li>\n<\/ul>","protected":false},"excerpt":{"rendered":"<p>Tout citoyen \u00e9tranger qui ne r\u00e9side pas dans l\u2019Union europ\u00e9enne a besoin d\u2019un permis de s\u00e9jour pour entrer en Allemagne. Selon le type et la dur\u00e9e de votre s\u00e9jour souhait\u00e9 en Allemagne, diff\u00e9rents permis de s\u00e9jour sont requis. Une distinction est faite entre sept titres de s\u00e9jour diff\u00e9rents. Cela fait une diff\u00e9rence si les invit\u00e9s \u00e9trangers visitent simplement l\u2019Allemagne ou l\u00e0-bas\u2026&nbsp;<a href=\"https:\/\/auslaenderbehoerde.org\/fr\/permis-de-residence-2\/\" rel=\"bookmark\">En savoir plus &quot;<span class=\"screen-reader-text\">permis de r\u00e9sidence<\/span><\/a><\/p>","protected":false},"author":1,"featured_media":155,"parent":0,"menu_order":0,"comment_status":"closed","ping_status":"closed","template":"","meta":{"neve_meta_sidebar":"","neve_meta_container":"","neve_meta_enable_content_width":"off","neve_meta_content_width":100,"neve_meta_title_alignment":"","neve_meta_author_avatar":"","neve_post_elements_order":"","neve_meta_disable_header":"","neve_meta_disable_footer":"","neve_meta_disable_title":"","neve_meta_reading_time":"","footnotes":""},"class_list":["post-147","page","type-page","status-publish","has-post-thumbnail","hentry"],"yoast_head":"<!-- This site is optimized with the Yoast SEO plugin v26.6 - https:\/\/yoast.com\/wordpress\/plugins\/seo\/ -->\n<title>Diese Aufenthaltstitel gibt es in Deutschland - Auslaenderbehoerde<\/title>\n<meta name=\"description\" content=\"Ein Aufenthaltstitel berechtigt den Angeh\u00f6rigen eines Drittstaates zum Aufenthalt in Deutschland. Insgesamt gibt es sieben verschiedene.\" \/>\n<meta name=\"robots\" content=\"index, follow, max-snippet:-1, max-image-preview:large, max-video-preview:-1\" \/>\n<link rel=\"canonical\" href=\"https:\/\/auslaenderbehoerde.org\/fr\/permis-de-residence-2\/\" \/>\n<meta property=\"og:locale\" content=\"fr_FR\" \/>\n<meta property=\"og:type\" content=\"article\" \/>\n<meta property=\"og:title\" content=\"Diese Aufenthaltstitel gibt es in Deutschland - Auslaenderbehoerde\" \/>\n<meta property=\"og:description\" content=\"Ein Aufenthaltstitel berechtigt den Angeh\u00f6rigen eines Drittstaates zum Aufenthalt in Deutschland. Insgesamt gibt es sieben verschiedene.\" \/>\n<meta property=\"og:url\" content=\"https:\/\/auslaenderbehoerde.org\/fr\/permis-de-residence-2\/\" \/>\n<meta property=\"og:site_name\" content=\"auslaenderbehoerde.org\" \/>\n<meta property=\"article:modified_time\" content=\"2022-07-15T13:18:57+00:00\" \/>\n<meta property=\"og:image\" content=\"https:\/\/auslaenderbehoerde.org\/wp-content\/uploads\/2022\/06\/Zwischenu\u0308berschrift-hinzufu\u0308gen-3.png\" \/>\n\t<meta property=\"og:image:width\" content=\"600\" \/>\n\t<meta property=\"og:image:height\" content=\"400\" \/>\n\t<meta property=\"og:image:type\" content=\"image\/png\" \/>\n<meta name=\"twitter:card\" content=\"summary_large_image\" \/>\n<meta name=\"twitter:label1\" content=\"Dur\u00e9e de lecture estim\u00e9e\" \/>\n\t<meta name=\"twitter:data1\" content=\"3 minutes\" \/>\n<script type=\"application\/ld+json\" class=\"yoast-schema-graph\">{\"@context\":\"https:\/\/schema.org\",\"@graph\":[{\"@type\":\"WebPage\",\"@id\":\"https:\/\/auslaenderbehoerde.org\/aufenthaltstitel\/\",\"url\":\"https:\/\/auslaenderbehoerde.org\/aufenthaltstitel\/\",\"name\":\"Diese Aufenthaltstitel gibt es in Deutschland - Auslaenderbehoerde\",\"isPartOf\":{\"@id\":\"https:\/\/auslaenderbehoerde.org\/#website\"},\"primaryImageOfPage\":{\"@id\":\"https:\/\/auslaenderbehoerde.org\/aufenthaltstitel\/#primaryimage\"},\"image\":{\"@id\":\"https:\/\/auslaenderbehoerde.org\/aufenthaltstitel\/#primaryimage\"},\"thumbnailUrl\":\"https:\/\/auslaenderbehoerde.org\/wp-content\/uploads\/2022\/06\/Zwischenu\u0308berschrift-hinzufu\u0308gen-3.png\",\"datePublished\":\"2022-06-28T12:13:15+00:00\",\"dateModified\":\"2022-07-15T13:18:57+00:00\",\"description\":\"Ein Aufenthaltstitel berechtigt den Angeh\u00f6rigen eines Drittstaates zum Aufenthalt in Deutschland. Insgesamt gibt es sieben verschiedene.\",\"breadcrumb\":{\"@id\":\"https:\/\/auslaenderbehoerde.org\/aufenthaltstitel\/#breadcrumb\"},\"inLanguage\":\"fr-FR\",\"potentialAction\":[{\"@type\":\"ReadAction\",\"target\":[\"https:\/\/auslaenderbehoerde.org\/aufenthaltstitel\/\"]}]},{\"@type\":\"ImageObject\",\"inLanguage\":\"fr-FR\",\"@id\":\"https:\/\/auslaenderbehoerde.org\/aufenthaltstitel\/#primaryimage\",\"url\":\"https:\/\/auslaenderbehoerde.org\/wp-content\/uploads\/2022\/06\/Zwischenu\u0308berschrift-hinzufu\u0308gen-3.png\",\"contentUrl\":\"https:\/\/auslaenderbehoerde.org\/wp-content\/uploads\/2022\/06\/Zwischenu\u0308berschrift-hinzufu\u0308gen-3.png\",\"width\":600,\"height\":400,\"caption\":\"Aufenthaltstitel\"},{\"@type\":\"BreadcrumbList\",\"@id\":\"https:\/\/auslaenderbehoerde.org\/aufenthaltstitel\/#breadcrumb\",\"itemListElement\":[{\"@type\":\"ListItem\",\"position\":1,\"name\":\"Startseite\",\"item\":\"https:\/\/auslaenderbehoerde.org\/\"},{\"@type\":\"ListItem\",\"position\":2,\"name\":\"Aufenthaltstitel\"}]},{\"@type\":\"WebSite\",\"@id\":\"https:\/\/auslaenderbehoerde.org\/#website\",\"url\":\"https:\/\/auslaenderbehoerde.org\/\",\"name\":\"auslaenderbehoerde.org\",\"description\":\"\",\"potentialAction\":[{\"@type\":\"SearchAction\",\"target\":{\"@type\":\"EntryPoint\",\"urlTemplate\":\"https:\/\/auslaenderbehoerde.org\/?s={search_term_string}\"},\"query-input\":{\"@type\":\"PropertyValueSpecification\",\"valueRequired\":true,\"valueName\":\"search_term_string\"}}],\"inLanguage\":\"fr-FR\"}]}<\/script>\n<!-- \/ Yoast SEO plugin. -->","yoast_head_json":{"title":"Ces permis de s\u00e9jour sont disponibles en Allemagne - Autorit\u00e9 des \u00e9trangers","description":"Un permis de s\u00e9jour autorise le ressortissant d&#039;un pays tiers \u00e0 r\u00e9sider en Allemagne. Il y en a sept diff\u00e9rents au total.","robots":{"index":"index","follow":"follow","max-snippet":"max-snippet:-1","max-image-preview":"max-image-preview:large","max-video-preview":"max-video-preview:-1"},"canonical":"https:\/\/auslaenderbehoerde.org\/fr\/permis-de-residence-2\/","og_locale":"fr_FR","og_type":"article","og_title":"Diese Aufenthaltstitel gibt es in Deutschland - Auslaenderbehoerde","og_description":"Ein Aufenthaltstitel berechtigt den Angeh\u00f6rigen eines Drittstaates zum Aufenthalt in Deutschland. Insgesamt gibt es sieben verschiedene.","og_url":"https:\/\/auslaenderbehoerde.org\/fr\/permis-de-residence-2\/","og_site_name":"auslaenderbehoerde.org","article_modified_time":"2022-07-15T13:18:57+00:00","og_image":[{"width":600,"height":400,"url":"https:\/\/auslaenderbehoerde.org\/wp-content\/uploads\/2022\/06\/Zwischenu\u0308berschrift-hinzufu\u0308gen-3.png","type":"image\/png"}],"twitter_card":"summary_large_image","twitter_misc":{"Dur\u00e9e de lecture estim\u00e9e":"3 minutes"},"schema":{"@context":"https:\/\/schema.org","@graph":[{"@type":"WebPage","@id":"https:\/\/auslaenderbehoerde.org\/aufenthaltstitel\/","url":"https:\/\/auslaenderbehoerde.org\/aufenthaltstitel\/","name":"Ces permis de s\u00e9jour sont disponibles en Allemagne - Autorit\u00e9 des \u00e9trangers","isPartOf":{"@id":"https:\/\/auslaenderbehoerde.org\/#website"},"primaryImageOfPage":{"@id":"https:\/\/auslaenderbehoerde.org\/aufenthaltstitel\/#primaryimage"},"image":{"@id":"https:\/\/auslaenderbehoerde.org\/aufenthaltstitel\/#primaryimage"},"thumbnailUrl":"https:\/\/auslaenderbehoerde.org\/wp-content\/uploads\/2022\/06\/Zwischenu\u0308berschrift-hinzufu\u0308gen-3.png","datePublished":"2022-06-28T12:13:15+00:00","dateModified":"2022-07-15T13:18:57+00:00","description":"Un permis de s\u00e9jour autorise le ressortissant d&#039;un pays tiers \u00e0 r\u00e9sider en Allemagne. Il y en a sept diff\u00e9rents au total.","breadcrumb":{"@id":"https:\/\/auslaenderbehoerde.org\/aufenthaltstitel\/#breadcrumb"},"inLanguage":"fr-FR","potentialAction":[{"@type":"ReadAction","target":["https:\/\/auslaenderbehoerde.org\/aufenthaltstitel\/"]}]},{"@type":"ImageObject","inLanguage":"fr-FR","@id":"https:\/\/auslaenderbehoerde.org\/aufenthaltstitel\/#primaryimage","url":"https:\/\/auslaenderbehoerde.org\/wp-content\/uploads\/2022\/06\/Zwischenu\u0308berschrift-hinzufu\u0308gen-3.png","contentUrl":"https:\/\/auslaenderbehoerde.org\/wp-content\/uploads\/2022\/06\/Zwischenu\u0308berschrift-hinzufu\u0308gen-3.png","width":600,"height":400,"caption":"Aufenthaltstitel"},{"@type":"BreadcrumbList","@id":"https:\/\/auslaenderbehoerde.org\/aufenthaltstitel\/#breadcrumb","itemListElement":[{"@type":"ListItem","position":1,"name":"Startseite","item":"https:\/\/auslaenderbehoerde.org\/"},{"@type":"ListItem","position":2,"name":"Aufenthaltstitel"}]},{"@type":"WebSite","@id":"https:\/\/auslaenderbehoerde.org\/#website","url":"https:\/\/auslaenderbehoerde.org\/","name":"auslaenderbehoerde.org","description":"","potentialAction":[{"@type":"SearchAction","target":{"@type":"EntryPoint","urlTemplate":"https:\/\/auslaenderbehoerde.org\/?s={search_term_string}"},"query-input":{"@type":"PropertyValueSpecification","valueRequired":true,"valueName":"search_term_string"}}],"inLanguage":"fr-FR"}]}},"_links":{"self":[{"href":"https:\/\/auslaenderbehoerde.org\/fr\/wp-json\/wp\/v2\/pages\/147","targetHints":{"allow":["GET"]}}],"collection":[{"href":"https:\/\/auslaenderbehoerde.org\/fr\/wp-json\/wp\/v2\/pages"}],"about":[{"href":"https:\/\/auslaenderbehoerde.org\/fr\/wp-json\/wp\/v2\/types\/page"}],"author":[{"embeddable":true,"href":"https:\/\/auslaenderbehoerde.org\/fr\/wp-json\/wp\/v2\/users\/1"}],"replies":[{"embeddable":true,"href":"https:\/\/auslaenderbehoerde.org\/fr\/wp-json\/wp\/v2\/comments?post=147"}],"version-history":[{"count":9,"href":"https:\/\/auslaenderbehoerde.org\/fr\/wp-json\/wp\/v2\/pages\/147\/revisions"}],"predecessor-version":[{"id":212,"href":"https:\/\/auslaenderbehoerde.org\/fr\/wp-json\/wp\/v2\/pages\/147\/revisions\/212"}],"wp:featuredmedia":[{"embeddable":true,"href":"https:\/\/auslaenderbehoerde.org\/fr\/wp-json\/wp\/v2\/media\/155"}],"wp:attachment":[{"href":"https:\/\/auslaenderbehoerde.org\/fr\/wp-json\/wp\/v2\/media?parent=147"}],"curies":[{"name":"wp","href":"https:\/\/api.w.org\/{rel}","templated":true}]}}