{"id":151,"date":"2022-06-28T14:13:50","date_gmt":"2022-06-28T12:13:50","guid":{"rendered":"https:\/\/auslaenderbehoerde.org\/?page_id=151"},"modified":"2022-07-15T15:19:27","modified_gmt":"2022-07-15T13:19:27","slug":"aufenthaltserlaubnis","status":"publish","type":"page","link":"https:\/\/auslaenderbehoerde.org\/fr\/permis-de-residence\/","title":{"rendered":"permis de r\u00e9sidence"},"content":{"rendered":"<figure id=\"attachment_157\" aria-describedby=\"caption-attachment-157\" style=\"width: 640px\" class=\"wp-caption aligncenter\"><img decoding=\"async\" class=\"wp-image-157 size-full\" src=\"https:\/\/auslaenderbehoerde.org\/wp-content\/uploads\/2022\/06\/visa-3653492_640.jpeg\" alt=\"permis de r\u00e9sidence\" width=\"640\" height=\"393\" srcset=\"https:\/\/auslaenderbehoerde.org\/wp-content\/uploads\/2022\/06\/visa-3653492_640.jpeg 640w, https:\/\/auslaenderbehoerde.org\/wp-content\/uploads\/2022\/06\/visa-3653492_640-300x184.jpeg 300w\" sizes=\"(max-width: 640px) 100vw, 640px\" \/><figcaption id=\"caption-attachment-157\" class=\"wp-caption-text\">L&#039;un des sept titres de s\u00e9jour qui existent en Allemagne est le permis de s\u00e9jour.<\/figcaption><\/figure>\n<h2>Qu&#039;est-ce qu&#039;un titre de s\u00e9jour ?<\/h2>\n<p>Un permis de s\u00e9jour est g\u00e9n\u00e9ralement accord\u00e9 pour un maximum de 3 ans, apr\u00e8s quoi il peut \u00eatre prolong\u00e9. Un titre de s\u00e9jour est d\u00e9livr\u00e9 pour une dur\u00e9e limit\u00e9e afin qu&#039;il puisse \u00eatre r\u00e9voqu\u00e9 si l&#039;\u00e9tranger qui s&#039;est install\u00e9 dans le pays ne remplit pas ses devoirs civiques. Toute personne demandant un titre de s\u00e9jour doit avoir un motif \u00e0 cette demande. Les diff\u00e9rentes raisons de d\u00e9m\u00e9nager dans un pays \u00e9tranger sont affect\u00e9es \u00e0 des paragraphes sp\u00e9cifiques.<\/p>\n<p><strong>Demander un titre de s\u00e9jour pour :<\/strong><\/p>\n<ul style=\"list-style-type: circle;\">\n<li>\u00eatre en mesure d&#039;effectuer un cycle d&#039;\u00e9tudes ou de formation (\u00a7 16-17)<\/li>\n<li>pouvoir exercer une activit\u00e9 professionnelle (\u00a7 18)<\/li>\n<li>pouvoir vivre dans un autre pays pour des raisons humanitaires, de droit international ou politiques (\u00a7 22 \u2013 26, 104a, 104b)<\/li>\n<li>pouvoir r\u00e9aliser le regroupement familial (\u00a7 27 \u2013 36)<\/li>\n<li>permettre aux anciens Allemands ou \u00e9trangers de retourner en Allemagne (\u00a7 37 \u2013 38)<\/li>\n<li>Les personnes qui ont un droit de s\u00e9jour permanent dans un autre \u00c9tat de l&#039;UE pour l\u00e9galiser leur s\u00e9jour en Allemagne (\u00a7 38a)<\/li>\n<\/ul>\n<h2>O\u00f9 peut-on demander un titre de s\u00e9jour ?<\/h2>\n<p>Le permis de s\u00e9jour doit \u00eatre obtenu aupr\u00e8s de la <a href=\"https:\/\/auslaenderbehoerde.org\/fr\/\">Autorit\u00e9 des \u00e9trangers<\/a> \u00eatre demand\u00e9. La demande de d\u00e9livrance initiale d&#039;un permis de s\u00e9jour peut \u00eatre d\u00e9pos\u00e9e aupr\u00e8s de la repr\u00e9sentation diplomatique allemande dans votre pays d&#039;origine.<\/p>\n<p>Apr\u00e8s l&#039;entr\u00e9e en R\u00e9publique f\u00e9d\u00e9rale d&#039;Allemagne, le permis de s\u00e9jour doit \u00eatre r\u00e9guli\u00e8rement prolong\u00e9. Apr\u00e8s une p\u00e9riode de r\u00e9sidence de 5 ans en R\u00e9publique f\u00e9d\u00e9rale d&#039;Allemagne, un permis de s\u00e9jour illimit\u00e9 peut \u00eatre demand\u00e9 aupr\u00e8s de l&#039;autorit\u00e9 comp\u00e9tente pour les \u00e9trangers.<\/p>\n<h2>Les conditions de la subvention<\/h2>\n<p>Les conditions \u00e0 remplir pour l&#039;octroi d&#039;un titre de s\u00e9jour sont pr\u00e9cis\u00e9es. Remplir les exigences \u00e0 100% est la base pour la d\u00e9livrance d&#039;un permis de s\u00e9jour.<\/p>\n<p>Pass\u00e9 un d\u00e9lai maximum de 3 ans apr\u00e8s la d\u00e9livrance du titre de s\u00e9jour, celui-ci expire. Il peut \u00eatre prolong\u00e9 apr\u00e8s avoir v\u00e9rifi\u00e9 si toutes les conditions d&#039;octroi sont toujours pleinement remplies.<\/p>\n<p>Si les raisons invoqu\u00e9es pour votre s\u00e9jour en Allemagne (voir division en paragraphes) ne s&#039;appliquent plus \u00e0 ce moment-l\u00e0, les autorit\u00e9s de l&#039;immigration peuvent refuser de prolonger votre permis de s\u00e9jour. De plus, les demandeurs qui ont demand\u00e9 un permis de s\u00e9jour sont soumis \u00e0 des obligations qui doivent \u00eatre remplies. Ces obligations peuvent par ex. B. Participation \u00e0 un cours d&#039;int\u00e9gration.<\/p>\n<p><strong>Les conditions qui doivent \u00eatre remplies pour obtenir un permis de s\u00e9jour permanent comprennent les points suivants :<\/strong><\/p>\n<ul style=\"list-style-type: circle;\">\n<li>preuve d&#039;un droit de s\u00e9jour valide, par ex. B. un visa ou un titre de s\u00e9jour<\/li>\n<li>pas de proc\u00e9dure p\u00e9nale en cours ou qu&#039;il n&#039;y a pas de condamnations ant\u00e9rieures<\/li>\n<li>la pr\u00e9sence de la preuve d&#039;un passeport valide<\/li>\n<li>vous devez pouvoir assurer votre subsistance \u00e0 partir de vos propres ressources<\/li>\n<li>un titre de s\u00e9jour existant depuis au moins cinq ans<\/li>\n<li>Cotisation \u00e0 l&#039;assurance pension l\u00e9gale pendant au moins 60 mois<\/li>\n<li>Preuve du motif de votre s\u00e9jour<\/li>\n<li>une assurance maladie ad\u00e9quate<\/li>\n<li>Bonne connaissance du syst\u00e8me social allemand et de la langue allemande<\/li>\n<li>un lieu de r\u00e9sidence principal dans la ville o\u00f9 la demande de permis de s\u00e9jour permanent est d\u00e9pos\u00e9e, avec un espace de vie suffisant pour le nombre de personnes sp\u00e9cifi\u00e9<\/li>\n<\/ul>\n<p>Si n\u00e9cessaire, l&#039;autorit\u00e9 des \u00e9trangers peut demander d&#039;autres documents et papiers, qui doivent ensuite \u00eatre pr\u00e9sent\u00e9s rapidement. Selon la situation, les exigences pour un permis de s\u00e9jour permanent peuvent varier.<\/p>\n<div class=\"su-note\"  style=\"border-color:#d1d1d0;border-radius:3px;-moz-border-radius:3px;-webkit-border-radius:3px;\"><div class=\"su-note-inner su-u-clearfix su-u-trim\" style=\"background-color:#ebebea;border-color:#ffffff;color:#444444;border-radius:3px;-moz-border-radius:3px;-webkit-border-radius:3px;\"><strong>Vous attendez des visiteurs de l&#039;\u00e9tranger ?<\/strong> Avec un <a href=\"https:\/\/auslaenderbehoerde.org\/fr\/assurance-voyage-pour-visiteurs-etrangers\/\">Assurance voyage pour les invit\u00e9s \u00e9trangers<\/a> b\u00e9n\u00e9ficier d&#039;une protection compl\u00e8te en Allemagne et en Europe.<\/div><\/div>\n<h2>Frais<\/h2>\n<p>Les frais pour la premi\u00e8re d\u00e9livrance d&#039;un permis de s\u00e9jour en R\u00e9publique f\u00e9d\u00e9rale d&#039;Allemagne sont de 100 euros. Un permis de s\u00e9jour doit \u00eatre r\u00e9guli\u00e8rement prolong\u00e9 avant l&#039;expiration de sa validit\u00e9 afin que le permis de s\u00e9jour n&#039;expire pas.<\/p>\n<p>Si un permis de s\u00e9jour est prolong\u00e9 de plus de 3 mois, les frais de prolongation s&#039;\u00e9l\u00e8vent \u00e0 93 euros. Le terme &quot;permis de s\u00e9jour illimit\u00e9&quot; n&#039;est plus utilis\u00e9 depuis le 1er janvier 2005. Depuis lors, les \u00e9trangers qui ont un droit de s\u00e9jour illimit\u00e9 et illimit\u00e9 ont re\u00e7u un &quot;permis d&#039;\u00e9tablissement&quot;. C&#039;est l&#039;\u00e9quivalent de l&#039;ancien permis de s\u00e9jour permanent.<\/p>\n<h2>Peut-on travailler avec un permis de s\u00e9jour ?<\/h2>\n<p>Les autorit\u00e9s de l&#039;immigration peuvent d\u00e9livrer un permis de travail en m\u00eame temps qu&#039;un permis de s\u00e9jour. Toutefois, cela n&#039;est possible que si l&#039;administration de l&#039;emploi a donn\u00e9 son accord. L&#039;approbation est demand\u00e9e dans une proc\u00e9dure interne. Si le permis de s\u00e9jour a \u00e9t\u00e9 d\u00e9livr\u00e9 sans permis de travail, les demandeurs peuvent demander \u00e0 l&#039;autorit\u00e9 comp\u00e9tente pour les \u00e9trangers s&#039;il est possible de d\u00e9livrer un permis de travail.<\/p>\n<p>Une <a href=\"https:\/\/azf2.de\/infomaterial\/leitfaden-arbeitserlaubnisrecht\/zugang-arbeitsmarkt-drittstaatsangehoerige\/aufenthaltserlaubnisse-fuer-erwerbstaetigkeit\/\" target=\"_blank\" rel=\"noopener\">Admissibilit\u00e9 au travail<\/a> n&#039;est donc pas automatiquement inclus dans un titre de s\u00e9jour.<\/p>\n<h2>La diff\u00e9rence entre titre de s\u00e9jour et titre de s\u00e9jour<\/h2>\n<p>Un permis de s\u00e9jour doit \u00eatre demand\u00e9 avant d&#039;entrer en R\u00e9publique f\u00e9d\u00e9rale d&#039;Allemagne et r\u00e9guli\u00e8rement renouvel\u00e9 apr\u00e8s l&#039;entr\u00e9e. Si les conditions d&#039;un lieu de r\u00e9sidence en Allemagne ne peuvent pas \u00eatre remplies ou prouv\u00e9es par les personnes concern\u00e9es, les autorit\u00e9s de l&#039;immigration peuvent refuser de prolonger un permis de s\u00e9jour.<\/p>\n<p>Sous l&#039;appellation <a href=\"https:\/\/auslaenderbehoerde.org\/fr\/permis-de-residence-2\/\">permis de r\u00e9sidence<\/a> l&#039;octroi d&#039;un permis d&#039;\u00e9tablissement s&#039;entend comme un permis de s\u00e9jour permanent. Il n&#039;est pas n\u00e9cessaire de l&#039;\u00e9tendre en permanence, car il est illimit\u00e9.<\/p>\n<h3 id=\"customheading6\"><strong>Liens connexes\u00a0<\/strong><\/h3>\n<ul>\n<li><a href=\"https:\/\/auslaenderbehoerde.org\/fr\/premiers-pas-en-allemagne\/\" data-wpel-link=\"internal\">Premiers pas en Allemagne<\/a><\/li>\n<\/ul>","protected":false},"excerpt":{"rendered":"<p>Qu&#039;est-ce qu&#039;un titre de s\u00e9jour ? Un permis de s\u00e9jour est g\u00e9n\u00e9ralement d\u00e9livr\u00e9 pour une dur\u00e9e maximale de 3 ans, apr\u00e8s quoi il peut \u00eatre prolong\u00e9. Un permis de s\u00e9jour est d\u00e9livr\u00e9 pour une dur\u00e9e limit\u00e9e afin qu&#039;il puisse \u00eatre r\u00e9voqu\u00e9 si l&#039;\u00e9tranger immigr\u00e9 ne remplit pas ses obligations civiques. Toute personne sollicitant un titre de s\u00e9jour doit motiver sa demande. Il existe diverses raisons de changer de lieu de r\u00e9sidence...&nbsp;<a href=\"https:\/\/auslaenderbehoerde.org\/fr\/permis-de-residence\/\" rel=\"bookmark\">En savoir plus &quot;<span class=\"screen-reader-text\">permis de r\u00e9sidence<\/span><\/a><\/p>","protected":false},"author":1,"featured_media":157,"parent":0,"menu_order":0,"comment_status":"closed","ping_status":"closed","template":"","meta":{"neve_meta_sidebar":"","neve_meta_container":"","neve_meta_enable_content_width":"off","neve_meta_content_width":100,"neve_meta_title_alignment":"","neve_meta_author_avatar":"","neve_post_elements_order":"","neve_meta_disable_header":"","neve_meta_disable_footer":"","neve_meta_disable_title":"","neve_meta_reading_time":"","footnotes":""},"class_list":["post-151","page","type-page","status-publish","has-post-thumbnail","hentry"],"yoast_head":"<!-- This site is optimized with the Yoast SEO plugin v26.6 - https:\/\/yoast.com\/wordpress\/plugins\/seo\/ -->\n<title>Was ist eine Aufenthaltserlaubnis? - Auslaenderbehoerde.org<\/title>\n<meta name=\"description\" content=\"Eine Aufenthaltserlaubnis wird befristet und zu einem bestimmten Zweck an sogenannte Drittstaatsangeh\u00f6rige erteilt.\" \/>\n<meta name=\"robots\" content=\"index, follow, max-snippet:-1, max-image-preview:large, max-video-preview:-1\" \/>\n<link rel=\"canonical\" href=\"https:\/\/auslaenderbehoerde.org\/fr\/permis-de-residence\/\" \/>\n<meta property=\"og:locale\" content=\"fr_FR\" \/>\n<meta property=\"og:type\" content=\"article\" \/>\n<meta property=\"og:title\" content=\"Was ist eine Aufenthaltserlaubnis? - Auslaenderbehoerde.org\" \/>\n<meta property=\"og:description\" content=\"Eine Aufenthaltserlaubnis wird befristet und zu einem bestimmten Zweck an sogenannte Drittstaatsangeh\u00f6rige erteilt.\" \/>\n<meta property=\"og:url\" content=\"https:\/\/auslaenderbehoerde.org\/fr\/permis-de-residence\/\" \/>\n<meta property=\"og:site_name\" content=\"auslaenderbehoerde.org\" \/>\n<meta property=\"article:modified_time\" content=\"2022-07-15T13:19:27+00:00\" \/>\n<meta property=\"og:image\" content=\"https:\/\/auslaenderbehoerde.org\/wp-content\/uploads\/2022\/06\/visa-3653492_640.jpeg\" \/>\n\t<meta property=\"og:image:width\" content=\"640\" \/>\n\t<meta property=\"og:image:height\" content=\"393\" \/>\n\t<meta property=\"og:image:type\" content=\"image\/jpeg\" \/>\n<meta name=\"twitter:card\" content=\"summary_large_image\" \/>\n<meta name=\"twitter:label1\" content=\"Dur\u00e9e de lecture estim\u00e9e\" \/>\n\t<meta name=\"twitter:data1\" content=\"5 minutes\" \/>\n<script type=\"application\/ld+json\" class=\"yoast-schema-graph\">{\"@context\":\"https:\/\/schema.org\",\"@graph\":[{\"@type\":\"WebPage\",\"@id\":\"https:\/\/auslaenderbehoerde.org\/aufenthaltserlaubnis\/\",\"url\":\"https:\/\/auslaenderbehoerde.org\/aufenthaltserlaubnis\/\",\"name\":\"Was ist eine Aufenthaltserlaubnis? - Auslaenderbehoerde.org\",\"isPartOf\":{\"@id\":\"https:\/\/auslaenderbehoerde.org\/#website\"},\"primaryImageOfPage\":{\"@id\":\"https:\/\/auslaenderbehoerde.org\/aufenthaltserlaubnis\/#primaryimage\"},\"image\":{\"@id\":\"https:\/\/auslaenderbehoerde.org\/aufenthaltserlaubnis\/#primaryimage\"},\"thumbnailUrl\":\"https:\/\/auslaenderbehoerde.org\/wp-content\/uploads\/2022\/06\/visa-3653492_640.jpeg\",\"datePublished\":\"2022-06-28T12:13:50+00:00\",\"dateModified\":\"2022-07-15T13:19:27+00:00\",\"description\":\"Eine Aufenthaltserlaubnis wird befristet und zu einem bestimmten Zweck an sogenannte Drittstaatsangeh\u00f6rige erteilt.\",\"breadcrumb\":{\"@id\":\"https:\/\/auslaenderbehoerde.org\/aufenthaltserlaubnis\/#breadcrumb\"},\"inLanguage\":\"fr-FR\",\"potentialAction\":[{\"@type\":\"ReadAction\",\"target\":[\"https:\/\/auslaenderbehoerde.org\/aufenthaltserlaubnis\/\"]}]},{\"@type\":\"ImageObject\",\"inLanguage\":\"fr-FR\",\"@id\":\"https:\/\/auslaenderbehoerde.org\/aufenthaltserlaubnis\/#primaryimage\",\"url\":\"https:\/\/auslaenderbehoerde.org\/wp-content\/uploads\/2022\/06\/visa-3653492_640.jpeg\",\"contentUrl\":\"https:\/\/auslaenderbehoerde.org\/wp-content\/uploads\/2022\/06\/visa-3653492_640.jpeg\",\"width\":640,\"height\":393,\"caption\":\"Aufenthaltserlaubnis\"},{\"@type\":\"BreadcrumbList\",\"@id\":\"https:\/\/auslaenderbehoerde.org\/aufenthaltserlaubnis\/#breadcrumb\",\"itemListElement\":[{\"@type\":\"ListItem\",\"position\":1,\"name\":\"Startseite\",\"item\":\"https:\/\/auslaenderbehoerde.org\/\"},{\"@type\":\"ListItem\",\"position\":2,\"name\":\"Aufenthaltserlaubnis\"}]},{\"@type\":\"WebSite\",\"@id\":\"https:\/\/auslaenderbehoerde.org\/#website\",\"url\":\"https:\/\/auslaenderbehoerde.org\/\",\"name\":\"auslaenderbehoerde.org\",\"description\":\"\",\"potentialAction\":[{\"@type\":\"SearchAction\",\"target\":{\"@type\":\"EntryPoint\",\"urlTemplate\":\"https:\/\/auslaenderbehoerde.org\/?s={search_term_string}\"},\"query-input\":{\"@type\":\"PropertyValueSpecification\",\"valueRequired\":true,\"valueName\":\"search_term_string\"}}],\"inLanguage\":\"fr-FR\"}]}<\/script>\n<!-- \/ Yoast SEO plugin. -->","yoast_head_json":{"title":"Qu&#039;est-ce qu&#039;un titre de s\u00e9jour ? - Auslaenderbehoerde.org","description":"Un titre de s\u00e9jour est accord\u00e9 pour une dur\u00e9e limit\u00e9e et dans un but pr\u00e9cis aux ressortissants dits de pays tiers.","robots":{"index":"index","follow":"follow","max-snippet":"max-snippet:-1","max-image-preview":"max-image-preview:large","max-video-preview":"max-video-preview:-1"},"canonical":"https:\/\/auslaenderbehoerde.org\/fr\/permis-de-residence\/","og_locale":"fr_FR","og_type":"article","og_title":"Was ist eine Aufenthaltserlaubnis? - Auslaenderbehoerde.org","og_description":"Eine Aufenthaltserlaubnis wird befristet und zu einem bestimmten Zweck an sogenannte Drittstaatsangeh\u00f6rige erteilt.","og_url":"https:\/\/auslaenderbehoerde.org\/fr\/permis-de-residence\/","og_site_name":"auslaenderbehoerde.org","article_modified_time":"2022-07-15T13:19:27+00:00","og_image":[{"width":640,"height":393,"url":"https:\/\/auslaenderbehoerde.org\/wp-content\/uploads\/2022\/06\/visa-3653492_640.jpeg","type":"image\/jpeg"}],"twitter_card":"summary_large_image","twitter_misc":{"Dur\u00e9e de lecture estim\u00e9e":"5 minutes"},"schema":{"@context":"https:\/\/schema.org","@graph":[{"@type":"WebPage","@id":"https:\/\/auslaenderbehoerde.org\/aufenthaltserlaubnis\/","url":"https:\/\/auslaenderbehoerde.org\/aufenthaltserlaubnis\/","name":"Qu&#039;est-ce qu&#039;un titre de s\u00e9jour ? - Auslaenderbehoerde.org","isPartOf":{"@id":"https:\/\/auslaenderbehoerde.org\/#website"},"primaryImageOfPage":{"@id":"https:\/\/auslaenderbehoerde.org\/aufenthaltserlaubnis\/#primaryimage"},"image":{"@id":"https:\/\/auslaenderbehoerde.org\/aufenthaltserlaubnis\/#primaryimage"},"thumbnailUrl":"https:\/\/auslaenderbehoerde.org\/wp-content\/uploads\/2022\/06\/visa-3653492_640.jpeg","datePublished":"2022-06-28T12:13:50+00:00","dateModified":"2022-07-15T13:19:27+00:00","description":"Un titre de s\u00e9jour est accord\u00e9 pour une dur\u00e9e limit\u00e9e et dans un but pr\u00e9cis aux ressortissants dits de pays tiers.","breadcrumb":{"@id":"https:\/\/auslaenderbehoerde.org\/aufenthaltserlaubnis\/#breadcrumb"},"inLanguage":"fr-FR","potentialAction":[{"@type":"ReadAction","target":["https:\/\/auslaenderbehoerde.org\/aufenthaltserlaubnis\/"]}]},{"@type":"ImageObject","inLanguage":"fr-FR","@id":"https:\/\/auslaenderbehoerde.org\/aufenthaltserlaubnis\/#primaryimage","url":"https:\/\/auslaenderbehoerde.org\/wp-content\/uploads\/2022\/06\/visa-3653492_640.jpeg","contentUrl":"https:\/\/auslaenderbehoerde.org\/wp-content\/uploads\/2022\/06\/visa-3653492_640.jpeg","width":640,"height":393,"caption":"Aufenthaltserlaubnis"},{"@type":"BreadcrumbList","@id":"https:\/\/auslaenderbehoerde.org\/aufenthaltserlaubnis\/#breadcrumb","itemListElement":[{"@type":"ListItem","position":1,"name":"Startseite","item":"https:\/\/auslaenderbehoerde.org\/"},{"@type":"ListItem","position":2,"name":"Aufenthaltserlaubnis"}]},{"@type":"WebSite","@id":"https:\/\/auslaenderbehoerde.org\/#website","url":"https:\/\/auslaenderbehoerde.org\/","name":"auslaenderbehoerde.org","description":"","potentialAction":[{"@type":"SearchAction","target":{"@type":"EntryPoint","urlTemplate":"https:\/\/auslaenderbehoerde.org\/?s={search_term_string}"},"query-input":{"@type":"PropertyValueSpecification","valueRequired":true,"valueName":"search_term_string"}}],"inLanguage":"fr-FR"}]}},"_links":{"self":[{"href":"https:\/\/auslaenderbehoerde.org\/fr\/wp-json\/wp\/v2\/pages\/151","targetHints":{"allow":["GET"]}}],"collection":[{"href":"https:\/\/auslaenderbehoerde.org\/fr\/wp-json\/wp\/v2\/pages"}],"about":[{"href":"https:\/\/auslaenderbehoerde.org\/fr\/wp-json\/wp\/v2\/types\/page"}],"author":[{"embeddable":true,"href":"https:\/\/auslaenderbehoerde.org\/fr\/wp-json\/wp\/v2\/users\/1"}],"replies":[{"embeddable":true,"href":"https:\/\/auslaenderbehoerde.org\/fr\/wp-json\/wp\/v2\/comments?post=151"}],"version-history":[{"count":10,"href":"https:\/\/auslaenderbehoerde.org\/fr\/wp-json\/wp\/v2\/pages\/151\/revisions"}],"predecessor-version":[{"id":1538,"href":"https:\/\/auslaenderbehoerde.org\/fr\/wp-json\/wp\/v2\/pages\/151\/revisions\/1538"}],"wp:featuredmedia":[{"embeddable":true,"href":"https:\/\/auslaenderbehoerde.org\/fr\/wp-json\/wp\/v2\/media\/157"}],"wp:attachment":[{"href":"https:\/\/auslaenderbehoerde.org\/fr\/wp-json\/wp\/v2\/media?parent=151"}],"curies":[{"name":"wp","href":"https:\/\/api.w.org\/{rel}","templated":true}]}}