{"id":20,"date":"2022-06-27T09:48:18","date_gmt":"2022-06-27T07:48:18","guid":{"rendered":"https:\/\/auslaenderbehoerde.org\/?page_id=20"},"modified":"2025-12-30T07:05:27","modified_gmt":"2025-12-30T06:05:27","slug":"impressum","status":"publish","type":"page","link":"https:\/\/auslaenderbehoerde.org\/fr\/imprimer\/","title":{"rendered":"imprimer"},"content":{"rendered":"<h1>imprimer<\/h1>\n<h2>Selon \u00a7 5 TMG :<\/h2>\n<p>Petros Aslan\u00e1kis<br \/>\n889\/850 Moo 5<br \/>\nNong Prue, Bang Lamung<br \/>\nChonburi 20150<br \/>\nTha\u00eflande<\/p>\n<h2>Contact:<\/h2>\n<p>Courriel : post(at)auslaenderbehoerde.org<\/p>\n<p><strong>Ce site n&#039;est pas un site officiel des autorit\u00e9s.\u00a0<\/strong><\/p>\n<p><strong>Veuillez comprendre qu&#039;en tant qu&#039;op\u00e9rateur du site, nous ne pouvons fournir aucun conseil ou information.<\/strong><\/p>\n<h2>Clause de non-responsabilit\u00e9<\/h2>\n<p><strong>Responsabilit\u00e9 du contenu<\/strong><\/p>\n<p>En tant que prestataire de services, nous sommes responsables de nos propres contenus sur ces pages conform\u00e9ment \u00e0 l&#039;article 7, paragraphe 1 de la loi allemande sur les t\u00e9l\u00e9m\u00e9dias (TMG). Conform\u00e9ment aux \u00a7\u00a7 8 \u00e0 10 TMG, nous ne sommes toutefois pas tenus, en tant que prestataire de services, de surveiller les informations transmises ou stock\u00e9es par des tiers ou d&#039;enqu\u00eater sur les circonstances qui indiquent une activit\u00e9 ill\u00e9gale.<\/p>\n<p>Les obligations de supprimer ou de bloquer l&#039;utilisation des informations conform\u00e9ment aux lois g\u00e9n\u00e9rales restent inchang\u00e9es. Toutefois, la responsabilit\u00e9 \u00e0 cet \u00e9gard n&#039;est possible qu&#039;\u00e0 partir du moment o\u00f9 la connaissance d&#039;une infraction concr\u00e8te \u00e0 la loi est connue. D\u00e8s que nous prendrons connaissance de toute violation de la loi, nous supprimerons imm\u00e9diatement ce contenu.<\/p>\n<p><strong>Responsabilit\u00e9 pour les liens<\/strong><\/p>\n<p>Notre offre contient des liens vers des sites Web externes de tiers, sur lesquels nous n&#039;avons aucune influence. Par cons\u00e9quent, nous ne pouvons assumer aucune responsabilit\u00e9 pour ce contenu externe. Le fournisseur ou l&#039;exploitant respectif des pages est toujours responsable du contenu des pages li\u00e9es. Les pages li\u00e9es ont \u00e9t\u00e9 v\u00e9rifi\u00e9es pour d&#039;\u00e9ventuelles violations de la loi au moment de la liaison. Le contenu ill\u00e9gal n&#039;\u00e9tait pas reconnaissable au moment de la cr\u00e9ation du lien.<\/p>\n<p>Cependant, un contr\u00f4le permanent du contenu des pages li\u00e9es n&#039;est pas raisonnable sans preuves concr\u00e8tes d&#039;une infraction. D\u00e8s que nous aurons connaissance de violations l\u00e9gales, nous supprimerons imm\u00e9diatement ces liens.<\/p>\n<p><strong>droits d&#039;auteur<\/strong><\/p>\n<p>Le contenu et les travaux sur ces pages cr\u00e9\u00e9s par les exploitants du site sont soumis \u00e0 la loi allemande sur le droit d&#039;auteur. La duplication, l&#039;\u00e9dition, la distribution et tout type d&#039;exploitation en dehors des limites du droit d&#039;auteur n\u00e9cessitent le consentement \u00e9crit de l&#039;auteur ou du cr\u00e9ateur respectif. Les t\u00e9l\u00e9chargements et copies de ce site ne sont autoris\u00e9s que pour un usage priv\u00e9 et non commercial.<\/p>\n<p>Dans la mesure o\u00f9 le contenu de ce site n&#039;a pas \u00e9t\u00e9 cr\u00e9\u00e9 par l&#039;exploitant, les droits d&#039;auteur de tiers sont respect\u00e9s. En particulier, les contenus de tiers sont signal\u00e9s comme tels. Si vous avez n\u00e9anmoins connaissance d&#039;une violation du droit d&#039;auteur, nous vous demandons de nous en informer en cons\u00e9quence. D\u00e8s que nous aurons connaissance de violations l\u00e9gales, nous supprimerons imm\u00e9diatement ce contenu.<\/p>\n<p>La source:\u00a0<em><a href=\"https:\/\/www.e-recht24.de\/\" target=\"_blank\" rel=\"external noopener noreferrer\" data-wpel-link=\"external\">eRecht24<\/a><\/em><\/p>","protected":false},"excerpt":{"rendered":"<p>Mentions l\u00e9gales (Impressum) Informations conform\u00e9ment \u00e0 l&#039;article 5 de la loi allemande sur les t\u00e9l\u00e9m\u00e9dias (TMG)\u00a0: Petros Aslanakis 889\/850 Moo 5 Nong Prue, Bang Lamung Chon Buri 20150 Tha\u00eflande Contact\u00a0: Courriel\u00a0: post(at)auslaenderbehoerde.org Ce site web n&#039;est pas un site officiel des autorit\u00e9s. Veuillez noter qu&#039;en tant qu&#039;exploitants du site, nous ne pouvons fournir aucun conseil ni information. Clause de non-responsabilit\u00e9\u00a0: Responsabilit\u00e9 relative au contenu En tant que prestataire de services, nous sommes responsables\u2026&nbsp;<a href=\"https:\/\/auslaenderbehoerde.org\/fr\/imprimer\/\" rel=\"bookmark\">En savoir plus &quot;<span class=\"screen-reader-text\">imprimer<\/span><\/a><\/p>","protected":false},"author":1,"featured_media":0,"parent":0,"menu_order":0,"comment_status":"closed","ping_status":"closed","template":"","meta":{"neve_meta_sidebar":"","neve_meta_container":"","neve_meta_enable_content_width":"off","neve_meta_content_width":100,"neve_meta_title_alignment":"","neve_meta_author_avatar":"","neve_post_elements_order":"","neve_meta_disable_header":"","neve_meta_disable_footer":"","neve_meta_disable_title":"on","neve_meta_reading_time":"","footnotes":""},"class_list":["post-20","page","type-page","status-publish","hentry"],"yoast_head":"<!-- This site is optimized with the Yoast SEO plugin v26.6 - https:\/\/yoast.com\/wordpress\/plugins\/seo\/ -->\n<title>Impressum - auslaenderbehoerde.org<\/title>\n<meta name=\"robots\" content=\"noindex, follow\" \/>\n<meta property=\"og:locale\" content=\"fr_FR\" \/>\n<meta property=\"og:type\" content=\"article\" \/>\n<meta property=\"og:title\" content=\"Impressum - auslaenderbehoerde.org\" \/>\n<meta property=\"og:description\" content=\"Impressum Angaben gem\u00e4\u00df \u00a7 5 TMG: Petros Aslanakis 889\/850 Moo 5 Nong Prue, Bang Lamung Chon Buri 20150 Thailand Kontakt: E-Mail: post(at)auslaenderbehoerde.org Diese Webseite ist keine offizielle Webseite der Beh\u00f6rden.\u00a0 Bitte haben Sie Verst\u00e4ndnis, dass wir als Seitenbetreiber keinerlei Beratung vornehmen oder Informationen erteilen k\u00f6nnen. Haftungsausschluss (Disclaimer) Haftung f\u00fcr Inhalte Als Diensteanbieter sind wir gem\u00e4\u00df&hellip;&nbsp;Read More &raquo;Impressum\" \/>\n<meta property=\"og:url\" content=\"https:\/\/auslaenderbehoerde.org\/fr\/imprimer\/\" \/>\n<meta property=\"og:site_name\" content=\"auslaenderbehoerde.org\" \/>\n<meta property=\"article:modified_time\" content=\"2025-12-30T06:05:27+00:00\" \/>\n<meta name=\"twitter:card\" content=\"summary_large_image\" \/>\n<meta name=\"twitter:label1\" content=\"Dur\u00e9e de lecture estim\u00e9e\" \/>\n\t<meta name=\"twitter:data1\" content=\"2 minutes\" \/>\n<script type=\"application\/ld+json\" class=\"yoast-schema-graph\">{\"@context\":\"https:\/\/schema.org\",\"@graph\":[{\"@type\":\"WebPage\",\"@id\":\"https:\/\/auslaenderbehoerde.org\/impressum\/\",\"url\":\"https:\/\/auslaenderbehoerde.org\/impressum\/\",\"name\":\"Impressum - auslaenderbehoerde.org\",\"isPartOf\":{\"@id\":\"https:\/\/auslaenderbehoerde.org\/#website\"},\"datePublished\":\"2022-06-27T07:48:18+00:00\",\"dateModified\":\"2025-12-30T06:05:27+00:00\",\"breadcrumb\":{\"@id\":\"https:\/\/auslaenderbehoerde.org\/impressum\/#breadcrumb\"},\"inLanguage\":\"fr-FR\",\"potentialAction\":[{\"@type\":\"ReadAction\",\"target\":[\"https:\/\/auslaenderbehoerde.org\/impressum\/\"]}]},{\"@type\":\"BreadcrumbList\",\"@id\":\"https:\/\/auslaenderbehoerde.org\/impressum\/#breadcrumb\",\"itemListElement\":[{\"@type\":\"ListItem\",\"position\":1,\"name\":\"Startseite\",\"item\":\"https:\/\/auslaenderbehoerde.org\/\"},{\"@type\":\"ListItem\",\"position\":2,\"name\":\"Impressum\"}]},{\"@type\":\"WebSite\",\"@id\":\"https:\/\/auslaenderbehoerde.org\/#website\",\"url\":\"https:\/\/auslaenderbehoerde.org\/\",\"name\":\"auslaenderbehoerde.org\",\"description\":\"\",\"potentialAction\":[{\"@type\":\"SearchAction\",\"target\":{\"@type\":\"EntryPoint\",\"urlTemplate\":\"https:\/\/auslaenderbehoerde.org\/?s={search_term_string}\"},\"query-input\":{\"@type\":\"PropertyValueSpecification\",\"valueRequired\":true,\"valueName\":\"search_term_string\"}}],\"inLanguage\":\"fr-FR\"}]}<\/script>\n<!-- \/ Yoast SEO plugin. -->","yoast_head_json":{"title":"Mentions l\u00e9gales - auslaenderbehoerde.org","robots":{"index":"noindex","follow":"follow"},"og_locale":"fr_FR","og_type":"article","og_title":"Impressum - auslaenderbehoerde.org","og_description":"Impressum Angaben gem\u00e4\u00df \u00a7 5 TMG: Petros Aslanakis 889\/850 Moo 5 Nong Prue, Bang Lamung Chon Buri 20150 Thailand Kontakt: E-Mail: post(at)auslaenderbehoerde.org Diese Webseite ist keine offizielle Webseite der Beh\u00f6rden.\u00a0 Bitte haben Sie Verst\u00e4ndnis, dass wir als Seitenbetreiber keinerlei Beratung vornehmen oder Informationen erteilen k\u00f6nnen. Haftungsausschluss (Disclaimer) Haftung f\u00fcr Inhalte Als Diensteanbieter sind wir gem\u00e4\u00df&hellip;&nbsp;Read More &raquo;Impressum","og_url":"https:\/\/auslaenderbehoerde.org\/fr\/imprimer\/","og_site_name":"auslaenderbehoerde.org","article_modified_time":"2025-12-30T06:05:27+00:00","twitter_card":"summary_large_image","twitter_misc":{"Dur\u00e9e de lecture estim\u00e9e":"2 minutes"},"schema":{"@context":"https:\/\/schema.org","@graph":[{"@type":"WebPage","@id":"https:\/\/auslaenderbehoerde.org\/impressum\/","url":"https:\/\/auslaenderbehoerde.org\/impressum\/","name":"Mentions l\u00e9gales - auslaenderbehoerde.org","isPartOf":{"@id":"https:\/\/auslaenderbehoerde.org\/#website"},"datePublished":"2022-06-27T07:48:18+00:00","dateModified":"2025-12-30T06:05:27+00:00","breadcrumb":{"@id":"https:\/\/auslaenderbehoerde.org\/impressum\/#breadcrumb"},"inLanguage":"fr-FR","potentialAction":[{"@type":"ReadAction","target":["https:\/\/auslaenderbehoerde.org\/impressum\/"]}]},{"@type":"BreadcrumbList","@id":"https:\/\/auslaenderbehoerde.org\/impressum\/#breadcrumb","itemListElement":[{"@type":"ListItem","position":1,"name":"Startseite","item":"https:\/\/auslaenderbehoerde.org\/"},{"@type":"ListItem","position":2,"name":"Impressum"}]},{"@type":"WebSite","@id":"https:\/\/auslaenderbehoerde.org\/#website","url":"https:\/\/auslaenderbehoerde.org\/","name":"auslaenderbehoerde.org","description":"","potentialAction":[{"@type":"SearchAction","target":{"@type":"EntryPoint","urlTemplate":"https:\/\/auslaenderbehoerde.org\/?s={search_term_string}"},"query-input":{"@type":"PropertyValueSpecification","valueRequired":true,"valueName":"search_term_string"}}],"inLanguage":"fr-FR"}]}},"_links":{"self":[{"href":"https:\/\/auslaenderbehoerde.org\/fr\/wp-json\/wp\/v2\/pages\/20","targetHints":{"allow":["GET"]}}],"collection":[{"href":"https:\/\/auslaenderbehoerde.org\/fr\/wp-json\/wp\/v2\/pages"}],"about":[{"href":"https:\/\/auslaenderbehoerde.org\/fr\/wp-json\/wp\/v2\/types\/page"}],"author":[{"embeddable":true,"href":"https:\/\/auslaenderbehoerde.org\/fr\/wp-json\/wp\/v2\/users\/1"}],"replies":[{"embeddable":true,"href":"https:\/\/auslaenderbehoerde.org\/fr\/wp-json\/wp\/v2\/comments?post=20"}],"version-history":[{"count":3,"href":"https:\/\/auslaenderbehoerde.org\/fr\/wp-json\/wp\/v2\/pages\/20\/revisions"}],"predecessor-version":[{"id":2475,"href":"https:\/\/auslaenderbehoerde.org\/fr\/wp-json\/wp\/v2\/pages\/20\/revisions\/2475"}],"wp:attachment":[{"href":"https:\/\/auslaenderbehoerde.org\/fr\/wp-json\/wp\/v2\/media?parent=20"}],"curies":[{"name":"wp","href":"https:\/\/api.w.org\/{rel}","templated":true}]}}