{"id":23,"date":"2022-06-27T09:51:14","date_gmt":"2022-06-27T07:51:14","guid":{"rendered":"https:\/\/auslaenderbehoerde.org\/?page_id=23"},"modified":"2022-07-20T13:35:46","modified_gmt":"2022-07-20T11:35:46","slug":"kontakt","status":"publish","type":"page","link":"https:\/\/auslaenderbehoerde.org\/fr\/contact\/","title":{"rendered":"Contact"},"content":{"rendered":"<p>Nous essayons de garder nos entr\u00e9es \u00e0 jour. Malgr\u00e9 le plus grand soin, des erreurs peuvent s&#039;y glisser. Toutefois, si vous souhaitez signaler une erreur de notre part, nous vous serions reconnaissants de nous envoyer un e-mail vous informant des modifications.<\/p>\n<p><strong>Ce site Web n&#039;est pas un site Web officiel des autorit\u00e9s de l&#039;immigration.\u00a0<\/strong><\/p>\n<p><strong>Veuillez comprendre qu&#039;en tant qu&#039;op\u00e9rateur du site, nous ne pouvons fournir aucun conseil, aucune information ou aucun rendez-vous.<\/strong><\/p>\n\n<div class=\"wpcf7 no-js\" id=\"wpcf7-f22-o1\" lang=\"de-DE\" dir=\"ltr\" data-wpcf7-id=\"22\">\n<div class=\"screen-reader-response\"><p role=\"status\" aria-live=\"polite\" aria-atomic=\"true\"><\/p> <ul><\/ul><\/div>\n<form action=\"\/fr\/wp-json\/wp\/v2\/pages\/23#wpcf7-f22-o1\" method=\"post\" class=\"wpcf7-form init\" aria-label=\"formulaire de contact\" novalidate=\"novalidate\" data-status=\"init\" data-trp-original-action=\"\/fr\/wp-json\/wp\/v2\/pages\/23#wpcf7-f22-o1\">\n<fieldset class=\"hidden-fields-container\"><input type=\"hidden\" name=\"_wpcf7\" value=\"22\" \/><input type=\"hidden\" name=\"_wpcf7_version\" value=\"6.1.4\" \/><input type=\"hidden\" name=\"_wpcf7_locale\" value=\"de_DE\" \/><input type=\"hidden\" name=\"_wpcf7_unit_tag\" value=\"wpcf7-f22-o1\" \/><input type=\"hidden\" name=\"_wpcf7_container_post\" value=\"0\" \/><input type=\"hidden\" name=\"_wpcf7_posted_data_hash\" value=\"\" \/>\n<\/fieldset>\n<p><label> votre nom<br \/>\n<span class=\"wpcf7-form-control-wrap\" data-name=\"your-name\"><input size=\"40\" maxlength=\"400\" class=\"wpcf7-form-control wpcf7-text wpcf7-validates-as-required\" aria-required=\"true\" aria-invalid=\"false\" value=\"\" type=\"text\" name=\"your-name\" \/><\/span> <\/label>\n<\/p>\n<p><label> Votre adresse e-mail<br \/>\n<span class=\"wpcf7-form-control-wrap\" data-name=\"your-email\"><input size=\"40\" maxlength=\"400\" class=\"wpcf7-form-control wpcf7-email wpcf7-validates-as-required wpcf7-text wpcf7-validates-as-email\" aria-required=\"true\" aria-invalid=\"false\" value=\"\" type=\"email\" name=\"your-email\" \/><\/span> <\/label>\n<\/p>\n<p><label> Concernant<br \/>\n<span class=\"wpcf7-form-control-wrap\" data-name=\"your-subject\"><input size=\"40\" maxlength=\"400\" class=\"wpcf7-form-control wpcf7-text wpcf7-validates-as-required\" aria-required=\"true\" aria-invalid=\"false\" value=\"\" type=\"text\" name=\"your-subject\" \/><\/span> <\/label>\n<\/p>\n<p><label> Votre message (facultatif)<br \/>\n<span class=\"wpcf7-form-control-wrap\" data-name=\"your-message\"><textarea cols=\"40\" rows=\"10\" maxlength=\"2000\" class=\"wpcf7-form-control wpcf7-textarea\" aria-invalid=\"false\" name=\"your-message\"><\/textarea><\/span> <\/label><br \/>\n<span class=\"wpcf7-form-control-wrap\" data-name=\"quiz-239\"><label><span class=\"wpcf7-quiz-label\">1+1=?<\/span> <input size=\"40\" class=\"wpcf7-form-control wpcf7-quiz\" autocomplete=\"off\" aria-required=\"true\" aria-invalid=\"false\" type=\"text\" name=\"quiz-239\" \/><\/label><input type=\"hidden\" name=\"_wpcf7_quiz_answer_quiz-239\" value=\"83228ca61ebb008fb480419d3f4cf867\" \/><\/span>\n<\/p>\n<p><input class=\"wpcf7-form-control wpcf7-submit has-spinner\" type=\"submit\" value=\"Envoyer\" \/>\n<\/p><div class=\"wpcf7-response-output\" aria-hidden=\"true\"><\/div>\n<input type=\"hidden\" name=\"trp-form-language\" value=\"fr\"\/><\/form>\n<\/div>","protected":false},"excerpt":{"rendered":"<p>Nous essayons de maintenir nos entr\u00e9es \u00e0 jour. Malgr\u00e9 le plus grand soin, des erreurs peuvent encore survenir. Toutefois, si vous souhaitez nous signaler une erreur, nous appr\u00e9cierions que vous nous envoyiez un email nous informant des modifications. Ce site Web n&#039;est pas un site Web officiel des autorit\u00e9s de l&#039;immigration. Veuillez comprendre qu&#039;en tant qu&#039;exploitants de sites, nous n&#039;avons pas...&nbsp;<a href=\"https:\/\/auslaenderbehoerde.org\/fr\/contact\/\" rel=\"bookmark\">En savoir plus &quot;<span class=\"screen-reader-text\">Contact<\/span><\/a><\/p>","protected":false},"author":1,"featured_media":0,"parent":0,"menu_order":0,"comment_status":"closed","ping_status":"closed","template":"","meta":{"neve_meta_sidebar":"","neve_meta_container":"","neve_meta_enable_content_width":"off","neve_meta_content_width":100,"neve_meta_title_alignment":"","neve_meta_author_avatar":"","neve_post_elements_order":"","neve_meta_disable_header":"","neve_meta_disable_footer":"","neve_meta_disable_title":"","neve_meta_reading_time":"","footnotes":""},"class_list":["post-23","page","type-page","status-publish","hentry"],"yoast_head":"<!-- This site is optimized with the Yoast SEO plugin v26.6 - https:\/\/yoast.com\/wordpress\/plugins\/seo\/ -->\n<title>Kontakt - auslaenderbehoerde.org<\/title>\n<meta name=\"robots\" content=\"noindex, follow\" \/>\n<meta property=\"og:locale\" content=\"fr_FR\" \/>\n<meta property=\"og:type\" content=\"article\" \/>\n<meta property=\"og:title\" content=\"Kontakt - auslaenderbehoerde.org\" \/>\n<meta property=\"og:description\" content=\"Wir versuchen, unsere Eintr\u00e4ge aktuell zu halten. Trotz gr\u00f6\u00dfter Sorgfalt k\u00f6nnen sich Fehler einschleichen. Falls Sie allerdings einen Fehler von uns melden m\u00f6chten, w\u00fcrden wir uns freuen, wenn Sie uns eine E-Mail mit Hinweis auf die \u00c4nderungen zusenden. Diese Webseite ist keine offizielle Webseite der Ausl\u00e4nderbeh\u00f6rden.\u00a0 Bitte haben Sie Verst\u00e4ndnis, dass wir als Seitenbetreiber keinerlei&hellip;&nbsp;Read More &raquo;Kontakt\" \/>\n<meta property=\"og:url\" content=\"https:\/\/auslaenderbehoerde.org\/fr\/contact\/\" \/>\n<meta property=\"og:site_name\" content=\"auslaenderbehoerde.org\" \/>\n<meta property=\"article:modified_time\" content=\"2022-07-20T11:35:46+00:00\" \/>\n<meta name=\"twitter:card\" content=\"summary_large_image\" \/>\n<meta name=\"twitter:label1\" content=\"Dur\u00e9e de lecture estim\u00e9e\" \/>\n\t<meta name=\"twitter:data1\" content=\"1 minute\" \/>\n<script type=\"application\/ld+json\" class=\"yoast-schema-graph\">{\"@context\":\"https:\/\/schema.org\",\"@graph\":[{\"@type\":\"WebPage\",\"@id\":\"https:\/\/auslaenderbehoerde.org\/kontakt\/\",\"url\":\"https:\/\/auslaenderbehoerde.org\/kontakt\/\",\"name\":\"Kontakt - auslaenderbehoerde.org\",\"isPartOf\":{\"@id\":\"https:\/\/auslaenderbehoerde.org\/#website\"},\"datePublished\":\"2022-06-27T07:51:14+00:00\",\"dateModified\":\"2022-07-20T11:35:46+00:00\",\"breadcrumb\":{\"@id\":\"https:\/\/auslaenderbehoerde.org\/kontakt\/#breadcrumb\"},\"inLanguage\":\"fr-FR\",\"potentialAction\":[{\"@type\":\"ReadAction\",\"target\":[\"https:\/\/auslaenderbehoerde.org\/kontakt\/\"]}]},{\"@type\":\"BreadcrumbList\",\"@id\":\"https:\/\/auslaenderbehoerde.org\/kontakt\/#breadcrumb\",\"itemListElement\":[{\"@type\":\"ListItem\",\"position\":1,\"name\":\"Startseite\",\"item\":\"https:\/\/auslaenderbehoerde.org\/\"},{\"@type\":\"ListItem\",\"position\":2,\"name\":\"Kontakt\"}]},{\"@type\":\"WebSite\",\"@id\":\"https:\/\/auslaenderbehoerde.org\/#website\",\"url\":\"https:\/\/auslaenderbehoerde.org\/\",\"name\":\"auslaenderbehoerde.org\",\"description\":\"\",\"potentialAction\":[{\"@type\":\"SearchAction\",\"target\":{\"@type\":\"EntryPoint\",\"urlTemplate\":\"https:\/\/auslaenderbehoerde.org\/?s={search_term_string}\"},\"query-input\":{\"@type\":\"PropertyValueSpecification\",\"valueRequired\":true,\"valueName\":\"search_term_string\"}}],\"inLanguage\":\"fr-FR\"}]}<\/script>\n<!-- \/ Yoast SEO plugin. -->","yoast_head_json":{"title":"Contact - auslaenderbehoerde.org","robots":{"index":"noindex","follow":"follow"},"og_locale":"fr_FR","og_type":"article","og_title":"Kontakt - auslaenderbehoerde.org","og_description":"Wir versuchen, unsere Eintr\u00e4ge aktuell zu halten. Trotz gr\u00f6\u00dfter Sorgfalt k\u00f6nnen sich Fehler einschleichen. Falls Sie allerdings einen Fehler von uns melden m\u00f6chten, w\u00fcrden wir uns freuen, wenn Sie uns eine E-Mail mit Hinweis auf die \u00c4nderungen zusenden. Diese Webseite ist keine offizielle Webseite der Ausl\u00e4nderbeh\u00f6rden.\u00a0 Bitte haben Sie Verst\u00e4ndnis, dass wir als Seitenbetreiber keinerlei&hellip;&nbsp;Read More &raquo;Kontakt","og_url":"https:\/\/auslaenderbehoerde.org\/fr\/contact\/","og_site_name":"auslaenderbehoerde.org","article_modified_time":"2022-07-20T11:35:46+00:00","twitter_card":"summary_large_image","twitter_misc":{"Dur\u00e9e de lecture estim\u00e9e":"1 minute"},"schema":{"@context":"https:\/\/schema.org","@graph":[{"@type":"WebPage","@id":"https:\/\/auslaenderbehoerde.org\/kontakt\/","url":"https:\/\/auslaenderbehoerde.org\/kontakt\/","name":"Contact - auslaenderbehoerde.org","isPartOf":{"@id":"https:\/\/auslaenderbehoerde.org\/#website"},"datePublished":"2022-06-27T07:51:14+00:00","dateModified":"2022-07-20T11:35:46+00:00","breadcrumb":{"@id":"https:\/\/auslaenderbehoerde.org\/kontakt\/#breadcrumb"},"inLanguage":"fr-FR","potentialAction":[{"@type":"ReadAction","target":["https:\/\/auslaenderbehoerde.org\/kontakt\/"]}]},{"@type":"BreadcrumbList","@id":"https:\/\/auslaenderbehoerde.org\/kontakt\/#breadcrumb","itemListElement":[{"@type":"ListItem","position":1,"name":"Startseite","item":"https:\/\/auslaenderbehoerde.org\/"},{"@type":"ListItem","position":2,"name":"Kontakt"}]},{"@type":"WebSite","@id":"https:\/\/auslaenderbehoerde.org\/#website","url":"https:\/\/auslaenderbehoerde.org\/","name":"auslaenderbehoerde.org","description":"","potentialAction":[{"@type":"SearchAction","target":{"@type":"EntryPoint","urlTemplate":"https:\/\/auslaenderbehoerde.org\/?s={search_term_string}"},"query-input":{"@type":"PropertyValueSpecification","valueRequired":true,"valueName":"search_term_string"}}],"inLanguage":"fr-FR"}]}},"_links":{"self":[{"href":"https:\/\/auslaenderbehoerde.org\/fr\/wp-json\/wp\/v2\/pages\/23","targetHints":{"allow":["GET"]}}],"collection":[{"href":"https:\/\/auslaenderbehoerde.org\/fr\/wp-json\/wp\/v2\/pages"}],"about":[{"href":"https:\/\/auslaenderbehoerde.org\/fr\/wp-json\/wp\/v2\/types\/page"}],"author":[{"embeddable":true,"href":"https:\/\/auslaenderbehoerde.org\/fr\/wp-json\/wp\/v2\/users\/1"}],"replies":[{"embeddable":true,"href":"https:\/\/auslaenderbehoerde.org\/fr\/wp-json\/wp\/v2\/comments?post=23"}],"version-history":[{"count":4,"href":"https:\/\/auslaenderbehoerde.org\/fr\/wp-json\/wp\/v2\/pages\/23\/revisions"}],"predecessor-version":[{"id":1572,"href":"https:\/\/auslaenderbehoerde.org\/fr\/wp-json\/wp\/v2\/pages\/23\/revisions\/1572"}],"wp:attachment":[{"href":"https:\/\/auslaenderbehoerde.org\/fr\/wp-json\/wp\/v2\/media?parent=23"}],"curies":[{"name":"wp","href":"https:\/\/api.w.org\/{rel}","templated":true}]}}