{"id":27,"date":"2022-06-27T09:55:59","date_gmt":"2022-06-27T07:55:59","guid":{"rendered":"https:\/\/auslaenderbehoerde.org\/?page_id=27"},"modified":"2022-10-28T15:32:27","modified_gmt":"2022-10-28T13:32:27","slug":"auslaenderbehoerde","status":"publish","type":"page","link":"https:\/\/auslaenderbehoerde.org\/fr\/","title":{"rendered":"Autorit\u00e9 des \u00e9trangers"},"content":{"rendered":"<p>Les \u00e9trangers qui souhaitent vivre et travailler en Allemagne doivent d&#039;abord contacter les autorit\u00e9s de l&#039;immigration. Ceci est \u00e9galement connu comme le bureau de l&#039;immigration. Chaque \u00c9tat f\u00e9d\u00e9ral a sa propre autorit\u00e9. Selon le pays \u00e0 partir duquel vous souhaitez entrer en Allemagne, un visa est requis. Cela peut \u00e9galement \u00eatre demand\u00e9 au bureau de l&#039;immigration.<\/p>\n<h2>Trouver le bureau d&#039;immigration responsable<\/h2>\n<p>Voici un aper\u00e7u complet de la <strong>adresses<\/strong>, <strong>d\u00e9tails du contact<\/strong>,<strong>\u00a0num\u00e9ros de t\u00e9l\u00e9phone et<\/strong>\u00a0<strong>Horaires d&#039;ouvertures<\/strong> ainsi que d&#039;autres informations utiles des autorit\u00e9s d&#039;immigration responsables de vous.<\/p>\n<p>Veuillez s\u00e9lectionner votre \u00e9tat f\u00e9d\u00e9ral dans la liste ou entrer le terme de recherche dans le champ de recherche sur notre page d&#039;accueil en haut \u00e0 droite.<\/p>\n<ul>\n<li><a href=\"https:\/\/auslaenderbehoerde.org\/fr\/services-dimmigration-du-bade-wurtemberg\/\">Autorit\u00e9s de l&#039;immigration du Bade-Wurtemberg<\/a><\/li>\n<li><a href=\"https:\/\/auslaenderbehoerde.org\/fr\/autorites-de-limmigration-en-baviere\/\">Autorit\u00e9s de l&#039;immigration en Bavi\u00e8re<\/a><\/li>\n<li><a href=\"https:\/\/auslaenderbehoerde.org\/fr\/services-dimmigration-de-berlin\/\">Autorit\u00e9s de l&#039;immigration \u00e0 Berlin<\/a><\/li>\n<li><a href=\"https:\/\/auslaenderbehoerde.org\/fr\/services-dimmigration-dans-le-brandebourg\/\">Autorit\u00e9s de l&#039;immigration dans le Brandebourg<\/a><\/li>\n<li><a href=\"https:\/\/auslaenderbehoerde.org\/fr\/autorites-de-limmigration-a-breme\/\">Autorit\u00e9s de l&#039;immigration \u00e0 Br\u00eame<\/a><\/li>\n<li><a href=\"https:\/\/auslaenderbehoerde.org\/fr\/services-dimmigration-a-hambourg\/\">Autorit\u00e9s de l&#039;immigration \u00e0 Hambourg<\/a><\/li>\n<li><a href=\"https:\/\/auslaenderbehoerde.org\/fr\/autorites-de-limmigration-en-hesse\/\">Autorit\u00e9s de l&#039;immigration en Hesse<\/a><\/li>\n<li><a href=\"https:\/\/auslaenderbehoerde.org\/fr\/autorites-de-limmigration-dans-le-mecklembourg-pomeranie\/\">Autorit\u00e9s de l&#039;immigration dans le Mecklembourg-Pom\u00e9ranie occidentale<\/a><\/li>\n<li><a href=\"https:\/\/auslaenderbehoerde.org\/fr\/services-dimmigration-en-basse-saxe\/\">Autorit\u00e9s de l&#039;immigration en Basse-Saxe<\/a><\/li>\n<li><a href=\"https:\/\/auslaenderbehoerde.org\/fr\/autorites-de-limmigration-en-rhenanie-du-nord-westphalie\/\">Autorit\u00e9s de l&#039;immigration en Rh\u00e9nanie du Nord-Westphalie<\/a><\/li>\n<li><a href=\"https:\/\/auslaenderbehoerde.org\/fr\/services-dimmigration-en-rhenanie-palatinat\/\">Autorit\u00e9s de l&#039;immigration en Rh\u00e9nanie-Palatinat<\/a><\/li>\n<li><a href=\"https:\/\/auslaenderbehoerde.org\/fr\/autorites-de-limmigration-en-sarre\/\">Autorit\u00e9s de l&#039;immigration en Sarre<\/a><\/li>\n<li><a href=\"https:\/\/auslaenderbehoerde.org\/fr\/autorites-de-limmigration-en-saxe\/\">Autorit\u00e9s de l&#039;immigration en Saxe<\/a><\/li>\n<li><a href=\"https:\/\/auslaenderbehoerde.org\/fr\/services-dimmigration-en-saxe-anhalt\/\">Autorit\u00e9s de l&#039;immigration en Saxe-Anhalt<\/a><\/li>\n<li><a href=\"https:\/\/auslaenderbehoerde.org\/fr\/services-dimmigration-du-schleswig-holstein\/\">Autorit\u00e9s de l&#039;immigration du Schleswig-Holstein<\/a><\/li>\n<li><a href=\"https:\/\/auslaenderbehoerde.org\/fr\/autorites-de-limmigration-en-thuringe\/\">autorit\u00e9s de l&#039;immigration en Thuringe<\/a><\/li>\n<\/ul>\n<p class=\"LC20lb DKV0Md\">Toutes les informations sans garantie et sujettes \u00e0 modification<\/p>\n<h2>Dans quelles villes les autorit\u00e9s de l&#039;immigration sont-elles repr\u00e9sent\u00e9es\u00a0?<\/h2>\n<p>Le bureau de l&#039;immigration est apr\u00e8s <a href=\"https:\/\/www.gesetze-im-internet.de\/aufenthg_2004\/__71.html\" target=\"_blank\" rel=\"noopener\">Article 71<\/a> Loi sur la r\u00e9sidence active. Il r\u00e9glemente de mani\u00e8re responsable toutes les d\u00e9cisions et mesures relatives au passeport et au droit de s\u00e9jour des \u00e9trangers. Les services de l&#039;immigration d\u00e9cident si et comment les \u00e9trangers peuvent vivre, travailler et s&#039;int\u00e9grer en R\u00e9publique f\u00e9d\u00e9rale. Chaque \u00c9tat f\u00e9d\u00e9ral organise ses propres autorit\u00e9s dans diff\u00e9rentes villes. Il y a un bureau d&#039;immigration dans chaque district ou ville.<\/p>\n<p>Les bureaux de l&#039;immigration sont charg\u00e9s de veiller \u00e0 ce que la loi sur l&#039;immigration soit appliqu\u00e9e conform\u00e9ment \u00e0 la situation juridique. Dans certains \u00c9tats f\u00e9d\u00e9raux, les villes appartenant \u00e0 des districts d&#039;une certaine taille ont \u00e9galement leur propre bureau d&#039;immigration. La d\u00e9cision quant aux villes qui ont leurs propres autorit\u00e9s d&#039;immigration d\u00e9pend des \u00c9tats f\u00e9d\u00e9raux.<\/p>\n<h2>Quelles sont les t\u00e2ches des autorit\u00e9s de l&#039;immigration?<\/h2>\n<p>Chaque \u00e9tranger qui entre en Allemagne depuis l&#039;\u00e9tranger pour y vivre et y travailler a besoin d&#039;un <a href=\"https:\/\/auslaenderbehoerde.org\/fr\/permis-de-residence\/\">permis de r\u00e9sidence<\/a>. Les autorit\u00e9s de l&#039;immigration sont la premi\u00e8re adresse pour les \u00e9trangers entrant dans le pays. Elle est responsable de l&#039;octroi ou du refus d&#039;un titre de s\u00e9jour. En outre, si n\u00e9cessaire, un permis d&#039;\u00e9tablissement sera d\u00e9livr\u00e9 conform\u00e9ment \u00e0 la loi sur le s\u00e9jour en ce qui concerne le but de s\u00e9jour souhait\u00e9 ou une expulsion sera initi\u00e9e. Si les instructions des autorit\u00e9s de l&#039;immigration ne sont pas suivies, l&#039;expulsion peut \u00eatre initi\u00e9e. Les autorit\u00e9s de l&#039;immigration fournissent non seulement <a href=\"https:\/\/auslaenderbehoerde.org\/fr\/permis-de-residence-2\/\">permis de r\u00e9sidence<\/a> mais aussi des papiers de passeport de remplacement si ceux-ci sont n\u00e9cessaires.<\/p>\n<p>Les bureaux de l&#039;immigration sont \u00e9galement responsables des demandeurs d&#039;asile et des personnes d\u00e9plac\u00e9es. Ils d\u00e9cident des permis de s\u00e9jour et les d\u00e9livrent si la d\u00e9cision est positive. L&#039;Office f\u00e9d\u00e9ral des migrations et des r\u00e9fugi\u00e9s (BAMF) est alors responsable de la conduite de la proc\u00e9dure d&#039;asile. De m\u00eame pour la d\u00e9livrance des documents de voyage et la tol\u00e9rance envers les \u00e9trangers. La d\u00e9cision de savoir si les conditions l\u00e9gales du regroupement familial sont remplies est \u00e9galement prise par le BAMF. Les autorit\u00e9s de l&#039;immigration sont impliqu\u00e9es dans la d\u00e9livrance des visas.<\/p>\n<p>La responsabilit\u00e9 de l&#039;autorit\u00e9 des \u00e9trangers porte \u00e9galement sur de nombreuses autres t\u00e2ches. Le type et la dur\u00e9e du permis de s\u00e9jour varient consid\u00e9rablement. Certains se voient accorder un d\u00e9lai, tandis que d&#039;autres se voient refuser leur permis de s\u00e9jour et\/ou se voient d\u00e9livrer un permis de sortie conform\u00e9ment \u00e0 la loi sur le s\u00e9jour. L&#039;identit\u00e9 de la personne doit \u00eatre clarifi\u00e9e s&#039;il existe une obligation de quitter le pays. Ces activit\u00e9s et de nombreuses autres sont trait\u00e9es par le Bureau de l&#039;immigration. Vous trouverez ci-dessous un aper\u00e7u de toutes les activit\u00e9s qui rel\u00e8vent de la comp\u00e9tence des autorit\u00e9s de l&#039;immigration\u00a0:<\/p>\n<ul style=\"list-style-type: circle;\">\n<li>S&#039;inscrire<\/li>\n<li>proc\u00e9dure d&#039;asile<\/li>\n<li>aide aux r\u00e9fugi\u00e9s<\/li>\n<li>la protection sociale<\/li>\n<li>cours d&#039;int\u00e9gration<\/li>\n<li>Organisation et autorisation d&#039;entr\u00e9e et de s\u00e9jour en Allemagne<\/li>\n<li>droit aux prestations<\/li>\n<li>remboursement et soins de sant\u00e9<\/li>\n<li>\u00e9tat civil<\/li>\n<li>d\u00e9claration d&#039;engagement<\/li>\n<li>possibilit\u00e9s d&#039;h\u00e9bergement<\/li>\n<\/ul>\n<h3><span id=\"Wie_kann_ich_einen_Termin_beim_Jugendamt_vereinbaren\">Comment puis-je prendre rendez-vous \u00e0 l&#039;Office des \u00e9trangers ?<\/span><\/h3>\n<p>En r\u00e8gle g\u00e9n\u00e9rale, vous pouvez prendre rendez-vous par t\u00e9l\u00e9phone, en utilisant le formulaire de contact ou via le portail de services de la ville concern\u00e9e. Dans certaines villes, vous pouvez t\u00e9l\u00e9charger divers formulaires en ligne pour clarifier \u00e0 l&#039;avance des questions importantes. L&#039;adresse et les heures d&#039;ouverture peuvent \u00eatre consult\u00e9es en ligne. Assurez-vous d&#039;avoir tous les documents n\u00e9cessaires avant de vous rendre \u00e0 l&#039;agence.<\/p>\n<div class=\"su-note\"  style=\"border-color:#d1d1d0;border-radius:3px;-moz-border-radius:3px;-webkit-border-radius:3px;\"><div class=\"su-note-inner su-u-clearfix su-u-trim\" style=\"background-color:#ebebea;border-color:#ffffff;color:#444444;border-radius:3px;-moz-border-radius:3px;-webkit-border-radius:3px;\"><b>Un avis: <\/b>Pour les bureaux et les autorit\u00e9s, vous avez g\u00e9n\u00e9ralement besoin des documents ou des certificats comme <a href=\"https:\/\/tidd.ly\/3y8DKdr\" target=\"_blank\" rel=\"noopener\">traduction certifi\u00e9e<\/a>*.<\/div><\/div>\n<p><strong>Vous attendez des visiteurs de l&#039;\u00e9tranger ?<\/strong> Avec un <a href=\"https:\/\/auslaenderbehoerde.org\/fr\/assurance-voyage-pour-visiteurs-etrangers\/\">Assurance voyage pour les invit\u00e9s \u00e9trangers<\/a> b\u00e9n\u00e9ficier d&#039;une protection compl\u00e8te en Allemagne et en Europe.<\/p>\n<h3>La loi de l&#039;\u00c9tat r\u00e9glemente la juridiction locale pour les \u00e9trangers<\/h3>\n<p>La loi f\u00e9d\u00e9rale ne r\u00e9glemente pas la juridiction locale pour un \u00e9tranger. La loi compl\u00e9mentaire de l&#039;\u00c9tat en est responsable.<br \/>\nEn r\u00e8gle g\u00e9n\u00e9rale, le lieu de r\u00e9sidence habituel est responsable de votre juridiction locale.<\/p>\n<h3>C&#039;est ainsi que les d\u00e9cisions dans les pays sont effectivement mises en \u0153uvre<\/h3>\n<p>Si le BAMF prend une d\u00e9cision n\u00e9gative et que des d\u00e9cisions mettant fin au s\u00e9jour sont prises, celles-ci doivent \u00eatre mises en \u0153uvre rapidement. Les autorit\u00e9s de l&#039;immigration sont responsables de l&#039;ex\u00e9cution de ces d\u00e9cisions. Les exigences l\u00e9gales n\u00e9cessaires \u00e0 l&#039;expulsion des \u00e9trangers concern\u00e9s sont \u00e9galement \u00e9valu\u00e9es par les autorit\u00e9s de l&#039;immigration. Les vols qui satisfont aux exigences sont ensuite enregistr\u00e9s par les autorit\u00e9s responsables. La police d&#039;\u00c9tat comp\u00e9tente contr\u00f4le ensuite l&#039;ex\u00e9cution proprement dite.<\/p>\n<p>Les autorit\u00e9s de l&#039;immigration de Rh\u00e9nanie-du-Nord-Westphalie font exception et ont le statut d&#039;autorit\u00e9 de r\u00e9gulation sp\u00e9ciale au sens de l&#039;article 12 OBG. Cela signifie que les autorit\u00e9s de l&#039;immigration de Rh\u00e9nanie-du-Nord-Westphalie peuvent proc\u00e9der \u00e0 des mesures d&#039;arrestation et d&#039;expulsion avec l&#039;aide d&#039;agents d&#039;ex\u00e9cution sp\u00e9ciaux conform\u00e9ment \u00e0 l&#039;article 62 de la loi sur le s\u00e9jour. Selon l&#039;article 113 du code p\u00e9nal, ils sont l\u00e9gitim\u00e9s et s\u00e9curis\u00e9s au m\u00eame titre que les agents des forces de l&#039;ordre et les policiers.<\/p>\n<p>Si les \u00e9trangers qui souhaitent un visa d&#039;\u00e9tudiant, Schengen ou de visiteur pour se rendre en Allemagne, en fonction de leur pays d&#039;origine, ils doivent s&#039;adresser \u00e0 l&#039;autorit\u00e9 comp\u00e9tente pour les \u00e9trangers. <a href=\"https:\/\/auslaenderbehoerde.org\/fr\/declaration-dengagement\/\">d\u00e9claration d&#039;engagement<\/a> \u00eatre donn\u00e9. Avec la d\u00e9claration d&#039;engagement pr\u00e9alable \u00e0 la d\u00e9livrance d&#039;un visa, les autorit\u00e9s de l&#039;immigration s&#039;assurent que les visiteurs ou ceux qui les invitent sont oblig\u00e9s de supporter tous les frais qu&#039;ils encourront eux-m\u00eames pendant leur s\u00e9jour en Allemagne.<\/p>\n<h3 id=\"customheading6\"><strong>Liens connexes\u00a0<\/strong><\/h3>\n<ul style=\"list-style-type: circle;\">\n<li><a href=\"https:\/\/auslaenderbehoerde.org\/fr\/premiers-pas-en-allemagne\/\">Premiers pas en Allemagne<\/a><\/li>\n<\/ul>","protected":false},"excerpt":{"rendered":"<p>Les \u00e9trangers qui souhaitent vivre et travailler en Allemagne doivent d&#039;abord s&#039;adresser aux autorit\u00e9s de l&#039;immigration. Ceci est \u00e9galement connu sous le nom de bureau de l&#039;immigration. Il existe une autorit\u00e9 distincte pour chaque \u00c9tat f\u00e9d\u00e9ral. Selon le pays \u00e0 partir duquel vous souhaitez entrer en Allemagne, un visa est requis. Cela peut \u00e9galement \u00eatre demand\u00e9 aupr\u00e8s de l\u2019autorit\u00e9 de l\u2019immigration. Trouvez le\u2026&nbsp;<a href=\"https:\/\/auslaenderbehoerde.org\/fr\/\" rel=\"bookmark\">En savoir plus &quot;<span class=\"screen-reader-text\">Autorit\u00e9 des \u00e9trangers<\/span><\/a><\/p>","protected":false},"author":1,"featured_media":65,"parent":0,"menu_order":0,"comment_status":"closed","ping_status":"closed","template":"","meta":{"neve_meta_sidebar":"","neve_meta_container":"","neve_meta_enable_content_width":"off","neve_meta_content_width":100,"neve_meta_title_alignment":"","neve_meta_author_avatar":"","neve_post_elements_order":"","neve_meta_disable_header":"","neve_meta_disable_footer":"","neve_meta_disable_title":"","neve_meta_reading_time":"","footnotes":""},"class_list":["post-27","page","type-page","status-publish","has-post-thumbnail","hentry"],"yoast_head":"<!-- This site is optimized with the Yoast SEO plugin v26.6 - https:\/\/yoast.com\/wordpress\/plugins\/seo\/ -->\n<title>Ausl\u00e4nderbeh\u00f6rden in Deutschland - Aufgaben und Zust\u00e4ndigkeit<\/title>\n<meta name=\"description\" content=\"Hier finden Sie alle Adressen und Kontaktinformationen der Ausl\u00e4nder\u00e4mter oder auch Ausl\u00e4nderbeh\u00f6rden in Deutschland nach Bundesland geordnet\" \/>\n<meta name=\"robots\" content=\"index, follow, max-snippet:-1, max-image-preview:large, max-video-preview:-1\" \/>\n<link rel=\"canonical\" href=\"https:\/\/auslaenderbehoerde.org\/fr\/\" \/>\n<meta property=\"og:locale\" content=\"fr_FR\" \/>\n<meta property=\"og:type\" content=\"article\" \/>\n<meta property=\"og:title\" content=\"Ausl\u00e4nderbeh\u00f6rden in Deutschland - Aufgaben und Zust\u00e4ndigkeit\" \/>\n<meta property=\"og:description\" content=\"Hier finden Sie alle Adressen und Kontaktinformationen der Ausl\u00e4nder\u00e4mter oder auch Ausl\u00e4nderbeh\u00f6rden in Deutschland nach Bundesland geordnet\" \/>\n<meta property=\"og:url\" content=\"https:\/\/auslaenderbehoerde.org\/fr\/\" \/>\n<meta property=\"og:site_name\" content=\"auslaenderbehoerde.org\" \/>\n<meta property=\"article:modified_time\" content=\"2022-10-28T13:32:27+00:00\" \/>\n<meta property=\"og:image\" content=\"https:\/\/auslaenderbehoerde.org\/wp-content\/uploads\/2022\/06\/Ausla\u0308nderbeho\u0308rde-scaled-e1656327377843.jpeg\" \/>\n\t<meta property=\"og:image:width\" content=\"900\" \/>\n\t<meta property=\"og:image:height\" content=\"675\" \/>\n\t<meta property=\"og:image:type\" content=\"image\/jpeg\" \/>\n<meta name=\"twitter:card\" content=\"summary_large_image\" \/>\n<meta name=\"twitter:label1\" content=\"Dur\u00e9e de lecture estim\u00e9e\" \/>\n\t<meta name=\"twitter:data1\" content=\"5 minutes\" \/>\n<script type=\"application\/ld+json\" class=\"yoast-schema-graph\">{\"@context\":\"https:\/\/schema.org\",\"@graph\":[{\"@type\":\"WebPage\",\"@id\":\"https:\/\/auslaenderbehoerde.org\/\",\"url\":\"https:\/\/auslaenderbehoerde.org\/\",\"name\":\"Ausl\u00e4nderbeh\u00f6rden in Deutschland - Aufgaben und Zust\u00e4ndigkeit\",\"isPartOf\":{\"@id\":\"https:\/\/auslaenderbehoerde.org\/#website\"},\"primaryImageOfPage\":{\"@id\":\"https:\/\/auslaenderbehoerde.org\/#primaryimage\"},\"image\":{\"@id\":\"https:\/\/auslaenderbehoerde.org\/#primaryimage\"},\"thumbnailUrl\":\"https:\/\/auslaenderbehoerde.org\/wp-content\/uploads\/2022\/06\/Ausla\u0308nderbeho\u0308rde-scaled-e1656327377843.jpeg\",\"datePublished\":\"2022-06-27T07:55:59+00:00\",\"dateModified\":\"2022-10-28T13:32:27+00:00\",\"description\":\"Hier finden Sie alle Adressen und Kontaktinformationen der Ausl\u00e4nder\u00e4mter oder auch Ausl\u00e4nderbeh\u00f6rden in Deutschland nach Bundesland geordnet\",\"breadcrumb\":{\"@id\":\"https:\/\/auslaenderbehoerde.org\/#breadcrumb\"},\"inLanguage\":\"fr-FR\",\"potentialAction\":[{\"@type\":\"ReadAction\",\"target\":[\"https:\/\/auslaenderbehoerde.org\/\"]}]},{\"@type\":\"ImageObject\",\"inLanguage\":\"fr-FR\",\"@id\":\"https:\/\/auslaenderbehoerde.org\/#primaryimage\",\"url\":\"https:\/\/auslaenderbehoerde.org\/wp-content\/uploads\/2022\/06\/Ausla\u0308nderbeho\u0308rde-scaled-e1656327377843.jpeg\",\"contentUrl\":\"https:\/\/auslaenderbehoerde.org\/wp-content\/uploads\/2022\/06\/Ausla\u0308nderbeho\u0308rde-scaled-e1656327377843.jpeg\",\"width\":900,\"height\":675,\"caption\":\"Ausl\u00e4nderbeh\u00f6rde\"},{\"@type\":\"BreadcrumbList\",\"@id\":\"https:\/\/auslaenderbehoerde.org\/#breadcrumb\",\"itemListElement\":[{\"@type\":\"ListItem\",\"position\":1,\"name\":\"Startseite\",\"item\":\"https:\/\/auslaenderbehoerde.org\/\"},{\"@type\":\"ListItem\",\"position\":2,\"name\":\"Ausl\u00e4nderbeh\u00f6rde\"}]},{\"@type\":\"WebSite\",\"@id\":\"https:\/\/auslaenderbehoerde.org\/#website\",\"url\":\"https:\/\/auslaenderbehoerde.org\/\",\"name\":\"auslaenderbehoerde.org\",\"description\":\"\",\"potentialAction\":[{\"@type\":\"SearchAction\",\"target\":{\"@type\":\"EntryPoint\",\"urlTemplate\":\"https:\/\/auslaenderbehoerde.org\/?s={search_term_string}\"},\"query-input\":{\"@type\":\"PropertyValueSpecification\",\"valueRequired\":true,\"valueName\":\"search_term_string\"}}],\"inLanguage\":\"fr-FR\"}]}<\/script>\n<!-- \/ Yoast SEO plugin. -->","yoast_head_json":{"title":"Autorit\u00e9s de l&#039;immigration en Allemagne - t\u00e2ches et responsabilit\u00e9s","description":"Vous trouverez ici toutes les adresses et coordonn\u00e9es des bureaux d&#039;immigration ou des autorit\u00e9s d&#039;immigration en Allemagne, tri\u00e9es par \u00c9tat f\u00e9d\u00e9ral","robots":{"index":"index","follow":"follow","max-snippet":"max-snippet:-1","max-image-preview":"max-image-preview:large","max-video-preview":"max-video-preview:-1"},"canonical":"https:\/\/auslaenderbehoerde.org\/fr\/","og_locale":"fr_FR","og_type":"article","og_title":"Ausl\u00e4nderbeh\u00f6rden in Deutschland - Aufgaben und Zust\u00e4ndigkeit","og_description":"Hier finden Sie alle Adressen und Kontaktinformationen der Ausl\u00e4nder\u00e4mter oder auch Ausl\u00e4nderbeh\u00f6rden in Deutschland nach Bundesland geordnet","og_url":"https:\/\/auslaenderbehoerde.org\/fr\/","og_site_name":"auslaenderbehoerde.org","article_modified_time":"2022-10-28T13:32:27+00:00","og_image":[{"width":900,"height":675,"url":"https:\/\/auslaenderbehoerde.org\/wp-content\/uploads\/2022\/06\/Ausla\u0308nderbeho\u0308rde-scaled-e1656327377843.jpeg","type":"image\/jpeg"}],"twitter_card":"summary_large_image","twitter_misc":{"Dur\u00e9e de lecture estim\u00e9e":"5 minutes"},"schema":{"@context":"https:\/\/schema.org","@graph":[{"@type":"WebPage","@id":"https:\/\/auslaenderbehoerde.org\/","url":"https:\/\/auslaenderbehoerde.org\/","name":"Autorit\u00e9s de l&#039;immigration en Allemagne - t\u00e2ches et responsabilit\u00e9s","isPartOf":{"@id":"https:\/\/auslaenderbehoerde.org\/#website"},"primaryImageOfPage":{"@id":"https:\/\/auslaenderbehoerde.org\/#primaryimage"},"image":{"@id":"https:\/\/auslaenderbehoerde.org\/#primaryimage"},"thumbnailUrl":"https:\/\/auslaenderbehoerde.org\/wp-content\/uploads\/2022\/06\/Ausla\u0308nderbeho\u0308rde-scaled-e1656327377843.jpeg","datePublished":"2022-06-27T07:55:59+00:00","dateModified":"2022-10-28T13:32:27+00:00","description":"Vous trouverez ici toutes les adresses et coordonn\u00e9es des bureaux d&#039;immigration ou des autorit\u00e9s d&#039;immigration en Allemagne, tri\u00e9es par \u00c9tat f\u00e9d\u00e9ral","breadcrumb":{"@id":"https:\/\/auslaenderbehoerde.org\/#breadcrumb"},"inLanguage":"fr-FR","potentialAction":[{"@type":"ReadAction","target":["https:\/\/auslaenderbehoerde.org\/"]}]},{"@type":"ImageObject","inLanguage":"fr-FR","@id":"https:\/\/auslaenderbehoerde.org\/#primaryimage","url":"https:\/\/auslaenderbehoerde.org\/wp-content\/uploads\/2022\/06\/Ausla\u0308nderbeho\u0308rde-scaled-e1656327377843.jpeg","contentUrl":"https:\/\/auslaenderbehoerde.org\/wp-content\/uploads\/2022\/06\/Ausla\u0308nderbeho\u0308rde-scaled-e1656327377843.jpeg","width":900,"height":675,"caption":"Ausl\u00e4nderbeh\u00f6rde"},{"@type":"BreadcrumbList","@id":"https:\/\/auslaenderbehoerde.org\/#breadcrumb","itemListElement":[{"@type":"ListItem","position":1,"name":"Startseite","item":"https:\/\/auslaenderbehoerde.org\/"},{"@type":"ListItem","position":2,"name":"Ausl\u00e4nderbeh\u00f6rde"}]},{"@type":"WebSite","@id":"https:\/\/auslaenderbehoerde.org\/#website","url":"https:\/\/auslaenderbehoerde.org\/","name":"auslaenderbehoerde.org","description":"","potentialAction":[{"@type":"SearchAction","target":{"@type":"EntryPoint","urlTemplate":"https:\/\/auslaenderbehoerde.org\/?s={search_term_string}"},"query-input":{"@type":"PropertyValueSpecification","valueRequired":true,"valueName":"search_term_string"}}],"inLanguage":"fr-FR"}]}},"_links":{"self":[{"href":"https:\/\/auslaenderbehoerde.org\/fr\/wp-json\/wp\/v2\/pages\/27","targetHints":{"allow":["GET"]}}],"collection":[{"href":"https:\/\/auslaenderbehoerde.org\/fr\/wp-json\/wp\/v2\/pages"}],"about":[{"href":"https:\/\/auslaenderbehoerde.org\/fr\/wp-json\/wp\/v2\/types\/page"}],"author":[{"embeddable":true,"href":"https:\/\/auslaenderbehoerde.org\/fr\/wp-json\/wp\/v2\/users\/1"}],"replies":[{"embeddable":true,"href":"https:\/\/auslaenderbehoerde.org\/fr\/wp-json\/wp\/v2\/comments?post=27"}],"version-history":[{"count":10,"href":"https:\/\/auslaenderbehoerde.org\/fr\/wp-json\/wp\/v2\/pages\/27\/revisions"}],"predecessor-version":[{"id":1600,"href":"https:\/\/auslaenderbehoerde.org\/fr\/wp-json\/wp\/v2\/pages\/27\/revisions\/1600"}],"wp:featuredmedia":[{"embeddable":true,"href":"https:\/\/auslaenderbehoerde.org\/fr\/wp-json\/wp\/v2\/media\/65"}],"wp:attachment":[{"href":"https:\/\/auslaenderbehoerde.org\/fr\/wp-json\/wp\/v2\/media?parent=27"}],"curies":[{"name":"wp","href":"https:\/\/api.w.org\/{rel}","templated":true}]}}