{"id":52,"date":"2022-06-27T10:05:48","date_gmt":"2022-06-27T08:05:48","guid":{"rendered":"https:\/\/auslaenderbehoerde.org\/?page_id=52"},"modified":"2022-10-13T22:54:56","modified_gmt":"2022-10-13T20:54:56","slug":"auslaenderbehoerden-im-saarland","status":"publish","type":"page","link":"https:\/\/auslaenderbehoerde.org\/fr\/autorites-de-limmigration-en-sarre\/","title":{"rendered":"Autorit\u00e9s de l&#039;immigration en Sarre"},"content":{"rendered":"<p>Vous trouverez ici toutes les adresses, coordonn\u00e9es et heures d&#039;ouverture des autorit\u00e9s d&#039;immigration ou des bureaux d&#039;immigration <strong>Sarre.<\/strong><\/p>\n<p>Dans le Land de Sarre, il existe actuellement <strong>5 autorit\u00e9s de l&#039;immigration<\/strong>qui sont \u00e0 votre disposition pour toute question relative \u00e0 vos affaires.<\/p>\n<h2><span id=\"Uebersicht_aller_Jobcenter_in_Baden-Wuerttemberg\" class=\"ez-toc-section\">Aper\u00e7u des services d&#039;immigration en Sarre<\/span><\/h2>\n<p>Dans la liste, s\u00e9lectionnez le bureau d&#039;immigration ou le bureau d&#039;immigration le plus proche de votre lieu de r\u00e9sidence.<\/p>\n<ul style=\"list-style-type: circle;\">\n<li><a href=\"https:\/\/auslaenderbehoerde.org\/fr\/autorite-dimmigration-homburg\/\">hombourg<\/a><\/li>\n<li><a href=\"https:\/\/auslaenderbehoerde.org\/fr\/autorite-dimmigration-lebach\/\">Lebach<\/a><\/li>\n<li><a href=\"https:\/\/auslaenderbehoerde.org\/fr\/autorite-de-limmigration-sarrebruck\/\">Sarrebruck<\/a><\/li>\n<li><a href=\"https:\/\/auslaenderbehoerde.org\/fr\/office-de-limmigration-st-wendel\/\">Saint-Wendel<\/a><\/li>\n<li><a href=\"https:\/\/auslaenderbehoerde.org\/fr\/autorites-dimmigration-wadern\/\">cuissardes<\/a><\/li>\n<\/ul>\n<p>Toutes les informations sans garantie et sujettes \u00e0 modification<\/p>\n<h2><span class=\"ez-toc-section\">Autorit\u00e9s de l&#039;immigration de la Sarre<\/span><span class=\"ez-toc-section\">\u00a0\u2013 <\/span>devoirs et responsabilit\u00e9s<\/h2>\n<p>Les autorit\u00e9s de l&#039;immigration sont la premi\u00e8re adresse pour les \u00e9trangers entrant dans le pays. Il est charg\u00e9 d&#039;accorder ou de refuser une <a href=\"https:\/\/auslaenderbehoerde.org\/fr\/permis-de-residence\/\">permis de r\u00e9sidence<\/a>. Les bureaux de l&#039;immigration sont charg\u00e9s de veiller \u00e0 ce que la loi sur l&#039;immigration soit appliqu\u00e9e conform\u00e9ment \u00e0 la situation juridique. Ils sont \u00e9galement responsables des demandeurs d&#039;asile et des personnes d\u00e9plac\u00e9es.<\/p>\n<p>L&#039;Office des \u00e9trangers d\u00e9cide <a href=\"https:\/\/auslaenderbehoerde.org\/fr\/permis-de-residence-2\/\">permis de r\u00e9sidence<\/a> et l&#039;\u00e9met si la d\u00e9cision est positive. En outre, un permis d&#039;\u00e9tablissement peut \u00eatre accord\u00e9 conform\u00e9ment \u00e0 la loi sur le s\u00e9jour en ce qui concerne le but de s\u00e9jour souhait\u00e9, ou une expulsion peut \u00eatre initi\u00e9e.<\/p>\n<p>La responsabilit\u00e9 de l&#039;autorit\u00e9 des \u00e9trangers s&#039;\u00e9tend \u00e9galement \u00e0 de nombreuses autres t\u00e2ches. Le type et la dur\u00e9e du permis de s\u00e9jour varient consid\u00e9rablement. Certains se voient accorder un d\u00e9lai, d&#039;autres se voient refuser un permis de s\u00e9jour et\/ou se voient accorder un permis de sortie en vertu de la loi sur le s\u00e9jour.<\/p>\n<p>Le bureau de l&#039;immigration y travaille <a href=\"https:\/\/www.gesetze-im-internet.de\/aufenthg_2004\/__71.html\" target=\"_blank\" rel=\"noopener\">Article 71<\/a> R\u00e9sidence G L&#039;autorit\u00e9 est charg\u00e9e de r\u00e9glementer toutes les d\u00e9cisions et mesures relatives au passeport et au droit de s\u00e9jour des \u00e9trangers.<\/p>\n<p><strong>Autres activit\u00e9s relevant du domaine de responsabilit\u00e9 des autorit\u00e9s de l&#039;immigration:<\/strong><\/p>\n<ul style=\"list-style-type: circle;\">\n<li>proc\u00e9dure d&#039;asile<\/li>\n<li>aide aux r\u00e9fugi\u00e9s<\/li>\n<li>la protection sociale<\/li>\n<li>cours d&#039;int\u00e9gration<\/li>\n<li>Organisation et autorisation d&#039;entr\u00e9e et de s\u00e9jour en Allemagne<\/li>\n<li>droit aux prestations<\/li>\n<li>remboursement et soins de sant\u00e9<\/li>\n<li>\u00e9tat civil<\/li>\n<li><a href=\"https:\/\/auslaenderbehoerde.org\/fr\/declaration-dengagement\/\">d\u00e9claration d&#039;engagement<\/a><\/li>\n<li>possibilit\u00e9s d&#039;h\u00e9bergement<\/li>\n<li>S&#039;inscrire<\/li>\n<\/ul>\n<h3>rendez-vous avec le responsable <span class=\"ez-toc-section\">Autorit\u00e9 des \u00e9trangers<\/span><\/h3>\n<p>En g\u00e9n\u00e9ral, vous pouvez prendre rendez-vous par t\u00e9l\u00e9phone, via le formulaire de contact ou via le portail de services de la ville concern\u00e9e. Dans certaines villes, vous pouvez t\u00e9l\u00e9charger divers formulaires en ligne pour clarifier \u00e0 l&#039;avance des questions importantes. L&#039;adresse et les heures d&#039;ouverture peuvent \u00eatre consult\u00e9es en ligne. Assurez-vous d&#039;avoir tous les documents n\u00e9cessaires remplis avant de vous rendre au bureau de l&#039;immigration.<\/p>\n<div class=\"su-note\"  style=\"border-color:#d1d1d0;border-radius:3px;-moz-border-radius:3px;-webkit-border-radius:3px;\"><div class=\"su-note-inner su-u-clearfix su-u-trim\" style=\"background-color:#ebebea;border-color:#ffffff;color:#444444;border-radius:3px;-moz-border-radius:3px;-webkit-border-radius:3px;\"><b>Un avis: <\/b>Pour les bureaux et les autorit\u00e9s, vous avez g\u00e9n\u00e9ralement besoin des documents ou des certificats comme <a href=\"https:\/\/tidd.ly\/3y8DKdr\" target=\"_blank\" rel=\"noopener\">traduction certifi\u00e9e<\/a>*.<\/div><\/div>\n<p><strong>Vous attendez des visiteurs de l&#039;\u00e9tranger ?<\/strong> Avec un <a href=\"https:\/\/auslaenderbehoerde.org\/fr\/assurance-voyage-pour-visiteurs-etrangers\/\">Assurance voyage pour les invit\u00e9s \u00e9trangers<\/a> b\u00e9n\u00e9ficier d&#039;une protection compl\u00e8te en Allemagne et en Europe.<\/p>\n<h3>Plus loin <span class=\"ez-toc-section\">Autorit\u00e9s et informations sur l&#039;immigration<\/span><\/h3>\n<ul style=\"list-style-type: circle;\">\n<li><a href=\"https:\/\/auslaenderbehoerde.org\/fr\/\">Autorit\u00e9s de l&#039;immigration en Allemagne<\/a><\/li>\n<li><a href=\"https:\/\/auslaenderbehoerde.org\/fr\/\">Premiers pas en Allemagne<\/a><\/li>\n<\/ul>","protected":false},"excerpt":{"rendered":"<p>Vous trouverez ici toutes les adresses, coordonn\u00e9es et horaires d&#039;ouverture des autorit\u00e9s de l&#039;immigration ou des bureaux d&#039;immigration en Sarre. Il existe actuellement dans le Land de Sarre cinq autorit\u00e9s charg\u00e9es des migrations qui sont \u00e0 votre disposition pour r\u00e9pondre \u00e0 toutes vos questions concernant vos affaires. Aper\u00e7u des services des \u00e9trangers en Sarre S\u00e9lectionnez dans la liste l&#039;autorit\u00e9 des \u00e9trangers ou le bureau des \u00e9trangers qui correspond \u00e0 votre lieu de r\u00e9sidence.&nbsp;<a href=\"https:\/\/auslaenderbehoerde.org\/fr\/autorites-de-limmigration-en-sarre\/\" rel=\"bookmark\">En savoir plus &quot;<span class=\"screen-reader-text\">Autorit\u00e9s de l&#039;immigration en Sarre<\/span><\/a><\/p>","protected":false},"author":1,"featured_media":65,"parent":0,"menu_order":0,"comment_status":"closed","ping_status":"closed","template":"","meta":{"neve_meta_sidebar":"","neve_meta_container":"","neve_meta_enable_content_width":"off","neve_meta_content_width":100,"neve_meta_title_alignment":"","neve_meta_author_avatar":"","neve_post_elements_order":"","neve_meta_disable_header":"","neve_meta_disable_footer":"","neve_meta_disable_title":"","neve_meta_reading_time":"","footnotes":""},"class_list":["post-52","page","type-page","status-publish","has-post-thumbnail","hentry"],"yoast_head":"<!-- This site is optimized with the Yoast SEO plugin v26.6 - https:\/\/yoast.com\/wordpress\/plugins\/seo\/ -->\n<title>Ausl\u00e4nderbeh\u00f6rden im Saarland | Adressen, Kontakt und Anschrift<\/title>\n<meta name=\"description\" content=\"Hier finden Sie alle Adressen und Kontaktinformationen der Ausl\u00e4nder\u00e4mter oder auch Ausl\u00e4nderbeh\u00f6rden im Saarland\" \/>\n<meta name=\"robots\" content=\"index, follow, max-snippet:-1, max-image-preview:large, max-video-preview:-1\" \/>\n<link rel=\"canonical\" href=\"https:\/\/auslaenderbehoerde.org\/fr\/autorites-de-limmigration-en-sarre\/\" \/>\n<meta property=\"og:locale\" content=\"fr_FR\" \/>\n<meta property=\"og:type\" content=\"article\" \/>\n<meta property=\"og:title\" content=\"Ausl\u00e4nderbeh\u00f6rden im Saarland | Adressen, Kontakt und Anschrift\" \/>\n<meta property=\"og:description\" content=\"Hier finden Sie alle Adressen und Kontaktinformationen der Ausl\u00e4nder\u00e4mter oder auch Ausl\u00e4nderbeh\u00f6rden im Saarland\" \/>\n<meta property=\"og:url\" content=\"https:\/\/auslaenderbehoerde.org\/fr\/autorites-de-limmigration-en-sarre\/\" \/>\n<meta property=\"og:site_name\" content=\"auslaenderbehoerde.org\" \/>\n<meta property=\"article:modified_time\" content=\"2022-10-13T20:54:56+00:00\" \/>\n<meta property=\"og:image\" content=\"https:\/\/auslaenderbehoerde.org\/wp-content\/uploads\/2022\/06\/Ausla\u0308nderbeho\u0308rde-scaled-e1656327377843.jpeg\" \/>\n\t<meta property=\"og:image:width\" content=\"900\" \/>\n\t<meta property=\"og:image:height\" content=\"675\" \/>\n\t<meta property=\"og:image:type\" content=\"image\/jpeg\" \/>\n<meta name=\"twitter:card\" content=\"summary_large_image\" \/>\n<meta name=\"twitter:label1\" content=\"Dur\u00e9e de lecture estim\u00e9e\" \/>\n\t<meta name=\"twitter:data1\" content=\"2 minutes\" \/>\n<script type=\"application\/ld+json\" class=\"yoast-schema-graph\">{\"@context\":\"https:\/\/schema.org\",\"@graph\":[{\"@type\":\"WebPage\",\"@id\":\"https:\/\/auslaenderbehoerde.org\/auslaenderbehoerden-im-saarland\/\",\"url\":\"https:\/\/auslaenderbehoerde.org\/auslaenderbehoerden-im-saarland\/\",\"name\":\"Ausl\u00e4nderbeh\u00f6rden im Saarland | Adressen, Kontakt und Anschrift\",\"isPartOf\":{\"@id\":\"https:\/\/auslaenderbehoerde.org\/#website\"},\"primaryImageOfPage\":{\"@id\":\"https:\/\/auslaenderbehoerde.org\/auslaenderbehoerden-im-saarland\/#primaryimage\"},\"image\":{\"@id\":\"https:\/\/auslaenderbehoerde.org\/auslaenderbehoerden-im-saarland\/#primaryimage\"},\"thumbnailUrl\":\"https:\/\/auslaenderbehoerde.org\/wp-content\/uploads\/2022\/06\/Ausla\u0308nderbeho\u0308rde-scaled-e1656327377843.jpeg\",\"datePublished\":\"2022-06-27T08:05:48+00:00\",\"dateModified\":\"2022-10-13T20:54:56+00:00\",\"description\":\"Hier finden Sie alle Adressen und Kontaktinformationen der Ausl\u00e4nder\u00e4mter oder auch Ausl\u00e4nderbeh\u00f6rden im Saarland\",\"breadcrumb\":{\"@id\":\"https:\/\/auslaenderbehoerde.org\/auslaenderbehoerden-im-saarland\/#breadcrumb\"},\"inLanguage\":\"fr-FR\",\"potentialAction\":[{\"@type\":\"ReadAction\",\"target\":[\"https:\/\/auslaenderbehoerde.org\/auslaenderbehoerden-im-saarland\/\"]}]},{\"@type\":\"ImageObject\",\"inLanguage\":\"fr-FR\",\"@id\":\"https:\/\/auslaenderbehoerde.org\/auslaenderbehoerden-im-saarland\/#primaryimage\",\"url\":\"https:\/\/auslaenderbehoerde.org\/wp-content\/uploads\/2022\/06\/Ausla\u0308nderbeho\u0308rde-scaled-e1656327377843.jpeg\",\"contentUrl\":\"https:\/\/auslaenderbehoerde.org\/wp-content\/uploads\/2022\/06\/Ausla\u0308nderbeho\u0308rde-scaled-e1656327377843.jpeg\",\"width\":900,\"height\":675,\"caption\":\"Ausl\u00e4nderbeh\u00f6rde\"},{\"@type\":\"BreadcrumbList\",\"@id\":\"https:\/\/auslaenderbehoerde.org\/auslaenderbehoerden-im-saarland\/#breadcrumb\",\"itemListElement\":[{\"@type\":\"ListItem\",\"position\":1,\"name\":\"Startseite\",\"item\":\"https:\/\/auslaenderbehoerde.org\/\"},{\"@type\":\"ListItem\",\"position\":2,\"name\":\"Ausl\u00e4nderbeh\u00f6rden im Saarland\"}]},{\"@type\":\"WebSite\",\"@id\":\"https:\/\/auslaenderbehoerde.org\/#website\",\"url\":\"https:\/\/auslaenderbehoerde.org\/\",\"name\":\"auslaenderbehoerde.org\",\"description\":\"\",\"potentialAction\":[{\"@type\":\"SearchAction\",\"target\":{\"@type\":\"EntryPoint\",\"urlTemplate\":\"https:\/\/auslaenderbehoerde.org\/?s={search_term_string}\"},\"query-input\":{\"@type\":\"PropertyValueSpecification\",\"valueRequired\":true,\"valueName\":\"search_term_string\"}}],\"inLanguage\":\"fr-FR\"}]}<\/script>\n<!-- \/ Yoast SEO plugin. -->","yoast_head_json":{"title":"Autorit\u00e9s de l&#039;immigration en Sarre | Adresses, contact et adresse postale","description":"Vous trouverez ici toutes les adresses et coordonn\u00e9es des bureaux d&#039;immigration ou des autorit\u00e9s d&#039;immigration en Sarre","robots":{"index":"index","follow":"follow","max-snippet":"max-snippet:-1","max-image-preview":"max-image-preview:large","max-video-preview":"max-video-preview:-1"},"canonical":"https:\/\/auslaenderbehoerde.org\/fr\/autorites-de-limmigration-en-sarre\/","og_locale":"fr_FR","og_type":"article","og_title":"Ausl\u00e4nderbeh\u00f6rden im Saarland | Adressen, Kontakt und Anschrift","og_description":"Hier finden Sie alle Adressen und Kontaktinformationen der Ausl\u00e4nder\u00e4mter oder auch Ausl\u00e4nderbeh\u00f6rden im Saarland","og_url":"https:\/\/auslaenderbehoerde.org\/fr\/autorites-de-limmigration-en-sarre\/","og_site_name":"auslaenderbehoerde.org","article_modified_time":"2022-10-13T20:54:56+00:00","og_image":[{"width":900,"height":675,"url":"https:\/\/auslaenderbehoerde.org\/wp-content\/uploads\/2022\/06\/Ausla\u0308nderbeho\u0308rde-scaled-e1656327377843.jpeg","type":"image\/jpeg"}],"twitter_card":"summary_large_image","twitter_misc":{"Dur\u00e9e de lecture estim\u00e9e":"2 minutes"},"schema":{"@context":"https:\/\/schema.org","@graph":[{"@type":"WebPage","@id":"https:\/\/auslaenderbehoerde.org\/auslaenderbehoerden-im-saarland\/","url":"https:\/\/auslaenderbehoerde.org\/auslaenderbehoerden-im-saarland\/","name":"Autorit\u00e9s de l&#039;immigration en Sarre | Adresses, contact et adresse postale","isPartOf":{"@id":"https:\/\/auslaenderbehoerde.org\/#website"},"primaryImageOfPage":{"@id":"https:\/\/auslaenderbehoerde.org\/auslaenderbehoerden-im-saarland\/#primaryimage"},"image":{"@id":"https:\/\/auslaenderbehoerde.org\/auslaenderbehoerden-im-saarland\/#primaryimage"},"thumbnailUrl":"https:\/\/auslaenderbehoerde.org\/wp-content\/uploads\/2022\/06\/Ausla\u0308nderbeho\u0308rde-scaled-e1656327377843.jpeg","datePublished":"2022-06-27T08:05:48+00:00","dateModified":"2022-10-13T20:54:56+00:00","description":"Vous trouverez ici toutes les adresses et coordonn\u00e9es des bureaux d&#039;immigration ou des autorit\u00e9s d&#039;immigration en Sarre","breadcrumb":{"@id":"https:\/\/auslaenderbehoerde.org\/auslaenderbehoerden-im-saarland\/#breadcrumb"},"inLanguage":"fr-FR","potentialAction":[{"@type":"ReadAction","target":["https:\/\/auslaenderbehoerde.org\/auslaenderbehoerden-im-saarland\/"]}]},{"@type":"ImageObject","inLanguage":"fr-FR","@id":"https:\/\/auslaenderbehoerde.org\/auslaenderbehoerden-im-saarland\/#primaryimage","url":"https:\/\/auslaenderbehoerde.org\/wp-content\/uploads\/2022\/06\/Ausla\u0308nderbeho\u0308rde-scaled-e1656327377843.jpeg","contentUrl":"https:\/\/auslaenderbehoerde.org\/wp-content\/uploads\/2022\/06\/Ausla\u0308nderbeho\u0308rde-scaled-e1656327377843.jpeg","width":900,"height":675,"caption":"Ausl\u00e4nderbeh\u00f6rde"},{"@type":"BreadcrumbList","@id":"https:\/\/auslaenderbehoerde.org\/auslaenderbehoerden-im-saarland\/#breadcrumb","itemListElement":[{"@type":"ListItem","position":1,"name":"Startseite","item":"https:\/\/auslaenderbehoerde.org\/"},{"@type":"ListItem","position":2,"name":"Ausl\u00e4nderbeh\u00f6rden im Saarland"}]},{"@type":"WebSite","@id":"https:\/\/auslaenderbehoerde.org\/#website","url":"https:\/\/auslaenderbehoerde.org\/","name":"auslaenderbehoerde.org","description":"","potentialAction":[{"@type":"SearchAction","target":{"@type":"EntryPoint","urlTemplate":"https:\/\/auslaenderbehoerde.org\/?s={search_term_string}"},"query-input":{"@type":"PropertyValueSpecification","valueRequired":true,"valueName":"search_term_string"}}],"inLanguage":"fr-FR"}]}},"_links":{"self":[{"href":"https:\/\/auslaenderbehoerde.org\/fr\/wp-json\/wp\/v2\/pages\/52","targetHints":{"allow":["GET"]}}],"collection":[{"href":"https:\/\/auslaenderbehoerde.org\/fr\/wp-json\/wp\/v2\/pages"}],"about":[{"href":"https:\/\/auslaenderbehoerde.org\/fr\/wp-json\/wp\/v2\/types\/page"}],"author":[{"embeddable":true,"href":"https:\/\/auslaenderbehoerde.org\/fr\/wp-json\/wp\/v2\/users\/1"}],"replies":[{"embeddable":true,"href":"https:\/\/auslaenderbehoerde.org\/fr\/wp-json\/wp\/v2\/comments?post=52"}],"version-history":[{"count":7,"href":"https:\/\/auslaenderbehoerde.org\/fr\/wp-json\/wp\/v2\/pages\/52\/revisions"}],"predecessor-version":[{"id":1596,"href":"https:\/\/auslaenderbehoerde.org\/fr\/wp-json\/wp\/v2\/pages\/52\/revisions\/1596"}],"wp:featuredmedia":[{"embeddable":true,"href":"https:\/\/auslaenderbehoerde.org\/fr\/wp-json\/wp\/v2\/media\/65"}],"wp:attachment":[{"href":"https:\/\/auslaenderbehoerde.org\/fr\/wp-json\/wp\/v2\/media?parent=52"}],"curies":[{"name":"wp","href":"https:\/\/api.w.org\/{rel}","templated":true}]}}