{"id":149,"date":"2022-06-28T14:13:30","date_gmt":"2022-06-28T12:13:30","guid":{"rendered":"https:\/\/auslaenderbehoerde.org\/?page_id=149"},"modified":"2022-07-02T09:29:01","modified_gmt":"2022-07-02T07:29:01","slug":"erste-schritte-in-deutschland","status":"publish","type":"page","link":"https:\/\/auslaenderbehoerde.org\/it\/primi-passi-in-germania\/","title":{"rendered":"Primi passi in Germania"},"content":{"rendered":"<p><img decoding=\"async\" class=\"aligncenter wp-image-207 size-full\" src=\"https:\/\/auslaenderbehoerde.org\/wp-content\/uploads\/2022\/07\/architecture-g719836b53_640.jpg\" alt=\"Primi passi in Germania\" width=\"640\" height=\"426\" srcset=\"https:\/\/auslaenderbehoerde.org\/wp-content\/uploads\/2022\/07\/architecture-g719836b53_640.jpg 640w, https:\/\/auslaenderbehoerde.org\/wp-content\/uploads\/2022\/07\/architecture-g719836b53_640-300x200.jpg 300w\" sizes=\"(max-width: 640px) 100vw, 640px\" \/><\/p>\n<p>Se sei appena arrivato in Germania e hai un visto o un permesso di soggiorno, devi affrontare alcune procedure amministrative.<\/p>\n<h3>Iscrizione presso l&#039;ufficio di registrazione<\/h3>\n<p>Entro <strong>due settimane<\/strong> Gli ospiti o i cittadini di paesi terzi devono registrarsi presso l&#039;ufficio di registrazione dei residenti presso il loro luogo di residenza <strong>obbligatoria la registrazione<\/strong>. Ne hai bisogno per registrarti <strong>conferma del padrone di casa<\/strong>. Puoi ottenerlo dal padrone di casa o da amici \/ conoscenti con cui vivi. Solo previa registrazione presso l&#039;ufficio di registrazione dei residenti, quando \u00e8 disponibile un modulo di registrazione, pu\u00f2 a <strong>conto bancario da aprire<\/strong>.<\/p>\n<p>La registrazione presso l&#039;ufficio di registrazione dei residenti locali non \u00e8 necessaria solo se ti trasferisci nel tuo appartamento, ma anche se tu <strong>soggiorno pi\u00f9 lungo<\/strong> con amici o conoscenti nel cui appartamento \u00e8 previsto. Nel corso della registrazione riceverai un codice fiscale.<\/p>\n<h3>Visita personale all&#039;ufficio immigrazione<\/h3>\n<p>Dopo che i cittadini di paesi terzi sono arrivati in Germania con un visto o un permesso di soggiorno di una rappresentanza tedesca all&#039;estero, devono recarsi di persona all&#039;ufficio competente <a href=\"https:\/\/auslaenderbehoerde.org\/it\/\">Autorit\u00e0 per gli stranieri<\/a> fare rappresentazioni.<\/p>\n<p>Le autorit\u00e0 per l&#039;immigrazione escludono lo scopo del tuo soggiorno. Non solo \u00e8 possibile prorogare il permesso di soggiorno presso l&#039;ufficio immigrazione prima della scadenza, ma anche richiederne uno <a href=\"https:\/\/auslaenderbehoerde.org\/it\/permesso-di-residenza-2\/\">permesso di residenza<\/a>se sono soddisfatte le condizioni necessarie.<\/p>\n<h3>Iscrizione a una compagnia di assicurazioni sanitarie<\/h3>\n<p>Cittadini di paesi terzi con a <a href=\"https:\/\/auslaenderbehoerde.org\/it\/permesso-di-residenza\/\">permesso di residenza<\/a>, eventualmente con un permesso di lavoro o un permesso di soggiorno deve essere obbligatorio in Germania per legge o privato <strong>assicurazione sanitaria<\/strong> essere. \u00c8 quindi necessario registrarsi presso una compagnia di assicurazione sanitaria <strong>particolarmente importante<\/strong>.<\/p>\n<p>Chiunque visiti solo la Germania e abbia un <a href=\"https:\/\/auslaenderbehoerde.org\/it\/assicurazione-di-viaggio-per-gli-ospiti-stranieri\/\">Assicurazione di viaggio per gli ospiti stranieri<\/a> non \u00e8 necessario essere registrati presso una compagnia di assicurazione sanitaria tedesca.<\/p>\n<h3>scuola, formazione e studi<\/h3>\n<p>I figli di cittadini di paesi terzi possono vivere in Germania <strong>numerosi percorsi didattici gratuiti<\/strong> approfittare di. Gli appuntamenti informativi in varie scuole della regione mostrano rapidamente quali opportunit\u00e0 scolastiche sono disponibili.<\/p>\n<p>I figli di cittadini di paesi terzi si integrano molto meglio in Germania se vanno in una scuola adatta il prima possibile e fanno amicizia con i loro coetanei. Inoltre, i figli di cittadini di paesi terzi dall&#039;et\u00e0 di 6 anni in Germania <strong>soggetto all&#039;istruzione obbligatoria<\/strong> e deve frequentare la scuola per almeno 9 anni.<\/p>\n<h3>I prossimi passi importanti<\/h3>\n<p>Una volta che hai un modulo di registrazione, dovresti registrarti il prima possibile <strong>aprire un conto in banca<\/strong>. Quando si sceglie una banca, prestare attenzione alle condizioni. Le tariffe mensili possono variare notevolmente. Raccogli informazioni sulle tariffe e confrontale con amici e conoscenti che parlano bene il tedesco prima di firmare un contratto.<\/p>\n<p>Lascia il tuo <strong>Controlla la patente di guida<\/strong>. Di norma, le patenti di guida straniere in Germania ne hanno una <strong>Validit\u00e0 6 mesi<\/strong>. Ottieni una consulenza completa in modo da poter ottenere una patente di guida tedesca il pi\u00f9 rapidamente possibile, se ne hai bisogno.<\/p>\n<p>Ecco un video esplicativo di <a href=\"https:\/\/www.bamf.de\/DE\/Startseite\/startseite_node.html\" target=\"_blank\" rel=\"noopener\">Ufficio federale della migrazione e dei rifugiati<\/a><\/p>\n<div class=\"su-youtube su-u-responsive-media-yes\"><iframe width=\"600\" height=\"400\" src=\"https:\/\/www.youtube.com\/embed\/y6zd30dBGLM?\" frameborder=\"0\" allowfullscreen allow=\"autoplay; encrypted-media; picture-in-picture\" title=\"\"><\/iframe><\/div>","protected":false},"excerpt":{"rendered":"<p>Chiunque sia appena arrivato in Germania e abbia un visto o un permesso di soggiorno deve completare alcune procedure amministrative. Registrazione all&#039;ufficio di registrazione degli abitanti Gli ospiti o i cittadini di paesi terzi devono registrarsi entro due settimane presso l&#039;ufficio di registrazione degli abitanti del loro luogo di residenza. Per registrarti \u00e8 necessaria la conferma del fornitore di alloggi. Puoi ottenerlo dal proprietario o da amici\/...&nbsp;<a href=\"https:\/\/auslaenderbehoerde.org\/it\/primi-passi-in-germania\/\" rel=\"bookmark\">Per saperne di pi\u00f9 &quot;<span class=\"screen-reader-text\">Primi passi in Germania<\/span><\/a><\/p>","protected":false},"author":1,"featured_media":207,"parent":0,"menu_order":0,"comment_status":"closed","ping_status":"closed","template":"","meta":{"neve_meta_sidebar":"","neve_meta_container":"","neve_meta_enable_content_width":"off","neve_meta_content_width":100,"neve_meta_title_alignment":"","neve_meta_author_avatar":"","neve_post_elements_order":"","neve_meta_disable_header":"","neve_meta_disable_footer":"","neve_meta_disable_title":"","neve_meta_reading_time":"","footnotes":""},"class_list":["post-149","page","type-page","status-publish","has-post-thumbnail","hentry"],"yoast_head":"<!-- This site is optimized with the Yoast SEO plugin v26.6 - https:\/\/yoast.com\/wordpress\/plugins\/seo\/ -->\n<title>Erste Schritte in Deutschland - auslaenderbehoerde.org<\/title>\n<meta name=\"description\" content=\"Wer gerade in Deutschland angekommen ist und \u00fcber ein Visum oder eine Aufenthaltsgenehmigung verf\u00fcgt, muss einige Beh\u00f6rdeng\u00e4nge erledigen.\" \/>\n<meta name=\"robots\" content=\"index, follow, max-snippet:-1, max-image-preview:large, max-video-preview:-1\" \/>\n<link rel=\"canonical\" href=\"https:\/\/auslaenderbehoerde.org\/it\/primi-passi-in-germania\/\" \/>\n<meta property=\"og:locale\" content=\"it_IT\" \/>\n<meta property=\"og:type\" content=\"article\" \/>\n<meta property=\"og:title\" content=\"Erste Schritte in Deutschland - auslaenderbehoerde.org\" \/>\n<meta property=\"og:description\" content=\"Wer gerade in Deutschland angekommen ist und \u00fcber ein Visum oder eine Aufenthaltsgenehmigung verf\u00fcgt, muss einige Beh\u00f6rdeng\u00e4nge erledigen.\" \/>\n<meta property=\"og:url\" content=\"https:\/\/auslaenderbehoerde.org\/it\/primi-passi-in-germania\/\" \/>\n<meta property=\"og:site_name\" content=\"auslaenderbehoerde.org\" \/>\n<meta property=\"article:modified_time\" content=\"2022-07-02T07:29:01+00:00\" \/>\n<meta property=\"og:image\" content=\"https:\/\/auslaenderbehoerde.org\/wp-content\/uploads\/2022\/07\/architecture-g719836b53_640.jpg\" \/>\n\t<meta property=\"og:image:width\" content=\"640\" \/>\n\t<meta property=\"og:image:height\" content=\"426\" \/>\n\t<meta property=\"og:image:type\" content=\"image\/jpeg\" \/>\n<meta name=\"twitter:card\" content=\"summary_large_image\" \/>\n<meta name=\"twitter:label1\" content=\"Tempo di lettura stimato\" \/>\n\t<meta name=\"twitter:data1\" content=\"2 minuti\" \/>\n<script type=\"application\/ld+json\" class=\"yoast-schema-graph\">{\"@context\":\"https:\/\/schema.org\",\"@graph\":[{\"@type\":\"WebPage\",\"@id\":\"https:\/\/auslaenderbehoerde.org\/erste-schritte-in-deutschland\/\",\"url\":\"https:\/\/auslaenderbehoerde.org\/erste-schritte-in-deutschland\/\",\"name\":\"Erste Schritte in Deutschland - auslaenderbehoerde.org\",\"isPartOf\":{\"@id\":\"https:\/\/auslaenderbehoerde.org\/#website\"},\"primaryImageOfPage\":{\"@id\":\"https:\/\/auslaenderbehoerde.org\/erste-schritte-in-deutschland\/#primaryimage\"},\"image\":{\"@id\":\"https:\/\/auslaenderbehoerde.org\/erste-schritte-in-deutschland\/#primaryimage\"},\"thumbnailUrl\":\"https:\/\/auslaenderbehoerde.org\/wp-content\/uploads\/2022\/07\/architecture-g719836b53_640.jpg\",\"datePublished\":\"2022-06-28T12:13:30+00:00\",\"dateModified\":\"2022-07-02T07:29:01+00:00\",\"description\":\"Wer gerade in Deutschland angekommen ist und \u00fcber ein Visum oder eine Aufenthaltsgenehmigung verf\u00fcgt, muss einige Beh\u00f6rdeng\u00e4nge erledigen.\",\"breadcrumb\":{\"@id\":\"https:\/\/auslaenderbehoerde.org\/erste-schritte-in-deutschland\/#breadcrumb\"},\"inLanguage\":\"it-IT\",\"potentialAction\":[{\"@type\":\"ReadAction\",\"target\":[\"https:\/\/auslaenderbehoerde.org\/erste-schritte-in-deutschland\/\"]}]},{\"@type\":\"ImageObject\",\"inLanguage\":\"it-IT\",\"@id\":\"https:\/\/auslaenderbehoerde.org\/erste-schritte-in-deutschland\/#primaryimage\",\"url\":\"https:\/\/auslaenderbehoerde.org\/wp-content\/uploads\/2022\/07\/architecture-g719836b53_640.jpg\",\"contentUrl\":\"https:\/\/auslaenderbehoerde.org\/wp-content\/uploads\/2022\/07\/architecture-g719836b53_640.jpg\",\"width\":640,\"height\":426,\"caption\":\"Erste Schritte in Deutschland\"},{\"@type\":\"BreadcrumbList\",\"@id\":\"https:\/\/auslaenderbehoerde.org\/erste-schritte-in-deutschland\/#breadcrumb\",\"itemListElement\":[{\"@type\":\"ListItem\",\"position\":1,\"name\":\"Startseite\",\"item\":\"https:\/\/auslaenderbehoerde.org\/\"},{\"@type\":\"ListItem\",\"position\":2,\"name\":\"Erste Schritte in Deutschland\"}]},{\"@type\":\"WebSite\",\"@id\":\"https:\/\/auslaenderbehoerde.org\/#website\",\"url\":\"https:\/\/auslaenderbehoerde.org\/\",\"name\":\"auslaenderbehoerde.org\",\"description\":\"\",\"potentialAction\":[{\"@type\":\"SearchAction\",\"target\":{\"@type\":\"EntryPoint\",\"urlTemplate\":\"https:\/\/auslaenderbehoerde.org\/?s={search_term_string}\"},\"query-input\":{\"@type\":\"PropertyValueSpecification\",\"valueRequired\":true,\"valueName\":\"search_term_string\"}}],\"inLanguage\":\"it-IT\"}]}<\/script>\n<!-- \/ Yoast SEO plugin. -->","yoast_head_json":{"title":"Primi passi in Germania - auslaenderbehoerde.org","description":"Se sei appena arrivato in Germania e hai un visto o un permesso di soggiorno, devi affrontare alcune procedure amministrative.","robots":{"index":"index","follow":"follow","max-snippet":"max-snippet:-1","max-image-preview":"max-image-preview:large","max-video-preview":"max-video-preview:-1"},"canonical":"https:\/\/auslaenderbehoerde.org\/it\/primi-passi-in-germania\/","og_locale":"it_IT","og_type":"article","og_title":"Erste Schritte in Deutschland - auslaenderbehoerde.org","og_description":"Wer gerade in Deutschland angekommen ist und \u00fcber ein Visum oder eine Aufenthaltsgenehmigung verf\u00fcgt, muss einige Beh\u00f6rdeng\u00e4nge erledigen.","og_url":"https:\/\/auslaenderbehoerde.org\/it\/primi-passi-in-germania\/","og_site_name":"auslaenderbehoerde.org","article_modified_time":"2022-07-02T07:29:01+00:00","og_image":[{"width":640,"height":426,"url":"https:\/\/auslaenderbehoerde.org\/wp-content\/uploads\/2022\/07\/architecture-g719836b53_640.jpg","type":"image\/jpeg"}],"twitter_card":"summary_large_image","twitter_misc":{"Tempo di lettura stimato":"2 minuti"},"schema":{"@context":"https:\/\/schema.org","@graph":[{"@type":"WebPage","@id":"https:\/\/auslaenderbehoerde.org\/erste-schritte-in-deutschland\/","url":"https:\/\/auslaenderbehoerde.org\/erste-schritte-in-deutschland\/","name":"Primi passi in Germania - auslaenderbehoerde.org","isPartOf":{"@id":"https:\/\/auslaenderbehoerde.org\/#website"},"primaryImageOfPage":{"@id":"https:\/\/auslaenderbehoerde.org\/erste-schritte-in-deutschland\/#primaryimage"},"image":{"@id":"https:\/\/auslaenderbehoerde.org\/erste-schritte-in-deutschland\/#primaryimage"},"thumbnailUrl":"https:\/\/auslaenderbehoerde.org\/wp-content\/uploads\/2022\/07\/architecture-g719836b53_640.jpg","datePublished":"2022-06-28T12:13:30+00:00","dateModified":"2022-07-02T07:29:01+00:00","description":"Se sei appena arrivato in Germania e hai un visto o un permesso di soggiorno, devi affrontare alcune procedure amministrative.","breadcrumb":{"@id":"https:\/\/auslaenderbehoerde.org\/erste-schritte-in-deutschland\/#breadcrumb"},"inLanguage":"it-IT","potentialAction":[{"@type":"ReadAction","target":["https:\/\/auslaenderbehoerde.org\/erste-schritte-in-deutschland\/"]}]},{"@type":"ImageObject","inLanguage":"it-IT","@id":"https:\/\/auslaenderbehoerde.org\/erste-schritte-in-deutschland\/#primaryimage","url":"https:\/\/auslaenderbehoerde.org\/wp-content\/uploads\/2022\/07\/architecture-g719836b53_640.jpg","contentUrl":"https:\/\/auslaenderbehoerde.org\/wp-content\/uploads\/2022\/07\/architecture-g719836b53_640.jpg","width":640,"height":426,"caption":"Erste Schritte in Deutschland"},{"@type":"BreadcrumbList","@id":"https:\/\/auslaenderbehoerde.org\/erste-schritte-in-deutschland\/#breadcrumb","itemListElement":[{"@type":"ListItem","position":1,"name":"Startseite","item":"https:\/\/auslaenderbehoerde.org\/"},{"@type":"ListItem","position":2,"name":"Erste Schritte in Deutschland"}]},{"@type":"WebSite","@id":"https:\/\/auslaenderbehoerde.org\/#website","url":"https:\/\/auslaenderbehoerde.org\/","name":"www.auslaenderbehoerde.org","description":"","potentialAction":[{"@type":"SearchAction","target":{"@type":"EntryPoint","urlTemplate":"https:\/\/auslaenderbehoerde.org\/?s={search_term_string}"},"query-input":{"@type":"PropertyValueSpecification","valueRequired":true,"valueName":"search_term_string"}}],"inLanguage":"it-IT"}]}},"_links":{"self":[{"href":"https:\/\/auslaenderbehoerde.org\/it\/wp-json\/wp\/v2\/pages\/149","targetHints":{"allow":["GET"]}}],"collection":[{"href":"https:\/\/auslaenderbehoerde.org\/it\/wp-json\/wp\/v2\/pages"}],"about":[{"href":"https:\/\/auslaenderbehoerde.org\/it\/wp-json\/wp\/v2\/types\/page"}],"author":[{"embeddable":true,"href":"https:\/\/auslaenderbehoerde.org\/it\/wp-json\/wp\/v2\/users\/1"}],"replies":[{"embeddable":true,"href":"https:\/\/auslaenderbehoerde.org\/it\/wp-json\/wp\/v2\/comments?post=149"}],"version-history":[{"count":10,"href":"https:\/\/auslaenderbehoerde.org\/it\/wp-json\/wp\/v2\/pages\/149\/revisions"}],"predecessor-version":[{"id":215,"href":"https:\/\/auslaenderbehoerde.org\/it\/wp-json\/wp\/v2\/pages\/149\/revisions\/215"}],"wp:featuredmedia":[{"embeddable":true,"href":"https:\/\/auslaenderbehoerde.org\/it\/wp-json\/wp\/v2\/media\/207"}],"wp:attachment":[{"href":"https:\/\/auslaenderbehoerde.org\/it\/wp-json\/wp\/v2\/media?parent=149"}],"curies":[{"name":"parola chiave","href":"https:\/\/api.w.org\/{rel}","templated":true}]}}