{"id":20,"date":"2022-06-27T09:48:18","date_gmt":"2022-06-27T07:48:18","guid":{"rendered":"https:\/\/auslaenderbehoerde.org\/?page_id=20"},"modified":"2025-12-30T07:05:27","modified_gmt":"2025-12-30T06:05:27","slug":"impressum","status":"publish","type":"page","link":"https:\/\/auslaenderbehoerde.org\/it\/impronta\/","title":{"rendered":"impronta"},"content":{"rendered":"<h1>impronta<\/h1>\n<h2>Secondo \u00a7 5 TMG:<\/h2>\n<p>Petros Aslanakis<br \/>\n889\/850 Moo 5<br \/>\nNong Prue, Bang Lamung<br \/>\nChon Buri 20150<br \/>\nThailandia<\/p>\n<h2>Contatto:<\/h2>\n<p>E-mail: post(at)auslaenderbehoerde.org<\/p>\n<p><strong>Questo sito Web non \u00e8 un sito Web ufficiale delle autorit\u00e0.\u00a0<\/strong><\/p>\n<p><strong>Ti preghiamo di comprendere che noi, in quanto operatori del sito, non possiamo fornire alcun consiglio o informazione.<\/strong><\/p>\n<h2>Disclaimer<\/h2>\n<p><strong>Responsabilit\u00e0 per i contenuti<\/strong><\/p>\n<p>In qualit\u00e0 di fornitore di servizi, siamo responsabili dei nostri contenuti su queste pagine ai sensi dell&#039;articolo 7, paragrafo 1 della legge tedesca sui media telematici (TMG). Ai sensi dei \u00a7\u00a7 8-10 TMG, tuttavia, in qualit\u00e0 di fornitore di servizi non siamo obbligati a monitorare le informazioni di terzi trasmesse o memorizzate o a indagare su circostanze che indicano un&#039;attivit\u00e0 illegale.<\/p>\n<p>Gli obblighi di rimuovere o bloccare l&#039;uso delle informazioni secondo le leggi generali rimangono inalterati. Tuttavia, la responsabilit\u00e0 in tal senso \u00e8 possibile solo dal momento in cui si viene a conoscenza di una concreta violazione della legge. Non appena verremo a conoscenza di eventuali violazioni della legge, rimuoveremo immediatamente questo contenuto.<\/p>\n<p><strong>Responsabilit\u00e0 per i collegamenti<\/strong><\/p>\n<p>La nostra offerta contiene collegamenti a siti Web esterni di terzi, sui cui contenuti non abbiamo alcuna influenza. Pertanto non possiamo assumerci alcuna responsabilit\u00e0 per questo contenuto esterno. Il rispettivo fornitore o gestore delle pagine \u00e8 sempre responsabile del contenuto delle pagine collegate. Le pagine collegate sono state controllate per eventuali violazioni legali al momento del collegamento. I contenuti illegali non erano riconoscibili al momento del collegamento.<\/p>\n<p>Tuttavia, un controllo permanente del contenuto delle pagine collegate non \u00e8 ragionevole senza prove concrete di una violazione. Non appena veniamo a conoscenza di violazioni legali, rimuoveremo immediatamente tali collegamenti.<\/p>\n<p><strong>diritto d&#039;autore<\/strong><\/p>\n<p>Il contenuto e le opere su queste pagine create dagli operatori del sito sono soggetti al diritto d&#039;autore tedesco. La duplicazione, la modifica, la distribuzione e qualsiasi tipo di sfruttamento al di fuori dei limiti del diritto d&#039;autore richiedono il consenso scritto del rispettivo autore o creatore. I download e le copie di questo sito sono consentiti solo per uso privato e non commerciale.<\/p>\n<p>Nella misura in cui il contenuto di questo sito non \u00e8 stato creato dal gestore, vengono rispettati i diritti d&#039;autore di terzi. In particolare i contenuti di terzi sono contrassegnati come tali. Se tuttavia venite a conoscenza di una violazione del copyright, vi chiediamo di informarci di conseguenza. Non appena veniamo a conoscenza di violazioni legali, rimuoveremo immediatamente tali contenuti.<\/p>\n<p>Fonte:\u00a0<em><a href=\"https:\/\/www.e-recht24.de\/\" target=\"_blank\" rel=\"external noopener noreferrer\" data-wpel-link=\"external\">eRecht24<\/a><\/em><\/p>","protected":false},"excerpt":{"rendered":"<p>Note legali (Impressum) Informazioni ai sensi del \u00a7 5 TMG: Petros Aslanakis 889\/850 Moo 5 Nong Prue, Bang Lamung Chon Buri 20150 Thailandia Contatto: Email: post(at)auslaenderbehoerde.org Questo sito web non \u00e8 un sito ufficiale delle autorit\u00e0. Si prega di comprendere che, in qualit\u00e0 di gestori del sito web, non possiamo fornire alcuna consulenza o informazione. Esclusione di responsabilit\u00e0 Responsabilit\u00e0 per i contenuti In qualit\u00e0 di fornitore di servizi, siamo responsabili per\u2026&nbsp;<a href=\"https:\/\/auslaenderbehoerde.org\/it\/impronta\/\" rel=\"bookmark\">Per saperne di pi\u00f9 &quot;<span class=\"screen-reader-text\">impronta<\/span><\/a><\/p>","protected":false},"author":1,"featured_media":0,"parent":0,"menu_order":0,"comment_status":"closed","ping_status":"closed","template":"","meta":{"neve_meta_sidebar":"","neve_meta_container":"","neve_meta_enable_content_width":"off","neve_meta_content_width":100,"neve_meta_title_alignment":"","neve_meta_author_avatar":"","neve_post_elements_order":"","neve_meta_disable_header":"","neve_meta_disable_footer":"","neve_meta_disable_title":"on","neve_meta_reading_time":"","footnotes":""},"class_list":["post-20","page","type-page","status-publish","hentry"],"yoast_head":"<!-- This site is optimized with the Yoast SEO plugin v26.6 - https:\/\/yoast.com\/wordpress\/plugins\/seo\/ -->\n<title>Impressum - auslaenderbehoerde.org<\/title>\n<meta name=\"robots\" content=\"noindex, follow\" \/>\n<meta property=\"og:locale\" content=\"it_IT\" \/>\n<meta property=\"og:type\" content=\"article\" \/>\n<meta property=\"og:title\" content=\"Impressum - auslaenderbehoerde.org\" \/>\n<meta property=\"og:description\" content=\"Impressum Angaben gem\u00e4\u00df \u00a7 5 TMG: Petros Aslanakis 889\/850 Moo 5 Nong Prue, Bang Lamung Chon Buri 20150 Thailand Kontakt: E-Mail: post(at)auslaenderbehoerde.org Diese Webseite ist keine offizielle Webseite der Beh\u00f6rden.\u00a0 Bitte haben Sie Verst\u00e4ndnis, dass wir als Seitenbetreiber keinerlei Beratung vornehmen oder Informationen erteilen k\u00f6nnen. Haftungsausschluss (Disclaimer) Haftung f\u00fcr Inhalte Als Diensteanbieter sind wir gem\u00e4\u00df&hellip;&nbsp;Read More &raquo;Impressum\" \/>\n<meta property=\"og:url\" content=\"https:\/\/auslaenderbehoerde.org\/it\/impronta\/\" \/>\n<meta property=\"og:site_name\" content=\"auslaenderbehoerde.org\" \/>\n<meta property=\"article:modified_time\" content=\"2025-12-30T06:05:27+00:00\" \/>\n<meta name=\"twitter:card\" content=\"summary_large_image\" \/>\n<meta name=\"twitter:label1\" content=\"Tempo di lettura stimato\" \/>\n\t<meta name=\"twitter:data1\" content=\"2 minuti\" \/>\n<script type=\"application\/ld+json\" class=\"yoast-schema-graph\">{\"@context\":\"https:\/\/schema.org\",\"@graph\":[{\"@type\":\"WebPage\",\"@id\":\"https:\/\/auslaenderbehoerde.org\/impressum\/\",\"url\":\"https:\/\/auslaenderbehoerde.org\/impressum\/\",\"name\":\"Impressum - auslaenderbehoerde.org\",\"isPartOf\":{\"@id\":\"https:\/\/auslaenderbehoerde.org\/#website\"},\"datePublished\":\"2022-06-27T07:48:18+00:00\",\"dateModified\":\"2025-12-30T06:05:27+00:00\",\"breadcrumb\":{\"@id\":\"https:\/\/auslaenderbehoerde.org\/impressum\/#breadcrumb\"},\"inLanguage\":\"it-IT\",\"potentialAction\":[{\"@type\":\"ReadAction\",\"target\":[\"https:\/\/auslaenderbehoerde.org\/impressum\/\"]}]},{\"@type\":\"BreadcrumbList\",\"@id\":\"https:\/\/auslaenderbehoerde.org\/impressum\/#breadcrumb\",\"itemListElement\":[{\"@type\":\"ListItem\",\"position\":1,\"name\":\"Startseite\",\"item\":\"https:\/\/auslaenderbehoerde.org\/\"},{\"@type\":\"ListItem\",\"position\":2,\"name\":\"Impressum\"}]},{\"@type\":\"WebSite\",\"@id\":\"https:\/\/auslaenderbehoerde.org\/#website\",\"url\":\"https:\/\/auslaenderbehoerde.org\/\",\"name\":\"auslaenderbehoerde.org\",\"description\":\"\",\"potentialAction\":[{\"@type\":\"SearchAction\",\"target\":{\"@type\":\"EntryPoint\",\"urlTemplate\":\"https:\/\/auslaenderbehoerde.org\/?s={search_term_string}\"},\"query-input\":{\"@type\":\"PropertyValueSpecification\",\"valueRequired\":true,\"valueName\":\"search_term_string\"}}],\"inLanguage\":\"it-IT\"}]}<\/script>\n<!-- \/ Yoast SEO plugin. -->","yoast_head_json":{"title":"Impronta - www.auslaenderbehoerde.org","robots":{"index":"noindex","follow":"follow"},"og_locale":"it_IT","og_type":"article","og_title":"Impressum - auslaenderbehoerde.org","og_description":"Impressum Angaben gem\u00e4\u00df \u00a7 5 TMG: Petros Aslanakis 889\/850 Moo 5 Nong Prue, Bang Lamung Chon Buri 20150 Thailand Kontakt: E-Mail: post(at)auslaenderbehoerde.org Diese Webseite ist keine offizielle Webseite der Beh\u00f6rden.\u00a0 Bitte haben Sie Verst\u00e4ndnis, dass wir als Seitenbetreiber keinerlei Beratung vornehmen oder Informationen erteilen k\u00f6nnen. Haftungsausschluss (Disclaimer) Haftung f\u00fcr Inhalte Als Diensteanbieter sind wir gem\u00e4\u00df&hellip;&nbsp;Read More &raquo;Impressum","og_url":"https:\/\/auslaenderbehoerde.org\/it\/impronta\/","og_site_name":"auslaenderbehoerde.org","article_modified_time":"2025-12-30T06:05:27+00:00","twitter_card":"summary_large_image","twitter_misc":{"Tempo di lettura stimato":"2 minuti"},"schema":{"@context":"https:\/\/schema.org","@graph":[{"@type":"WebPage","@id":"https:\/\/auslaenderbehoerde.org\/impressum\/","url":"https:\/\/auslaenderbehoerde.org\/impressum\/","name":"Impronta - www.auslaenderbehoerde.org","isPartOf":{"@id":"https:\/\/auslaenderbehoerde.org\/#website"},"datePublished":"2022-06-27T07:48:18+00:00","dateModified":"2025-12-30T06:05:27+00:00","breadcrumb":{"@id":"https:\/\/auslaenderbehoerde.org\/impressum\/#breadcrumb"},"inLanguage":"it-IT","potentialAction":[{"@type":"ReadAction","target":["https:\/\/auslaenderbehoerde.org\/impressum\/"]}]},{"@type":"BreadcrumbList","@id":"https:\/\/auslaenderbehoerde.org\/impressum\/#breadcrumb","itemListElement":[{"@type":"ListItem","position":1,"name":"Startseite","item":"https:\/\/auslaenderbehoerde.org\/"},{"@type":"ListItem","position":2,"name":"Impressum"}]},{"@type":"WebSite","@id":"https:\/\/auslaenderbehoerde.org\/#website","url":"https:\/\/auslaenderbehoerde.org\/","name":"www.auslaenderbehoerde.org","description":"","potentialAction":[{"@type":"SearchAction","target":{"@type":"EntryPoint","urlTemplate":"https:\/\/auslaenderbehoerde.org\/?s={search_term_string}"},"query-input":{"@type":"PropertyValueSpecification","valueRequired":true,"valueName":"search_term_string"}}],"inLanguage":"it-IT"}]}},"_links":{"self":[{"href":"https:\/\/auslaenderbehoerde.org\/it\/wp-json\/wp\/v2\/pages\/20","targetHints":{"allow":["GET"]}}],"collection":[{"href":"https:\/\/auslaenderbehoerde.org\/it\/wp-json\/wp\/v2\/pages"}],"about":[{"href":"https:\/\/auslaenderbehoerde.org\/it\/wp-json\/wp\/v2\/types\/page"}],"author":[{"embeddable":true,"href":"https:\/\/auslaenderbehoerde.org\/it\/wp-json\/wp\/v2\/users\/1"}],"replies":[{"embeddable":true,"href":"https:\/\/auslaenderbehoerde.org\/it\/wp-json\/wp\/v2\/comments?post=20"}],"version-history":[{"count":3,"href":"https:\/\/auslaenderbehoerde.org\/it\/wp-json\/wp\/v2\/pages\/20\/revisions"}],"predecessor-version":[{"id":2475,"href":"https:\/\/auslaenderbehoerde.org\/it\/wp-json\/wp\/v2\/pages\/20\/revisions\/2475"}],"wp:attachment":[{"href":"https:\/\/auslaenderbehoerde.org\/it\/wp-json\/wp\/v2\/media?parent=20"}],"curies":[{"name":"parola chiave","href":"https:\/\/api.w.org\/{rel}","templated":true}]}}