{"id":30,"date":"2022-06-27T10:02:06","date_gmt":"2022-06-27T08:02:06","guid":{"rendered":"https:\/\/auslaenderbehoerde.org\/?page_id=30"},"modified":"2022-07-05T17:16:40","modified_gmt":"2022-07-05T15:16:40","slug":"auslaenderbehoerden-in-baden-wuerttemberg","status":"publish","type":"page","link":"https:\/\/auslaenderbehoerde.org\/it\/autorita-per-limmigrazione-nel-baden-wuerttemberg\/","title":{"rendered":"Autorit\u00e0 per l&#039;immigrazione nel Baden-W\u00fcrttemberg"},"content":{"rendered":"<p>Qui troverai tutti gli indirizzi, le informazioni di contatto e gli orari di apertura delle autorit\u00e0 di immigrazione o degli uffici di immigrazione in<strong>\u00a0Baden-Wuerttemberg.<\/strong><\/p>\n<p>Nello stato federale del Baden-W\u00fcrttemberg c&#039;\u00e8 attualmente <strong>90 autorit\u00e0 per l&#039;immigrazione<\/strong>che sono a tua disposizione per qualsiasi domanda relativa ai tuoi affari.<\/p>\n<h2><span id=\"Uebersicht_aller_Jobcenter_in_Baden-Wuerttemberg\" class=\"ez-toc-section\">Panoramica delle autorit\u00e0 di immigrazione nel Baden-W\u00fcrttemberg<\/span><\/h2>\n<p>Dall&#039;elenco, seleziona l&#039;ufficio immigrazione o l&#039;ufficio immigrazione pi\u00f9 vicino al tuo luogo di residenza.<\/p>\n<ul style=\"list-style-type: circle;\">\n<li><a href=\"https:\/\/auslaenderbehoerde.org\/it\/autorita-per-limmigrazione-crogiolarsi\/\">crogiolarsi<\/a><\/li>\n<li><a href=\"https:\/\/auslaenderbehoerde.org\/it\/autorita-per-limmigrazione-albstadt\/\">Albstadt<\/a><\/li>\n<li><a href=\"https:\/\/auslaenderbehoerde.org\/it\/autorita-per-gli-stranieri-altensteig\/\">Altensteig<\/a><\/li>\n<li><a href=\"https:\/\/auslaenderbehoerde.org\/it\/backnang-dellautorita-per-limmigrazione\/\">sostegno<\/a><\/li>\n<li><a href=\"https:\/\/auslaenderbehoerde.org\/it\/ufficio-immigrazione-bad-rappenau\/\">Bad Rappenau<\/a><\/li>\n<li><a href=\"https:\/\/auslaenderbehoerde.org\/it\/ufficio-immigrazione-bad-saulgau\/\">Bad Saulgau<\/a><\/li>\n<li><a href=\"https:\/\/auslaenderbehoerde.org\/it\/autorita-per-limmigrazione-bad-urach\/\">Urach cattivo<\/a><\/li>\n<li><a href=\"https:\/\/auslaenderbehoerde.org\/it\/autorita-per-limmigrazione-baden-baden\/\">Baden-Baden<\/a><\/li>\n<li><a href=\"https:\/\/auslaenderbehoerde.org\/it\/autorita-per-limmigrazione-balingen\/\">Balingen<\/a><\/li>\n<li><a href=\"https:\/\/auslaenderbehoerde.org\/it\/autorita-per-limmigrazione-biberach-an-der-riss\/\">Biberach an der Riss<\/a><\/li>\n<li><a href=\"https:\/\/auslaenderbehoerde.org\/it\/autorita-per-limmigrazione-bietigheim-bissingen\/\">Bietigheim-Bissingen<\/a><\/li>\n<li><a href=\"https:\/\/auslaenderbehoerde.org\/it\/autorita-per-gli-stranieri-blaubeuren\/\">Blaubeuren<\/a><\/li>\n<li><a href=\"https:\/\/auslaenderbehoerde.org\/it\/autorita-per-limmigrazione-boeblingen\/\">Boeblingen<\/a><\/li>\n<li><a href=\"https:\/\/auslaenderbehoerde.org\/it\/autorita-per-limmigrazione-bruchsal\/\">Brusciale<\/a><\/li>\n<li><a href=\"https:\/\/auslaenderbehoerde.org\/it\/autorita-per-limmigrazione-buehl\/\">Buehl<\/a><\/li>\n<li><a href=\"https:\/\/auslaenderbehoerde.org\/it\/autorita-per-limmigrazione-calw\/\">Calw<\/a><\/li>\n<li><a href=\"https:\/\/auslaenderbehoerde.org\/it\/autorita-per-limmigrazione-creglingen\/\">Creglingen<\/a><\/li>\n<li><a href=\"https:\/\/auslaenderbehoerde.org\/it\/ufficio-immigrazione-dietenheim\/\">Dietenheim<\/a><\/li>\n<li><a href=\"https:\/\/auslaenderbehoerde.org\/it\/autorita-per-limmigrazione-donaueschingen\/\">Donaueschingen<\/a><\/li>\n<li><a href=\"https:\/\/auslaenderbehoerde.org\/it\/autorita-per-limmigrazione-ehingen\/\">matrimoni<\/a><\/li>\n<li><a href=\"https:\/\/auslaenderbehoerde.org\/it\/autorita-per-limmigrazione-eislingen\/\">Eislingen<\/a><\/li>\n<li><a href=\"https:\/\/auslaenderbehoerde.org\/it\/emendamenti-dellautorita-per-limmigrazione\/\">Emendingen<\/a><\/li>\n<li><a href=\"https:\/\/auslaenderbehoerde.org\/it\/autorita-per-limmigrazione-eslingen\/\">esslingen<\/a><\/li>\n<li><a href=\"https:\/\/auslaenderbehoerde.org\/it\/autorita-per-limmigrazione-ettlingen\/\">Ettingen<\/a><\/li>\n<li><a href=\"https:\/\/auslaenderbehoerde.org\/it\/autorita-per-limmigrazione-fellbach\/\">Fellbach<\/a><\/li>\n<li><a href=\"https:\/\/auslaenderbehoerde.org\/it\/autorita-per-limmigrazione-friburgo\/\">Friburgo<\/a><\/li>\n<li><a href=\"https:\/\/auslaenderbehoerde.org\/it\/ufficio-immigrazione-freudenstadt\/\">Freudenstadt<\/a><\/li>\n<li><a href=\"https:\/\/auslaenderbehoerde.org\/it\/ufficio-immigrazione-furtwangen-nella-foresta-nera\/\">Furtwangen nella Foresta Nera<\/a><\/li>\n<li><a href=\"https:\/\/auslaenderbehoerde.org\/it\/autorita-per-limmigrazione-gaggenau\/\">Gaggenau<\/a><\/li>\n<li><a href=\"https:\/\/auslaenderbehoerde.org\/it\/autorita-per-limmigrazione-gammertingen\/\">Gammertingen<\/a><\/li>\n<li><a href=\"https:\/\/auslaenderbehoerde.org\/it\/autorita-per-limmigrazione-geislingen-an-der-steige\/\">Geislingen an der Steige<\/a><\/li>\n<li><a href=\"https:\/\/auslaenderbehoerde.org\/it\/autorita-per-limmigrazione-goeppingen\/\">Goppingen<\/a><\/li>\n<li><a href=\"https:\/\/auslaenderbehoerde.org\/it\/autorita-per-limmigrazione-heilbronn\/\">Heilbronn<\/a><\/li>\n<li><a href=\"https:\/\/auslaenderbehoerde.org\/it\/autorita-per-limmigrazione-heidelberg\/\">Heidelberg<\/a><\/li>\n<li><a href=\"https:\/\/auslaenderbehoerde.org\/it\/autorita-per-limmigrazione-heidenheim-an-der-brenz\/\">Heidenheim an der Brenz<\/a><\/li>\n<li><a href=\"https:\/\/auslaenderbehoerde.org\/it\/autorita-per-gli-stranieri-herbolzheim\/\">Herbolzheim<\/a><\/li>\n<li><a href=\"https:\/\/auslaenderbehoerde.org\/it\/autorita-per-limmigrazione-herrenberg\/\">Herrenberg<\/a><\/li>\n<li><a href=\"https:\/\/auslaenderbehoerde.org\/it\/autorita-per-limmigrazione-heubach\/\">Heubach<\/a><\/li>\n<li><a href=\"https:\/\/auslaenderbehoerde.org\/it\/ufficio-immigrazione-hockenheim\/\">Hockenheim<\/a><\/li>\n<li><a href=\"https:\/\/auslaenderbehoerde.org\/it\/autorita-per-gli-stranieri-horb-am-neckar\/\">Horb am Neckar<\/a><\/li>\n<li><a href=\"https:\/\/auslaenderbehoerde.org\/it\/autorita-per-limmigrazione-karlsruhe\/\">Karlsruhe<\/a><\/li>\n<li><a href=\"https:\/\/auslaenderbehoerde.org\/it\/autorita-per-limmigrazione-kehl\/\">gola<\/a><\/li>\n<li><a href=\"https:\/\/auslaenderbehoerde.org\/it\/autorita-per-limmigrazione-kirchheim-unter-teck\/\">Kirchheim unter Teck<\/a><\/li>\n<li><a href=\"https:\/\/auslaenderbehoerde.org\/it\/autorita-per-limmigrazione-costanza\/\">costanza<\/a><\/li>\n<li><a href=\"https:\/\/auslaenderbehoerde.org\/it\/ufficio-immigrazione-kornwestheim\/\">Kornwestheim<\/a><\/li>\n<li><a href=\"https:\/\/auslaenderbehoerde.org\/it\/autorita-per-limmigrazione-kuenzelsau\/\">Kunzelsau<\/a><\/li>\n<li><a href=\"https:\/\/auslaenderbehoerde.org\/it\/ufficio-immigrazione-langenau\/\">Langenau<\/a><\/li>\n<li><a href=\"https:\/\/auslaenderbehoerde.org\/it\/autorita-di-immigrazione-incollaggio\/\">incollaggio<\/a><\/li>\n<li><a href=\"https:\/\/auslaenderbehoerde.org\/it\/autorita-per-limmigrazione-leonberg\/\">Leonberg<\/a><\/li>\n<li><a href=\"https:\/\/auslaenderbehoerde.org\/it\/ufficio-immigrazione-lichtenau\/\">Lichtenau<\/a><\/li>\n<li><a href=\"https:\/\/auslaenderbehoerde.org\/it\/autorita-per-limmigrazione-loerrach\/\">Loerrach<\/a><\/li>\n<li><a href=\"https:\/\/auslaenderbehoerde.org\/it\/autorita-per-limmigrazione-ludwigsburg\/\">Ludwigsburg<\/a><\/li>\n<li><a href=\"https:\/\/auslaenderbehoerde.org\/it\/autorita-per-limmigrazione-mannheim\/\">Manheim<\/a><\/li>\n<li><a href=\"https:\/\/auslaenderbehoerde.org\/it\/autorita-per-limmigrazione-metzingen\/\">Metzingen<\/a><\/li>\n<li><a href=\"https:\/\/auslaenderbehoerde.org\/it\/autorita-per-limmigrazione-mosbach\/\">Mosbach<\/a><\/li>\n<li><a href=\"https:\/\/auslaenderbehoerde.org\/it\/autorita-per-limmigrazione-moessingen\/\">moessingen<\/a><\/li>\n<li><a href=\"https:\/\/auslaenderbehoerde.org\/it\/ufficio-immigrazione-munderkingen\/\">Munderkingen<\/a><\/li>\n<li><a href=\"https:\/\/auslaenderbehoerde.org\/it\/autorita-per-limmigrazione-nuertingen\/\">Nuertingen<\/a><\/li>\n<li><a href=\"https:\/\/auslaenderbehoerde.org\/it\/autorita-per-limmigrazione-oberkirch\/\">Oberkirch<\/a><\/li>\n<li><a href=\"https:\/\/auslaenderbehoerde.org\/it\/autorita-per-limmigrazione-offenburg\/\">Offenburg<\/a><\/li>\n<li><a href=\"https:\/\/auslaenderbehoerde.org\/it\/autorita-aliena-ostfildern\/\">Ostfildern<\/a><\/li>\n<li><a href=\"https:\/\/auslaenderbehoerde.org\/it\/autorita-per-limmigrazione-pforzheim\/\">Pforzheim<\/a><\/li>\n<li><a href=\"https:\/\/auslaenderbehoerde.org\/it\/autorita-per-limmigrazione-radolphzell-am-bodensee\/\">Radolfzell sul Lago di Costanza<\/a><\/li>\n<li><a href=\"https:\/\/auslaenderbehoerde.org\/it\/autorita-per-limmigrazione-rastatt\/\">Rastatt<\/a><\/li>\n<li><a href=\"https:\/\/auslaenderbehoerde.org\/it\/autorita-per-limmigrazione-ravensburg\/\">Ravenna<\/a><\/li>\n<li><a href=\"https:\/\/auslaenderbehoerde.org\/it\/autorita-per-limmigrazione-reutlingen\/\">Reutlingen<\/a><\/li>\n<li><a href=\"https:\/\/auslaenderbehoerde.org\/it\/autorita-per-limmigrazione-rheinfelden\/\">Rheinfelden<\/a><\/li>\n<li><a href=\"https:\/\/auslaenderbehoerde.org\/it\/rheinstetten-dellautorita-per-limmigrazione\/\">Rheinstetten<\/a><\/li>\n<li><a href=\"https:\/\/auslaenderbehoerde.org\/it\/autorita-per-limmigrazione-rottweil\/\">Rottweil<\/a><\/li>\n<li><a href=\"https:\/\/auslaenderbehoerde.org\/it\/autorita-per-limmigrazione-schorndorf\/\">Schorndorf<\/a><\/li>\n<li><a href=\"https:\/\/auslaenderbehoerde.org\/it\/autorita-per-limmigrazione-schwaebisch-gmuend\/\">Schw\u00e4bisch Gmuend<\/a><\/li>\n<li><a href=\"https:\/\/auslaenderbehoerde.org\/it\/autorita-per-limmigrazione-schwaebisch-hall\/\">Schw\u00e4bisch Hall<\/a><\/li>\n<li><a href=\"https:\/\/auslaenderbehoerde.org\/it\/autorita-per-limmigrazione-schwetzingen\/\">Schwetzingen<\/a><\/li>\n<li><a href=\"https:\/\/auslaenderbehoerde.org\/it\/autorita-per-limmigrazione-sigmaringen\/\">anelli sigma<\/a><\/li>\n<li><a href=\"https:\/\/auslaenderbehoerde.org\/it\/autorita-per-limmigrazione-sindelfingen\/\">Sindelfingen<\/a><\/li>\n<li><a href=\"https:\/\/auslaenderbehoerde.org\/it\/autorita-per-limmigrazione-sinsheim\/\">Sinsheim<\/a><\/li>\n<li><a href=\"https:\/\/auslaenderbehoerde.org\/it\/autorita-per-limmigrazione-stoccarda\/\">Stoccarda<\/a><\/li>\n<li><a href=\"https:\/\/auslaenderbehoerde.org\/it\/autorita-per-gli-stranieri-tauberbischofsheim\/\">Tauberbischofsheim<\/a><\/li>\n<li><a href=\"https:\/\/auslaenderbehoerde.org\/it\/autorita-per-limmigrazione-tuebingen\/\">tubingen<\/a><\/li>\n<li><a href=\"https:\/\/auslaenderbehoerde.org\/it\/autorita-per-limmigrazione-tuttlingen\/\">Tuttlingen<\/a><\/li>\n<li><a href=\"https:\/\/auslaenderbehoerde.org\/it\/autorita-per-limmigrazione-villingen-schwenningen\/\">Villingen-Schwenningen<\/a><\/li>\n<li><a href=\"https:\/\/auslaenderbehoerde.org\/it\/autorita-per-limmigrazione-waiblingen\/\">Waiblingen<\/a><\/li>\n<li><a href=\"https:\/\/auslaenderbehoerde.org\/it\/autorita-per-limmigrazione-waldshut-tiengen\/\">Waldshut-Tiengen<\/a><\/li>\n<li><a href=\"https:\/\/auslaenderbehoerde.org\/it\/autorita-per-limmigrazione-wangen-im-allgaeu\/\">Wangen nell&#039;Algovia<\/a><\/li>\n<li><a href=\"https:\/\/auslaenderbehoerde.org\/it\/autorita-per-limmigrazione-weil-am-rhein\/\">Perch\u00e9 sul Reno<\/a><\/li>\n<li><a href=\"https:\/\/auslaenderbehoerde.org\/it\/autorita-per-limmigrazione-a-causa-della-citta\/\">Per via della citt\u00e0<\/a><\/li>\n<li><a href=\"https:\/\/auslaenderbehoerde.org\/it\/ufficio-immigrazione-weingarten\/\">vigneto<\/a><\/li>\n<li><a href=\"https:\/\/auslaenderbehoerde.org\/it\/ufficio-immigrazione-weinheim\/\">Weinheim<\/a><\/li>\n<li><a href=\"https:\/\/auslaenderbehoerde.org\/it\/autorita-per-limmigrazione-wertheim\/\">Wertheim<\/a><\/li>\n<li><a href=\"https:\/\/auslaenderbehoerde.org\/it\/autorita-per-limmigrazione-wiesloch\/\">Wiesloch<\/a><\/li>\n<\/ul>\n<p>Tutte le informazioni senza garanzia e soggette a modifiche<\/p>\n<h2><span class=\"ez-toc-section\">autorit\u00e0 per l&#039;immigrazione <\/span><span class=\"ez-toc-section\">Baden-W\u00fcrttemberg \u2013 <\/span>doveri e responsabilit\u00e0<\/h2>\n<p>Le autorit\u00e0 per l&#039;immigrazione sono il primo indirizzo per gli stranieri che entrano nel Paese. \u00c8 responsabile di concedere o rifiutare a <a href=\"https:\/\/auslaenderbehoerde.org\/it\/permesso-di-residenza\/\">permesso di residenza<\/a>. Gli uffici di immigrazione sono responsabili di garantire che la legge sull&#039;immigrazione sia applicata in conformit\u00e0 con la situazione legale. Sono anche responsabili dei richiedenti asilo e degli sfollati.<\/p>\n<p>Decide l&#039;Ufficio Immigrazione <a href=\"https:\/\/auslaenderbehoerde.org\/it\/permesso-di-residenza-2\/\">permesso di residenza<\/a> ed emette questo se la decisione \u00e8 positiva. Inoltre, pu\u00f2 essere concesso un permesso di soggiorno in conformit\u00e0 con la legge sulla residenza per quanto riguarda lo scopo di soggiorno desiderato o pu\u00f2 essere avviata l&#039;espulsione.<\/p>\n<p>La responsabilit\u00e0 dell&#039;autorit\u00e0 per gli stranieri si estende anche a molti altri compiti. Il tipo e la durata del permesso di soggiorno variano notevolmente. Ad alcuni viene concesso un limite di tempo, ad altri viene negato il permesso di soggiorno e\/o viene concesso un permesso di uscita ai sensi della legge sul soggiorno.<\/p>\n<p>L&#039;ufficio immigrazione ci sta lavorando <a href=\"https:\/\/www.gesetze-im-internet.de\/aufenthg_2004\/__71.html\" target=\"_blank\" rel=\"noopener\">Sezione 71<\/a> Residenza G. L&#039;autorit\u00e0 \u00e8 responsabile della regolamentazione di tutte le decisioni e misure che riguardano il passaporto e i diritti di soggiorno degli stranieri.<\/p>\n<p><strong>Altre attivit\u00e0 che rientrano nell&#039;area di responsabilit\u00e0 delle autorit\u00e0 per l&#039;immigrazione:<\/strong><\/p>\n<ul style=\"list-style-type: circle;\">\n<li>procedura di asilo<\/li>\n<li>aiuto ai profughi<\/li>\n<li>assistenza sociale<\/li>\n<li>corsi di integrazione<\/li>\n<li>Organizzazione e approvazione dell&#039;ingresso e del soggiorno in Germania<\/li>\n<li>diritto al beneficio<\/li>\n<li>rimborso e assistenza sanitaria<\/li>\n<li>stato civile<\/li>\n<li><a href=\"https:\/\/auslaenderbehoerde.org\/it\/dichiarazione-di-impegno\/\">dichiarazione di impegno<\/a><\/li>\n<li>opzioni di alloggio<\/li>\n<li>Registrati<\/li>\n<\/ul>\n<h3>appuntamento con il responsabile <span class=\"ez-toc-section\">Autorit\u00e0 per gli stranieri<\/span><\/h3>\n<p>In generale \u00e8 possibile fissare un appuntamento telefonicamente, utilizzando il modulo di contatto o tramite il portale dei servizi della rispettiva citt\u00e0. In alcune citt\u00e0 \u00e8 possibile scaricare vari moduli online per chiarire in anticipo questioni importanti. L&#039;indirizzo e gli orari di apertura possono essere visualizzati online. Assicurati di avere tutti i documenti necessari completi prima di andare all&#039;Ufficio Immigrazione.<\/p>\n<div class=\"su-note\"  style=\"border-color:#d1d1d0;border-radius:3px;-moz-border-radius:3px;-webkit-border-radius:3px;\"><div class=\"su-note-inner su-u-clearfix su-u-trim\" style=\"background-color:#ebebea;border-color:#ffffff;color:#444444;border-radius:3px;-moz-border-radius:3px;-webkit-border-radius:3px;\"><b>Un avviso: <\/b>Per gli uffici e le autorit\u00e0, di solito sono necessari i documenti o i certificati come <a href=\"https:\/\/tidd.ly\/3y8DKdr\" target=\"_blank\" rel=\"noopener\">traduzione giurata<\/a>*.<\/div><\/div>\n<p><strong>Aspetti visitatori dall&#039;estero?<\/strong> Con un <a href=\"https:\/\/auslaenderbehoerde.org\/it\/assicurazione-di-viaggio-per-gli-ospiti-stranieri\/\">Assicurazione di viaggio per gli ospiti stranieri<\/a> beneficiare di una protezione completa in Germania e in Europa.<\/p>\n<h3>Ulteriore <span class=\"ez-toc-section\">Autorit\u00e0 e informazioni sull&#039;immigrazione<\/span><\/h3>\n<ul style=\"list-style-type: circle;\">\n<li><a href=\"https:\/\/auslaenderbehoerde.org\/it\/\">Autorit\u00e0 per l&#039;immigrazione in Germania<\/a><\/li>\n<li><a href=\"https:\/\/auslaenderbehoerde.org\/it\/\">Primi passi in Germania<\/a><\/li>\n<\/ul>","protected":false},"excerpt":{"rendered":"<p>Qui troverete tutti gli indirizzi, i dati di contatto e gli orari di apertura delle autorit\u00e0 per l&#039;immigrazione o degli uffici per l&#039;immigrazione del Baden-W\u00fcrttemberg. Attualmente nello stato del Baden-W\u00fcrttemberg ci sono 90 autorit\u00e0 per l&#039;immigrazione che sono a disposizione per rispondere a qualsiasi domanda tu possa avere in relazione ai tuoi affari. Panoramica delle autorit\u00e0 per l&#039;immigrazione nel Baden-W\u00fcrttemberg Selezionate dall&#039;elenco l&#039;autorit\u00e0 per l&#039;immigrazione o l&#039;ufficio per l&#039;immigrazione che corrisponde al vostro luogo di residenza...&nbsp;<a href=\"https:\/\/auslaenderbehoerde.org\/it\/autorita-per-limmigrazione-nel-baden-wuerttemberg\/\" rel=\"bookmark\">Per saperne di pi\u00f9 &quot;<span class=\"screen-reader-text\">Autorit\u00e0 per l&#039;immigrazione nel Baden-W\u00fcrttemberg<\/span><\/a><\/p>","protected":false},"author":1,"featured_media":65,"parent":0,"menu_order":0,"comment_status":"closed","ping_status":"closed","template":"","meta":{"neve_meta_sidebar":"","neve_meta_container":"","neve_meta_enable_content_width":"off","neve_meta_content_width":100,"neve_meta_title_alignment":"","neve_meta_author_avatar":"","neve_post_elements_order":"","neve_meta_disable_header":"","neve_meta_disable_footer":"","neve_meta_disable_title":"","neve_meta_reading_time":"","footnotes":""},"class_list":["post-30","page","type-page","status-publish","has-post-thumbnail","hentry"],"yoast_head":"<!-- This site is optimized with the Yoast SEO plugin v26.6 - https:\/\/yoast.com\/wordpress\/plugins\/seo\/ -->\n<title>Ausl\u00e4nderbeh\u00f6rden in Baden-W\u00fcrttemberg | Adressen und Anschrift<\/title>\n<meta name=\"description\" content=\"Hier finden Sie alle Adressen und Kontaktinformationen der Ausl\u00e4nder\u00e4mter oder auch Ausl\u00e4nderbeh\u00f6rden in Baden-W\u00fcrttemberg\" \/>\n<meta name=\"robots\" content=\"index, follow, max-snippet:-1, max-image-preview:large, max-video-preview:-1\" \/>\n<link rel=\"canonical\" href=\"https:\/\/auslaenderbehoerde.org\/it\/autorita-per-limmigrazione-nel-baden-wuerttemberg\/\" \/>\n<meta property=\"og:locale\" content=\"it_IT\" \/>\n<meta property=\"og:type\" content=\"article\" \/>\n<meta property=\"og:title\" content=\"Ausl\u00e4nderbeh\u00f6rden in Baden-W\u00fcrttemberg | Adressen und Anschrift\" \/>\n<meta property=\"og:description\" content=\"Hier finden Sie alle Adressen und Kontaktinformationen der Ausl\u00e4nder\u00e4mter oder auch Ausl\u00e4nderbeh\u00f6rden in Baden-W\u00fcrttemberg\" \/>\n<meta property=\"og:url\" content=\"https:\/\/auslaenderbehoerde.org\/it\/autorita-per-limmigrazione-nel-baden-wuerttemberg\/\" \/>\n<meta property=\"og:site_name\" content=\"auslaenderbehoerde.org\" \/>\n<meta property=\"article:modified_time\" content=\"2022-07-05T15:16:40+00:00\" \/>\n<meta property=\"og:image\" content=\"https:\/\/auslaenderbehoerde.org\/wp-content\/uploads\/2022\/06\/Ausla\u0308nderbeho\u0308rde-scaled-e1656327377843.jpeg\" \/>\n\t<meta property=\"og:image:width\" content=\"900\" \/>\n\t<meta property=\"og:image:height\" content=\"675\" \/>\n\t<meta property=\"og:image:type\" content=\"image\/jpeg\" \/>\n<meta name=\"twitter:card\" content=\"summary_large_image\" \/>\n<meta name=\"twitter:label1\" content=\"Tempo di lettura stimato\" \/>\n\t<meta name=\"twitter:data1\" content=\"3 minuti\" \/>\n<script type=\"application\/ld+json\" class=\"yoast-schema-graph\">{\"@context\":\"https:\/\/schema.org\",\"@graph\":[{\"@type\":\"WebPage\",\"@id\":\"https:\/\/auslaenderbehoerde.org\/auslaenderbehoerden-in-baden-wuerttemberg\/\",\"url\":\"https:\/\/auslaenderbehoerde.org\/auslaenderbehoerden-in-baden-wuerttemberg\/\",\"name\":\"Ausl\u00e4nderbeh\u00f6rden in Baden-W\u00fcrttemberg | Adressen und Anschrift\",\"isPartOf\":{\"@id\":\"https:\/\/auslaenderbehoerde.org\/#website\"},\"primaryImageOfPage\":{\"@id\":\"https:\/\/auslaenderbehoerde.org\/auslaenderbehoerden-in-baden-wuerttemberg\/#primaryimage\"},\"image\":{\"@id\":\"https:\/\/auslaenderbehoerde.org\/auslaenderbehoerden-in-baden-wuerttemberg\/#primaryimage\"},\"thumbnailUrl\":\"https:\/\/auslaenderbehoerde.org\/wp-content\/uploads\/2022\/06\/Ausla\u0308nderbeho\u0308rde-scaled-e1656327377843.jpeg\",\"datePublished\":\"2022-06-27T08:02:06+00:00\",\"dateModified\":\"2022-07-05T15:16:40+00:00\",\"description\":\"Hier finden Sie alle Adressen und Kontaktinformationen der Ausl\u00e4nder\u00e4mter oder auch Ausl\u00e4nderbeh\u00f6rden in Baden-W\u00fcrttemberg\",\"breadcrumb\":{\"@id\":\"https:\/\/auslaenderbehoerde.org\/auslaenderbehoerden-in-baden-wuerttemberg\/#breadcrumb\"},\"inLanguage\":\"it-IT\",\"potentialAction\":[{\"@type\":\"ReadAction\",\"target\":[\"https:\/\/auslaenderbehoerde.org\/auslaenderbehoerden-in-baden-wuerttemberg\/\"]}]},{\"@type\":\"ImageObject\",\"inLanguage\":\"it-IT\",\"@id\":\"https:\/\/auslaenderbehoerde.org\/auslaenderbehoerden-in-baden-wuerttemberg\/#primaryimage\",\"url\":\"https:\/\/auslaenderbehoerde.org\/wp-content\/uploads\/2022\/06\/Ausla\u0308nderbeho\u0308rde-scaled-e1656327377843.jpeg\",\"contentUrl\":\"https:\/\/auslaenderbehoerde.org\/wp-content\/uploads\/2022\/06\/Ausla\u0308nderbeho\u0308rde-scaled-e1656327377843.jpeg\",\"width\":900,\"height\":675,\"caption\":\"Ausl\u00e4nderbeh\u00f6rde\"},{\"@type\":\"BreadcrumbList\",\"@id\":\"https:\/\/auslaenderbehoerde.org\/auslaenderbehoerden-in-baden-wuerttemberg\/#breadcrumb\",\"itemListElement\":[{\"@type\":\"ListItem\",\"position\":1,\"name\":\"Startseite\",\"item\":\"https:\/\/auslaenderbehoerde.org\/\"},{\"@type\":\"ListItem\",\"position\":2,\"name\":\"Ausl\u00e4nderbeh\u00f6rden in Baden-W\u00fcrttemberg\"}]},{\"@type\":\"WebSite\",\"@id\":\"https:\/\/auslaenderbehoerde.org\/#website\",\"url\":\"https:\/\/auslaenderbehoerde.org\/\",\"name\":\"auslaenderbehoerde.org\",\"description\":\"\",\"potentialAction\":[{\"@type\":\"SearchAction\",\"target\":{\"@type\":\"EntryPoint\",\"urlTemplate\":\"https:\/\/auslaenderbehoerde.org\/?s={search_term_string}\"},\"query-input\":{\"@type\":\"PropertyValueSpecification\",\"valueRequired\":true,\"valueName\":\"search_term_string\"}}],\"inLanguage\":\"it-IT\"}]}<\/script>\n<!-- \/ Yoast SEO plugin. -->","yoast_head_json":{"title":"Autorit\u00e0 per l&#039;immigrazione nel Baden-W\u00fcrttemberg | indirizzi e indirizzo","description":"Qui troverai tutti gli indirizzi e le informazioni di contatto per gli uffici di immigrazione o le autorit\u00e0 di immigrazione nel Baden-W\u00fcrttemberg","robots":{"index":"index","follow":"follow","max-snippet":"max-snippet:-1","max-image-preview":"max-image-preview:large","max-video-preview":"max-video-preview:-1"},"canonical":"https:\/\/auslaenderbehoerde.org\/it\/autorita-per-limmigrazione-nel-baden-wuerttemberg\/","og_locale":"it_IT","og_type":"article","og_title":"Ausl\u00e4nderbeh\u00f6rden in Baden-W\u00fcrttemberg | Adressen und Anschrift","og_description":"Hier finden Sie alle Adressen und Kontaktinformationen der Ausl\u00e4nder\u00e4mter oder auch Ausl\u00e4nderbeh\u00f6rden in Baden-W\u00fcrttemberg","og_url":"https:\/\/auslaenderbehoerde.org\/it\/autorita-per-limmigrazione-nel-baden-wuerttemberg\/","og_site_name":"auslaenderbehoerde.org","article_modified_time":"2022-07-05T15:16:40+00:00","og_image":[{"width":900,"height":675,"url":"https:\/\/auslaenderbehoerde.org\/wp-content\/uploads\/2022\/06\/Ausla\u0308nderbeho\u0308rde-scaled-e1656327377843.jpeg","type":"image\/jpeg"}],"twitter_card":"summary_large_image","twitter_misc":{"Tempo di lettura stimato":"3 minuti"},"schema":{"@context":"https:\/\/schema.org","@graph":[{"@type":"WebPage","@id":"https:\/\/auslaenderbehoerde.org\/auslaenderbehoerden-in-baden-wuerttemberg\/","url":"https:\/\/auslaenderbehoerde.org\/auslaenderbehoerden-in-baden-wuerttemberg\/","name":"Autorit\u00e0 per l&#039;immigrazione nel Baden-W\u00fcrttemberg | indirizzi e indirizzo","isPartOf":{"@id":"https:\/\/auslaenderbehoerde.org\/#website"},"primaryImageOfPage":{"@id":"https:\/\/auslaenderbehoerde.org\/auslaenderbehoerden-in-baden-wuerttemberg\/#primaryimage"},"image":{"@id":"https:\/\/auslaenderbehoerde.org\/auslaenderbehoerden-in-baden-wuerttemberg\/#primaryimage"},"thumbnailUrl":"https:\/\/auslaenderbehoerde.org\/wp-content\/uploads\/2022\/06\/Ausla\u0308nderbeho\u0308rde-scaled-e1656327377843.jpeg","datePublished":"2022-06-27T08:02:06+00:00","dateModified":"2022-07-05T15:16:40+00:00","description":"Qui troverai tutti gli indirizzi e le informazioni di contatto per gli uffici di immigrazione o le autorit\u00e0 di immigrazione nel Baden-W\u00fcrttemberg","breadcrumb":{"@id":"https:\/\/auslaenderbehoerde.org\/auslaenderbehoerden-in-baden-wuerttemberg\/#breadcrumb"},"inLanguage":"it-IT","potentialAction":[{"@type":"ReadAction","target":["https:\/\/auslaenderbehoerde.org\/auslaenderbehoerden-in-baden-wuerttemberg\/"]}]},{"@type":"ImageObject","inLanguage":"it-IT","@id":"https:\/\/auslaenderbehoerde.org\/auslaenderbehoerden-in-baden-wuerttemberg\/#primaryimage","url":"https:\/\/auslaenderbehoerde.org\/wp-content\/uploads\/2022\/06\/Ausla\u0308nderbeho\u0308rde-scaled-e1656327377843.jpeg","contentUrl":"https:\/\/auslaenderbehoerde.org\/wp-content\/uploads\/2022\/06\/Ausla\u0308nderbeho\u0308rde-scaled-e1656327377843.jpeg","width":900,"height":675,"caption":"Ausl\u00e4nderbeh\u00f6rde"},{"@type":"BreadcrumbList","@id":"https:\/\/auslaenderbehoerde.org\/auslaenderbehoerden-in-baden-wuerttemberg\/#breadcrumb","itemListElement":[{"@type":"ListItem","position":1,"name":"Startseite","item":"https:\/\/auslaenderbehoerde.org\/"},{"@type":"ListItem","position":2,"name":"Ausl\u00e4nderbeh\u00f6rden in Baden-W\u00fcrttemberg"}]},{"@type":"WebSite","@id":"https:\/\/auslaenderbehoerde.org\/#website","url":"https:\/\/auslaenderbehoerde.org\/","name":"www.auslaenderbehoerde.org","description":"","potentialAction":[{"@type":"SearchAction","target":{"@type":"EntryPoint","urlTemplate":"https:\/\/auslaenderbehoerde.org\/?s={search_term_string}"},"query-input":{"@type":"PropertyValueSpecification","valueRequired":true,"valueName":"search_term_string"}}],"inLanguage":"it-IT"}]}},"_links":{"self":[{"href":"https:\/\/auslaenderbehoerde.org\/it\/wp-json\/wp\/v2\/pages\/30","targetHints":{"allow":["GET"]}}],"collection":[{"href":"https:\/\/auslaenderbehoerde.org\/it\/wp-json\/wp\/v2\/pages"}],"about":[{"href":"https:\/\/auslaenderbehoerde.org\/it\/wp-json\/wp\/v2\/types\/page"}],"author":[{"embeddable":true,"href":"https:\/\/auslaenderbehoerde.org\/it\/wp-json\/wp\/v2\/users\/1"}],"replies":[{"embeddable":true,"href":"https:\/\/auslaenderbehoerde.org\/it\/wp-json\/wp\/v2\/comments?post=30"}],"version-history":[{"count":10,"href":"https:\/\/auslaenderbehoerde.org\/it\/wp-json\/wp\/v2\/pages\/30\/revisions"}],"predecessor-version":[{"id":462,"href":"https:\/\/auslaenderbehoerde.org\/it\/wp-json\/wp\/v2\/pages\/30\/revisions\/462"}],"wp:featuredmedia":[{"embeddable":true,"href":"https:\/\/auslaenderbehoerde.org\/it\/wp-json\/wp\/v2\/media\/65"}],"wp:attachment":[{"href":"https:\/\/auslaenderbehoerde.org\/it\/wp-json\/wp\/v2\/media?parent=30"}],"curies":[{"name":"parola chiave","href":"https:\/\/api.w.org\/{rel}","templated":true}]}}