{"id":44,"date":"2022-06-27T10:04:24","date_gmt":"2022-06-27T08:04:24","guid":{"rendered":"https:\/\/auslaenderbehoerde.org\/?page_id=44"},"modified":"2022-07-15T11:51:33","modified_gmt":"2022-07-15T09:51:33","slug":"auslaenderbehoerden-in-mecklenburg-vorpommern","status":"publish","type":"page","link":"https:\/\/auslaenderbehoerde.org\/it\/autorita-per-limmigrazione-nel-meclemburgo-pomerania-anteriore\/","title":{"rendered":"Autorit\u00e0 per l&#039;immigrazione nel Meclemburgo-Pomerania occidentale"},"content":{"rendered":"<p>Qui troverai tutti gli indirizzi, le informazioni di contatto e gli orari di apertura delle autorit\u00e0 di immigrazione o degli uffici di immigrazione in<strong> Meclemburgo-Pomerania occidentale.<\/strong><\/p>\n<p>Nello stato del Meclemburgo-Pomerania occidentale c&#039;\u00e8 attualmente <strong>18 autorit\u00e0 per l&#039;immigrazione<\/strong>che sono a tua disposizione per qualsiasi domanda relativa ai tuoi affari.<\/p>\n<h2><span id=\"Uebersicht_aller_Jobcenter_in_Baden-Wuerttemberg\" class=\"ez-toc-section\">Panoramica delle autorit\u00e0 di immigrazione nel Meclemburgo-Pomerania occidentale<\/span><\/h2>\n<p>Dall&#039;elenco, seleziona l&#039;ufficio immigrazione o l&#039;ufficio immigrazione pi\u00f9 vicino al tuo luogo di residenza.<\/p>\n<ul style=\"list-style-type: circle;\">\n<li><a href=\"https:\/\/auslaenderbehoerde.org\/it\/autorita-per-limmigrazione-anklam\/\">accusa<\/a><\/li>\n<li><a href=\"https:\/\/auslaenderbehoerde.org\/it\/autorita-per-limmigrazione-bad-doberan\/\">Cattivo Doberan<\/a><\/li>\n<li><a href=\"https:\/\/auslaenderbehoerde.org\/it\/autorita-per-limmigrazione-bergen\/\">montagne<\/a><\/li>\n<li><a href=\"https:\/\/auslaenderbehoerde.org\/it\/autorita-per-limmigrazione-bergen-auf-ruegen\/\">montagne su Ruegen<\/a><\/li>\n<li><a href=\"https:\/\/auslaenderbehoerde.org\/it\/autorita-per-limmigrazione-demmin\/\">Demmin<\/a><\/li>\n<li><a href=\"https:\/\/auslaenderbehoerde.org\/it\/autorita-per-limmigrazione-greifswald\/\">Greifswald<\/a><\/li>\n<li><a href=\"https:\/\/auslaenderbehoerde.org\/it\/autorita-per-limmigrazione-grimmen\/\">cupo<\/a><\/li>\n<li><a href=\"https:\/\/auslaenderbehoerde.org\/it\/autorita-per-limmigrazione-guestrow\/\">Guestrow<\/a><\/li>\n<li><a href=\"https:\/\/auslaenderbehoerde.org\/it\/autorita-per-limmigrazione-ludwigslust\/\">Ludovico<\/a><\/li>\n<li><a href=\"https:\/\/auslaenderbehoerde.org\/it\/autorita-per-limmigrazione-neubrandenburg\/\">Neubrandeburgo<\/a><\/li>\n<li><a href=\"https:\/\/auslaenderbehoerde.org\/it\/ufficio-immigrazione-neustrelitz\/\">Neustrelitz<\/a><\/li>\n<li><a href=\"https:\/\/auslaenderbehoerde.org\/it\/autorita-per-limmigrazione-parchim\/\">Parchim<\/a><\/li>\n<li><a href=\"https:\/\/auslaenderbehoerde.org\/it\/autorita-per-limmigrazione-pasewalk\/\">passerella<\/a><\/li>\n<li><a href=\"https:\/\/auslaenderbehoerde.org\/it\/autorita-per-limmigrazione-rostock\/\">Rostock<\/a><\/li>\n<li><a href=\"https:\/\/auslaenderbehoerde.org\/it\/autorita-per-limmigrazione-schwerin\/\">Schwerin<\/a><\/li>\n<li><a href=\"https:\/\/auslaenderbehoerde.org\/it\/autorita-per-limmigrazione-stralsund\/\">Stralsund<\/a><\/li>\n<li><a href=\"https:\/\/auslaenderbehoerde.org\/it\/autorita-per-limmigrazione-waren-mueritz\/\">Erano Mueritz<\/a><\/li>\n<li><a href=\"https:\/\/auslaenderbehoerde.org\/it\/autorita-per-limmigrazione-wismar\/\">Wismar<\/a><\/li>\n<\/ul>\n<p>Tutte le informazioni senza garanzia e soggette a modifiche<\/p>\n<h2><span class=\"ez-toc-section\">Autorit\u00e0 per l&#039;immigrazione nel Meclemburgo-Pomerania occidentale<\/span><span class=\"ez-toc-section\">\u00a0\u2013 <\/span>doveri e responsabilit\u00e0<\/h2>\n<p>Le autorit\u00e0 per l&#039;immigrazione sono il primo indirizzo per gli stranieri che entrano nel Paese. \u00c8 responsabile di concedere o rifiutare a <a href=\"https:\/\/auslaenderbehoerde.org\/it\/permesso-di-residenza\/\">permesso di residenza<\/a>. Gli uffici di immigrazione sono responsabili di garantire che la legge sull&#039;immigrazione sia applicata in conformit\u00e0 con la situazione legale. Sono anche responsabili dei richiedenti asilo e degli sfollati.<\/p>\n<p>Decide l&#039;Ufficio Immigrazione <a href=\"https:\/\/auslaenderbehoerde.org\/it\/permesso-di-residenza-2\/\">permesso di residenza<\/a> ed emette questo se la decisione \u00e8 positiva. Inoltre, pu\u00f2 essere concesso un permesso di soggiorno in conformit\u00e0 con la legge sulla residenza per quanto riguarda lo scopo di soggiorno desiderato o pu\u00f2 essere avviata l&#039;espulsione.<\/p>\n<p>La responsabilit\u00e0 dell&#039;autorit\u00e0 per gli stranieri si estende anche a molti altri compiti. Il tipo e la durata del permesso di soggiorno variano notevolmente. Ad alcuni viene concesso un limite di tempo, ad altri viene negato il permesso di soggiorno e\/o viene concesso un permesso di uscita ai sensi della legge sul soggiorno.<\/p>\n<p>L&#039;ufficio immigrazione ci sta lavorando <a href=\"https:\/\/www.gesetze-im-internet.de\/aufenthg_2004\/__71.html\" target=\"_blank\" rel=\"noopener\">Sezione 71<\/a> Residenza G. L&#039;autorit\u00e0 \u00e8 responsabile della regolamentazione di tutte le decisioni e misure che riguardano il passaporto e i diritti di soggiorno degli stranieri.<\/p>\n<p><strong>Altre attivit\u00e0 che rientrano nell&#039;area di responsabilit\u00e0 delle autorit\u00e0 per l&#039;immigrazione:<\/strong><\/p>\n<ul style=\"list-style-type: circle;\">\n<li>procedura di asilo<\/li>\n<li>aiuto ai profughi<\/li>\n<li>assistenza sociale<\/li>\n<li>corsi di integrazione<\/li>\n<li>Organizzazione e approvazione dell&#039;ingresso e del soggiorno in Germania<\/li>\n<li>diritto al beneficio<\/li>\n<li>rimborso e assistenza sanitaria<\/li>\n<li>stato civile<\/li>\n<li><a href=\"https:\/\/auslaenderbehoerde.org\/it\/dichiarazione-di-impegno\/\">dichiarazione di impegno<\/a><\/li>\n<li>opzioni di alloggio<\/li>\n<li>Registrati<\/li>\n<\/ul>\n<h3>appuntamento con il responsabile <span class=\"ez-toc-section\">Autorit\u00e0 per gli stranieri<\/span><\/h3>\n<p>In generale \u00e8 possibile fissare un appuntamento telefonicamente, utilizzando il modulo di contatto o tramite il portale dei servizi della rispettiva citt\u00e0. In alcune citt\u00e0 \u00e8 possibile scaricare vari moduli online per chiarire in anticipo questioni importanti. L&#039;indirizzo e gli orari di apertura possono essere visualizzati online. Assicurati di avere tutti i documenti necessari completi prima di andare all&#039;Ufficio Immigrazione.<\/p>\n<div class=\"su-note\"  style=\"border-color:#d1d1d0;border-radius:3px;-moz-border-radius:3px;-webkit-border-radius:3px;\"><div class=\"su-note-inner su-u-clearfix su-u-trim\" style=\"background-color:#ebebea;border-color:#ffffff;color:#444444;border-radius:3px;-moz-border-radius:3px;-webkit-border-radius:3px;\"><b>Un avviso: <\/b>Per gli uffici e le autorit\u00e0, di solito sono necessari i documenti o i certificati come <a href=\"https:\/\/tidd.ly\/3y8DKdr\" target=\"_blank\" rel=\"noopener\">traduzione giurata<\/a>*.<\/div><\/div>\n<p><strong>Aspetti visitatori dall&#039;estero?<\/strong> Con un <a href=\"https:\/\/auslaenderbehoerde.org\/it\/assicurazione-di-viaggio-per-gli-ospiti-stranieri\/\">Assicurazione di viaggio per gli ospiti stranieri<\/a> beneficiare di una protezione completa in Germania e in Europa.<\/p>\n<h3>Ulteriore <span class=\"ez-toc-section\">Autorit\u00e0 e informazioni sull&#039;immigrazione<\/span><\/h3>\n<ul style=\"list-style-type: circle;\">\n<li><a href=\"https:\/\/auslaenderbehoerde.org\/it\/\">Autorit\u00e0 per l&#039;immigrazione in Germania<\/a><\/li>\n<li><a href=\"https:\/\/auslaenderbehoerde.org\/it\/\">Primi passi in Germania<\/a><\/li>\n<\/ul>","protected":false},"excerpt":{"rendered":"<p>Qui troverete tutti gli indirizzi, i dati di contatto e gli orari di apertura delle autorit\u00e0 per l&#039;immigrazione o degli uffici per l&#039;immigrazione nel Meclemburgo-Pomerania Anteriore. Nello stato federale del Meclemburgo-Pomerania Occidentale ci sono attualmente 18 autorit\u00e0 per l&#039;immigrazione che sono a disposizione per rispondere a qualsiasi domanda tu possa avere in relazione ai tuoi affari. Panoramica delle autorit\u00e0 per l&#039;immigrazione nel Meclemburgo-Pomerania Occidentale Seleziona l&#039;autorit\u00e0 per l&#039;immigrazione o l&#039;ufficio per l&#039;immigrazione che corrisponde al tuo...&nbsp;<a href=\"https:\/\/auslaenderbehoerde.org\/it\/autorita-per-limmigrazione-nel-meclemburgo-pomerania-anteriore\/\" rel=\"bookmark\">Per saperne di pi\u00f9 &quot;<span class=\"screen-reader-text\">Autorit\u00e0 per l&#039;immigrazione nel Meclemburgo-Pomerania occidentale<\/span><\/a><\/p>","protected":false},"author":1,"featured_media":65,"parent":0,"menu_order":0,"comment_status":"closed","ping_status":"closed","template":"","meta":{"neve_meta_sidebar":"","neve_meta_container":"","neve_meta_enable_content_width":"off","neve_meta_content_width":100,"neve_meta_title_alignment":"","neve_meta_author_avatar":"","neve_post_elements_order":"","neve_meta_disable_header":"","neve_meta_disable_footer":"","neve_meta_disable_title":"","neve_meta_reading_time":"","footnotes":""},"class_list":["post-44","page","type-page","status-publish","has-post-thumbnail","hentry"],"yoast_head":"<!-- This site is optimized with the Yoast SEO plugin v26.6 - https:\/\/yoast.com\/wordpress\/plugins\/seo\/ -->\n<title>Ausl\u00e4nderbeh\u00f6rden in Mecklenburg-Vorpommern | Adressen und Anschrift<\/title>\n<meta name=\"description\" content=\"Hier finden Sie alle Adressen und Kontaktinformationen der Ausl\u00e4nder\u00e4mter oder auch Ausl\u00e4nderbeh\u00f6rden in Mecklenburg-Vorpommern\" \/>\n<meta name=\"robots\" content=\"index, follow, max-snippet:-1, max-image-preview:large, max-video-preview:-1\" \/>\n<link rel=\"canonical\" href=\"https:\/\/auslaenderbehoerde.org\/it\/autorita-per-limmigrazione-nel-meclemburgo-pomerania-anteriore\/\" \/>\n<meta property=\"og:locale\" content=\"it_IT\" \/>\n<meta property=\"og:type\" content=\"article\" \/>\n<meta property=\"og:title\" content=\"Ausl\u00e4nderbeh\u00f6rden in Mecklenburg-Vorpommern | Adressen und Anschrift\" \/>\n<meta property=\"og:description\" content=\"Hier finden Sie alle Adressen und Kontaktinformationen der Ausl\u00e4nder\u00e4mter oder auch Ausl\u00e4nderbeh\u00f6rden in Mecklenburg-Vorpommern\" \/>\n<meta property=\"og:url\" content=\"https:\/\/auslaenderbehoerde.org\/it\/autorita-per-limmigrazione-nel-meclemburgo-pomerania-anteriore\/\" \/>\n<meta property=\"og:site_name\" content=\"auslaenderbehoerde.org\" \/>\n<meta property=\"article:modified_time\" content=\"2022-07-15T09:51:33+00:00\" \/>\n<meta property=\"og:image\" content=\"https:\/\/auslaenderbehoerde.org\/wp-content\/uploads\/2022\/06\/Ausla\u0308nderbeho\u0308rde-scaled-e1656327377843.jpeg\" \/>\n\t<meta property=\"og:image:width\" content=\"900\" \/>\n\t<meta property=\"og:image:height\" content=\"675\" \/>\n\t<meta property=\"og:image:type\" content=\"image\/jpeg\" \/>\n<meta name=\"twitter:card\" content=\"summary_large_image\" \/>\n<meta name=\"twitter:label1\" content=\"Tempo di lettura stimato\" \/>\n\t<meta name=\"twitter:data1\" content=\"3 minuti\" \/>\n<script type=\"application\/ld+json\" class=\"yoast-schema-graph\">{\"@context\":\"https:\/\/schema.org\",\"@graph\":[{\"@type\":\"WebPage\",\"@id\":\"https:\/\/auslaenderbehoerde.org\/auslaenderbehoerden-in-mecklenburg-vorpommern\/\",\"url\":\"https:\/\/auslaenderbehoerde.org\/auslaenderbehoerden-in-mecklenburg-vorpommern\/\",\"name\":\"Ausl\u00e4nderbeh\u00f6rden in Mecklenburg-Vorpommern | Adressen und Anschrift\",\"isPartOf\":{\"@id\":\"https:\/\/auslaenderbehoerde.org\/#website\"},\"primaryImageOfPage\":{\"@id\":\"https:\/\/auslaenderbehoerde.org\/auslaenderbehoerden-in-mecklenburg-vorpommern\/#primaryimage\"},\"image\":{\"@id\":\"https:\/\/auslaenderbehoerde.org\/auslaenderbehoerden-in-mecklenburg-vorpommern\/#primaryimage\"},\"thumbnailUrl\":\"https:\/\/auslaenderbehoerde.org\/wp-content\/uploads\/2022\/06\/Ausla\u0308nderbeho\u0308rde-scaled-e1656327377843.jpeg\",\"datePublished\":\"2022-06-27T08:04:24+00:00\",\"dateModified\":\"2022-07-15T09:51:33+00:00\",\"description\":\"Hier finden Sie alle Adressen und Kontaktinformationen der Ausl\u00e4nder\u00e4mter oder auch Ausl\u00e4nderbeh\u00f6rden in Mecklenburg-Vorpommern\",\"breadcrumb\":{\"@id\":\"https:\/\/auslaenderbehoerde.org\/auslaenderbehoerden-in-mecklenburg-vorpommern\/#breadcrumb\"},\"inLanguage\":\"it-IT\",\"potentialAction\":[{\"@type\":\"ReadAction\",\"target\":[\"https:\/\/auslaenderbehoerde.org\/auslaenderbehoerden-in-mecklenburg-vorpommern\/\"]}]},{\"@type\":\"ImageObject\",\"inLanguage\":\"it-IT\",\"@id\":\"https:\/\/auslaenderbehoerde.org\/auslaenderbehoerden-in-mecklenburg-vorpommern\/#primaryimage\",\"url\":\"https:\/\/auslaenderbehoerde.org\/wp-content\/uploads\/2022\/06\/Ausla\u0308nderbeho\u0308rde-scaled-e1656327377843.jpeg\",\"contentUrl\":\"https:\/\/auslaenderbehoerde.org\/wp-content\/uploads\/2022\/06\/Ausla\u0308nderbeho\u0308rde-scaled-e1656327377843.jpeg\",\"width\":900,\"height\":675,\"caption\":\"Ausl\u00e4nderbeh\u00f6rde\"},{\"@type\":\"BreadcrumbList\",\"@id\":\"https:\/\/auslaenderbehoerde.org\/auslaenderbehoerden-in-mecklenburg-vorpommern\/#breadcrumb\",\"itemListElement\":[{\"@type\":\"ListItem\",\"position\":1,\"name\":\"Startseite\",\"item\":\"https:\/\/auslaenderbehoerde.org\/\"},{\"@type\":\"ListItem\",\"position\":2,\"name\":\"Ausl\u00e4nderbeh\u00f6rden in Mecklenburg-Vorpommern\"}]},{\"@type\":\"WebSite\",\"@id\":\"https:\/\/auslaenderbehoerde.org\/#website\",\"url\":\"https:\/\/auslaenderbehoerde.org\/\",\"name\":\"auslaenderbehoerde.org\",\"description\":\"\",\"potentialAction\":[{\"@type\":\"SearchAction\",\"target\":{\"@type\":\"EntryPoint\",\"urlTemplate\":\"https:\/\/auslaenderbehoerde.org\/?s={search_term_string}\"},\"query-input\":{\"@type\":\"PropertyValueSpecification\",\"valueRequired\":true,\"valueName\":\"search_term_string\"}}],\"inLanguage\":\"it-IT\"}]}<\/script>\n<!-- \/ Yoast SEO plugin. -->","yoast_head_json":{"title":"Autorit\u00e0 per l&#039;immigrazione nel Meclemburgo-Pomerania occidentale | indirizzi e indirizzo","description":"Qui troverai tutti gli indirizzi e le informazioni di contatto per gli uffici di immigrazione o le autorit\u00e0 di immigrazione nel Meclemburgo-Pomerania occidentale","robots":{"index":"index","follow":"follow","max-snippet":"max-snippet:-1","max-image-preview":"max-image-preview:large","max-video-preview":"max-video-preview:-1"},"canonical":"https:\/\/auslaenderbehoerde.org\/it\/autorita-per-limmigrazione-nel-meclemburgo-pomerania-anteriore\/","og_locale":"it_IT","og_type":"article","og_title":"Ausl\u00e4nderbeh\u00f6rden in Mecklenburg-Vorpommern | Adressen und Anschrift","og_description":"Hier finden Sie alle Adressen und Kontaktinformationen der Ausl\u00e4nder\u00e4mter oder auch Ausl\u00e4nderbeh\u00f6rden in Mecklenburg-Vorpommern","og_url":"https:\/\/auslaenderbehoerde.org\/it\/autorita-per-limmigrazione-nel-meclemburgo-pomerania-anteriore\/","og_site_name":"auslaenderbehoerde.org","article_modified_time":"2022-07-15T09:51:33+00:00","og_image":[{"width":900,"height":675,"url":"https:\/\/auslaenderbehoerde.org\/wp-content\/uploads\/2022\/06\/Ausla\u0308nderbeho\u0308rde-scaled-e1656327377843.jpeg","type":"image\/jpeg"}],"twitter_card":"summary_large_image","twitter_misc":{"Tempo di lettura stimato":"3 minuti"},"schema":{"@context":"https:\/\/schema.org","@graph":[{"@type":"WebPage","@id":"https:\/\/auslaenderbehoerde.org\/auslaenderbehoerden-in-mecklenburg-vorpommern\/","url":"https:\/\/auslaenderbehoerde.org\/auslaenderbehoerden-in-mecklenburg-vorpommern\/","name":"Autorit\u00e0 per l&#039;immigrazione nel Meclemburgo-Pomerania occidentale | indirizzi e indirizzo","isPartOf":{"@id":"https:\/\/auslaenderbehoerde.org\/#website"},"primaryImageOfPage":{"@id":"https:\/\/auslaenderbehoerde.org\/auslaenderbehoerden-in-mecklenburg-vorpommern\/#primaryimage"},"image":{"@id":"https:\/\/auslaenderbehoerde.org\/auslaenderbehoerden-in-mecklenburg-vorpommern\/#primaryimage"},"thumbnailUrl":"https:\/\/auslaenderbehoerde.org\/wp-content\/uploads\/2022\/06\/Ausla\u0308nderbeho\u0308rde-scaled-e1656327377843.jpeg","datePublished":"2022-06-27T08:04:24+00:00","dateModified":"2022-07-15T09:51:33+00:00","description":"Qui troverai tutti gli indirizzi e le informazioni di contatto per gli uffici di immigrazione o le autorit\u00e0 di immigrazione nel Meclemburgo-Pomerania occidentale","breadcrumb":{"@id":"https:\/\/auslaenderbehoerde.org\/auslaenderbehoerden-in-mecklenburg-vorpommern\/#breadcrumb"},"inLanguage":"it-IT","potentialAction":[{"@type":"ReadAction","target":["https:\/\/auslaenderbehoerde.org\/auslaenderbehoerden-in-mecklenburg-vorpommern\/"]}]},{"@type":"ImageObject","inLanguage":"it-IT","@id":"https:\/\/auslaenderbehoerde.org\/auslaenderbehoerden-in-mecklenburg-vorpommern\/#primaryimage","url":"https:\/\/auslaenderbehoerde.org\/wp-content\/uploads\/2022\/06\/Ausla\u0308nderbeho\u0308rde-scaled-e1656327377843.jpeg","contentUrl":"https:\/\/auslaenderbehoerde.org\/wp-content\/uploads\/2022\/06\/Ausla\u0308nderbeho\u0308rde-scaled-e1656327377843.jpeg","width":900,"height":675,"caption":"Ausl\u00e4nderbeh\u00f6rde"},{"@type":"BreadcrumbList","@id":"https:\/\/auslaenderbehoerde.org\/auslaenderbehoerden-in-mecklenburg-vorpommern\/#breadcrumb","itemListElement":[{"@type":"ListItem","position":1,"name":"Startseite","item":"https:\/\/auslaenderbehoerde.org\/"},{"@type":"ListItem","position":2,"name":"Ausl\u00e4nderbeh\u00f6rden in Mecklenburg-Vorpommern"}]},{"@type":"WebSite","@id":"https:\/\/auslaenderbehoerde.org\/#website","url":"https:\/\/auslaenderbehoerde.org\/","name":"www.auslaenderbehoerde.org","description":"","potentialAction":[{"@type":"SearchAction","target":{"@type":"EntryPoint","urlTemplate":"https:\/\/auslaenderbehoerde.org\/?s={search_term_string}"},"query-input":{"@type":"PropertyValueSpecification","valueRequired":true,"valueName":"search_term_string"}}],"inLanguage":"it-IT"}]}},"_links":{"self":[{"href":"https:\/\/auslaenderbehoerde.org\/it\/wp-json\/wp\/v2\/pages\/44","targetHints":{"allow":["GET"]}}],"collection":[{"href":"https:\/\/auslaenderbehoerde.org\/it\/wp-json\/wp\/v2\/pages"}],"about":[{"href":"https:\/\/auslaenderbehoerde.org\/it\/wp-json\/wp\/v2\/types\/page"}],"author":[{"embeddable":true,"href":"https:\/\/auslaenderbehoerde.org\/it\/wp-json\/wp\/v2\/users\/1"}],"replies":[{"embeddable":true,"href":"https:\/\/auslaenderbehoerde.org\/it\/wp-json\/wp\/v2\/comments?post=44"}],"version-history":[{"count":7,"href":"https:\/\/auslaenderbehoerde.org\/it\/wp-json\/wp\/v2\/pages\/44\/revisions"}],"predecessor-version":[{"id":1437,"href":"https:\/\/auslaenderbehoerde.org\/it\/wp-json\/wp\/v2\/pages\/44\/revisions\/1437"}],"wp:featuredmedia":[{"embeddable":true,"href":"https:\/\/auslaenderbehoerde.org\/it\/wp-json\/wp\/v2\/media\/65"}],"wp:attachment":[{"href":"https:\/\/auslaenderbehoerde.org\/it\/wp-json\/wp\/v2\/media?parent=44"}],"curies":[{"name":"parola chiave","href":"https:\/\/api.w.org\/{rel}","templated":true}]}}