{"id":56,"date":"2022-06-27T10:06:30","date_gmt":"2022-06-27T08:06:30","guid":{"rendered":"https:\/\/auslaenderbehoerde.org\/?page_id=56"},"modified":"2022-07-14T21:26:02","modified_gmt":"2022-07-14T19:26:02","slug":"auslaenderbehoerden-in-sachsen-anhalt","status":"publish","type":"page","link":"https:\/\/auslaenderbehoerde.org\/it\/autorita-per-limmigrazione-in-sassonia-anhalt\/","title":{"rendered":"Autorit\u00e0 per l&#039;immigrazione in Sassonia-Anhalt"},"content":{"rendered":"<p>Qui troverai tutti gli indirizzi, le informazioni di contatto e gli orari di apertura delle autorit\u00e0 di immigrazione o degli uffici di immigrazione in<strong> Sassonia-Anhalt.<\/strong><\/p>\n<p>Nello stato della Sassonia-Anhalt c&#039;\u00e8 attualmente <strong>34 autorit\u00e0 per l&#039;immigrazione<\/strong>che sono a tua disposizione per qualsiasi domanda relativa ai tuoi affari.<\/p>\n<h2><span id=\"Uebersicht_aller_Jobcenter_in_Baden-Wuerttemberg\" class=\"ez-toc-section\">Panoramica delle autorit\u00e0 di immigrazione in Sassonia-Anhalt<\/span><\/h2>\n<p>Dall&#039;elenco, seleziona l&#039;ufficio immigrazione o l&#039;ufficio immigrazione pi\u00f9 vicino al tuo luogo di residenza.<\/p>\n<ul style=\"list-style-type: circle;\">\n<li><a href=\"https:\/\/auslaenderbehoerde.org\/it\/ufficio-immigrazione-aken-elba\/\">Aken Elba<\/a><\/li>\n<li><a href=\"https:\/\/auslaenderbehoerde.org\/it\/ufficio-immigrazione-alsleben\/\">come vita<\/a><\/li>\n<li><a href=\"https:\/\/auslaenderbehoerde.org\/it\/autorita-per-limmigrazione-aschersleben\/\">Aschersleben<\/a><\/li>\n<li><a href=\"https:\/\/auslaenderbehoerde.org\/it\/assi-delle-autorita-per-limmigrazione\/\">assi<\/a><\/li>\n<li><a href=\"https:\/\/auslaenderbehoerde.org\/it\/autorita-per-limmigrazione-bad-lauchstaedt\/\">Bad Lauchstadt<\/a><\/li>\n<li><a href=\"https:\/\/auslaenderbehoerde.org\/it\/ufficio-immigrazione-bad-schmiedeberg\/\">Bad Schmiedeberg<\/a><\/li>\n<li><a href=\"https:\/\/auslaenderbehoerde.org\/it\/ufficio-immigrazione-bernburg-saale\/\">Bernburg Saale<\/a><\/li>\n<li><a href=\"https:\/\/auslaenderbehoerde.org\/it\/autorita-per-limmigrazione-bitterfeld-wolfen\/\">Amaro Wolfen<\/a><\/li>\n<li><a href=\"https:\/\/auslaenderbehoerde.org\/it\/autorita-per-limmigrazione-bobbau\/\">costruzione di bob<\/a><\/li>\n<li><a href=\"https:\/\/auslaenderbehoerde.org\/it\/autorita-per-limmigrazione-braunsbedra\/\">Braunsbedra<\/a><\/li>\n<li><a href=\"https:\/\/auslaenderbehoerde.org\/it\/autorita-per-limmigrazione-burg\/\">Castello<\/a><\/li>\n<li><a href=\"https:\/\/auslaenderbehoerde.org\/it\/autorita-per-limmigrazione-coswig-anhalt\/\">Coswig-Anhalt<\/a><\/li>\n<li><a href=\"https:\/\/auslaenderbehoerde.org\/it\/autorita-per-limmigrazione-dessau-rosslau\/\">Dessau-Rosslau<\/a><\/li>\n<li><a href=\"https:\/\/auslaenderbehoerde.org\/it\/regole-delle-autorita-per-limmigrazione\/\">passere<\/a><\/li>\n<li><a href=\"https:\/\/auslaenderbehoerde.org\/it\/ufficio-immigrazione-graefenhainichen\/\">Graefenhainichen<\/a><\/li>\n<li><a href=\"https:\/\/auslaenderbehoerde.org\/it\/grandi-linee-dellautorita-per-limmigrazione\/\">grandi linee<\/a><\/li>\n<li><a href=\"https:\/\/auslaenderbehoerde.org\/it\/autorita-per-limmigrazione-halberstadt\/\">Halberstadt<\/a><\/li>\n<li><a href=\"https:\/\/auslaenderbehoerde.org\/it\/autorita-per-limmigrazione-haldensleben\/\">Haldensleben<\/a><\/li>\n<li><a href=\"https:\/\/auslaenderbehoerde.org\/it\/sala-delle-autorita-per-limmigrazione\/\">Sala<\/a><\/li>\n<li><a href=\"https:\/\/auslaenderbehoerde.org\/it\/ufficio-immigrazione-hettstedt\/\">Hettstedt<\/a><\/li>\n<li><a href=\"https:\/\/auslaenderbehoerde.org\/it\/ufficio-immigrazione-hohenmoelsen\/\">Hohenmolsen<\/a><\/li>\n<li><a href=\"https:\/\/auslaenderbehoerde.org\/it\/autorita-per-limmigrazione-2\/\">abilit\u00e0<\/a><\/li>\n<li><a href=\"https:\/\/auslaenderbehoerde.org\/it\/autorita-per-limmigrazione-koethen\/\">Koethen<\/a><\/li>\n<li><a href=\"https:\/\/auslaenderbehoerde.org\/it\/ufficio-immigrazione-luetzen\/\">Lutzen<\/a><\/li>\n<li><a href=\"https:\/\/auslaenderbehoerde.org\/it\/autorita-per-limmigrazione-magdeburgo\/\">Magdeburgo<\/a><\/li>\n<li><a href=\"https:\/\/auslaenderbehoerde.org\/it\/autorita-per-limmigrazione-merseburg\/\">Merseburgo<\/a><\/li>\n<li><a href=\"https:\/\/auslaenderbehoerde.org\/it\/alien-authority-naumburg\/\">Naumburg<\/a><\/li>\n<li><a href=\"https:\/\/auslaenderbehoerde.org\/it\/ufficio-immigrazione-quedlinburg\/\">Quedlinburg<\/a><\/li>\n<li><a href=\"https:\/\/auslaenderbehoerde.org\/it\/autorita-per-limmigrazione-salzwedel\/\">Salzwedel<\/a><\/li>\n<li><a href=\"https:\/\/auslaenderbehoerde.org\/it\/autorita-per-limmigrazione-sangerhausen\/\">Sangerhausen<\/a><\/li>\n<li><a href=\"https:\/\/auslaenderbehoerde.org\/it\/autorita-per-limmigrazione-stendal\/\">Stendal<\/a><\/li>\n<li><a href=\"https:\/\/auslaenderbehoerde.org\/it\/autorita-per-limmigrazione-weissenfels\/\">Weissenfels<\/a><\/li>\n<li><a href=\"https:\/\/auslaenderbehoerde.org\/it\/autorita-per-limmigrazione-lutherstadt-wittenberg\/\">Lutero Wittenberg<\/a><\/li>\n<li><a href=\"https:\/\/auslaenderbehoerde.org\/it\/autorita-per-limmigrazione-woerlitz\/\">Woerlitz<\/a><\/li>\n<\/ul>\n<p>Tutte le informazioni senza garanzia e soggette a modifiche<\/p>\n<h2><span class=\"ez-toc-section\">Autorit\u00e0 per l&#039;immigrazione in Sassonia-Anhalt<\/span><span class=\"ez-toc-section\">\u00a0\u2013 <\/span>doveri e responsabilit\u00e0<\/h2>\n<p>Le autorit\u00e0 per l&#039;immigrazione sono il primo indirizzo per gli stranieri che entrano nel Paese. \u00c8 responsabile di concedere o rifiutare a <a href=\"https:\/\/auslaenderbehoerde.org\/it\/permesso-di-residenza\/\">permesso di residenza<\/a>. Gli uffici di immigrazione sono responsabili di garantire che la legge sull&#039;immigrazione sia applicata in conformit\u00e0 con la situazione legale. Sono anche responsabili dei richiedenti asilo e degli sfollati.<\/p>\n<p>Decide l&#039;Ufficio Immigrazione <a href=\"https:\/\/auslaenderbehoerde.org\/it\/permesso-di-residenza-2\/\">permesso di residenza<\/a> ed emette questo se la decisione \u00e8 positiva. Inoltre, pu\u00f2 essere concesso un permesso di soggiorno in conformit\u00e0 con la legge sulla residenza per quanto riguarda lo scopo di soggiorno desiderato o pu\u00f2 essere avviata l&#039;espulsione.<\/p>\n<p>La responsabilit\u00e0 dell&#039;autorit\u00e0 per gli stranieri si estende anche a molti altri compiti. Il tipo e la durata del permesso di soggiorno variano notevolmente. Ad alcuni viene concesso un limite di tempo, ad altri viene negato il permesso di soggiorno e\/o viene concesso un permesso di uscita ai sensi della legge sul soggiorno.<\/p>\n<p>L&#039;ufficio immigrazione ci sta lavorando <a href=\"https:\/\/www.gesetze-im-internet.de\/aufenthg_2004\/__71.html\" target=\"_blank\" rel=\"noopener\">Sezione 71<\/a> Residenza G. L&#039;autorit\u00e0 \u00e8 responsabile della regolamentazione di tutte le decisioni e misure che riguardano il passaporto e i diritti di soggiorno degli stranieri.<\/p>\n<p><strong>Altre attivit\u00e0 che rientrano nell&#039;area di responsabilit\u00e0 delle autorit\u00e0 per l&#039;immigrazione:<\/strong><\/p>\n<ul style=\"list-style-type: circle;\">\n<li>procedura di asilo<\/li>\n<li>aiuto ai profughi<\/li>\n<li>assistenza sociale<\/li>\n<li>corsi di integrazione<\/li>\n<li>Organizzazione e approvazione dell&#039;ingresso e del soggiorno in Germania<\/li>\n<li>diritto al beneficio<\/li>\n<li>rimborso e assistenza sanitaria<\/li>\n<li>stato civile<\/li>\n<li><a href=\"https:\/\/auslaenderbehoerde.org\/it\/dichiarazione-di-impegno\/\">dichiarazione di impegno<\/a><\/li>\n<li>opzioni di alloggio<\/li>\n<li>Registrati<\/li>\n<\/ul>\n<h3>appuntamento con il responsabile <span class=\"ez-toc-section\">Autorit\u00e0 per gli stranieri<\/span><\/h3>\n<p>In generale \u00e8 possibile fissare un appuntamento telefonicamente, utilizzando il modulo di contatto o tramite il portale dei servizi della rispettiva citt\u00e0. In alcune citt\u00e0 \u00e8 possibile scaricare vari moduli online per chiarire in anticipo questioni importanti. L&#039;indirizzo e gli orari di apertura possono essere visualizzati online. Assicurati di avere tutti i documenti necessari completi prima di andare all&#039;Ufficio Immigrazione.<\/p>\n<div class=\"su-note\"  style=\"border-color:#d1d1d0;border-radius:3px;-moz-border-radius:3px;-webkit-border-radius:3px;\"><div class=\"su-note-inner su-u-clearfix su-u-trim\" style=\"background-color:#ebebea;border-color:#ffffff;color:#444444;border-radius:3px;-moz-border-radius:3px;-webkit-border-radius:3px;\"><b>Un avviso: <\/b>Per gli uffici e le autorit\u00e0, di solito sono necessari i documenti o i certificati come <a href=\"https:\/\/tidd.ly\/3y8DKdr\" target=\"_blank\" rel=\"noopener\">traduzione giurata<\/a>*.<\/div><\/div>\n<p><strong>Aspetti visitatori dall&#039;estero?<\/strong> Con un <a href=\"https:\/\/auslaenderbehoerde.org\/it\/assicurazione-di-viaggio-per-gli-ospiti-stranieri\/\">Assicurazione di viaggio per gli ospiti stranieri<\/a> beneficiare di una protezione completa in Germania e in Europa.<\/p>\n<h3>Ulteriore <span class=\"ez-toc-section\">Autorit\u00e0 e informazioni sull&#039;immigrazione<\/span><\/h3>\n<ul style=\"list-style-type: circle;\">\n<li><a href=\"https:\/\/auslaenderbehoerde.org\/it\/\">Autorit\u00e0 per l&#039;immigrazione in Germania<\/a><\/li>\n<li><a href=\"https:\/\/auslaenderbehoerde.org\/it\/\">Primi passi in Germania<\/a><\/li>\n<\/ul>","protected":false},"excerpt":{"rendered":"<p>Qui troverete tutti gli indirizzi, i dati di contatto e gli orari di apertura delle autorit\u00e0 per l&#039;immigrazione o degli uffici per l&#039;immigrazione in Sassonia-Anhalt. Attualmente nello Stato della Sassonia-Anhalt ci sono 34 autorit\u00e0 per l&#039;immigrazione che sono a disposizione per rispondere a qualsiasi domanda tu possa avere in relazione ai tuoi affari. Panoramica delle autorit\u00e0 per l&#039;immigrazione in Sassonia-Anhalt Selezionate dall&#039;elenco l&#039;autorit\u00e0 per l&#039;immigrazione o l&#039;ufficio per l&#039;immigrazione che corrisponde al vostro luogo di residenza.&nbsp;<a href=\"https:\/\/auslaenderbehoerde.org\/it\/autorita-per-limmigrazione-in-sassonia-anhalt\/\" rel=\"bookmark\">Per saperne di pi\u00f9 &quot;<span class=\"screen-reader-text\">Autorit\u00e0 per l&#039;immigrazione in Sassonia-Anhalt<\/span><\/a><\/p>","protected":false},"author":1,"featured_media":65,"parent":0,"menu_order":0,"comment_status":"closed","ping_status":"closed","template":"","meta":{"neve_meta_sidebar":"","neve_meta_container":"","neve_meta_enable_content_width":"off","neve_meta_content_width":100,"neve_meta_title_alignment":"","neve_meta_author_avatar":"","neve_post_elements_order":"","neve_meta_disable_header":"","neve_meta_disable_footer":"","neve_meta_disable_title":"","neve_meta_reading_time":"","footnotes":""},"class_list":["post-56","page","type-page","status-publish","has-post-thumbnail","hentry"],"yoast_head":"<!-- This site is optimized with the Yoast SEO plugin v26.6 - https:\/\/yoast.com\/wordpress\/plugins\/seo\/ -->\n<title>Ausl\u00e4nderbeh\u00f6rden in Sachsen-Anhalt | Adressen, Kontakt und Anschrift<\/title>\n<meta name=\"description\" content=\"Hier finden Sie alle Adressen und Kontaktinformationen der Ausl\u00e4nder\u00e4mter oder auch Ausl\u00e4nderbeh\u00f6rden in Sachsen-Anhalt\" \/>\n<meta name=\"robots\" content=\"index, follow, max-snippet:-1, max-image-preview:large, max-video-preview:-1\" \/>\n<link rel=\"canonical\" href=\"https:\/\/auslaenderbehoerde.org\/it\/autorita-per-limmigrazione-in-sassonia-anhalt\/\" \/>\n<meta property=\"og:locale\" content=\"it_IT\" \/>\n<meta property=\"og:type\" content=\"article\" \/>\n<meta property=\"og:title\" content=\"Ausl\u00e4nderbeh\u00f6rden in Sachsen-Anhalt | Adressen, Kontakt und Anschrift\" \/>\n<meta property=\"og:description\" content=\"Hier finden Sie alle Adressen und Kontaktinformationen der Ausl\u00e4nder\u00e4mter oder auch Ausl\u00e4nderbeh\u00f6rden in Sachsen-Anhalt\" \/>\n<meta property=\"og:url\" content=\"https:\/\/auslaenderbehoerde.org\/it\/autorita-per-limmigrazione-in-sassonia-anhalt\/\" \/>\n<meta property=\"og:site_name\" content=\"auslaenderbehoerde.org\" \/>\n<meta property=\"article:modified_time\" content=\"2022-07-14T19:26:02+00:00\" \/>\n<meta property=\"og:image\" content=\"https:\/\/auslaenderbehoerde.org\/wp-content\/uploads\/2022\/06\/Ausla\u0308nderbeho\u0308rde-scaled-e1656327377843.jpeg\" \/>\n\t<meta property=\"og:image:width\" content=\"900\" \/>\n\t<meta property=\"og:image:height\" content=\"675\" \/>\n\t<meta property=\"og:image:type\" content=\"image\/jpeg\" \/>\n<meta name=\"twitter:card\" content=\"summary_large_image\" \/>\n<meta name=\"twitter:label1\" content=\"Tempo di lettura stimato\" \/>\n\t<meta name=\"twitter:data1\" content=\"2 minuti\" \/>\n<script type=\"application\/ld+json\" class=\"yoast-schema-graph\">{\"@context\":\"https:\/\/schema.org\",\"@graph\":[{\"@type\":\"WebPage\",\"@id\":\"https:\/\/auslaenderbehoerde.org\/auslaenderbehoerden-in-sachsen-anhalt\/\",\"url\":\"https:\/\/auslaenderbehoerde.org\/auslaenderbehoerden-in-sachsen-anhalt\/\",\"name\":\"Ausl\u00e4nderbeh\u00f6rden in Sachsen-Anhalt | Adressen, Kontakt und Anschrift\",\"isPartOf\":{\"@id\":\"https:\/\/auslaenderbehoerde.org\/#website\"},\"primaryImageOfPage\":{\"@id\":\"https:\/\/auslaenderbehoerde.org\/auslaenderbehoerden-in-sachsen-anhalt\/#primaryimage\"},\"image\":{\"@id\":\"https:\/\/auslaenderbehoerde.org\/auslaenderbehoerden-in-sachsen-anhalt\/#primaryimage\"},\"thumbnailUrl\":\"https:\/\/auslaenderbehoerde.org\/wp-content\/uploads\/2022\/06\/Ausla\u0308nderbeho\u0308rde-scaled-e1656327377843.jpeg\",\"datePublished\":\"2022-06-27T08:06:30+00:00\",\"dateModified\":\"2022-07-14T19:26:02+00:00\",\"description\":\"Hier finden Sie alle Adressen und Kontaktinformationen der Ausl\u00e4nder\u00e4mter oder auch Ausl\u00e4nderbeh\u00f6rden in Sachsen-Anhalt\",\"breadcrumb\":{\"@id\":\"https:\/\/auslaenderbehoerde.org\/auslaenderbehoerden-in-sachsen-anhalt\/#breadcrumb\"},\"inLanguage\":\"it-IT\",\"potentialAction\":[{\"@type\":\"ReadAction\",\"target\":[\"https:\/\/auslaenderbehoerde.org\/auslaenderbehoerden-in-sachsen-anhalt\/\"]}]},{\"@type\":\"ImageObject\",\"inLanguage\":\"it-IT\",\"@id\":\"https:\/\/auslaenderbehoerde.org\/auslaenderbehoerden-in-sachsen-anhalt\/#primaryimage\",\"url\":\"https:\/\/auslaenderbehoerde.org\/wp-content\/uploads\/2022\/06\/Ausla\u0308nderbeho\u0308rde-scaled-e1656327377843.jpeg\",\"contentUrl\":\"https:\/\/auslaenderbehoerde.org\/wp-content\/uploads\/2022\/06\/Ausla\u0308nderbeho\u0308rde-scaled-e1656327377843.jpeg\",\"width\":900,\"height\":675,\"caption\":\"Ausl\u00e4nderbeh\u00f6rde\"},{\"@type\":\"BreadcrumbList\",\"@id\":\"https:\/\/auslaenderbehoerde.org\/auslaenderbehoerden-in-sachsen-anhalt\/#breadcrumb\",\"itemListElement\":[{\"@type\":\"ListItem\",\"position\":1,\"name\":\"Startseite\",\"item\":\"https:\/\/auslaenderbehoerde.org\/\"},{\"@type\":\"ListItem\",\"position\":2,\"name\":\"Ausl\u00e4nderbeh\u00f6rden in Sachsen-Anhalt\"}]},{\"@type\":\"WebSite\",\"@id\":\"https:\/\/auslaenderbehoerde.org\/#website\",\"url\":\"https:\/\/auslaenderbehoerde.org\/\",\"name\":\"auslaenderbehoerde.org\",\"description\":\"\",\"potentialAction\":[{\"@type\":\"SearchAction\",\"target\":{\"@type\":\"EntryPoint\",\"urlTemplate\":\"https:\/\/auslaenderbehoerde.org\/?s={search_term_string}\"},\"query-input\":{\"@type\":\"PropertyValueSpecification\",\"valueRequired\":true,\"valueName\":\"search_term_string\"}}],\"inLanguage\":\"it-IT\"}]}<\/script>\n<!-- \/ Yoast SEO plugin. -->","yoast_head_json":{"title":"Autorit\u00e0 per l&#039;immigrazione in Sassonia-Anhalt | Indirizzi, contatto e indirizzo postale","description":"Qui troverai tutti gli indirizzi e le informazioni di contatto per gli uffici di immigrazione o le autorit\u00e0 di immigrazione in Sassonia-Anhalt","robots":{"index":"index","follow":"follow","max-snippet":"max-snippet:-1","max-image-preview":"max-image-preview:large","max-video-preview":"max-video-preview:-1"},"canonical":"https:\/\/auslaenderbehoerde.org\/it\/autorita-per-limmigrazione-in-sassonia-anhalt\/","og_locale":"it_IT","og_type":"article","og_title":"Ausl\u00e4nderbeh\u00f6rden in Sachsen-Anhalt | Adressen, Kontakt und Anschrift","og_description":"Hier finden Sie alle Adressen und Kontaktinformationen der Ausl\u00e4nder\u00e4mter oder auch Ausl\u00e4nderbeh\u00f6rden in Sachsen-Anhalt","og_url":"https:\/\/auslaenderbehoerde.org\/it\/autorita-per-limmigrazione-in-sassonia-anhalt\/","og_site_name":"auslaenderbehoerde.org","article_modified_time":"2022-07-14T19:26:02+00:00","og_image":[{"width":900,"height":675,"url":"https:\/\/auslaenderbehoerde.org\/wp-content\/uploads\/2022\/06\/Ausla\u0308nderbeho\u0308rde-scaled-e1656327377843.jpeg","type":"image\/jpeg"}],"twitter_card":"summary_large_image","twitter_misc":{"Tempo di lettura stimato":"2 minuti"},"schema":{"@context":"https:\/\/schema.org","@graph":[{"@type":"WebPage","@id":"https:\/\/auslaenderbehoerde.org\/auslaenderbehoerden-in-sachsen-anhalt\/","url":"https:\/\/auslaenderbehoerde.org\/auslaenderbehoerden-in-sachsen-anhalt\/","name":"Autorit\u00e0 per l&#039;immigrazione in Sassonia-Anhalt | Indirizzi, contatto e indirizzo postale","isPartOf":{"@id":"https:\/\/auslaenderbehoerde.org\/#website"},"primaryImageOfPage":{"@id":"https:\/\/auslaenderbehoerde.org\/auslaenderbehoerden-in-sachsen-anhalt\/#primaryimage"},"image":{"@id":"https:\/\/auslaenderbehoerde.org\/auslaenderbehoerden-in-sachsen-anhalt\/#primaryimage"},"thumbnailUrl":"https:\/\/auslaenderbehoerde.org\/wp-content\/uploads\/2022\/06\/Ausla\u0308nderbeho\u0308rde-scaled-e1656327377843.jpeg","datePublished":"2022-06-27T08:06:30+00:00","dateModified":"2022-07-14T19:26:02+00:00","description":"Qui troverai tutti gli indirizzi e le informazioni di contatto per gli uffici di immigrazione o le autorit\u00e0 di immigrazione in Sassonia-Anhalt","breadcrumb":{"@id":"https:\/\/auslaenderbehoerde.org\/auslaenderbehoerden-in-sachsen-anhalt\/#breadcrumb"},"inLanguage":"it-IT","potentialAction":[{"@type":"ReadAction","target":["https:\/\/auslaenderbehoerde.org\/auslaenderbehoerden-in-sachsen-anhalt\/"]}]},{"@type":"ImageObject","inLanguage":"it-IT","@id":"https:\/\/auslaenderbehoerde.org\/auslaenderbehoerden-in-sachsen-anhalt\/#primaryimage","url":"https:\/\/auslaenderbehoerde.org\/wp-content\/uploads\/2022\/06\/Ausla\u0308nderbeho\u0308rde-scaled-e1656327377843.jpeg","contentUrl":"https:\/\/auslaenderbehoerde.org\/wp-content\/uploads\/2022\/06\/Ausla\u0308nderbeho\u0308rde-scaled-e1656327377843.jpeg","width":900,"height":675,"caption":"Ausl\u00e4nderbeh\u00f6rde"},{"@type":"BreadcrumbList","@id":"https:\/\/auslaenderbehoerde.org\/auslaenderbehoerden-in-sachsen-anhalt\/#breadcrumb","itemListElement":[{"@type":"ListItem","position":1,"name":"Startseite","item":"https:\/\/auslaenderbehoerde.org\/"},{"@type":"ListItem","position":2,"name":"Ausl\u00e4nderbeh\u00f6rden in Sachsen-Anhalt"}]},{"@type":"WebSite","@id":"https:\/\/auslaenderbehoerde.org\/#website","url":"https:\/\/auslaenderbehoerde.org\/","name":"www.auslaenderbehoerde.org","description":"","potentialAction":[{"@type":"SearchAction","target":{"@type":"EntryPoint","urlTemplate":"https:\/\/auslaenderbehoerde.org\/?s={search_term_string}"},"query-input":{"@type":"PropertyValueSpecification","valueRequired":true,"valueName":"search_term_string"}}],"inLanguage":"it-IT"}]}},"_links":{"self":[{"href":"https:\/\/auslaenderbehoerde.org\/it\/wp-json\/wp\/v2\/pages\/56","targetHints":{"allow":["GET"]}}],"collection":[{"href":"https:\/\/auslaenderbehoerde.org\/it\/wp-json\/wp\/v2\/pages"}],"about":[{"href":"https:\/\/auslaenderbehoerde.org\/it\/wp-json\/wp\/v2\/types\/page"}],"author":[{"embeddable":true,"href":"https:\/\/auslaenderbehoerde.org\/it\/wp-json\/wp\/v2\/users\/1"}],"replies":[{"embeddable":true,"href":"https:\/\/auslaenderbehoerde.org\/it\/wp-json\/wp\/v2\/comments?post=56"}],"version-history":[{"count":10,"href":"https:\/\/auslaenderbehoerde.org\/it\/wp-json\/wp\/v2\/pages\/56\/revisions"}],"predecessor-version":[{"id":1398,"href":"https:\/\/auslaenderbehoerde.org\/it\/wp-json\/wp\/v2\/pages\/56\/revisions\/1398"}],"wp:featuredmedia":[{"embeddable":true,"href":"https:\/\/auslaenderbehoerde.org\/it\/wp-json\/wp\/v2\/media\/65"}],"wp:attachment":[{"href":"https:\/\/auslaenderbehoerde.org\/it\/wp-json\/wp\/v2\/media?parent=56"}],"curies":[{"name":"parola chiave","href":"https:\/\/api.w.org\/{rel}","templated":true}]}}