{"id":569,"date":"2022-07-06T16:10:11","date_gmt":"2022-07-06T14:10:11","guid":{"rendered":"https:\/\/auslaenderbehoerde.org\/?page_id=569"},"modified":"2022-07-06T16:10:11","modified_gmt":"2022-07-06T14:10:11","slug":"auslaenderbehoerde-lichtenfels","status":"publish","type":"page","link":"https:\/\/auslaenderbehoerde.org\/it\/autorita-per-gli-stranieri-lichtenfels\/","title":{"rendered":"Ufficio immigrazione di Lichtenfels"},"content":{"rendered":"<p>Qui troverete le diverse opzioni di contatto e altre informazioni utili per l&#039;ufficio immigrazione di Lichtenfels - Baviera<\/p>\n<p><strong>Indirizzo:<\/strong> Ufficio immigrazione nel distretto di Lichtenfels, Kronacher Str. 28-30, 96215 Lichtenfels<br \/>\n<strong>Telefono:<\/strong> 09571 18-235<br \/>\n<strong>Sito web:<\/strong> <a href=\"https:\/\/www.lkr-lif.de\/\">www.lkr-lif.de<\/a><br \/>\n<strong>Orari di apertura:<\/strong> vedi sito web<\/p>\n<p><iframe style=\"border: 0;\" src=\"https:\/\/www.google.com\/maps\/embed?pb=!1m18!1m12!1m3!1d2556.7002299240376!2d11.069927151290289!3d50.14803951688878!2m3!1f0!2f0!3f0!3m2!1i1024!2i768!4f13.1!3m3!1m2!1s0x47a22b5381c95123%3A0x755d1de27ea2cb3d!2sKronacher%20Str.%2028%2C%2096215%20Lichtenfels!5e0!3m2!1sde!2sde!4v1657116603353!5m2!1sde!2sde\" width=\"600\" height=\"450\" allowfullscreen=\"allowfullscreen\"><\/iframe><\/p>\n<h2>Compiti dell&#039;autorit\u00e0 per l&#039;immigrazione di Lichtenfels<\/h2>\n<p>Per gli abitanti di Lichtenfels e dei comuni associati \u00e8 competente l&#039;ufficio per l&#039;immigrazione di Lichtenfels. L&#039;autorit\u00e0 \u00e8 il primo indirizzo per gli stranieri che entrano dall&#039;estero. \u00c8 responsabile del rilascio o del rifiuto dei permessi di soggiorno secondo i rispettivi scopi della legge sulla residenza.<\/p>\n<p>L&#039;Ufficio Immigrazione \u00e8 anche responsabile del rilascio del <a href=\"https:\/\/auslaenderbehoerde.org\/it\/permesso-di-residenza\/\">permesso di residenza<\/a>, <a href=\"https:\/\/auslaenderbehoerde.org\/it\/dichiarazione-di-impegno\/\">dichiarazione di impegno<\/a>, documenti di viaggio e permessi di tolleranza per gli stranieri. L&#039;ufficio immigrazione ci sta lavorando <a href=\"https:\/\/www.gesetze-im-internet.de\/aufenthg_2004\/__71.html\" target=\"_blank\" rel=\"noopener external noreferrer\" data-wpel-link=\"external\">Sezione 71<\/a> AufenthG ed \u00e8 responsabile della regolamentazione di tutte le decisioni e misure che riguardano il passaporto e i diritti di soggiorno degli stranieri.<\/p>\n<p>La responsabilit\u00e0 dell&#039;Autorit\u00e0 per gli stranieri si estende anche a numerosi altri compiti. Il tipo e la durata del permesso di soggiorno variano notevolmente. Ad alcuni viene concesso un limite di tempo, ad altri viene negato il permesso di soggiorno e viene concesso un permesso di uscita ai sensi della legge sul soggiorno.<\/p>\n<p>Le autorit\u00e0 per l&#039;immigrazione sono anche responsabili dei richiedenti asilo e degli sfollati. Decidi tu <a href=\"https:\/\/auslaenderbehoerde.org\/it\/permesso-di-residenza-2\/\">permesso di residenza<\/a> ed emetterli se la decisione \u00e8 positiva.<\/p>\n<p><strong>Ecco una panoramica di ci\u00f2 di cui sono responsabili le autorit\u00e0 per l&#039;immigrazione:<\/strong><\/p>\n<ul style=\"list-style-type: circle;\">\n<li>aiuto ai profughi<\/li>\n<li>assistenza sociale<\/li>\n<li>corsi di integrazione<\/li>\n<li>Organizzazione e approvazione dell&#039;ingresso e del soggiorno in Germania<\/li>\n<li>diritto al beneficio<\/li>\n<li>rimborso e assistenza sanitaria<\/li>\n<li>stato civile<\/li>\n<li>dichiarazione di impegno<\/li>\n<li>opzioni di alloggio<\/li>\n<li>Registrati<\/li>\n<li>procedura di asilo<\/li>\n<\/ul>\n<h3>Come posso fissare un appuntamento con l&#039;Ufficio Immigrazione <span id=\"Wie_kann_ich_einen_Termin_beim_Jugendamt_vereinbaren\">essere d&#039;accordo?<\/span><\/h3>\n<p>Ci sono diversi modi per fissare un appuntamento presso l&#039;Ufficio Immigrazione. Gli uffici sono generalmente raggiungibili di persona, telefonicamente, via e-mail o online. L&#039;indirizzo e gli orari di apertura possono essere visualizzati online. In alcune citt\u00e0 \u00e8 possibile fissare un appuntamento tramite il portale dei servizi della citt\u00e0 e scaricare i moduli online. Assicurati di avere tutti i documenti necessari completi prima di visitare l&#039;agenzia.<\/p>\n<div class=\"su-note\"  style=\"border-color:#d1d1d0;border-radius:3px;-moz-border-radius:3px;-webkit-border-radius:3px;\"><div class=\"su-note-inner su-u-clearfix su-u-trim\" style=\"background-color:#ebebea;border-color:#ffffff;color:#444444;border-radius:3px;-moz-border-radius:3px;-webkit-border-radius:3px;\"><b>Un avviso: <\/b>Per gli uffici e le autorit\u00e0, di solito sono necessari i documenti o i certificati come <a href=\"https:\/\/tidd.ly\/3y8DKdr\" target=\"_blank\" rel=\"noopener\">traduzione giurata<\/a>*.<\/div><\/div>\n<p><strong>Aspetti visitatori dall&#039;estero?<\/strong> Con un <a href=\"https:\/\/auslaenderbehoerde.org\/it\/assicurazione-di-viaggio-per-gli-ospiti-stranieri\/\">Assicurazione di viaggio per gli ospiti stranieri<\/a> beneficiare di una protezione completa in Germania e in Europa.<\/p>\n<h3>Ulteriori autorit\u00e0 e informazioni sull&#039;immigrazione<\/h3>\n<ul style=\"list-style-type: circle;\">\n<li><a href=\"https:\/\/auslaenderbehoerde.org\/it\/autorita-per-limmigrazione-in-baviera\/\">Autorit\u00e0 per l&#039;immigrazione in Baviera<\/a><\/li>\n<li><a href=\"https:\/\/auslaenderbehoerde.org\/it\/\">Autorit\u00e0 per l&#039;immigrazione in Germania<\/a><\/li>\n<li><a href=\"https:\/\/auslaenderbehoerde.org\/it\/primi-passi-in-germania\/\" data-wpel-link=\"internal\">Primi passi in Germania<\/a><\/li>\n<\/ul>","protected":false},"excerpt":{"rendered":"<p>Qui troverete i diversi recapiti e altre informazioni utili per l&#039;Ufficio Immigrazione di Lichtenfels - Baviera. Indirizzo: Ufficio Immigrazione del Distretto di Lichtenfels, Kronacher Str. 28-30, 96215 Lichtenfels. Telefono: +49 9571 18-235 Sito web: www.lkr-lif.de Orari di apertura: vedi sito web. Competenze dell&#039;Ufficio Immigrazione di Lichtenfels: L&#039;Ufficio Immigrazione di Lichtenfels \u00e8 responsabile per i residenti di Lichtenfels e dei comuni limitrofi. L&#039;autorit\u00e0 \u00e8\u2026&nbsp;<a href=\"https:\/\/auslaenderbehoerde.org\/it\/autorita-per-gli-stranieri-lichtenfels\/\" rel=\"bookmark\">Per saperne di pi\u00f9 &quot;<span class=\"screen-reader-text\">Ufficio immigrazione di Lichtenfels<\/span><\/a><\/p>","protected":false},"author":1,"featured_media":0,"parent":0,"menu_order":0,"comment_status":"closed","ping_status":"closed","template":"","meta":{"neve_meta_sidebar":"","neve_meta_container":"","neve_meta_enable_content_width":"off","neve_meta_content_width":100,"neve_meta_title_alignment":"","neve_meta_author_avatar":"","neve_post_elements_order":"","neve_meta_disable_header":"","neve_meta_disable_footer":"","neve_meta_disable_title":"","neve_meta_reading_time":"","footnotes":""},"class_list":["post-569","page","type-page","status-publish","hentry"],"yoast_head":"<!-- This site is optimized with the Yoast SEO plugin v26.6 - https:\/\/yoast.com\/wordpress\/plugins\/seo\/ -->\n<title>Ausl\u00e4nderbeh\u00f6rde Lichtenfels | Adresse und Kontaktdaten<\/title>\n<meta name=\"description\" content=\"Ausl\u00e4nderbeh\u00f6rde Lichtenfels | Hier finden Sie alle Informationen wie Adresse und Anschrift \u2713 Telefonnummer, Kontakt und \u00d6ffnungszeiten\" \/>\n<meta name=\"robots\" content=\"index, follow, max-snippet:-1, max-image-preview:large, max-video-preview:-1\" \/>\n<link rel=\"canonical\" href=\"https:\/\/auslaenderbehoerde.org\/it\/autorita-per-gli-stranieri-lichtenfels\/\" \/>\n<meta property=\"og:locale\" content=\"it_IT\" \/>\n<meta property=\"og:type\" content=\"article\" \/>\n<meta property=\"og:title\" content=\"Ausl\u00e4nderbeh\u00f6rde Lichtenfels | Adresse und Kontaktdaten\" \/>\n<meta property=\"og:description\" content=\"Ausl\u00e4nderbeh\u00f6rde Lichtenfels | Hier finden Sie alle Informationen wie Adresse und Anschrift \u2713 Telefonnummer, Kontakt und \u00d6ffnungszeiten\" \/>\n<meta property=\"og:url\" content=\"https:\/\/auslaenderbehoerde.org\/it\/autorita-per-gli-stranieri-lichtenfels\/\" \/>\n<meta property=\"og:site_name\" content=\"auslaenderbehoerde.org\" \/>\n<meta name=\"twitter:card\" content=\"summary_large_image\" \/>\n<meta name=\"twitter:label1\" content=\"Tempo di lettura stimato\" \/>\n\t<meta name=\"twitter:data1\" content=\"2 minuti\" \/>\n<script type=\"application\/ld+json\" class=\"yoast-schema-graph\">{\"@context\":\"https:\/\/schema.org\",\"@graph\":[{\"@type\":\"WebPage\",\"@id\":\"https:\/\/auslaenderbehoerde.org\/auslaenderbehoerde-lichtenfels\/\",\"url\":\"https:\/\/auslaenderbehoerde.org\/auslaenderbehoerde-lichtenfels\/\",\"name\":\"Ausl\u00e4nderbeh\u00f6rde Lichtenfels | Adresse und Kontaktdaten\",\"isPartOf\":{\"@id\":\"https:\/\/auslaenderbehoerde.org\/#website\"},\"datePublished\":\"2022-07-06T14:10:11+00:00\",\"description\":\"Ausl\u00e4nderbeh\u00f6rde Lichtenfels | Hier finden Sie alle Informationen wie Adresse und Anschrift \u2713 Telefonnummer, Kontakt und \u00d6ffnungszeiten\",\"breadcrumb\":{\"@id\":\"https:\/\/auslaenderbehoerde.org\/auslaenderbehoerde-lichtenfels\/#breadcrumb\"},\"inLanguage\":\"it-IT\",\"potentialAction\":[{\"@type\":\"ReadAction\",\"target\":[\"https:\/\/auslaenderbehoerde.org\/auslaenderbehoerde-lichtenfels\/\"]}]},{\"@type\":\"BreadcrumbList\",\"@id\":\"https:\/\/auslaenderbehoerde.org\/auslaenderbehoerde-lichtenfels\/#breadcrumb\",\"itemListElement\":[{\"@type\":\"ListItem\",\"position\":1,\"name\":\"Startseite\",\"item\":\"https:\/\/auslaenderbehoerde.org\/\"},{\"@type\":\"ListItem\",\"position\":2,\"name\":\"Ausl\u00e4nderbeh\u00f6rde Lichtenfels\"}]},{\"@type\":\"WebSite\",\"@id\":\"https:\/\/auslaenderbehoerde.org\/#website\",\"url\":\"https:\/\/auslaenderbehoerde.org\/\",\"name\":\"auslaenderbehoerde.org\",\"description\":\"\",\"potentialAction\":[{\"@type\":\"SearchAction\",\"target\":{\"@type\":\"EntryPoint\",\"urlTemplate\":\"https:\/\/auslaenderbehoerde.org\/?s={search_term_string}\"},\"query-input\":{\"@type\":\"PropertyValueSpecification\",\"valueRequired\":true,\"valueName\":\"search_term_string\"}}],\"inLanguage\":\"it-IT\"}]}<\/script>\n<!-- \/ Yoast SEO plugin. -->","yoast_head_json":{"title":"Ufficio immigrazione di Lichtenfels | Indirizzo e dettagli di contatto","description":"Ufficio immigrazione di Lichtenfels | Qui troverai tutte le informazioni come indirizzo e indirizzo \u2713 numero di telefono, contatti e orari di apertura","robots":{"index":"index","follow":"follow","max-snippet":"max-snippet:-1","max-image-preview":"max-image-preview:large","max-video-preview":"max-video-preview:-1"},"canonical":"https:\/\/auslaenderbehoerde.org\/it\/autorita-per-gli-stranieri-lichtenfels\/","og_locale":"it_IT","og_type":"article","og_title":"Ausl\u00e4nderbeh\u00f6rde Lichtenfels | Adresse und Kontaktdaten","og_description":"Ausl\u00e4nderbeh\u00f6rde Lichtenfels | Hier finden Sie alle Informationen wie Adresse und Anschrift \u2713 Telefonnummer, Kontakt und \u00d6ffnungszeiten","og_url":"https:\/\/auslaenderbehoerde.org\/it\/autorita-per-gli-stranieri-lichtenfels\/","og_site_name":"auslaenderbehoerde.org","twitter_card":"summary_large_image","twitter_misc":{"Tempo di lettura stimato":"2 minuti"},"schema":{"@context":"https:\/\/schema.org","@graph":[{"@type":"WebPage","@id":"https:\/\/auslaenderbehoerde.org\/auslaenderbehoerde-lichtenfels\/","url":"https:\/\/auslaenderbehoerde.org\/auslaenderbehoerde-lichtenfels\/","name":"Ufficio immigrazione di Lichtenfels | Indirizzo e dettagli di contatto","isPartOf":{"@id":"https:\/\/auslaenderbehoerde.org\/#website"},"datePublished":"2022-07-06T14:10:11+00:00","description":"Ufficio immigrazione di Lichtenfels | Qui troverai tutte le informazioni come indirizzo e indirizzo \u2713 numero di telefono, contatti e orari di apertura","breadcrumb":{"@id":"https:\/\/auslaenderbehoerde.org\/auslaenderbehoerde-lichtenfels\/#breadcrumb"},"inLanguage":"it-IT","potentialAction":[{"@type":"ReadAction","target":["https:\/\/auslaenderbehoerde.org\/auslaenderbehoerde-lichtenfels\/"]}]},{"@type":"BreadcrumbList","@id":"https:\/\/auslaenderbehoerde.org\/auslaenderbehoerde-lichtenfels\/#breadcrumb","itemListElement":[{"@type":"ListItem","position":1,"name":"Startseite","item":"https:\/\/auslaenderbehoerde.org\/"},{"@type":"ListItem","position":2,"name":"Ausl\u00e4nderbeh\u00f6rde Lichtenfels"}]},{"@type":"WebSite","@id":"https:\/\/auslaenderbehoerde.org\/#website","url":"https:\/\/auslaenderbehoerde.org\/","name":"www.auslaenderbehoerde.org","description":"","potentialAction":[{"@type":"SearchAction","target":{"@type":"EntryPoint","urlTemplate":"https:\/\/auslaenderbehoerde.org\/?s={search_term_string}"},"query-input":{"@type":"PropertyValueSpecification","valueRequired":true,"valueName":"search_term_string"}}],"inLanguage":"it-IT"}]}},"_links":{"self":[{"href":"https:\/\/auslaenderbehoerde.org\/it\/wp-json\/wp\/v2\/pages\/569","targetHints":{"allow":["GET"]}}],"collection":[{"href":"https:\/\/auslaenderbehoerde.org\/it\/wp-json\/wp\/v2\/pages"}],"about":[{"href":"https:\/\/auslaenderbehoerde.org\/it\/wp-json\/wp\/v2\/types\/page"}],"author":[{"embeddable":true,"href":"https:\/\/auslaenderbehoerde.org\/it\/wp-json\/wp\/v2\/users\/1"}],"replies":[{"embeddable":true,"href":"https:\/\/auslaenderbehoerde.org\/it\/wp-json\/wp\/v2\/comments?post=569"}],"version-history":[{"count":1,"href":"https:\/\/auslaenderbehoerde.org\/it\/wp-json\/wp\/v2\/pages\/569\/revisions"}],"predecessor-version":[{"id":570,"href":"https:\/\/auslaenderbehoerde.org\/it\/wp-json\/wp\/v2\/pages\/569\/revisions\/570"}],"wp:attachment":[{"href":"https:\/\/auslaenderbehoerde.org\/it\/wp-json\/wp\/v2\/media?parent=569"}],"curies":[{"name":"parola chiave","href":"https:\/\/api.w.org\/{rel}","templated":true}]}}