{"id":145,"date":"2022-06-28T14:13:02","date_gmt":"2022-06-28T12:13:02","guid":{"rendered":"https:\/\/auslaenderbehoerde.org\/?page_id=145"},"modified":"2022-07-08T11:29:05","modified_gmt":"2022-07-08T09:29:05","slug":"verpflichtungserklaerung","status":"publish","type":"page","link":"https:\/\/auslaenderbehoerde.org\/nl\/verbintenisverklaring\/","title":{"rendered":"verbintenisverklaring"},"content":{"rendered":"<figure id=\"attachment_159\" aria-describedby=\"caption-attachment-159\" style=\"width: 900px\" class=\"wp-caption aligncenter\"><img decoding=\"async\" class=\"wp-image-159 size-full\" src=\"https:\/\/auslaenderbehoerde.org\/wp-content\/uploads\/2022\/06\/Verpflichtungsklarung-scaled-e1656420805754.jpg\" alt=\"verbintenisverklaring\" width=\"900\" height=\"506\" srcset=\"\" sizes=\"(max-width: 900px) 100vw, 900px\" data-srcset=\"\" \/><figcaption id=\"caption-attachment-159\" class=\"wp-caption-text\">De zogenaamde verbintenisverklaring dient om de kosten van levensonderhoud van derdelanders veilig te stellen.<\/figcaption><\/figure>\n<p>Indien u gasten wilt uitnodigen die een visum nodig hebben en zelf niet over de nodige financi\u00eble middelen beschikken, dient u als uitnodiger een engagementsverklaring in bij de verantwoordelijke. <a href=\"https:\/\/auslaenderbehoerde.org\/nl\/\">vreemdelingen Autoriteit<\/a> overhandigen. In de regel is uw lokale immigratiekantoor verantwoordelijk als uw bezoeker bij u komt wonen.<\/p>\n<p>Het is na <a href=\"https:\/\/kiew.diplo.de\/ua-de\/service\/05-VisaEinreise\/faq-finanzen---66-68aufenthg\/1289754\" target=\"_blank\" rel=\"noopener\">\u00a7\u00a7 66, 68<\/a> van de Verblijfswet voor een formele verbintenisverklaring. Uw bezoeker kan dit vervolgens aan het visumkantoor voorleggen als bewijs van financiering of als uitnodiging zodat het benodigde visum kan worden aangevraagd.<\/p>\n<p>Het afgeven van een verbintenisverklaring wordt overbodig als de kosten voor de heen- en terugreis, evenals voor het verblijf, voor rekening komen van de aanvrager van het visum <strong>door mezelf gedragen<\/strong> kan zijn. In dit geval moet alleen de financi\u00eble draagkracht worden aangetoond. Dit kan door de Duitse uitnodiger worden bevestigd in de vorm van een schriftelijke, informele uitnodiging.<\/p>\n<p>Indien een visum voor een buitenlandse echtgenoot wordt aangevraagd door een Duits staatsburger, is de originele huwelijksakte en een kopie, in combinatie met een informele uitnodiging van de Duitse echtgenoot met een kopie van het paspoort, voldoende.<\/p>\n<h2>De reeks<\/h2>\n<p>Wie een buitenlandse bezoeker bij hem thuis wil uitnodigen, moet voor hem een verbintenisverklaring overleggen zodat een visum kan worden afgegeven. Om een verbintenisverklaring te kunnen ondertekenen bij het lokale immigratiekantoor, moet een <strong>persoonlijke verschijning<\/strong> nodig. Een groot aantal persoonlijke documenten moet in het origineel worden meegebracht.<\/p>\n<div class=\"su-note\"  style=\"border-color:#d1d1d0;border-radius:3px;-moz-border-radius:3px;-webkit-border-radius:3px;\"><div class=\"su-note-inner su-u-clearfix su-u-trim\" style=\"background-color:#ebebea;border-color:#ffffff;color:#444444;border-radius:3px;-moz-border-radius:3px;-webkit-border-radius:3px;\"><strong>Verwacht u bezoekers uit het buitenland?<\/strong> Met een <a href=\"https:\/\/auslaenderbehoerde.org\/nl\/reisverzekering-voor-buitenlandse-gasten\/\">Reisverzekering voor buitenlandse gasten<\/a> profiteren van uitgebreide bescherming in Duitsland en Europa.<\/div><\/div>\n<h2>Welke documenten zijn nodig voor het afgeven van een verbintenisverklaring?<\/h2>\n<ul style=\"list-style-type: circle;\">\n<li>een geldige, originele ID-kaart of paspoort<\/li>\n<li>Voor- en achternaam van de bezoeker, woonplaats, nationaliteit, geboortedatum, paspoortnr. en adres van de bezoeker<\/li>\n<li>een actueel loonbewijs, bestaande uit een actueel pensioenaangifte, een belastingaangifte (voor zzp&#039;ers), de laatste drie verklaringen\/pensioenaangifte of een attest van een belastingadviseur, inclusief functiegegevens<\/li>\n<li>Vertegenwoordiging van de familierelatie met de uitgenodigde bezoeker, eventuele gegevens van familieleden die ook het land binnenkomen<\/li>\n<li>Vermelding van het adres waar de bezoeker tijdens het verblijf woont<\/li>\n<li>gewenste start geldigheid van het visum<\/li>\n<\/ul>\n<p>De kosten voor een engagementsverklaring zijn doorgaans 29 euro. Een verbintenisverklaring is alleen effectief en geldig als een veilige, maandelijkse geldontvangst kan worden aangetoond. Niet alleen een veilig bestaan moet worden bewezen, maar ook een adequate kredietwaardigheid.<\/p>\n<p>Naast het inkomen in Duitsland kan een buitenlandse <a href=\"https:\/\/botschaft-konsulat.de\/\" target=\"_blank\" rel=\"noopener\">bericht<\/a> bevestig activa in het buitenland zodat er voldoende kapitaal is om een verbintenisverklaring op te stellen. Het buitenlandse inkomen kan ook buiten de EU worden vastgesteld.<\/p>\n<div class=\"su-note\"  style=\"border-color:#d1d1d0;border-radius:3px;-moz-border-radius:3px;-webkit-border-radius:3px;\"><div class=\"su-note-inner su-u-clearfix su-u-trim\" style=\"background-color:#ebebea;border-color:#ffffff;color:#444444;border-radius:3px;-moz-border-radius:3px;-webkit-border-radius:3px;\"><b>Een mededeling: <\/b>Voor kantoren en autoriteiten heeft u de documenten of certificaten meestal nodig als: <a href=\"https:\/\/tidd.ly\/3y8DKdr\" target=\"_blank\" rel=\"noopener\">be\u00ebdigde vertaling<\/a>*.<\/div><\/div>\n<h3>Hoe lang is een verbintenisverklaring geldig?<\/h3>\n<p>Een verbintenisverklaring is maximaal 6 maanden geldig. Een nieuwe verbintenisverklaring kan dan worden afgegeven als de borgsteller kan aantonen dat de persoonlijke financi\u00eble omstandigheden in de afgelopen 6 maanden niet negatief zijn veranderd.<\/p>\n<p>Als je een verbintenisverklaring voor een gast wilt aangaan, moet je genoeg geld verdienen. Als een alleenstaand inkomen niet voldoende is om een verbintenisverklaring aan te gaan, kunnen paren hun inkomen bij elkaar optellen. Er moet een minimum netto-inkomen van 1470 euro per maand worden aangetoond om officieel een verbintenisverklaring te kunnen afgeven.<\/p>\n<p>Als uw maandinkomen niet voldoende is, kunt u een geblokkeerde rekening voor visumdoeleinden openen bij een Deutsche Bank. Door een bepaald geldbedrag over te maken naar de opgegeven geblokkeerde rekening, zorgt de betrokkene ervoor dat hij in deze tijd zelf in zijn levensonderhoud en andere uitgaven kan voorzien.<\/p>\n<p>Aangezien een verbintenisverklaring slechts 6 maanden geldig is, dient de gast direct na indiening een visum aan te vragen. Als de visumafgifte langer dan 6 maanden duurt, moet een nieuwe verbintenisverklaring worden ingediend. De formulieren voor het indienen van een verbintenisverklaring zijn verkrijgbaar bij de Dienst Vreemdelingenzaken.<\/p>\n<h3 id=\"customheading6\"><strong>Gerelateerde Links\u00a0<\/strong><\/h3>\n<ul style=\"list-style-type: circle;\">\n<li><a href=\"https:\/\/auslaenderbehoerde.org\/nl\/eerste-stappen-in-duitsland\/\">Eerste stappen in Duitsland<\/a><\/li>\n<\/ul>","protected":false},"excerpt":{"rendered":"<p>Als u gasten wilt uitnodigen die een visum nodig hebben en daarvoor niet over de nodige financi\u00eble middelen beschikken, moet u als uitnodiger een engagementsverklaring indienen bij de verantwoordelijke immigratiedienst. In de regel is uw plaatselijke immigratiedienst verantwoordelijk als u wilt dat uw bezoeker bij u komt wonen. Volgens de artikelen 66 en 68 van de Verblijfswet is dit een formele\u2026&nbsp;<a href=\"https:\/\/auslaenderbehoerde.org\/nl\/verbintenisverklaring\/\" rel=\"bookmark\">Lees verder \u00bb<span class=\"screen-reader-text\">verbintenisverklaring<\/span><\/a><\/p>","protected":false},"author":1,"featured_media":159,"parent":0,"menu_order":0,"comment_status":"closed","ping_status":"closed","template":"","meta":{"neve_meta_sidebar":"","neve_meta_container":"","neve_meta_enable_content_width":"off","neve_meta_content_width":100,"neve_meta_title_alignment":"","neve_meta_author_avatar":"","neve_post_elements_order":"","neve_meta_disable_header":"","neve_meta_disable_footer":"","neve_meta_disable_title":"","neve_meta_reading_time":"","footnotes":""},"class_list":["post-145","page","type-page","status-publish","has-post-thumbnail","hentry"],"yoast_head":"<!-- This site is optimized with the Yoast SEO plugin v26.6 - https:\/\/yoast.com\/wordpress\/plugins\/seo\/ -->\n<title>Verpflichtungserkl\u00e4rung - Auslaenderbehoerde.org<\/title>\n<meta name=\"description\" content=\"Mit einer Verpflichtungserkl\u00e4rung k\u00f6nnen Sie Menschen aus dem Ausland die Einreise und den Aufenthalt in Deutschland erm\u00f6glichen\" \/>\n<meta name=\"robots\" content=\"index, follow, max-snippet:-1, max-image-preview:large, max-video-preview:-1\" \/>\n<link rel=\"canonical\" href=\"https:\/\/auslaenderbehoerde.org\/nl\/verbintenisverklaring\/\" \/>\n<meta property=\"og:locale\" content=\"nl_NL\" \/>\n<meta property=\"og:type\" content=\"article\" \/>\n<meta property=\"og:title\" content=\"Verpflichtungserkl\u00e4rung - Auslaenderbehoerde.org\" \/>\n<meta property=\"og:description\" content=\"Mit einer Verpflichtungserkl\u00e4rung k\u00f6nnen Sie Menschen aus dem Ausland die Einreise und den Aufenthalt in Deutschland erm\u00f6glichen\" \/>\n<meta property=\"og:url\" content=\"https:\/\/auslaenderbehoerde.org\/nl\/verbintenisverklaring\/\" \/>\n<meta property=\"og:site_name\" content=\"auslaenderbehoerde.org\" \/>\n<meta property=\"article:modified_time\" content=\"2022-07-08T09:29:05+00:00\" \/>\n<meta property=\"og:image\" content=\"https:\/\/auslaenderbehoerde.org\/wp-content\/uploads\/2022\/06\/Verpflichtungserkla\u0308rung-scaled-e1656420805754.jpg\" \/>\n\t<meta property=\"og:image:width\" content=\"900\" \/>\n\t<meta property=\"og:image:height\" content=\"506\" \/>\n\t<meta property=\"og:image:type\" content=\"image\/jpeg\" \/>\n<meta name=\"twitter:card\" content=\"summary_large_image\" \/>\n<meta name=\"twitter:label1\" content=\"Geschatte leestijd\" \/>\n\t<meta name=\"twitter:data1\" content=\"4 minuten\" \/>\n<script type=\"application\/ld+json\" class=\"yoast-schema-graph\">{\"@context\":\"https:\/\/schema.org\",\"@graph\":[{\"@type\":\"WebPage\",\"@id\":\"https:\/\/auslaenderbehoerde.org\/verpflichtungserklaerung\/\",\"url\":\"https:\/\/auslaenderbehoerde.org\/verpflichtungserklaerung\/\",\"name\":\"Verpflichtungserkl\u00e4rung - Auslaenderbehoerde.org\",\"isPartOf\":{\"@id\":\"https:\/\/auslaenderbehoerde.org\/#website\"},\"primaryImageOfPage\":{\"@id\":\"https:\/\/auslaenderbehoerde.org\/verpflichtungserklaerung\/#primaryimage\"},\"image\":{\"@id\":\"https:\/\/auslaenderbehoerde.org\/verpflichtungserklaerung\/#primaryimage\"},\"thumbnailUrl\":\"https:\/\/auslaenderbehoerde.org\/wp-content\/uploads\/2022\/06\/Verpflichtungserkla\u0308rung-scaled-e1656420805754.jpg\",\"datePublished\":\"2022-06-28T12:13:02+00:00\",\"dateModified\":\"2022-07-08T09:29:05+00:00\",\"description\":\"Mit einer Verpflichtungserkl\u00e4rung k\u00f6nnen Sie Menschen aus dem Ausland die Einreise und den Aufenthalt in Deutschland erm\u00f6glichen\",\"breadcrumb\":{\"@id\":\"https:\/\/auslaenderbehoerde.org\/verpflichtungserklaerung\/#breadcrumb\"},\"inLanguage\":\"nl-NL\",\"potentialAction\":[{\"@type\":\"ReadAction\",\"target\":[\"https:\/\/auslaenderbehoerde.org\/verpflichtungserklaerung\/\"]}]},{\"@type\":\"ImageObject\",\"inLanguage\":\"nl-NL\",\"@id\":\"https:\/\/auslaenderbehoerde.org\/verpflichtungserklaerung\/#primaryimage\",\"url\":\"https:\/\/auslaenderbehoerde.org\/wp-content\/uploads\/2022\/06\/Verpflichtungserkla\u0308rung-scaled-e1656420805754.jpg\",\"contentUrl\":\"https:\/\/auslaenderbehoerde.org\/wp-content\/uploads\/2022\/06\/Verpflichtungserkla\u0308rung-scaled-e1656420805754.jpg\",\"width\":900,\"height\":506,\"caption\":\"Verpflichtungserkl\u00e4rung\"},{\"@type\":\"BreadcrumbList\",\"@id\":\"https:\/\/auslaenderbehoerde.org\/verpflichtungserklaerung\/#breadcrumb\",\"itemListElement\":[{\"@type\":\"ListItem\",\"position\":1,\"name\":\"Startseite\",\"item\":\"https:\/\/auslaenderbehoerde.org\/\"},{\"@type\":\"ListItem\",\"position\":2,\"name\":\"Verpflichtungserkl\u00e4rung\"}]},{\"@type\":\"WebSite\",\"@id\":\"https:\/\/auslaenderbehoerde.org\/#website\",\"url\":\"https:\/\/auslaenderbehoerde.org\/\",\"name\":\"auslaenderbehoerde.org\",\"description\":\"\",\"potentialAction\":[{\"@type\":\"SearchAction\",\"target\":{\"@type\":\"EntryPoint\",\"urlTemplate\":\"https:\/\/auslaenderbehoerde.org\/?s={search_term_string}\"},\"query-input\":{\"@type\":\"PropertyValueSpecification\",\"valueRequired\":true,\"valueName\":\"search_term_string\"}}],\"inLanguage\":\"nl-NL\"}]}<\/script>\n<!-- \/ Yoast SEO plugin. -->","yoast_head_json":{"title":"Verbintenisverklaring - Auslaenderbehoerde.org","description":"Met een verbintenisverklaring kunt u mensen uit het buitenland in staat stellen om Duitsland binnen te komen en te blijven","robots":{"index":"index","follow":"follow","max-snippet":"max-snippet:-1","max-image-preview":"max-image-preview:large","max-video-preview":"max-video-preview:-1"},"canonical":"https:\/\/auslaenderbehoerde.org\/nl\/verbintenisverklaring\/","og_locale":"nl_NL","og_type":"article","og_title":"Verpflichtungserkl\u00e4rung - Auslaenderbehoerde.org","og_description":"Mit einer Verpflichtungserkl\u00e4rung k\u00f6nnen Sie Menschen aus dem Ausland die Einreise und den Aufenthalt in Deutschland erm\u00f6glichen","og_url":"https:\/\/auslaenderbehoerde.org\/nl\/verbintenisverklaring\/","og_site_name":"auslaenderbehoerde.org","article_modified_time":"2022-07-08T09:29:05+00:00","og_image":[{"width":900,"height":506,"url":"https:\/\/auslaenderbehoerde.org\/wp-content\/uploads\/2022\/06\/Verpflichtungserkla\u0308rung-scaled-e1656420805754.jpg","type":"image\/jpeg"}],"twitter_card":"summary_large_image","twitter_misc":{"Geschatte leestijd":"4 minuten"},"schema":{"@context":"https:\/\/schema.org","@graph":[{"@type":"WebPage","@id":"https:\/\/auslaenderbehoerde.org\/verpflichtungserklaerung\/","url":"https:\/\/auslaenderbehoerde.org\/verpflichtungserklaerung\/","name":"Verbintenisverklaring - Auslaenderbehoerde.org","isPartOf":{"@id":"https:\/\/auslaenderbehoerde.org\/#website"},"primaryImageOfPage":{"@id":"https:\/\/auslaenderbehoerde.org\/verpflichtungserklaerung\/#primaryimage"},"image":{"@id":"https:\/\/auslaenderbehoerde.org\/verpflichtungserklaerung\/#primaryimage"},"thumbnailUrl":"https:\/\/auslaenderbehoerde.org\/wp-content\/uploads\/2022\/06\/Verpflichtungserkla\u0308rung-scaled-e1656420805754.jpg","datePublished":"2022-06-28T12:13:02+00:00","dateModified":"2022-07-08T09:29:05+00:00","description":"Met een verbintenisverklaring kunt u mensen uit het buitenland in staat stellen om Duitsland binnen te komen en te blijven","breadcrumb":{"@id":"https:\/\/auslaenderbehoerde.org\/verpflichtungserklaerung\/#breadcrumb"},"inLanguage":"nl-NL","potentialAction":[{"@type":"ReadAction","target":["https:\/\/auslaenderbehoerde.org\/verpflichtungserklaerung\/"]}]},{"@type":"ImageObject","inLanguage":"nl-NL","@id":"https:\/\/auslaenderbehoerde.org\/verpflichtungserklaerung\/#primaryimage","url":"https:\/\/auslaenderbehoerde.org\/wp-content\/uploads\/2022\/06\/Verpflichtungserkla\u0308rung-scaled-e1656420805754.jpg","contentUrl":"https:\/\/auslaenderbehoerde.org\/wp-content\/uploads\/2022\/06\/Verpflichtungserkla\u0308rung-scaled-e1656420805754.jpg","width":900,"height":506,"caption":"Verpflichtungserkl\u00e4rung"},{"@type":"BreadcrumbList","@id":"https:\/\/auslaenderbehoerde.org\/verpflichtungserklaerung\/#breadcrumb","itemListElement":[{"@type":"ListItem","position":1,"name":"Startseite","item":"https:\/\/auslaenderbehoerde.org\/"},{"@type":"ListItem","position":2,"name":"Verpflichtungserkl\u00e4rung"}]},{"@type":"WebSite","@id":"https:\/\/auslaenderbehoerde.org\/#website","url":"https:\/\/auslaenderbehoerde.org\/","name":"auslaenderbehoerde.org","description":"","potentialAction":[{"@type":"SearchAction","target":{"@type":"EntryPoint","urlTemplate":"https:\/\/auslaenderbehoerde.org\/?s={search_term_string}"},"query-input":{"@type":"PropertyValueSpecification","valueRequired":true,"valueName":"search_term_string"}}],"inLanguage":"nl-NL"}]}},"_links":{"self":[{"href":"https:\/\/auslaenderbehoerde.org\/nl\/wp-json\/wp\/v2\/pages\/145","targetHints":{"allow":["GET"]}}],"collection":[{"href":"https:\/\/auslaenderbehoerde.org\/nl\/wp-json\/wp\/v2\/pages"}],"about":[{"href":"https:\/\/auslaenderbehoerde.org\/nl\/wp-json\/wp\/v2\/types\/page"}],"author":[{"embeddable":true,"href":"https:\/\/auslaenderbehoerde.org\/nl\/wp-json\/wp\/v2\/users\/1"}],"replies":[{"embeddable":true,"href":"https:\/\/auslaenderbehoerde.org\/nl\/wp-json\/wp\/v2\/comments?post=145"}],"version-history":[{"count":10,"href":"https:\/\/auslaenderbehoerde.org\/nl\/wp-json\/wp\/v2\/pages\/145\/revisions"}],"predecessor-version":[{"id":667,"href":"https:\/\/auslaenderbehoerde.org\/nl\/wp-json\/wp\/v2\/pages\/145\/revisions\/667"}],"wp:featuredmedia":[{"embeddable":true,"href":"https:\/\/auslaenderbehoerde.org\/nl\/wp-json\/wp\/v2\/media\/159"}],"wp:attachment":[{"href":"https:\/\/auslaenderbehoerde.org\/nl\/wp-json\/wp\/v2\/media?parent=145"}],"curies":[{"name":"wp","href":"https:\/\/api.w.org\/{rel}","templated":true}]}}