{"id":149,"date":"2022-06-28T14:13:30","date_gmt":"2022-06-28T12:13:30","guid":{"rendered":"https:\/\/auslaenderbehoerde.org\/?page_id=149"},"modified":"2022-07-02T09:29:01","modified_gmt":"2022-07-02T07:29:01","slug":"erste-schritte-in-deutschland","status":"publish","type":"page","link":"https:\/\/auslaenderbehoerde.org\/nl\/eerste-stappen-in-duitsland\/","title":{"rendered":"Eerste stappen in Duitsland"},"content":{"rendered":"<p><img decoding=\"async\" class=\"aligncenter wp-image-207 size-full\" src=\"https:\/\/auslaenderbehoerde.org\/wp-content\/uploads\/2022\/07\/architecture-g719836b53_640.jpg\" alt=\"Eerste stappen in Duitsland\" width=\"640\" height=\"426\" srcset=\"https:\/\/auslaenderbehoerde.org\/wp-content\/uploads\/2022\/07\/architecture-g719836b53_640.jpg 640w, https:\/\/auslaenderbehoerde.org\/wp-content\/uploads\/2022\/07\/architecture-g719836b53_640-300x200.jpg 300w\" sizes=\"(max-width: 640px) 100vw, 640px\" \/><\/p>\n<p>Als u net in Duitsland bent aangekomen en een visum of verblijfsvergunning heeft, krijgt u te maken met enkele administratieve procedures.<\/p>\n<h3>Inschrijving bij het inschrijvingsbureau<\/h3>\n<p>Binnenin <strong>twee weken<\/strong> Gasten of onderdanen van derde landen moeten zich inschrijven bij het bewonersregistratiebureau in hun woonplaats <strong>verplicht om te registreren<\/strong>. Je hebt er een nodig om je in te schrijven <strong>verhuurder bevestiging<\/strong>. Deze kunt u krijgen van de verhuurder of van vrienden\/kennissen met wie u samenwoont. Pas na inschrijving bij het bewonersregistratiebureau, wanneer een inschrijfformulier beschikbaar is, kan een <strong>te openen bankrekening<\/strong>.<\/p>\n<p>Inschrijving bij het Inschrijvingskantoor Buurtbewoners is niet alleen nodig als je een eigen appartement gaat betrekken, maar ook als je: <strong>langer verblijf<\/strong> met vrienden of kennissen in wiens appartement is gepland. Tijdens de registratie ontvangt u een fiscaal identificatienummer.<\/p>\n<h3>Persoonlijk bezoek aan het immigratiekantoor<\/h3>\n<p>Nadat onderdanen van derde landen in Duitsland zijn aangekomen met een visum of een verblijfsvergunning van een Duitse vertegenwoordiging in het buitenland, moeten zij zich persoonlijk naar het verantwoordelijke kantoor begeven <a href=\"https:\/\/auslaenderbehoerde.org\/nl\/\">vreemdelingen Autoriteit<\/a> voorstellingen maken.<\/p>\n<p>De immigratiedienst sluit het doel van uw verblijf uit. Het is niet alleen mogelijk om de verblijfsvergunning bij de immigratiedienst te verlengen voordat deze verloopt, maar ook om deze aan te vragen <a href=\"https:\/\/auslaenderbehoerde.org\/nl\/verblijfsvergunning-2\/\">verblijfsvergunning<\/a>als aan de noodzakelijke voorwaarden is voldaan.<\/p>\n<h3>Registratie bij een zorgverzekeraar<\/h3>\n<p>Derdelanders met een <a href=\"https:\/\/auslaenderbehoerde.org\/nl\/verblijfsvergunning\/\">verblijfsvergunning<\/a>, eventueel met een werkvergunning of een verblijfsvergunning moet in Duitsland wettelijk verplicht zijn of priv\u00e9 <strong>ziektekostenverzekering<\/strong> zijn. Aanmelden bij een zorgverzekeraar is daarom noodzakelijk <strong>bijzonder belangrijk<\/strong>.<\/p>\n<p>Iedereen die alleen Duitsland bezoekt en een <a href=\"https:\/\/auslaenderbehoerde.org\/nl\/reisverzekering-voor-buitenlandse-gasten\/\">Reisverzekering voor buitenlandse gasten<\/a> hoeft niet geregistreerd te zijn bij een Duitse zorgverzekeraar.<\/p>\n<h3>school, opleiding en studies<\/h3>\n<p>Kinderen van onderdanen van derde landen mogen in Duitsland wonen <strong>tal van educatieve paden gratis<\/strong> profiteren van. Voorlichtingsafspraken op verschillende scholen in de regio laten snel zien welke schoolmogelijkheden er zijn.<\/p>\n<p>Kinderen van derdelanders integreren veel beter in Duitsland als ze zo snel mogelijk naar een geschikte school gaan en vriendschap sluiten met hun leeftijdsgenoten. Bovendien mogen de kinderen van onderdanen van derde landen vanaf 6 jaar in Duitsland <strong>leerplichtig<\/strong> en moet minimaal 9 jaar naar school gaan.<\/p>\n<h3>De volgende belangrijke stappen<\/h3>\n<p>Zodra u een registratieformulier heeft, moet u zich zo snel mogelijk registreren <strong>een bankrekening openen<\/strong>. Let bij het kiezen van een bank goed op de voorwaarden. De maandelijkse kosten kunnen sterk vari\u00ebren. Verzamel informatie over vergoedingen en vergelijk deze met vrienden en kennissen die goed Duits spreken voordat ze een contract ondertekenen.<\/p>\n<p>Laat de jouwe achter <strong>Controleer rijbewijs<\/strong>. Buitenlandse rijbewijzen in Duitsland hebben er in de regel \u00e9\u00e9n <strong>Geldigheid van 6 maanden<\/strong>. Krijg uitgebreid advies, zodat u zo snel mogelijk een Duits rijbewijs kunt halen als u dat nodig heeft.<\/p>\n<p>Hier is een verklarende video van <a href=\"https:\/\/www.bamf.de\/DE\/Startseite\/startseite_node.html\" target=\"_blank\" rel=\"noopener\">Federaal Bureau voor Migratie en Vluchtelingen<\/a><\/p>\n<div class=\"su-youtube su-u-responsive-media-yes\"><iframe width=\"600\" height=\"400\" src=\"https:\/\/www.youtube.com\/embed\/y6zd30dBGLM?\" frameborder=\"0\" allowfullscreen allow=\"autoplay; encrypted-media; picture-in-picture\" title=\"\"><\/iframe><\/div>","protected":false},"excerpt":{"rendered":"<p>Iedereen die net in Duitsland is aangekomen en een visum of verblijfsvergunning heeft, moet een aantal administratieve procedures doorlopen. Inschrijving bij het bewonersregistratiekantoor Gasten of onderdanen van derde landen moeten zich binnen twee weken inschrijven bij het bewonersregistratiekantoor van hun woonplaats. Voor inschrijving heeft u een bevestiging van de woningaanbieder nodig. Deze kun je krijgen van de verhuurder of van vrienden\/\u2026&nbsp;<a href=\"https:\/\/auslaenderbehoerde.org\/nl\/eerste-stappen-in-duitsland\/\" rel=\"bookmark\">Lees verder \u00bb<span class=\"screen-reader-text\">Eerste stappen in Duitsland<\/span><\/a><\/p>","protected":false},"author":1,"featured_media":207,"parent":0,"menu_order":0,"comment_status":"closed","ping_status":"closed","template":"","meta":{"neve_meta_sidebar":"","neve_meta_container":"","neve_meta_enable_content_width":"off","neve_meta_content_width":100,"neve_meta_title_alignment":"","neve_meta_author_avatar":"","neve_post_elements_order":"","neve_meta_disable_header":"","neve_meta_disable_footer":"","neve_meta_disable_title":"","neve_meta_reading_time":"","footnotes":""},"class_list":["post-149","page","type-page","status-publish","has-post-thumbnail","hentry"],"yoast_head":"<!-- This site is optimized with the Yoast SEO plugin v26.6 - https:\/\/yoast.com\/wordpress\/plugins\/seo\/ -->\n<title>Erste Schritte in Deutschland - auslaenderbehoerde.org<\/title>\n<meta name=\"description\" content=\"Wer gerade in Deutschland angekommen ist und \u00fcber ein Visum oder eine Aufenthaltsgenehmigung verf\u00fcgt, muss einige Beh\u00f6rdeng\u00e4nge erledigen.\" \/>\n<meta name=\"robots\" content=\"index, follow, max-snippet:-1, max-image-preview:large, max-video-preview:-1\" \/>\n<link rel=\"canonical\" href=\"https:\/\/auslaenderbehoerde.org\/nl\/eerste-stappen-in-duitsland\/\" \/>\n<meta property=\"og:locale\" content=\"nl_NL\" \/>\n<meta property=\"og:type\" content=\"article\" \/>\n<meta property=\"og:title\" content=\"Erste Schritte in Deutschland - auslaenderbehoerde.org\" \/>\n<meta property=\"og:description\" content=\"Wer gerade in Deutschland angekommen ist und \u00fcber ein Visum oder eine Aufenthaltsgenehmigung verf\u00fcgt, muss einige Beh\u00f6rdeng\u00e4nge erledigen.\" \/>\n<meta property=\"og:url\" content=\"https:\/\/auslaenderbehoerde.org\/nl\/eerste-stappen-in-duitsland\/\" \/>\n<meta property=\"og:site_name\" content=\"auslaenderbehoerde.org\" \/>\n<meta property=\"article:modified_time\" content=\"2022-07-02T07:29:01+00:00\" \/>\n<meta property=\"og:image\" content=\"https:\/\/auslaenderbehoerde.org\/wp-content\/uploads\/2022\/07\/architecture-g719836b53_640.jpg\" \/>\n\t<meta property=\"og:image:width\" content=\"640\" \/>\n\t<meta property=\"og:image:height\" content=\"426\" \/>\n\t<meta property=\"og:image:type\" content=\"image\/jpeg\" \/>\n<meta name=\"twitter:card\" content=\"summary_large_image\" \/>\n<meta name=\"twitter:label1\" content=\"Geschatte leestijd\" \/>\n\t<meta name=\"twitter:data1\" content=\"2 minuten\" \/>\n<script type=\"application\/ld+json\" class=\"yoast-schema-graph\">{\"@context\":\"https:\/\/schema.org\",\"@graph\":[{\"@type\":\"WebPage\",\"@id\":\"https:\/\/auslaenderbehoerde.org\/erste-schritte-in-deutschland\/\",\"url\":\"https:\/\/auslaenderbehoerde.org\/erste-schritte-in-deutschland\/\",\"name\":\"Erste Schritte in Deutschland - auslaenderbehoerde.org\",\"isPartOf\":{\"@id\":\"https:\/\/auslaenderbehoerde.org\/#website\"},\"primaryImageOfPage\":{\"@id\":\"https:\/\/auslaenderbehoerde.org\/erste-schritte-in-deutschland\/#primaryimage\"},\"image\":{\"@id\":\"https:\/\/auslaenderbehoerde.org\/erste-schritte-in-deutschland\/#primaryimage\"},\"thumbnailUrl\":\"https:\/\/auslaenderbehoerde.org\/wp-content\/uploads\/2022\/07\/architecture-g719836b53_640.jpg\",\"datePublished\":\"2022-06-28T12:13:30+00:00\",\"dateModified\":\"2022-07-02T07:29:01+00:00\",\"description\":\"Wer gerade in Deutschland angekommen ist und \u00fcber ein Visum oder eine Aufenthaltsgenehmigung verf\u00fcgt, muss einige Beh\u00f6rdeng\u00e4nge erledigen.\",\"breadcrumb\":{\"@id\":\"https:\/\/auslaenderbehoerde.org\/erste-schritte-in-deutschland\/#breadcrumb\"},\"inLanguage\":\"nl-NL\",\"potentialAction\":[{\"@type\":\"ReadAction\",\"target\":[\"https:\/\/auslaenderbehoerde.org\/erste-schritte-in-deutschland\/\"]}]},{\"@type\":\"ImageObject\",\"inLanguage\":\"nl-NL\",\"@id\":\"https:\/\/auslaenderbehoerde.org\/erste-schritte-in-deutschland\/#primaryimage\",\"url\":\"https:\/\/auslaenderbehoerde.org\/wp-content\/uploads\/2022\/07\/architecture-g719836b53_640.jpg\",\"contentUrl\":\"https:\/\/auslaenderbehoerde.org\/wp-content\/uploads\/2022\/07\/architecture-g719836b53_640.jpg\",\"width\":640,\"height\":426,\"caption\":\"Erste Schritte in Deutschland\"},{\"@type\":\"BreadcrumbList\",\"@id\":\"https:\/\/auslaenderbehoerde.org\/erste-schritte-in-deutschland\/#breadcrumb\",\"itemListElement\":[{\"@type\":\"ListItem\",\"position\":1,\"name\":\"Startseite\",\"item\":\"https:\/\/auslaenderbehoerde.org\/\"},{\"@type\":\"ListItem\",\"position\":2,\"name\":\"Erste Schritte in Deutschland\"}]},{\"@type\":\"WebSite\",\"@id\":\"https:\/\/auslaenderbehoerde.org\/#website\",\"url\":\"https:\/\/auslaenderbehoerde.org\/\",\"name\":\"auslaenderbehoerde.org\",\"description\":\"\",\"potentialAction\":[{\"@type\":\"SearchAction\",\"target\":{\"@type\":\"EntryPoint\",\"urlTemplate\":\"https:\/\/auslaenderbehoerde.org\/?s={search_term_string}\"},\"query-input\":{\"@type\":\"PropertyValueSpecification\",\"valueRequired\":true,\"valueName\":\"search_term_string\"}}],\"inLanguage\":\"nl-NL\"}]}<\/script>\n<!-- \/ Yoast SEO plugin. -->","yoast_head_json":{"title":"Eerste stappen in Duitsland - auslaenderbehoerde.org","description":"Als u net in Duitsland bent aangekomen en een visum of verblijfsvergunning heeft, krijgt u te maken met enkele administratieve procedures.","robots":{"index":"index","follow":"follow","max-snippet":"max-snippet:-1","max-image-preview":"max-image-preview:large","max-video-preview":"max-video-preview:-1"},"canonical":"https:\/\/auslaenderbehoerde.org\/nl\/eerste-stappen-in-duitsland\/","og_locale":"nl_NL","og_type":"article","og_title":"Erste Schritte in Deutschland - auslaenderbehoerde.org","og_description":"Wer gerade in Deutschland angekommen ist und \u00fcber ein Visum oder eine Aufenthaltsgenehmigung verf\u00fcgt, muss einige Beh\u00f6rdeng\u00e4nge erledigen.","og_url":"https:\/\/auslaenderbehoerde.org\/nl\/eerste-stappen-in-duitsland\/","og_site_name":"auslaenderbehoerde.org","article_modified_time":"2022-07-02T07:29:01+00:00","og_image":[{"width":640,"height":426,"url":"https:\/\/auslaenderbehoerde.org\/wp-content\/uploads\/2022\/07\/architecture-g719836b53_640.jpg","type":"image\/jpeg"}],"twitter_card":"summary_large_image","twitter_misc":{"Geschatte leestijd":"2 minuten"},"schema":{"@context":"https:\/\/schema.org","@graph":[{"@type":"WebPage","@id":"https:\/\/auslaenderbehoerde.org\/erste-schritte-in-deutschland\/","url":"https:\/\/auslaenderbehoerde.org\/erste-schritte-in-deutschland\/","name":"Eerste stappen in Duitsland - auslaenderbehoerde.org","isPartOf":{"@id":"https:\/\/auslaenderbehoerde.org\/#website"},"primaryImageOfPage":{"@id":"https:\/\/auslaenderbehoerde.org\/erste-schritte-in-deutschland\/#primaryimage"},"image":{"@id":"https:\/\/auslaenderbehoerde.org\/erste-schritte-in-deutschland\/#primaryimage"},"thumbnailUrl":"https:\/\/auslaenderbehoerde.org\/wp-content\/uploads\/2022\/07\/architecture-g719836b53_640.jpg","datePublished":"2022-06-28T12:13:30+00:00","dateModified":"2022-07-02T07:29:01+00:00","description":"Als u net in Duitsland bent aangekomen en een visum of verblijfsvergunning heeft, krijgt u te maken met enkele administratieve procedures.","breadcrumb":{"@id":"https:\/\/auslaenderbehoerde.org\/erste-schritte-in-deutschland\/#breadcrumb"},"inLanguage":"nl-NL","potentialAction":[{"@type":"ReadAction","target":["https:\/\/auslaenderbehoerde.org\/erste-schritte-in-deutschland\/"]}]},{"@type":"ImageObject","inLanguage":"nl-NL","@id":"https:\/\/auslaenderbehoerde.org\/erste-schritte-in-deutschland\/#primaryimage","url":"https:\/\/auslaenderbehoerde.org\/wp-content\/uploads\/2022\/07\/architecture-g719836b53_640.jpg","contentUrl":"https:\/\/auslaenderbehoerde.org\/wp-content\/uploads\/2022\/07\/architecture-g719836b53_640.jpg","width":640,"height":426,"caption":"Erste Schritte in Deutschland"},{"@type":"BreadcrumbList","@id":"https:\/\/auslaenderbehoerde.org\/erste-schritte-in-deutschland\/#breadcrumb","itemListElement":[{"@type":"ListItem","position":1,"name":"Startseite","item":"https:\/\/auslaenderbehoerde.org\/"},{"@type":"ListItem","position":2,"name":"Erste Schritte in Deutschland"}]},{"@type":"WebSite","@id":"https:\/\/auslaenderbehoerde.org\/#website","url":"https:\/\/auslaenderbehoerde.org\/","name":"auslaenderbehoerde.org","description":"","potentialAction":[{"@type":"SearchAction","target":{"@type":"EntryPoint","urlTemplate":"https:\/\/auslaenderbehoerde.org\/?s={search_term_string}"},"query-input":{"@type":"PropertyValueSpecification","valueRequired":true,"valueName":"search_term_string"}}],"inLanguage":"nl-NL"}]}},"_links":{"self":[{"href":"https:\/\/auslaenderbehoerde.org\/nl\/wp-json\/wp\/v2\/pages\/149","targetHints":{"allow":["GET"]}}],"collection":[{"href":"https:\/\/auslaenderbehoerde.org\/nl\/wp-json\/wp\/v2\/pages"}],"about":[{"href":"https:\/\/auslaenderbehoerde.org\/nl\/wp-json\/wp\/v2\/types\/page"}],"author":[{"embeddable":true,"href":"https:\/\/auslaenderbehoerde.org\/nl\/wp-json\/wp\/v2\/users\/1"}],"replies":[{"embeddable":true,"href":"https:\/\/auslaenderbehoerde.org\/nl\/wp-json\/wp\/v2\/comments?post=149"}],"version-history":[{"count":10,"href":"https:\/\/auslaenderbehoerde.org\/nl\/wp-json\/wp\/v2\/pages\/149\/revisions"}],"predecessor-version":[{"id":215,"href":"https:\/\/auslaenderbehoerde.org\/nl\/wp-json\/wp\/v2\/pages\/149\/revisions\/215"}],"wp:featuredmedia":[{"embeddable":true,"href":"https:\/\/auslaenderbehoerde.org\/nl\/wp-json\/wp\/v2\/media\/207"}],"wp:attachment":[{"href":"https:\/\/auslaenderbehoerde.org\/nl\/wp-json\/wp\/v2\/media?parent=149"}],"curies":[{"name":"wp","href":"https:\/\/api.w.org\/{rel}","templated":true}]}}