{"id":20,"date":"2022-06-27T09:48:18","date_gmt":"2022-06-27T07:48:18","guid":{"rendered":"https:\/\/auslaenderbehoerde.org\/?page_id=20"},"modified":"2025-12-30T07:05:27","modified_gmt":"2025-12-30T06:05:27","slug":"impressum","status":"publish","type":"page","link":"https:\/\/auslaenderbehoerde.org\/nl\/afdruk\/","title":{"rendered":"afdruk"},"content":{"rendered":"<h1>afdruk<\/h1>\n<h2>Volgens \u00a7 5 TMG:<\/h2>\n<p>Petros Aslanakis<br \/>\n889\/850 Moo 5<br \/>\nNong Prue, Bang Lamung<br \/>\nChonburi 20150<br \/>\nThailand<\/p>\n<h2>Contact:<\/h2>\n<p>E-mail: post(at)auslaenderbehoerde.org<\/p>\n<p><strong>Deze website is geen offici\u00eble website van de autoriteiten.\u00a0<\/strong><\/p>\n<p><strong>Begrijp alsjeblieft dat wij als beheerder van de site geen advies of informatie kunnen geven.<\/strong><\/p>\n<h2>Vrijwaring<\/h2>\n<p><strong>Aansprakelijkheid voor inhoud<\/strong><\/p>\n<p>Als dienstverlener zijn wij verantwoordelijk voor onze eigen inhoud op deze pagina&#039;s volgens 7, paragraaf 1 van de Duitse Telemediawet (TMG). Volgens \u00a7\u00a7 8 tot 10 TMG zijn wij als dienstverlener echter niet verplicht om verzonden of opgeslagen informatie van derden te controleren of omstandigheden te onderzoeken die wijzen op illegale activiteiten.<\/p>\n<p>Verplichtingen tot het verwijderen of blokkeren van het gebruik van informatie volgens de algemene wetten blijven onaangetast. Aansprakelijkheid ter zake is echter pas mogelijk vanaf het moment dat bekend is met een concrete overtreding van de wet. Zodra we op de hoogte zijn van overtredingen van de wet, zullen we deze inhoud onmiddellijk verwijderen.<\/p>\n<p><strong>Aansprakelijkheid voor links<\/strong><\/p>\n<p>Ons aanbod bevat links naar externe websites van derden, op de inhoud waarvan wij geen invloed hebben. Daarom kunnen wij geen aansprakelijkheid aanvaarden voor deze externe inhoud. De respectievelijke aanbieder of exploitant van de pagina&#039;s is altijd verantwoordelijk voor de inhoud van de gelinkte pagina&#039;s. De gelinkte pagina&#039;s werden op het moment van linken gecontroleerd op mogelijke juridische overtredingen. Illegale inhoud was op het moment van linken niet herkenbaar.<\/p>\n<p>Een permanente controle van de inhoud van de gelinkte pagina&#039;s is echter niet redelijk zonder concreet bewijs van een inbreuk. Zodra we op de hoogte zijn van wetsovertredingen, zullen we dergelijke links onmiddellijk verwijderen.<\/p>\n<p><strong>auteursrechten<\/strong><\/p>\n<p>De inhoud en werken op deze pagina&#039;s die door de exploitanten van de site zijn gemaakt, zijn onderworpen aan het Duitse auteursrecht. Voor vermenigvuldiging, bewerking, distributie en elke vorm van exploitatie buiten de grenzen van het auteursrecht is de schriftelijke toestemming van de betreffende auteur of maker vereist. Downloads en kopie\u00ebn van deze site zijn alleen toegestaan voor priv\u00e9, niet-commercieel gebruik.<\/p>\n<p>Voor zover de inhoud van deze site niet door de exploitant is gemaakt, worden de auteursrechten van derden in acht genomen. Met name inhoud van derden is als zodanig gemarkeerd. Mocht u desondanks kennis krijgen van een inbreuk op het auteursrecht, dan verzoeken wij u ons hiervan op de hoogte te stellen. Zodra we op de hoogte zijn van wettelijke overtredingen, zullen we dergelijke inhoud onmiddellijk verwijderen.<\/p>\n<p>Bron:\u00a0<em><a href=\"https:\/\/www.e-recht24.de\/\" target=\"_blank\" rel=\"external noopener noreferrer\" data-wpel-link=\"external\">eRecht24<\/a><\/em><\/p>","protected":false},"excerpt":{"rendered":"<p>Juridische kennisgeving (Impressum) Informatie conform \u00a7 5 TMG: Petros Aslanakis 889\/850 Moo 5 Nong Prue, Bang Lamung Chon Buri 20150 Thailand Contact: E-mail: post(at)auslaenderbehoerde.org Deze website is geen offici\u00eble website van de autoriteiten. Wij kunnen als websitebeheerders geen advies of informatie verstrekken. Disclaimer Aansprakelijkheid voor inhoud Als dienstverlener zijn wij verantwoordelijk voor\u2026&nbsp;<a href=\"https:\/\/auslaenderbehoerde.org\/nl\/afdruk\/\" rel=\"bookmark\">Lees verder \u00bb<span class=\"screen-reader-text\">afdruk<\/span><\/a><\/p>","protected":false},"author":1,"featured_media":0,"parent":0,"menu_order":0,"comment_status":"closed","ping_status":"closed","template":"","meta":{"neve_meta_sidebar":"","neve_meta_container":"","neve_meta_enable_content_width":"off","neve_meta_content_width":100,"neve_meta_title_alignment":"","neve_meta_author_avatar":"","neve_post_elements_order":"","neve_meta_disable_header":"","neve_meta_disable_footer":"","neve_meta_disable_title":"on","neve_meta_reading_time":"","footnotes":""},"class_list":["post-20","page","type-page","status-publish","hentry"],"yoast_head":"<!-- This site is optimized with the Yoast SEO plugin v26.6 - https:\/\/yoast.com\/wordpress\/plugins\/seo\/ -->\n<title>Impressum - auslaenderbehoerde.org<\/title>\n<meta name=\"robots\" content=\"noindex, follow\" \/>\n<meta property=\"og:locale\" content=\"nl_NL\" \/>\n<meta property=\"og:type\" content=\"article\" \/>\n<meta property=\"og:title\" content=\"Impressum - auslaenderbehoerde.org\" \/>\n<meta property=\"og:description\" content=\"Impressum Angaben gem\u00e4\u00df \u00a7 5 TMG: Petros Aslanakis 889\/850 Moo 5 Nong Prue, Bang Lamung Chon Buri 20150 Thailand Kontakt: E-Mail: post(at)auslaenderbehoerde.org Diese Webseite ist keine offizielle Webseite der Beh\u00f6rden.\u00a0 Bitte haben Sie Verst\u00e4ndnis, dass wir als Seitenbetreiber keinerlei Beratung vornehmen oder Informationen erteilen k\u00f6nnen. Haftungsausschluss (Disclaimer) Haftung f\u00fcr Inhalte Als Diensteanbieter sind wir gem\u00e4\u00df&hellip;&nbsp;Read More &raquo;Impressum\" \/>\n<meta property=\"og:url\" content=\"https:\/\/auslaenderbehoerde.org\/nl\/afdruk\/\" \/>\n<meta property=\"og:site_name\" content=\"auslaenderbehoerde.org\" \/>\n<meta property=\"article:modified_time\" content=\"2025-12-30T06:05:27+00:00\" \/>\n<meta name=\"twitter:card\" content=\"summary_large_image\" \/>\n<meta name=\"twitter:label1\" content=\"Geschatte leestijd\" \/>\n\t<meta name=\"twitter:data1\" content=\"2 minuten\" \/>\n<script type=\"application\/ld+json\" class=\"yoast-schema-graph\">{\"@context\":\"https:\/\/schema.org\",\"@graph\":[{\"@type\":\"WebPage\",\"@id\":\"https:\/\/auslaenderbehoerde.org\/impressum\/\",\"url\":\"https:\/\/auslaenderbehoerde.org\/impressum\/\",\"name\":\"Impressum - auslaenderbehoerde.org\",\"isPartOf\":{\"@id\":\"https:\/\/auslaenderbehoerde.org\/#website\"},\"datePublished\":\"2022-06-27T07:48:18+00:00\",\"dateModified\":\"2025-12-30T06:05:27+00:00\",\"breadcrumb\":{\"@id\":\"https:\/\/auslaenderbehoerde.org\/impressum\/#breadcrumb\"},\"inLanguage\":\"nl-NL\",\"potentialAction\":[{\"@type\":\"ReadAction\",\"target\":[\"https:\/\/auslaenderbehoerde.org\/impressum\/\"]}]},{\"@type\":\"BreadcrumbList\",\"@id\":\"https:\/\/auslaenderbehoerde.org\/impressum\/#breadcrumb\",\"itemListElement\":[{\"@type\":\"ListItem\",\"position\":1,\"name\":\"Startseite\",\"item\":\"https:\/\/auslaenderbehoerde.org\/\"},{\"@type\":\"ListItem\",\"position\":2,\"name\":\"Impressum\"}]},{\"@type\":\"WebSite\",\"@id\":\"https:\/\/auslaenderbehoerde.org\/#website\",\"url\":\"https:\/\/auslaenderbehoerde.org\/\",\"name\":\"auslaenderbehoerde.org\",\"description\":\"\",\"potentialAction\":[{\"@type\":\"SearchAction\",\"target\":{\"@type\":\"EntryPoint\",\"urlTemplate\":\"https:\/\/auslaenderbehoerde.org\/?s={search_term_string}\"},\"query-input\":{\"@type\":\"PropertyValueSpecification\",\"valueRequired\":true,\"valueName\":\"search_term_string\"}}],\"inLanguage\":\"nl-NL\"}]}<\/script>\n<!-- \/ Yoast SEO plugin. -->","yoast_head_json":{"title":"Afdruk - auslaenderbehoerde.org","robots":{"index":"noindex","follow":"follow"},"og_locale":"nl_NL","og_type":"article","og_title":"Impressum - auslaenderbehoerde.org","og_description":"Impressum Angaben gem\u00e4\u00df \u00a7 5 TMG: Petros Aslanakis 889\/850 Moo 5 Nong Prue, Bang Lamung Chon Buri 20150 Thailand Kontakt: E-Mail: post(at)auslaenderbehoerde.org Diese Webseite ist keine offizielle Webseite der Beh\u00f6rden.\u00a0 Bitte haben Sie Verst\u00e4ndnis, dass wir als Seitenbetreiber keinerlei Beratung vornehmen oder Informationen erteilen k\u00f6nnen. Haftungsausschluss (Disclaimer) Haftung f\u00fcr Inhalte Als Diensteanbieter sind wir gem\u00e4\u00df&hellip;&nbsp;Read More &raquo;Impressum","og_url":"https:\/\/auslaenderbehoerde.org\/nl\/afdruk\/","og_site_name":"auslaenderbehoerde.org","article_modified_time":"2025-12-30T06:05:27+00:00","twitter_card":"summary_large_image","twitter_misc":{"Geschatte leestijd":"2 minuten"},"schema":{"@context":"https:\/\/schema.org","@graph":[{"@type":"WebPage","@id":"https:\/\/auslaenderbehoerde.org\/impressum\/","url":"https:\/\/auslaenderbehoerde.org\/impressum\/","name":"Afdruk - auslaenderbehoerde.org","isPartOf":{"@id":"https:\/\/auslaenderbehoerde.org\/#website"},"datePublished":"2022-06-27T07:48:18+00:00","dateModified":"2025-12-30T06:05:27+00:00","breadcrumb":{"@id":"https:\/\/auslaenderbehoerde.org\/impressum\/#breadcrumb"},"inLanguage":"nl-NL","potentialAction":[{"@type":"ReadAction","target":["https:\/\/auslaenderbehoerde.org\/impressum\/"]}]},{"@type":"BreadcrumbList","@id":"https:\/\/auslaenderbehoerde.org\/impressum\/#breadcrumb","itemListElement":[{"@type":"ListItem","position":1,"name":"Startseite","item":"https:\/\/auslaenderbehoerde.org\/"},{"@type":"ListItem","position":2,"name":"Impressum"}]},{"@type":"WebSite","@id":"https:\/\/auslaenderbehoerde.org\/#website","url":"https:\/\/auslaenderbehoerde.org\/","name":"auslaenderbehoerde.org","description":"","potentialAction":[{"@type":"SearchAction","target":{"@type":"EntryPoint","urlTemplate":"https:\/\/auslaenderbehoerde.org\/?s={search_term_string}"},"query-input":{"@type":"PropertyValueSpecification","valueRequired":true,"valueName":"search_term_string"}}],"inLanguage":"nl-NL"}]}},"_links":{"self":[{"href":"https:\/\/auslaenderbehoerde.org\/nl\/wp-json\/wp\/v2\/pages\/20","targetHints":{"allow":["GET"]}}],"collection":[{"href":"https:\/\/auslaenderbehoerde.org\/nl\/wp-json\/wp\/v2\/pages"}],"about":[{"href":"https:\/\/auslaenderbehoerde.org\/nl\/wp-json\/wp\/v2\/types\/page"}],"author":[{"embeddable":true,"href":"https:\/\/auslaenderbehoerde.org\/nl\/wp-json\/wp\/v2\/users\/1"}],"replies":[{"embeddable":true,"href":"https:\/\/auslaenderbehoerde.org\/nl\/wp-json\/wp\/v2\/comments?post=20"}],"version-history":[{"count":3,"href":"https:\/\/auslaenderbehoerde.org\/nl\/wp-json\/wp\/v2\/pages\/20\/revisions"}],"predecessor-version":[{"id":2475,"href":"https:\/\/auslaenderbehoerde.org\/nl\/wp-json\/wp\/v2\/pages\/20\/revisions\/2475"}],"wp:attachment":[{"href":"https:\/\/auslaenderbehoerde.org\/nl\/wp-json\/wp\/v2\/media?parent=20"}],"curies":[{"name":"wp","href":"https:\/\/api.w.org\/{rel}","templated":true}]}}