{"id":27,"date":"2022-06-27T09:55:59","date_gmt":"2022-06-27T07:55:59","guid":{"rendered":"https:\/\/auslaenderbehoerde.org\/?page_id=27"},"modified":"2022-10-28T15:32:27","modified_gmt":"2022-10-28T13:32:27","slug":"auslaenderbehoerde","status":"publish","type":"page","link":"https:\/\/auslaenderbehoerde.org\/nl\/","title":{"rendered":"vreemdelingen Autoriteit"},"content":{"rendered":"<p>Buitenlanders die in Duitsland willen wonen en werken, moeten eerst contact opnemen met de immigratiedienst. Dit wordt ook wel het immigratiekantoor genoemd. Elke federale staat heeft zijn eigen gezag. Afhankelijk van het land van waaruit u Duitsland wilt binnenkomen, is een visum vereist. Dit kan ook aangevraagd worden bij de Dienst Vreemdelingenzaken.<\/p>\n<h2>Vind het verantwoordelijke immigratiekantoor<\/h2>\n<p>Hier is een uitgebreid overzicht van de <strong>adressen<\/strong>, <strong>contact details<\/strong>,<strong>\u00a0telefoonnummers en<\/strong>\u00a0<strong>openingstijden<\/strong> evenals andere nuttige informatie van de immigratieautoriteiten die voor u verantwoordelijk zijn.<\/p>\n<p>Selecteer uw deelstaat uit de lijst of voer de zoekterm in het zoekveld op onze homepage rechtsboven in.<\/p>\n<ul>\n<li><a href=\"https:\/\/auslaenderbehoerde.org\/nl\/immigratiediensten-in-baden-wuerttemberg\/\">Immigratie-autoriteiten in Baden-W\u00fcrttemberg<\/a><\/li>\n<li><a href=\"https:\/\/auslaenderbehoerde.org\/nl\/immigratiediensten-in-beieren\/\">Immigratie-autoriteiten in Beieren<\/a><\/li>\n<li><a href=\"https:\/\/auslaenderbehoerde.org\/nl\/immigratieautoriteiten-in-berlijn\/\">Immigratie-autoriteiten in Berlijn<\/a><\/li>\n<li><a href=\"https:\/\/auslaenderbehoerde.org\/nl\/immigratiedienst-in-brandenburg\/\">Immigratie-autoriteiten in Brandenburg<\/a><\/li>\n<li><a href=\"https:\/\/auslaenderbehoerde.org\/nl\/immigratie-autoriteiten-in-bremen\/\">Immigratie-autoriteiten in Bremen<\/a><\/li>\n<li><a href=\"https:\/\/auslaenderbehoerde.org\/nl\/immigratie-autoriteiten-in-hamburg\/\">Immigratie-autoriteiten in Hamburg<\/a><\/li>\n<li><a href=\"https:\/\/auslaenderbehoerde.org\/nl\/immigratiedienst-in-hessen\/\">Immigratie-autoriteiten in Hessen<\/a><\/li>\n<li><a href=\"https:\/\/auslaenderbehoerde.org\/nl\/immigratieautoriteiten-in-mecklenburg-vorpommern\/\">Immigratie-autoriteiten in Mecklenburg-Voor-Pommeren<\/a><\/li>\n<li><a href=\"https:\/\/auslaenderbehoerde.org\/nl\/immigratieautoriteiten-in-nedersaksen\/\">Immigratie-autoriteiten in Nedersaksen<\/a><\/li>\n<li><a href=\"https:\/\/auslaenderbehoerde.org\/nl\/immigratiediensten-in-noordrijn-westfalen\/\">Immigratieautoriteiten in Noordrijn-Westfalen<\/a><\/li>\n<li><a href=\"https:\/\/auslaenderbehoerde.org\/nl\/immigratiediensten-in-rijnland-palts\/\">Immigratie-autoriteiten in Rijnland-Palts<\/a><\/li>\n<li><a href=\"https:\/\/auslaenderbehoerde.org\/nl\/immigratieautoriteiten-in-saarland\/\">Immigratie-autoriteiten in Saarland<\/a><\/li>\n<li><a href=\"https:\/\/auslaenderbehoerde.org\/nl\/immigratie-autoriteiten-in-saksen\/\">Immigratie-autoriteiten in Saksen<\/a><\/li>\n<li><a href=\"https:\/\/auslaenderbehoerde.org\/nl\/immigratiediensten-in-saksen-anhalt\/\">Immigratieautoriteiten in Saksen-Anhalt<\/a><\/li>\n<li><a href=\"https:\/\/auslaenderbehoerde.org\/nl\/immigratiediensten-in-sleeswijk-holstein\/\">Immigratie-autoriteiten in Sleeswijk-Holstein<\/a><\/li>\n<li><a href=\"https:\/\/auslaenderbehoerde.org\/nl\/immigratiediensten-in-thueringen\/\">immigratiediensten in Th\u00fcringen<\/a><\/li>\n<\/ul>\n<p class=\"LC20lb DKV0Md\">Alle informatie zonder garantie en onder voorbehoud<\/p>\n<h2>In welke steden zijn immigratiediensten vertegenwoordigd?<\/h2>\n<p>Het immigratiekantoor is achter <a href=\"https:\/\/www.gesetze-im-internet.de\/aufenthg_2004\/__71.html\" target=\"_blank\" rel=\"noopener\">Sectie 71<\/a> Verblijfswet actief. Het regelt op verantwoorde wijze alle besluiten en maatregelen met betrekking tot het paspoort en het verblijfsrecht van vreemdelingen. De immigratiediensten beslissen of en hoe buitenlanders in de Bondsrepubliek kunnen wonen, werken en integreren. Elke deelstaat organiseert zijn eigen autoriteiten in verschillende steden. Er is een immigratiekantoor in elke wijk of stad.<\/p>\n<p>De immigratiekantoren zijn verantwoordelijk voor de handhaving van de immigratiewetgeving in overeenstemming met de wettelijke situatie. In sommige deelstaten hebben steden die behoren tot districten van een bepaalde omvang ook hun eigen immigratiedienst. De beslissing welke steden hun eigen immigratiediensten hebben, hangt af van de deelstaten.<\/p>\n<h2>Wat zijn de taken van de immigratiedienst?<\/h2>\n<p>Elke buitenlander die vanuit het buitenland Duitsland binnenkomt om daar te wonen en te werken, heeft er een nodig <a href=\"https:\/\/auslaenderbehoerde.org\/nl\/verblijfsvergunning\/\">verblijfsvergunning<\/a>. De immigratiedienst is het eerste adres voor buitenlanders die het land binnenkomen. Zij is verantwoordelijk voor het al dan niet verlenen van een verblijfsvergunning. Verder wordt zo nodig een vestigingsvergunning conform de Verblijfswet afgegeven met betrekking tot het gewenste verblijfsdoel of wordt een uitzetting gestart. Als de instructies van de immigratiedienst niet worden opgevolgd, kan de uitzetting worden gestart. Immigratie-instanties bieden niet alleen <a href=\"https:\/\/auslaenderbehoerde.org\/nl\/verblijfsvergunning-2\/\">verblijfsvergunning<\/a> maar ook vervangende paspoortpapieren als deze nodig zijn.<\/p>\n<p>De immigratiediensten zijn ook verantwoordelijk voor asielzoekers en ontheemden. Zij beslissen over verblijfsvergunningen en geven deze af als de beslissing positief is. Het Federaal Bureau voor Migratie en Vluchtelingen (BAMF) is dan verantwoordelijk voor de uitvoering van de asielprocedure. Zo ook voor de afgifte van reisdocumenten en tolerantie voor buitenlanders. De beslissing of aan de wettelijke vereisten voor gezinshereniging wordt voldaan, wordt ook door de BAMF genomen. De immigratiediensten zijn betrokken bij de afgifte van visa.<\/p>\n<p>De verantwoordelijkheid van de vreemdelingenautoriteit heeft ook betrekking op tal van andere taken. Het type en de duur van de verblijfsvergunning varieert sterk. Sommigen krijgen een tijdslimiet, anderen krijgen een afgewezen verblijfsvergunning en\/of krijgen een uitreisvergunning op grond van de Verblijfswet. De identiteit van de persoon moet worden opgehelderd als er een verplichting is om het land te verlaten. Deze en tal van andere activiteiten worden verwerkt door de Dienst Vreemdelingenzaken. Hieronder vindt u een overzicht van alle activiteiten die onder het toepassingsgebied van de immigratiedienst vallen:<\/p>\n<ul style=\"list-style-type: circle;\">\n<li>register<\/li>\n<li>asielprocedure<\/li>\n<li>vluchtelingenhulp<\/li>\n<li>sociale zekerheid<\/li>\n<li>inburgeringscursussen<\/li>\n<li>Organisatie en goedkeuring van binnenkomst en verblijf in Duitsland<\/li>\n<li>recht op een uitkering<\/li>\n<li>vergoeding en gezondheidszorg<\/li>\n<li>burgerlijke staat<\/li>\n<li>verbintenisverklaring<\/li>\n<li>accommodatie opties<\/li>\n<\/ul>\n<h3><span id=\"Wie_kann_ich_einen_Termin_beim_Jugendamt_vereinbaren\">Hoe kan ik een afspraak maken bij de Dienst Vreemdelingenzaken?<\/span><\/h3>\n<p>In de regel kunt u telefonisch, via het contactformulier of via het serviceportaal van de betreffende gemeente een afspraak maken. In sommige steden kun je verschillende online formulieren downloaden om belangrijke vragen vooraf te verduidelijken. Het adres en de openingstijden zijn online in te zien. Zorg ervoor dat u over alle benodigde documenten beschikt voordat u het bureau bezoekt.<\/p>\n<div class=\"su-note\"  style=\"border-color:#d1d1d0;border-radius:3px;-moz-border-radius:3px;-webkit-border-radius:3px;\"><div class=\"su-note-inner su-u-clearfix su-u-trim\" style=\"background-color:#ebebea;border-color:#ffffff;color:#444444;border-radius:3px;-moz-border-radius:3px;-webkit-border-radius:3px;\"><b>Een mededeling: <\/b>Voor kantoren en autoriteiten heeft u de documenten of certificaten meestal nodig als: <a href=\"https:\/\/tidd.ly\/3y8DKdr\" target=\"_blank\" rel=\"noopener\">be\u00ebdigde vertaling<\/a>*.<\/div><\/div>\n<p><strong>Verwacht u bezoekers uit het buitenland?<\/strong> Met een <a href=\"https:\/\/auslaenderbehoerde.org\/nl\/reisverzekering-voor-buitenlandse-gasten\/\">Reisverzekering voor buitenlandse gasten<\/a> profiteren van uitgebreide bescherming in Duitsland en Europa.<\/p>\n<h3>Staatswet regelt de lokale jurisdictie voor buitenlanders<\/h3>\n<p>De federale wet regelt niet de lokale jurisdictie voor een buitenlander. De aanvullende staatswet is hiervoor verantwoordelijk.<br \/>\nIn de regel is de gebruikelijke verblijfplaats verantwoordelijk voor uw lokale rechtsgebied.<\/p>\n<h3>Zo worden de besluiten in de landen ook daadwerkelijk uitgevoerd<\/h3>\n<p>Indien de BAMF een negatief besluit neemt en besluiten worden genomen die het verblijf be\u00ebindigen, dienen deze onverwijld te worden uitgevoerd. De immigratiediensten zijn verantwoordelijk voor de handhaving van deze beslissingen. De wettelijke vereisten die nodig zijn voor de uitzetting van de respectieve buitenlanders worden ook beoordeeld door de immigratieautoriteiten. Vluchten die aan de eisen voldoen, worden vervolgens geregistreerd door de verantwoordelijke autoriteiten. De betrokken rijkspolitie controleert vervolgens de daadwerkelijke uitvoering.<\/p>\n<p>Een uitzondering vormen de immigratiediensten in Noordrijn-Westfalen, die de status van bijzondere regelgevende instantie hebben in de zin van \u00a7 12 OBG. Dit betekent dat de immigratiediensten in Noordrijn-Westfalen arrestatiemaatregelen en uitzettingen kunnen uitvoeren met behulp van speciale handhavers in overeenstemming met artikel 62 van de verblijfswet. Volgens artikel 113 van het Wetboek van Strafrecht worden ze op dezelfde manier gelegitimeerd en beveiligd als wetshandhavers en politieagenten.<\/p>\n<p>Als buitenlanders die een studenten-, Schengen- of bezoekersvisum willen om naar Duitsland te reizen, moeten ze, afhankelijk van hun land van herkomst, een aanvraag indienen bij de verantwoordelijke vreemdelingenautoriteit <a href=\"https:\/\/auslaenderbehoerde.org\/nl\/verbintenisverklaring\/\">verbintenisverklaring<\/a> worden gegeven. Met de verklaring van verbintenis alvorens een visum af te geven, zorgen de immigratiediensten ervoor dat de bezoekers of degenen die hen uitnodigen alle kosten moeten dragen die zij zelf zullen maken tijdens hun verblijf in Duitsland.<\/p>\n<h3 id=\"customheading6\"><strong>Gerelateerde Links\u00a0<\/strong><\/h3>\n<ul style=\"list-style-type: circle;\">\n<li><a href=\"https:\/\/auslaenderbehoerde.org\/nl\/eerste-stappen-in-duitsland\/\">Eerste stappen in Duitsland<\/a><\/li>\n<\/ul>","protected":false},"excerpt":{"rendered":"<p>Buitenlanders die in Duitsland willen wonen en werken, moeten eerst contact opnemen met de immigratieautoriteiten. Dit wordt ook wel het immigratiekantoor genoemd. Voor elke deelstaat bestaat er een aparte autoriteit. Afhankelijk van vanuit welk land u Duitsland wilt binnenkomen, is een visum vereist. Dit kunt u ook aanvragen bij de immigratiedienst. Vind de\u2026&nbsp;<a href=\"https:\/\/auslaenderbehoerde.org\/nl\/\" rel=\"bookmark\">Lees verder \u00bb<span class=\"screen-reader-text\">vreemdelingen Autoriteit<\/span><\/a><\/p>","protected":false},"author":1,"featured_media":65,"parent":0,"menu_order":0,"comment_status":"closed","ping_status":"closed","template":"","meta":{"neve_meta_sidebar":"","neve_meta_container":"","neve_meta_enable_content_width":"off","neve_meta_content_width":100,"neve_meta_title_alignment":"","neve_meta_author_avatar":"","neve_post_elements_order":"","neve_meta_disable_header":"","neve_meta_disable_footer":"","neve_meta_disable_title":"","neve_meta_reading_time":"","footnotes":""},"class_list":["post-27","page","type-page","status-publish","has-post-thumbnail","hentry"],"yoast_head":"<!-- This site is optimized with the Yoast SEO plugin v26.6 - https:\/\/yoast.com\/wordpress\/plugins\/seo\/ -->\n<title>Ausl\u00e4nderbeh\u00f6rden in Deutschland - Aufgaben und Zust\u00e4ndigkeit<\/title>\n<meta name=\"description\" content=\"Hier finden Sie alle Adressen und Kontaktinformationen der Ausl\u00e4nder\u00e4mter oder auch Ausl\u00e4nderbeh\u00f6rden in Deutschland nach Bundesland geordnet\" \/>\n<meta name=\"robots\" content=\"index, follow, max-snippet:-1, max-image-preview:large, max-video-preview:-1\" \/>\n<link rel=\"canonical\" href=\"https:\/\/auslaenderbehoerde.org\/nl\/\" \/>\n<meta property=\"og:locale\" content=\"nl_NL\" \/>\n<meta property=\"og:type\" content=\"article\" \/>\n<meta property=\"og:title\" content=\"Ausl\u00e4nderbeh\u00f6rden in Deutschland - Aufgaben und Zust\u00e4ndigkeit\" \/>\n<meta property=\"og:description\" content=\"Hier finden Sie alle Adressen und Kontaktinformationen der Ausl\u00e4nder\u00e4mter oder auch Ausl\u00e4nderbeh\u00f6rden in Deutschland nach Bundesland geordnet\" \/>\n<meta property=\"og:url\" content=\"https:\/\/auslaenderbehoerde.org\/nl\/\" \/>\n<meta property=\"og:site_name\" content=\"auslaenderbehoerde.org\" \/>\n<meta property=\"article:modified_time\" content=\"2022-10-28T13:32:27+00:00\" \/>\n<meta property=\"og:image\" content=\"https:\/\/auslaenderbehoerde.org\/wp-content\/uploads\/2022\/06\/Ausla\u0308nderbeho\u0308rde-scaled-e1656327377843.jpeg\" \/>\n\t<meta property=\"og:image:width\" content=\"900\" \/>\n\t<meta property=\"og:image:height\" content=\"675\" \/>\n\t<meta property=\"og:image:type\" content=\"image\/jpeg\" \/>\n<meta name=\"twitter:card\" content=\"summary_large_image\" \/>\n<meta name=\"twitter:label1\" content=\"Geschatte leestijd\" \/>\n\t<meta name=\"twitter:data1\" content=\"5 minuten\" \/>\n<script type=\"application\/ld+json\" class=\"yoast-schema-graph\">{\"@context\":\"https:\/\/schema.org\",\"@graph\":[{\"@type\":\"WebPage\",\"@id\":\"https:\/\/auslaenderbehoerde.org\/\",\"url\":\"https:\/\/auslaenderbehoerde.org\/\",\"name\":\"Ausl\u00e4nderbeh\u00f6rden in Deutschland - Aufgaben und Zust\u00e4ndigkeit\",\"isPartOf\":{\"@id\":\"https:\/\/auslaenderbehoerde.org\/#website\"},\"primaryImageOfPage\":{\"@id\":\"https:\/\/auslaenderbehoerde.org\/#primaryimage\"},\"image\":{\"@id\":\"https:\/\/auslaenderbehoerde.org\/#primaryimage\"},\"thumbnailUrl\":\"https:\/\/auslaenderbehoerde.org\/wp-content\/uploads\/2022\/06\/Ausla\u0308nderbeho\u0308rde-scaled-e1656327377843.jpeg\",\"datePublished\":\"2022-06-27T07:55:59+00:00\",\"dateModified\":\"2022-10-28T13:32:27+00:00\",\"description\":\"Hier finden Sie alle Adressen und Kontaktinformationen der Ausl\u00e4nder\u00e4mter oder auch Ausl\u00e4nderbeh\u00f6rden in Deutschland nach Bundesland geordnet\",\"breadcrumb\":{\"@id\":\"https:\/\/auslaenderbehoerde.org\/#breadcrumb\"},\"inLanguage\":\"nl-NL\",\"potentialAction\":[{\"@type\":\"ReadAction\",\"target\":[\"https:\/\/auslaenderbehoerde.org\/\"]}]},{\"@type\":\"ImageObject\",\"inLanguage\":\"nl-NL\",\"@id\":\"https:\/\/auslaenderbehoerde.org\/#primaryimage\",\"url\":\"https:\/\/auslaenderbehoerde.org\/wp-content\/uploads\/2022\/06\/Ausla\u0308nderbeho\u0308rde-scaled-e1656327377843.jpeg\",\"contentUrl\":\"https:\/\/auslaenderbehoerde.org\/wp-content\/uploads\/2022\/06\/Ausla\u0308nderbeho\u0308rde-scaled-e1656327377843.jpeg\",\"width\":900,\"height\":675,\"caption\":\"Ausl\u00e4nderbeh\u00f6rde\"},{\"@type\":\"BreadcrumbList\",\"@id\":\"https:\/\/auslaenderbehoerde.org\/#breadcrumb\",\"itemListElement\":[{\"@type\":\"ListItem\",\"position\":1,\"name\":\"Startseite\",\"item\":\"https:\/\/auslaenderbehoerde.org\/\"},{\"@type\":\"ListItem\",\"position\":2,\"name\":\"Ausl\u00e4nderbeh\u00f6rde\"}]},{\"@type\":\"WebSite\",\"@id\":\"https:\/\/auslaenderbehoerde.org\/#website\",\"url\":\"https:\/\/auslaenderbehoerde.org\/\",\"name\":\"auslaenderbehoerde.org\",\"description\":\"\",\"potentialAction\":[{\"@type\":\"SearchAction\",\"target\":{\"@type\":\"EntryPoint\",\"urlTemplate\":\"https:\/\/auslaenderbehoerde.org\/?s={search_term_string}\"},\"query-input\":{\"@type\":\"PropertyValueSpecification\",\"valueRequired\":true,\"valueName\":\"search_term_string\"}}],\"inLanguage\":\"nl-NL\"}]}<\/script>\n<!-- \/ Yoast SEO plugin. -->","yoast_head_json":{"title":"Immigratie-autoriteiten in Duitsland - taken en verantwoordelijkheden","description":"Hier vindt u alle adressen en contactgegevens van de immigratiekantoren of immigratiediensten in Duitsland, gesorteerd op deelstaat","robots":{"index":"index","follow":"follow","max-snippet":"max-snippet:-1","max-image-preview":"max-image-preview:large","max-video-preview":"max-video-preview:-1"},"canonical":"https:\/\/auslaenderbehoerde.org\/nl\/","og_locale":"nl_NL","og_type":"article","og_title":"Ausl\u00e4nderbeh\u00f6rden in Deutschland - Aufgaben und Zust\u00e4ndigkeit","og_description":"Hier finden Sie alle Adressen und Kontaktinformationen der Ausl\u00e4nder\u00e4mter oder auch Ausl\u00e4nderbeh\u00f6rden in Deutschland nach Bundesland geordnet","og_url":"https:\/\/auslaenderbehoerde.org\/nl\/","og_site_name":"auslaenderbehoerde.org","article_modified_time":"2022-10-28T13:32:27+00:00","og_image":[{"width":900,"height":675,"url":"https:\/\/auslaenderbehoerde.org\/wp-content\/uploads\/2022\/06\/Ausla\u0308nderbeho\u0308rde-scaled-e1656327377843.jpeg","type":"image\/jpeg"}],"twitter_card":"summary_large_image","twitter_misc":{"Geschatte leestijd":"5 minuten"},"schema":{"@context":"https:\/\/schema.org","@graph":[{"@type":"WebPage","@id":"https:\/\/auslaenderbehoerde.org\/","url":"https:\/\/auslaenderbehoerde.org\/","name":"Immigratie-autoriteiten in Duitsland - taken en verantwoordelijkheden","isPartOf":{"@id":"https:\/\/auslaenderbehoerde.org\/#website"},"primaryImageOfPage":{"@id":"https:\/\/auslaenderbehoerde.org\/#primaryimage"},"image":{"@id":"https:\/\/auslaenderbehoerde.org\/#primaryimage"},"thumbnailUrl":"https:\/\/auslaenderbehoerde.org\/wp-content\/uploads\/2022\/06\/Ausla\u0308nderbeho\u0308rde-scaled-e1656327377843.jpeg","datePublished":"2022-06-27T07:55:59+00:00","dateModified":"2022-10-28T13:32:27+00:00","description":"Hier vindt u alle adressen en contactgegevens van de immigratiekantoren of immigratiediensten in Duitsland, gesorteerd op deelstaat","breadcrumb":{"@id":"https:\/\/auslaenderbehoerde.org\/#breadcrumb"},"inLanguage":"nl-NL","potentialAction":[{"@type":"ReadAction","target":["https:\/\/auslaenderbehoerde.org\/"]}]},{"@type":"ImageObject","inLanguage":"nl-NL","@id":"https:\/\/auslaenderbehoerde.org\/#primaryimage","url":"https:\/\/auslaenderbehoerde.org\/wp-content\/uploads\/2022\/06\/Ausla\u0308nderbeho\u0308rde-scaled-e1656327377843.jpeg","contentUrl":"https:\/\/auslaenderbehoerde.org\/wp-content\/uploads\/2022\/06\/Ausla\u0308nderbeho\u0308rde-scaled-e1656327377843.jpeg","width":900,"height":675,"caption":"Ausl\u00e4nderbeh\u00f6rde"},{"@type":"BreadcrumbList","@id":"https:\/\/auslaenderbehoerde.org\/#breadcrumb","itemListElement":[{"@type":"ListItem","position":1,"name":"Startseite","item":"https:\/\/auslaenderbehoerde.org\/"},{"@type":"ListItem","position":2,"name":"Ausl\u00e4nderbeh\u00f6rde"}]},{"@type":"WebSite","@id":"https:\/\/auslaenderbehoerde.org\/#website","url":"https:\/\/auslaenderbehoerde.org\/","name":"auslaenderbehoerde.org","description":"","potentialAction":[{"@type":"SearchAction","target":{"@type":"EntryPoint","urlTemplate":"https:\/\/auslaenderbehoerde.org\/?s={search_term_string}"},"query-input":{"@type":"PropertyValueSpecification","valueRequired":true,"valueName":"search_term_string"}}],"inLanguage":"nl-NL"}]}},"_links":{"self":[{"href":"https:\/\/auslaenderbehoerde.org\/nl\/wp-json\/wp\/v2\/pages\/27","targetHints":{"allow":["GET"]}}],"collection":[{"href":"https:\/\/auslaenderbehoerde.org\/nl\/wp-json\/wp\/v2\/pages"}],"about":[{"href":"https:\/\/auslaenderbehoerde.org\/nl\/wp-json\/wp\/v2\/types\/page"}],"author":[{"embeddable":true,"href":"https:\/\/auslaenderbehoerde.org\/nl\/wp-json\/wp\/v2\/users\/1"}],"replies":[{"embeddable":true,"href":"https:\/\/auslaenderbehoerde.org\/nl\/wp-json\/wp\/v2\/comments?post=27"}],"version-history":[{"count":10,"href":"https:\/\/auslaenderbehoerde.org\/nl\/wp-json\/wp\/v2\/pages\/27\/revisions"}],"predecessor-version":[{"id":1600,"href":"https:\/\/auslaenderbehoerde.org\/nl\/wp-json\/wp\/v2\/pages\/27\/revisions\/1600"}],"wp:featuredmedia":[{"embeddable":true,"href":"https:\/\/auslaenderbehoerde.org\/nl\/wp-json\/wp\/v2\/media\/65"}],"wp:attachment":[{"href":"https:\/\/auslaenderbehoerde.org\/nl\/wp-json\/wp\/v2\/media?parent=27"}],"curies":[{"name":"wp","href":"https:\/\/api.w.org\/{rel}","templated":true}]}}