{"id":32,"date":"2022-06-27T10:02:31","date_gmt":"2022-06-27T08:02:31","guid":{"rendered":"https:\/\/auslaenderbehoerde.org\/?page_id=32"},"modified":"2022-07-12T13:22:48","modified_gmt":"2022-07-12T11:22:48","slug":"auslaenderbehoerden-in-bayern","status":"publish","type":"page","link":"https:\/\/auslaenderbehoerde.org\/nl\/immigratiediensten-in-beieren\/","title":{"rendered":"Immigratie-autoriteiten in Beieren"},"content":{"rendered":"<p>Hier vindt u alle adressen, contactgegevens en openingstijden van de immigratiediensten of immigratiekantoren in<strong> Beieren.<\/strong><\/p>\n<p>In de deelstaat Beieren is er momenteel <strong>92 immigratiediensten<\/strong>die tot uw beschikking staan voor al uw vragen over uw zaken.<\/p>\n<h2><span id=\"Uebersicht_aller_Jobcenter_in_Baden-Wuerttemberg\" class=\"ez-toc-section\">Overzicht van de immigratiediensten in Beieren<\/span><\/h2>\n<p>Selecteer uit de lijst het immigratiekantoor of immigratiekantoor dat het dichtst bij uw woonplaats ligt.<\/p>\n<ul style=\"list-style-type: circle;\">\n<li><a href=\"https:\/\/auslaenderbehoerde.org\/nl\/immigratie-autoriteit-aichach\/\">Aichach<\/a><\/li>\n<li><a href=\"https:\/\/auslaenderbehoerde.org\/nl\/immigratiebureau-altoetting\/\">Altoetting<\/a><\/li>\n<li><a href=\"https:\/\/auslaenderbehoerde.org\/nl\/immigratie-autoriteiten-amberg\/\">Op de berg<\/a><\/li>\n<li><a href=\"https:\/\/auslaenderbehoerde.org\/nl\/immigratie-autoriteiten-ansbach\/\">Ansbach<\/a><\/li>\n<li><a href=\"https:\/\/auslaenderbehoerde.org\/nl\/immigratiedienst-augustus\/\">Augsburg<\/a><\/li>\n<li><a href=\"https:\/\/auslaenderbehoerde.org\/nl\/immigratie-autoriteiten-bad-brueckenau\/\">Bad Br\u00fcckenau<\/a><\/li>\n<li><a href=\"https:\/\/auslaenderbehoerde.org\/nl\/immigratiebureau-bad-kissingen\/\">Bad Kissingen<\/a><\/li>\n<li><a href=\"https:\/\/auslaenderbehoerde.org\/nl\/immigratiebureau-bad-neustadt-an-der-saale\/\">Bad Neustadt an der Saale<\/a><\/li>\n<li><a href=\"https:\/\/auslaenderbehoerde.org\/nl\/immigratiebureau-bad-reichenhall\/\">Bad Reichenhall<\/a><\/li>\n<li><a href=\"https:\/\/auslaenderbehoerde.org\/nl\/immigratieautoriteiten-bad-toelz\/\">Bad T\u00f6lz<\/a><\/li>\n<li><a href=\"https:\/\/auslaenderbehoerde.org\/nl\/immigratie-autoriteiten-bamberg\/\">Bamberg<\/a><\/li>\n<li><a href=\"https:\/\/auslaenderbehoerde.org\/nl\/buitenlandersautoriteit-bayreuth\/\">Bayreuth<\/a><\/li>\n<li><a href=\"https:\/\/auslaenderbehoerde.org\/nl\/immigratiebureau-bischofsheim-in-der-rhoen\/\">Bisschopswoning in de Rh\u00f6n<\/a><\/li>\n<li><a href=\"https:\/\/auslaenderbehoerde.org\/nl\/immigratie-autoriteiten-cham\/\">Cham<\/a><\/li>\n<li><a href=\"https:\/\/auslaenderbehoerde.org\/nl\/immigratie-autoriteiten-coburg\/\">Coburg<\/a><\/li>\n<li><a href=\"https:\/\/auslaenderbehoerde.org\/nl\/immigratie-autoriteiten-dachau\/\">Dachau<\/a><\/li>\n<li><a href=\"https:\/\/auslaenderbehoerde.org\/nl\/immigratie-autoriteiten-deggendorf\/\">Deggendorf<\/a><\/li>\n<li><a href=\"https:\/\/auslaenderbehoerde.org\/nl\/immigratiebureau-dillingen-an-der-donau\/\">Dillingen aan de Donau<\/a><\/li>\n<li><a href=\"https:\/\/auslaenderbehoerde.org\/nl\/immigratiekantoor-dinggolfing\/\">Dingolfen<\/a><\/li>\n<li><a href=\"https:\/\/auslaenderbehoerde.org\/nl\/immigratiedienst-donauwoerth\/\">Donauworth<\/a><\/li>\n<li><a href=\"https:\/\/auslaenderbehoerde.org\/nl\/immigratiebureau-ebersberg\/\">Ebersberg<\/a><\/li>\n<li><a href=\"https:\/\/auslaenderbehoerde.org\/nl\/immigratieautoriteit-eichstaett\/\">kalibratie<\/a><\/li>\n<li><a href=\"https:\/\/auslaenderbehoerde.org\/nl\/immigratie-autoriteiten-erding\/\">aarding<\/a><\/li>\n<li><a href=\"https:\/\/auslaenderbehoerde.org\/nl\/immigratie-autoriteit-erlangen\/\">verdienen<\/a><\/li>\n<li><a href=\"https:\/\/auslaenderbehoerde.org\/nl\/immigratiebureau-erlangen-hoechstadt\/\">Erlangen-H\u00f6chstadt<\/a><\/li>\n<li><a href=\"https:\/\/auslaenderbehoerde.org\/nl\/immigratiebureau-forchheim\/\">forchheim<\/a><\/li>\n<li><a href=\"https:\/\/auslaenderbehoerde.org\/nl\/immigratie-autoriteiten-freising\/\">vrijmaken<\/a><\/li>\n<li><a href=\"https:\/\/auslaenderbehoerde.org\/nl\/immigratie-autoriteiten-freyung\/\">Freyung<\/a><\/li>\n<li><a href=\"https:\/\/auslaenderbehoerde.org\/nl\/immigratiedienst-friedrichshafen\/\">Friedrichshafen<\/a><\/li>\n<li><a href=\"https:\/\/auslaenderbehoerde.org\/nl\/buitenlandersautoriteit-fuerstenfeldbruck\/\">F\u00fcrstenfeldbruck<\/a><\/li>\n<li><a href=\"https:\/\/auslaenderbehoerde.org\/nl\/immigratie-autoriteit-fuerth\/\">F\u00fcrth<\/a><\/li>\n<li><a href=\"https:\/\/auslaenderbehoerde.org\/nl\/immigratie-autoriteiten-garmisch-partenkirchen\/\">Garmisch Partenkirchen<\/a><\/li>\n<li><a href=\"https:\/\/auslaenderbehoerde.org\/nl\/immigratieautoriteit-ontkiemt\/\">Germering<\/a><\/li>\n<li><a href=\"https:\/\/auslaenderbehoerde.org\/nl\/immigratiedienst-guenzburg\/\">Guenzburg<\/a><\/li>\n<li><a href=\"https:\/\/auslaenderbehoerde.org\/nl\/immigratiebureau-hassfurt\/\">Hassfurt<\/a><\/li>\n<li><a href=\"https:\/\/auslaenderbehoerde.org\/nl\/immigratie-autoriteit-tuin\/\">rechtbank<\/a><\/li>\n<li><a href=\"https:\/\/auslaenderbehoerde.org\/nl\/immigratiedienst-illertissen\/\">Ziekten<\/a><\/li>\n<li><a href=\"https:\/\/auslaenderbehoerde.org\/nl\/immigratiedienst-ingolstadt\/\">Ingolstadt<\/a><\/li>\n<li><a href=\"https:\/\/auslaenderbehoerde.org\/nl\/immigratiedienst-karlstadt\/\">Karlstadt<\/a><\/li>\n<li><a href=\"https:\/\/auslaenderbehoerde.org\/nl\/immigratie-autoriteiten-kaufbeuren\/\">Kaufbeuren<\/a><\/li>\n<li><a href=\"https:\/\/auslaenderbehoerde.org\/nl\/immigratie-autoriteiten-kelheim\/\">Kelheim<\/a><\/li>\n<li><a href=\"https:\/\/auslaenderbehoerde.org\/nl\/immigratie-autoriteiten-kempten\/\">Kempten<\/a><\/li>\n<li><a href=\"https:\/\/auslaenderbehoerde.org\/nl\/immigratiedienst-kitzingen\/\">Kitzingen<\/a><\/li>\n<li><a href=\"https:\/\/auslaenderbehoerde.org\/nl\/immigratie-autoriteit-kroon\/\">Kronach<\/a><\/li>\n<li><a href=\"https:\/\/auslaenderbehoerde.org\/nl\/immigratie-autoriteiten-kulmbach\/\">Kulmbach<\/a><\/li>\n<li><a href=\"https:\/\/auslaenderbehoerde.org\/nl\/immigratiebureau-landsberg-am-lech\/\">Landsberg am Lech<\/a><\/li>\n<li><a href=\"https:\/\/auslaenderbehoerde.org\/nl\/immigratiebureau-landshut\/\">Landshut<\/a><\/li>\n<li><a href=\"https:\/\/auslaenderbehoerde.org\/nl\/immigratiebureau-lauf-an-der-pegnitz\/\">Ren op de Pegnitz<\/a><\/li>\n<li><a href=\"https:\/\/auslaenderbehoerde.org\/nl\/immigratieautoriteiten-geleid\/\">Loop<\/a><\/li>\n<li><a href=\"https:\/\/auslaenderbehoerde.org\/nl\/buitenlandersautoriteit-lichtenfels\/\">Lichtenfels<\/a><\/li>\n<li><a href=\"https:\/\/auslaenderbehoerde.org\/nl\/immigratie-autoriteit-lindau\/\">Lindau<\/a><\/li>\n<li><a href=\"https:\/\/auslaenderbehoerde.org\/nl\/buitenlandersautoriteit-marktoberdorf\/\">Marktoberdorf<\/a><\/li>\n<li><a href=\"https:\/\/auslaenderbehoerde.org\/nl\/immigratie-autoriteiten-memmingen\/\">memmingen<\/a><\/li>\n<li><a href=\"https:\/\/auslaenderbehoerde.org\/nl\/immigratiebureau-miesbach\/\">Miesbach<\/a><\/li>\n<li><a href=\"https:\/\/auslaenderbehoerde.org\/nl\/immigratie-autoriteit-mindelheim\/\">Mindelheim<\/a><\/li>\n<li><a href=\"https:\/\/auslaenderbehoerde.org\/nl\/immigratiekantoor-muehldorf-am-inn\/\">M\u00fchldorf am Inn<\/a><\/li>\n<li><a href=\"https:\/\/auslaenderbehoerde.org\/nl\/immigratie-autoriteiten-muenchen\/\">M\u00fcnchen<\/a><\/li>\n<li><a href=\"https:\/\/auslaenderbehoerde.org\/nl\/immigratie-autoriteiten-neu-ulm\/\">Neu-Ulm<\/a><\/li>\n<li><a href=\"https:\/\/auslaenderbehoerde.org\/nl\/immigratiebureau-neuburg-an-der-donau\/\">Neuburg aan de Donau<\/a><\/li>\n<li><a href=\"https:\/\/auslaenderbehoerde.org\/nl\/immigratiebureau-neumarkt-id-opf\/\">Neumarkt idOPf.<\/a><\/li>\n<li><a href=\"https:\/\/auslaenderbehoerde.org\/nl\/immigratie-autoriteiten-neustadt-an-der-aisch\/\">Neustadt an der Aisch<\/a><\/li>\n<li><a href=\"https:\/\/auslaenderbehoerde.org\/nl\/immigratiebureau-neustadt-an-der-waldnaab\/\">Neustadt an der Waldnaab<\/a><\/li>\n<li><a href=\"https:\/\/auslaenderbehoerde.org\/nl\/immigratiebureau-neustadt-bei-coburg\/\">Neustadt bij Coburg<\/a><\/li>\n<li><a href=\"https:\/\/auslaenderbehoerde.org\/nl\/immigratiedienst-nuernberg\/\">Neurenberg<\/a><\/li>\n<li><a href=\"https:\/\/auslaenderbehoerde.org\/nl\/buitenlandersautoriteit-obermaiselstein\/\">Obermaiselstein<\/a><\/li>\n<li><a href=\"https:\/\/auslaenderbehoerde.org\/nl\/immigratiebureau-ochsenfurt\/\">Ossenfurt<\/a><\/li>\n<li><a href=\"https:\/\/auslaenderbehoerde.org\/nl\/immigratie-autoriteit-passau\/\">Passau<\/a><\/li>\n<li><a href=\"https:\/\/auslaenderbehoerde.org\/nl\/immigratiebureau-pfaffenhofen-an-der-ilm\/\">Pfaffenhofen aan de Ilm<\/a><\/li>\n<li><a href=\"https:\/\/auslaenderbehoerde.org\/nl\/immigratie-autoriteiten-pfarrkirchen\/\">parochie kerken<\/a><\/li>\n<li><a href=\"https:\/\/auslaenderbehoerde.org\/nl\/immigratiedienst-regensburg\/\">regensburg<\/a><\/li>\n<li><a href=\"https:\/\/auslaenderbehoerde.org\/nl\/immigratie-autoriteiten-rosenheim\/\">Rosenheim<\/a><\/li>\n<li><a href=\"https:\/\/auslaenderbehoerde.org\/nl\/immigratie-autoriteiten-roth\/\">Roth<\/a><\/li>\n<li><a href=\"https:\/\/auslaenderbehoerde.org\/nl\/immigratiebureau-rothenburg-ob-der-tauber\/\">Rothenburg ob der Tauber<\/a><\/li>\n<li><a href=\"https:\/\/auslaenderbehoerde.org\/nl\/immigratiebureau-shongau\/\">Schongau<\/a><\/li>\n<li><a href=\"https:\/\/auslaenderbehoerde.org\/nl\/immigratiedienst-schwabach\/\">Schwabach<\/a><\/li>\n<li><a href=\"https:\/\/auslaenderbehoerde.org\/nl\/immigratiedienst-schwandorf\/\">Schwandorf<\/a><\/li>\n<li><a href=\"https:\/\/auslaenderbehoerde.org\/nl\/immigratiebureau-schweinfurt\/\">Schweinfurt<\/a><\/li>\n<li><a href=\"https:\/\/auslaenderbehoerde.org\/nl\/immigratiebureau-sonhofen\/\">Sonthofen<\/a><\/li>\n<li><a href=\"https:\/\/auslaenderbehoerde.org\/nl\/estafettesteen-van-de-immigratiedienst\/\">Staffelstein<\/a><\/li>\n<li><a href=\"https:\/\/auslaenderbehoerde.org\/nl\/buitenlandersautoriteit-starnberg\/\">Sterrenberg<\/a><\/li>\n<li><a href=\"https:\/\/auslaenderbehoerde.org\/nl\/immigratie-autoriteiten-straubing\/\">Straubing<\/a><\/li>\n<li><a href=\"https:\/\/auslaenderbehoerde.org\/nl\/immigratiebureau-tirschenreuth\/\">Tirschenreuth<\/a><\/li>\n<li><a href=\"https:\/\/auslaenderbehoerde.org\/nl\/buitenlandersautoriteit-traunstein\/\">Traunstein<\/a><\/li>\n<li><a href=\"https:\/\/auslaenderbehoerde.org\/nl\/immigratiebureau-unterschleissheim\/\">Unterschleissheim<\/a><\/li>\n<li><a href=\"https:\/\/auslaenderbehoerde.org\/nl\/immigratie-autoriteit-waal\/\">walvis<\/a><\/li>\n<li><a href=\"https:\/\/auslaenderbehoerde.org\/nl\/immigratiebureau-weiden-in-opper-palts\/\">Weiden in de Opper-Palts<\/a><\/li>\n<li><a href=\"https:\/\/auslaenderbehoerde.org\/nl\/immigratiedienst-weidenberg\/\">Weidenberg<\/a><\/li>\n<li><a href=\"https:\/\/auslaenderbehoerde.org\/nl\/immigratie-autoriteiten-weilheim\/\">Weilheim<\/a><\/li>\n<li><a href=\"https:\/\/auslaenderbehoerde.org\/nl\/immigratiedienst-weissenburg\/\">Weissenburg<\/a><\/li>\n<li><a href=\"https:\/\/auslaenderbehoerde.org\/nl\/immigratieautoriteit-wunsiedel\/\">Wunsiedel<\/a><\/li>\n<li><a href=\"https:\/\/auslaenderbehoerde.org\/nl\/immigratiedienst-wuerzburg\/\">W\u00fcrzburg<\/a><\/li>\n<li><a href=\"https:\/\/auslaenderbehoerde.org\/nl\/immigratie-autoriteiten-zirndorf\/\">Zirndorf<\/a><\/li>\n<\/ul>\n<p>Alle informatie zonder garantie en onder voorbehoud<\/p>\n<h2><span class=\"ez-toc-section\">Immigratieautoriteiten in Beieren<\/span><span class=\"ez-toc-section\">\u00a0\u2013 <\/span>plichten en verantwoordelijkheden<\/h2>\n<p>De immigratiedienst is het eerste adres voor buitenlanders die het land binnenkomen. Het is verantwoordelijk voor het verlenen of weigeren van een <a href=\"https:\/\/auslaenderbehoerde.org\/nl\/verblijfsvergunning\/\">verblijfsvergunning<\/a>. De immigratiekantoren zijn verantwoordelijk voor de handhaving van de immigratiewetgeving in overeenstemming met de wettelijke situatie. Zij zijn ook verantwoordelijk voor asielzoekers en ontheemden.<\/p>\n<p>De immigratiedienst beslist <a href=\"https:\/\/auslaenderbehoerde.org\/nl\/verblijfsvergunning-2\/\">verblijfsvergunning<\/a> en geeft deze af als de beslissing positief is. Daarnaast kan op grond van de Verblijfswet een vestigingsvergunning worden verleend met betrekking tot het gewenste verblijfsdoel of kan uitzetting worden gestart.<\/p>\n<p>De verantwoordelijkheid van de vreemdelingenautoriteit strekt zich ook uit tot vele andere taken. Het type en de duur van de verblijfsvergunning lopen sterk uiteen. Sommigen krijgen een termijn, anderen krijgen geen verblijfsvergunning en\/of krijgen een uitreisvergunning op grond van de Verblijfswet.<\/p>\n<p>De immigratiedienst is ermee bezig <a href=\"https:\/\/www.gesetze-im-internet.de\/aufenthg_2004\/__71.html\" target=\"_blank\" rel=\"noopener\">Sectie 71<\/a> Woonplaats G. De autoriteit is verantwoordelijk voor het reguleren van alle besluiten en maatregelen die van invloed zijn op het paspoort en het verblijfsrecht van vreemdelingen.<\/p>\n<p><strong>Overige werkzaamheden die binnen het verantwoordelijkheidsgebied van de immigratiedienst vallen:<\/strong><\/p>\n<ul style=\"list-style-type: circle;\">\n<li>asielprocedure<\/li>\n<li>vluchtelingenhulp<\/li>\n<li>sociale zekerheid<\/li>\n<li>inburgeringscursussen<\/li>\n<li>Organisatie en goedkeuring van binnenkomst en verblijf in Duitsland<\/li>\n<li>recht op een uitkering<\/li>\n<li>vergoeding en gezondheidszorg<\/li>\n<li>burgerlijke staat<\/li>\n<li><a href=\"https:\/\/auslaenderbehoerde.org\/nl\/verbintenisverklaring\/\">verbintenisverklaring<\/a><\/li>\n<li>accommodatie opties<\/li>\n<li>register<\/li>\n<\/ul>\n<h3>afspraak met de verantwoordelijke <span class=\"ez-toc-section\">vreemdelingen Autoriteit<\/span><\/h3>\n<p>Over het algemeen kunt u telefonisch, via het contactformulier of via het serviceportaal van de betreffende gemeente een afspraak maken. In sommige steden kun je verschillende online formulieren downloaden om belangrijke vragen vooraf te verduidelijken. Het adres en de openingstijden zijn online in te zien. Zorg ervoor dat je alle benodigde documenten hebt ingevuld voordat je naar de immigratiedienst gaat.<\/p>\n<div class=\"su-note\"  style=\"border-color:#d1d1d0;border-radius:3px;-moz-border-radius:3px;-webkit-border-radius:3px;\"><div class=\"su-note-inner su-u-clearfix su-u-trim\" style=\"background-color:#ebebea;border-color:#ffffff;color:#444444;border-radius:3px;-moz-border-radius:3px;-webkit-border-radius:3px;\"><b>Een mededeling: <\/b>Voor kantoren en autoriteiten heeft u de documenten of certificaten meestal nodig als: <a href=\"https:\/\/tidd.ly\/3y8DKdr\" target=\"_blank\" rel=\"noopener\">be\u00ebdigde vertaling<\/a>*.<\/div><\/div>\n<p><strong>Verwacht u bezoekers uit het buitenland?<\/strong> Met een <a href=\"https:\/\/auslaenderbehoerde.org\/nl\/reisverzekering-voor-buitenlandse-gasten\/\">Reisverzekering voor buitenlandse gasten<\/a> profiteren van uitgebreide bescherming in Duitsland en Europa.<\/p>\n<h3>Verder <span class=\"ez-toc-section\">Immigratie-autoriteiten en informatie<\/span><\/h3>\n<ul style=\"list-style-type: circle;\">\n<li><a href=\"https:\/\/auslaenderbehoerde.org\/nl\/\">Immigratie-autoriteiten in Duitsland<\/a><\/li>\n<li><a href=\"https:\/\/auslaenderbehoerde.org\/nl\/\">Eerste stappen in Duitsland<\/a><\/li>\n<\/ul>","protected":false},"excerpt":{"rendered":"<p>Hier vindt u alle adressen, contactinformatie en openingstijden van de immigratieautoriteiten of immigratiekantoren in Beieren. Er zijn momenteel 92 immigratieautoriteiten in de deelstaat Beieren die beschikbaar zijn om al uw vragen in verband met uw zaken te beantwoorden. Overzicht van de immigratieautoriteiten in Beieren Selecteer de immigratieautoriteit of het immigratiekantoor dat overeenkomt met uw...&nbsp;<a href=\"https:\/\/auslaenderbehoerde.org\/nl\/immigratiediensten-in-beieren\/\" rel=\"bookmark\">Lees verder \u00bb<span class=\"screen-reader-text\">Immigratie-autoriteiten in Beieren<\/span><\/a><\/p>","protected":false},"author":1,"featured_media":65,"parent":0,"menu_order":0,"comment_status":"closed","ping_status":"closed","template":"","meta":{"neve_meta_sidebar":"","neve_meta_container":"","neve_meta_enable_content_width":"off","neve_meta_content_width":100,"neve_meta_title_alignment":"","neve_meta_author_avatar":"","neve_post_elements_order":"","neve_meta_disable_header":"","neve_meta_disable_footer":"","neve_meta_disable_title":"","neve_meta_reading_time":"","footnotes":""},"class_list":["post-32","page","type-page","status-publish","has-post-thumbnail","hentry"],"yoast_head":"<!-- This site is optimized with the Yoast SEO plugin v26.6 - https:\/\/yoast.com\/wordpress\/plugins\/seo\/ -->\n<title>Ausl\u00e4nderbeh\u00f6rden in Bayern | Adressen, Kontakt und Anschrift<\/title>\n<meta name=\"description\" content=\"Hier finden Sie alle Adressen und Kontaktinformationen der Ausl\u00e4nder\u00e4mter oder auch Ausl\u00e4nderbeh\u00f6rden in Bayern\" \/>\n<meta name=\"robots\" content=\"index, follow, max-snippet:-1, max-image-preview:large, max-video-preview:-1\" \/>\n<link rel=\"canonical\" href=\"https:\/\/auslaenderbehoerde.org\/nl\/immigratiediensten-in-beieren\/\" \/>\n<meta property=\"og:locale\" content=\"nl_NL\" \/>\n<meta property=\"og:type\" content=\"article\" \/>\n<meta property=\"og:title\" content=\"Ausl\u00e4nderbeh\u00f6rden in Bayern | Adressen, Kontakt und Anschrift\" \/>\n<meta property=\"og:description\" content=\"Hier finden Sie alle Adressen und Kontaktinformationen der Ausl\u00e4nder\u00e4mter oder auch Ausl\u00e4nderbeh\u00f6rden in Bayern\" \/>\n<meta property=\"og:url\" content=\"https:\/\/auslaenderbehoerde.org\/nl\/immigratiediensten-in-beieren\/\" \/>\n<meta property=\"og:site_name\" content=\"auslaenderbehoerde.org\" \/>\n<meta property=\"article:modified_time\" content=\"2022-07-12T11:22:48+00:00\" \/>\n<meta property=\"og:image\" content=\"https:\/\/auslaenderbehoerde.org\/wp-content\/uploads\/2022\/06\/Ausla\u0308nderbeho\u0308rde-scaled-e1656327377843.jpeg\" \/>\n\t<meta property=\"og:image:width\" content=\"900\" \/>\n\t<meta property=\"og:image:height\" content=\"675\" \/>\n\t<meta property=\"og:image:type\" content=\"image\/jpeg\" \/>\n<meta name=\"twitter:card\" content=\"summary_large_image\" \/>\n<meta name=\"twitter:label1\" content=\"Geschatte leestijd\" \/>\n\t<meta name=\"twitter:data1\" content=\"3 minuten\" \/>\n<script type=\"application\/ld+json\" class=\"yoast-schema-graph\">{\"@context\":\"https:\/\/schema.org\",\"@graph\":[{\"@type\":\"WebPage\",\"@id\":\"https:\/\/auslaenderbehoerde.org\/auslaenderbehoerden-in-bayern\/\",\"url\":\"https:\/\/auslaenderbehoerde.org\/auslaenderbehoerden-in-bayern\/\",\"name\":\"Ausl\u00e4nderbeh\u00f6rden in Bayern | Adressen, Kontakt und Anschrift\",\"isPartOf\":{\"@id\":\"https:\/\/auslaenderbehoerde.org\/#website\"},\"primaryImageOfPage\":{\"@id\":\"https:\/\/auslaenderbehoerde.org\/auslaenderbehoerden-in-bayern\/#primaryimage\"},\"image\":{\"@id\":\"https:\/\/auslaenderbehoerde.org\/auslaenderbehoerden-in-bayern\/#primaryimage\"},\"thumbnailUrl\":\"https:\/\/auslaenderbehoerde.org\/wp-content\/uploads\/2022\/06\/Ausla\u0308nderbeho\u0308rde-scaled-e1656327377843.jpeg\",\"datePublished\":\"2022-06-27T08:02:31+00:00\",\"dateModified\":\"2022-07-12T11:22:48+00:00\",\"description\":\"Hier finden Sie alle Adressen und Kontaktinformationen der Ausl\u00e4nder\u00e4mter oder auch Ausl\u00e4nderbeh\u00f6rden in Bayern\",\"breadcrumb\":{\"@id\":\"https:\/\/auslaenderbehoerde.org\/auslaenderbehoerden-in-bayern\/#breadcrumb\"},\"inLanguage\":\"nl-NL\",\"potentialAction\":[{\"@type\":\"ReadAction\",\"target\":[\"https:\/\/auslaenderbehoerde.org\/auslaenderbehoerden-in-bayern\/\"]}]},{\"@type\":\"ImageObject\",\"inLanguage\":\"nl-NL\",\"@id\":\"https:\/\/auslaenderbehoerde.org\/auslaenderbehoerden-in-bayern\/#primaryimage\",\"url\":\"https:\/\/auslaenderbehoerde.org\/wp-content\/uploads\/2022\/06\/Ausla\u0308nderbeho\u0308rde-scaled-e1656327377843.jpeg\",\"contentUrl\":\"https:\/\/auslaenderbehoerde.org\/wp-content\/uploads\/2022\/06\/Ausla\u0308nderbeho\u0308rde-scaled-e1656327377843.jpeg\",\"width\":900,\"height\":675,\"caption\":\"Ausl\u00e4nderbeh\u00f6rde\"},{\"@type\":\"BreadcrumbList\",\"@id\":\"https:\/\/auslaenderbehoerde.org\/auslaenderbehoerden-in-bayern\/#breadcrumb\",\"itemListElement\":[{\"@type\":\"ListItem\",\"position\":1,\"name\":\"Startseite\",\"item\":\"https:\/\/auslaenderbehoerde.org\/\"},{\"@type\":\"ListItem\",\"position\":2,\"name\":\"Ausl\u00e4nderbeh\u00f6rden in Bayern\"}]},{\"@type\":\"WebSite\",\"@id\":\"https:\/\/auslaenderbehoerde.org\/#website\",\"url\":\"https:\/\/auslaenderbehoerde.org\/\",\"name\":\"auslaenderbehoerde.org\",\"description\":\"\",\"potentialAction\":[{\"@type\":\"SearchAction\",\"target\":{\"@type\":\"EntryPoint\",\"urlTemplate\":\"https:\/\/auslaenderbehoerde.org\/?s={search_term_string}\"},\"query-input\":{\"@type\":\"PropertyValueSpecification\",\"valueRequired\":true,\"valueName\":\"search_term_string\"}}],\"inLanguage\":\"nl-NL\"}]}<\/script>\n<!-- \/ Yoast SEO plugin. -->","yoast_head_json":{"title":"Immigratieautoriteiten in Beieren | Adressen, contact- en postadres","description":"Hier vindt u alle adressen en contactgegevens van de immigratiebureaus of immigratieautoriteiten in Beieren","robots":{"index":"index","follow":"follow","max-snippet":"max-snippet:-1","max-image-preview":"max-image-preview:large","max-video-preview":"max-video-preview:-1"},"canonical":"https:\/\/auslaenderbehoerde.org\/nl\/immigratiediensten-in-beieren\/","og_locale":"nl_NL","og_type":"article","og_title":"Ausl\u00e4nderbeh\u00f6rden in Bayern | Adressen, Kontakt und Anschrift","og_description":"Hier finden Sie alle Adressen und Kontaktinformationen der Ausl\u00e4nder\u00e4mter oder auch Ausl\u00e4nderbeh\u00f6rden in Bayern","og_url":"https:\/\/auslaenderbehoerde.org\/nl\/immigratiediensten-in-beieren\/","og_site_name":"auslaenderbehoerde.org","article_modified_time":"2022-07-12T11:22:48+00:00","og_image":[{"width":900,"height":675,"url":"https:\/\/auslaenderbehoerde.org\/wp-content\/uploads\/2022\/06\/Ausla\u0308nderbeho\u0308rde-scaled-e1656327377843.jpeg","type":"image\/jpeg"}],"twitter_card":"summary_large_image","twitter_misc":{"Geschatte leestijd":"3 minuten"},"schema":{"@context":"https:\/\/schema.org","@graph":[{"@type":"WebPage","@id":"https:\/\/auslaenderbehoerde.org\/auslaenderbehoerden-in-bayern\/","url":"https:\/\/auslaenderbehoerde.org\/auslaenderbehoerden-in-bayern\/","name":"Immigratieautoriteiten in Beieren | Adressen, contact- en postadres","isPartOf":{"@id":"https:\/\/auslaenderbehoerde.org\/#website"},"primaryImageOfPage":{"@id":"https:\/\/auslaenderbehoerde.org\/auslaenderbehoerden-in-bayern\/#primaryimage"},"image":{"@id":"https:\/\/auslaenderbehoerde.org\/auslaenderbehoerden-in-bayern\/#primaryimage"},"thumbnailUrl":"https:\/\/auslaenderbehoerde.org\/wp-content\/uploads\/2022\/06\/Ausla\u0308nderbeho\u0308rde-scaled-e1656327377843.jpeg","datePublished":"2022-06-27T08:02:31+00:00","dateModified":"2022-07-12T11:22:48+00:00","description":"Hier vindt u alle adressen en contactgegevens van de immigratiebureaus of immigratieautoriteiten in Beieren","breadcrumb":{"@id":"https:\/\/auslaenderbehoerde.org\/auslaenderbehoerden-in-bayern\/#breadcrumb"},"inLanguage":"nl-NL","potentialAction":[{"@type":"ReadAction","target":["https:\/\/auslaenderbehoerde.org\/auslaenderbehoerden-in-bayern\/"]}]},{"@type":"ImageObject","inLanguage":"nl-NL","@id":"https:\/\/auslaenderbehoerde.org\/auslaenderbehoerden-in-bayern\/#primaryimage","url":"https:\/\/auslaenderbehoerde.org\/wp-content\/uploads\/2022\/06\/Ausla\u0308nderbeho\u0308rde-scaled-e1656327377843.jpeg","contentUrl":"https:\/\/auslaenderbehoerde.org\/wp-content\/uploads\/2022\/06\/Ausla\u0308nderbeho\u0308rde-scaled-e1656327377843.jpeg","width":900,"height":675,"caption":"Ausl\u00e4nderbeh\u00f6rde"},{"@type":"BreadcrumbList","@id":"https:\/\/auslaenderbehoerde.org\/auslaenderbehoerden-in-bayern\/#breadcrumb","itemListElement":[{"@type":"ListItem","position":1,"name":"Startseite","item":"https:\/\/auslaenderbehoerde.org\/"},{"@type":"ListItem","position":2,"name":"Ausl\u00e4nderbeh\u00f6rden in Bayern"}]},{"@type":"WebSite","@id":"https:\/\/auslaenderbehoerde.org\/#website","url":"https:\/\/auslaenderbehoerde.org\/","name":"auslaenderbehoerde.org","description":"","potentialAction":[{"@type":"SearchAction","target":{"@type":"EntryPoint","urlTemplate":"https:\/\/auslaenderbehoerde.org\/?s={search_term_string}"},"query-input":{"@type":"PropertyValueSpecification","valueRequired":true,"valueName":"search_term_string"}}],"inLanguage":"nl-NL"}]}},"_links":{"self":[{"href":"https:\/\/auslaenderbehoerde.org\/nl\/wp-json\/wp\/v2\/pages\/32","targetHints":{"allow":["GET"]}}],"collection":[{"href":"https:\/\/auslaenderbehoerde.org\/nl\/wp-json\/wp\/v2\/pages"}],"about":[{"href":"https:\/\/auslaenderbehoerde.org\/nl\/wp-json\/wp\/v2\/types\/page"}],"author":[{"embeddable":true,"href":"https:\/\/auslaenderbehoerde.org\/nl\/wp-json\/wp\/v2\/users\/1"}],"replies":[{"embeddable":true,"href":"https:\/\/auslaenderbehoerde.org\/nl\/wp-json\/wp\/v2\/comments?post=32"}],"version-history":[{"count":10,"href":"https:\/\/auslaenderbehoerde.org\/nl\/wp-json\/wp\/v2\/pages\/32\/revisions"}],"predecessor-version":[{"id":1023,"href":"https:\/\/auslaenderbehoerde.org\/nl\/wp-json\/wp\/v2\/pages\/32\/revisions\/1023"}],"wp:featuredmedia":[{"embeddable":true,"href":"https:\/\/auslaenderbehoerde.org\/nl\/wp-json\/wp\/v2\/media\/65"}],"wp:attachment":[{"href":"https:\/\/auslaenderbehoerde.org\/nl\/wp-json\/wp\/v2\/media?parent=32"}],"curies":[{"name":"wp","href":"https:\/\/api.w.org\/{rel}","templated":true}]}}