{"id":58,"date":"2022-06-27T10:06:50","date_gmt":"2022-06-27T08:06:50","guid":{"rendered":"https:\/\/auslaenderbehoerde.org\/?page_id=58"},"modified":"2022-07-15T12:58:38","modified_gmt":"2022-07-15T10:58:38","slug":"auslaenderbehoerden-in-schleswig-holstein","status":"publish","type":"page","link":"https:\/\/auslaenderbehoerde.org\/nl\/immigratiediensten-in-sleeswijk-holstein\/","title":{"rendered":"Immigratie-autoriteiten in Sleeswijk-Holstein"},"content":{"rendered":"<p>Hier vindt u alle adressen, contactgegevens en openingstijden van de immigratiediensten of immigratiekantoren in<strong> Sleeswijk Holstein.<\/strong><\/p>\n<p>In de deelstaat Sleeswijk-Holstein is er momenteel <strong>17 immigratiediensten<\/strong>die tot uw beschikking staan voor al uw vragen over uw zaken.<\/p>\n<h2><span id=\"Uebersicht_aller_Jobcenter_in_Baden-Wuerttemberg\" class=\"ez-toc-section\">Overzicht van de immigratiediensten in Sleeswijk-Holstein<\/span><\/h2>\n<p>Selecteer uit de lijst het immigratiekantoor of immigratiekantoor dat het dichtst bij uw woonplaats ligt.<\/p>\n<ul style=\"list-style-type: circle;\">\n<li><a href=\"https:\/\/auslaenderbehoerde.org\/nl\/immigratiebureau-bad-oldesloe\/\">Slechte Oldesloe<\/a><\/li>\n<li><a href=\"https:\/\/auslaenderbehoerde.org\/nl\/immigratiedienst-bad-segeberg\/\">Bad Segeberg<\/a><\/li>\n<li><a href=\"https:\/\/auslaenderbehoerde.org\/nl\/immigratie-autoriteit-elmshorn\/\">Elmshorn<\/a><\/li>\n<li><a href=\"https:\/\/auslaenderbehoerde.org\/nl\/immigratie-autoriteit-eutin\/\">Eutin<\/a><\/li>\n<li><a href=\"https:\/\/auslaenderbehoerde.org\/nl\/immigratiedienst-flensburg\/\">Flensburg<\/a><\/li>\n<li><a href=\"https:\/\/auslaenderbehoerde.org\/nl\/immigratie-autoriteiten-heide\/\">heidens-<\/a><\/li>\n<li><a href=\"https:\/\/auslaenderbehoerde.org\/nl\/immigratie-autoriteit-husum\/\">huis<\/a><\/li>\n<li><a href=\"https:\/\/auslaenderbehoerde.org\/nl\/immigratie-autoriteit-itzehoe\/\">Itzehoe<\/a><\/li>\n<li><a href=\"https:\/\/auslaenderbehoerde.org\/nl\/immigratie-autoriteiten-kiel\/\">kiel<\/a><\/li>\n<li><a href=\"https:\/\/auslaenderbehoerde.org\/nl\/immigratiedienst-luebeck\/\">L\u00fcbeck<\/a><\/li>\n<li><a href=\"https:\/\/auslaenderbehoerde.org\/nl\/immigratieautoriteit-neumuenster\/\">Neum\u00fcnster<\/a><\/li>\n<li><a href=\"https:\/\/auslaenderbehoerde.org\/nl\/immigratiedienst-pinneberg\/\">Pinneberg<\/a><\/li>\n<li><a href=\"https:\/\/auslaenderbehoerde.org\/nl\/immigratie-autoriteit-ploen\/\">plon<\/a><\/li>\n<li><a href=\"https:\/\/auslaenderbehoerde.org\/nl\/buitenlanders-autoriteit-ratzeburg-2\/\">Ratzeburg<\/a><\/li>\n<li><a href=\"https:\/\/auslaenderbehoerde.org\/nl\/immigratie-autoriteiten-rendsburg\/\">Rendsburg<\/a><\/li>\n<li><a href=\"https:\/\/auslaenderbehoerde.org\/nl\/buitenlandersautoriteit-sleeswijk\/\">Sleeswijk<\/a><\/li>\n<li><a href=\"https:\/\/auslaenderbehoerde.org\/nl\/immigratie-autoriteit-timmendorfer-strand\/\">Timmendorfer Strand<\/a><\/li>\n<\/ul>\n<p>Alle informatie zonder garantie en onder voorbehoud<\/p>\n<h2><span class=\"ez-toc-section\">Immigratieautoriteiten in Sleeswijk-Holstein<\/span><span class=\"ez-toc-section\">\u00a0\u2013 <\/span>plichten en verantwoordelijkheden<\/h2>\n<p>De immigratiedienst is het eerste adres voor buitenlanders die het land binnenkomen. Het is verantwoordelijk voor het verlenen of weigeren van een <a href=\"https:\/\/auslaenderbehoerde.org\/nl\/verblijfsvergunning\/\">verblijfsvergunning<\/a>. De immigratiekantoren zijn verantwoordelijk voor de handhaving van de immigratiewetgeving in overeenstemming met de wettelijke situatie. Zij zijn ook verantwoordelijk voor asielzoekers en ontheemden.<\/p>\n<p>De immigratiedienst beslist <a href=\"https:\/\/auslaenderbehoerde.org\/nl\/verblijfsvergunning-2\/\">verblijfsvergunning<\/a> en geeft deze af als de beslissing positief is. Daarnaast kan op grond van de Verblijfswet een vestigingsvergunning worden verleend met betrekking tot het gewenste verblijfsdoel of kan uitzetting worden gestart.<\/p>\n<p>De verantwoordelijkheid van de vreemdelingenautoriteit strekt zich ook uit tot vele andere taken. Het type en de duur van de verblijfsvergunning lopen sterk uiteen. Sommigen krijgen een termijn, anderen krijgen geen verblijfsvergunning en\/of krijgen een uitreisvergunning op grond van de Verblijfswet.<\/p>\n<p>De immigratiedienst is ermee bezig <a href=\"https:\/\/www.gesetze-im-internet.de\/aufenthg_2004\/__71.html\" target=\"_blank\" rel=\"noopener\">Sectie 71<\/a> Woonplaats G. De autoriteit is verantwoordelijk voor het reguleren van alle besluiten en maatregelen die van invloed zijn op het paspoort en het verblijfsrecht van vreemdelingen.<\/p>\n<p><strong>Overige werkzaamheden die binnen het verantwoordelijkheidsgebied van de immigratiedienst vallen:<\/strong><\/p>\n<ul style=\"list-style-type: circle;\">\n<li>asielprocedure<\/li>\n<li>vluchtelingenhulp<\/li>\n<li>sociale zekerheid<\/li>\n<li>inburgeringscursussen<\/li>\n<li>Organisatie en goedkeuring van binnenkomst en verblijf in Duitsland<\/li>\n<li>recht op een uitkering<\/li>\n<li>vergoeding en gezondheidszorg<\/li>\n<li>burgerlijke staat<\/li>\n<li><a href=\"https:\/\/auslaenderbehoerde.org\/nl\/verbintenisverklaring\/\">verbintenisverklaring<\/a><\/li>\n<li>accommodatie opties<\/li>\n<li>register<\/li>\n<\/ul>\n<h3>afspraak met de verantwoordelijke <span class=\"ez-toc-section\">vreemdelingen Autoriteit<\/span><\/h3>\n<p>Over het algemeen kunt u telefonisch, via het contactformulier of via het serviceportaal van de betreffende gemeente een afspraak maken. In sommige steden kun je verschillende online formulieren downloaden om belangrijke vragen vooraf te verduidelijken. Het adres en de openingstijden zijn online in te zien. Zorg ervoor dat je alle benodigde documenten hebt ingevuld voordat je naar de immigratiedienst gaat.<\/p>\n<div class=\"su-note\"  style=\"border-color:#d1d1d0;border-radius:3px;-moz-border-radius:3px;-webkit-border-radius:3px;\"><div class=\"su-note-inner su-u-clearfix su-u-trim\" style=\"background-color:#ebebea;border-color:#ffffff;color:#444444;border-radius:3px;-moz-border-radius:3px;-webkit-border-radius:3px;\"><b>Een mededeling: <\/b>Voor kantoren en autoriteiten heeft u de documenten of certificaten meestal nodig als: <a href=\"https:\/\/tidd.ly\/3y8DKdr\" target=\"_blank\" rel=\"noopener\">be\u00ebdigde vertaling<\/a>*.<\/div><\/div>\n<p><strong>Verwacht u bezoekers uit het buitenland?<\/strong> Met een <a href=\"https:\/\/auslaenderbehoerde.org\/nl\/reisverzekering-voor-buitenlandse-gasten\/\">Reisverzekering voor buitenlandse gasten<\/a> profiteren van uitgebreide bescherming in Duitsland en Europa.<\/p>\n<h3>Verder <span class=\"ez-toc-section\">Immigratie-autoriteiten en informatie<\/span><\/h3>\n<ul style=\"list-style-type: circle;\">\n<li><a href=\"https:\/\/auslaenderbehoerde.org\/nl\/\">Immigratie-autoriteiten in Duitsland<\/a><\/li>\n<li><a href=\"https:\/\/auslaenderbehoerde.org\/nl\/\">Eerste stappen in Duitsland<\/a><\/li>\n<\/ul>","protected":false},"excerpt":{"rendered":"<p>Hier vindt u alle adressen, contactgegevens en openingstijden van de immigratieautoriteiten of immigratiekantoren in Sleeswijk-Holstein. Er zijn momenteel 17 immigratieautoriteiten in de deelstaat Sleeswijk-Holstein die beschikbaar zijn om al uw vragen in verband met uw zaken te beantwoorden. Overzicht van de immigratieautoriteiten in Sleeswijk-Holstein Selecteer uit de lijst de immigratieautoriteit of het immigratiekantoor dat overeenkomt met uw woonplaats.&nbsp;<a href=\"https:\/\/auslaenderbehoerde.org\/nl\/immigratiediensten-in-sleeswijk-holstein\/\" rel=\"bookmark\">Lees verder \u00bb<span class=\"screen-reader-text\">Immigratie-autoriteiten in Sleeswijk-Holstein<\/span><\/a><\/p>","protected":false},"author":1,"featured_media":65,"parent":0,"menu_order":0,"comment_status":"closed","ping_status":"closed","template":"","meta":{"neve_meta_sidebar":"","neve_meta_container":"","neve_meta_enable_content_width":"off","neve_meta_content_width":100,"neve_meta_title_alignment":"","neve_meta_author_avatar":"","neve_post_elements_order":"","neve_meta_disable_header":"","neve_meta_disable_footer":"","neve_meta_disable_title":"","neve_meta_reading_time":"","footnotes":""},"class_list":["post-58","page","type-page","status-publish","has-post-thumbnail","hentry"],"yoast_head":"<!-- This site is optimized with the Yoast SEO plugin v26.6 - https:\/\/yoast.com\/wordpress\/plugins\/seo\/ -->\n<title>Ausl\u00e4nderbeh\u00f6rden in Schleswig-Holstein | Adressen und Anschrift<\/title>\n<meta name=\"description\" content=\"Hier finden Sie alle Adressen und Kontaktinformationen der Ausl\u00e4nder\u00e4mter oder auch Ausl\u00e4nderbeh\u00f6rden in Schleswig-Holstein\" \/>\n<meta name=\"robots\" content=\"index, follow, max-snippet:-1, max-image-preview:large, max-video-preview:-1\" \/>\n<link rel=\"canonical\" href=\"https:\/\/auslaenderbehoerde.org\/nl\/immigratiediensten-in-sleeswijk-holstein\/\" \/>\n<meta property=\"og:locale\" content=\"nl_NL\" \/>\n<meta property=\"og:type\" content=\"article\" \/>\n<meta property=\"og:title\" content=\"Ausl\u00e4nderbeh\u00f6rden in Schleswig-Holstein | Adressen und Anschrift\" \/>\n<meta property=\"og:description\" content=\"Hier finden Sie alle Adressen und Kontaktinformationen der Ausl\u00e4nder\u00e4mter oder auch Ausl\u00e4nderbeh\u00f6rden in Schleswig-Holstein\" \/>\n<meta property=\"og:url\" content=\"https:\/\/auslaenderbehoerde.org\/nl\/immigratiediensten-in-sleeswijk-holstein\/\" \/>\n<meta property=\"og:site_name\" content=\"auslaenderbehoerde.org\" \/>\n<meta property=\"article:modified_time\" content=\"2022-07-15T10:58:38+00:00\" \/>\n<meta property=\"og:image\" content=\"https:\/\/auslaenderbehoerde.org\/wp-content\/uploads\/2022\/06\/Ausla\u0308nderbeho\u0308rde-scaled-e1656327377843.jpeg\" \/>\n\t<meta property=\"og:image:width\" content=\"900\" \/>\n\t<meta property=\"og:image:height\" content=\"675\" \/>\n\t<meta property=\"og:image:type\" content=\"image\/jpeg\" \/>\n<meta name=\"twitter:card\" content=\"summary_large_image\" \/>\n<meta name=\"twitter:label1\" content=\"Geschatte leestijd\" \/>\n\t<meta name=\"twitter:data1\" content=\"3 minuten\" \/>\n<script type=\"application\/ld+json\" class=\"yoast-schema-graph\">{\"@context\":\"https:\/\/schema.org\",\"@graph\":[{\"@type\":\"WebPage\",\"@id\":\"https:\/\/auslaenderbehoerde.org\/auslaenderbehoerden-in-schleswig-holstein\/\",\"url\":\"https:\/\/auslaenderbehoerde.org\/auslaenderbehoerden-in-schleswig-holstein\/\",\"name\":\"Ausl\u00e4nderbeh\u00f6rden in Schleswig-Holstein | Adressen und Anschrift\",\"isPartOf\":{\"@id\":\"https:\/\/auslaenderbehoerde.org\/#website\"},\"primaryImageOfPage\":{\"@id\":\"https:\/\/auslaenderbehoerde.org\/auslaenderbehoerden-in-schleswig-holstein\/#primaryimage\"},\"image\":{\"@id\":\"https:\/\/auslaenderbehoerde.org\/auslaenderbehoerden-in-schleswig-holstein\/#primaryimage\"},\"thumbnailUrl\":\"https:\/\/auslaenderbehoerde.org\/wp-content\/uploads\/2022\/06\/Ausla\u0308nderbeho\u0308rde-scaled-e1656327377843.jpeg\",\"datePublished\":\"2022-06-27T08:06:50+00:00\",\"dateModified\":\"2022-07-15T10:58:38+00:00\",\"description\":\"Hier finden Sie alle Adressen und Kontaktinformationen der Ausl\u00e4nder\u00e4mter oder auch Ausl\u00e4nderbeh\u00f6rden in Schleswig-Holstein\",\"breadcrumb\":{\"@id\":\"https:\/\/auslaenderbehoerde.org\/auslaenderbehoerden-in-schleswig-holstein\/#breadcrumb\"},\"inLanguage\":\"nl-NL\",\"potentialAction\":[{\"@type\":\"ReadAction\",\"target\":[\"https:\/\/auslaenderbehoerde.org\/auslaenderbehoerden-in-schleswig-holstein\/\"]}]},{\"@type\":\"ImageObject\",\"inLanguage\":\"nl-NL\",\"@id\":\"https:\/\/auslaenderbehoerde.org\/auslaenderbehoerden-in-schleswig-holstein\/#primaryimage\",\"url\":\"https:\/\/auslaenderbehoerde.org\/wp-content\/uploads\/2022\/06\/Ausla\u0308nderbeho\u0308rde-scaled-e1656327377843.jpeg\",\"contentUrl\":\"https:\/\/auslaenderbehoerde.org\/wp-content\/uploads\/2022\/06\/Ausla\u0308nderbeho\u0308rde-scaled-e1656327377843.jpeg\",\"width\":900,\"height\":675,\"caption\":\"Ausl\u00e4nderbeh\u00f6rde\"},{\"@type\":\"BreadcrumbList\",\"@id\":\"https:\/\/auslaenderbehoerde.org\/auslaenderbehoerden-in-schleswig-holstein\/#breadcrumb\",\"itemListElement\":[{\"@type\":\"ListItem\",\"position\":1,\"name\":\"Startseite\",\"item\":\"https:\/\/auslaenderbehoerde.org\/\"},{\"@type\":\"ListItem\",\"position\":2,\"name\":\"Ausl\u00e4nderbeh\u00f6rden in Schleswig-Holstein\"}]},{\"@type\":\"WebSite\",\"@id\":\"https:\/\/auslaenderbehoerde.org\/#website\",\"url\":\"https:\/\/auslaenderbehoerde.org\/\",\"name\":\"auslaenderbehoerde.org\",\"description\":\"\",\"potentialAction\":[{\"@type\":\"SearchAction\",\"target\":{\"@type\":\"EntryPoint\",\"urlTemplate\":\"https:\/\/auslaenderbehoerde.org\/?s={search_term_string}\"},\"query-input\":{\"@type\":\"PropertyValueSpecification\",\"valueRequired\":true,\"valueName\":\"search_term_string\"}}],\"inLanguage\":\"nl-NL\"}]}<\/script>\n<!-- \/ Yoast SEO plugin. -->","yoast_head_json":{"title":"Immigratieautoriteiten in Sleeswijk-Holstein | adressen en adres","description":"Hier vindt u alle adressen en contactgegevens van de immigratiebureaus of immigratieautoriteiten in Sleeswijk-Holstein","robots":{"index":"index","follow":"follow","max-snippet":"max-snippet:-1","max-image-preview":"max-image-preview:large","max-video-preview":"max-video-preview:-1"},"canonical":"https:\/\/auslaenderbehoerde.org\/nl\/immigratiediensten-in-sleeswijk-holstein\/","og_locale":"nl_NL","og_type":"article","og_title":"Ausl\u00e4nderbeh\u00f6rden in Schleswig-Holstein | Adressen und Anschrift","og_description":"Hier finden Sie alle Adressen und Kontaktinformationen der Ausl\u00e4nder\u00e4mter oder auch Ausl\u00e4nderbeh\u00f6rden in Schleswig-Holstein","og_url":"https:\/\/auslaenderbehoerde.org\/nl\/immigratiediensten-in-sleeswijk-holstein\/","og_site_name":"auslaenderbehoerde.org","article_modified_time":"2022-07-15T10:58:38+00:00","og_image":[{"width":900,"height":675,"url":"https:\/\/auslaenderbehoerde.org\/wp-content\/uploads\/2022\/06\/Ausla\u0308nderbeho\u0308rde-scaled-e1656327377843.jpeg","type":"image\/jpeg"}],"twitter_card":"summary_large_image","twitter_misc":{"Geschatte leestijd":"3 minuten"},"schema":{"@context":"https:\/\/schema.org","@graph":[{"@type":"WebPage","@id":"https:\/\/auslaenderbehoerde.org\/auslaenderbehoerden-in-schleswig-holstein\/","url":"https:\/\/auslaenderbehoerde.org\/auslaenderbehoerden-in-schleswig-holstein\/","name":"Immigratieautoriteiten in Sleeswijk-Holstein | adressen en adres","isPartOf":{"@id":"https:\/\/auslaenderbehoerde.org\/#website"},"primaryImageOfPage":{"@id":"https:\/\/auslaenderbehoerde.org\/auslaenderbehoerden-in-schleswig-holstein\/#primaryimage"},"image":{"@id":"https:\/\/auslaenderbehoerde.org\/auslaenderbehoerden-in-schleswig-holstein\/#primaryimage"},"thumbnailUrl":"https:\/\/auslaenderbehoerde.org\/wp-content\/uploads\/2022\/06\/Ausla\u0308nderbeho\u0308rde-scaled-e1656327377843.jpeg","datePublished":"2022-06-27T08:06:50+00:00","dateModified":"2022-07-15T10:58:38+00:00","description":"Hier vindt u alle adressen en contactgegevens van de immigratiebureaus of immigratieautoriteiten in Sleeswijk-Holstein","breadcrumb":{"@id":"https:\/\/auslaenderbehoerde.org\/auslaenderbehoerden-in-schleswig-holstein\/#breadcrumb"},"inLanguage":"nl-NL","potentialAction":[{"@type":"ReadAction","target":["https:\/\/auslaenderbehoerde.org\/auslaenderbehoerden-in-schleswig-holstein\/"]}]},{"@type":"ImageObject","inLanguage":"nl-NL","@id":"https:\/\/auslaenderbehoerde.org\/auslaenderbehoerden-in-schleswig-holstein\/#primaryimage","url":"https:\/\/auslaenderbehoerde.org\/wp-content\/uploads\/2022\/06\/Ausla\u0308nderbeho\u0308rde-scaled-e1656327377843.jpeg","contentUrl":"https:\/\/auslaenderbehoerde.org\/wp-content\/uploads\/2022\/06\/Ausla\u0308nderbeho\u0308rde-scaled-e1656327377843.jpeg","width":900,"height":675,"caption":"Ausl\u00e4nderbeh\u00f6rde"},{"@type":"BreadcrumbList","@id":"https:\/\/auslaenderbehoerde.org\/auslaenderbehoerden-in-schleswig-holstein\/#breadcrumb","itemListElement":[{"@type":"ListItem","position":1,"name":"Startseite","item":"https:\/\/auslaenderbehoerde.org\/"},{"@type":"ListItem","position":2,"name":"Ausl\u00e4nderbeh\u00f6rden in Schleswig-Holstein"}]},{"@type":"WebSite","@id":"https:\/\/auslaenderbehoerde.org\/#website","url":"https:\/\/auslaenderbehoerde.org\/","name":"auslaenderbehoerde.org","description":"","potentialAction":[{"@type":"SearchAction","target":{"@type":"EntryPoint","urlTemplate":"https:\/\/auslaenderbehoerde.org\/?s={search_term_string}"},"query-input":{"@type":"PropertyValueSpecification","valueRequired":true,"valueName":"search_term_string"}}],"inLanguage":"nl-NL"}]}},"_links":{"self":[{"href":"https:\/\/auslaenderbehoerde.org\/nl\/wp-json\/wp\/v2\/pages\/58","targetHints":{"allow":["GET"]}}],"collection":[{"href":"https:\/\/auslaenderbehoerde.org\/nl\/wp-json\/wp\/v2\/pages"}],"about":[{"href":"https:\/\/auslaenderbehoerde.org\/nl\/wp-json\/wp\/v2\/types\/page"}],"author":[{"embeddable":true,"href":"https:\/\/auslaenderbehoerde.org\/nl\/wp-json\/wp\/v2\/users\/1"}],"replies":[{"embeddable":true,"href":"https:\/\/auslaenderbehoerde.org\/nl\/wp-json\/wp\/v2\/comments?post=58"}],"version-history":[{"count":6,"href":"https:\/\/auslaenderbehoerde.org\/nl\/wp-json\/wp\/v2\/pages\/58\/revisions"}],"predecessor-version":[{"id":1473,"href":"https:\/\/auslaenderbehoerde.org\/nl\/wp-json\/wp\/v2\/pages\/58\/revisions\/1473"}],"wp:featuredmedia":[{"embeddable":true,"href":"https:\/\/auslaenderbehoerde.org\/nl\/wp-json\/wp\/v2\/media\/65"}],"wp:attachment":[{"href":"https:\/\/auslaenderbehoerde.org\/nl\/wp-json\/wp\/v2\/media?parent=58"}],"curies":[{"name":"wp","href":"https:\/\/api.w.org\/{rel}","templated":true}]}}