{"id":143,"date":"2022-06-28T14:11:47","date_gmt":"2022-06-28T12:11:47","guid":{"rendered":"https:\/\/auslaenderbehoerde.org\/?page_id=143"},"modified":"2022-07-07T16:49:29","modified_gmt":"2022-07-07T14:49:29","slug":"reiseversicherung-fuer-auslaendische-gaeste","status":"publish","type":"page","link":"https:\/\/auslaenderbehoerde.org\/pl\/ubezpieczenie-podrozy-dla-gosci-zagranicznych\/","title":{"rendered":"Ubezpieczenie podr\u00f3\u017cne dla go\u015bci zagranicznych"},"content":{"rendered":"<p><img decoding=\"async\" class=\"aligncenter wp-image-218 size-full\" src=\"https:\/\/auslaenderbehoerde.org\/wp-content\/uploads\/2022\/07\/insurance-gaed63b78b_640.jpg\" alt=\"Ubezpieczenie podr\u00f3\u017cne dla go\u015bci zagranicznych\" width=\"640\" height=\"450\" srcset=\"https:\/\/auslaenderbehoerde.org\/wp-content\/uploads\/2022\/07\/insurance-gaed63b78b_640.jpg 640w, https:\/\/auslaenderbehoerde.org\/wp-content\/uploads\/2022\/07\/insurance-gaed63b78b_640-300x211.jpg 300w\" sizes=\"(max-width: 640px) 100vw, 640px\" \/><\/p>\n<p><strong>Go\u015bcie zagraniczni<\/strong>kt\u00f3rzy s\u0105 zapraszani do Niemiec przez krewnych lub znajomych na d\u0142u\u017cszy okres, musz\u0105 by\u0107 ubezpieczeni kompleksowo. Aby nie dosz\u0142o do szk\u00f3d finansowych dla kraju przyjmuj\u0105cego i zapraszaj\u0105cych, jeden <strong>deklaracja zobowi\u0105zania<\/strong> nie jeste\u015b przyt\u0142oczony finansowo, potrzebujesz ubezpieczenia podr\u00f3\u017cnego dla go\u015bci zagranicznych. Nasza rekomendacja - <a href=\"https:\/\/www.awin1.com\/cread.php?awinmid=20468&amp;awinaffid=384383&amp;ued=https%3A%2F%2Fwww.allianz-reiseversicherung.de%2Fde_DE%2Fincoming-krankenversicherung.html\" target=\"_blank\" rel=\"noopener\">Przychodz\u0105ce ubezpieczenie zdrowotne Allianz<\/a>* \u2013 Dla go\u015bci z zagranicy.<\/p>\n<h2>Co to jest ubezpieczenie podr\u00f3\u017cne dla go\u015bci zagranicznych lub ubezpieczenie przyjazdowe?<\/h2>\n<p>Gdy tylko go\u015bcie lub go\u015bcie podr\u00f3\u017cuj\u0105 do UE, kraje Schengen (Szwajcaria \/ Liechtenstein), wyra\u017anie Niemcy i <a href=\"https:\/\/auslaenderbehoerde.org\/pl\/deklaracja-zobowiazania\/\">deklaracja zobowi\u0105zania<\/a> istnieje, potrzebuj\u0105 r\u00f3wnie\u017c kompleksowej ochrony ubezpieczeniowej. Potrzebujesz nie tylko ubezpieczenia zdrowotnego, ale tak\u017ce ubezpieczenia wypadkowego i odpowiedzialno\u015bci cywilnej. Tylko w ten spos\u00f3b mo\u017cna unikn\u0105\u0107 znacznych koszt\u00f3w i roszcze\u0144 finansowych ze strony os\u00f3b trzecich.<\/p>\n<p>Ubezpieczenie podr\u00f3\u017cne dla go\u015bci zagranicznych jest stosunkowo tanie. W zale\u017cno\u015bci od oferty i stopnia pokrycia koszt\u00f3w ubezpieczenie kosztuje tylko oko\u0142o 1 euro na osob\u0119 dziennie. Koszty leczenia poniesione po wypadku lub chorobie w Niemczech i we wszystkich innych krajach UE, w tym w Szwajcarii i Liechtensteinie, pokrywa towarzystwo ubezpieczeniowe. Dokument potwierdzaj\u0105cy zawarcie przychodz\u0105cej polisy ubezpieczeniowej powinien by\u0107 powi\u0105zany ze wszystkimi innymi dokumentami <a href=\"https:\/\/auslaenderbehoerde.org\/pl\/\">Urz\u0105d ds. Cudzoziemc\u00f3w<\/a> by\u0107 z\u0142o\u017cone.<\/p>\n<h2>Jakie us\u0142ugi obejmuje ubezpieczenie przychodz\u0105ce?<\/h2>\n<p>Wszystkie wydatki obj\u0119te ubezpieczeniem podr\u00f3\u017cnym dla go\u015bci zagranicznych musz\u0105 by\u0107 udokumentowane i udokumentowane. Ubezpieczone s\u0105 nast\u0119puj\u0105ce \u015bwiadczenia w zakresie chor\u00f3b i nieszcz\u0119\u015bliwych wypadk\u00f3w:<\/p>\n<ul style=\"list-style-type: circle;\">\n<li>Leczenie ambulatoryjne w gabinetach lekarskich<\/li>\n<li>Transport karetk\u0105 do najbli\u017cszego szpitala (i z powrotem, je\u015bli nie ma przyj\u0119cia do szpitala)<\/li>\n<li>stacjonarne leczenie szpitalne bez us\u0142ug fakultatywnych<\/li>\n<li>Leczenie poszpitalne<\/li>\n<li>proste wype\u0142nienia z\u0119b\u00f3w i u\u015bmierzaj\u0105ce b\u00f3l zabiegi stomatologiczne<\/li>\n<li>istniej\u0105ce protezy mo\u017cna naprawi\u0107<\/li>\n<li>Zam\u00f3wiony medycznie transport powrotny do kraju ojczystego<\/li>\n<li>w przypadku \u015bmierci transfer wraz z kosztami pogrzebu zostanie obj\u0119ty ubezpieczeniem do uzgodnionego g\u00f3rnego limitu<\/li>\n<\/ul>\n<p>Koszt ubezpieczenia przychodz\u0105cego mo\u017ce si\u0119 r\u00f3\u017cni\u0107, poniewa\u017c do wyboru s\u0105 r\u00f3\u017cni dostawcy. Udzia\u0142 w\u0142asny na ka\u017cdy przypadek leczenia nie jest wykluczony i jest umownie potwierdzony i zabezpieczony po zawarciu umowy. Ubezpieczenie podr\u00f3\u017cne dla go\u015bci zagranicznych mo\u017cna wykupi\u0107 tylko do okre\u015blonego wieku.<\/p>\n<p>W przypadku ubiegania si\u0119 o ochron\u0119 ubezpieczeniow\u0105, odpowiednie towarzystwo ubezpieczeniowe wystawia za\u015bwiadczenie o ubezpieczeniu, kt\u00f3re jest sk\u0142adane w urz\u0119dzie imigracyjnym i za\u0142\u0105czane do dokument\u00f3w osobistych do wniosku wizowego. Opr\u00f3cz ubezpieczenia zdrowotnego ubezpieczenie obejmuje OC i NNW. Warto por\u00f3wna\u0107 oferty r\u00f3\u017cnych towarzystw ubezpieczeniowych.<\/p>\n<p>Wysoko\u015b\u0107 sk\u0142adki ubezpieczeniowej mo\u017ce si\u0119 r\u00f3\u017cni\u0107 w zale\u017cno\u015bci od wieku i wcze\u015bniej istniej\u0105cych warunk\u00f3w. Aby przychodz\u0105ce ubezpieczenie zosta\u0142o wykupione przy jak najmniejszym ryzyku dla ubezpieczyciela, we wniosku nale\u017cy poda\u0107 wszelkie wcze\u015bniejsze choroby i inne dane osobowe. Bardziej rozbudowane zabiegi s\u0105 zwykle wykluczane w obszarze wcze\u015bniej istniej\u0105cych schorze\u0144. Ubezpieczenie przychodz\u0105ce to solidne ubezpieczenie zdrowotne, wypadkowe i od odpowiedzialno\u015bci cywilnej, kt\u00f3re pokrywa najgorsze ryzyka. Wykluczone jest jednak intensywne leczenie istniej\u0105cych chor\u00f3b.<\/p>\n<p>Przychodz\u0105ce ubezpieczenie to <strong>prywatne ubezpieczenie<\/strong>, kt\u00f3ry nale\u017cy wype\u0142ni\u0107 prywatnie. Statuty mog\u0105 by\u0107 r\u00f3\u017cnie sformu\u0142owane, ale odpowiadaj\u0105 wymogom i specyfikacjom w\u0142adz imigracyjnych. Je\u015bli nie masz pewno\u015bci, czy wybrany ubezpieczyciel przychodz\u0105cego ubezpieczenia jest w\u0142a\u015bciwym wyborem, przed zawarciem ubezpieczenia powiniene\u015b ponownie zapyta\u0107 o to w\u0142a\u015bciwy organ ds. cudzoziemc\u00f3w. Je\u015bli odpowied\u017a jest pozytywna, mo\u017cesz z czystym sumieniem wykupi\u0107 wybrane przez siebie ubezpieczenie przychodz\u0105ce.<\/p>\n<div class=\"su-button-center\"><a href=\"https:\/\/tidd.ly\/3P5FWJs\" class=\"su-button su-button-style-default\" style=\"color:#FFFFFF;background-color:#ef982d;border-color:#c07a24;border-radius:9px\" target=\"_blank\" rel=\"nofollow\"><span style=\"color:#FFFFFF;padding:8px 24px;font-size:18px;line-height:27px;border-color:#f4b76c;border-radius:9px;text-shadow:none\"><i class=\"sui sui-hand-o-right\" style=\"font-size:18px;color:#FFFFFF\"><\/i> Przychodz\u0105ce ubezpieczenie zdrowotne Allianz *<\/span><\/a><\/div>\n<h3 id=\"customheading6\"><strong>powi\u0105zane linki\u00a0<\/strong><\/h3>\n<ul>\n<li><a href=\"https:\/\/auslaenderbehoerde.org\/pl\/pierwsze-kroki-w-niemczech\/\" data-wpel-link=\"internal\">Pierwsze kroki w Niemczech<\/a><\/li>\n<\/ul>","protected":false},"excerpt":{"rendered":"<p>Go\u015bcie zagraniczni, kt\u00f3rych krewni lub znajomi zapraszaj\u0105 do Niemiec na d\u0142u\u017cszy okres, musz\u0105 by\u0107 obj\u0119ci pe\u0142nym ubezpieczeniem. Aby mie\u0107 pewno\u015b\u0107, \u017ce kraj goszcz\u0105cy nie poniesie \u017cadnych strat finansowych, a zapraszaj\u0105cy, kt\u00f3rzy z\u0142o\u017cyli deklaracj\u0119 zaanga\u017cowania, nie zostan\u0105 obci\u0105\u017ceni finansowo, potrzebne jest ubezpieczenie podr\u00f3\u017cne dla go\u015bci zagranicznych. Nasza rekomendacja \u2013 Ubezpieczenie zdrowotne Allianz Incoming* \u2013 Dla go\u015bci\u2026&nbsp;<a href=\"https:\/\/auslaenderbehoerde.org\/pl\/ubezpieczenie-podrozy-dla-gosci-zagranicznych\/\" rel=\"bookmark\">Czytaj wi\u0119cej \u00bb<span class=\"screen-reader-text\">Ubezpieczenie podr\u00f3\u017cne dla go\u015bci zagranicznych<\/span><\/a><\/p>","protected":false},"author":1,"featured_media":218,"parent":0,"menu_order":0,"comment_status":"closed","ping_status":"closed","template":"","meta":{"neve_meta_sidebar":"","neve_meta_container":"","neve_meta_enable_content_width":"off","neve_meta_content_width":100,"neve_meta_title_alignment":"","neve_meta_author_avatar":"","neve_post_elements_order":"","neve_meta_disable_header":"","neve_meta_disable_footer":"","neve_meta_disable_title":"","neve_meta_reading_time":"","footnotes":""},"class_list":["post-143","page","type-page","status-publish","has-post-thumbnail","hentry"],"yoast_head":"<!-- This site is optimized with the Yoast SEO plugin v26.6 - https:\/\/yoast.com\/wordpress\/plugins\/seo\/ -->\n<title>Reiseversicherung f\u00fcr ausl\u00e4ndische G\u00e4ste - Auslaenderbehoerde.org<\/title>\n<meta name=\"description\" content=\"Eine Reiseversicherung f\u00fcr ausl\u00e4ndische G\u00e4ste sch\u00fctzt Sie vor hohen Kosten w\u00e4hrend Ihres Aufenthaltes in Deutschland.\" \/>\n<meta name=\"robots\" content=\"index, follow, max-snippet:-1, max-image-preview:large, max-video-preview:-1\" \/>\n<link rel=\"canonical\" href=\"https:\/\/auslaenderbehoerde.org\/pl\/ubezpieczenie-podrozy-dla-gosci-zagranicznych\/\" \/>\n<meta property=\"og:locale\" content=\"pl_PL\" \/>\n<meta property=\"og:type\" content=\"article\" \/>\n<meta property=\"og:title\" content=\"Reiseversicherung f\u00fcr ausl\u00e4ndische G\u00e4ste - Auslaenderbehoerde.org\" \/>\n<meta property=\"og:description\" content=\"Eine Reiseversicherung f\u00fcr ausl\u00e4ndische G\u00e4ste sch\u00fctzt Sie vor hohen Kosten w\u00e4hrend Ihres Aufenthaltes in Deutschland.\" \/>\n<meta property=\"og:url\" content=\"https:\/\/auslaenderbehoerde.org\/pl\/ubezpieczenie-podrozy-dla-gosci-zagranicznych\/\" \/>\n<meta property=\"og:site_name\" content=\"auslaenderbehoerde.org\" \/>\n<meta property=\"article:modified_time\" content=\"2022-07-07T14:49:29+00:00\" \/>\n<meta property=\"og:image\" content=\"https:\/\/auslaenderbehoerde.org\/wp-content\/uploads\/2022\/07\/insurance-gaed63b78b_640.jpg\" \/>\n\t<meta property=\"og:image:width\" content=\"640\" \/>\n\t<meta property=\"og:image:height\" content=\"450\" \/>\n\t<meta property=\"og:image:type\" content=\"image\/jpeg\" \/>\n<meta name=\"twitter:card\" content=\"summary_large_image\" \/>\n<meta name=\"twitter:label1\" content=\"Szacowany czas czytania\" \/>\n\t<meta name=\"twitter:data1\" content=\"3 minuty\" \/>\n<script type=\"application\/ld+json\" class=\"yoast-schema-graph\">{\"@context\":\"https:\/\/schema.org\",\"@graph\":[{\"@type\":\"WebPage\",\"@id\":\"https:\/\/auslaenderbehoerde.org\/reiseversicherung-fuer-auslaendische-gaeste\/\",\"url\":\"https:\/\/auslaenderbehoerde.org\/reiseversicherung-fuer-auslaendische-gaeste\/\",\"name\":\"Reiseversicherung f\u00fcr ausl\u00e4ndische G\u00e4ste - Auslaenderbehoerde.org\",\"isPartOf\":{\"@id\":\"https:\/\/auslaenderbehoerde.org\/#website\"},\"primaryImageOfPage\":{\"@id\":\"https:\/\/auslaenderbehoerde.org\/reiseversicherung-fuer-auslaendische-gaeste\/#primaryimage\"},\"image\":{\"@id\":\"https:\/\/auslaenderbehoerde.org\/reiseversicherung-fuer-auslaendische-gaeste\/#primaryimage\"},\"thumbnailUrl\":\"https:\/\/auslaenderbehoerde.org\/wp-content\/uploads\/2022\/07\/insurance-gaed63b78b_640.jpg\",\"datePublished\":\"2022-06-28T12:11:47+00:00\",\"dateModified\":\"2022-07-07T14:49:29+00:00\",\"description\":\"Eine Reiseversicherung f\u00fcr ausl\u00e4ndische G\u00e4ste sch\u00fctzt Sie vor hohen Kosten w\u00e4hrend Ihres Aufenthaltes in Deutschland.\",\"breadcrumb\":{\"@id\":\"https:\/\/auslaenderbehoerde.org\/reiseversicherung-fuer-auslaendische-gaeste\/#breadcrumb\"},\"inLanguage\":\"pl-PL\",\"potentialAction\":[{\"@type\":\"ReadAction\",\"target\":[\"https:\/\/auslaenderbehoerde.org\/reiseversicherung-fuer-auslaendische-gaeste\/\"]}]},{\"@type\":\"ImageObject\",\"inLanguage\":\"pl-PL\",\"@id\":\"https:\/\/auslaenderbehoerde.org\/reiseversicherung-fuer-auslaendische-gaeste\/#primaryimage\",\"url\":\"https:\/\/auslaenderbehoerde.org\/wp-content\/uploads\/2022\/07\/insurance-gaed63b78b_640.jpg\",\"contentUrl\":\"https:\/\/auslaenderbehoerde.org\/wp-content\/uploads\/2022\/07\/insurance-gaed63b78b_640.jpg\",\"width\":640,\"height\":450,\"caption\":\"Reiseversicherung f\u00fcr ausl\u00e4ndische G\u00e4ste\"},{\"@type\":\"BreadcrumbList\",\"@id\":\"https:\/\/auslaenderbehoerde.org\/reiseversicherung-fuer-auslaendische-gaeste\/#breadcrumb\",\"itemListElement\":[{\"@type\":\"ListItem\",\"position\":1,\"name\":\"Startseite\",\"item\":\"https:\/\/auslaenderbehoerde.org\/\"},{\"@type\":\"ListItem\",\"position\":2,\"name\":\"Reiseversicherung f\u00fcr ausl\u00e4ndische G\u00e4ste\"}]},{\"@type\":\"WebSite\",\"@id\":\"https:\/\/auslaenderbehoerde.org\/#website\",\"url\":\"https:\/\/auslaenderbehoerde.org\/\",\"name\":\"auslaenderbehoerde.org\",\"description\":\"\",\"potentialAction\":[{\"@type\":\"SearchAction\",\"target\":{\"@type\":\"EntryPoint\",\"urlTemplate\":\"https:\/\/auslaenderbehoerde.org\/?s={search_term_string}\"},\"query-input\":{\"@type\":\"PropertyValueSpecification\",\"valueRequired\":true,\"valueName\":\"search_term_string\"}}],\"inLanguage\":\"pl-PL\"}]}<\/script>\n<!-- \/ Yoast SEO plugin. -->","yoast_head_json":{"title":"Ubezpieczenie podr\u00f3\u017cne dla go\u015bci zagranicznych - Auslaenderbehoerde.org","description":"Ubezpieczenie podr\u00f3\u017cne dla go\u015bci zagranicznych chroni Ci\u0119 przed wysokimi kosztami podczas pobytu w Niemczech.","robots":{"index":"index","follow":"follow","max-snippet":"max-snippet:-1","max-image-preview":"max-image-preview:large","max-video-preview":"max-video-preview:-1"},"canonical":"https:\/\/auslaenderbehoerde.org\/pl\/ubezpieczenie-podrozy-dla-gosci-zagranicznych\/","og_locale":"pl_PL","og_type":"article","og_title":"Reiseversicherung f\u00fcr ausl\u00e4ndische G\u00e4ste - Auslaenderbehoerde.org","og_description":"Eine Reiseversicherung f\u00fcr ausl\u00e4ndische G\u00e4ste sch\u00fctzt Sie vor hohen Kosten w\u00e4hrend Ihres Aufenthaltes in Deutschland.","og_url":"https:\/\/auslaenderbehoerde.org\/pl\/ubezpieczenie-podrozy-dla-gosci-zagranicznych\/","og_site_name":"auslaenderbehoerde.org","article_modified_time":"2022-07-07T14:49:29+00:00","og_image":[{"width":640,"height":450,"url":"https:\/\/auslaenderbehoerde.org\/wp-content\/uploads\/2022\/07\/insurance-gaed63b78b_640.jpg","type":"image\/jpeg"}],"twitter_card":"summary_large_image","twitter_misc":{"Szacowany czas czytania":"3 minuty"},"schema":{"@context":"https:\/\/schema.org","@graph":[{"@type":"WebPage","@id":"https:\/\/auslaenderbehoerde.org\/reiseversicherung-fuer-auslaendische-gaeste\/","url":"https:\/\/auslaenderbehoerde.org\/reiseversicherung-fuer-auslaendische-gaeste\/","name":"Ubezpieczenie podr\u00f3\u017cne dla go\u015bci zagranicznych - Auslaenderbehoerde.org","isPartOf":{"@id":"https:\/\/auslaenderbehoerde.org\/#website"},"primaryImageOfPage":{"@id":"https:\/\/auslaenderbehoerde.org\/reiseversicherung-fuer-auslaendische-gaeste\/#primaryimage"},"image":{"@id":"https:\/\/auslaenderbehoerde.org\/reiseversicherung-fuer-auslaendische-gaeste\/#primaryimage"},"thumbnailUrl":"https:\/\/auslaenderbehoerde.org\/wp-content\/uploads\/2022\/07\/insurance-gaed63b78b_640.jpg","datePublished":"2022-06-28T12:11:47+00:00","dateModified":"2022-07-07T14:49:29+00:00","description":"Ubezpieczenie podr\u00f3\u017cne dla go\u015bci zagranicznych chroni Ci\u0119 przed wysokimi kosztami podczas pobytu w Niemczech.","breadcrumb":{"@id":"https:\/\/auslaenderbehoerde.org\/reiseversicherung-fuer-auslaendische-gaeste\/#breadcrumb"},"inLanguage":"pl-PL","potentialAction":[{"@type":"ReadAction","target":["https:\/\/auslaenderbehoerde.org\/reiseversicherung-fuer-auslaendische-gaeste\/"]}]},{"@type":"ImageObject","inLanguage":"pl-PL","@id":"https:\/\/auslaenderbehoerde.org\/reiseversicherung-fuer-auslaendische-gaeste\/#primaryimage","url":"https:\/\/auslaenderbehoerde.org\/wp-content\/uploads\/2022\/07\/insurance-gaed63b78b_640.jpg","contentUrl":"https:\/\/auslaenderbehoerde.org\/wp-content\/uploads\/2022\/07\/insurance-gaed63b78b_640.jpg","width":640,"height":450,"caption":"Reiseversicherung f\u00fcr ausl\u00e4ndische G\u00e4ste"},{"@type":"BreadcrumbList","@id":"https:\/\/auslaenderbehoerde.org\/reiseversicherung-fuer-auslaendische-gaeste\/#breadcrumb","itemListElement":[{"@type":"ListItem","position":1,"name":"Startseite","item":"https:\/\/auslaenderbehoerde.org\/"},{"@type":"ListItem","position":2,"name":"Reiseversicherung f\u00fcr ausl\u00e4ndische G\u00e4ste"}]},{"@type":"WebSite","@id":"https:\/\/auslaenderbehoerde.org\/#website","url":"https:\/\/auslaenderbehoerde.org\/","name":"auslaenderbehoerde.org","description":"","potentialAction":[{"@type":"SearchAction","target":{"@type":"EntryPoint","urlTemplate":"https:\/\/auslaenderbehoerde.org\/?s={search_term_string}"},"query-input":{"@type":"PropertyValueSpecification","valueRequired":true,"valueName":"search_term_string"}}],"inLanguage":"pl-PL"}]}},"_links":{"self":[{"href":"https:\/\/auslaenderbehoerde.org\/pl\/wp-json\/wp\/v2\/pages\/143","targetHints":{"allow":["GET"]}}],"collection":[{"href":"https:\/\/auslaenderbehoerde.org\/pl\/wp-json\/wp\/v2\/pages"}],"about":[{"href":"https:\/\/auslaenderbehoerde.org\/pl\/wp-json\/wp\/v2\/types\/page"}],"author":[{"embeddable":true,"href":"https:\/\/auslaenderbehoerde.org\/pl\/wp-json\/wp\/v2\/users\/1"}],"replies":[{"embeddable":true,"href":"https:\/\/auslaenderbehoerde.org\/pl\/wp-json\/wp\/v2\/comments?post=143"}],"version-history":[{"count":10,"href":"https:\/\/auslaenderbehoerde.org\/pl\/wp-json\/wp\/v2\/pages\/143\/revisions"}],"predecessor-version":[{"id":666,"href":"https:\/\/auslaenderbehoerde.org\/pl\/wp-json\/wp\/v2\/pages\/143\/revisions\/666"}],"wp:featuredmedia":[{"embeddable":true,"href":"https:\/\/auslaenderbehoerde.org\/pl\/wp-json\/wp\/v2\/media\/218"}],"wp:attachment":[{"href":"https:\/\/auslaenderbehoerde.org\/pl\/wp-json\/wp\/v2\/media?parent=143"}],"curies":[{"name":"wp","href":"https:\/\/api.w.org\/{rel}","templated":true}]}}