{"id":145,"date":"2022-06-28T14:13:02","date_gmt":"2022-06-28T12:13:02","guid":{"rendered":"https:\/\/auslaenderbehoerde.org\/?page_id=145"},"modified":"2022-07-08T11:29:05","modified_gmt":"2022-07-08T09:29:05","slug":"verpflichtungserklaerung","status":"publish","type":"page","link":"https:\/\/auslaenderbehoerde.org\/pl\/deklaracja-zobowiazania\/","title":{"rendered":"deklaracja zobowi\u0105zania"},"content":{"rendered":"<figure id=\"attachment_159\" aria-describedby=\"caption-attachment-159\" style=\"width: 900px\" class=\"wp-caption aligncenter\"><img decoding=\"async\" class=\"wp-image-159 size-full\" src=\"https:\/\/auslaenderbehoerde.org\/wp-content\/uploads\/2022\/06\/Verpflichtungsklarung-scaled-e1656420805754.jpg\" alt=\"deklaracja zobowi\u0105zania\" width=\"900\" height=\"506\" srcset=\"\" sizes=\"(max-width: 900px) 100vw, 900px\" data-srcset=\"\" \/><figcaption id=\"caption-attachment-159\" class=\"wp-caption-text\">Tak zwana deklaracja zaanga\u017cowania s\u0142u\u017cy zabezpieczeniu koszt\u00f3w utrzymania obywateli pa\u0144stw trzecich.<\/figcaption><\/figure>\n<p>Je\u015bli chcia\u0142by\u015b zaprosi\u0107 go\u015bci, kt\u00f3rzy potrzebuj\u0105 wizy i kt\u00f3rzy sami nie posiadaj\u0105 niezb\u0119dnych \u015brodk\u00f3w finansowych, jako zapraszaj\u0105cy musisz z\u0142o\u017cy\u0107 deklaracj\u0119 zaanga\u017cowania stronie odpowiedzialnej <a href=\"https:\/\/auslaenderbehoerde.org\/pl\/\">Urz\u0105d ds. Cudzoziemc\u00f3w<\/a> przekaza\u0107. Z regu\u0142y lokalne biuro imigracyjne jest odpowiedzialne, je\u015bli go\u015b\u0107 ma mieszka\u0107 z tob\u0105.<\/p>\n<p>Jest po <a href=\"https:\/\/kiew.diplo.de\/ua-de\/service\/05-VisaEinreise\/faq-finanzen---66-68aufenthg\/1289754\" target=\"_blank\" rel=\"noopener\">\u00a7\u00a7 66, 68<\/a> Ustawy o pobycie w celu z\u0142o\u017cenia formalnego o\u015bwiadczenia o zobowi\u0105zaniu. Tw\u00f3j go\u015b\u0107 mo\u017ce nast\u0119pnie przedstawi\u0107 to w urz\u0119dzie wizowym jako dow\u00f3d finansowania lub jako zaproszenie, aby mo\u017cna by\u0142o ubiega\u0107 si\u0119 o niezb\u0119dn\u0105 wiz\u0119.<\/p>\n<p>Wydanie o\u015bwiadczenia o zobowi\u0105zaniu staje si\u0119 zb\u0119dne, je\u017celi koszty podr\u00f3\u017cy w obie strony i pobytu, a tak\u017ce pobytu, ponosi osoba ubiegaj\u0105ca si\u0119 o wiz\u0119 <strong>noszony przeze mnie<\/strong> mo\u017ce by\u0107. W takim przypadku nale\u017cy wykaza\u0107 jedynie zdolno\u015b\u0107 finansow\u0105. Mo\u017ce to potwierdzi\u0107 niemiecki zapraszaj\u0105cy w formie pisemnego, nieformalnego zaproszenia.<\/p>\n<p>Je\u017celi o wiz\u0119 dla ma\u0142\u017conka cudzoziemca ubiega si\u0119 obywatel Niemiec, wystarczy orygina\u0142 i kopia aktu ma\u0142\u017ce\u0144stwa w po\u0142\u0105czeniu z nieformalnym zaproszeniem ma\u0142\u017conka niemieckiego z kopi\u0105 paszportu.<\/p>\n<h2>Sekwencja<\/h2>\n<p>Ka\u017cdy, kto chce zaprosi\u0107 go\u015bcia z zagranicy do swojego domu, musi z\u0142o\u017cy\u0107 za niego deklaracj\u0119 zaanga\u017cowania, aby mo\u017cna by\u0142o wyda\u0107 wiz\u0119. Aby m\u00f3c podpisa\u0107 deklaracj\u0119 zaanga\u017cowania w lokalnym urz\u0119dzie imigracyjnym, a <strong>wygl\u0105d zewn\u0119trzny<\/strong> niezb\u0119dny. W oryginale nale\u017cy zabra\u0107 ze sob\u0105 du\u017c\u0105 liczb\u0119 dokument\u00f3w osobistych.<\/p>\n<div class=\"su-note\"  style=\"border-color:#d1d1d0;border-radius:3px;-moz-border-radius:3px;-webkit-border-radius:3px;\"><div class=\"su-note-inner su-u-clearfix su-u-trim\" style=\"background-color:#ebebea;border-color:#ffffff;color:#444444;border-radius:3px;-moz-border-radius:3px;-webkit-border-radius:3px;\"><strong>Spodziewasz si\u0119 go\u015bci z zagranicy?<\/strong> Z <a href=\"https:\/\/auslaenderbehoerde.org\/pl\/ubezpieczenie-podrozy-dla-gosci-zagranicznych\/\">Ubezpieczenie podr\u00f3\u017cne dla go\u015bci zagranicznych<\/a> korzystaj\u0105 z kompleksowej ochrony w Niemczech i Europie.<\/div><\/div>\n<h2>Jakie dokumenty s\u0105 wymagane do wystawienia deklaracji zobowi\u0105zania?<\/h2>\n<ul style=\"list-style-type: circle;\">\n<li>wa\u017cny, oryginalny dow\u00f3d osobisty lub paszport<\/li>\n<li>Imi\u0119 i nazwisko go\u015bcia, miejsce zamieszkania, obywatelstwo, data urodzenia, nr paszportu. i adres odwiedzaj\u0105cego<\/li>\n<li>aktualne za\u015bwiadczenie o wynagrodzeniu, na kt\u00f3re sk\u0142adaj\u0105 si\u0119 aktualne zawiadomienie o rencie, zawiadomienie o podatkach (dla os\u00f3b prowadz\u0105cych dzia\u0142alno\u015b\u0107 na w\u0142asny rachunek), ostatnie trzy za\u015bwiadczenia \/ za\u015bwiadczenie o emeryturze lub za\u015bwiadczenie od doradcy podatkowego, w tym informacje o stanowisku<\/li>\n<li>Reprezentacja pokrewie\u0144stwa dla zaproszonego go\u015bcia, wszelkie dane od krewnych, kt\u00f3rzy r\u00f3wnie\u017c wje\u017cd\u017caj\u0105 do kraju<\/li>\n<li>Wskazanie adresu, pod kt\u00f3rym go\u015b\u0107 mieszka podczas pobytu<\/li>\n<li>po\u017c\u0105dany pocz\u0105tek wa\u017cno\u015bci wizy<\/li>\n<\/ul>\n<p>Koszty deklaracji zobowi\u0105zania wynosz\u0105 zwykle 29 euro. Deklaracja zaanga\u017cowania jest skuteczna i wa\u017cna tylko wtedy, gdy mo\u017cna udowodni\u0107 bezpieczny, comiesi\u0119czny odbi\u00f3r pieni\u0119dzy. Nale\u017cy udowodni\u0107 nie tylko bezpieczne \u017ar\u00f3d\u0142o utrzymania, ale tak\u017ce odpowiedni\u0105 zdolno\u015b\u0107 kredytow\u0105.<\/p>\n<p>Opr\u00f3cz dochod\u00f3w w Niemczech zagraniczny <a href=\"https:\/\/botschaft-konsulat.de\/\" target=\"_blank\" rel=\"noopener\">wiadomo\u015b\u0107<\/a> potwierdza\u0107 aktywa za granic\u0105, aby dysponowa\u0107 wystarczaj\u0105cym kapita\u0142em do z\u0142o\u017cenia deklaracji zaanga\u017cowania. Doch\u00f3d zagraniczny mo\u017cna r\u00f3wnie\u017c potwierdzi\u0107 poza UE.<\/p>\n<div class=\"su-note\"  style=\"border-color:#d1d1d0;border-radius:3px;-moz-border-radius:3px;-webkit-border-radius:3px;\"><div class=\"su-note-inner su-u-clearfix su-u-trim\" style=\"background-color:#ebebea;border-color:#ffffff;color:#444444;border-radius:3px;-moz-border-radius:3px;-webkit-border-radius:3px;\"><b>Uwaga: <\/b>W przypadku urz\u0119d\u00f3w i urz\u0119d\u00f3w zwykle potrzebujesz dokument\u00f3w lub za\u015bwiadcze\u0144 jako: <a href=\"https:\/\/tidd.ly\/3y8DKdr\" target=\"_blank\" rel=\"noopener\">t\u0142umaczenie przysi\u0119g\u0142e<\/a>*.<\/div><\/div>\n<h3>Jak d\u0142ugo wa\u017cna jest deklaracja zobowi\u0105zania?<\/h3>\n<p>Deklaracja zaanga\u017cowania jest wa\u017cna maksymalnie przez 6 miesi\u0119cy. Nowa deklaracja zaanga\u017cowania mo\u017ce by\u0107 w\u00f3wczas wystawiona, je\u015bli por\u0119czyciel mo\u017ce udowodni\u0107, \u017ce osobista sytuacja finansowa nie zmieni\u0142a si\u0119 negatywnie w ci\u0105gu ostatnich 6 miesi\u0119cy.<\/p>\n<p>Je\u015bli chcesz przyj\u0105\u0107 deklaracj\u0119 zaanga\u017cowania dla go\u015bcia, musisz zarobi\u0107 wystarczaj\u0105co du\u017co pieni\u0119dzy. Je\u015bli pojedynczy doch\u00f3d nie wystarcza na przyj\u0119cie deklaracji zobowi\u0105zania, pary mog\u0105 zsumowa\u0107 swoje dochody. Aby mo\u017cna by\u0142o oficjalnie wystawi\u0107 deklaracj\u0119 zobowi\u0105zania, nale\u017cy wykaza\u0107 minimalny doch\u00f3d netto w wysoko\u015bci 1470 euro miesi\u0119cznie.<\/p>\n<p>Je\u015bli Twoje miesi\u0119czne dochody nie s\u0105 wystarczaj\u0105ce, mo\u017cesz otworzy\u0107 zablokowane konto do cel\u00f3w wizowych w Deutsche Bank. Przelewaj\u0105c okre\u015blon\u0105 kwot\u0119 pieni\u0119dzy na okre\u015blone zablokowane konto, osoba zainteresowana zapewnia, \u017ce mo\u017ce w tym czasie samodzielnie zarobi\u0107 na \u017cycie i inne wydatki.<\/p>\n<p>Poniewa\u017c deklaracja zaanga\u017cowania jest wa\u017cna tylko przez 6 miesi\u0119cy, go\u015b\u0107 powinien z\u0142o\u017cy\u0107 wniosek o wiz\u0119 natychmiast po z\u0142o\u017ceniu. Je\u017celi wydanie wizy trwa d\u0142u\u017cej ni\u017c 6 miesi\u0119cy, nale\u017cy z\u0142o\u017cy\u0107 now\u0105 deklaracj\u0119 zobowi\u0105zania. Formularze do z\u0142o\u017cenia deklaracji zobowi\u0105zania dost\u0119pne s\u0105 w Urz\u0119dzie Imigracyjnym.<\/p>\n<h3 id=\"customheading6\"><strong>powi\u0105zane linki\u00a0<\/strong><\/h3>\n<ul style=\"list-style-type: circle;\">\n<li><a href=\"https:\/\/auslaenderbehoerde.org\/pl\/pierwsze-kroki-w-niemczech\/\">Pierwsze kroki w Niemczech<\/a><\/li>\n<\/ul>","protected":false},"excerpt":{"rendered":"<p>Je\u015bli chcesz zaprosi\u0107 go\u015bci, kt\u00f3rzy potrzebuj\u0105 wizy, a nie maj\u0105 na to niezb\u0119dnych \u015brodk\u00f3w finansowych, jako osoba zapraszaj\u0105ca musisz z\u0142o\u017cy\u0107 o\u015bwiadczenie o zaanga\u017cowaniu w\u0142a\u015bciwemu organowi imigracyjnemu. Z regu\u0142y lokalny urz\u0105d imigracyjny jest odpowiedzialny za to, czy chcesz, aby Tw\u00f3j go\u015b\u0107 mieszka\u0142 z Tob\u0105. Zgodnie z art. 66 i 68 ustawy o pobycie jest to formalna\u2026&nbsp;<a href=\"https:\/\/auslaenderbehoerde.org\/pl\/deklaracja-zobowiazania\/\" rel=\"bookmark\">Czytaj wi\u0119cej \u00bb<span class=\"screen-reader-text\">deklaracja zobowi\u0105zania<\/span><\/a><\/p>","protected":false},"author":1,"featured_media":159,"parent":0,"menu_order":0,"comment_status":"closed","ping_status":"closed","template":"","meta":{"neve_meta_sidebar":"","neve_meta_container":"","neve_meta_enable_content_width":"off","neve_meta_content_width":100,"neve_meta_title_alignment":"","neve_meta_author_avatar":"","neve_post_elements_order":"","neve_meta_disable_header":"","neve_meta_disable_footer":"","neve_meta_disable_title":"","neve_meta_reading_time":"","footnotes":""},"class_list":["post-145","page","type-page","status-publish","has-post-thumbnail","hentry"],"yoast_head":"<!-- This site is optimized with the Yoast SEO plugin v26.6 - https:\/\/yoast.com\/wordpress\/plugins\/seo\/ -->\n<title>Verpflichtungserkl\u00e4rung - Auslaenderbehoerde.org<\/title>\n<meta name=\"description\" content=\"Mit einer Verpflichtungserkl\u00e4rung k\u00f6nnen Sie Menschen aus dem Ausland die Einreise und den Aufenthalt in Deutschland erm\u00f6glichen\" \/>\n<meta name=\"robots\" content=\"index, follow, max-snippet:-1, max-image-preview:large, max-video-preview:-1\" \/>\n<link rel=\"canonical\" href=\"https:\/\/auslaenderbehoerde.org\/pl\/deklaracja-zobowiazania\/\" \/>\n<meta property=\"og:locale\" content=\"pl_PL\" \/>\n<meta property=\"og:type\" content=\"article\" \/>\n<meta property=\"og:title\" content=\"Verpflichtungserkl\u00e4rung - Auslaenderbehoerde.org\" \/>\n<meta property=\"og:description\" content=\"Mit einer Verpflichtungserkl\u00e4rung k\u00f6nnen Sie Menschen aus dem Ausland die Einreise und den Aufenthalt in Deutschland erm\u00f6glichen\" \/>\n<meta property=\"og:url\" content=\"https:\/\/auslaenderbehoerde.org\/pl\/deklaracja-zobowiazania\/\" \/>\n<meta property=\"og:site_name\" content=\"auslaenderbehoerde.org\" \/>\n<meta property=\"article:modified_time\" content=\"2022-07-08T09:29:05+00:00\" \/>\n<meta property=\"og:image\" content=\"https:\/\/auslaenderbehoerde.org\/wp-content\/uploads\/2022\/06\/Verpflichtungserkla\u0308rung-scaled-e1656420805754.jpg\" \/>\n\t<meta property=\"og:image:width\" content=\"900\" \/>\n\t<meta property=\"og:image:height\" content=\"506\" \/>\n\t<meta property=\"og:image:type\" content=\"image\/jpeg\" \/>\n<meta name=\"twitter:card\" content=\"summary_large_image\" \/>\n<meta name=\"twitter:label1\" content=\"Szacowany czas czytania\" \/>\n\t<meta name=\"twitter:data1\" content=\"4 minuty\" \/>\n<script type=\"application\/ld+json\" class=\"yoast-schema-graph\">{\"@context\":\"https:\/\/schema.org\",\"@graph\":[{\"@type\":\"WebPage\",\"@id\":\"https:\/\/auslaenderbehoerde.org\/verpflichtungserklaerung\/\",\"url\":\"https:\/\/auslaenderbehoerde.org\/verpflichtungserklaerung\/\",\"name\":\"Verpflichtungserkl\u00e4rung - Auslaenderbehoerde.org\",\"isPartOf\":{\"@id\":\"https:\/\/auslaenderbehoerde.org\/#website\"},\"primaryImageOfPage\":{\"@id\":\"https:\/\/auslaenderbehoerde.org\/verpflichtungserklaerung\/#primaryimage\"},\"image\":{\"@id\":\"https:\/\/auslaenderbehoerde.org\/verpflichtungserklaerung\/#primaryimage\"},\"thumbnailUrl\":\"https:\/\/auslaenderbehoerde.org\/wp-content\/uploads\/2022\/06\/Verpflichtungserkla\u0308rung-scaled-e1656420805754.jpg\",\"datePublished\":\"2022-06-28T12:13:02+00:00\",\"dateModified\":\"2022-07-08T09:29:05+00:00\",\"description\":\"Mit einer Verpflichtungserkl\u00e4rung k\u00f6nnen Sie Menschen aus dem Ausland die Einreise und den Aufenthalt in Deutschland erm\u00f6glichen\",\"breadcrumb\":{\"@id\":\"https:\/\/auslaenderbehoerde.org\/verpflichtungserklaerung\/#breadcrumb\"},\"inLanguage\":\"pl-PL\",\"potentialAction\":[{\"@type\":\"ReadAction\",\"target\":[\"https:\/\/auslaenderbehoerde.org\/verpflichtungserklaerung\/\"]}]},{\"@type\":\"ImageObject\",\"inLanguage\":\"pl-PL\",\"@id\":\"https:\/\/auslaenderbehoerde.org\/verpflichtungserklaerung\/#primaryimage\",\"url\":\"https:\/\/auslaenderbehoerde.org\/wp-content\/uploads\/2022\/06\/Verpflichtungserkla\u0308rung-scaled-e1656420805754.jpg\",\"contentUrl\":\"https:\/\/auslaenderbehoerde.org\/wp-content\/uploads\/2022\/06\/Verpflichtungserkla\u0308rung-scaled-e1656420805754.jpg\",\"width\":900,\"height\":506,\"caption\":\"Verpflichtungserkl\u00e4rung\"},{\"@type\":\"BreadcrumbList\",\"@id\":\"https:\/\/auslaenderbehoerde.org\/verpflichtungserklaerung\/#breadcrumb\",\"itemListElement\":[{\"@type\":\"ListItem\",\"position\":1,\"name\":\"Startseite\",\"item\":\"https:\/\/auslaenderbehoerde.org\/\"},{\"@type\":\"ListItem\",\"position\":2,\"name\":\"Verpflichtungserkl\u00e4rung\"}]},{\"@type\":\"WebSite\",\"@id\":\"https:\/\/auslaenderbehoerde.org\/#website\",\"url\":\"https:\/\/auslaenderbehoerde.org\/\",\"name\":\"auslaenderbehoerde.org\",\"description\":\"\",\"potentialAction\":[{\"@type\":\"SearchAction\",\"target\":{\"@type\":\"EntryPoint\",\"urlTemplate\":\"https:\/\/auslaenderbehoerde.org\/?s={search_term_string}\"},\"query-input\":{\"@type\":\"PropertyValueSpecification\",\"valueRequired\":true,\"valueName\":\"search_term_string\"}}],\"inLanguage\":\"pl-PL\"}]}<\/script>\n<!-- \/ Yoast SEO plugin. -->","yoast_head_json":{"title":"Deklaracja zaanga\u017cowania - Auslaenderbehoerde.org","description":"Z deklaracj\u0105 zaanga\u017cowania mo\u017cesz umo\u017cliwi\u0107 osobom z zagranicy wjazd i pobyt w Niemczech","robots":{"index":"index","follow":"follow","max-snippet":"max-snippet:-1","max-image-preview":"max-image-preview:large","max-video-preview":"max-video-preview:-1"},"canonical":"https:\/\/auslaenderbehoerde.org\/pl\/deklaracja-zobowiazania\/","og_locale":"pl_PL","og_type":"article","og_title":"Verpflichtungserkl\u00e4rung - Auslaenderbehoerde.org","og_description":"Mit einer Verpflichtungserkl\u00e4rung k\u00f6nnen Sie Menschen aus dem Ausland die Einreise und den Aufenthalt in Deutschland erm\u00f6glichen","og_url":"https:\/\/auslaenderbehoerde.org\/pl\/deklaracja-zobowiazania\/","og_site_name":"auslaenderbehoerde.org","article_modified_time":"2022-07-08T09:29:05+00:00","og_image":[{"width":900,"height":506,"url":"https:\/\/auslaenderbehoerde.org\/wp-content\/uploads\/2022\/06\/Verpflichtungserkla\u0308rung-scaled-e1656420805754.jpg","type":"image\/jpeg"}],"twitter_card":"summary_large_image","twitter_misc":{"Szacowany czas czytania":"4 minuty"},"schema":{"@context":"https:\/\/schema.org","@graph":[{"@type":"WebPage","@id":"https:\/\/auslaenderbehoerde.org\/verpflichtungserklaerung\/","url":"https:\/\/auslaenderbehoerde.org\/verpflichtungserklaerung\/","name":"Deklaracja zaanga\u017cowania - Auslaenderbehoerde.org","isPartOf":{"@id":"https:\/\/auslaenderbehoerde.org\/#website"},"primaryImageOfPage":{"@id":"https:\/\/auslaenderbehoerde.org\/verpflichtungserklaerung\/#primaryimage"},"image":{"@id":"https:\/\/auslaenderbehoerde.org\/verpflichtungserklaerung\/#primaryimage"},"thumbnailUrl":"https:\/\/auslaenderbehoerde.org\/wp-content\/uploads\/2022\/06\/Verpflichtungserkla\u0308rung-scaled-e1656420805754.jpg","datePublished":"2022-06-28T12:13:02+00:00","dateModified":"2022-07-08T09:29:05+00:00","description":"Z deklaracj\u0105 zaanga\u017cowania mo\u017cesz umo\u017cliwi\u0107 osobom z zagranicy wjazd i pobyt w Niemczech","breadcrumb":{"@id":"https:\/\/auslaenderbehoerde.org\/verpflichtungserklaerung\/#breadcrumb"},"inLanguage":"pl-PL","potentialAction":[{"@type":"ReadAction","target":["https:\/\/auslaenderbehoerde.org\/verpflichtungserklaerung\/"]}]},{"@type":"ImageObject","inLanguage":"pl-PL","@id":"https:\/\/auslaenderbehoerde.org\/verpflichtungserklaerung\/#primaryimage","url":"https:\/\/auslaenderbehoerde.org\/wp-content\/uploads\/2022\/06\/Verpflichtungserkla\u0308rung-scaled-e1656420805754.jpg","contentUrl":"https:\/\/auslaenderbehoerde.org\/wp-content\/uploads\/2022\/06\/Verpflichtungserkla\u0308rung-scaled-e1656420805754.jpg","width":900,"height":506,"caption":"Verpflichtungserkl\u00e4rung"},{"@type":"BreadcrumbList","@id":"https:\/\/auslaenderbehoerde.org\/verpflichtungserklaerung\/#breadcrumb","itemListElement":[{"@type":"ListItem","position":1,"name":"Startseite","item":"https:\/\/auslaenderbehoerde.org\/"},{"@type":"ListItem","position":2,"name":"Verpflichtungserkl\u00e4rung"}]},{"@type":"WebSite","@id":"https:\/\/auslaenderbehoerde.org\/#website","url":"https:\/\/auslaenderbehoerde.org\/","name":"auslaenderbehoerde.org","description":"","potentialAction":[{"@type":"SearchAction","target":{"@type":"EntryPoint","urlTemplate":"https:\/\/auslaenderbehoerde.org\/?s={search_term_string}"},"query-input":{"@type":"PropertyValueSpecification","valueRequired":true,"valueName":"search_term_string"}}],"inLanguage":"pl-PL"}]}},"_links":{"self":[{"href":"https:\/\/auslaenderbehoerde.org\/pl\/wp-json\/wp\/v2\/pages\/145","targetHints":{"allow":["GET"]}}],"collection":[{"href":"https:\/\/auslaenderbehoerde.org\/pl\/wp-json\/wp\/v2\/pages"}],"about":[{"href":"https:\/\/auslaenderbehoerde.org\/pl\/wp-json\/wp\/v2\/types\/page"}],"author":[{"embeddable":true,"href":"https:\/\/auslaenderbehoerde.org\/pl\/wp-json\/wp\/v2\/users\/1"}],"replies":[{"embeddable":true,"href":"https:\/\/auslaenderbehoerde.org\/pl\/wp-json\/wp\/v2\/comments?post=145"}],"version-history":[{"count":10,"href":"https:\/\/auslaenderbehoerde.org\/pl\/wp-json\/wp\/v2\/pages\/145\/revisions"}],"predecessor-version":[{"id":667,"href":"https:\/\/auslaenderbehoerde.org\/pl\/wp-json\/wp\/v2\/pages\/145\/revisions\/667"}],"wp:featuredmedia":[{"embeddable":true,"href":"https:\/\/auslaenderbehoerde.org\/pl\/wp-json\/wp\/v2\/media\/159"}],"wp:attachment":[{"href":"https:\/\/auslaenderbehoerde.org\/pl\/wp-json\/wp\/v2\/media?parent=145"}],"curies":[{"name":"wp","href":"https:\/\/api.w.org\/{rel}","templated":true}]}}