{"id":147,"date":"2022-06-28T14:13:15","date_gmt":"2022-06-28T12:13:15","guid":{"rendered":"https:\/\/auslaenderbehoerde.org\/?page_id=147"},"modified":"2022-07-15T15:18:57","modified_gmt":"2022-07-15T13:18:57","slug":"aufenthaltstitel","status":"publish","type":"page","link":"https:\/\/auslaenderbehoerde.org\/pl\/zezwolenie-na-pobyt-2\/","title":{"rendered":"zezwolenie na pobyt"},"content":{"rendered":"<p><img decoding=\"async\" class=\"wp-image-155 size-full aligncenter\" src=\"https:\/\/auslaenderbehoerde.org\/wp-content\/uploads\/2022\/06\/Zwischen\u00fcberschrift-hinzu F\u00fcgen-3.png\" alt=\"zezwolenie na pobyt\" width=\"600\" height=\"400\" srcset=\"\" sizes=\"(max-width: 600px) 100vw, 600px\" data-srcset=\"\" \/><\/p>\n<p>Ka\u017cdy cudzoziemiec, kt\u00f3ry: <a href=\"https:\/\/ec.europa.eu\/taxation_customs\/list-non-eu-countries_de\" target=\"_blank\" rel=\"noopener\">nie w Unii Europejskiej<\/a> mieszkaniec potrzebuje zezwolenia na pobyt, aby m\u00f3c wjecha\u0107 do Niemiec. W zale\u017cno\u015bci od rodzaju i d\u0142ugo\u015bci po\u017c\u0105danego pobytu w Niemczech wymagane s\u0105 r\u00f3\u017cne zezwolenia na pobyt. Rozr\u00f3\u017cnia si\u0119 siedem r\u00f3\u017cnych zezwole\u0144 na pobyt.<\/p>\n<p>To ma znaczenie, czy go\u015bcie z zagranicy chc\u0105 po prostu odwiedzi\u0107 Niemcy, czy tam pracowa\u0107\/uczy\u0107 si\u0119. Poni\u017cej mo\u017cesz dowiedzie\u0107 si\u0119, jak skonstruowane s\u0105 r\u00f3\u017cne zezwolenia na pobyt i jak mo\u017cna z nich korzysta\u0107.<\/p>\n<h2>Jak ubiega si\u0119 o zezwolenie na pobyt?<\/h2>\n<p>Aby m\u00f3c ubiega\u0107 si\u0119 o zezwolenie na pobyt w Niemczech, nale\u017cy spe\u0142ni\u0107 wiele r\u00f3\u017cnych wymaga\u0144. W zale\u017cno\u015bci od rodzaju pobytu, jaki chcesz odby\u0107 w Niemczech, nale\u017cy przedstawi\u0107 wiele r\u00f3\u017cnych dowod\u00f3w. Zasadniczo, aby m\u00f3c ubiega\u0107 si\u0119 o zezwolenie na pobyt, nale\u017cy spe\u0142ni\u0107 nast\u0119puj\u0105ce wymagania:<\/p>\n<ul style=\"list-style-type: circle;\">\n<li>Wnioskodawcy musz\u0105 posiada\u0107 wa\u017cny paszport<\/li>\n<li>nale\u017cy z\u0142o\u017cy\u0107 wniosek online o zezwolenie na pobyt<\/li>\n<li>nale\u017cy przedstawi\u0107 dow\u00f3d, \u017ce mo\u017cna zapewni\u0107 \u015brodki do \u017cycia<\/li>\n<li>musi by\u0107 dost\u0119pna przejrzysta prezentacja narodowo\u015bci i to\u017csamo\u015bci<\/li>\n<li>Musi by\u0107 dost\u0119pny dow\u00f3d posiadania wystarczaj\u0105cego ubezpieczenia zdrowotnego<\/li>\n<li>nie mo\u017ce by\u0107 powodu, aby w\u0142adze niemieckie mog\u0142y mie\u0107 interes w deportacji<\/li>\n<\/ul>\n<h3>W Niemczech mo\u017cna ubiega\u0107 si\u0119 o nast\u0119puj\u0105ce zezwolenia na pobyt:<\/h3>\n<p>Do <strong>tymczasowy<\/strong> Zezwolenia na pobyt obejmuj\u0105:<\/p>\n<ul style=\"list-style-type: circle;\">\n<li>karta teleinformatyczna<\/li>\n<li>wiza<\/li>\n<li><a href=\"https:\/\/auslaenderbehoerde.org\/pl\/zezwolenie-na-pobyt\/\">zezwolenie na pobyt<\/a><\/li>\n<li>mobilna karta teleinformatyczna<\/li>\n<li>niebieska karta UE<\/li>\n<\/ul>\n<p>Do <strong>wieczny<\/strong> Zezwolenia na pobyt obejmuj\u0105:<\/p>\n<ul style=\"list-style-type: circle;\">\n<li>zezwolenie na pobyt sta\u0142y w UE<\/li>\n<li>zezwolenie na osiedlenie si\u0119<\/li>\n<\/ul>\n<div class=\"su-note\"  style=\"border-color:#d1d1d0;border-radius:3px;-moz-border-radius:3px;-webkit-border-radius:3px;\"><div class=\"su-note-inner su-u-clearfix su-u-trim\" style=\"background-color:#ebebea;border-color:#ffffff;color:#444444;border-radius:3px;-moz-border-radius:3px;-webkit-border-radius:3px;\"><strong>Spodziewasz si\u0119 go\u015bci z zagranicy?<\/strong> Z <a href=\"https:\/\/auslaenderbehoerde.org\/pl\/ubezpieczenie-podrozy-dla-gosci-zagranicznych\/\">Ubezpieczenie podr\u00f3\u017cne dla go\u015bci zagranicznych<\/a> korzystaj\u0105 z kompleksowej ochrony w Niemczech i Europie.<\/div><\/div>\n<h2>Co to jest eAT (elektroniczne zezwolenie na pobyt)?<\/h2>\n<p>eAT to elektroniczne zezwolenie na pobyt w Niemczech wydawane jako plastikowa karta w formacie karty kredytowej. Plastikowa karta zawiera nie tylko zdj\u0119cie biometryczne i dane osobowe, takie jak imi\u0119 i nazwisko, adres, odciski palc\u00f3w, narodowo\u015b\u0107 i data urodzenia, ale tak\u017ce chip jako no\u015bnik pami\u0119ci.<\/p>\n<p>Wszystkie warunki (postanowienia dodatkowe) s\u0105 na nim przechowywane, co oznacza, \u017ce eAT zawiera funkcj\u0119 identyfikacji online. Umo\u017cliwia to dobrowolne korzystanie z komercyjnych us\u0142ug online i us\u0142ug rz\u0105dowych, do kt\u00f3rych mo\u017cna szybko i \u0142atwo uzyska\u0107 dost\u0119p przez Internet. Kradzie\u017c lub niew\u0142a\u015bciwe u\u017cycie danych nie jest mo\u017cliwe. Z kilkoma wyj\u0105tkami eAT zast\u0105pi\u0142 papierowe zezwolenie na pobyt.<\/p>\n<h3 id=\"customheading6\"><strong>powi\u0105zane linki\u00a0<\/strong><\/h3>\n<ul>\n<li><a href=\"https:\/\/auslaenderbehoerde.org\/pl\/pierwsze-kroki-w-niemczech\/\" data-wpel-link=\"internal\">Pierwsze kroki w Niemczech<\/a><\/li>\n<li><a href=\"https:\/\/auslaenderbehoerde.org\/pl\/\">Organy imigracyjne w Niemczech<\/a><\/li>\n<\/ul>","protected":false},"excerpt":{"rendered":"<p>Ka\u017cdy cudzoziemiec, kt\u00f3ry nie jest rezydentem Unii Europejskiej, potrzebuje pozwolenia na pobyt, aby wjecha\u0107 do Niemiec. W zale\u017cno\u015bci od rodzaju i d\u0142ugo\u015bci planowanego pobytu w Niemczech wymagane s\u0105 r\u00f3\u017cne pozwolenia na pobyt. Rozr\u00f3\u017cnia si\u0119 siedem r\u00f3\u017cnych zezwole\u0144 na pobyt. Nie ma znaczenia, czy go\u015bcie z zagranicy odwiedzaj\u0105 tylko Niemcy, czy te\u017c\u2026&nbsp;<a href=\"https:\/\/auslaenderbehoerde.org\/pl\/zezwolenie-na-pobyt-2\/\" rel=\"bookmark\">Czytaj wi\u0119cej \u00bb<span class=\"screen-reader-text\">zezwolenie na pobyt<\/span><\/a><\/p>","protected":false},"author":1,"featured_media":155,"parent":0,"menu_order":0,"comment_status":"closed","ping_status":"closed","template":"","meta":{"neve_meta_sidebar":"","neve_meta_container":"","neve_meta_enable_content_width":"off","neve_meta_content_width":100,"neve_meta_title_alignment":"","neve_meta_author_avatar":"","neve_post_elements_order":"","neve_meta_disable_header":"","neve_meta_disable_footer":"","neve_meta_disable_title":"","neve_meta_reading_time":"","footnotes":""},"class_list":["post-147","page","type-page","status-publish","has-post-thumbnail","hentry"],"yoast_head":"<!-- This site is optimized with the Yoast SEO plugin v26.6 - https:\/\/yoast.com\/wordpress\/plugins\/seo\/ -->\n<title>Diese Aufenthaltstitel gibt es in Deutschland - Auslaenderbehoerde<\/title>\n<meta name=\"description\" content=\"Ein Aufenthaltstitel berechtigt den Angeh\u00f6rigen eines Drittstaates zum Aufenthalt in Deutschland. Insgesamt gibt es sieben verschiedene.\" \/>\n<meta name=\"robots\" content=\"index, follow, max-snippet:-1, max-image-preview:large, max-video-preview:-1\" \/>\n<link rel=\"canonical\" href=\"https:\/\/auslaenderbehoerde.org\/pl\/zezwolenie-na-pobyt-2\/\" \/>\n<meta property=\"og:locale\" content=\"pl_PL\" \/>\n<meta property=\"og:type\" content=\"article\" \/>\n<meta property=\"og:title\" content=\"Diese Aufenthaltstitel gibt es in Deutschland - Auslaenderbehoerde\" \/>\n<meta property=\"og:description\" content=\"Ein Aufenthaltstitel berechtigt den Angeh\u00f6rigen eines Drittstaates zum Aufenthalt in Deutschland. Insgesamt gibt es sieben verschiedene.\" \/>\n<meta property=\"og:url\" content=\"https:\/\/auslaenderbehoerde.org\/pl\/zezwolenie-na-pobyt-2\/\" \/>\n<meta property=\"og:site_name\" content=\"auslaenderbehoerde.org\" \/>\n<meta property=\"article:modified_time\" content=\"2022-07-15T13:18:57+00:00\" \/>\n<meta property=\"og:image\" content=\"https:\/\/auslaenderbehoerde.org\/wp-content\/uploads\/2022\/06\/Zwischenu\u0308berschrift-hinzufu\u0308gen-3.png\" \/>\n\t<meta property=\"og:image:width\" content=\"600\" \/>\n\t<meta property=\"og:image:height\" content=\"400\" \/>\n\t<meta property=\"og:image:type\" content=\"image\/png\" \/>\n<meta name=\"twitter:card\" content=\"summary_large_image\" \/>\n<meta name=\"twitter:label1\" content=\"Szacowany czas czytania\" \/>\n\t<meta name=\"twitter:data1\" content=\"3 minuty\" \/>\n<script type=\"application\/ld+json\" class=\"yoast-schema-graph\">{\"@context\":\"https:\/\/schema.org\",\"@graph\":[{\"@type\":\"WebPage\",\"@id\":\"https:\/\/auslaenderbehoerde.org\/aufenthaltstitel\/\",\"url\":\"https:\/\/auslaenderbehoerde.org\/aufenthaltstitel\/\",\"name\":\"Diese Aufenthaltstitel gibt es in Deutschland - Auslaenderbehoerde\",\"isPartOf\":{\"@id\":\"https:\/\/auslaenderbehoerde.org\/#website\"},\"primaryImageOfPage\":{\"@id\":\"https:\/\/auslaenderbehoerde.org\/aufenthaltstitel\/#primaryimage\"},\"image\":{\"@id\":\"https:\/\/auslaenderbehoerde.org\/aufenthaltstitel\/#primaryimage\"},\"thumbnailUrl\":\"https:\/\/auslaenderbehoerde.org\/wp-content\/uploads\/2022\/06\/Zwischenu\u0308berschrift-hinzufu\u0308gen-3.png\",\"datePublished\":\"2022-06-28T12:13:15+00:00\",\"dateModified\":\"2022-07-15T13:18:57+00:00\",\"description\":\"Ein Aufenthaltstitel berechtigt den Angeh\u00f6rigen eines Drittstaates zum Aufenthalt in Deutschland. Insgesamt gibt es sieben verschiedene.\",\"breadcrumb\":{\"@id\":\"https:\/\/auslaenderbehoerde.org\/aufenthaltstitel\/#breadcrumb\"},\"inLanguage\":\"pl-PL\",\"potentialAction\":[{\"@type\":\"ReadAction\",\"target\":[\"https:\/\/auslaenderbehoerde.org\/aufenthaltstitel\/\"]}]},{\"@type\":\"ImageObject\",\"inLanguage\":\"pl-PL\",\"@id\":\"https:\/\/auslaenderbehoerde.org\/aufenthaltstitel\/#primaryimage\",\"url\":\"https:\/\/auslaenderbehoerde.org\/wp-content\/uploads\/2022\/06\/Zwischenu\u0308berschrift-hinzufu\u0308gen-3.png\",\"contentUrl\":\"https:\/\/auslaenderbehoerde.org\/wp-content\/uploads\/2022\/06\/Zwischenu\u0308berschrift-hinzufu\u0308gen-3.png\",\"width\":600,\"height\":400,\"caption\":\"Aufenthaltstitel\"},{\"@type\":\"BreadcrumbList\",\"@id\":\"https:\/\/auslaenderbehoerde.org\/aufenthaltstitel\/#breadcrumb\",\"itemListElement\":[{\"@type\":\"ListItem\",\"position\":1,\"name\":\"Startseite\",\"item\":\"https:\/\/auslaenderbehoerde.org\/\"},{\"@type\":\"ListItem\",\"position\":2,\"name\":\"Aufenthaltstitel\"}]},{\"@type\":\"WebSite\",\"@id\":\"https:\/\/auslaenderbehoerde.org\/#website\",\"url\":\"https:\/\/auslaenderbehoerde.org\/\",\"name\":\"auslaenderbehoerde.org\",\"description\":\"\",\"potentialAction\":[{\"@type\":\"SearchAction\",\"target\":{\"@type\":\"EntryPoint\",\"urlTemplate\":\"https:\/\/auslaenderbehoerde.org\/?s={search_term_string}\"},\"query-input\":{\"@type\":\"PropertyValueSpecification\",\"valueRequired\":true,\"valueName\":\"search_term_string\"}}],\"inLanguage\":\"pl-PL\"}]}<\/script>\n<!-- \/ Yoast SEO plugin. -->","yoast_head_json":{"title":"Te zezwolenia na pobyt s\u0105 dost\u0119pne w Niemczech - Urz\u0105d ds. Cudzoziemc\u00f3w","description":"Zezwolenie na pobyt uprawnia obywatela pa\u0144stwa trzeciego do pobytu w Niemczech. W sumie jest siedem r\u00f3\u017cnych.","robots":{"index":"index","follow":"follow","max-snippet":"max-snippet:-1","max-image-preview":"max-image-preview:large","max-video-preview":"max-video-preview:-1"},"canonical":"https:\/\/auslaenderbehoerde.org\/pl\/zezwolenie-na-pobyt-2\/","og_locale":"pl_PL","og_type":"article","og_title":"Diese Aufenthaltstitel gibt es in Deutschland - Auslaenderbehoerde","og_description":"Ein Aufenthaltstitel berechtigt den Angeh\u00f6rigen eines Drittstaates zum Aufenthalt in Deutschland. Insgesamt gibt es sieben verschiedene.","og_url":"https:\/\/auslaenderbehoerde.org\/pl\/zezwolenie-na-pobyt-2\/","og_site_name":"auslaenderbehoerde.org","article_modified_time":"2022-07-15T13:18:57+00:00","og_image":[{"width":600,"height":400,"url":"https:\/\/auslaenderbehoerde.org\/wp-content\/uploads\/2022\/06\/Zwischenu\u0308berschrift-hinzufu\u0308gen-3.png","type":"image\/png"}],"twitter_card":"summary_large_image","twitter_misc":{"Szacowany czas czytania":"3 minuty"},"schema":{"@context":"https:\/\/schema.org","@graph":[{"@type":"WebPage","@id":"https:\/\/auslaenderbehoerde.org\/aufenthaltstitel\/","url":"https:\/\/auslaenderbehoerde.org\/aufenthaltstitel\/","name":"Te zezwolenia na pobyt s\u0105 dost\u0119pne w Niemczech - Urz\u0105d ds. Cudzoziemc\u00f3w","isPartOf":{"@id":"https:\/\/auslaenderbehoerde.org\/#website"},"primaryImageOfPage":{"@id":"https:\/\/auslaenderbehoerde.org\/aufenthaltstitel\/#primaryimage"},"image":{"@id":"https:\/\/auslaenderbehoerde.org\/aufenthaltstitel\/#primaryimage"},"thumbnailUrl":"https:\/\/auslaenderbehoerde.org\/wp-content\/uploads\/2022\/06\/Zwischenu\u0308berschrift-hinzufu\u0308gen-3.png","datePublished":"2022-06-28T12:13:15+00:00","dateModified":"2022-07-15T13:18:57+00:00","description":"Zezwolenie na pobyt uprawnia obywatela pa\u0144stwa trzeciego do pobytu w Niemczech. W sumie jest siedem r\u00f3\u017cnych.","breadcrumb":{"@id":"https:\/\/auslaenderbehoerde.org\/aufenthaltstitel\/#breadcrumb"},"inLanguage":"pl-PL","potentialAction":[{"@type":"ReadAction","target":["https:\/\/auslaenderbehoerde.org\/aufenthaltstitel\/"]}]},{"@type":"ImageObject","inLanguage":"pl-PL","@id":"https:\/\/auslaenderbehoerde.org\/aufenthaltstitel\/#primaryimage","url":"https:\/\/auslaenderbehoerde.org\/wp-content\/uploads\/2022\/06\/Zwischenu\u0308berschrift-hinzufu\u0308gen-3.png","contentUrl":"https:\/\/auslaenderbehoerde.org\/wp-content\/uploads\/2022\/06\/Zwischenu\u0308berschrift-hinzufu\u0308gen-3.png","width":600,"height":400,"caption":"Aufenthaltstitel"},{"@type":"BreadcrumbList","@id":"https:\/\/auslaenderbehoerde.org\/aufenthaltstitel\/#breadcrumb","itemListElement":[{"@type":"ListItem","position":1,"name":"Startseite","item":"https:\/\/auslaenderbehoerde.org\/"},{"@type":"ListItem","position":2,"name":"Aufenthaltstitel"}]},{"@type":"WebSite","@id":"https:\/\/auslaenderbehoerde.org\/#website","url":"https:\/\/auslaenderbehoerde.org\/","name":"auslaenderbehoerde.org","description":"","potentialAction":[{"@type":"SearchAction","target":{"@type":"EntryPoint","urlTemplate":"https:\/\/auslaenderbehoerde.org\/?s={search_term_string}"},"query-input":{"@type":"PropertyValueSpecification","valueRequired":true,"valueName":"search_term_string"}}],"inLanguage":"pl-PL"}]}},"_links":{"self":[{"href":"https:\/\/auslaenderbehoerde.org\/pl\/wp-json\/wp\/v2\/pages\/147","targetHints":{"allow":["GET"]}}],"collection":[{"href":"https:\/\/auslaenderbehoerde.org\/pl\/wp-json\/wp\/v2\/pages"}],"about":[{"href":"https:\/\/auslaenderbehoerde.org\/pl\/wp-json\/wp\/v2\/types\/page"}],"author":[{"embeddable":true,"href":"https:\/\/auslaenderbehoerde.org\/pl\/wp-json\/wp\/v2\/users\/1"}],"replies":[{"embeddable":true,"href":"https:\/\/auslaenderbehoerde.org\/pl\/wp-json\/wp\/v2\/comments?post=147"}],"version-history":[{"count":9,"href":"https:\/\/auslaenderbehoerde.org\/pl\/wp-json\/wp\/v2\/pages\/147\/revisions"}],"predecessor-version":[{"id":212,"href":"https:\/\/auslaenderbehoerde.org\/pl\/wp-json\/wp\/v2\/pages\/147\/revisions\/212"}],"wp:featuredmedia":[{"embeddable":true,"href":"https:\/\/auslaenderbehoerde.org\/pl\/wp-json\/wp\/v2\/media\/155"}],"wp:attachment":[{"href":"https:\/\/auslaenderbehoerde.org\/pl\/wp-json\/wp\/v2\/media?parent=147"}],"curies":[{"name":"wp","href":"https:\/\/api.w.org\/{rel}","templated":true}]}}