{"id":20,"date":"2022-06-27T09:48:18","date_gmt":"2022-06-27T07:48:18","guid":{"rendered":"https:\/\/auslaenderbehoerde.org\/?page_id=20"},"modified":"2025-12-30T07:05:27","modified_gmt":"2025-12-30T06:05:27","slug":"impressum","status":"publish","type":"page","link":"https:\/\/auslaenderbehoerde.org\/pl\/odcisk\/","title":{"rendered":"odcisk"},"content":{"rendered":"<h1>odcisk<\/h1>\n<h2>Zgodnie z \u00a7 5 TMG:<\/h2>\n<p>Petrosa Aslanakisa<br \/>\n889\/850 Moo 5<br \/>\nNong Prue, Bang Lamung<br \/>\nChon Buri 20150<br \/>\nTajlandia<\/p>\n<h2>Kontakt:<\/h2>\n<p>E-mail: post(at)auslaenderbehoerde.org<\/p>\n<p><strong>Ta strona nie jest oficjaln\u0105 stron\u0105 w\u0142adz.\u00a0<\/strong><\/p>\n<p><strong>Prosz\u0119 zrozumie\u0107, \u017ce jako operator strony nie mo\u017cemy udziela\u0107 \u017cadnych porad ani informacji.<\/strong><\/p>\n<h2>Zastrze\u017cenie<\/h2>\n<p><strong>Odpowiedzialno\u015b\u0107 za tre\u015b\u0107<\/strong><\/p>\n<p>Jako us\u0142ugodawca odpowiadamy za w\u0142asne tre\u015bci na tych stronach zgodnie z \u00a7 7 ust. 1 niemieckiej ustawy o telemediach (TMG). Zgodnie z \u00a7\u00a7 8 do 10 TMG jako us\u0142ugodawca nie jeste\u015bmy jednak zobowi\u0105zani do monitorowania przekazywanych lub przechowywanych informacji os\u00f3b trzecich ani do badania okoliczno\u015bci wskazuj\u0105cych na dzia\u0142alno\u015b\u0107 niezgodn\u0105 z prawem.<\/p>\n<p>Zobowi\u0105zania do usuni\u0119cia lub zablokowania korzystania z informacji zgodnie z og\u00f3lnymi przepisami prawa pozostaj\u0105 nienaruszone. Odpowiedzialno\u015b\u0107 w tym zakresie jest jednak mo\u017cliwa dopiero od momentu, w kt\u00f3rym wiadomo o konkretnym naruszeniu prawa. Gdy tylko dowiemy si\u0119 o jakichkolwiek naruszeniach prawa, natychmiast usuniemy te tre\u015bci.<\/p>\n<p><strong>Odpowiedzialno\u015b\u0107 za linki<\/strong><\/p>\n<p>Nasza oferta zawiera linki do zewn\u0119trznych stron internetowych podmiot\u00f3w trzecich, na kt\u00f3rych tre\u015b\u0107 nie mamy wp\u0142ywu. Dlatego nie mo\u017cemy ponosi\u0107 \u017cadnej odpowiedzialno\u015bci za te zewn\u0119trzne tre\u015bci. Odpowiedni dostawca lub operator stron jest zawsze odpowiedzialny za tre\u015b\u0107 stron, do kt\u00f3rych prowadz\u0105 \u0142\u0105cza. Strony, do kt\u00f3rych prowadz\u0105 \u0142\u0105cza, zosta\u0142y sprawdzone pod k\u0105tem ewentualnych narusze\u0144 prawa w momencie \u0142\u0105czenia. Nielegalne tre\u015bci nie by\u0142y rozpoznawalne w momencie \u0142\u0105czenia.<\/p>\n<p>Jednak sta\u0142a kontrola tre\u015bci stron, do kt\u00f3rych prowadz\u0105 linki, nie jest uzasadniona bez konkretnych dowod\u00f3w naruszenia. Gdy tylko dowiemy si\u0119 o naruszeniach prawa, natychmiast usuniemy takie linki.<\/p>\n<p><strong>Prawo autorskie<\/strong><\/p>\n<p>Tre\u015bci i prace na tych stronach stworzone przez operator\u00f3w witryn podlegaj\u0105 niemieckiemu prawu autorskiemu. Powielanie, edytowanie, rozpowszechnianie i wszelkiego rodzaju wykorzystywanie poza granicami praw autorskich wymaga pisemnej zgody danego autora lub tw\u00f3rcy. Pobieranie i kopiowanie tej witryny jest dozwolone wy\u0142\u0105cznie do prywatnego, niekomercyjnego u\u017cytku.<\/p>\n<p>O ile tre\u015bci na tej stronie nie zosta\u0142y stworzone przez operatora, przestrzegane s\u0105 prawa autorskie os\u00f3b trzecich. W szczeg\u00f3lno\u015bci tre\u015bci os\u00f3b trzecich s\u0105 jako takie oznaczone. Je\u015bli mimo to dowiesz si\u0119 o naruszeniu praw autorskich, prosimy o odpowiedni\u0105 informacj\u0119. Gdy tylko dowiemy si\u0119 o naruszeniach prawa, natychmiast usuniemy takie tre\u015bci.<\/p>\n<p>\u0179r\u00f3d\u0142o:\u00a0<em><a href=\"https:\/\/www.e-recht24.de\/\" target=\"_blank\" rel=\"external noopener noreferrer\" data-wpel-link=\"external\">eRecht24<\/a><\/em><\/p>","protected":false},"excerpt":{"rendered":"<p>Informacja prawna (Impressum) Informacje zgodnie z \u00a7 5 TMG: Petros Aslanakis 889\/850 Moo 5 Nong Prue, Bang Lamung Chon Buri 20150 Tajlandia Kontakt: E-mail: post(at)auslaenderbehoerde.org Niniejsza strona internetowa nie jest oficjaln\u0105 stron\u0105 internetow\u0105 w\u0142adz. Prosimy o zrozumienie, \u017ce jako operatorzy strony internetowej nie mo\u017cemy udziela\u0107 \u017cadnych porad ani informacji. Zastrze\u017cenie: Odpowiedzialno\u015b\u0107 za tre\u015b\u0107. Jako dostawca us\u0142ug jeste\u015bmy odpowiedzialni za\u2026&nbsp;<a href=\"https:\/\/auslaenderbehoerde.org\/pl\/odcisk\/\" rel=\"bookmark\">Czytaj wi\u0119cej \u00bb<span class=\"screen-reader-text\">odcisk<\/span><\/a><\/p>","protected":false},"author":1,"featured_media":0,"parent":0,"menu_order":0,"comment_status":"closed","ping_status":"closed","template":"","meta":{"neve_meta_sidebar":"","neve_meta_container":"","neve_meta_enable_content_width":"off","neve_meta_content_width":100,"neve_meta_title_alignment":"","neve_meta_author_avatar":"","neve_post_elements_order":"","neve_meta_disable_header":"","neve_meta_disable_footer":"","neve_meta_disable_title":"on","neve_meta_reading_time":"","footnotes":""},"class_list":["post-20","page","type-page","status-publish","hentry"],"yoast_head":"<!-- This site is optimized with the Yoast SEO plugin v26.6 - https:\/\/yoast.com\/wordpress\/plugins\/seo\/ -->\n<title>Impressum - auslaenderbehoerde.org<\/title>\n<meta name=\"robots\" content=\"noindex, follow\" \/>\n<meta property=\"og:locale\" content=\"pl_PL\" \/>\n<meta property=\"og:type\" content=\"article\" \/>\n<meta property=\"og:title\" content=\"Impressum - auslaenderbehoerde.org\" \/>\n<meta property=\"og:description\" content=\"Impressum Angaben gem\u00e4\u00df \u00a7 5 TMG: Petros Aslanakis 889\/850 Moo 5 Nong Prue, Bang Lamung Chon Buri 20150 Thailand Kontakt: E-Mail: post(at)auslaenderbehoerde.org Diese Webseite ist keine offizielle Webseite der Beh\u00f6rden.\u00a0 Bitte haben Sie Verst\u00e4ndnis, dass wir als Seitenbetreiber keinerlei Beratung vornehmen oder Informationen erteilen k\u00f6nnen. Haftungsausschluss (Disclaimer) Haftung f\u00fcr Inhalte Als Diensteanbieter sind wir gem\u00e4\u00df&hellip;&nbsp;Read More &raquo;Impressum\" \/>\n<meta property=\"og:url\" content=\"https:\/\/auslaenderbehoerde.org\/pl\/odcisk\/\" \/>\n<meta property=\"og:site_name\" content=\"auslaenderbehoerde.org\" \/>\n<meta property=\"article:modified_time\" content=\"2025-12-30T06:05:27+00:00\" \/>\n<meta name=\"twitter:card\" content=\"summary_large_image\" \/>\n<meta name=\"twitter:label1\" content=\"Szacowany czas czytania\" \/>\n\t<meta name=\"twitter:data1\" content=\"2 minuty\" \/>\n<script type=\"application\/ld+json\" class=\"yoast-schema-graph\">{\"@context\":\"https:\/\/schema.org\",\"@graph\":[{\"@type\":\"WebPage\",\"@id\":\"https:\/\/auslaenderbehoerde.org\/impressum\/\",\"url\":\"https:\/\/auslaenderbehoerde.org\/impressum\/\",\"name\":\"Impressum - auslaenderbehoerde.org\",\"isPartOf\":{\"@id\":\"https:\/\/auslaenderbehoerde.org\/#website\"},\"datePublished\":\"2022-06-27T07:48:18+00:00\",\"dateModified\":\"2025-12-30T06:05:27+00:00\",\"breadcrumb\":{\"@id\":\"https:\/\/auslaenderbehoerde.org\/impressum\/#breadcrumb\"},\"inLanguage\":\"pl-PL\",\"potentialAction\":[{\"@type\":\"ReadAction\",\"target\":[\"https:\/\/auslaenderbehoerde.org\/impressum\/\"]}]},{\"@type\":\"BreadcrumbList\",\"@id\":\"https:\/\/auslaenderbehoerde.org\/impressum\/#breadcrumb\",\"itemListElement\":[{\"@type\":\"ListItem\",\"position\":1,\"name\":\"Startseite\",\"item\":\"https:\/\/auslaenderbehoerde.org\/\"},{\"@type\":\"ListItem\",\"position\":2,\"name\":\"Impressum\"}]},{\"@type\":\"WebSite\",\"@id\":\"https:\/\/auslaenderbehoerde.org\/#website\",\"url\":\"https:\/\/auslaenderbehoerde.org\/\",\"name\":\"auslaenderbehoerde.org\",\"description\":\"\",\"potentialAction\":[{\"@type\":\"SearchAction\",\"target\":{\"@type\":\"EntryPoint\",\"urlTemplate\":\"https:\/\/auslaenderbehoerde.org\/?s={search_term_string}\"},\"query-input\":{\"@type\":\"PropertyValueSpecification\",\"valueRequired\":true,\"valueName\":\"search_term_string\"}}],\"inLanguage\":\"pl-PL\"}]}<\/script>\n<!-- \/ Yoast SEO plugin. -->","yoast_head_json":{"title":"Odcisk - auslaenderbehoerde.org","robots":{"index":"noindex","follow":"follow"},"og_locale":"pl_PL","og_type":"article","og_title":"Impressum - auslaenderbehoerde.org","og_description":"Impressum Angaben gem\u00e4\u00df \u00a7 5 TMG: Petros Aslanakis 889\/850 Moo 5 Nong Prue, Bang Lamung Chon Buri 20150 Thailand Kontakt: E-Mail: post(at)auslaenderbehoerde.org Diese Webseite ist keine offizielle Webseite der Beh\u00f6rden.\u00a0 Bitte haben Sie Verst\u00e4ndnis, dass wir als Seitenbetreiber keinerlei Beratung vornehmen oder Informationen erteilen k\u00f6nnen. Haftungsausschluss (Disclaimer) Haftung f\u00fcr Inhalte Als Diensteanbieter sind wir gem\u00e4\u00df&hellip;&nbsp;Read More &raquo;Impressum","og_url":"https:\/\/auslaenderbehoerde.org\/pl\/odcisk\/","og_site_name":"auslaenderbehoerde.org","article_modified_time":"2025-12-30T06:05:27+00:00","twitter_card":"summary_large_image","twitter_misc":{"Szacowany czas czytania":"2 minuty"},"schema":{"@context":"https:\/\/schema.org","@graph":[{"@type":"WebPage","@id":"https:\/\/auslaenderbehoerde.org\/impressum\/","url":"https:\/\/auslaenderbehoerde.org\/impressum\/","name":"Odcisk - auslaenderbehoerde.org","isPartOf":{"@id":"https:\/\/auslaenderbehoerde.org\/#website"},"datePublished":"2022-06-27T07:48:18+00:00","dateModified":"2025-12-30T06:05:27+00:00","breadcrumb":{"@id":"https:\/\/auslaenderbehoerde.org\/impressum\/#breadcrumb"},"inLanguage":"pl-PL","potentialAction":[{"@type":"ReadAction","target":["https:\/\/auslaenderbehoerde.org\/impressum\/"]}]},{"@type":"BreadcrumbList","@id":"https:\/\/auslaenderbehoerde.org\/impressum\/#breadcrumb","itemListElement":[{"@type":"ListItem","position":1,"name":"Startseite","item":"https:\/\/auslaenderbehoerde.org\/"},{"@type":"ListItem","position":2,"name":"Impressum"}]},{"@type":"WebSite","@id":"https:\/\/auslaenderbehoerde.org\/#website","url":"https:\/\/auslaenderbehoerde.org\/","name":"auslaenderbehoerde.org","description":"","potentialAction":[{"@type":"SearchAction","target":{"@type":"EntryPoint","urlTemplate":"https:\/\/auslaenderbehoerde.org\/?s={search_term_string}"},"query-input":{"@type":"PropertyValueSpecification","valueRequired":true,"valueName":"search_term_string"}}],"inLanguage":"pl-PL"}]}},"_links":{"self":[{"href":"https:\/\/auslaenderbehoerde.org\/pl\/wp-json\/wp\/v2\/pages\/20","targetHints":{"allow":["GET"]}}],"collection":[{"href":"https:\/\/auslaenderbehoerde.org\/pl\/wp-json\/wp\/v2\/pages"}],"about":[{"href":"https:\/\/auslaenderbehoerde.org\/pl\/wp-json\/wp\/v2\/types\/page"}],"author":[{"embeddable":true,"href":"https:\/\/auslaenderbehoerde.org\/pl\/wp-json\/wp\/v2\/users\/1"}],"replies":[{"embeddable":true,"href":"https:\/\/auslaenderbehoerde.org\/pl\/wp-json\/wp\/v2\/comments?post=20"}],"version-history":[{"count":3,"href":"https:\/\/auslaenderbehoerde.org\/pl\/wp-json\/wp\/v2\/pages\/20\/revisions"}],"predecessor-version":[{"id":2475,"href":"https:\/\/auslaenderbehoerde.org\/pl\/wp-json\/wp\/v2\/pages\/20\/revisions\/2475"}],"wp:attachment":[{"href":"https:\/\/auslaenderbehoerde.org\/pl\/wp-json\/wp\/v2\/media?parent=20"}],"curies":[{"name":"wp","href":"https:\/\/api.w.org\/{rel}","templated":true}]}}