{"id":281,"date":"2022-07-04T14:03:17","date_gmt":"2022-07-04T12:03:17","guid":{"rendered":"https:\/\/auslaenderbehoerde.org\/?page_id=281"},"modified":"2022-07-05T09:51:23","modified_gmt":"2022-07-05T07:51:23","slug":"auslaenderbehoerde-biberach-an-der-riss","status":"publish","type":"page","link":"https:\/\/auslaenderbehoerde.org\/pl\/wladze-imigracyjne-biberach-an-der-riss\/","title":{"rendered":"Biuro Imigracyjne Biberach an der Riss"},"content":{"rendered":"<p>Tutaj znajdziesz r\u00f3\u017cne mo\u017cliwo\u015bci kontaktu i inne przydatne informacje dotycz\u0105ce urz\u0119du imigracyjnego w Biberach an der Riss \u2013 Badenia-Wirtembergia.<\/p>\n<p><strong>Adres zamieszkania: <\/strong>Urz\u0105d Imigracyjny Okr\u0119gu Biberach an der Riss, Rollinstrasse 9, 88400 Biberach an der Riss<br \/>\n<strong>Telefon:<\/strong> 07351 52-6262<br \/>\n<strong>Faks:<\/strong> 07351 52-5262<br \/>\n<strong>E-mail:<\/strong> <a href=\"mailto:auslamt@biberach.de\">auslamt@biberach.de<\/a><br \/>\n<strong>Stronie internetowej:<\/strong> <a href=\"https:\/\/www.biberach.de\/\">www.biberach.de<\/a><br \/>\n<strong>Godziny otwarcia:<\/strong> zobacz stron\u0119<\/p>\n<p><iframe style=\"border: 0;\" src=\"https:\/\/www.google.com\/maps\/embed?pb=!1m18!1m12!1m3!1d2664.7495319968225!2d9.791008851472409!3d48.09577517911823!2m3!1f0!2f0!3f0!3m2!1i1024!2i768!4f13.1!3m3!1m2!1s0x479bc5993388f97d%3A0xa2ebd6676e2a13aa!2sRollinstra%C3%9Fe%209%2C%2088400%20Biberach%20an%20der%20Ri%C3%9F!5e0!3m2!1sde!2sde!4v1656936188497!5m2!1sde!2sde\" width=\"600\" height=\"450\" allowfullscreen=\"allowfullscreen\"><\/iframe><\/p>\n<h2>Zadania w\u0142adz imigracyjnych w Biberach an der Riss<\/h2>\n<p>Urz\u0105d imigracyjny w Biberach an der Riss jest odpowiedzialny za mieszka\u0144c\u00f3w Biberach an der Riss i miast stowarzyszonych. Urz\u0105d jest pierwszym adresem dla cudzoziemc\u00f3w przybywaj\u0105cych z zagranicy. Odpowiada za wydawanie lub odmawianie zezwole\u0144 na pobyt zgodnie z odpowiednimi celami pobytu okre\u015blonymi w ustawie o pobycie.<\/p>\n<p>Urz\u0105d Imigracyjny jest r\u00f3wnie\u017c odpowiedzialny za wydawanie <a href=\"https:\/\/auslaenderbehoerde.org\/pl\/zezwolenie-na-pobyt\/\">zezwolenie na pobyt<\/a>, <a href=\"https:\/\/auslaenderbehoerde.org\/pl\/deklaracja-zobowiazania\/\">deklaracja zobowi\u0105zania<\/a>, dokumenty podr\u00f3\u017cy i zezwolenia tolerowane dla cudzoziemc\u00f3w. Urz\u0105d imigracyjny nad tym pracuje <a href=\"https:\/\/www.gesetze-im-internet.de\/aufenthg_2004\/__71.html\" target=\"_blank\" rel=\"noopener external noreferrer\" data-wpel-link=\"external\">Sekcja 71<\/a> AufenthG i odpowiada za regulowanie wszelkich decyzji i \u015brodk\u00f3w, kt\u00f3re maj\u0105 wp\u0142yw na prawa paszportowe i pobytowe cudzoziemc\u00f3w.<\/p>\n<p>Odpowiedzialno\u015b\u0107 urz\u0119du do spraw cudzoziemc\u00f3w rozci\u0105ga si\u0119 r\u00f3wnie\u017c na wiele innych zada\u0144. Rodzaj i czas trwania zezwolenia na pobyt s\u0105 bardzo zr\u00f3\u017cnicowane. Niekt\u00f3rym wyznacza si\u0119 limit czasowy, innym odmawia si\u0119 zezwolenia na pobyt i udziela si\u0119 zezwolenia na wyjazd zgodnie z ustaw\u0105 o pobycie.<\/p>\n<p>Organy imigracyjne s\u0105 r\u00f3wnie\u017c odpowiedzialne za osoby ubiegaj\u0105ce si\u0119 o azyl i osoby przesiedlone. Ty decydujesz o <a href=\"https:\/\/auslaenderbehoerde.org\/pl\/zezwolenie-na-pobyt-2\/\">zezwolenie na pobyt<\/a> i wyda\u0107 je, je\u015bli decyzja jest pozytywna.<\/p>\n<p><strong>Oto przegl\u0105d tego, za co odpowiedzialne s\u0105 w\u0142adze imigracyjne:<\/strong><\/p>\n<ul style=\"list-style-type: circle;\">\n<li>pomoc dla uchod\u017ac\u00f3w<\/li>\n<li>Opieka spo\u0142eczna<\/li>\n<li>kursy integracyjne<\/li>\n<li>Organizacja i zatwierdzanie wjazdu i pobytu w Niemczech<\/li>\n<li>prawo do zasi\u0142ku<\/li>\n<li>refundacja i opieka zdrowotna<\/li>\n<li>status cywilny<\/li>\n<li>deklaracja zobowi\u0105zania<\/li>\n<li>opcje zakwaterowania<\/li>\n<li>Zarejestruj si\u0119<\/li>\n<li>procedura azylowa<\/li>\n<\/ul>\n<h3>Jak mog\u0119 um\u00f3wi\u0107 si\u0119 na spotkanie w Urz\u0119dzie Imigracyjnym? <span id=\"Wie_kann_ich_einen_Termin_beim_Jugendamt_vereinbaren\">Zgodzi\u0107 si\u0119?<\/span><\/h3>\n<p>Na spotkanie w Urz\u0119dzie Imigracyjnym mo\u017cna um\u00f3wi\u0107 si\u0119 na kilka sposob\u00f3w. Z biurami mo\u017cna zazwyczaj skontaktowa\u0107 si\u0119 osobi\u015bcie, telefonicznie, e-mailem lub online. Adres i godziny otwarcia mo\u017cna zobaczy\u0107 online. W niekt\u00f3rych miastach mo\u017cna um\u00f3wi\u0107 si\u0119 na wizyt\u0119 za po\u015brednictwem miejskiego portalu serwisowego i pobra\u0107 formularze online. Upewnij si\u0119, \u017ce masz wszystkie niezb\u0119dne dokumenty przed wizyt\u0105 w agencji.<\/p>\n<div class=\"su-note\"  style=\"border-color:#d1d1d0;border-radius:3px;-moz-border-radius:3px;-webkit-border-radius:3px;\"><div class=\"su-note-inner su-u-clearfix su-u-trim\" style=\"background-color:#ebebea;border-color:#ffffff;color:#444444;border-radius:3px;-moz-border-radius:3px;-webkit-border-radius:3px;\"><b>Uwaga: <\/b>W przypadku urz\u0119d\u00f3w i urz\u0119d\u00f3w zwykle potrzebujesz dokument\u00f3w lub za\u015bwiadcze\u0144 jako: <a href=\"https:\/\/tidd.ly\/3y8DKdr\" target=\"_blank\" rel=\"noopener\">t\u0142umaczenie przysi\u0119g\u0142e<\/a>*.<\/div><\/div>\n<p><strong>Spodziewasz si\u0119 go\u015bci z zagranicy?<\/strong> Z <a href=\"https:\/\/auslaenderbehoerde.org\/pl\/ubezpieczenie-podrozy-dla-gosci-zagranicznych\/\">Ubezpieczenie podr\u00f3\u017cne dla go\u015bci zagranicznych<\/a> korzystaj\u0105 z kompleksowej ochrony w Niemczech i Europie.<\/p>\n<h3>Dalsze w\u0142adze imigracyjne i informacje<\/h3>\n<ul style=\"list-style-type: circle;\">\n<li><a href=\"https:\/\/auslaenderbehoerde.org\/pl\/wladze-imigracyjne-w-badenii-wirtembergii\/\">Urz\u0105d imigracyjny w Badenii-Wirtembergii<\/a><\/li>\n<li><a href=\"https:\/\/auslaenderbehoerde.org\/pl\/\">Organy imigracyjne w Niemczech<\/a><\/li>\n<li><a href=\"https:\/\/auslaenderbehoerde.org\/pl\/pierwsze-kroki-w-niemczech\/\" data-wpel-link=\"internal\">Pierwsze kroki w Niemczech<\/a><\/li>\n<\/ul>","protected":false},"excerpt":{"rendered":"<p>Tutaj znajdziesz r\u00f3\u017cne mo\u017cliwo\u015bci kontaktu i inne przydatne informacje dotycz\u0105ce Urz\u0119du Imigracyjnego w Biberach an der Ri\u00df \u2013 Badenia-Wirtembergia. Adres: Urz\u0105d Imigracyjny, powiat Biberach an der Ri\u00df, Rollinstra\u00dfe 9, 88400 Biberach an der Ri\u00df Telefon: +49 7351 52-6262 Faks: +49 7351 52-5262 E-mail: auslamt@biberach.de Strona internetowa: www.biberach.de Godziny otwarcia: patrz strona internetowa Zadania Urz\u0119du Imigracyjnego w Biberach an der Ri\u00df Urz\u0105d Imigracyjny\u2026&nbsp;<a href=\"https:\/\/auslaenderbehoerde.org\/pl\/wladze-imigracyjne-biberach-an-der-riss\/\" rel=\"bookmark\">Czytaj wi\u0119cej \u00bb<span class=\"screen-reader-text\">Biuro Imigracyjne Biberach an der Riss<\/span><\/a><\/p>","protected":false},"author":1,"featured_media":65,"parent":0,"menu_order":0,"comment_status":"closed","ping_status":"closed","template":"","meta":{"neve_meta_sidebar":"","neve_meta_container":"","neve_meta_enable_content_width":"off","neve_meta_content_width":100,"neve_meta_title_alignment":"","neve_meta_author_avatar":"","neve_post_elements_order":"","neve_meta_disable_header":"","neve_meta_disable_footer":"","neve_meta_disable_title":"","neve_meta_reading_time":"","footnotes":""},"class_list":["post-281","page","type-page","status-publish","has-post-thumbnail","hentry"],"yoast_head":"<!-- This site is optimized with the Yoast SEO plugin v26.6 - https:\/\/yoast.com\/wordpress\/plugins\/seo\/ -->\n<title>Ausl\u00e4nderbeh\u00f6rde Biberach an der Ri\u00df | Adresse und Kontaktdaten<\/title>\n<meta name=\"description\" content=\"Ausl\u00e4nderbeh\u00f6rde Biberach an der Ri\u00df | Hier finden Sie alle Informationen wie Adresse und Anschrift \u2713 Telefonnummer und Kontaktdaten\" \/>\n<meta name=\"robots\" content=\"index, follow, max-snippet:-1, max-image-preview:large, max-video-preview:-1\" \/>\n<link rel=\"canonical\" href=\"https:\/\/auslaenderbehoerde.org\/pl\/wladze-imigracyjne-biberach-an-der-riss\/\" \/>\n<meta property=\"og:locale\" content=\"pl_PL\" \/>\n<meta property=\"og:type\" content=\"article\" \/>\n<meta property=\"og:title\" content=\"Ausl\u00e4nderbeh\u00f6rde Biberach an der Ri\u00df | Adresse und Kontaktdaten\" \/>\n<meta property=\"og:description\" content=\"Ausl\u00e4nderbeh\u00f6rde Biberach an der Ri\u00df | Hier finden Sie alle Informationen wie Adresse und Anschrift \u2713 Telefonnummer und Kontaktdaten\" \/>\n<meta property=\"og:url\" content=\"https:\/\/auslaenderbehoerde.org\/pl\/wladze-imigracyjne-biberach-an-der-riss\/\" \/>\n<meta property=\"og:site_name\" content=\"auslaenderbehoerde.org\" \/>\n<meta property=\"article:modified_time\" content=\"2022-07-05T07:51:23+00:00\" \/>\n<meta property=\"og:image\" content=\"https:\/\/auslaenderbehoerde.org\/wp-content\/uploads\/2022\/06\/Ausla\u0308nderbeho\u0308rde-scaled-e1656327377843.jpeg\" \/>\n\t<meta property=\"og:image:width\" content=\"900\" \/>\n\t<meta property=\"og:image:height\" content=\"675\" \/>\n\t<meta property=\"og:image:type\" content=\"image\/jpeg\" \/>\n<meta name=\"twitter:card\" content=\"summary_large_image\" \/>\n<meta name=\"twitter:label1\" content=\"Szacowany czas czytania\" \/>\n\t<meta name=\"twitter:data1\" content=\"2 minuty\" \/>\n<script type=\"application\/ld+json\" class=\"yoast-schema-graph\">{\"@context\":\"https:\/\/schema.org\",\"@graph\":[{\"@type\":\"WebPage\",\"@id\":\"https:\/\/auslaenderbehoerde.org\/auslaenderbehoerde-biberach-an-der-riss\/\",\"url\":\"https:\/\/auslaenderbehoerde.org\/auslaenderbehoerde-biberach-an-der-riss\/\",\"name\":\"Ausl\u00e4nderbeh\u00f6rde Biberach an der Ri\u00df | Adresse und Kontaktdaten\",\"isPartOf\":{\"@id\":\"https:\/\/auslaenderbehoerde.org\/#website\"},\"primaryImageOfPage\":{\"@id\":\"https:\/\/auslaenderbehoerde.org\/auslaenderbehoerde-biberach-an-der-riss\/#primaryimage\"},\"image\":{\"@id\":\"https:\/\/auslaenderbehoerde.org\/auslaenderbehoerde-biberach-an-der-riss\/#primaryimage\"},\"thumbnailUrl\":\"https:\/\/auslaenderbehoerde.org\/wp-content\/uploads\/2022\/06\/Ausla\u0308nderbeho\u0308rde-scaled-e1656327377843.jpeg\",\"datePublished\":\"2022-07-04T12:03:17+00:00\",\"dateModified\":\"2022-07-05T07:51:23+00:00\",\"description\":\"Ausl\u00e4nderbeh\u00f6rde Biberach an der Ri\u00df | Hier finden Sie alle Informationen wie Adresse und Anschrift \u2713 Telefonnummer und Kontaktdaten\",\"breadcrumb\":{\"@id\":\"https:\/\/auslaenderbehoerde.org\/auslaenderbehoerde-biberach-an-der-riss\/#breadcrumb\"},\"inLanguage\":\"pl-PL\",\"potentialAction\":[{\"@type\":\"ReadAction\",\"target\":[\"https:\/\/auslaenderbehoerde.org\/auslaenderbehoerde-biberach-an-der-riss\/\"]}]},{\"@type\":\"ImageObject\",\"inLanguage\":\"pl-PL\",\"@id\":\"https:\/\/auslaenderbehoerde.org\/auslaenderbehoerde-biberach-an-der-riss\/#primaryimage\",\"url\":\"https:\/\/auslaenderbehoerde.org\/wp-content\/uploads\/2022\/06\/Ausla\u0308nderbeho\u0308rde-scaled-e1656327377843.jpeg\",\"contentUrl\":\"https:\/\/auslaenderbehoerde.org\/wp-content\/uploads\/2022\/06\/Ausla\u0308nderbeho\u0308rde-scaled-e1656327377843.jpeg\",\"width\":900,\"height\":675,\"caption\":\"Ausl\u00e4nderbeh\u00f6rde\"},{\"@type\":\"BreadcrumbList\",\"@id\":\"https:\/\/auslaenderbehoerde.org\/auslaenderbehoerde-biberach-an-der-riss\/#breadcrumb\",\"itemListElement\":[{\"@type\":\"ListItem\",\"position\":1,\"name\":\"Startseite\",\"item\":\"https:\/\/auslaenderbehoerde.org\/\"},{\"@type\":\"ListItem\",\"position\":2,\"name\":\"Ausl\u00e4nderbeh\u00f6rde Biberach an der Ri\u00df\"}]},{\"@type\":\"WebSite\",\"@id\":\"https:\/\/auslaenderbehoerde.org\/#website\",\"url\":\"https:\/\/auslaenderbehoerde.org\/\",\"name\":\"auslaenderbehoerde.org\",\"description\":\"\",\"potentialAction\":[{\"@type\":\"SearchAction\",\"target\":{\"@type\":\"EntryPoint\",\"urlTemplate\":\"https:\/\/auslaenderbehoerde.org\/?s={search_term_string}\"},\"query-input\":{\"@type\":\"PropertyValueSpecification\",\"valueRequired\":true,\"valueName\":\"search_term_string\"}}],\"inLanguage\":\"pl-PL\"}]}<\/script>\n<!-- \/ Yoast SEO plugin. -->","yoast_head_json":{"title":"Urz\u0105d Imigracyjny Biberach an der Riss | adres i dane kontaktowe","description":"Urz\u0105d Imigracyjny Biberach an der Riss | Tutaj znajdziesz wszystkie informacje takie jak adres i adres \u2713 numer telefonu oraz dane kontaktowe","robots":{"index":"index","follow":"follow","max-snippet":"max-snippet:-1","max-image-preview":"max-image-preview:large","max-video-preview":"max-video-preview:-1"},"canonical":"https:\/\/auslaenderbehoerde.org\/pl\/wladze-imigracyjne-biberach-an-der-riss\/","og_locale":"pl_PL","og_type":"article","og_title":"Ausl\u00e4nderbeh\u00f6rde Biberach an der Ri\u00df | Adresse und Kontaktdaten","og_description":"Ausl\u00e4nderbeh\u00f6rde Biberach an der Ri\u00df | Hier finden Sie alle Informationen wie Adresse und Anschrift \u2713 Telefonnummer und Kontaktdaten","og_url":"https:\/\/auslaenderbehoerde.org\/pl\/wladze-imigracyjne-biberach-an-der-riss\/","og_site_name":"auslaenderbehoerde.org","article_modified_time":"2022-07-05T07:51:23+00:00","og_image":[{"width":900,"height":675,"url":"https:\/\/auslaenderbehoerde.org\/wp-content\/uploads\/2022\/06\/Ausla\u0308nderbeho\u0308rde-scaled-e1656327377843.jpeg","type":"image\/jpeg"}],"twitter_card":"summary_large_image","twitter_misc":{"Szacowany czas czytania":"2 minuty"},"schema":{"@context":"https:\/\/schema.org","@graph":[{"@type":"WebPage","@id":"https:\/\/auslaenderbehoerde.org\/auslaenderbehoerde-biberach-an-der-riss\/","url":"https:\/\/auslaenderbehoerde.org\/auslaenderbehoerde-biberach-an-der-riss\/","name":"Urz\u0105d Imigracyjny Biberach an der Riss | adres i dane kontaktowe","isPartOf":{"@id":"https:\/\/auslaenderbehoerde.org\/#website"},"primaryImageOfPage":{"@id":"https:\/\/auslaenderbehoerde.org\/auslaenderbehoerde-biberach-an-der-riss\/#primaryimage"},"image":{"@id":"https:\/\/auslaenderbehoerde.org\/auslaenderbehoerde-biberach-an-der-riss\/#primaryimage"},"thumbnailUrl":"https:\/\/auslaenderbehoerde.org\/wp-content\/uploads\/2022\/06\/Ausla\u0308nderbeho\u0308rde-scaled-e1656327377843.jpeg","datePublished":"2022-07-04T12:03:17+00:00","dateModified":"2022-07-05T07:51:23+00:00","description":"Urz\u0105d Imigracyjny Biberach an der Riss | Tutaj znajdziesz wszystkie informacje takie jak adres i adres \u2713 numer telefonu oraz dane kontaktowe","breadcrumb":{"@id":"https:\/\/auslaenderbehoerde.org\/auslaenderbehoerde-biberach-an-der-riss\/#breadcrumb"},"inLanguage":"pl-PL","potentialAction":[{"@type":"ReadAction","target":["https:\/\/auslaenderbehoerde.org\/auslaenderbehoerde-biberach-an-der-riss\/"]}]},{"@type":"ImageObject","inLanguage":"pl-PL","@id":"https:\/\/auslaenderbehoerde.org\/auslaenderbehoerde-biberach-an-der-riss\/#primaryimage","url":"https:\/\/auslaenderbehoerde.org\/wp-content\/uploads\/2022\/06\/Ausla\u0308nderbeho\u0308rde-scaled-e1656327377843.jpeg","contentUrl":"https:\/\/auslaenderbehoerde.org\/wp-content\/uploads\/2022\/06\/Ausla\u0308nderbeho\u0308rde-scaled-e1656327377843.jpeg","width":900,"height":675,"caption":"Ausl\u00e4nderbeh\u00f6rde"},{"@type":"BreadcrumbList","@id":"https:\/\/auslaenderbehoerde.org\/auslaenderbehoerde-biberach-an-der-riss\/#breadcrumb","itemListElement":[{"@type":"ListItem","position":1,"name":"Startseite","item":"https:\/\/auslaenderbehoerde.org\/"},{"@type":"ListItem","position":2,"name":"Ausl\u00e4nderbeh\u00f6rde Biberach an der Ri\u00df"}]},{"@type":"WebSite","@id":"https:\/\/auslaenderbehoerde.org\/#website","url":"https:\/\/auslaenderbehoerde.org\/","name":"auslaenderbehoerde.org","description":"","potentialAction":[{"@type":"SearchAction","target":{"@type":"EntryPoint","urlTemplate":"https:\/\/auslaenderbehoerde.org\/?s={search_term_string}"},"query-input":{"@type":"PropertyValueSpecification","valueRequired":true,"valueName":"search_term_string"}}],"inLanguage":"pl-PL"}]}},"_links":{"self":[{"href":"https:\/\/auslaenderbehoerde.org\/pl\/wp-json\/wp\/v2\/pages\/281","targetHints":{"allow":["GET"]}}],"collection":[{"href":"https:\/\/auslaenderbehoerde.org\/pl\/wp-json\/wp\/v2\/pages"}],"about":[{"href":"https:\/\/auslaenderbehoerde.org\/pl\/wp-json\/wp\/v2\/types\/page"}],"author":[{"embeddable":true,"href":"https:\/\/auslaenderbehoerde.org\/pl\/wp-json\/wp\/v2\/users\/1"}],"replies":[{"embeddable":true,"href":"https:\/\/auslaenderbehoerde.org\/pl\/wp-json\/wp\/v2\/comments?post=281"}],"version-history":[{"count":2,"href":"https:\/\/auslaenderbehoerde.org\/pl\/wp-json\/wp\/v2\/pages\/281\/revisions"}],"predecessor-version":[{"id":300,"href":"https:\/\/auslaenderbehoerde.org\/pl\/wp-json\/wp\/v2\/pages\/281\/revisions\/300"}],"wp:featuredmedia":[{"embeddable":true,"href":"https:\/\/auslaenderbehoerde.org\/pl\/wp-json\/wp\/v2\/media\/65"}],"wp:attachment":[{"href":"https:\/\/auslaenderbehoerde.org\/pl\/wp-json\/wp\/v2\/media?parent=281"}],"curies":[{"name":"wp","href":"https:\/\/api.w.org\/{rel}","templated":true}]}}