{"id":30,"date":"2022-06-27T10:02:06","date_gmt":"2022-06-27T08:02:06","guid":{"rendered":"https:\/\/auslaenderbehoerde.org\/?page_id=30"},"modified":"2022-07-05T17:16:40","modified_gmt":"2022-07-05T15:16:40","slug":"auslaenderbehoerden-in-baden-wuerttemberg","status":"publish","type":"page","link":"https:\/\/auslaenderbehoerde.org\/pl\/wladze-imigracyjne-w-badenii-wirtembergii\/","title":{"rendered":"Urz\u0105d imigracyjny w Badenii-Wirtembergii"},"content":{"rendered":"<p>Tutaj znajdziesz wszystkie adresy, dane kontaktowe i godziny otwarcia urz\u0119d\u00f3w imigracyjnych lub urz\u0119d\u00f3w imigracyjnych w<strong>\u00a0Badenia-Wirtembergia.<\/strong><\/p>\n<p>W kraju zwi\u0105zkowym Badenia-Wirtembergia znajduje si\u0119 obecnie <strong>90 urz\u0119d\u00f3w imigracyjnych<\/strong>kt\u00f3rzy s\u0105 do Twojej dyspozycji w przypadku jakichkolwiek pyta\u0144 zwi\u0105zanych z Twoimi sprawami.<\/p>\n<h2><span id=\"Uebersicht_aller_Jobcenter_in_Baden-Wuerttemberg\" class=\"ez-toc-section\">Przegl\u0105d urz\u0119d\u00f3w imigracyjnych w Badenii-Wirtembergii<\/span><\/h2>\n<p>Wybierz z listy urz\u0105d imigracyjny lub urz\u0105d imigracyjny najbli\u017cej Twojego miejsca zamieszkania.<\/p>\n<ul style=\"list-style-type: circle;\">\n<li><a href=\"https:\/\/auslaenderbehoerde.org\/pl\/wladze-imigracyjne-wygrzewaja-sie\/\">wygrzewa\u0107 si\u0119<\/a><\/li>\n<li><a href=\"https:\/\/auslaenderbehoerde.org\/pl\/urzad-imigracyjny-albstadt\/\">Albstadt<\/a><\/li>\n<li><a href=\"https:\/\/auslaenderbehoerde.org\/pl\/urzad-ds-cudzoziemcow-altensteig\/\">Altenseig<\/a><\/li>\n<li><a href=\"https:\/\/auslaenderbehoerde.org\/pl\/backnang-urzedu-imigracyjnego\/\">poparcie<\/a><\/li>\n<li><a href=\"https:\/\/auslaenderbehoerde.org\/pl\/wladze-imigracyjne-bad-rappenau\/\">Bad Rappenau<\/a><\/li>\n<li><a href=\"https:\/\/auslaenderbehoerde.org\/pl\/urzad-imigracyjny-bad-saulgau\/\">Bad Saulgau<\/a><\/li>\n<li><a href=\"https:\/\/auslaenderbehoerde.org\/pl\/urzad-imigracyjny-bad-urach\/\">Z\u0142y Urach<\/a><\/li>\n<li><a href=\"https:\/\/auslaenderbehoerde.org\/pl\/wladze-imigracyjne-baden-baden\/\">Baden-Baden<\/a><\/li>\n<li><a href=\"https:\/\/auslaenderbehoerde.org\/pl\/urzad-imigracyjny-balingen\/\">Balingen<\/a><\/li>\n<li><a href=\"https:\/\/auslaenderbehoerde.org\/pl\/wladze-imigracyjne-biberach-an-der-riss\/\">Biberach an der Riss<\/a><\/li>\n<li><a href=\"https:\/\/auslaenderbehoerde.org\/pl\/urzad-imigracyjny-bietigheim-bissingen\/\">Bietigheim-Bissingen<\/a><\/li>\n<li><a href=\"https:\/\/auslaenderbehoerde.org\/pl\/urzad-ds-cudzoziemcow-blaubeuren\/\">Blaubeuren<\/a><\/li>\n<li><a href=\"https:\/\/auslaenderbehoerde.org\/pl\/wladze-imigracyjne-boeblingen\/\">Boeblingen<\/a><\/li>\n<li><a href=\"https:\/\/auslaenderbehoerde.org\/pl\/urzad-imigracyjny-bruchsal\/\">Bruchsal<\/a><\/li>\n<li><a href=\"https:\/\/auslaenderbehoerde.org\/pl\/urzad-imigracyjny-buehl\/\">Buehl<\/a><\/li>\n<li><a href=\"https:\/\/auslaenderbehoerde.org\/pl\/urzad-imigracyjny-calw\/\">Calw<\/a><\/li>\n<li><a href=\"https:\/\/auslaenderbehoerde.org\/pl\/urzad-imigracyjny-creglingen\/\">Creglingen<\/a><\/li>\n<li><a href=\"https:\/\/auslaenderbehoerde.org\/pl\/urzad-imigracyjny-dietenheim\/\">Dietenheim<\/a><\/li>\n<li><a href=\"https:\/\/auslaenderbehoerde.org\/pl\/urzad-ds-cudzoziemcow-donaueschingen\/\">Donaueschingen<\/a><\/li>\n<li><a href=\"https:\/\/auslaenderbehoerde.org\/pl\/wladze-imigracyjne-ehingen\/\">ma\u0142\u017ce\u0144stwa<\/a><\/li>\n<li><a href=\"https:\/\/auslaenderbehoerde.org\/pl\/urzad-ds-cudzoziemcow-eislingen\/\">Eislingen<\/a><\/li>\n<li><a href=\"https:\/\/auslaenderbehoerde.org\/pl\/wladze-imigracyjne-emmendingen\/\">Emendingen<\/a><\/li>\n<li><a href=\"https:\/\/auslaenderbehoerde.org\/pl\/alien-authority-esslingen\/\">Eslingen<\/a><\/li>\n<li><a href=\"https:\/\/auslaenderbehoerde.org\/pl\/wladze-imigracyjne-ettlingen\/\">Ettlingen<\/a><\/li>\n<li><a href=\"https:\/\/auslaenderbehoerde.org\/pl\/urzad-imigracyjny-fellbach\/\">Fellbach<\/a><\/li>\n<li><a href=\"https:\/\/auslaenderbehoerde.org\/pl\/urzad-ds-cudzoziemcow-fryburg\/\">Freiburg<\/a><\/li>\n<li><a href=\"https:\/\/auslaenderbehoerde.org\/pl\/urzad-imigracyjny-freudenstadt\/\">Freudenstadt<\/a><\/li>\n<li><a href=\"https:\/\/auslaenderbehoerde.org\/pl\/biuro-imigracyjne-furtwangen-w-czarnym-lasie\/\">Furtwangen w Schwarzwaldzie<\/a><\/li>\n<li><a href=\"https:\/\/auslaenderbehoerde.org\/pl\/urzad-imigracyjny-gaggenau\/\">Gaggenau<\/a><\/li>\n<li><a href=\"https:\/\/auslaenderbehoerde.org\/pl\/urzad-imigracyjny-gammertingen\/\">Gammertingen<\/a><\/li>\n<li><a href=\"https:\/\/auslaenderbehoerde.org\/pl\/urzad-imigracyjny-geislingen-an-der-stei\/\">Geislingen an der Steige<\/a><\/li>\n<li><a href=\"https:\/\/auslaenderbehoerde.org\/pl\/urzad-imigracyjny-goeppingen\/\">Goeppingen<\/a><\/li>\n<li><a href=\"https:\/\/auslaenderbehoerde.org\/pl\/wladze-imigracyjne-heilbronn\/\">Heilbronn<\/a><\/li>\n<li><a href=\"https:\/\/auslaenderbehoerde.org\/pl\/wladze-imigracyjne-heidelberg\/\">Heidelberg<\/a><\/li>\n<li><a href=\"https:\/\/auslaenderbehoerde.org\/pl\/urzedy-imigracyjne-heidenheim-an-der-brenz\/\">Heidenheim an der Brenz<\/a><\/li>\n<li><a href=\"https:\/\/auslaenderbehoerde.org\/pl\/urzad-ds-cudzoziemcow-herbolzheim\/\">Herbolzheim<\/a><\/li>\n<li><a href=\"https:\/\/auslaenderbehoerde.org\/pl\/urzad-imigracyjny-herrenberg\/\">Herrenberg<\/a><\/li>\n<li><a href=\"https:\/\/auslaenderbehoerde.org\/pl\/wladze-imigracyjne-heubach\/\">Heubach<\/a><\/li>\n<li><a href=\"https:\/\/auslaenderbehoerde.org\/pl\/urzad-imigracyjny-hockenheim\/\">Hockenheim<\/a><\/li>\n<li><a href=\"https:\/\/auslaenderbehoerde.org\/pl\/urzad-ds-cudzoziemcow-horb-am-neckar\/\">Horb am Neckar<\/a><\/li>\n<li><a href=\"https:\/\/auslaenderbehoerde.org\/pl\/urzad-imigracyjny-karlsruhe\/\">Karlsruhe<\/a><\/li>\n<li><a href=\"https:\/\/auslaenderbehoerde.org\/pl\/urzad-imigracyjny-kehl\/\">gard\u0142o<\/a><\/li>\n<li><a href=\"https:\/\/auslaenderbehoerde.org\/pl\/biuro-imigracyjne-kirchheim-unter-teck\/\">Kirchheim pod Teck<\/a><\/li>\n<li><a href=\"https:\/\/auslaenderbehoerde.org\/pl\/urzad-imigracyjny-konstancja\/\">sta\u0142o\u015b\u0107<\/a><\/li>\n<li><a href=\"https:\/\/auslaenderbehoerde.org\/pl\/urzad-imigracyjny-kornwestheim\/\">Kornwestheim<\/a><\/li>\n<li><a href=\"https:\/\/auslaenderbehoerde.org\/pl\/urzad-imigracyjny-kuenzelsau\/\">K\u00fcnzelsau<\/a><\/li>\n<li><a href=\"https:\/\/auslaenderbehoerde.org\/pl\/urzad-imigracyjny-langenau\/\">Langenau<\/a><\/li>\n<li><a href=\"https:\/\/auslaenderbehoerde.org\/pl\/wladze-imigracyjne-klejenie\/\">klejenie<\/a><\/li>\n<li><a href=\"https:\/\/auslaenderbehoerde.org\/pl\/urzad-imigracyjny-leonberg\/\">Leonberg<\/a><\/li>\n<li><a href=\"https:\/\/auslaenderbehoerde.org\/pl\/urzad-imigracyjny-lichtenau\/\">Lichtenau<\/a><\/li>\n<li><a href=\"https:\/\/auslaenderbehoerde.org\/pl\/urzad-imigracyjny-loerrach\/\">Loerrach<\/a><\/li>\n<li><a href=\"https:\/\/auslaenderbehoerde.org\/pl\/urzad-ds-cudzoziemcow-ludwigsburg\/\">Ludwigsburg<\/a><\/li>\n<li><a href=\"https:\/\/auslaenderbehoerde.org\/pl\/urzad-imigracyjny-mannheim\/\">Manheim<\/a><\/li>\n<li><a href=\"https:\/\/auslaenderbehoerde.org\/pl\/urzad-imigracyjny-metzingen\/\">Metzingen<\/a><\/li>\n<li><a href=\"https:\/\/auslaenderbehoerde.org\/pl\/wladze-imigracyjne-mosbach\/\">Mosbach<\/a><\/li>\n<li><a href=\"https:\/\/auslaenderbehoerde.org\/pl\/urzad-imigracyjny-moessingen\/\">moessingen<\/a><\/li>\n<li><a href=\"https:\/\/auslaenderbehoerde.org\/pl\/urzad-imigracyjny-munderkingen\/\">Munderkingen<\/a><\/li>\n<li><a href=\"https:\/\/auslaenderbehoerde.org\/pl\/urzad-imigracyjny-nuertingen\/\">Nuertingen<\/a><\/li>\n<li><a href=\"https:\/\/auslaenderbehoerde.org\/pl\/urzad-ds-cudzoziemcow-oberkirch\/\">Oberkirch<\/a><\/li>\n<li><a href=\"https:\/\/auslaenderbehoerde.org\/pl\/urzad-imigracyjny-offenburg\/\">Offenburg<\/a><\/li>\n<li><a href=\"https:\/\/auslaenderbehoerde.org\/pl\/alien-authority-ostfildern\/\">Ostfildern<\/a><\/li>\n<li><a href=\"https:\/\/auslaenderbehoerde.org\/pl\/urzad-imigracyjny-pforzheim\/\">Pforzheim<\/a><\/li>\n<li><a href=\"https:\/\/auslaenderbehoerde.org\/pl\/biuro-imigracyjne-radolfzell-on-see-constance\/\">Radolfzell nad Jeziorem Bode\u0144skim<\/a><\/li>\n<li><a href=\"https:\/\/auslaenderbehoerde.org\/pl\/wladze-imigracyjne-rastatt\/\">Rastatt<\/a><\/li>\n<li><a href=\"https:\/\/auslaenderbehoerde.org\/pl\/wladze-imigracyjne-ravensburg\/\">Ravensburg<\/a><\/li>\n<li><a href=\"https:\/\/auslaenderbehoerde.org\/pl\/wladze-imigracyjne-reutlingen\/\">Reutlingen<\/a><\/li>\n<li><a href=\"https:\/\/auslaenderbehoerde.org\/pl\/urzad-imigracyjny-rheinfelden\/\">Rheinfelden<\/a><\/li>\n<li><a href=\"https:\/\/auslaenderbehoerde.org\/pl\/urzad-imigracyjny-rheinstetten\/\">Rheinstetten<\/a><\/li>\n<li><a href=\"https:\/\/auslaenderbehoerde.org\/pl\/wladze-imigracyjne-rottweil\/\">Rottweil<\/a><\/li>\n<li><a href=\"https:\/\/auslaenderbehoerde.org\/pl\/urzad-ds-cudzoziemcow-schorndorf\/\">Schorndorf<\/a><\/li>\n<li><a href=\"https:\/\/auslaenderbehoerde.org\/pl\/urzad-imigracyjny-schwaebisch-gmuend\/\">Schw\u00e4bisch Gmuend<\/a><\/li>\n<li><a href=\"https:\/\/auslaenderbehoerde.org\/pl\/urzad-ds-cudzoziemcow-schwaebisch-hall\/\">Schw\u00e4bisch Hall<\/a><\/li>\n<li><a href=\"https:\/\/auslaenderbehoerde.org\/pl\/urzad-ds-cudzoziemcow-schwetzingen\/\">Schwetzingen<\/a><\/li>\n<li><a href=\"https:\/\/auslaenderbehoerde.org\/pl\/urzad-imigracyjny-sigmaringen\/\">pier\u015bcienie sigma<\/a><\/li>\n<li><a href=\"https:\/\/auslaenderbehoerde.org\/pl\/urzad-imigracyjny-sindelfingen\/\">Sindelfingen<\/a><\/li>\n<li><a href=\"https:\/\/auslaenderbehoerde.org\/pl\/urzad-imigracyjny-sinsheim\/\">Sinsheim<\/a><\/li>\n<li><a href=\"https:\/\/auslaenderbehoerde.org\/pl\/urzad-imigracyjny-stuttgart\/\">Stuttgart<\/a><\/li>\n<li><a href=\"https:\/\/auslaenderbehoerde.org\/pl\/urzad-ds-cudzoziemcow-tauberbischofsheim\/\">Tauberbischofsheim<\/a><\/li>\n<li><a href=\"https:\/\/auslaenderbehoerde.org\/pl\/urzad-imigracyjny-w-tybindze\/\">tubingen<\/a><\/li>\n<li><a href=\"https:\/\/auslaenderbehoerde.org\/pl\/wladze-imigracyjne-tuttlingen\/\">Tuttlingen<\/a><\/li>\n<li><a href=\"https:\/\/auslaenderbehoerde.org\/pl\/wladze-imigracyjne-villingen-schwenningen\/\">Villingen-Schwenningen<\/a><\/li>\n<li><a href=\"https:\/\/auslaenderbehoerde.org\/pl\/wladze-imigracyjne-waiblingen\/\">Waiblingen<\/a><\/li>\n<li><a href=\"https:\/\/auslaenderbehoerde.org\/pl\/urzad-imigracyjny-waldshut-tiengen\/\">Waldshut-Tiengen<\/a><\/li>\n<li><a href=\"https:\/\/auslaenderbehoerde.org\/pl\/biuro-imigracyjne-wangen-im-allgaeu\/\">Wangen w Allgaeu<\/a><\/li>\n<li><a href=\"https:\/\/auslaenderbehoerde.org\/pl\/wladze-imigracyjne-weil-am-rhein\/\">Bo nad Renem<\/a><\/li>\n<li><a href=\"https:\/\/auslaenderbehoerde.org\/pl\/urzad-imigracyjny-ze-wzgledu-na-miasto\/\">Ze wzgl\u0119du na miasto<\/a><\/li>\n<li><a href=\"https:\/\/auslaenderbehoerde.org\/pl\/urzad-imigracyjny-weingarten\/\">winnica<\/a><\/li>\n<li><a href=\"https:\/\/auslaenderbehoerde.org\/pl\/urzad-imigracyjny-weinheim\/\">Weinheim<\/a><\/li>\n<li><a href=\"https:\/\/auslaenderbehoerde.org\/pl\/urzad-imigracyjny-wertheim\/\">Wertheim<\/a><\/li>\n<li><a href=\"https:\/\/auslaenderbehoerde.org\/pl\/urzad-imigracyjny-wiesloch\/\">Wies\u0142och<\/a><\/li>\n<\/ul>\n<p>Wszystkie informacje bez gwarancji i mog\u0105 ulec zmianie<\/p>\n<h2><span class=\"ez-toc-section\">w\u0142adze imigracyjne <\/span><span class=\"ez-toc-section\">Badenia-Wirtembergia \u2013 <\/span>zadania i obowi\u0105zki<\/h2>\n<p>Organy imigracyjne to pierwszy adres dla cudzoziemc\u00f3w wje\u017cd\u017caj\u0105cych do kraju. Jest odpowiedzialny za przyznanie lub odmow\u0119 <a href=\"https:\/\/auslaenderbehoerde.org\/pl\/zezwolenie-na-pobyt\/\">zezwolenie na pobyt<\/a>. Urz\u0119dy imigracyjne s\u0105 odpowiedzialne za zapewnienie, \u017ce prawo imigracyjne jest egzekwowane zgodnie z sytuacj\u0105 prawn\u0105. Odpowiadaj\u0105 r\u00f3wnie\u017c za osoby ubiegaj\u0105ce si\u0119 o azyl i osoby przesiedlone.<\/p>\n<p>Urz\u0105d Imigracyjny decyduje <a href=\"https:\/\/auslaenderbehoerde.org\/pl\/zezwolenie-na-pobyt-2\/\">zezwolenie na pobyt<\/a> i wydaje go, je\u015bli decyzja jest pozytywna. Ponadto zezwolenie na osiedlenie si\u0119 mo\u017ce by\u0107 udzielone zgodnie z ustaw\u0105 o pobycie w zwi\u0105zku z po\u017c\u0105danym celem pobytu lub mo\u017ce zosta\u0107 wszcz\u0119ta deportacja.<\/p>\n<p>Odpowiedzialno\u015b\u0107 urz\u0119du do spraw cudzoziemc\u00f3w rozci\u0105ga si\u0119 r\u00f3wnie\u017c na wiele innych zada\u0144. Rodzaj i czas trwania zezwolenia na pobyt s\u0105 bardzo zr\u00f3\u017cnicowane. Niekt\u00f3rym przyznaje si\u0119 limit czasowy, innym odmawia si\u0119 zezwolenia na pobyt i\/lub udziela si\u0119 zezwolenia na wyjazd zgodnie z ustaw\u0105 o pobycie.<\/p>\n<p>Urz\u0105d imigracyjny nad tym pracuje <a href=\"https:\/\/www.gesetze-im-internet.de\/aufenthg_2004\/__71.html\" target=\"_blank\" rel=\"noopener\">Sekcja 71<\/a> Rezydencja G. Organ odpowiada za regulowanie wszystkich decyzji i \u015brodk\u00f3w, kt\u00f3re wp\u0142ywaj\u0105 na paszport i prawa pobytu cudzoziemc\u00f3w.<\/p>\n<p><strong>Inne dzia\u0142ania mieszcz\u0105ce si\u0119 w zakresie odpowiedzialno\u015bci w\u0142adz imigracyjnych:<\/strong><\/p>\n<ul style=\"list-style-type: circle;\">\n<li>procedura azylowa<\/li>\n<li>pomoc dla uchod\u017ac\u00f3w<\/li>\n<li>Opieka spo\u0142eczna<\/li>\n<li>kursy integracyjne<\/li>\n<li>Organizacja i zatwierdzanie wjazdu i pobytu w Niemczech<\/li>\n<li>prawo do zasi\u0142ku<\/li>\n<li>refundacja i opieka zdrowotna<\/li>\n<li>status cywilny<\/li>\n<li><a href=\"https:\/\/auslaenderbehoerde.org\/pl\/deklaracja-zobowiazania\/\">deklaracja zobowi\u0105zania<\/a><\/li>\n<li>opcje zakwaterowania<\/li>\n<li>Zarejestruj si\u0119<\/li>\n<\/ul>\n<h3>spotkanie z osob\u0105 odpowiedzialn\u0105 <span class=\"ez-toc-section\">Urz\u0105d ds. Cudzoziemc\u00f3w<\/span><\/h3>\n<p>Generalnie na spotkanie mo\u017cna um\u00f3wi\u0107 si\u0119 telefonicznie, korzystaj\u0105c z formularza kontaktowego lub za po\u015brednictwem portalu serwisowego danego miasta. W niekt\u00f3rych miastach mo\u017cna pobra\u0107 r\u00f3\u017cne formularze online, aby wcze\u015bniej wyja\u015bni\u0107 wa\u017cne pytania. Adres i godziny otwarcia mo\u017cna zobaczy\u0107 online. Upewnij si\u0119, \u017ce masz wszystkie niezb\u0119dne dokumenty, zanim udasz si\u0119 do Urz\u0119du Imigracyjnego.<\/p>\n<div class=\"su-note\"  style=\"border-color:#d1d1d0;border-radius:3px;-moz-border-radius:3px;-webkit-border-radius:3px;\"><div class=\"su-note-inner su-u-clearfix su-u-trim\" style=\"background-color:#ebebea;border-color:#ffffff;color:#444444;border-radius:3px;-moz-border-radius:3px;-webkit-border-radius:3px;\"><b>Uwaga: <\/b>W przypadku urz\u0119d\u00f3w i urz\u0119d\u00f3w zwykle potrzebujesz dokument\u00f3w lub za\u015bwiadcze\u0144 jako: <a href=\"https:\/\/tidd.ly\/3y8DKdr\" target=\"_blank\" rel=\"noopener\">t\u0142umaczenie przysi\u0119g\u0142e<\/a>*.<\/div><\/div>\n<p><strong>Spodziewasz si\u0119 go\u015bci z zagranicy?<\/strong> Z <a href=\"https:\/\/auslaenderbehoerde.org\/pl\/ubezpieczenie-podrozy-dla-gosci-zagranicznych\/\">Ubezpieczenie podr\u00f3\u017cne dla go\u015bci zagranicznych<\/a> korzystaj\u0105 z kompleksowej ochrony w Niemczech i Europie.<\/p>\n<h3>Dalej <span class=\"ez-toc-section\">Organy i informacje imigracyjne<\/span><\/h3>\n<ul style=\"list-style-type: circle;\">\n<li><a href=\"https:\/\/auslaenderbehoerde.org\/pl\/\">Organy imigracyjne w Niemczech<\/a><\/li>\n<li><a href=\"https:\/\/auslaenderbehoerde.org\/pl\/\">Pierwsze kroki w Niemczech<\/a><\/li>\n<\/ul>","protected":false},"excerpt":{"rendered":"<p>Tutaj znajdziesz wszystkie adresy, dane kontaktowe i godziny otwarcia w\u0142adz imigracyjnych lub urz\u0119d\u00f3w imigracyjnych w Badenii-Wirtembergii. Obecnie w Badenii-Wirtembergii dzia\u0142a 90 organ\u00f3w imigracyjnych, kt\u00f3re ch\u0119tnie odpowiedz\u0105 na wszelkie pytania zwi\u0105zane z Twoj\u0105 spraw\u0105. Przegl\u0105d w\u0142adz imigracyjnych w Badenii-Wirtembergii Wybierz z listy urz\u0105d imigracyjny lub urz\u0105d imigracyjny odpowiadaj\u0105cy Twojemu miejscu zamieszkania\u2026&nbsp;<a href=\"https:\/\/auslaenderbehoerde.org\/pl\/wladze-imigracyjne-w-badenii-wirtembergii\/\" rel=\"bookmark\">Czytaj wi\u0119cej \u00bb<span class=\"screen-reader-text\">Urz\u0105d imigracyjny w Badenii-Wirtembergii<\/span><\/a><\/p>","protected":false},"author":1,"featured_media":65,"parent":0,"menu_order":0,"comment_status":"closed","ping_status":"closed","template":"","meta":{"neve_meta_sidebar":"","neve_meta_container":"","neve_meta_enable_content_width":"off","neve_meta_content_width":100,"neve_meta_title_alignment":"","neve_meta_author_avatar":"","neve_post_elements_order":"","neve_meta_disable_header":"","neve_meta_disable_footer":"","neve_meta_disable_title":"","neve_meta_reading_time":"","footnotes":""},"class_list":["post-30","page","type-page","status-publish","has-post-thumbnail","hentry"],"yoast_head":"<!-- This site is optimized with the Yoast SEO plugin v26.6 - https:\/\/yoast.com\/wordpress\/plugins\/seo\/ -->\n<title>Ausl\u00e4nderbeh\u00f6rden in Baden-W\u00fcrttemberg | Adressen und Anschrift<\/title>\n<meta name=\"description\" content=\"Hier finden Sie alle Adressen und Kontaktinformationen der Ausl\u00e4nder\u00e4mter oder auch Ausl\u00e4nderbeh\u00f6rden in Baden-W\u00fcrttemberg\" \/>\n<meta name=\"robots\" content=\"index, follow, max-snippet:-1, max-image-preview:large, max-video-preview:-1\" \/>\n<link rel=\"canonical\" href=\"https:\/\/auslaenderbehoerde.org\/pl\/wladze-imigracyjne-w-badenii-wirtembergii\/\" \/>\n<meta property=\"og:locale\" content=\"pl_PL\" \/>\n<meta property=\"og:type\" content=\"article\" \/>\n<meta property=\"og:title\" content=\"Ausl\u00e4nderbeh\u00f6rden in Baden-W\u00fcrttemberg | Adressen und Anschrift\" \/>\n<meta property=\"og:description\" content=\"Hier finden Sie alle Adressen und Kontaktinformationen der Ausl\u00e4nder\u00e4mter oder auch Ausl\u00e4nderbeh\u00f6rden in Baden-W\u00fcrttemberg\" \/>\n<meta property=\"og:url\" content=\"https:\/\/auslaenderbehoerde.org\/pl\/wladze-imigracyjne-w-badenii-wirtembergii\/\" \/>\n<meta property=\"og:site_name\" content=\"auslaenderbehoerde.org\" \/>\n<meta property=\"article:modified_time\" content=\"2022-07-05T15:16:40+00:00\" \/>\n<meta property=\"og:image\" content=\"https:\/\/auslaenderbehoerde.org\/wp-content\/uploads\/2022\/06\/Ausla\u0308nderbeho\u0308rde-scaled-e1656327377843.jpeg\" \/>\n\t<meta property=\"og:image:width\" content=\"900\" \/>\n\t<meta property=\"og:image:height\" content=\"675\" \/>\n\t<meta property=\"og:image:type\" content=\"image\/jpeg\" \/>\n<meta name=\"twitter:card\" content=\"summary_large_image\" \/>\n<meta name=\"twitter:label1\" content=\"Szacowany czas czytania\" \/>\n\t<meta name=\"twitter:data1\" content=\"3 minuty\" \/>\n<script type=\"application\/ld+json\" class=\"yoast-schema-graph\">{\"@context\":\"https:\/\/schema.org\",\"@graph\":[{\"@type\":\"WebPage\",\"@id\":\"https:\/\/auslaenderbehoerde.org\/auslaenderbehoerden-in-baden-wuerttemberg\/\",\"url\":\"https:\/\/auslaenderbehoerde.org\/auslaenderbehoerden-in-baden-wuerttemberg\/\",\"name\":\"Ausl\u00e4nderbeh\u00f6rden in Baden-W\u00fcrttemberg | Adressen und Anschrift\",\"isPartOf\":{\"@id\":\"https:\/\/auslaenderbehoerde.org\/#website\"},\"primaryImageOfPage\":{\"@id\":\"https:\/\/auslaenderbehoerde.org\/auslaenderbehoerden-in-baden-wuerttemberg\/#primaryimage\"},\"image\":{\"@id\":\"https:\/\/auslaenderbehoerde.org\/auslaenderbehoerden-in-baden-wuerttemberg\/#primaryimage\"},\"thumbnailUrl\":\"https:\/\/auslaenderbehoerde.org\/wp-content\/uploads\/2022\/06\/Ausla\u0308nderbeho\u0308rde-scaled-e1656327377843.jpeg\",\"datePublished\":\"2022-06-27T08:02:06+00:00\",\"dateModified\":\"2022-07-05T15:16:40+00:00\",\"description\":\"Hier finden Sie alle Adressen und Kontaktinformationen der Ausl\u00e4nder\u00e4mter oder auch Ausl\u00e4nderbeh\u00f6rden in Baden-W\u00fcrttemberg\",\"breadcrumb\":{\"@id\":\"https:\/\/auslaenderbehoerde.org\/auslaenderbehoerden-in-baden-wuerttemberg\/#breadcrumb\"},\"inLanguage\":\"pl-PL\",\"potentialAction\":[{\"@type\":\"ReadAction\",\"target\":[\"https:\/\/auslaenderbehoerde.org\/auslaenderbehoerden-in-baden-wuerttemberg\/\"]}]},{\"@type\":\"ImageObject\",\"inLanguage\":\"pl-PL\",\"@id\":\"https:\/\/auslaenderbehoerde.org\/auslaenderbehoerden-in-baden-wuerttemberg\/#primaryimage\",\"url\":\"https:\/\/auslaenderbehoerde.org\/wp-content\/uploads\/2022\/06\/Ausla\u0308nderbeho\u0308rde-scaled-e1656327377843.jpeg\",\"contentUrl\":\"https:\/\/auslaenderbehoerde.org\/wp-content\/uploads\/2022\/06\/Ausla\u0308nderbeho\u0308rde-scaled-e1656327377843.jpeg\",\"width\":900,\"height\":675,\"caption\":\"Ausl\u00e4nderbeh\u00f6rde\"},{\"@type\":\"BreadcrumbList\",\"@id\":\"https:\/\/auslaenderbehoerde.org\/auslaenderbehoerden-in-baden-wuerttemberg\/#breadcrumb\",\"itemListElement\":[{\"@type\":\"ListItem\",\"position\":1,\"name\":\"Startseite\",\"item\":\"https:\/\/auslaenderbehoerde.org\/\"},{\"@type\":\"ListItem\",\"position\":2,\"name\":\"Ausl\u00e4nderbeh\u00f6rden in Baden-W\u00fcrttemberg\"}]},{\"@type\":\"WebSite\",\"@id\":\"https:\/\/auslaenderbehoerde.org\/#website\",\"url\":\"https:\/\/auslaenderbehoerde.org\/\",\"name\":\"auslaenderbehoerde.org\",\"description\":\"\",\"potentialAction\":[{\"@type\":\"SearchAction\",\"target\":{\"@type\":\"EntryPoint\",\"urlTemplate\":\"https:\/\/auslaenderbehoerde.org\/?s={search_term_string}\"},\"query-input\":{\"@type\":\"PropertyValueSpecification\",\"valueRequired\":true,\"valueName\":\"search_term_string\"}}],\"inLanguage\":\"pl-PL\"}]}<\/script>\n<!-- \/ Yoast SEO plugin. -->","yoast_head_json":{"title":"Urz\u0105d imigracyjny w Badenii-Wirtembergii | adresy i adres","description":"Tutaj znajdziesz wszystkie adresy i dane kontaktowe urz\u0119d\u00f3w imigracyjnych lub urz\u0119d\u00f3w imigracyjnych w Badenii-Wirtembergii","robots":{"index":"index","follow":"follow","max-snippet":"max-snippet:-1","max-image-preview":"max-image-preview:large","max-video-preview":"max-video-preview:-1"},"canonical":"https:\/\/auslaenderbehoerde.org\/pl\/wladze-imigracyjne-w-badenii-wirtembergii\/","og_locale":"pl_PL","og_type":"article","og_title":"Ausl\u00e4nderbeh\u00f6rden in Baden-W\u00fcrttemberg | Adressen und Anschrift","og_description":"Hier finden Sie alle Adressen und Kontaktinformationen der Ausl\u00e4nder\u00e4mter oder auch Ausl\u00e4nderbeh\u00f6rden in Baden-W\u00fcrttemberg","og_url":"https:\/\/auslaenderbehoerde.org\/pl\/wladze-imigracyjne-w-badenii-wirtembergii\/","og_site_name":"auslaenderbehoerde.org","article_modified_time":"2022-07-05T15:16:40+00:00","og_image":[{"width":900,"height":675,"url":"https:\/\/auslaenderbehoerde.org\/wp-content\/uploads\/2022\/06\/Ausla\u0308nderbeho\u0308rde-scaled-e1656327377843.jpeg","type":"image\/jpeg"}],"twitter_card":"summary_large_image","twitter_misc":{"Szacowany czas czytania":"3 minuty"},"schema":{"@context":"https:\/\/schema.org","@graph":[{"@type":"WebPage","@id":"https:\/\/auslaenderbehoerde.org\/auslaenderbehoerden-in-baden-wuerttemberg\/","url":"https:\/\/auslaenderbehoerde.org\/auslaenderbehoerden-in-baden-wuerttemberg\/","name":"Urz\u0105d imigracyjny w Badenii-Wirtembergii | adresy i adres","isPartOf":{"@id":"https:\/\/auslaenderbehoerde.org\/#website"},"primaryImageOfPage":{"@id":"https:\/\/auslaenderbehoerde.org\/auslaenderbehoerden-in-baden-wuerttemberg\/#primaryimage"},"image":{"@id":"https:\/\/auslaenderbehoerde.org\/auslaenderbehoerden-in-baden-wuerttemberg\/#primaryimage"},"thumbnailUrl":"https:\/\/auslaenderbehoerde.org\/wp-content\/uploads\/2022\/06\/Ausla\u0308nderbeho\u0308rde-scaled-e1656327377843.jpeg","datePublished":"2022-06-27T08:02:06+00:00","dateModified":"2022-07-05T15:16:40+00:00","description":"Tutaj znajdziesz wszystkie adresy i dane kontaktowe urz\u0119d\u00f3w imigracyjnych lub urz\u0119d\u00f3w imigracyjnych w Badenii-Wirtembergii","breadcrumb":{"@id":"https:\/\/auslaenderbehoerde.org\/auslaenderbehoerden-in-baden-wuerttemberg\/#breadcrumb"},"inLanguage":"pl-PL","potentialAction":[{"@type":"ReadAction","target":["https:\/\/auslaenderbehoerde.org\/auslaenderbehoerden-in-baden-wuerttemberg\/"]}]},{"@type":"ImageObject","inLanguage":"pl-PL","@id":"https:\/\/auslaenderbehoerde.org\/auslaenderbehoerden-in-baden-wuerttemberg\/#primaryimage","url":"https:\/\/auslaenderbehoerde.org\/wp-content\/uploads\/2022\/06\/Ausla\u0308nderbeho\u0308rde-scaled-e1656327377843.jpeg","contentUrl":"https:\/\/auslaenderbehoerde.org\/wp-content\/uploads\/2022\/06\/Ausla\u0308nderbeho\u0308rde-scaled-e1656327377843.jpeg","width":900,"height":675,"caption":"Ausl\u00e4nderbeh\u00f6rde"},{"@type":"BreadcrumbList","@id":"https:\/\/auslaenderbehoerde.org\/auslaenderbehoerden-in-baden-wuerttemberg\/#breadcrumb","itemListElement":[{"@type":"ListItem","position":1,"name":"Startseite","item":"https:\/\/auslaenderbehoerde.org\/"},{"@type":"ListItem","position":2,"name":"Ausl\u00e4nderbeh\u00f6rden in Baden-W\u00fcrttemberg"}]},{"@type":"WebSite","@id":"https:\/\/auslaenderbehoerde.org\/#website","url":"https:\/\/auslaenderbehoerde.org\/","name":"auslaenderbehoerde.org","description":"","potentialAction":[{"@type":"SearchAction","target":{"@type":"EntryPoint","urlTemplate":"https:\/\/auslaenderbehoerde.org\/?s={search_term_string}"},"query-input":{"@type":"PropertyValueSpecification","valueRequired":true,"valueName":"search_term_string"}}],"inLanguage":"pl-PL"}]}},"_links":{"self":[{"href":"https:\/\/auslaenderbehoerde.org\/pl\/wp-json\/wp\/v2\/pages\/30","targetHints":{"allow":["GET"]}}],"collection":[{"href":"https:\/\/auslaenderbehoerde.org\/pl\/wp-json\/wp\/v2\/pages"}],"about":[{"href":"https:\/\/auslaenderbehoerde.org\/pl\/wp-json\/wp\/v2\/types\/page"}],"author":[{"embeddable":true,"href":"https:\/\/auslaenderbehoerde.org\/pl\/wp-json\/wp\/v2\/users\/1"}],"replies":[{"embeddable":true,"href":"https:\/\/auslaenderbehoerde.org\/pl\/wp-json\/wp\/v2\/comments?post=30"}],"version-history":[{"count":10,"href":"https:\/\/auslaenderbehoerde.org\/pl\/wp-json\/wp\/v2\/pages\/30\/revisions"}],"predecessor-version":[{"id":462,"href":"https:\/\/auslaenderbehoerde.org\/pl\/wp-json\/wp\/v2\/pages\/30\/revisions\/462"}],"wp:featuredmedia":[{"embeddable":true,"href":"https:\/\/auslaenderbehoerde.org\/pl\/wp-json\/wp\/v2\/media\/65"}],"wp:attachment":[{"href":"https:\/\/auslaenderbehoerde.org\/pl\/wp-json\/wp\/v2\/media?parent=30"}],"curies":[{"name":"wp","href":"https:\/\/api.w.org\/{rel}","templated":true}]}}