{"id":598,"date":"2022-07-07T12:31:46","date_gmt":"2022-07-07T10:31:46","guid":{"rendered":"https:\/\/auslaenderbehoerde.org\/?page_id=598"},"modified":"2023-08-08T19:56:11","modified_gmt":"2023-08-08T17:56:11","slug":"auslaenderbehoerde-nuernberg","status":"publish","type":"page","link":"https:\/\/auslaenderbehoerde.org\/pl\/urzad-imigracyjny-norymberga\/","title":{"rendered":"Urz\u0105d Imigracyjny Norymberga"},"content":{"rendered":"<p>Tutaj znajdziesz r\u00f3\u017cne opcje kontaktu i inne przydatne informacje dotycz\u0105ce Urz\u0119du Rejestracji Cudzoziemc\u00f3w Norymberga - Bawaria<\/p>\n<p><strong>Adres zamieszkania:<\/strong> Urz\u0105d Meldunkowy Norymberga, Hirschelgasse 32 (Og\u00f3lne sprawy cudzoziemc\u00f3w: poziom 1 i poziom 3), 90403 Norymberga<br \/>\n<strong>Telefon:<\/strong> 0911 2314700<br \/>\n<strong>Stronie internetowej:<\/strong> <a href=\"https:\/\/www.nuernberg.de\/internet\/stadtportal\/index.html\">www.nuernberg.de<\/a><br \/>\n<strong>Godziny otwarcia:<\/strong> zobacz stron\u0119<\/p>\n<p><iframe style=\"border: 0;\" src=\"https:\/\/www.google.com\/maps\/embed?pb=!1m18!1m12!1m3!1d2646.0958065585173!2d11.127825851483266!3d48.45469127914819!2m3!1f0!2f0!3f0!3m2!1i1024!2i768!4f13.1!3m3!1m2!1s0x479e9264265f6b43%3A0x50df3ac4e5e48c29!2sM%C3%BCnchener%20Str.%209%2C%2086551%20Aichach!5e0!3m2!1sde!2sde!4v1657034483608!5m2!1sde!2sde\" width=\"600\" height=\"450\" allowfullscreen=\"allowfullscreen\" data-mce-fragment=\"1\"><\/iframe><\/p>\n<h2>Urz\u0105d Imigracyjny Miasta Norymberga \u2013 Regensburger Stra\u00dfe<\/h2>\n<p><img decoding=\"async\" class=\"aligncenter wp-image-1685 size-full\" src=\"https:\/\/auslaenderbehoerde.org\/wp-content\/uploads\/2023\/08\/IMG_3537-scaled-e1691517340420.jpeg\" alt=\"Urz\u0105d Imigracyjny Norymberga\" width=\"600\" height=\"450\" srcset=\"https:\/\/auslaenderbehoerde.org\/wp-content\/uploads\/2023\/08\/IMG_3537-scaled-e1691517340420.jpeg 600w, https:\/\/auslaenderbehoerde.org\/wp-content\/uploads\/2023\/08\/IMG_3537-scaled-e1691517340420-300x225.jpeg 300w, https:\/\/auslaenderbehoerde.org\/wp-content\/uploads\/2023\/08\/IMG_3537-scaled-e1691517340420-16x12.jpeg 16w\" sizes=\"(max-width: 600px) 100vw, 600px\" \/><\/p>\n<p><strong>Adres zamieszkania:\u00a0<\/strong>Urz\u0105d Imigracyjny Miasta Norymberga, Regensburger Str. 231, 90478 Norymberga<br \/>\n<strong>Telefon:<\/strong> 0911\/231-0<br \/>\n<strong>Faks:<\/strong>\u00a00911 231-5777, -5781<strong><br \/>\n<strong>Stronie internetowej:<\/strong><\/strong>\u00a0<a href=\"https:\/\/www.nuernberg.de\/internet\/auslaenderbehoerde\/\" target=\"_blank\" rel=\"noopener nofollow external noreferrer\" data-wpel-link=\"external\">www.nuernberg.de<\/a><strong><br \/>\n<strong>Godziny otwarcia: <\/strong><\/strong>Tylko po uprzednim um\u00f3wieniu si\u0119 przez portal serwisowy\u201d<a href=\"https:\/\/www.nuernberg.de\/internet\/auslaenderbehoerde\/einfach_online_machen.html\">Moja Norymberga<\/a>\u201c<\/p>\n<p><iframe style=\"border: 0;\" src=\"https:\/\/www.google.com\/maps\/embed?pb=!1m18!1m12!1m3!1d2594.474305636229!2d11.116816351513416!3d49.43775187924714!2m3!1f0!2f0!3f0!3m2!1i1024!2i768!4f13.1!3m3!1m2!1s0x479f59d3f6c56105%3A0x24b75cfc55a15be9!2sRegensburger%20Str.%20231%2C%2090478%20N%C3%BCrnberg!5e0!3m2!1sde!2sde!4v1657189888870!5m2!1sde!2sde\" width=\"600\" height=\"450\" allowfullscreen=\"allowfullscreen\"><\/iframe><\/p>\n<h2>Zadania Urz\u0119du Rejestracji Cudzoziemc\u00f3w w Norymberdze<\/h2>\n<p>Urz\u0105d imigracyjny w Norymberdze odpowiada za mieszka\u0144c\u00f3w Norymbergi i miast stowarzyszonych. Urz\u0105d jest pierwszym adresem dla cudzoziemc\u00f3w przybywaj\u0105cych z zagranicy. Odpowiada za wydawanie lub odmawianie zezwole\u0144 na pobyt zgodnie z odpowiednimi celami pobytu okre\u015blonymi w ustawie o pobycie.<\/p>\n<p>Urz\u0105d Imigracyjny jest r\u00f3wnie\u017c odpowiedzialny za wydawanie <a href=\"https:\/\/auslaenderbehoerde.org\/pl\/zezwolenie-na-pobyt\/\">zezwolenie na pobyt<\/a>, <a href=\"https:\/\/auslaenderbehoerde.org\/pl\/deklaracja-zobowiazania\/\">deklaracja zobowi\u0105zania<\/a>, dokumenty podr\u00f3\u017cy i zezwolenia tolerowane dla cudzoziemc\u00f3w. Urz\u0105d imigracyjny nad tym pracuje <a href=\"https:\/\/www.gesetze-im-internet.de\/aufenthg_2004\/__71.html\" target=\"_blank\" rel=\"noopener external noreferrer\" data-wpel-link=\"external\">Sekcja 71<\/a> AufenthG i odpowiada za regulowanie wszelkich decyzji i \u015brodk\u00f3w, kt\u00f3re maj\u0105 wp\u0142yw na prawa paszportowe i pobytowe cudzoziemc\u00f3w.<\/p>\n<p>Odpowiedzialno\u015b\u0107 urz\u0119du do spraw cudzoziemc\u00f3w rozci\u0105ga si\u0119 r\u00f3wnie\u017c na wiele innych zada\u0144. Rodzaj i czas trwania zezwolenia na pobyt s\u0105 bardzo zr\u00f3\u017cnicowane. Niekt\u00f3rym wyznacza si\u0119 limit czasowy, innym odmawia si\u0119 zezwolenia na pobyt i udziela si\u0119 zezwolenia na wyjazd zgodnie z ustaw\u0105 o pobycie.<\/p>\n<p>Organy imigracyjne s\u0105 r\u00f3wnie\u017c odpowiedzialne za osoby ubiegaj\u0105ce si\u0119 o azyl i osoby przesiedlone. Ty decydujesz o <a href=\"https:\/\/auslaenderbehoerde.org\/pl\/zezwolenie-na-pobyt-2\/\">zezwolenie na pobyt<\/a> i wyda\u0107 je, je\u015bli decyzja jest pozytywna.<\/p>\n<p><strong>Oto przegl\u0105d tego, za co odpowiedzialne s\u0105 w\u0142adze imigracyjne:<\/strong><\/p>\n<ul style=\"list-style-type: circle;\">\n<li>pomoc dla uchod\u017ac\u00f3w<\/li>\n<li>Opieka spo\u0142eczna<\/li>\n<li>kursy integracyjne<\/li>\n<li>Organizacja i zatwierdzanie wjazdu i pobytu w Niemczech<\/li>\n<li>prawo do zasi\u0142ku<\/li>\n<li>refundacja i opieka zdrowotna<\/li>\n<li>status cywilny<\/li>\n<li>deklaracja zobowi\u0105zania<\/li>\n<li>opcje zakwaterowania<\/li>\n<li>Zarejestruj si\u0119<\/li>\n<li>procedura azylowa<\/li>\n<\/ul>\n<h3>Jak mog\u0119 um\u00f3wi\u0107 si\u0119 na spotkanie w Urz\u0119dzie Imigracyjnym? <span id=\"Wie_kann_ich_einen_Termin_beim_Jugendamt_vereinbaren\">Zgodzi\u0107 si\u0119?<\/span><\/h3>\n<p>Istnieje kilka sposob\u00f3w um\u00f3wienia si\u0119 na spotkanie w Urz\u0119dzie Imigracyjnym. Mo\u017cesz um\u00f3wi\u0107 si\u0119 na spotkanie w urz\u0119dzie imigracyjnym w Norymberdze tylko za po\u015brednictwem portalu us\u0142ugowego &quot;<a href=\"https:\/\/www.nuernberg.de\/internet\/auslaenderbehoerde\/einfach_online_machen.html\">Moja Norymberga<\/a>&quot;. Przed wizyt\u0105 w agencji upewnij si\u0119, \u017ce masz wszystkie niezb\u0119dne dokumenty.<\/p>\n<div class=\"su-note\"  style=\"border-color:#d1d1d0;border-radius:3px;-moz-border-radius:3px;-webkit-border-radius:3px;\"><div class=\"su-note-inner su-u-clearfix su-u-trim\" style=\"background-color:#ebebea;border-color:#ffffff;color:#444444;border-radius:3px;-moz-border-radius:3px;-webkit-border-radius:3px;\"><b>Uwaga: <\/b>W przypadku urz\u0119d\u00f3w i urz\u0119d\u00f3w zwykle potrzebujesz dokument\u00f3w lub za\u015bwiadcze\u0144 jako: <a href=\"https:\/\/tidd.ly\/3y8DKdr\" target=\"_blank\" rel=\"noopener\">t\u0142umaczenie przysi\u0119g\u0142e<\/a>*.<\/div><\/div>\n<p><strong>Spodziewasz si\u0119 go\u015bci z zagranicy?<\/strong> Z <a href=\"https:\/\/auslaenderbehoerde.org\/pl\/ubezpieczenie-podrozy-dla-gosci-zagranicznych\/\">Ubezpieczenie podr\u00f3\u017cne dla go\u015bci zagranicznych<\/a> korzystaj\u0105 z kompleksowej ochrony w Niemczech i Europie.<\/p>\n<h3>Dalsze w\u0142adze imigracyjne i informacje<\/h3>\n<ul style=\"list-style-type: circle;\">\n<li><a href=\"https:\/\/auslaenderbehoerde.org\/pl\/wladze-imigracyjne-w-bawarii\/\">Urz\u0105d imigracyjny w Bawarii<\/a><\/li>\n<li><a href=\"https:\/\/auslaenderbehoerde.org\/pl\/\">Organy imigracyjne w Niemczech<\/a><\/li>\n<li><a href=\"https:\/\/auslaenderbehoerde.org\/pl\/pierwsze-kroki-w-niemczech\/\" data-wpel-link=\"internal\">Pierwsze kroki w Niemczech<\/a><\/li>\n<\/ul>","protected":false},"excerpt":{"rendered":"<p>Hier finden Sie die verschiedenen Kontaktm\u00f6glichkeiten und weitere hilfreiche Informationen f\u00fcr die Ausl\u00e4nderbeh\u00f6rde N\u00fcrnberg \u2013 Bayern Adresse: Einwohneramt N\u00fcrnberg, Hirschelgasse 32 (Allgemeine Ausl\u00e4nderangelegenheiten: Ebene 1 und Ebene 3), 90403 N\u00fcrnberg Telefon: 0911 2314700 Webseite: www.nuernberg.de \u00d6ffnungszeiten: siehe Webseite Ausl\u00e4nderbeh\u00f6rde Stadt N\u00fcrnberg &#8211; Regensburger Stra\u00dfe Adresse:\u00a0Ausl\u00e4nderbeh\u00f6rde Stadt N\u00fcrnberg, Regensburger Str. 231, 90478 N\u00fcrnberg Telefon: 0911\/231-0 Fax:\u00a00911&hellip;&nbsp;<a href=\"https:\/\/auslaenderbehoerde.org\/pl\/urzad-imigracyjny-norymberga\/\" rel=\"bookmark\">Czytaj wi\u0119cej \u00bb<span class=\"screen-reader-text\">Urz\u0105d Imigracyjny Norymberga<\/span><\/a><\/p>","protected":false},"author":1,"featured_media":1685,"parent":0,"menu_order":0,"comment_status":"closed","ping_status":"closed","template":"","meta":{"neve_meta_sidebar":"","neve_meta_container":"","neve_meta_enable_content_width":"off","neve_meta_content_width":100,"neve_meta_title_alignment":"","neve_meta_author_avatar":"","neve_post_elements_order":"","neve_meta_disable_header":"","neve_meta_disable_footer":"","neve_meta_disable_title":"","neve_meta_reading_time":"","footnotes":""},"class_list":["post-598","page","type-page","status-publish","has-post-thumbnail","hentry"],"yoast_head":"<!-- This site is optimized with the Yoast SEO plugin v26.6 - https:\/\/yoast.com\/wordpress\/plugins\/seo\/ -->\n<title>Ausl\u00e4nderbeh\u00f6rde N\u00fcrnberg | Adresse und Kontaktdaten<\/title>\n<meta name=\"description\" content=\"Ausl\u00e4nderbeh\u00f6rde N\u00fcrnberg | Hier finden Sie alle Informationen wie Adresse und Anschrift \u2713 Telefonnummer, Kontakt und \u00d6ffnungszeiten\" \/>\n<meta name=\"robots\" content=\"index, follow, max-snippet:-1, max-image-preview:large, max-video-preview:-1\" \/>\n<link rel=\"canonical\" href=\"https:\/\/auslaenderbehoerde.org\/pl\/urzad-imigracyjny-norymberga\/\" \/>\n<meta property=\"og:locale\" content=\"pl_PL\" \/>\n<meta property=\"og:type\" content=\"article\" \/>\n<meta property=\"og:title\" content=\"Ausl\u00e4nderbeh\u00f6rde N\u00fcrnberg | Adresse und Kontaktdaten\" \/>\n<meta property=\"og:description\" content=\"Ausl\u00e4nderbeh\u00f6rde N\u00fcrnberg | Hier finden Sie alle Informationen wie Adresse und Anschrift \u2713 Telefonnummer, Kontakt und \u00d6ffnungszeiten\" \/>\n<meta property=\"og:url\" content=\"https:\/\/auslaenderbehoerde.org\/pl\/urzad-imigracyjny-norymberga\/\" \/>\n<meta property=\"og:site_name\" content=\"auslaenderbehoerde.org\" \/>\n<meta property=\"article:modified_time\" content=\"2023-08-08T17:56:11+00:00\" \/>\n<meta property=\"og:image\" content=\"https:\/\/auslaenderbehoerde.org\/wp-content\/uploads\/2023\/08\/IMG_3537-scaled-e1691517340420.jpeg\" \/>\n\t<meta property=\"og:image:width\" content=\"600\" \/>\n\t<meta property=\"og:image:height\" content=\"450\" \/>\n\t<meta property=\"og:image:type\" content=\"image\/jpeg\" \/>\n<meta name=\"twitter:card\" content=\"summary_large_image\" \/>\n<meta name=\"twitter:label1\" content=\"Szacowany czas czytania\" \/>\n\t<meta name=\"twitter:data1\" content=\"3 minuty\" \/>\n<script type=\"application\/ld+json\" class=\"yoast-schema-graph\">{\"@context\":\"https:\/\/schema.org\",\"@graph\":[{\"@type\":\"WebPage\",\"@id\":\"https:\/\/auslaenderbehoerde.org\/auslaenderbehoerde-nuernberg\/\",\"url\":\"https:\/\/auslaenderbehoerde.org\/auslaenderbehoerde-nuernberg\/\",\"name\":\"Ausl\u00e4nderbeh\u00f6rde N\u00fcrnberg | Adresse und Kontaktdaten\",\"isPartOf\":{\"@id\":\"https:\/\/auslaenderbehoerde.org\/#website\"},\"primaryImageOfPage\":{\"@id\":\"https:\/\/auslaenderbehoerde.org\/auslaenderbehoerde-nuernberg\/#primaryimage\"},\"image\":{\"@id\":\"https:\/\/auslaenderbehoerde.org\/auslaenderbehoerde-nuernberg\/#primaryimage\"},\"thumbnailUrl\":\"https:\/\/auslaenderbehoerde.org\/wp-content\/uploads\/2023\/08\/IMG_3537-scaled-e1691517340420.jpeg\",\"datePublished\":\"2022-07-07T10:31:46+00:00\",\"dateModified\":\"2023-08-08T17:56:11+00:00\",\"description\":\"Ausl\u00e4nderbeh\u00f6rde N\u00fcrnberg | Hier finden Sie alle Informationen wie Adresse und Anschrift \u2713 Telefonnummer, Kontakt und \u00d6ffnungszeiten\",\"breadcrumb\":{\"@id\":\"https:\/\/auslaenderbehoerde.org\/auslaenderbehoerde-nuernberg\/#breadcrumb\"},\"inLanguage\":\"pl-PL\",\"potentialAction\":[{\"@type\":\"ReadAction\",\"target\":[\"https:\/\/auslaenderbehoerde.org\/auslaenderbehoerde-nuernberg\/\"]}]},{\"@type\":\"ImageObject\",\"inLanguage\":\"pl-PL\",\"@id\":\"https:\/\/auslaenderbehoerde.org\/auslaenderbehoerde-nuernberg\/#primaryimage\",\"url\":\"https:\/\/auslaenderbehoerde.org\/wp-content\/uploads\/2023\/08\/IMG_3537-scaled-e1691517340420.jpeg\",\"contentUrl\":\"https:\/\/auslaenderbehoerde.org\/wp-content\/uploads\/2023\/08\/IMG_3537-scaled-e1691517340420.jpeg\",\"width\":600,\"height\":450,\"caption\":\"Ausl\u00e4nderbeh\u00f6rde N\u00fcrnberg\"},{\"@type\":\"BreadcrumbList\",\"@id\":\"https:\/\/auslaenderbehoerde.org\/auslaenderbehoerde-nuernberg\/#breadcrumb\",\"itemListElement\":[{\"@type\":\"ListItem\",\"position\":1,\"name\":\"Startseite\",\"item\":\"https:\/\/auslaenderbehoerde.org\/\"},{\"@type\":\"ListItem\",\"position\":2,\"name\":\"Ausl\u00e4nderbeh\u00f6rde N\u00fcrnberg\"}]},{\"@type\":\"WebSite\",\"@id\":\"https:\/\/auslaenderbehoerde.org\/#website\",\"url\":\"https:\/\/auslaenderbehoerde.org\/\",\"name\":\"auslaenderbehoerde.org\",\"description\":\"\",\"potentialAction\":[{\"@type\":\"SearchAction\",\"target\":{\"@type\":\"EntryPoint\",\"urlTemplate\":\"https:\/\/auslaenderbehoerde.org\/?s={search_term_string}\"},\"query-input\":{\"@type\":\"PropertyValueSpecification\",\"valueRequired\":true,\"valueName\":\"search_term_string\"}}],\"inLanguage\":\"pl-PL\"}]}<\/script>\n<!-- \/ Yoast SEO plugin. -->","yoast_head_json":{"title":"Urz\u0105d Imigracyjny Norymberga | adres i dane kontaktowe","description":"Urz\u0105d Imigracyjny Norymberga | Tutaj znajdziesz wszystkie informacje, takie jak adres i adres \u2713 numer telefonu, kontakt i godziny otwarcia","robots":{"index":"index","follow":"follow","max-snippet":"max-snippet:-1","max-image-preview":"max-image-preview:large","max-video-preview":"max-video-preview:-1"},"canonical":"https:\/\/auslaenderbehoerde.org\/pl\/urzad-imigracyjny-norymberga\/","og_locale":"pl_PL","og_type":"article","og_title":"Ausl\u00e4nderbeh\u00f6rde N\u00fcrnberg | Adresse und Kontaktdaten","og_description":"Ausl\u00e4nderbeh\u00f6rde N\u00fcrnberg | Hier finden Sie alle Informationen wie Adresse und Anschrift \u2713 Telefonnummer, Kontakt und \u00d6ffnungszeiten","og_url":"https:\/\/auslaenderbehoerde.org\/pl\/urzad-imigracyjny-norymberga\/","og_site_name":"auslaenderbehoerde.org","article_modified_time":"2023-08-08T17:56:11+00:00","og_image":[{"width":600,"height":450,"url":"https:\/\/auslaenderbehoerde.org\/wp-content\/uploads\/2023\/08\/IMG_3537-scaled-e1691517340420.jpeg","type":"image\/jpeg"}],"twitter_card":"summary_large_image","twitter_misc":{"Szacowany czas czytania":"3 minuty"},"schema":{"@context":"https:\/\/schema.org","@graph":[{"@type":"WebPage","@id":"https:\/\/auslaenderbehoerde.org\/auslaenderbehoerde-nuernberg\/","url":"https:\/\/auslaenderbehoerde.org\/auslaenderbehoerde-nuernberg\/","name":"Urz\u0105d Imigracyjny Norymberga | adres i dane kontaktowe","isPartOf":{"@id":"https:\/\/auslaenderbehoerde.org\/#website"},"primaryImageOfPage":{"@id":"https:\/\/auslaenderbehoerde.org\/auslaenderbehoerde-nuernberg\/#primaryimage"},"image":{"@id":"https:\/\/auslaenderbehoerde.org\/auslaenderbehoerde-nuernberg\/#primaryimage"},"thumbnailUrl":"https:\/\/auslaenderbehoerde.org\/wp-content\/uploads\/2023\/08\/IMG_3537-scaled-e1691517340420.jpeg","datePublished":"2022-07-07T10:31:46+00:00","dateModified":"2023-08-08T17:56:11+00:00","description":"Urz\u0105d Imigracyjny Norymberga | Tutaj znajdziesz wszystkie informacje, takie jak adres i adres \u2713 numer telefonu, kontakt i godziny otwarcia","breadcrumb":{"@id":"https:\/\/auslaenderbehoerde.org\/auslaenderbehoerde-nuernberg\/#breadcrumb"},"inLanguage":"pl-PL","potentialAction":[{"@type":"ReadAction","target":["https:\/\/auslaenderbehoerde.org\/auslaenderbehoerde-nuernberg\/"]}]},{"@type":"ImageObject","inLanguage":"pl-PL","@id":"https:\/\/auslaenderbehoerde.org\/auslaenderbehoerde-nuernberg\/#primaryimage","url":"https:\/\/auslaenderbehoerde.org\/wp-content\/uploads\/2023\/08\/IMG_3537-scaled-e1691517340420.jpeg","contentUrl":"https:\/\/auslaenderbehoerde.org\/wp-content\/uploads\/2023\/08\/IMG_3537-scaled-e1691517340420.jpeg","width":600,"height":450,"caption":"Ausl\u00e4nderbeh\u00f6rde N\u00fcrnberg"},{"@type":"BreadcrumbList","@id":"https:\/\/auslaenderbehoerde.org\/auslaenderbehoerde-nuernberg\/#breadcrumb","itemListElement":[{"@type":"ListItem","position":1,"name":"Startseite","item":"https:\/\/auslaenderbehoerde.org\/"},{"@type":"ListItem","position":2,"name":"Ausl\u00e4nderbeh\u00f6rde N\u00fcrnberg"}]},{"@type":"WebSite","@id":"https:\/\/auslaenderbehoerde.org\/#website","url":"https:\/\/auslaenderbehoerde.org\/","name":"auslaenderbehoerde.org","description":"","potentialAction":[{"@type":"SearchAction","target":{"@type":"EntryPoint","urlTemplate":"https:\/\/auslaenderbehoerde.org\/?s={search_term_string}"},"query-input":{"@type":"PropertyValueSpecification","valueRequired":true,"valueName":"search_term_string"}}],"inLanguage":"pl-PL"}]}},"_links":{"self":[{"href":"https:\/\/auslaenderbehoerde.org\/pl\/wp-json\/wp\/v2\/pages\/598","targetHints":{"allow":["GET"]}}],"collection":[{"href":"https:\/\/auslaenderbehoerde.org\/pl\/wp-json\/wp\/v2\/pages"}],"about":[{"href":"https:\/\/auslaenderbehoerde.org\/pl\/wp-json\/wp\/v2\/types\/page"}],"author":[{"embeddable":true,"href":"https:\/\/auslaenderbehoerde.org\/pl\/wp-json\/wp\/v2\/users\/1"}],"replies":[{"embeddable":true,"href":"https:\/\/auslaenderbehoerde.org\/pl\/wp-json\/wp\/v2\/comments?post=598"}],"version-history":[{"count":4,"href":"https:\/\/auslaenderbehoerde.org\/pl\/wp-json\/wp\/v2\/pages\/598\/revisions"}],"predecessor-version":[{"id":1686,"href":"https:\/\/auslaenderbehoerde.org\/pl\/wp-json\/wp\/v2\/pages\/598\/revisions\/1686"}],"wp:featuredmedia":[{"embeddable":true,"href":"https:\/\/auslaenderbehoerde.org\/pl\/wp-json\/wp\/v2\/media\/1685"}],"wp:attachment":[{"href":"https:\/\/auslaenderbehoerde.org\/pl\/wp-json\/wp\/v2\/media?parent=598"}],"curies":[{"name":"wp","href":"https:\/\/api.w.org\/{rel}","templated":true}]}}