{"id":600,"date":"2022-07-07T12:34:51","date_gmt":"2022-07-07T10:34:51","guid":{"rendered":"https:\/\/auslaenderbehoerde.org\/?page_id=600"},"modified":"2022-07-07T12:34:51","modified_gmt":"2022-07-07T10:34:51","slug":"auslaenderbehoerde-obermaiselstein","status":"publish","type":"page","link":"https:\/\/auslaenderbehoerde.org\/pl\/urzad-ds-cudzoziemcow-obermaiselstein\/","title":{"rendered":"Urz\u0105d imigracyjny w Obermaiselstein"},"content":{"rendered":"<p>Tutaj znajdziesz r\u00f3\u017cne mo\u017cliwo\u015bci kontaktu i inne przydatne informacje dotycz\u0105ce urz\u0119du imigracyjnego Obermaiselstein \u2013 Bawaria<\/p>\n<p><strong>Adres zamieszkania:<\/strong> Urz\u0105d Rejonowy Oberallg\u00e4u, Oberallg\u00e4uer Platz 2, 87527 Sonthofen<br \/>\n<strong>Telefon:<\/strong> (08326) 1870<br \/>\n<strong>Stronie internetowej:<\/strong> <a href=\"https:\/\/www.oberallgaeu.org\/\">https:\/\/www.oberallgaeu.org\/<\/a><br \/>\n<strong>Godziny otwarcia:<\/strong> zobacz stron\u0119<\/p>\n<p><iframe style=\"border: 0;\" src=\"https:\/\/www.google.com\/maps\/embed?pb=!1m18!1m12!1m3!1d2694.757079056142!2d10.279639451454878!3d47.51412187907636!2m3!1f0!2f0!3f0!3m2!1i1024!2i768!4f13.1!3m3!1m2!1s0x479c84715251b69b%3A0x60b3aed210d2aa3a!2sOberallg%C3%A4uer%20Pl.%202%2C%2087527%20Sonthofen!5e0!3m2!1sde!2sde!4v1657190082840!5m2!1sde!2sde\" width=\"600\" height=\"450\" allowfullscreen=\"allowfullscreen\"><\/iframe><\/p>\n<h2>Zadania urz\u0119du imigracyjnego w Obermaiselstein<\/h2>\n<p>Urz\u0105d imigracyjny Obermaiselstein odpowiada za mieszka\u0144c\u00f3w Obermaiselstein i powi\u0105zanych miast. Organ ten jest pierwszym adresem dla cudzoziemc\u00f3w przyje\u017cd\u017caj\u0105cych z zagranicy. Odpowiada za wydawanie lub odmawianie zezwole\u0144 na pobyt zgodnie z odpowiednimi celami prawa pobytu.<\/p>\n<p>Urz\u0105d Imigracyjny jest r\u00f3wnie\u017c odpowiedzialny za wydawanie <a href=\"https:\/\/auslaenderbehoerde.org\/pl\/zezwolenie-na-pobyt\/\">zezwolenie na pobyt<\/a>, <a href=\"https:\/\/auslaenderbehoerde.org\/pl\/deklaracja-zobowiazania\/\">deklaracja zobowi\u0105zania<\/a>, dokumenty podr\u00f3\u017cy i zezwolenia tolerowane dla cudzoziemc\u00f3w. Urz\u0105d imigracyjny nad tym pracuje <a href=\"https:\/\/www.gesetze-im-internet.de\/aufenthg_2004\/__71.html\" target=\"_blank\" rel=\"noopener external noreferrer\" data-wpel-link=\"external\">Sekcja 71<\/a> AufenthG i odpowiada za regulowanie wszelkich decyzji i \u015brodk\u00f3w, kt\u00f3re maj\u0105 wp\u0142yw na prawa paszportowe i pobytowe cudzoziemc\u00f3w.<\/p>\n<p>Odpowiedzialno\u015b\u0107 urz\u0119du do spraw cudzoziemc\u00f3w rozci\u0105ga si\u0119 r\u00f3wnie\u017c na wiele innych zada\u0144. Rodzaj i czas trwania zezwolenia na pobyt s\u0105 bardzo zr\u00f3\u017cnicowane. Niekt\u00f3rym wyznacza si\u0119 limit czasowy, innym odmawia si\u0119 zezwolenia na pobyt i udziela si\u0119 zezwolenia na wyjazd zgodnie z ustaw\u0105 o pobycie.<\/p>\n<p>Organy imigracyjne s\u0105 r\u00f3wnie\u017c odpowiedzialne za osoby ubiegaj\u0105ce si\u0119 o azyl i osoby przesiedlone. Ty decydujesz o <a href=\"https:\/\/auslaenderbehoerde.org\/pl\/zezwolenie-na-pobyt-2\/\">zezwolenie na pobyt<\/a> i wyda\u0107 je, je\u015bli decyzja jest pozytywna.<\/p>\n<p><strong>Oto przegl\u0105d tego, za co odpowiedzialne s\u0105 w\u0142adze imigracyjne:<\/strong><\/p>\n<ul style=\"list-style-type: circle;\">\n<li>pomoc dla uchod\u017ac\u00f3w<\/li>\n<li>Opieka spo\u0142eczna<\/li>\n<li>kursy integracyjne<\/li>\n<li>Organizacja i zatwierdzanie wjazdu i pobytu w Niemczech<\/li>\n<li>prawo do zasi\u0142ku<\/li>\n<li>refundacja i opieka zdrowotna<\/li>\n<li>status cywilny<\/li>\n<li>deklaracja zobowi\u0105zania<\/li>\n<li>opcje zakwaterowania<\/li>\n<li>Zarejestruj si\u0119<\/li>\n<li>procedura azylowa<\/li>\n<\/ul>\n<h3>Jak mog\u0119 um\u00f3wi\u0107 si\u0119 na spotkanie w Urz\u0119dzie Imigracyjnym? <span id=\"Wie_kann_ich_einen_Termin_beim_Jugendamt_vereinbaren\">Zgodzi\u0107 si\u0119?<\/span><\/h3>\n<p>Na spotkanie w Urz\u0119dzie Imigracyjnym mo\u017cna um\u00f3wi\u0107 si\u0119 na kilka sposob\u00f3w. Z biurami mo\u017cna zazwyczaj skontaktowa\u0107 si\u0119 osobi\u015bcie, telefonicznie, e-mailem lub online. Adres i godziny otwarcia mo\u017cna zobaczy\u0107 online. W niekt\u00f3rych miastach mo\u017cna um\u00f3wi\u0107 si\u0119 na wizyt\u0119 za po\u015brednictwem miejskiego portalu serwisowego i pobra\u0107 formularze online. Upewnij si\u0119, \u017ce masz wszystkie niezb\u0119dne dokumenty przed wizyt\u0105 w agencji.<\/p>\n<div class=\"su-note\"  style=\"border-color:#d1d1d0;border-radius:3px;-moz-border-radius:3px;-webkit-border-radius:3px;\"><div class=\"su-note-inner su-u-clearfix su-u-trim\" style=\"background-color:#ebebea;border-color:#ffffff;color:#444444;border-radius:3px;-moz-border-radius:3px;-webkit-border-radius:3px;\"><b>Uwaga: <\/b>W przypadku urz\u0119d\u00f3w i urz\u0119d\u00f3w zwykle potrzebujesz dokument\u00f3w lub za\u015bwiadcze\u0144 jako: <a href=\"https:\/\/tidd.ly\/3y8DKdr\" target=\"_blank\" rel=\"noopener\">t\u0142umaczenie przysi\u0119g\u0142e<\/a>*.<\/div><\/div>\n<p><strong>Spodziewasz si\u0119 go\u015bci z zagranicy?<\/strong> Z <a href=\"https:\/\/auslaenderbehoerde.org\/pl\/ubezpieczenie-podrozy-dla-gosci-zagranicznych\/\">Ubezpieczenie podr\u00f3\u017cne dla go\u015bci zagranicznych<\/a> korzystaj\u0105 z kompleksowej ochrony w Niemczech i Europie.<\/p>\n<h3>Dalsze w\u0142adze imigracyjne i informacje<\/h3>\n<ul style=\"list-style-type: circle;\">\n<li><a href=\"https:\/\/auslaenderbehoerde.org\/pl\/wladze-imigracyjne-w-bawarii\/\">Urz\u0105d imigracyjny w Bawarii<\/a><\/li>\n<li><a href=\"https:\/\/auslaenderbehoerde.org\/pl\/\">Organy imigracyjne w Niemczech<\/a><\/li>\n<li><a href=\"https:\/\/auslaenderbehoerde.org\/pl\/pierwsze-kroki-w-niemczech\/\" data-wpel-link=\"internal\">Pierwsze kroki w Niemczech<\/a><\/li>\n<\/ul>","protected":false},"excerpt":{"rendered":"<p>Tutaj znajdziesz r\u00f3\u017cne mo\u017cliwo\u015bci kontaktu i inne przydatne informacje dotycz\u0105ce Urz\u0119du Imigracyjnego w Obermaiselstein \u2013 Bawaria. Adres: Urz\u0105d Powiatowy w Oberallg\u00e4u, Oberallg\u00e4uer Platz 2, 87527 Sonthofen Telefon: +49 8326 1870 Strona internetowa: https:\/\/www.oberallgaeu.org\/ Godziny otwarcia: patrz strona internetowa Obowi\u0105zki Urz\u0119du Imigracyjnego w Obermaiselstein Urz\u0105d Imigracyjny w Obermaiselstein odpowiada za mieszka\u0144c\u00f3w Obermaiselstein i okolicznych miejscowo\u015bci. Jest to pierwsze\u2026&nbsp;<a href=\"https:\/\/auslaenderbehoerde.org\/pl\/urzad-ds-cudzoziemcow-obermaiselstein\/\" rel=\"bookmark\">Czytaj wi\u0119cej \u00bb<span class=\"screen-reader-text\">Urz\u0105d imigracyjny w Obermaiselstein<\/span><\/a><\/p>","protected":false},"author":1,"featured_media":0,"parent":0,"menu_order":0,"comment_status":"closed","ping_status":"closed","template":"","meta":{"neve_meta_sidebar":"","neve_meta_container":"","neve_meta_enable_content_width":"off","neve_meta_content_width":100,"neve_meta_title_alignment":"","neve_meta_author_avatar":"","neve_post_elements_order":"","neve_meta_disable_header":"","neve_meta_disable_footer":"","neve_meta_disable_title":"","neve_meta_reading_time":"","footnotes":""},"class_list":["post-600","page","type-page","status-publish","hentry"],"yoast_head":"<!-- This site is optimized with the Yoast SEO plugin v26.6 - https:\/\/yoast.com\/wordpress\/plugins\/seo\/ -->\n<title>Ausl\u00e4nderbeh\u00f6rde Obermaiselstein | Adresse und Kontaktdaten<\/title>\n<meta name=\"description\" content=\"Ausl\u00e4nderbeh\u00f6rde Obermaiselstein | Hier finden Sie alle Informationen wie Adresse und Anschrift \u2713 Telefonnummer, Kontakt und \u00d6ffnungszeiten\" \/>\n<meta name=\"robots\" content=\"index, follow, max-snippet:-1, max-image-preview:large, max-video-preview:-1\" \/>\n<link rel=\"canonical\" href=\"https:\/\/auslaenderbehoerde.org\/pl\/urzad-ds-cudzoziemcow-obermaiselstein\/\" \/>\n<meta property=\"og:locale\" content=\"pl_PL\" \/>\n<meta property=\"og:type\" content=\"article\" \/>\n<meta property=\"og:title\" content=\"Ausl\u00e4nderbeh\u00f6rde Obermaiselstein | Adresse und Kontaktdaten\" \/>\n<meta property=\"og:description\" content=\"Ausl\u00e4nderbeh\u00f6rde Obermaiselstein | Hier finden Sie alle Informationen wie Adresse und Anschrift \u2713 Telefonnummer, Kontakt und \u00d6ffnungszeiten\" \/>\n<meta property=\"og:url\" content=\"https:\/\/auslaenderbehoerde.org\/pl\/urzad-ds-cudzoziemcow-obermaiselstein\/\" \/>\n<meta property=\"og:site_name\" content=\"auslaenderbehoerde.org\" \/>\n<meta name=\"twitter:card\" content=\"summary_large_image\" \/>\n<meta name=\"twitter:label1\" content=\"Szacowany czas czytania\" \/>\n\t<meta name=\"twitter:data1\" content=\"2 minuty\" \/>\n<script type=\"application\/ld+json\" class=\"yoast-schema-graph\">{\"@context\":\"https:\/\/schema.org\",\"@graph\":[{\"@type\":\"WebPage\",\"@id\":\"https:\/\/auslaenderbehoerde.org\/auslaenderbehoerde-obermaiselstein\/\",\"url\":\"https:\/\/auslaenderbehoerde.org\/auslaenderbehoerde-obermaiselstein\/\",\"name\":\"Ausl\u00e4nderbeh\u00f6rde Obermaiselstein | Adresse und Kontaktdaten\",\"isPartOf\":{\"@id\":\"https:\/\/auslaenderbehoerde.org\/#website\"},\"datePublished\":\"2022-07-07T10:34:51+00:00\",\"description\":\"Ausl\u00e4nderbeh\u00f6rde Obermaiselstein | Hier finden Sie alle Informationen wie Adresse und Anschrift \u2713 Telefonnummer, Kontakt und \u00d6ffnungszeiten\",\"breadcrumb\":{\"@id\":\"https:\/\/auslaenderbehoerde.org\/auslaenderbehoerde-obermaiselstein\/#breadcrumb\"},\"inLanguage\":\"pl-PL\",\"potentialAction\":[{\"@type\":\"ReadAction\",\"target\":[\"https:\/\/auslaenderbehoerde.org\/auslaenderbehoerde-obermaiselstein\/\"]}]},{\"@type\":\"BreadcrumbList\",\"@id\":\"https:\/\/auslaenderbehoerde.org\/auslaenderbehoerde-obermaiselstein\/#breadcrumb\",\"itemListElement\":[{\"@type\":\"ListItem\",\"position\":1,\"name\":\"Startseite\",\"item\":\"https:\/\/auslaenderbehoerde.org\/\"},{\"@type\":\"ListItem\",\"position\":2,\"name\":\"Ausl\u00e4nderbeh\u00f6rde Obermaiselstein\"}]},{\"@type\":\"WebSite\",\"@id\":\"https:\/\/auslaenderbehoerde.org\/#website\",\"url\":\"https:\/\/auslaenderbehoerde.org\/\",\"name\":\"auslaenderbehoerde.org\",\"description\":\"\",\"potentialAction\":[{\"@type\":\"SearchAction\",\"target\":{\"@type\":\"EntryPoint\",\"urlTemplate\":\"https:\/\/auslaenderbehoerde.org\/?s={search_term_string}\"},\"query-input\":{\"@type\":\"PropertyValueSpecification\",\"valueRequired\":true,\"valueName\":\"search_term_string\"}}],\"inLanguage\":\"pl-PL\"}]}<\/script>\n<!-- \/ Yoast SEO plugin. -->","yoast_head_json":{"title":"Urz\u0105d ds. Cudzoziemc\u00f3w Obermaiselstein | Adres i dane kontaktowe","description":"Urz\u0105d ds. Cudzoziemc\u00f3w Obermaiselstein | Tutaj znajdziesz wszystkie informacje, takie jak adres i adres \u2713 numer telefonu, kontakt i godziny otwarcia","robots":{"index":"index","follow":"follow","max-snippet":"max-snippet:-1","max-image-preview":"max-image-preview:large","max-video-preview":"max-video-preview:-1"},"canonical":"https:\/\/auslaenderbehoerde.org\/pl\/urzad-ds-cudzoziemcow-obermaiselstein\/","og_locale":"pl_PL","og_type":"article","og_title":"Ausl\u00e4nderbeh\u00f6rde Obermaiselstein | Adresse und Kontaktdaten","og_description":"Ausl\u00e4nderbeh\u00f6rde Obermaiselstein | Hier finden Sie alle Informationen wie Adresse und Anschrift \u2713 Telefonnummer, Kontakt und \u00d6ffnungszeiten","og_url":"https:\/\/auslaenderbehoerde.org\/pl\/urzad-ds-cudzoziemcow-obermaiselstein\/","og_site_name":"auslaenderbehoerde.org","twitter_card":"summary_large_image","twitter_misc":{"Szacowany czas czytania":"2 minuty"},"schema":{"@context":"https:\/\/schema.org","@graph":[{"@type":"WebPage","@id":"https:\/\/auslaenderbehoerde.org\/auslaenderbehoerde-obermaiselstein\/","url":"https:\/\/auslaenderbehoerde.org\/auslaenderbehoerde-obermaiselstein\/","name":"Urz\u0105d ds. Cudzoziemc\u00f3w Obermaiselstein | Adres i dane kontaktowe","isPartOf":{"@id":"https:\/\/auslaenderbehoerde.org\/#website"},"datePublished":"2022-07-07T10:34:51+00:00","description":"Urz\u0105d ds. Cudzoziemc\u00f3w Obermaiselstein | Tutaj znajdziesz wszystkie informacje, takie jak adres i adres \u2713 numer telefonu, kontakt i godziny otwarcia","breadcrumb":{"@id":"https:\/\/auslaenderbehoerde.org\/auslaenderbehoerde-obermaiselstein\/#breadcrumb"},"inLanguage":"pl-PL","potentialAction":[{"@type":"ReadAction","target":["https:\/\/auslaenderbehoerde.org\/auslaenderbehoerde-obermaiselstein\/"]}]},{"@type":"BreadcrumbList","@id":"https:\/\/auslaenderbehoerde.org\/auslaenderbehoerde-obermaiselstein\/#breadcrumb","itemListElement":[{"@type":"ListItem","position":1,"name":"Startseite","item":"https:\/\/auslaenderbehoerde.org\/"},{"@type":"ListItem","position":2,"name":"Ausl\u00e4nderbeh\u00f6rde Obermaiselstein"}]},{"@type":"WebSite","@id":"https:\/\/auslaenderbehoerde.org\/#website","url":"https:\/\/auslaenderbehoerde.org\/","name":"auslaenderbehoerde.org","description":"","potentialAction":[{"@type":"SearchAction","target":{"@type":"EntryPoint","urlTemplate":"https:\/\/auslaenderbehoerde.org\/?s={search_term_string}"},"query-input":{"@type":"PropertyValueSpecification","valueRequired":true,"valueName":"search_term_string"}}],"inLanguage":"pl-PL"}]}},"_links":{"self":[{"href":"https:\/\/auslaenderbehoerde.org\/pl\/wp-json\/wp\/v2\/pages\/600","targetHints":{"allow":["GET"]}}],"collection":[{"href":"https:\/\/auslaenderbehoerde.org\/pl\/wp-json\/wp\/v2\/pages"}],"about":[{"href":"https:\/\/auslaenderbehoerde.org\/pl\/wp-json\/wp\/v2\/types\/page"}],"author":[{"embeddable":true,"href":"https:\/\/auslaenderbehoerde.org\/pl\/wp-json\/wp\/v2\/users\/1"}],"replies":[{"embeddable":true,"href":"https:\/\/auslaenderbehoerde.org\/pl\/wp-json\/wp\/v2\/comments?post=600"}],"version-history":[{"count":1,"href":"https:\/\/auslaenderbehoerde.org\/pl\/wp-json\/wp\/v2\/pages\/600\/revisions"}],"predecessor-version":[{"id":601,"href":"https:\/\/auslaenderbehoerde.org\/pl\/wp-json\/wp\/v2\/pages\/600\/revisions\/601"}],"wp:attachment":[{"href":"https:\/\/auslaenderbehoerde.org\/pl\/wp-json\/wp\/v2\/media?parent=600"}],"curies":[{"name":"wp","href":"https:\/\/api.w.org\/{rel}","templated":true}]}}