{"id":1058,"date":"2022-07-12T14:10:17","date_gmt":"2022-07-12T12:10:17","guid":{"rendered":"https:\/\/auslaenderbehoerde.org\/?page_id=1058"},"modified":"2023-02-07T13:48:20","modified_gmt":"2023-02-07T12:48:20","slug":"auslaenderbehoerde-cochem","status":"publish","type":"page","link":"https:\/\/auslaenderbehoerde.org\/pt\/autoridades-de-imigracao-cochem\/","title":{"rendered":"Escrit\u00f3rio de Imigra\u00e7\u00e3o Cochem"},"content":{"rendered":"<p>Aqui voc\u00ea encontrar\u00e1 as v\u00e1rias op\u00e7\u00f5es de contato e outras informa\u00e7\u00f5es \u00fateis para o escrit\u00f3rio de imigra\u00e7\u00e3o de Cochem - Ren\u00e2nia-Palatinado<\/p>\n<p><strong>Endere\u00e7o:<\/strong> Escrit\u00f3rio de imigra\u00e7\u00e3o no distrito de Cochem Zell, Endertplatz 2, 56812 Cochem<br \/>\n<strong>Telefone:<\/strong> 02671\/61-124<br \/>\n<strong>Fax:<\/strong> 02671\/61-111<br \/>\n<strong>E-mail:<\/strong> <a href=\"mailto:Kreisverwaltung@cochem-zell.de\">Kreisverwaltung@cochem-zell.de<\/a><br \/>\n<strong>Local na rede Internet:<\/strong> <a href=\"https:\/\/www.cochem-zell.de\/themen\/auslaenderrecht-integration\/auslaenderbehoerde\/\">www.cochem-zell.de<\/a><br \/>\n<strong>Hor\u00e1rio de funcionamento:<\/strong> ver site<\/p>\n<p><iframe style=\"border: 0;\" src=\"https:\/\/www.google.com\/maps\/embed?pb=!1m18!1m12!1m3!1d2556.6874070146546!2d7.164446851535462!3d50.148279379333786!2m3!1f0!2f0!3f0!3m2!1i1024!2i768!4f13.1!3m3!1m2!1s0x47be470b49fe48e3%3A0x405647850dc10df3!2sEndertpl.%202%2C%2056812%20Cochem!5e0!3m2!1sde!2sde!4v1657627807193!5m2!1sde!2sde\" width=\"600\" height=\"450\" allowfullscreen=\"allowfullscreen\"><\/iframe><\/p>\n<h2>Tarefas da autoridade de estrangeiros em Cochem<\/h2>\n<p>O escrit\u00f3rio de imigra\u00e7\u00e3o em Cochem \u00e9 respons\u00e1vel pelos residentes de Cochem e cidades associadas. A autoridade \u00e9 o primeiro endere\u00e7o para os estrangeiros que chegam do exterior. Compete-lhe emitir ou recusar as autoriza\u00e7\u00f5es de resid\u00eancia de acordo com as respetivas finalidades de resid\u00eancia da Lei de Resid\u00eancia.<\/p>\n<p>O Escrit\u00f3rio de Imigra\u00e7\u00e3o tamb\u00e9m \u00e9 respons\u00e1vel por emitir o <a href=\"https:\/\/auslaenderbehoerde.org\/pt\/permissao-de-residencia\/\">permiss\u00e3o de resid\u00eancia<\/a>, <a href=\"https:\/\/auslaenderbehoerde.org\/pt\/declaracao-de-compromisso\/\">declara\u00e7\u00e3o de compromisso<\/a>, documentos de viagem e autoriza\u00e7\u00f5es de toler\u00e2ncia para estrangeiros. O escrit\u00f3rio de imigra\u00e7\u00e3o est\u00e1 trabalhando nisso <a href=\"https:\/\/www.gesetze-im-internet.de\/aufenthg_2004\/__71.html\" target=\"_blank\" rel=\"noopener external noreferrer\" data-wpel-link=\"external\">Se\u00e7\u00e3o 71<\/a> AufenthG e \u00e9 respons\u00e1vel por regular todas as decis\u00f5es e medidas que afetem o passaporte e os direitos de resid\u00eancia de estrangeiros.<\/p>\n<p>A responsabilidade da autoridade estrangeira tamb\u00e9m se estende a in\u00fameras outras tarefas. O tipo e a dura\u00e7\u00e3o da autoriza\u00e7\u00e3o de resid\u00eancia variam muito. A alguns \u00e9 dado um limite de tempo, a outros \u00e9 negada uma autoriza\u00e7\u00e3o de resid\u00eancia e \u00e9 concedida uma autoriza\u00e7\u00e3o de sa\u00edda ao abrigo da Lei de Resid\u00eancia.<\/p>\n<p>As autoridades de imigra\u00e7\u00e3o s\u00e3o tamb\u00e9m respons\u00e1veis pelos requerentes de asilo e pessoas deslocadas. Voc\u00ea decide sobre <a href=\"https:\/\/auslaenderbehoerde.org\/pt\/permissao-de-residencia-2\/\">permiss\u00e3o de resid\u00eancia<\/a> e emiti-los se a decis\u00e3o for positiva.<\/p>\n<p><strong>Aqui est\u00e1 uma vis\u00e3o geral do que as autoridades de imigra\u00e7\u00e3o s\u00e3o respons\u00e1veis:<\/strong><\/p>\n<ul style=\"list-style-type: circle;\">\n<li>ajuda a refugiados<\/li>\n<li>assist\u00eancia Social<\/li>\n<li>cursos de integra\u00e7\u00e3o<\/li>\n<li>Organiza\u00e7\u00e3o e aprova\u00e7\u00e3o de entrada e perman\u00eancia na Alemanha<\/li>\n<li>direito ao benef\u00edcio<\/li>\n<li>reembolso e assist\u00eancia m\u00e9dica<\/li>\n<li>Estado civil<\/li>\n<li>declara\u00e7\u00e3o de compromisso<\/li>\n<li>op\u00e7\u00f5es de hospedagem<\/li>\n<li>registro<\/li>\n<li>procedimento de asilo<\/li>\n<\/ul>\n<h3>Como posso marcar uma consulta com o Escrit\u00f3rio de Imigra\u00e7\u00e3o <span id=\"Wie_kann_ich_einen_Termin_beim_Jugendamt_vereinbaren\">aceita?<\/span><\/h3>\n<p>Existem v\u00e1rias maneiras de marcar uma consulta no Escrit\u00f3rio de Imigra\u00e7\u00e3o. Os escrit\u00f3rios geralmente podem ser contatados pessoalmente, por telefone, por e-mail ou online. O endere\u00e7o e os hor\u00e1rios de funcionamento podem ser consultados online. Em algumas cidades, voc\u00ea pode marcar uma consulta pelo portal de atendimento da cidade e baixar formul\u00e1rios online. Certifique-se de ter todos os documentos necess\u00e1rios completos antes de visitar a ag\u00eancia.<\/p>\n<div class=\"su-note\"  style=\"border-color:#d1d1d0;border-radius:3px;-moz-border-radius:3px;-webkit-border-radius:3px;\"><div class=\"su-note-inner su-u-clearfix su-u-trim\" style=\"background-color:#ebebea;border-color:#ffffff;color:#444444;border-radius:3px;-moz-border-radius:3px;-webkit-border-radius:3px;\"><b>Um aviso: <\/b>Para escrit\u00f3rios e autoridades, geralmente voc\u00ea precisa dos documentos ou certificados como <a href=\"https:\/\/tidd.ly\/3y8DKdr\" target=\"_blank\" rel=\"noopener\">tradu\u00e7\u00e3o juramentada<\/a>*.<\/div><\/div>\n<p><strong>Voc\u00ea est\u00e1 esperando visitantes do exterior?<\/strong> Com um <a href=\"https:\/\/auslaenderbehoerde.org\/pt\/seguro-viagem-para-hospedes-estrangeiros\/\">Seguro viagem para estrangeiros<\/a> beneficiam de uma prote\u00e7\u00e3o abrangente na Alemanha e na Europa.<\/p>\n<h3>Outras autoridades e informa\u00e7\u00f5es de imigra\u00e7\u00e3o<\/h3>\n<ul style=\"list-style-type: circle;\">\n<li><a href=\"https:\/\/auslaenderbehoerde.org\/pt\/autoridades-de-imigracao-da-renania-palatinado\/\">Autoridades de imigra\u00e7\u00e3o na Ren\u00e2nia-Palatinado<\/a><\/li>\n<li><a href=\"https:\/\/auslaenderbehoerde.org\/pt\/\">Autoridades de imigra\u00e7\u00e3o na Alemanha<\/a><\/li>\n<li><a href=\"https:\/\/auslaenderbehoerde.org\/pt\/primeiros-passos-na-alemanha\/\" data-wpel-link=\"internal\">Primeiros passos na Alemanha<\/a><\/li>\n<\/ul>","protected":false},"excerpt":{"rendered":"<p>Aqui voc\u00ea encontrar\u00e1 as v\u00e1rias op\u00e7\u00f5es de contato e outras informa\u00e7\u00f5es \u00fateis para o escrit\u00f3rio de imigra\u00e7\u00e3o de Cochem - Ren\u00e2nia-Palatinado Endere\u00e7o: Escrit\u00f3rio de imigra\u00e7\u00e3o distrital de Cochem Zell, Endertplatz 2, 56812 Cochem Telefone: 02671\/61-124 Fax: 02671\/61-111 E- mail: Kreisverwaltung@ cochem-zell.de Site: www.cochem-zell.de Hor\u00e1rio de funcionamento: ver site Tarefas da autoridade de imigra\u00e7\u00e3o de Cochem A autoridade de imigra\u00e7\u00e3o de Cochem \u00e9 respons\u00e1vel pelos residentes de Cochem e cidades associadas. O\u2026&nbsp;<a href=\"https:\/\/auslaenderbehoerde.org\/pt\/autoridades-de-imigracao-cochem\/\" rel=\"bookmark\">Leia mais \u00bb<span class=\"screen-reader-text\">Escrit\u00f3rio de Imigra\u00e7\u00e3o Cochem<\/span><\/a><\/p>","protected":false},"author":1,"featured_media":65,"parent":0,"menu_order":0,"comment_status":"closed","ping_status":"closed","template":"","meta":{"neve_meta_sidebar":"","neve_meta_container":"","neve_meta_enable_content_width":"off","neve_meta_content_width":100,"neve_meta_title_alignment":"","neve_meta_author_avatar":"","neve_post_elements_order":"","neve_meta_disable_header":"","neve_meta_disable_footer":"","neve_meta_disable_title":"","neve_meta_reading_time":"","footnotes":""},"class_list":["post-1058","page","type-page","status-publish","has-post-thumbnail","hentry"],"yoast_head":"<!-- This site is optimized with the Yoast SEO plugin v26.6 - https:\/\/yoast.com\/wordpress\/plugins\/seo\/ -->\n<title>Ausl\u00e4nderbeh\u00f6rde Cochem | Adresse und Kontaktdaten<\/title>\n<meta name=\"description\" content=\"Ausl\u00e4nderbeh\u00f6rde Cochem | Hier finden Sie alle Informationen wie Adresse und Anschrift \u2713 Telefonnummer, Kontakt und \u00d6ffnungszeiten\" \/>\n<meta name=\"robots\" content=\"index, follow, max-snippet:-1, max-image-preview:large, max-video-preview:-1\" \/>\n<link rel=\"canonical\" href=\"https:\/\/auslaenderbehoerde.org\/pt\/autoridades-de-imigracao-cochem\/\" \/>\n<meta property=\"og:locale\" content=\"pt_PT\" \/>\n<meta property=\"og:type\" content=\"article\" \/>\n<meta property=\"og:title\" content=\"Ausl\u00e4nderbeh\u00f6rde Cochem | Adresse und Kontaktdaten\" \/>\n<meta property=\"og:description\" content=\"Ausl\u00e4nderbeh\u00f6rde Cochem | Hier finden Sie alle Informationen wie Adresse und Anschrift \u2713 Telefonnummer, Kontakt und \u00d6ffnungszeiten\" \/>\n<meta property=\"og:url\" content=\"https:\/\/auslaenderbehoerde.org\/pt\/autoridades-de-imigracao-cochem\/\" \/>\n<meta property=\"og:site_name\" content=\"auslaenderbehoerde.org\" \/>\n<meta property=\"article:modified_time\" content=\"2023-02-07T12:48:20+00:00\" \/>\n<meta property=\"og:image\" content=\"https:\/\/auslaenderbehoerde.org\/wp-content\/uploads\/2022\/06\/Ausla\u0308nderbeho\u0308rde-scaled-e1656327377843.jpeg\" \/>\n\t<meta property=\"og:image:width\" content=\"900\" \/>\n\t<meta property=\"og:image:height\" content=\"675\" \/>\n\t<meta property=\"og:image:type\" content=\"image\/jpeg\" \/>\n<meta name=\"twitter:card\" content=\"summary_large_image\" \/>\n<meta name=\"twitter:label1\" content=\"Tempo estimado de leitura\" \/>\n\t<meta name=\"twitter:data1\" content=\"2 minutos\" \/>\n<script type=\"application\/ld+json\" class=\"yoast-schema-graph\">{\"@context\":\"https:\/\/schema.org\",\"@graph\":[{\"@type\":\"WebPage\",\"@id\":\"https:\/\/auslaenderbehoerde.org\/auslaenderbehoerde-cochem\/\",\"url\":\"https:\/\/auslaenderbehoerde.org\/auslaenderbehoerde-cochem\/\",\"name\":\"Ausl\u00e4nderbeh\u00f6rde Cochem | Adresse und Kontaktdaten\",\"isPartOf\":{\"@id\":\"https:\/\/auslaenderbehoerde.org\/#website\"},\"primaryImageOfPage\":{\"@id\":\"https:\/\/auslaenderbehoerde.org\/auslaenderbehoerde-cochem\/#primaryimage\"},\"image\":{\"@id\":\"https:\/\/auslaenderbehoerde.org\/auslaenderbehoerde-cochem\/#primaryimage\"},\"thumbnailUrl\":\"https:\/\/auslaenderbehoerde.org\/wp-content\/uploads\/2022\/06\/Ausla\u0308nderbeho\u0308rde-scaled-e1656327377843.jpeg\",\"datePublished\":\"2022-07-12T12:10:17+00:00\",\"dateModified\":\"2023-02-07T12:48:20+00:00\",\"description\":\"Ausl\u00e4nderbeh\u00f6rde Cochem | Hier finden Sie alle Informationen wie Adresse und Anschrift \u2713 Telefonnummer, Kontakt und \u00d6ffnungszeiten\",\"breadcrumb\":{\"@id\":\"https:\/\/auslaenderbehoerde.org\/auslaenderbehoerde-cochem\/#breadcrumb\"},\"inLanguage\":\"pt-PT\",\"potentialAction\":[{\"@type\":\"ReadAction\",\"target\":[\"https:\/\/auslaenderbehoerde.org\/auslaenderbehoerde-cochem\/\"]}]},{\"@type\":\"ImageObject\",\"inLanguage\":\"pt-PT\",\"@id\":\"https:\/\/auslaenderbehoerde.org\/auslaenderbehoerde-cochem\/#primaryimage\",\"url\":\"https:\/\/auslaenderbehoerde.org\/wp-content\/uploads\/2022\/06\/Ausla\u0308nderbeho\u0308rde-scaled-e1656327377843.jpeg\",\"contentUrl\":\"https:\/\/auslaenderbehoerde.org\/wp-content\/uploads\/2022\/06\/Ausla\u0308nderbeho\u0308rde-scaled-e1656327377843.jpeg\",\"width\":900,\"height\":675,\"caption\":\"Ausl\u00e4nderbeh\u00f6rde\"},{\"@type\":\"BreadcrumbList\",\"@id\":\"https:\/\/auslaenderbehoerde.org\/auslaenderbehoerde-cochem\/#breadcrumb\",\"itemListElement\":[{\"@type\":\"ListItem\",\"position\":1,\"name\":\"Startseite\",\"item\":\"https:\/\/auslaenderbehoerde.org\/\"},{\"@type\":\"ListItem\",\"position\":2,\"name\":\"Ausl\u00e4nderbeh\u00f6rde Cochem\"}]},{\"@type\":\"WebSite\",\"@id\":\"https:\/\/auslaenderbehoerde.org\/#website\",\"url\":\"https:\/\/auslaenderbehoerde.org\/\",\"name\":\"auslaenderbehoerde.org\",\"description\":\"\",\"potentialAction\":[{\"@type\":\"SearchAction\",\"target\":{\"@type\":\"EntryPoint\",\"urlTemplate\":\"https:\/\/auslaenderbehoerde.org\/?s={search_term_string}\"},\"query-input\":{\"@type\":\"PropertyValueSpecification\",\"valueRequired\":true,\"valueName\":\"search_term_string\"}}],\"inLanguage\":\"pt-PT\"}]}<\/script>\n<!-- \/ Yoast SEO plugin. -->","yoast_head_json":{"title":"Escrit\u00f3rio de Imigra\u00e7\u00e3o Cochem | endere\u00e7o e detalhes de contato","description":"Escrit\u00f3rio de Imigra\u00e7\u00e3o Cochem | Aqui voc\u00ea encontra todas as informa\u00e7\u00f5es como endere\u00e7o e endere\u00e7o \u2713 telefone, contato e hor\u00e1rio de funcionamento","robots":{"index":"index","follow":"follow","max-snippet":"max-snippet:-1","max-image-preview":"max-image-preview:large","max-video-preview":"max-video-preview:-1"},"canonical":"https:\/\/auslaenderbehoerde.org\/pt\/autoridades-de-imigracao-cochem\/","og_locale":"pt_PT","og_type":"article","og_title":"Ausl\u00e4nderbeh\u00f6rde Cochem | Adresse und Kontaktdaten","og_description":"Ausl\u00e4nderbeh\u00f6rde Cochem | Hier finden Sie alle Informationen wie Adresse und Anschrift \u2713 Telefonnummer, Kontakt und \u00d6ffnungszeiten","og_url":"https:\/\/auslaenderbehoerde.org\/pt\/autoridades-de-imigracao-cochem\/","og_site_name":"auslaenderbehoerde.org","article_modified_time":"2023-02-07T12:48:20+00:00","og_image":[{"width":900,"height":675,"url":"https:\/\/auslaenderbehoerde.org\/wp-content\/uploads\/2022\/06\/Ausla\u0308nderbeho\u0308rde-scaled-e1656327377843.jpeg","type":"image\/jpeg"}],"twitter_card":"summary_large_image","twitter_misc":{"Tempo estimado de leitura":"2 minutos"},"schema":{"@context":"https:\/\/schema.org","@graph":[{"@type":"WebPage","@id":"https:\/\/auslaenderbehoerde.org\/auslaenderbehoerde-cochem\/","url":"https:\/\/auslaenderbehoerde.org\/auslaenderbehoerde-cochem\/","name":"Escrit\u00f3rio de Imigra\u00e7\u00e3o Cochem | endere\u00e7o e detalhes de contato","isPartOf":{"@id":"https:\/\/auslaenderbehoerde.org\/#website"},"primaryImageOfPage":{"@id":"https:\/\/auslaenderbehoerde.org\/auslaenderbehoerde-cochem\/#primaryimage"},"image":{"@id":"https:\/\/auslaenderbehoerde.org\/auslaenderbehoerde-cochem\/#primaryimage"},"thumbnailUrl":"https:\/\/auslaenderbehoerde.org\/wp-content\/uploads\/2022\/06\/Ausla\u0308nderbeho\u0308rde-scaled-e1656327377843.jpeg","datePublished":"2022-07-12T12:10:17+00:00","dateModified":"2023-02-07T12:48:20+00:00","description":"Escrit\u00f3rio de Imigra\u00e7\u00e3o Cochem | Aqui voc\u00ea encontra todas as informa\u00e7\u00f5es como endere\u00e7o e endere\u00e7o \u2713 telefone, contato e hor\u00e1rio de funcionamento","breadcrumb":{"@id":"https:\/\/auslaenderbehoerde.org\/auslaenderbehoerde-cochem\/#breadcrumb"},"inLanguage":"pt-PT","potentialAction":[{"@type":"ReadAction","target":["https:\/\/auslaenderbehoerde.org\/auslaenderbehoerde-cochem\/"]}]},{"@type":"ImageObject","inLanguage":"pt-PT","@id":"https:\/\/auslaenderbehoerde.org\/auslaenderbehoerde-cochem\/#primaryimage","url":"https:\/\/auslaenderbehoerde.org\/wp-content\/uploads\/2022\/06\/Ausla\u0308nderbeho\u0308rde-scaled-e1656327377843.jpeg","contentUrl":"https:\/\/auslaenderbehoerde.org\/wp-content\/uploads\/2022\/06\/Ausla\u0308nderbeho\u0308rde-scaled-e1656327377843.jpeg","width":900,"height":675,"caption":"Ausl\u00e4nderbeh\u00f6rde"},{"@type":"BreadcrumbList","@id":"https:\/\/auslaenderbehoerde.org\/auslaenderbehoerde-cochem\/#breadcrumb","itemListElement":[{"@type":"ListItem","position":1,"name":"Startseite","item":"https:\/\/auslaenderbehoerde.org\/"},{"@type":"ListItem","position":2,"name":"Ausl\u00e4nderbeh\u00f6rde Cochem"}]},{"@type":"WebSite","@id":"https:\/\/auslaenderbehoerde.org\/#website","url":"https:\/\/auslaenderbehoerde.org\/","name":"www.auslaenderbehoerde.org","description":"","potentialAction":[{"@type":"SearchAction","target":{"@type":"EntryPoint","urlTemplate":"https:\/\/auslaenderbehoerde.org\/?s={search_term_string}"},"query-input":{"@type":"PropertyValueSpecification","valueRequired":true,"valueName":"search_term_string"}}],"inLanguage":"pt-PT"}]}},"_links":{"self":[{"href":"https:\/\/auslaenderbehoerde.org\/pt\/wp-json\/wp\/v2\/pages\/1058","targetHints":{"allow":["GET"]}}],"collection":[{"href":"https:\/\/auslaenderbehoerde.org\/pt\/wp-json\/wp\/v2\/pages"}],"about":[{"href":"https:\/\/auslaenderbehoerde.org\/pt\/wp-json\/wp\/v2\/types\/page"}],"author":[{"embeddable":true,"href":"https:\/\/auslaenderbehoerde.org\/pt\/wp-json\/wp\/v2\/users\/1"}],"replies":[{"embeddable":true,"href":"https:\/\/auslaenderbehoerde.org\/pt\/wp-json\/wp\/v2\/comments?post=1058"}],"version-history":[{"count":2,"href":"https:\/\/auslaenderbehoerde.org\/pt\/wp-json\/wp\/v2\/pages\/1058\/revisions"}],"predecessor-version":[{"id":1642,"href":"https:\/\/auslaenderbehoerde.org\/pt\/wp-json\/wp\/v2\/pages\/1058\/revisions\/1642"}],"wp:featuredmedia":[{"embeddable":true,"href":"https:\/\/auslaenderbehoerde.org\/pt\/wp-json\/wp\/v2\/media\/65"}],"wp:attachment":[{"href":"https:\/\/auslaenderbehoerde.org\/pt\/wp-json\/wp\/v2\/media?parent=1058"}],"curies":[{"name":"wp","href":"https:\/\/api.w.org\/{rel}","templated":true}]}}