{"id":143,"date":"2022-06-28T14:11:47","date_gmt":"2022-06-28T12:11:47","guid":{"rendered":"https:\/\/auslaenderbehoerde.org\/?page_id=143"},"modified":"2022-07-07T16:49:29","modified_gmt":"2022-07-07T14:49:29","slug":"reiseversicherung-fuer-auslaendische-gaeste","status":"publish","type":"page","link":"https:\/\/auslaenderbehoerde.org\/pt\/seguro-viagem-para-hospedes-estrangeiros\/","title":{"rendered":"Seguro viagem para estrangeiros"},"content":{"rendered":"<p><img decoding=\"async\" class=\"aligncenter wp-image-218 size-full\" src=\"https:\/\/auslaenderbehoerde.org\/wp-content\/uploads\/2022\/07\/insurance-gaed63b78b_640.jpg\" alt=\"Seguro viagem para estrangeiros\" width=\"640\" height=\"450\" srcset=\"https:\/\/auslaenderbehoerde.org\/wp-content\/uploads\/2022\/07\/insurance-gaed63b78b_640.jpg 640w, https:\/\/auslaenderbehoerde.org\/wp-content\/uploads\/2022\/07\/insurance-gaed63b78b_640-300x211.jpg 300w\" sizes=\"(max-width: 640px) 100vw, 640px\" \/><\/p>\n<p><strong>Convidados estrangeiros<\/strong>que s\u00e3o convidados para a Alemanha por parentes ou conhecidos por um longo per\u00edodo de tempo devem estar cobertos por um seguro completo. Para que n\u00e3o haja preju\u00edzo financeiro ao pa\u00eds anfitri\u00e3o e aos convidados, um <strong>declara\u00e7\u00e3o de compromisso<\/strong> n\u00e3o est\u00e1 sobrecarregado financeiramente, voc\u00ea precisa de um seguro de viagem para h\u00f3spedes estrangeiros. Nossa recomenda\u00e7\u00e3o - <a href=\"https:\/\/www.awin1.com\/cread.php?awinmid=20468&amp;awinaffid=384383&amp;ued=https%3A%2F%2Fwww.allianz-reiseversicherung.de%2Fde_DE%2Fincoming-krankenversicherung.html\" target=\"_blank\" rel=\"noopener\">Seguro de sa\u00fade de entrada Allianz<\/a>* \u2013 Para visitantes do exterior.<\/p>\n<h2>O que \u00e9 seguro de viagem para h\u00f3spedes estrangeiros ou seguro de entrada?<\/h2>\n<p>Assim que os h\u00f3spedes ou visitantes viajarem para a UE, os pa\u00edses Schengen (Su\u00ed\u00e7a \/ Liechtenstein), explicitamente a Alemanha e um <a href=\"https:\/\/auslaenderbehoerde.org\/pt\/declaracao-de-compromisso\/\">declara\u00e7\u00e3o de compromisso<\/a> existe, eles tamb\u00e9m precisam de cobertura de seguro abrangente. Voc\u00ea n\u00e3o precisa apenas de um seguro de sa\u00fade, mas tamb\u00e9m de um seguro contra acidentes e responsabilidade civil. Esta \u00e9 a \u00fanica maneira de evitar custos significativos e reivindica\u00e7\u00f5es financeiras de terceiros.<\/p>\n<p>O seguro viagem para h\u00f3spedes estrangeiros \u00e9 relativamente barato. Dependendo da oferta e do grau de cobertura dos custos, o seguro custa apenas cerca de 1 euro por pessoa por dia. As despesas m\u00e9dicas incorridas ap\u00f3s um acidente ou doen\u00e7a na Alemanha e em todos os outros pa\u00edses da UE, incluindo Su\u00ed\u00e7a e Liechtenstein, s\u00e3o cobertas pela companhia de seguros. Um documento que comprove a conclus\u00e3o de uma ap\u00f3lice de seguro recebida deve ser relevante com todos os outros documentos <a href=\"https:\/\/auslaenderbehoerde.org\/pt\/\">Autoridade de estrangeiros<\/a> Seja apresentado.<\/p>\n<h2>Quais servi\u00e7os est\u00e3o inclu\u00eddos no seguro de entrada?<\/h2>\n<p>Todas as despesas cobertas pelo seguro de viagem para h\u00f3spedes estrangeiros devem ser documentadas e documentadas. Est\u00e3o seguradas as seguintes presta\u00e7\u00f5es na \u00e1rea de doen\u00e7as e acidentes:<\/p>\n<ul style=\"list-style-type: circle;\">\n<li>Tratamento ambulatorial em consult\u00f3rios m\u00e9dicos<\/li>\n<li>Transporte em ambul\u00e2ncia para o hospital mais pr\u00f3ximo (e de regresso se n\u00e3o houver internamento)<\/li>\n<li>interna\u00e7\u00e3o hospitalar sem servi\u00e7os opcionais<\/li>\n<li>Tratamento p\u00f3s-hospitalar<\/li>\n<li>obtura\u00e7\u00f5es dent\u00e1rias simples e tratamentos dent\u00e1rios para al\u00edvio da dor<\/li>\n<li>dentaduras existentes podem ser reparadas<\/li>\n<li>Transporte de regresso ao pa\u00eds de origem por ordem m\u00e9dica<\/li>\n<li>em caso de morte, a transfer\u00eancia incluindo despesas de funeral ser\u00e1 coberta pelo seguro at\u00e9 um limite m\u00e1ximo acordado<\/li>\n<\/ul>\n<p>O custo do seguro de entrada pode variar, pois existem diferentes provedores para escolher. Uma franquia por caso de tratamento n\u00e3o \u00e9 exclu\u00edda e \u00e9 contratualmente confirmada e garantida quando o contrato \u00e9 conclu\u00eddo. O seguro de viagem para h\u00f3spedes estrangeiros s\u00f3 pode ser contratado at\u00e9 uma certa idade.<\/p>\n<p>Ao solicitar a cobertura do seguro, \u00e9 emitido um certificado de seguro pela respectiva companhia de seguros, que \u00e9 apresentado \u00e0s autoridades de imigra\u00e7\u00e3o e anexado aos documentos pessoais para o pedido de visto. Al\u00e9m do seguro de sa\u00fade, o seguro de responsabilidade pessoal e de acidentes est\u00e1 inclu\u00eddo no seguro. Vale a pena comparar ofertas de diferentes seguradoras.<\/p>\n<p>O valor do pr\u00eamio do seguro pode variar dependendo da idade e condi\u00e7\u00f5es pr\u00e9-existentes. Para que o seguro de entrada seja contratado com o menor risco poss\u00edvel para a seguradora, \u00e9 necess\u00e1rio fornecer na solicita\u00e7\u00e3o quaisquer doen\u00e7as anteriores e outras informa\u00e7\u00f5es pessoais. Tratamentos mais extensos geralmente s\u00e3o exclu\u00eddos na \u00e1rea de condi\u00e7\u00f5es pr\u00e9-existentes. O seguro de entrada \u00e9 um seguro s\u00f3lido de sa\u00fade, acidentes e responsabilidade civil que cobre os piores riscos. No entanto, o tratamento m\u00e9dico intensivo de doen\u00e7as existentes \u00e9 exclu\u00eddo.<\/p>\n<p>O seguro de entrada \u00e9 um <strong>Seguro privado<\/strong>, que deve ser preenchido em particular. Os estatutos podem ser redigidos de forma diferente, mas correspondem aos requisitos e especifica\u00e7\u00f5es das autoridades de imigra\u00e7\u00e3o. Se voc\u00ea n\u00e3o tem certeza se o provedor selecionado de um seguro de entrada \u00e9 a escolha certa, voc\u00ea deve perguntar novamente \u00e0 sua autoridade de estrangeiros respons\u00e1vel antes de fazer o seguro. Se a resposta for positiva, voc\u00ea pode contratar o seguro de entrada de sua escolha com a consci\u00eancia tranquila.<\/p>\n<div class=\"su-button-center\"><a href=\"https:\/\/tidd.ly\/3P5FWJs\" class=\"su-button su-button-style-default\" style=\"color:#FFFFFF;background-color:#ef982d;border-color:#c07a24;border-radius:9px\" target=\"_blank\" rel=\"nofollow\"><span style=\"color:#FFFFFF;padding:8px 24px;font-size:18px;line-height:27px;border-color:#f4b76c;border-radius:9px;text-shadow:none\"><i class=\"sui sui-hand-o-right\" style=\"font-size:18px;color:#FFFFFF\"><\/i> Seguro de sa\u00fade receptivo Allianz *<\/span><\/a><\/div>\n<h3 id=\"customheading6\"><strong>Links Relacionados\u00a0<\/strong><\/h3>\n<ul>\n<li><a href=\"https:\/\/auslaenderbehoerde.org\/pt\/primeiros-passos-na-alemanha\/\" data-wpel-link=\"internal\">Primeiros passos na Alemanha<\/a><\/li>\n<\/ul>","protected":false},"excerpt":{"rendered":"<p>Os h\u00f3spedes estrangeiros convidados para a Alemanha por parentes ou conhecidos por um longo per\u00edodo de tempo devem estar totalmente segurados. Para garantir que o pa\u00eds anfitri\u00e3o n\u00e3o sofra nenhum preju\u00edzo financeiro e que os convidados que apresentaram uma declara\u00e7\u00e3o de compromisso n\u00e3o fiquem sobrecarregados financeiramente, \u00e9 necess\u00e1rio um seguro de viagem para h\u00f3spedes estrangeiros. Nossa recomenda\u00e7\u00e3o \u2013 Seguro sa\u00fade Allianz Incoming* \u2013 Para visitantes\u2026&nbsp;<a href=\"https:\/\/auslaenderbehoerde.org\/pt\/seguro-viagem-para-hospedes-estrangeiros\/\" rel=\"bookmark\">Leia mais \u00bb<span class=\"screen-reader-text\">Seguro viagem para estrangeiros<\/span><\/a><\/p>","protected":false},"author":1,"featured_media":218,"parent":0,"menu_order":0,"comment_status":"closed","ping_status":"closed","template":"","meta":{"neve_meta_sidebar":"","neve_meta_container":"","neve_meta_enable_content_width":"off","neve_meta_content_width":100,"neve_meta_title_alignment":"","neve_meta_author_avatar":"","neve_post_elements_order":"","neve_meta_disable_header":"","neve_meta_disable_footer":"","neve_meta_disable_title":"","neve_meta_reading_time":"","footnotes":""},"class_list":["post-143","page","type-page","status-publish","has-post-thumbnail","hentry"],"yoast_head":"<!-- This site is optimized with the Yoast SEO plugin v26.6 - https:\/\/yoast.com\/wordpress\/plugins\/seo\/ -->\n<title>Reiseversicherung f\u00fcr ausl\u00e4ndische G\u00e4ste - Auslaenderbehoerde.org<\/title>\n<meta name=\"description\" content=\"Eine Reiseversicherung f\u00fcr ausl\u00e4ndische G\u00e4ste sch\u00fctzt Sie vor hohen Kosten w\u00e4hrend Ihres Aufenthaltes in Deutschland.\" \/>\n<meta name=\"robots\" content=\"index, follow, max-snippet:-1, max-image-preview:large, max-video-preview:-1\" \/>\n<link rel=\"canonical\" href=\"https:\/\/auslaenderbehoerde.org\/pt\/seguro-viagem-para-hospedes-estrangeiros\/\" \/>\n<meta property=\"og:locale\" content=\"pt_PT\" \/>\n<meta property=\"og:type\" content=\"article\" \/>\n<meta property=\"og:title\" content=\"Reiseversicherung f\u00fcr ausl\u00e4ndische G\u00e4ste - Auslaenderbehoerde.org\" \/>\n<meta property=\"og:description\" content=\"Eine Reiseversicherung f\u00fcr ausl\u00e4ndische G\u00e4ste sch\u00fctzt Sie vor hohen Kosten w\u00e4hrend Ihres Aufenthaltes in Deutschland.\" \/>\n<meta property=\"og:url\" content=\"https:\/\/auslaenderbehoerde.org\/pt\/seguro-viagem-para-hospedes-estrangeiros\/\" \/>\n<meta property=\"og:site_name\" content=\"auslaenderbehoerde.org\" \/>\n<meta property=\"article:modified_time\" content=\"2022-07-07T14:49:29+00:00\" \/>\n<meta property=\"og:image\" content=\"https:\/\/auslaenderbehoerde.org\/wp-content\/uploads\/2022\/07\/insurance-gaed63b78b_640.jpg\" \/>\n\t<meta property=\"og:image:width\" content=\"640\" \/>\n\t<meta property=\"og:image:height\" content=\"450\" \/>\n\t<meta property=\"og:image:type\" content=\"image\/jpeg\" \/>\n<meta name=\"twitter:card\" content=\"summary_large_image\" \/>\n<meta name=\"twitter:label1\" content=\"Tempo estimado de leitura\" \/>\n\t<meta name=\"twitter:data1\" content=\"3 minutos\" \/>\n<script type=\"application\/ld+json\" class=\"yoast-schema-graph\">{\"@context\":\"https:\/\/schema.org\",\"@graph\":[{\"@type\":\"WebPage\",\"@id\":\"https:\/\/auslaenderbehoerde.org\/reiseversicherung-fuer-auslaendische-gaeste\/\",\"url\":\"https:\/\/auslaenderbehoerde.org\/reiseversicherung-fuer-auslaendische-gaeste\/\",\"name\":\"Reiseversicherung f\u00fcr ausl\u00e4ndische G\u00e4ste - Auslaenderbehoerde.org\",\"isPartOf\":{\"@id\":\"https:\/\/auslaenderbehoerde.org\/#website\"},\"primaryImageOfPage\":{\"@id\":\"https:\/\/auslaenderbehoerde.org\/reiseversicherung-fuer-auslaendische-gaeste\/#primaryimage\"},\"image\":{\"@id\":\"https:\/\/auslaenderbehoerde.org\/reiseversicherung-fuer-auslaendische-gaeste\/#primaryimage\"},\"thumbnailUrl\":\"https:\/\/auslaenderbehoerde.org\/wp-content\/uploads\/2022\/07\/insurance-gaed63b78b_640.jpg\",\"datePublished\":\"2022-06-28T12:11:47+00:00\",\"dateModified\":\"2022-07-07T14:49:29+00:00\",\"description\":\"Eine Reiseversicherung f\u00fcr ausl\u00e4ndische G\u00e4ste sch\u00fctzt Sie vor hohen Kosten w\u00e4hrend Ihres Aufenthaltes in Deutschland.\",\"breadcrumb\":{\"@id\":\"https:\/\/auslaenderbehoerde.org\/reiseversicherung-fuer-auslaendische-gaeste\/#breadcrumb\"},\"inLanguage\":\"pt-PT\",\"potentialAction\":[{\"@type\":\"ReadAction\",\"target\":[\"https:\/\/auslaenderbehoerde.org\/reiseversicherung-fuer-auslaendische-gaeste\/\"]}]},{\"@type\":\"ImageObject\",\"inLanguage\":\"pt-PT\",\"@id\":\"https:\/\/auslaenderbehoerde.org\/reiseversicherung-fuer-auslaendische-gaeste\/#primaryimage\",\"url\":\"https:\/\/auslaenderbehoerde.org\/wp-content\/uploads\/2022\/07\/insurance-gaed63b78b_640.jpg\",\"contentUrl\":\"https:\/\/auslaenderbehoerde.org\/wp-content\/uploads\/2022\/07\/insurance-gaed63b78b_640.jpg\",\"width\":640,\"height\":450,\"caption\":\"Reiseversicherung f\u00fcr ausl\u00e4ndische G\u00e4ste\"},{\"@type\":\"BreadcrumbList\",\"@id\":\"https:\/\/auslaenderbehoerde.org\/reiseversicherung-fuer-auslaendische-gaeste\/#breadcrumb\",\"itemListElement\":[{\"@type\":\"ListItem\",\"position\":1,\"name\":\"Startseite\",\"item\":\"https:\/\/auslaenderbehoerde.org\/\"},{\"@type\":\"ListItem\",\"position\":2,\"name\":\"Reiseversicherung f\u00fcr ausl\u00e4ndische G\u00e4ste\"}]},{\"@type\":\"WebSite\",\"@id\":\"https:\/\/auslaenderbehoerde.org\/#website\",\"url\":\"https:\/\/auslaenderbehoerde.org\/\",\"name\":\"auslaenderbehoerde.org\",\"description\":\"\",\"potentialAction\":[{\"@type\":\"SearchAction\",\"target\":{\"@type\":\"EntryPoint\",\"urlTemplate\":\"https:\/\/auslaenderbehoerde.org\/?s={search_term_string}\"},\"query-input\":{\"@type\":\"PropertyValueSpecification\",\"valueRequired\":true,\"valueName\":\"search_term_string\"}}],\"inLanguage\":\"pt-PT\"}]}<\/script>\n<!-- \/ Yoast SEO plugin. -->","yoast_head_json":{"title":"Seguro de viagem para h\u00f3spedes estrangeiros - Auslaenderbehoerde.org","description":"O seguro de viagem para h\u00f3spedes estrangeiros protege voc\u00ea contra altos custos durante a sua estadia na Alemanha.","robots":{"index":"index","follow":"follow","max-snippet":"max-snippet:-1","max-image-preview":"max-image-preview:large","max-video-preview":"max-video-preview:-1"},"canonical":"https:\/\/auslaenderbehoerde.org\/pt\/seguro-viagem-para-hospedes-estrangeiros\/","og_locale":"pt_PT","og_type":"article","og_title":"Reiseversicherung f\u00fcr ausl\u00e4ndische G\u00e4ste - Auslaenderbehoerde.org","og_description":"Eine Reiseversicherung f\u00fcr ausl\u00e4ndische G\u00e4ste sch\u00fctzt Sie vor hohen Kosten w\u00e4hrend Ihres Aufenthaltes in Deutschland.","og_url":"https:\/\/auslaenderbehoerde.org\/pt\/seguro-viagem-para-hospedes-estrangeiros\/","og_site_name":"auslaenderbehoerde.org","article_modified_time":"2022-07-07T14:49:29+00:00","og_image":[{"width":640,"height":450,"url":"https:\/\/auslaenderbehoerde.org\/wp-content\/uploads\/2022\/07\/insurance-gaed63b78b_640.jpg","type":"image\/jpeg"}],"twitter_card":"summary_large_image","twitter_misc":{"Tempo estimado de leitura":"3 minutos"},"schema":{"@context":"https:\/\/schema.org","@graph":[{"@type":"WebPage","@id":"https:\/\/auslaenderbehoerde.org\/reiseversicherung-fuer-auslaendische-gaeste\/","url":"https:\/\/auslaenderbehoerde.org\/reiseversicherung-fuer-auslaendische-gaeste\/","name":"Seguro de viagem para h\u00f3spedes estrangeiros - Auslaenderbehoerde.org","isPartOf":{"@id":"https:\/\/auslaenderbehoerde.org\/#website"},"primaryImageOfPage":{"@id":"https:\/\/auslaenderbehoerde.org\/reiseversicherung-fuer-auslaendische-gaeste\/#primaryimage"},"image":{"@id":"https:\/\/auslaenderbehoerde.org\/reiseversicherung-fuer-auslaendische-gaeste\/#primaryimage"},"thumbnailUrl":"https:\/\/auslaenderbehoerde.org\/wp-content\/uploads\/2022\/07\/insurance-gaed63b78b_640.jpg","datePublished":"2022-06-28T12:11:47+00:00","dateModified":"2022-07-07T14:49:29+00:00","description":"O seguro de viagem para h\u00f3spedes estrangeiros protege voc\u00ea contra altos custos durante a sua estadia na Alemanha.","breadcrumb":{"@id":"https:\/\/auslaenderbehoerde.org\/reiseversicherung-fuer-auslaendische-gaeste\/#breadcrumb"},"inLanguage":"pt-PT","potentialAction":[{"@type":"ReadAction","target":["https:\/\/auslaenderbehoerde.org\/reiseversicherung-fuer-auslaendische-gaeste\/"]}]},{"@type":"ImageObject","inLanguage":"pt-PT","@id":"https:\/\/auslaenderbehoerde.org\/reiseversicherung-fuer-auslaendische-gaeste\/#primaryimage","url":"https:\/\/auslaenderbehoerde.org\/wp-content\/uploads\/2022\/07\/insurance-gaed63b78b_640.jpg","contentUrl":"https:\/\/auslaenderbehoerde.org\/wp-content\/uploads\/2022\/07\/insurance-gaed63b78b_640.jpg","width":640,"height":450,"caption":"Reiseversicherung f\u00fcr ausl\u00e4ndische G\u00e4ste"},{"@type":"BreadcrumbList","@id":"https:\/\/auslaenderbehoerde.org\/reiseversicherung-fuer-auslaendische-gaeste\/#breadcrumb","itemListElement":[{"@type":"ListItem","position":1,"name":"Startseite","item":"https:\/\/auslaenderbehoerde.org\/"},{"@type":"ListItem","position":2,"name":"Reiseversicherung f\u00fcr ausl\u00e4ndische G\u00e4ste"}]},{"@type":"WebSite","@id":"https:\/\/auslaenderbehoerde.org\/#website","url":"https:\/\/auslaenderbehoerde.org\/","name":"www.auslaenderbehoerde.org","description":"","potentialAction":[{"@type":"SearchAction","target":{"@type":"EntryPoint","urlTemplate":"https:\/\/auslaenderbehoerde.org\/?s={search_term_string}"},"query-input":{"@type":"PropertyValueSpecification","valueRequired":true,"valueName":"search_term_string"}}],"inLanguage":"pt-PT"}]}},"_links":{"self":[{"href":"https:\/\/auslaenderbehoerde.org\/pt\/wp-json\/wp\/v2\/pages\/143","targetHints":{"allow":["GET"]}}],"collection":[{"href":"https:\/\/auslaenderbehoerde.org\/pt\/wp-json\/wp\/v2\/pages"}],"about":[{"href":"https:\/\/auslaenderbehoerde.org\/pt\/wp-json\/wp\/v2\/types\/page"}],"author":[{"embeddable":true,"href":"https:\/\/auslaenderbehoerde.org\/pt\/wp-json\/wp\/v2\/users\/1"}],"replies":[{"embeddable":true,"href":"https:\/\/auslaenderbehoerde.org\/pt\/wp-json\/wp\/v2\/comments?post=143"}],"version-history":[{"count":10,"href":"https:\/\/auslaenderbehoerde.org\/pt\/wp-json\/wp\/v2\/pages\/143\/revisions"}],"predecessor-version":[{"id":666,"href":"https:\/\/auslaenderbehoerde.org\/pt\/wp-json\/wp\/v2\/pages\/143\/revisions\/666"}],"wp:featuredmedia":[{"embeddable":true,"href":"https:\/\/auslaenderbehoerde.org\/pt\/wp-json\/wp\/v2\/media\/218"}],"wp:attachment":[{"href":"https:\/\/auslaenderbehoerde.org\/pt\/wp-json\/wp\/v2\/media?parent=143"}],"curies":[{"name":"wp","href":"https:\/\/api.w.org\/{rel}","templated":true}]}}