{"id":145,"date":"2022-06-28T14:13:02","date_gmt":"2022-06-28T12:13:02","guid":{"rendered":"https:\/\/auslaenderbehoerde.org\/?page_id=145"},"modified":"2022-07-08T11:29:05","modified_gmt":"2022-07-08T09:29:05","slug":"verpflichtungserklaerung","status":"publish","type":"page","link":"https:\/\/auslaenderbehoerde.org\/pt\/declaracao-de-compromisso\/","title":{"rendered":"declara\u00e7\u00e3o de compromisso"},"content":{"rendered":"<figure id=\"attachment_159\" aria-describedby=\"caption-attachment-159\" style=\"width: 900px\" class=\"wp-caption aligncenter\"><img decoding=\"async\" class=\"wp-image-159 size-full\" src=\"https:\/\/auslaenderbehoerde.org\/wp-content\/uploads\/2022\/06\/Verpflichtungsklarung-scaled-e1656420805754.jpg\" alt=\"declara\u00e7\u00e3o de compromisso\" width=\"900\" height=\"506\" srcset=\"\" sizes=\"(max-width: 900px) 100vw, 900px\" data-srcset=\"\" \/><figcaption id=\"caption-attachment-159\" class=\"wp-caption-text\">A chamada declara\u00e7\u00e3o de compromisso serve para garantir as despesas de subsist\u00eancia dos nacionais de pa\u00edses terceiros.<\/figcaption><\/figure>\n<p>Se voc\u00ea deseja convidar h\u00f3spedes que precisam de visto e que n\u00e3o possuem os meios financeiros necess\u00e1rios, voc\u00ea, como convidado, deve enviar uma declara\u00e7\u00e3o de compromisso \u00e0 parte respons\u00e1vel <a href=\"https:\/\/auslaenderbehoerde.org\/pt\/\">Autoridade de estrangeiros<\/a> entregar. Como regra, o escrit\u00f3rio de imigra\u00e7\u00e3o local \u00e9 respons\u00e1vel se o visitante for morar com voc\u00ea.<\/p>\n<p>\u00e9 depois <a href=\"https:\/\/kiew.diplo.de\/ua-de\/service\/05-VisaEinreise\/faq-finanzen---66-68aufenthg\/1289754\" target=\"_blank\" rel=\"noopener\">\u00a7\u00a7 66, 68<\/a> da Lei de Resid\u00eancia para uma declara\u00e7\u00e3o formal de compromisso. Seu visitante pode ent\u00e3o apresent\u00e1-lo ao escrit\u00f3rio de vistos como prova de financiamento ou como um convite para que o visto necess\u00e1rio possa ser solicitado.<\/p>\n<p>A emiss\u00e3o de uma declara\u00e7\u00e3o de compromisso torna-se sup\u00e9rflua se os custos da viagem de ida e volta, bem como da estadia, forem suportados pelo requerente do visto <strong>usado por mim mesmo<\/strong> pode ser. Neste caso, apenas a capacidade financeira deve ser comprovada. Isso pode ser confirmado pelo solicitante alem\u00e3o na forma de um convite informal por escrito.<\/p>\n<p>Se o visto para c\u00f4njuge estrangeiro for solicitado por um cidad\u00e3o alem\u00e3o, basta a certid\u00e3o de casamento original e c\u00f3pia, juntamente com um convite informal do c\u00f4njuge alem\u00e3o com c\u00f3pia do passaporte.<\/p>\n<h2>A sequ\u00eancia<\/h2>\n<p>Qualquer pessoa que deseje convidar um visitante estrangeiro para sua casa deve apresentar uma declara\u00e7\u00e3o de compromisso para que o visto seja emitido. Para poder assinar uma declara\u00e7\u00e3o de compromisso no escrit\u00f3rio de imigra\u00e7\u00e3o local, um <strong>apar\u00eancia pessoal<\/strong> necess\u00e1rio. Um grande n\u00famero de documentos pessoais deve ser trazido no original.<\/p>\n<div class=\"su-note\"  style=\"border-color:#d1d1d0;border-radius:3px;-moz-border-radius:3px;-webkit-border-radius:3px;\"><div class=\"su-note-inner su-u-clearfix su-u-trim\" style=\"background-color:#ebebea;border-color:#ffffff;color:#444444;border-radius:3px;-moz-border-radius:3px;-webkit-border-radius:3px;\"><strong>Voc\u00ea est\u00e1 esperando visitantes do exterior?<\/strong> Com um <a href=\"https:\/\/auslaenderbehoerde.org\/pt\/seguro-viagem-para-hospedes-estrangeiros\/\">Seguro viagem para estrangeiros<\/a> beneficiam de uma prote\u00e7\u00e3o abrangente na Alemanha e na Europa.<\/div><\/div>\n<h2>Quais os documentos necess\u00e1rios para a emiss\u00e3o da declara\u00e7\u00e3o de compromisso?<\/h2>\n<ul style=\"list-style-type: circle;\">\n<li>um documento de identidade ou passaporte v\u00e1lido e original<\/li>\n<li>Nome e sobrenome do visitante, local de resid\u00eancia, nacionalidade, data de nascimento, n\u00famero do passaporte. e endere\u00e7o do visitante<\/li>\n<li>um comprovativo de vencimento atual, composto por um aviso de pens\u00e3o atual, um aviso de imposto (para trabalhadores independentes), as tr\u00eas \u00faltimas declara\u00e7\u00f5es \/ aviso de pens\u00e3o ou um certificado de um consultor fiscal, incluindo informa\u00e7\u00f5es sobre o trabalho<\/li>\n<li>Representa\u00e7\u00e3o da rela\u00e7\u00e3o familiar ao visitante convidado, eventuais dados de parentes que tamb\u00e9m est\u00e3o entrando no pa\u00eds<\/li>\n<li>Indica\u00e7\u00e3o da morada onde o visitante reside durante a estadia<\/li>\n<li>in\u00edcio desejado de validade do visto<\/li>\n<\/ul>\n<p>Os custos de uma declara\u00e7\u00e3o de compromisso s\u00e3o geralmente de 29 euros. Uma declara\u00e7\u00e3o de compromisso s\u00f3 \u00e9 eficaz e v\u00e1lida se for comprovado um recebimento mensal seguro de dinheiro. N\u00e3o apenas um meio de vida seguro deve ser comprovado, mas tamb\u00e9m uma classifica\u00e7\u00e3o de cr\u00e9dito adequada.<\/p>\n<p>Al\u00e9m da renda na Alemanha, um estrangeiro <a href=\"https:\/\/botschaft-konsulat.de\/\" target=\"_blank\" rel=\"noopener\">mensagem<\/a> confirmar ativos no exterior para que haja capital suficiente para criar uma declara\u00e7\u00e3o de compromisso. A renda estrangeira tamb\u00e9m pode ser confirmada fora da UE.<\/p>\n<div class=\"su-note\"  style=\"border-color:#d1d1d0;border-radius:3px;-moz-border-radius:3px;-webkit-border-radius:3px;\"><div class=\"su-note-inner su-u-clearfix su-u-trim\" style=\"background-color:#ebebea;border-color:#ffffff;color:#444444;border-radius:3px;-moz-border-radius:3px;-webkit-border-radius:3px;\"><b>Um aviso: <\/b>Para escrit\u00f3rios e autoridades, geralmente voc\u00ea precisa dos documentos ou certificados como <a href=\"https:\/\/tidd.ly\/3y8DKdr\" target=\"_blank\" rel=\"noopener\">tradu\u00e7\u00e3o juramentada<\/a>*.<\/div><\/div>\n<h3>Por quanto tempo \u00e9 v\u00e1lida uma declara\u00e7\u00e3o de compromisso?<\/h3>\n<p>Uma declara\u00e7\u00e3o de compromisso \u00e9 v\u00e1lida por um per\u00edodo m\u00e1ximo de 6 meses. Uma nova declara\u00e7\u00e3o de compromisso pode ent\u00e3o ser emitida se o fiador puder provar que a situa\u00e7\u00e3o financeira pessoal n\u00e3o mudou negativamente nos \u00faltimos 6 meses.<\/p>\n<p>Se voc\u00ea quiser fazer uma declara\u00e7\u00e3o de compromisso para um h\u00f3spede, precisar\u00e1 ganhar dinheiro suficiente. Se um \u00fanico rendimento n\u00e3o for suficiente para assumir uma declara\u00e7\u00e3o de compromisso, os casais podem somar os seus rendimentos. Um rendimento l\u00edquido m\u00ednimo de 1470 euros por m\u00eas deve ser comprovado para que uma declara\u00e7\u00e3o de compromisso possa ser oficialmente emitida.<\/p>\n<p>Se sua renda mensal n\u00e3o for suficiente, voc\u00ea pode abrir uma conta bloqueada para fins de visto em um Deutsche Bank. Ao transferir uma certa quantia de dinheiro para a conta bloqueada especificada, a pessoa em quest\u00e3o garante que pode ganhar a vida e outras despesas durante esse per\u00edodo.<\/p>\n<p>Uma vez que a declara\u00e7\u00e3o de compromisso s\u00f3 \u00e9 v\u00e1lida por 6 meses, o h\u00f3spede deve solicitar o visto imediatamente ap\u00f3s a apresenta\u00e7\u00e3o. Caso a emiss\u00e3o do visto demore mais de 6 meses, dever\u00e1 ser apresentada nova declara\u00e7\u00e3o de compromisso. Os formul\u00e1rios para apresenta\u00e7\u00e3o de uma declara\u00e7\u00e3o de compromisso est\u00e3o dispon\u00edveis no Departamento de Imigra\u00e7\u00e3o.<\/p>\n<h3 id=\"customheading6\"><strong>Links Relacionados\u00a0<\/strong><\/h3>\n<ul style=\"list-style-type: circle;\">\n<li><a href=\"https:\/\/auslaenderbehoerde.org\/pt\/primeiros-passos-na-alemanha\/\">Primeiros passos na Alemanha<\/a><\/li>\n<\/ul>","protected":false},"excerpt":{"rendered":"<p>Se desejar convidar pessoas que necessitem de visto e n\u00e3o tenham os meios financeiros necess\u00e1rios para faz\u00ea-lo, voc\u00ea, como autor do convite, dever\u00e1 apresentar uma declara\u00e7\u00e3o de compromisso \u00e0 autoridade de imigra\u00e7\u00e3o respons\u00e1vel. Como regra, a autoridade local de imigra\u00e7\u00e3o \u00e9 respons\u00e1vel se voc\u00ea deseja que seu visitante more com voc\u00ea. De acordo com as Se\u00e7\u00f5es 66 e 68 da Lei de Resid\u00eancia, esta \u00e9 uma formalidade\u2026&nbsp;<a href=\"https:\/\/auslaenderbehoerde.org\/pt\/declaracao-de-compromisso\/\" rel=\"bookmark\">Leia mais \u00bb<span class=\"screen-reader-text\">declara\u00e7\u00e3o de compromisso<\/span><\/a><\/p>","protected":false},"author":1,"featured_media":159,"parent":0,"menu_order":0,"comment_status":"closed","ping_status":"closed","template":"","meta":{"neve_meta_sidebar":"","neve_meta_container":"","neve_meta_enable_content_width":"off","neve_meta_content_width":100,"neve_meta_title_alignment":"","neve_meta_author_avatar":"","neve_post_elements_order":"","neve_meta_disable_header":"","neve_meta_disable_footer":"","neve_meta_disable_title":"","neve_meta_reading_time":"","footnotes":""},"class_list":["post-145","page","type-page","status-publish","has-post-thumbnail","hentry"],"yoast_head":"<!-- This site is optimized with the Yoast SEO plugin v26.6 - https:\/\/yoast.com\/wordpress\/plugins\/seo\/ -->\n<title>Verpflichtungserkl\u00e4rung - Auslaenderbehoerde.org<\/title>\n<meta name=\"description\" content=\"Mit einer Verpflichtungserkl\u00e4rung k\u00f6nnen Sie Menschen aus dem Ausland die Einreise und den Aufenthalt in Deutschland erm\u00f6glichen\" \/>\n<meta name=\"robots\" content=\"index, follow, max-snippet:-1, max-image-preview:large, max-video-preview:-1\" \/>\n<link rel=\"canonical\" href=\"https:\/\/auslaenderbehoerde.org\/pt\/declaracao-de-compromisso\/\" \/>\n<meta property=\"og:locale\" content=\"pt_PT\" \/>\n<meta property=\"og:type\" content=\"article\" \/>\n<meta property=\"og:title\" content=\"Verpflichtungserkl\u00e4rung - Auslaenderbehoerde.org\" \/>\n<meta property=\"og:description\" content=\"Mit einer Verpflichtungserkl\u00e4rung k\u00f6nnen Sie Menschen aus dem Ausland die Einreise und den Aufenthalt in Deutschland erm\u00f6glichen\" \/>\n<meta property=\"og:url\" content=\"https:\/\/auslaenderbehoerde.org\/pt\/declaracao-de-compromisso\/\" \/>\n<meta property=\"og:site_name\" content=\"auslaenderbehoerde.org\" \/>\n<meta property=\"article:modified_time\" content=\"2022-07-08T09:29:05+00:00\" \/>\n<meta property=\"og:image\" content=\"https:\/\/auslaenderbehoerde.org\/wp-content\/uploads\/2022\/06\/Verpflichtungserkla\u0308rung-scaled-e1656420805754.jpg\" \/>\n\t<meta property=\"og:image:width\" content=\"900\" \/>\n\t<meta property=\"og:image:height\" content=\"506\" \/>\n\t<meta property=\"og:image:type\" content=\"image\/jpeg\" \/>\n<meta name=\"twitter:card\" content=\"summary_large_image\" \/>\n<meta name=\"twitter:label1\" content=\"Tempo estimado de leitura\" \/>\n\t<meta name=\"twitter:data1\" content=\"4 minutos\" \/>\n<script type=\"application\/ld+json\" class=\"yoast-schema-graph\">{\"@context\":\"https:\/\/schema.org\",\"@graph\":[{\"@type\":\"WebPage\",\"@id\":\"https:\/\/auslaenderbehoerde.org\/verpflichtungserklaerung\/\",\"url\":\"https:\/\/auslaenderbehoerde.org\/verpflichtungserklaerung\/\",\"name\":\"Verpflichtungserkl\u00e4rung - Auslaenderbehoerde.org\",\"isPartOf\":{\"@id\":\"https:\/\/auslaenderbehoerde.org\/#website\"},\"primaryImageOfPage\":{\"@id\":\"https:\/\/auslaenderbehoerde.org\/verpflichtungserklaerung\/#primaryimage\"},\"image\":{\"@id\":\"https:\/\/auslaenderbehoerde.org\/verpflichtungserklaerung\/#primaryimage\"},\"thumbnailUrl\":\"https:\/\/auslaenderbehoerde.org\/wp-content\/uploads\/2022\/06\/Verpflichtungserkla\u0308rung-scaled-e1656420805754.jpg\",\"datePublished\":\"2022-06-28T12:13:02+00:00\",\"dateModified\":\"2022-07-08T09:29:05+00:00\",\"description\":\"Mit einer Verpflichtungserkl\u00e4rung k\u00f6nnen Sie Menschen aus dem Ausland die Einreise und den Aufenthalt in Deutschland erm\u00f6glichen\",\"breadcrumb\":{\"@id\":\"https:\/\/auslaenderbehoerde.org\/verpflichtungserklaerung\/#breadcrumb\"},\"inLanguage\":\"pt-PT\",\"potentialAction\":[{\"@type\":\"ReadAction\",\"target\":[\"https:\/\/auslaenderbehoerde.org\/verpflichtungserklaerung\/\"]}]},{\"@type\":\"ImageObject\",\"inLanguage\":\"pt-PT\",\"@id\":\"https:\/\/auslaenderbehoerde.org\/verpflichtungserklaerung\/#primaryimage\",\"url\":\"https:\/\/auslaenderbehoerde.org\/wp-content\/uploads\/2022\/06\/Verpflichtungserkla\u0308rung-scaled-e1656420805754.jpg\",\"contentUrl\":\"https:\/\/auslaenderbehoerde.org\/wp-content\/uploads\/2022\/06\/Verpflichtungserkla\u0308rung-scaled-e1656420805754.jpg\",\"width\":900,\"height\":506,\"caption\":\"Verpflichtungserkl\u00e4rung\"},{\"@type\":\"BreadcrumbList\",\"@id\":\"https:\/\/auslaenderbehoerde.org\/verpflichtungserklaerung\/#breadcrumb\",\"itemListElement\":[{\"@type\":\"ListItem\",\"position\":1,\"name\":\"Startseite\",\"item\":\"https:\/\/auslaenderbehoerde.org\/\"},{\"@type\":\"ListItem\",\"position\":2,\"name\":\"Verpflichtungserkl\u00e4rung\"}]},{\"@type\":\"WebSite\",\"@id\":\"https:\/\/auslaenderbehoerde.org\/#website\",\"url\":\"https:\/\/auslaenderbehoerde.org\/\",\"name\":\"auslaenderbehoerde.org\",\"description\":\"\",\"potentialAction\":[{\"@type\":\"SearchAction\",\"target\":{\"@type\":\"EntryPoint\",\"urlTemplate\":\"https:\/\/auslaenderbehoerde.org\/?s={search_term_string}\"},\"query-input\":{\"@type\":\"PropertyValueSpecification\",\"valueRequired\":true,\"valueName\":\"search_term_string\"}}],\"inLanguage\":\"pt-PT\"}]}<\/script>\n<!-- \/ Yoast SEO plugin. -->","yoast_head_json":{"title":"Declara\u00e7\u00e3o de compromisso - Auslaenderbehoerde.org","description":"Com uma declara\u00e7\u00e3o de compromisso, voc\u00ea pode permitir que pessoas do exterior entrem e permane\u00e7am na Alemanha","robots":{"index":"index","follow":"follow","max-snippet":"max-snippet:-1","max-image-preview":"max-image-preview:large","max-video-preview":"max-video-preview:-1"},"canonical":"https:\/\/auslaenderbehoerde.org\/pt\/declaracao-de-compromisso\/","og_locale":"pt_PT","og_type":"article","og_title":"Verpflichtungserkl\u00e4rung - Auslaenderbehoerde.org","og_description":"Mit einer Verpflichtungserkl\u00e4rung k\u00f6nnen Sie Menschen aus dem Ausland die Einreise und den Aufenthalt in Deutschland erm\u00f6glichen","og_url":"https:\/\/auslaenderbehoerde.org\/pt\/declaracao-de-compromisso\/","og_site_name":"auslaenderbehoerde.org","article_modified_time":"2022-07-08T09:29:05+00:00","og_image":[{"width":900,"height":506,"url":"https:\/\/auslaenderbehoerde.org\/wp-content\/uploads\/2022\/06\/Verpflichtungserkla\u0308rung-scaled-e1656420805754.jpg","type":"image\/jpeg"}],"twitter_card":"summary_large_image","twitter_misc":{"Tempo estimado de leitura":"4 minutos"},"schema":{"@context":"https:\/\/schema.org","@graph":[{"@type":"WebPage","@id":"https:\/\/auslaenderbehoerde.org\/verpflichtungserklaerung\/","url":"https:\/\/auslaenderbehoerde.org\/verpflichtungserklaerung\/","name":"Declara\u00e7\u00e3o de compromisso - Auslaenderbehoerde.org","isPartOf":{"@id":"https:\/\/auslaenderbehoerde.org\/#website"},"primaryImageOfPage":{"@id":"https:\/\/auslaenderbehoerde.org\/verpflichtungserklaerung\/#primaryimage"},"image":{"@id":"https:\/\/auslaenderbehoerde.org\/verpflichtungserklaerung\/#primaryimage"},"thumbnailUrl":"https:\/\/auslaenderbehoerde.org\/wp-content\/uploads\/2022\/06\/Verpflichtungserkla\u0308rung-scaled-e1656420805754.jpg","datePublished":"2022-06-28T12:13:02+00:00","dateModified":"2022-07-08T09:29:05+00:00","description":"Com uma declara\u00e7\u00e3o de compromisso, voc\u00ea pode permitir que pessoas do exterior entrem e permane\u00e7am na Alemanha","breadcrumb":{"@id":"https:\/\/auslaenderbehoerde.org\/verpflichtungserklaerung\/#breadcrumb"},"inLanguage":"pt-PT","potentialAction":[{"@type":"ReadAction","target":["https:\/\/auslaenderbehoerde.org\/verpflichtungserklaerung\/"]}]},{"@type":"ImageObject","inLanguage":"pt-PT","@id":"https:\/\/auslaenderbehoerde.org\/verpflichtungserklaerung\/#primaryimage","url":"https:\/\/auslaenderbehoerde.org\/wp-content\/uploads\/2022\/06\/Verpflichtungserkla\u0308rung-scaled-e1656420805754.jpg","contentUrl":"https:\/\/auslaenderbehoerde.org\/wp-content\/uploads\/2022\/06\/Verpflichtungserkla\u0308rung-scaled-e1656420805754.jpg","width":900,"height":506,"caption":"Verpflichtungserkl\u00e4rung"},{"@type":"BreadcrumbList","@id":"https:\/\/auslaenderbehoerde.org\/verpflichtungserklaerung\/#breadcrumb","itemListElement":[{"@type":"ListItem","position":1,"name":"Startseite","item":"https:\/\/auslaenderbehoerde.org\/"},{"@type":"ListItem","position":2,"name":"Verpflichtungserkl\u00e4rung"}]},{"@type":"WebSite","@id":"https:\/\/auslaenderbehoerde.org\/#website","url":"https:\/\/auslaenderbehoerde.org\/","name":"www.auslaenderbehoerde.org","description":"","potentialAction":[{"@type":"SearchAction","target":{"@type":"EntryPoint","urlTemplate":"https:\/\/auslaenderbehoerde.org\/?s={search_term_string}"},"query-input":{"@type":"PropertyValueSpecification","valueRequired":true,"valueName":"search_term_string"}}],"inLanguage":"pt-PT"}]}},"_links":{"self":[{"href":"https:\/\/auslaenderbehoerde.org\/pt\/wp-json\/wp\/v2\/pages\/145","targetHints":{"allow":["GET"]}}],"collection":[{"href":"https:\/\/auslaenderbehoerde.org\/pt\/wp-json\/wp\/v2\/pages"}],"about":[{"href":"https:\/\/auslaenderbehoerde.org\/pt\/wp-json\/wp\/v2\/types\/page"}],"author":[{"embeddable":true,"href":"https:\/\/auslaenderbehoerde.org\/pt\/wp-json\/wp\/v2\/users\/1"}],"replies":[{"embeddable":true,"href":"https:\/\/auslaenderbehoerde.org\/pt\/wp-json\/wp\/v2\/comments?post=145"}],"version-history":[{"count":10,"href":"https:\/\/auslaenderbehoerde.org\/pt\/wp-json\/wp\/v2\/pages\/145\/revisions"}],"predecessor-version":[{"id":667,"href":"https:\/\/auslaenderbehoerde.org\/pt\/wp-json\/wp\/v2\/pages\/145\/revisions\/667"}],"wp:featuredmedia":[{"embeddable":true,"href":"https:\/\/auslaenderbehoerde.org\/pt\/wp-json\/wp\/v2\/media\/159"}],"wp:attachment":[{"href":"https:\/\/auslaenderbehoerde.org\/pt\/wp-json\/wp\/v2\/media?parent=145"}],"curies":[{"name":"wp","href":"https:\/\/api.w.org\/{rel}","templated":true}]}}