{"id":147,"date":"2022-06-28T14:13:15","date_gmt":"2022-06-28T12:13:15","guid":{"rendered":"https:\/\/auslaenderbehoerde.org\/?page_id=147"},"modified":"2022-07-15T15:18:57","modified_gmt":"2022-07-15T13:18:57","slug":"aufenthaltstitel","status":"publish","type":"page","link":"https:\/\/auslaenderbehoerde.org\/pt\/permissao-de-residencia-2\/","title":{"rendered":"permiss\u00e3o de resid\u00eancia"},"content":{"rendered":"<p><img decoding=\"async\" class=\"wp-image-155 size-full aligncenter\" src=\"https:\/\/auslaenderbehoerde.org\/wp-content\/uploads\/2022\/06\/Zwischen\u00fcberschrift-hinzu F\u00fcgen-3.png\" alt=\"permiss\u00e3o de resid\u00eancia\" width=\"600\" height=\"400\" srcset=\"\" sizes=\"(max-width: 600px) 100vw, 600px\" data-srcset=\"\" \/><\/p>\n<p>Qualquer cidad\u00e3o estrangeiro que <a href=\"https:\/\/ec.europa.eu\/taxation_customs\/list-non-eu-countries_de\" target=\"_blank\" rel=\"noopener\">n\u00e3o na Uni\u00e3o Europeia<\/a> residente precisa de uma autoriza\u00e7\u00e3o de resid\u00eancia para poder entrar na Alemanha. Dependendo do tipo e dura\u00e7\u00e3o da estada desejada na Alemanha, diferentes autoriza\u00e7\u00f5es de resid\u00eancia s\u00e3o necess\u00e1rias. \u00c9 feita uma distin\u00e7\u00e3o entre sete autoriza\u00e7\u00f5es de resid\u00eancia diferentes.<\/p>\n<p>Faz diferen\u00e7a se os convidados do exterior querem apenas visitar a Alemanha ou trabalhar\/estudar l\u00e1. Abaixo voc\u00ea pode descobrir como as diferentes autoriza\u00e7\u00f5es de resid\u00eancia s\u00e3o estruturadas e como elas podem ser usadas.<\/p>\n<h2>Como \u00e9 solicitada a autoriza\u00e7\u00e3o de resid\u00eancia?<\/h2>\n<p>Para solicitar uma autoriza\u00e7\u00e3o de resid\u00eancia na Alemanha, uma grande variedade de requisitos deve ser atendida. Dependendo do tipo de estadia que voc\u00ea deseja ter na Alemanha, uma grande variedade de provas devem ser fornecidas. Em princ\u00edpio, devem ser cumpridos os seguintes requisitos para poder requerer uma autoriza\u00e7\u00e3o de resid\u00eancia:<\/p>\n<ul style=\"list-style-type: circle;\">\n<li>Os candidatos devem ter um passaporte v\u00e1lido<\/li>\n<li>deve ser apresentado um pedido online de autoriza\u00e7\u00e3o de resid\u00eancia<\/li>\n<li>deve ser fornecida prova de que os meios de subsist\u00eancia podem ser garantidos<\/li>\n<li>uma apresenta\u00e7\u00e3o esclarecedora de nacionalidade e identidade deve estar dispon\u00edvel<\/li>\n<li>Prova de cobertura de seguro de sa\u00fade suficiente deve estar dispon\u00edvel<\/li>\n<li>n\u00e3o deve haver raz\u00e3o para que as autoridades alem\u00e3s possam ter interesse na deporta\u00e7\u00e3o<\/li>\n<\/ul>\n<h3>As seguintes autoriza\u00e7\u00f5es de resid\u00eancia podem ser solicitadas na Alemanha:<\/h3>\n<p>Para o <strong>tempor\u00e1rio<\/strong> As autoriza\u00e7\u00f5es de resid\u00eancia incluem:<\/p>\n<ul style=\"list-style-type: circle;\">\n<li>cart\u00e3o TIC<\/li>\n<li>visto<\/li>\n<li><a href=\"https:\/\/auslaenderbehoerde.org\/pt\/permissao-de-residencia\/\">permiss\u00e3o de resid\u00eancia<\/a><\/li>\n<li>cart\u00e3o TIC m\u00f3vel<\/li>\n<li>cart\u00e3o azul UE<\/li>\n<\/ul>\n<p>Para o <strong>perp\u00e9tuo<\/strong> As autoriza\u00e7\u00f5es de resid\u00eancia incluem:<\/p>\n<ul style=\"list-style-type: circle;\">\n<li>uma autoriza\u00e7\u00e3o de resid\u00eancia permanente na UE<\/li>\n<li>uma licen\u00e7a de assentamento<\/li>\n<\/ul>\n<div class=\"su-note\"  style=\"border-color:#d1d1d0;border-radius:3px;-moz-border-radius:3px;-webkit-border-radius:3px;\"><div class=\"su-note-inner su-u-clearfix su-u-trim\" style=\"background-color:#ebebea;border-color:#ffffff;color:#444444;border-radius:3px;-moz-border-radius:3px;-webkit-border-radius:3px;\"><strong>Voc\u00ea est\u00e1 esperando visitantes do exterior?<\/strong> Com um <a href=\"https:\/\/auslaenderbehoerde.org\/pt\/seguro-viagem-para-hospedes-estrangeiros\/\">Seguro viagem para estrangeiros<\/a> beneficiam de uma prote\u00e7\u00e3o abrangente na Alemanha e na Europa.<\/div><\/div>\n<h2>O que \u00e9 um eAT (autoriza\u00e7\u00e3o de resid\u00eancia eletr\u00f3nica)?<\/h2>\n<p>Um eAT \u00e9 uma autoriza\u00e7\u00e3o de resid\u00eancia eletr\u00f4nica na Alemanha emitida como um cart\u00e3o de pl\u00e1stico no formato de cart\u00e3o de cr\u00e9dito. O cart\u00e3o de pl\u00e1stico n\u00e3o \u00e9 fornecido apenas com uma foto biom\u00e9trica e dados pessoais como nome, endere\u00e7o, impress\u00f5es digitais, nacionalidade e data de nascimento, mas tamb\u00e9m com um chip como meio de armazenamento.<\/p>\n<p>Todas as condi\u00e7\u00f5es (disposi\u00e7\u00f5es auxiliares) s\u00e3o armazenadas nele, o que significa que uma fun\u00e7\u00e3o de identifica\u00e7\u00e3o online est\u00e1 inclu\u00edda no eAT. Isso possibilita o uso volunt\u00e1rio de servi\u00e7os comerciais on-line e servi\u00e7os governamentais que podem ser acessados via Internet de forma r\u00e1pida e f\u00e1cil. Roubo de dados ou uso indevido n\u00e3o \u00e9 poss\u00edvel. Com algumas exce\u00e7\u00f5es, o eAT substituiu a autoriza\u00e7\u00e3o de resid\u00eancia em papel.<\/p>\n<h3 id=\"customheading6\"><strong>Links Relacionados\u00a0<\/strong><\/h3>\n<ul>\n<li><a href=\"https:\/\/auslaenderbehoerde.org\/pt\/primeiros-passos-na-alemanha\/\" data-wpel-link=\"internal\">Primeiros passos na Alemanha<\/a><\/li>\n<li><a href=\"https:\/\/auslaenderbehoerde.org\/pt\/\">Autoridades de imigra\u00e7\u00e3o na Alemanha<\/a><\/li>\n<\/ul>","protected":false},"excerpt":{"rendered":"<p>Todo cidad\u00e3o estrangeiro que n\u00e3o seja residente na Uni\u00e3o Europeia precisa de uma autoriza\u00e7\u00e3o de resid\u00eancia para entrar na Alemanha. Dependendo do tipo e da dura\u00e7\u00e3o da sua estadia desejada na Alemanha, ser\u00e3o necess\u00e1rias diferentes autoriza\u00e7\u00f5es de resid\u00eancia. \u00c9 feita uma distin\u00e7\u00e3o entre sete autoriza\u00e7\u00f5es de resid\u00eancia diferentes. Faz diferen\u00e7a se os h\u00f3spedes estrangeiros est\u00e3o apenas visitando a Alemanha ou l\u00e1\u2026&nbsp;<a href=\"https:\/\/auslaenderbehoerde.org\/pt\/permissao-de-residencia-2\/\" rel=\"bookmark\">Leia mais \u00bb<span class=\"screen-reader-text\">permiss\u00e3o de resid\u00eancia<\/span><\/a><\/p>","protected":false},"author":1,"featured_media":155,"parent":0,"menu_order":0,"comment_status":"closed","ping_status":"closed","template":"","meta":{"neve_meta_sidebar":"","neve_meta_container":"","neve_meta_enable_content_width":"off","neve_meta_content_width":100,"neve_meta_title_alignment":"","neve_meta_author_avatar":"","neve_post_elements_order":"","neve_meta_disable_header":"","neve_meta_disable_footer":"","neve_meta_disable_title":"","neve_meta_reading_time":"","footnotes":""},"class_list":["post-147","page","type-page","status-publish","has-post-thumbnail","hentry"],"yoast_head":"<!-- This site is optimized with the Yoast SEO plugin v26.6 - https:\/\/yoast.com\/wordpress\/plugins\/seo\/ -->\n<title>Diese Aufenthaltstitel gibt es in Deutschland - Auslaenderbehoerde<\/title>\n<meta name=\"description\" content=\"Ein Aufenthaltstitel berechtigt den Angeh\u00f6rigen eines Drittstaates zum Aufenthalt in Deutschland. Insgesamt gibt es sieben verschiedene.\" \/>\n<meta name=\"robots\" content=\"index, follow, max-snippet:-1, max-image-preview:large, max-video-preview:-1\" \/>\n<link rel=\"canonical\" href=\"https:\/\/auslaenderbehoerde.org\/pt\/permissao-de-residencia-2\/\" \/>\n<meta property=\"og:locale\" content=\"pt_PT\" \/>\n<meta property=\"og:type\" content=\"article\" \/>\n<meta property=\"og:title\" content=\"Diese Aufenthaltstitel gibt es in Deutschland - Auslaenderbehoerde\" \/>\n<meta property=\"og:description\" content=\"Ein Aufenthaltstitel berechtigt den Angeh\u00f6rigen eines Drittstaates zum Aufenthalt in Deutschland. Insgesamt gibt es sieben verschiedene.\" \/>\n<meta property=\"og:url\" content=\"https:\/\/auslaenderbehoerde.org\/pt\/permissao-de-residencia-2\/\" \/>\n<meta property=\"og:site_name\" content=\"auslaenderbehoerde.org\" \/>\n<meta property=\"article:modified_time\" content=\"2022-07-15T13:18:57+00:00\" \/>\n<meta property=\"og:image\" content=\"https:\/\/auslaenderbehoerde.org\/wp-content\/uploads\/2022\/06\/Zwischenu\u0308berschrift-hinzufu\u0308gen-3.png\" \/>\n\t<meta property=\"og:image:width\" content=\"600\" \/>\n\t<meta property=\"og:image:height\" content=\"400\" \/>\n\t<meta property=\"og:image:type\" content=\"image\/png\" \/>\n<meta name=\"twitter:card\" content=\"summary_large_image\" \/>\n<meta name=\"twitter:label1\" content=\"Tempo estimado de leitura\" \/>\n\t<meta name=\"twitter:data1\" content=\"3 minutos\" \/>\n<script type=\"application\/ld+json\" class=\"yoast-schema-graph\">{\"@context\":\"https:\/\/schema.org\",\"@graph\":[{\"@type\":\"WebPage\",\"@id\":\"https:\/\/auslaenderbehoerde.org\/aufenthaltstitel\/\",\"url\":\"https:\/\/auslaenderbehoerde.org\/aufenthaltstitel\/\",\"name\":\"Diese Aufenthaltstitel gibt es in Deutschland - Auslaenderbehoerde\",\"isPartOf\":{\"@id\":\"https:\/\/auslaenderbehoerde.org\/#website\"},\"primaryImageOfPage\":{\"@id\":\"https:\/\/auslaenderbehoerde.org\/aufenthaltstitel\/#primaryimage\"},\"image\":{\"@id\":\"https:\/\/auslaenderbehoerde.org\/aufenthaltstitel\/#primaryimage\"},\"thumbnailUrl\":\"https:\/\/auslaenderbehoerde.org\/wp-content\/uploads\/2022\/06\/Zwischenu\u0308berschrift-hinzufu\u0308gen-3.png\",\"datePublished\":\"2022-06-28T12:13:15+00:00\",\"dateModified\":\"2022-07-15T13:18:57+00:00\",\"description\":\"Ein Aufenthaltstitel berechtigt den Angeh\u00f6rigen eines Drittstaates zum Aufenthalt in Deutschland. Insgesamt gibt es sieben verschiedene.\",\"breadcrumb\":{\"@id\":\"https:\/\/auslaenderbehoerde.org\/aufenthaltstitel\/#breadcrumb\"},\"inLanguage\":\"pt-PT\",\"potentialAction\":[{\"@type\":\"ReadAction\",\"target\":[\"https:\/\/auslaenderbehoerde.org\/aufenthaltstitel\/\"]}]},{\"@type\":\"ImageObject\",\"inLanguage\":\"pt-PT\",\"@id\":\"https:\/\/auslaenderbehoerde.org\/aufenthaltstitel\/#primaryimage\",\"url\":\"https:\/\/auslaenderbehoerde.org\/wp-content\/uploads\/2022\/06\/Zwischenu\u0308berschrift-hinzufu\u0308gen-3.png\",\"contentUrl\":\"https:\/\/auslaenderbehoerde.org\/wp-content\/uploads\/2022\/06\/Zwischenu\u0308berschrift-hinzufu\u0308gen-3.png\",\"width\":600,\"height\":400,\"caption\":\"Aufenthaltstitel\"},{\"@type\":\"BreadcrumbList\",\"@id\":\"https:\/\/auslaenderbehoerde.org\/aufenthaltstitel\/#breadcrumb\",\"itemListElement\":[{\"@type\":\"ListItem\",\"position\":1,\"name\":\"Startseite\",\"item\":\"https:\/\/auslaenderbehoerde.org\/\"},{\"@type\":\"ListItem\",\"position\":2,\"name\":\"Aufenthaltstitel\"}]},{\"@type\":\"WebSite\",\"@id\":\"https:\/\/auslaenderbehoerde.org\/#website\",\"url\":\"https:\/\/auslaenderbehoerde.org\/\",\"name\":\"auslaenderbehoerde.org\",\"description\":\"\",\"potentialAction\":[{\"@type\":\"SearchAction\",\"target\":{\"@type\":\"EntryPoint\",\"urlTemplate\":\"https:\/\/auslaenderbehoerde.org\/?s={search_term_string}\"},\"query-input\":{\"@type\":\"PropertyValueSpecification\",\"valueRequired\":true,\"valueName\":\"search_term_string\"}}],\"inLanguage\":\"pt-PT\"}]}<\/script>\n<!-- \/ Yoast SEO plugin. -->","yoast_head_json":{"title":"Estas autoriza\u00e7\u00f5es de resid\u00eancia est\u00e3o dispon\u00edveis na Alemanha - Autoridade de Estrangeiros","description":"Uma autoriza\u00e7\u00e3o de resid\u00eancia autoriza o nacional de um pa\u00eds terceiro a residir na Alemanha. Existem sete diferentes no total.","robots":{"index":"index","follow":"follow","max-snippet":"max-snippet:-1","max-image-preview":"max-image-preview:large","max-video-preview":"max-video-preview:-1"},"canonical":"https:\/\/auslaenderbehoerde.org\/pt\/permissao-de-residencia-2\/","og_locale":"pt_PT","og_type":"article","og_title":"Diese Aufenthaltstitel gibt es in Deutschland - Auslaenderbehoerde","og_description":"Ein Aufenthaltstitel berechtigt den Angeh\u00f6rigen eines Drittstaates zum Aufenthalt in Deutschland. Insgesamt gibt es sieben verschiedene.","og_url":"https:\/\/auslaenderbehoerde.org\/pt\/permissao-de-residencia-2\/","og_site_name":"auslaenderbehoerde.org","article_modified_time":"2022-07-15T13:18:57+00:00","og_image":[{"width":600,"height":400,"url":"https:\/\/auslaenderbehoerde.org\/wp-content\/uploads\/2022\/06\/Zwischenu\u0308berschrift-hinzufu\u0308gen-3.png","type":"image\/png"}],"twitter_card":"summary_large_image","twitter_misc":{"Tempo estimado de leitura":"3 minutos"},"schema":{"@context":"https:\/\/schema.org","@graph":[{"@type":"WebPage","@id":"https:\/\/auslaenderbehoerde.org\/aufenthaltstitel\/","url":"https:\/\/auslaenderbehoerde.org\/aufenthaltstitel\/","name":"Estas autoriza\u00e7\u00f5es de resid\u00eancia est\u00e3o dispon\u00edveis na Alemanha - Autoridade de Estrangeiros","isPartOf":{"@id":"https:\/\/auslaenderbehoerde.org\/#website"},"primaryImageOfPage":{"@id":"https:\/\/auslaenderbehoerde.org\/aufenthaltstitel\/#primaryimage"},"image":{"@id":"https:\/\/auslaenderbehoerde.org\/aufenthaltstitel\/#primaryimage"},"thumbnailUrl":"https:\/\/auslaenderbehoerde.org\/wp-content\/uploads\/2022\/06\/Zwischenu\u0308berschrift-hinzufu\u0308gen-3.png","datePublished":"2022-06-28T12:13:15+00:00","dateModified":"2022-07-15T13:18:57+00:00","description":"Uma autoriza\u00e7\u00e3o de resid\u00eancia autoriza o nacional de um pa\u00eds terceiro a residir na Alemanha. Existem sete diferentes no total.","breadcrumb":{"@id":"https:\/\/auslaenderbehoerde.org\/aufenthaltstitel\/#breadcrumb"},"inLanguage":"pt-PT","potentialAction":[{"@type":"ReadAction","target":["https:\/\/auslaenderbehoerde.org\/aufenthaltstitel\/"]}]},{"@type":"ImageObject","inLanguage":"pt-PT","@id":"https:\/\/auslaenderbehoerde.org\/aufenthaltstitel\/#primaryimage","url":"https:\/\/auslaenderbehoerde.org\/wp-content\/uploads\/2022\/06\/Zwischenu\u0308berschrift-hinzufu\u0308gen-3.png","contentUrl":"https:\/\/auslaenderbehoerde.org\/wp-content\/uploads\/2022\/06\/Zwischenu\u0308berschrift-hinzufu\u0308gen-3.png","width":600,"height":400,"caption":"Aufenthaltstitel"},{"@type":"BreadcrumbList","@id":"https:\/\/auslaenderbehoerde.org\/aufenthaltstitel\/#breadcrumb","itemListElement":[{"@type":"ListItem","position":1,"name":"Startseite","item":"https:\/\/auslaenderbehoerde.org\/"},{"@type":"ListItem","position":2,"name":"Aufenthaltstitel"}]},{"@type":"WebSite","@id":"https:\/\/auslaenderbehoerde.org\/#website","url":"https:\/\/auslaenderbehoerde.org\/","name":"www.auslaenderbehoerde.org","description":"","potentialAction":[{"@type":"SearchAction","target":{"@type":"EntryPoint","urlTemplate":"https:\/\/auslaenderbehoerde.org\/?s={search_term_string}"},"query-input":{"@type":"PropertyValueSpecification","valueRequired":true,"valueName":"search_term_string"}}],"inLanguage":"pt-PT"}]}},"_links":{"self":[{"href":"https:\/\/auslaenderbehoerde.org\/pt\/wp-json\/wp\/v2\/pages\/147","targetHints":{"allow":["GET"]}}],"collection":[{"href":"https:\/\/auslaenderbehoerde.org\/pt\/wp-json\/wp\/v2\/pages"}],"about":[{"href":"https:\/\/auslaenderbehoerde.org\/pt\/wp-json\/wp\/v2\/types\/page"}],"author":[{"embeddable":true,"href":"https:\/\/auslaenderbehoerde.org\/pt\/wp-json\/wp\/v2\/users\/1"}],"replies":[{"embeddable":true,"href":"https:\/\/auslaenderbehoerde.org\/pt\/wp-json\/wp\/v2\/comments?post=147"}],"version-history":[{"count":9,"href":"https:\/\/auslaenderbehoerde.org\/pt\/wp-json\/wp\/v2\/pages\/147\/revisions"}],"predecessor-version":[{"id":212,"href":"https:\/\/auslaenderbehoerde.org\/pt\/wp-json\/wp\/v2\/pages\/147\/revisions\/212"}],"wp:featuredmedia":[{"embeddable":true,"href":"https:\/\/auslaenderbehoerde.org\/pt\/wp-json\/wp\/v2\/media\/155"}],"wp:attachment":[{"href":"https:\/\/auslaenderbehoerde.org\/pt\/wp-json\/wp\/v2\/media?parent=147"}],"curies":[{"name":"wp","href":"https:\/\/api.w.org\/{rel}","templated":true}]}}