{"id":149,"date":"2022-06-28T14:13:30","date_gmt":"2022-06-28T12:13:30","guid":{"rendered":"https:\/\/auslaenderbehoerde.org\/?page_id=149"},"modified":"2022-07-02T09:29:01","modified_gmt":"2022-07-02T07:29:01","slug":"erste-schritte-in-deutschland","status":"publish","type":"page","link":"https:\/\/auslaenderbehoerde.org\/pt\/primeiros-passos-na-alemanha\/","title":{"rendered":"Primeiros passos na Alemanha"},"content":{"rendered":"<p><img decoding=\"async\" class=\"aligncenter wp-image-207 size-full\" src=\"https:\/\/auslaenderbehoerde.org\/wp-content\/uploads\/2022\/07\/architecture-g719836b53_640.jpg\" alt=\"Primeiros passos na Alemanha\" width=\"640\" height=\"426\" srcset=\"https:\/\/auslaenderbehoerde.org\/wp-content\/uploads\/2022\/07\/architecture-g719836b53_640.jpg 640w, https:\/\/auslaenderbehoerde.org\/wp-content\/uploads\/2022\/07\/architecture-g719836b53_640-300x200.jpg 300w\" sizes=\"(max-width: 640px) 100vw, 640px\" \/><\/p>\n<p>Se voc\u00ea acabou de chegar na Alemanha e possui um visto ou autoriza\u00e7\u00e3o de resid\u00eancia, voc\u00ea ter\u00e1 que lidar com alguns procedimentos administrativos.<\/p>\n<h3>Inscri\u00e7\u00f5es no cart\u00f3rio<\/h3>\n<p>Dentro de <strong>duas semanas<\/strong> H\u00f3spedes ou nacionais de pa\u00edses terceiros devem inscrever-se na Conservat\u00f3ria do Registo de Residentes do seu local de resid\u00eancia <strong>obrigat\u00f3rio registrar<\/strong>. Voc\u00ea precisa de um para se registrar <strong>confirma\u00e7\u00e3o do propriet\u00e1rio<\/strong>. Voc\u00ea pode obter isso do propriet\u00e1rio ou de amigos \/ conhecidos com quem voc\u00ea mora. S\u00f3 depois de se registar no registo de residentes, quando estiver dispon\u00edvel um formul\u00e1rio de registo, \u00e9 que um <strong>conta banc\u00e1ria a ser aberta<\/strong>.<\/p>\n<p>O registro no cart\u00f3rio de registro de residentes local n\u00e3o \u00e9 necess\u00e1rio apenas se voc\u00ea se mudar para seu pr\u00f3prio apartamento, mas tamb\u00e9m se voc\u00ea <strong>ficar mais tempo<\/strong> com amigos ou conhecidos em cujo apartamento est\u00e1 planejado. No decurso do registo receber\u00e1 um n\u00famero de identifica\u00e7\u00e3o fiscal.<\/p>\n<h3>Visita pessoal ao escrit\u00f3rio de imigra\u00e7\u00e3o<\/h3>\n<p>Depois que os nacionais de pa\u00edses terceiros chegam \u00e0 Alemanha com um visto ou autoriza\u00e7\u00e3o de resid\u00eancia de uma representa\u00e7\u00e3o alem\u00e3 no exterior, eles devem se dirigir pessoalmente ao escrit\u00f3rio respons\u00e1vel <a href=\"https:\/\/auslaenderbehoerde.org\/pt\/\">Autoridade de estrangeiros<\/a> fazer representa\u00e7\u00f5es.<\/p>\n<p>As autoridades de imigra\u00e7\u00e3o excluem o prop\u00f3sito da sua estadia. N\u00e3o s\u00f3 \u00e9 poss\u00edvel prorrogar a autoriza\u00e7\u00e3o de resid\u00eancia no escrit\u00f3rio de imigra\u00e7\u00e3o antes que ela expire, como tamb\u00e9m solicitar uma <a href=\"https:\/\/auslaenderbehoerde.org\/pt\/permissao-de-residencia-2\/\">permiss\u00e3o de resid\u00eancia<\/a>se as condi\u00e7\u00f5es necess\u00e1rias forem atendidas.<\/p>\n<h3>Registo numa companhia de seguros de sa\u00fade<\/h3>\n<p>Os nacionais de pa\u00edses terceiros com <a href=\"https:\/\/auslaenderbehoerde.org\/pt\/permissao-de-residencia\/\">permiss\u00e3o de resid\u00eancia<\/a>, possivelmente com uma autoriza\u00e7\u00e3o de trabalho ou uma autoriza\u00e7\u00e3o de resid\u00eancia deve ser obrigat\u00f3rio na Alemanha por lei ou privado <strong>plano de sa\u00fade<\/strong> ser. Portanto, \u00e9 necess\u00e1rio se registrar em uma companhia de seguros de sa\u00fade <strong>particularmente importante<\/strong>.<\/p>\n<p>Qualquer pessoa que esteja apenas visitando a Alemanha e tenha um <a href=\"https:\/\/auslaenderbehoerde.org\/pt\/seguro-viagem-para-hospedes-estrangeiros\/\">Seguro viagem para estrangeiros<\/a> n\u00e3o precisa estar registrado em uma companhia de seguros de sa\u00fade alem\u00e3.<\/p>\n<h3>escola, treinamento e estudos<\/h3>\n<p>Filhos de nacionais de pa\u00edses terceiros podem viver na Alemanha <strong>in\u00fameros caminhos educacionais gratuitos<\/strong> tirar proveito de. Consultas informativas em v\u00e1rias escolas da regi\u00e3o mostram rapidamente quais oportunidades escolares est\u00e3o dispon\u00edveis.<\/p>\n<p>Os filhos de nacionais de pa\u00edses terceiros integram-se muito melhor na Alemanha se frequentarem uma escola adequada o mais rapidamente poss\u00edvel e fizerem amizade com os seus pares. Al\u00e9m disso, os filhos de nacionais de pa\u00edses terceiros a partir dos 6 anos na Alemanha <strong>sujeito ao ensino obrigat\u00f3rio<\/strong> e deve frequentar a escola por pelo menos 9 anos.<\/p>\n<h3>Os pr\u00f3ximos passos importantes<\/h3>\n<p>Depois de ter um formul\u00e1rio de registro, voc\u00ea deve se registrar o mais r\u00e1pido poss\u00edvel <strong>Abrir uma conta banc\u00e1ria<\/strong>. Ao escolher um banco, fique atento \u00e0s condi\u00e7\u00f5es. As mensalidades podem variar muito. Colete informa\u00e7\u00f5es sobre taxas e compare-as com amigos e conhecidos que falam bem alem\u00e3o antes de assinar um contrato.<\/p>\n<p>deixe o seu <strong>Verifique a carteira de motorista<\/strong>. Regra geral, as cartas de condu\u00e7\u00e3o estrangeiras na Alemanha t\u00eam um <strong>Validade de 6 meses<\/strong>. Obtenha aconselhamento abrangente para que voc\u00ea possa obter uma carteira de motorista alem\u00e3 o mais r\u00e1pido poss\u00edvel, se precisar.<\/p>\n<p>Aqui est\u00e1 um v\u00eddeo explicativo de <a href=\"https:\/\/www.bamf.de\/DE\/Startseite\/startseite_node.html\" target=\"_blank\" rel=\"noopener\">Escrit\u00f3rio Federal para Migra\u00e7\u00e3o e Refugiados<\/a><\/p>\n<div class=\"su-youtube su-u-responsive-media-yes\"><iframe width=\"600\" height=\"400\" src=\"https:\/\/www.youtube.com\/embed\/y6zd30dBGLM?\" frameborder=\"0\" allowfullscreen allow=\"autoplay; encrypted-media; picture-in-picture\" title=\"\"><\/iframe><\/div>","protected":false},"excerpt":{"rendered":"<p>Quem acabou de chegar \u00e0 Alemanha e possui visto ou autoriza\u00e7\u00e3o de resid\u00eancia dever\u00e1 cumprir alguns procedimentos administrativos. Inscri\u00e7\u00e3o no servi\u00e7o de registo de residentes Os h\u00f3spedes ou nacionais de pa\u00edses terceiros devem registar-se no servi\u00e7o de registo de residentes do seu local de resid\u00eancia no prazo de duas semanas. Voc\u00ea precisa de uma confirma\u00e7\u00e3o do fornecedor de habita\u00e7\u00e3o para se registrar. Voc\u00ea pode conseguir isso com o propriet\u00e1rio ou com amigos\/\u2026&nbsp;<a href=\"https:\/\/auslaenderbehoerde.org\/pt\/primeiros-passos-na-alemanha\/\" rel=\"bookmark\">Leia mais \u00bb<span class=\"screen-reader-text\">Primeiros passos na Alemanha<\/span><\/a><\/p>","protected":false},"author":1,"featured_media":207,"parent":0,"menu_order":0,"comment_status":"closed","ping_status":"closed","template":"","meta":{"neve_meta_sidebar":"","neve_meta_container":"","neve_meta_enable_content_width":"off","neve_meta_content_width":100,"neve_meta_title_alignment":"","neve_meta_author_avatar":"","neve_post_elements_order":"","neve_meta_disable_header":"","neve_meta_disable_footer":"","neve_meta_disable_title":"","neve_meta_reading_time":"","footnotes":""},"class_list":["post-149","page","type-page","status-publish","has-post-thumbnail","hentry"],"yoast_head":"<!-- This site is optimized with the Yoast SEO plugin v26.6 - https:\/\/yoast.com\/wordpress\/plugins\/seo\/ -->\n<title>Erste Schritte in Deutschland - auslaenderbehoerde.org<\/title>\n<meta name=\"description\" content=\"Wer gerade in Deutschland angekommen ist und \u00fcber ein Visum oder eine Aufenthaltsgenehmigung verf\u00fcgt, muss einige Beh\u00f6rdeng\u00e4nge erledigen.\" \/>\n<meta name=\"robots\" content=\"index, follow, max-snippet:-1, max-image-preview:large, max-video-preview:-1\" \/>\n<link rel=\"canonical\" href=\"https:\/\/auslaenderbehoerde.org\/pt\/primeiros-passos-na-alemanha\/\" \/>\n<meta property=\"og:locale\" content=\"pt_PT\" \/>\n<meta property=\"og:type\" content=\"article\" \/>\n<meta property=\"og:title\" content=\"Erste Schritte in Deutschland - auslaenderbehoerde.org\" \/>\n<meta property=\"og:description\" content=\"Wer gerade in Deutschland angekommen ist und \u00fcber ein Visum oder eine Aufenthaltsgenehmigung verf\u00fcgt, muss einige Beh\u00f6rdeng\u00e4nge erledigen.\" \/>\n<meta property=\"og:url\" content=\"https:\/\/auslaenderbehoerde.org\/pt\/primeiros-passos-na-alemanha\/\" \/>\n<meta property=\"og:site_name\" content=\"auslaenderbehoerde.org\" \/>\n<meta property=\"article:modified_time\" content=\"2022-07-02T07:29:01+00:00\" \/>\n<meta property=\"og:image\" content=\"https:\/\/auslaenderbehoerde.org\/wp-content\/uploads\/2022\/07\/architecture-g719836b53_640.jpg\" \/>\n\t<meta property=\"og:image:width\" content=\"640\" \/>\n\t<meta property=\"og:image:height\" content=\"426\" \/>\n\t<meta property=\"og:image:type\" content=\"image\/jpeg\" \/>\n<meta name=\"twitter:card\" content=\"summary_large_image\" \/>\n<meta name=\"twitter:label1\" content=\"Tempo estimado de leitura\" \/>\n\t<meta name=\"twitter:data1\" content=\"2 minutos\" \/>\n<script type=\"application\/ld+json\" class=\"yoast-schema-graph\">{\"@context\":\"https:\/\/schema.org\",\"@graph\":[{\"@type\":\"WebPage\",\"@id\":\"https:\/\/auslaenderbehoerde.org\/erste-schritte-in-deutschland\/\",\"url\":\"https:\/\/auslaenderbehoerde.org\/erste-schritte-in-deutschland\/\",\"name\":\"Erste Schritte in Deutschland - auslaenderbehoerde.org\",\"isPartOf\":{\"@id\":\"https:\/\/auslaenderbehoerde.org\/#website\"},\"primaryImageOfPage\":{\"@id\":\"https:\/\/auslaenderbehoerde.org\/erste-schritte-in-deutschland\/#primaryimage\"},\"image\":{\"@id\":\"https:\/\/auslaenderbehoerde.org\/erste-schritte-in-deutschland\/#primaryimage\"},\"thumbnailUrl\":\"https:\/\/auslaenderbehoerde.org\/wp-content\/uploads\/2022\/07\/architecture-g719836b53_640.jpg\",\"datePublished\":\"2022-06-28T12:13:30+00:00\",\"dateModified\":\"2022-07-02T07:29:01+00:00\",\"description\":\"Wer gerade in Deutschland angekommen ist und \u00fcber ein Visum oder eine Aufenthaltsgenehmigung verf\u00fcgt, muss einige Beh\u00f6rdeng\u00e4nge erledigen.\",\"breadcrumb\":{\"@id\":\"https:\/\/auslaenderbehoerde.org\/erste-schritte-in-deutschland\/#breadcrumb\"},\"inLanguage\":\"pt-PT\",\"potentialAction\":[{\"@type\":\"ReadAction\",\"target\":[\"https:\/\/auslaenderbehoerde.org\/erste-schritte-in-deutschland\/\"]}]},{\"@type\":\"ImageObject\",\"inLanguage\":\"pt-PT\",\"@id\":\"https:\/\/auslaenderbehoerde.org\/erste-schritte-in-deutschland\/#primaryimage\",\"url\":\"https:\/\/auslaenderbehoerde.org\/wp-content\/uploads\/2022\/07\/architecture-g719836b53_640.jpg\",\"contentUrl\":\"https:\/\/auslaenderbehoerde.org\/wp-content\/uploads\/2022\/07\/architecture-g719836b53_640.jpg\",\"width\":640,\"height\":426,\"caption\":\"Erste Schritte in Deutschland\"},{\"@type\":\"BreadcrumbList\",\"@id\":\"https:\/\/auslaenderbehoerde.org\/erste-schritte-in-deutschland\/#breadcrumb\",\"itemListElement\":[{\"@type\":\"ListItem\",\"position\":1,\"name\":\"Startseite\",\"item\":\"https:\/\/auslaenderbehoerde.org\/\"},{\"@type\":\"ListItem\",\"position\":2,\"name\":\"Erste Schritte in Deutschland\"}]},{\"@type\":\"WebSite\",\"@id\":\"https:\/\/auslaenderbehoerde.org\/#website\",\"url\":\"https:\/\/auslaenderbehoerde.org\/\",\"name\":\"auslaenderbehoerde.org\",\"description\":\"\",\"potentialAction\":[{\"@type\":\"SearchAction\",\"target\":{\"@type\":\"EntryPoint\",\"urlTemplate\":\"https:\/\/auslaenderbehoerde.org\/?s={search_term_string}\"},\"query-input\":{\"@type\":\"PropertyValueSpecification\",\"valueRequired\":true,\"valueName\":\"search_term_string\"}}],\"inLanguage\":\"pt-PT\"}]}<\/script>\n<!-- \/ Yoast SEO plugin. -->","yoast_head_json":{"title":"Primeiros passos na Alemanha - auslaenderbehoerde.org","description":"Se voc\u00ea acabou de chegar na Alemanha e possui um visto ou autoriza\u00e7\u00e3o de resid\u00eancia, voc\u00ea ter\u00e1 que lidar com alguns procedimentos administrativos.","robots":{"index":"index","follow":"follow","max-snippet":"max-snippet:-1","max-image-preview":"max-image-preview:large","max-video-preview":"max-video-preview:-1"},"canonical":"https:\/\/auslaenderbehoerde.org\/pt\/primeiros-passos-na-alemanha\/","og_locale":"pt_PT","og_type":"article","og_title":"Erste Schritte in Deutschland - auslaenderbehoerde.org","og_description":"Wer gerade in Deutschland angekommen ist und \u00fcber ein Visum oder eine Aufenthaltsgenehmigung verf\u00fcgt, muss einige Beh\u00f6rdeng\u00e4nge erledigen.","og_url":"https:\/\/auslaenderbehoerde.org\/pt\/primeiros-passos-na-alemanha\/","og_site_name":"auslaenderbehoerde.org","article_modified_time":"2022-07-02T07:29:01+00:00","og_image":[{"width":640,"height":426,"url":"https:\/\/auslaenderbehoerde.org\/wp-content\/uploads\/2022\/07\/architecture-g719836b53_640.jpg","type":"image\/jpeg"}],"twitter_card":"summary_large_image","twitter_misc":{"Tempo estimado de leitura":"2 minutos"},"schema":{"@context":"https:\/\/schema.org","@graph":[{"@type":"WebPage","@id":"https:\/\/auslaenderbehoerde.org\/erste-schritte-in-deutschland\/","url":"https:\/\/auslaenderbehoerde.org\/erste-schritte-in-deutschland\/","name":"Primeiros passos na Alemanha - auslaenderbehoerde.org","isPartOf":{"@id":"https:\/\/auslaenderbehoerde.org\/#website"},"primaryImageOfPage":{"@id":"https:\/\/auslaenderbehoerde.org\/erste-schritte-in-deutschland\/#primaryimage"},"image":{"@id":"https:\/\/auslaenderbehoerde.org\/erste-schritte-in-deutschland\/#primaryimage"},"thumbnailUrl":"https:\/\/auslaenderbehoerde.org\/wp-content\/uploads\/2022\/07\/architecture-g719836b53_640.jpg","datePublished":"2022-06-28T12:13:30+00:00","dateModified":"2022-07-02T07:29:01+00:00","description":"Se voc\u00ea acabou de chegar na Alemanha e possui um visto ou autoriza\u00e7\u00e3o de resid\u00eancia, voc\u00ea ter\u00e1 que lidar com alguns procedimentos administrativos.","breadcrumb":{"@id":"https:\/\/auslaenderbehoerde.org\/erste-schritte-in-deutschland\/#breadcrumb"},"inLanguage":"pt-PT","potentialAction":[{"@type":"ReadAction","target":["https:\/\/auslaenderbehoerde.org\/erste-schritte-in-deutschland\/"]}]},{"@type":"ImageObject","inLanguage":"pt-PT","@id":"https:\/\/auslaenderbehoerde.org\/erste-schritte-in-deutschland\/#primaryimage","url":"https:\/\/auslaenderbehoerde.org\/wp-content\/uploads\/2022\/07\/architecture-g719836b53_640.jpg","contentUrl":"https:\/\/auslaenderbehoerde.org\/wp-content\/uploads\/2022\/07\/architecture-g719836b53_640.jpg","width":640,"height":426,"caption":"Erste Schritte in Deutschland"},{"@type":"BreadcrumbList","@id":"https:\/\/auslaenderbehoerde.org\/erste-schritte-in-deutschland\/#breadcrumb","itemListElement":[{"@type":"ListItem","position":1,"name":"Startseite","item":"https:\/\/auslaenderbehoerde.org\/"},{"@type":"ListItem","position":2,"name":"Erste Schritte in Deutschland"}]},{"@type":"WebSite","@id":"https:\/\/auslaenderbehoerde.org\/#website","url":"https:\/\/auslaenderbehoerde.org\/","name":"www.auslaenderbehoerde.org","description":"","potentialAction":[{"@type":"SearchAction","target":{"@type":"EntryPoint","urlTemplate":"https:\/\/auslaenderbehoerde.org\/?s={search_term_string}"},"query-input":{"@type":"PropertyValueSpecification","valueRequired":true,"valueName":"search_term_string"}}],"inLanguage":"pt-PT"}]}},"_links":{"self":[{"href":"https:\/\/auslaenderbehoerde.org\/pt\/wp-json\/wp\/v2\/pages\/149","targetHints":{"allow":["GET"]}}],"collection":[{"href":"https:\/\/auslaenderbehoerde.org\/pt\/wp-json\/wp\/v2\/pages"}],"about":[{"href":"https:\/\/auslaenderbehoerde.org\/pt\/wp-json\/wp\/v2\/types\/page"}],"author":[{"embeddable":true,"href":"https:\/\/auslaenderbehoerde.org\/pt\/wp-json\/wp\/v2\/users\/1"}],"replies":[{"embeddable":true,"href":"https:\/\/auslaenderbehoerde.org\/pt\/wp-json\/wp\/v2\/comments?post=149"}],"version-history":[{"count":10,"href":"https:\/\/auslaenderbehoerde.org\/pt\/wp-json\/wp\/v2\/pages\/149\/revisions"}],"predecessor-version":[{"id":215,"href":"https:\/\/auslaenderbehoerde.org\/pt\/wp-json\/wp\/v2\/pages\/149\/revisions\/215"}],"wp:featuredmedia":[{"embeddable":true,"href":"https:\/\/auslaenderbehoerde.org\/pt\/wp-json\/wp\/v2\/media\/207"}],"wp:attachment":[{"href":"https:\/\/auslaenderbehoerde.org\/pt\/wp-json\/wp\/v2\/media?parent=149"}],"curies":[{"name":"wp","href":"https:\/\/api.w.org\/{rel}","templated":true}]}}