{"id":151,"date":"2022-06-28T14:13:50","date_gmt":"2022-06-28T12:13:50","guid":{"rendered":"https:\/\/auslaenderbehoerde.org\/?page_id=151"},"modified":"2022-07-15T15:19:27","modified_gmt":"2022-07-15T13:19:27","slug":"aufenthaltserlaubnis","status":"publish","type":"page","link":"https:\/\/auslaenderbehoerde.org\/pt\/permissao-de-residencia\/","title":{"rendered":"permiss\u00e3o de resid\u00eancia"},"content":{"rendered":"<figure id=\"attachment_157\" aria-describedby=\"caption-attachment-157\" style=\"width: 640px\" class=\"wp-caption aligncenter\"><img decoding=\"async\" class=\"wp-image-157 size-full\" src=\"https:\/\/auslaenderbehoerde.org\/wp-content\/uploads\/2022\/06\/visa-3653492_640.jpeg\" alt=\"permiss\u00e3o de resid\u00eancia\" width=\"640\" height=\"393\" srcset=\"https:\/\/auslaenderbehoerde.org\/wp-content\/uploads\/2022\/06\/visa-3653492_640.jpeg 640w, https:\/\/auslaenderbehoerde.org\/wp-content\/uploads\/2022\/06\/visa-3653492_640-300x184.jpeg 300w\" sizes=\"(max-width: 640px) 100vw, 640px\" \/><figcaption id=\"caption-attachment-157\" class=\"wp-caption-text\">Um dos sete t\u00edtulos de resid\u00eancia existentes na Alemanha \u00e9 a autoriza\u00e7\u00e3o de resid\u00eancia.<\/figcaption><\/figure>\n<h2>O que \u00e9 uma autoriza\u00e7\u00e3o de resid\u00eancia?<\/h2>\n<p>Uma autoriza\u00e7\u00e3o de resid\u00eancia \u00e9 geralmente concedida por um per\u00edodo m\u00e1ximo de 3 anos, ap\u00f3s o qual pode ser prorrogada. A autoriza\u00e7\u00e3o de resid\u00eancia \u00e9 emitida por um per\u00edodo limitado para que possa ser revogada se o estrangeiro que se mudou para o pa\u00eds n\u00e3o cumprir os seus deveres c\u00edvicos. Qualquer pessoa que solicite uma autoriza\u00e7\u00e3o de resid\u00eancia deve ter uma raz\u00e3o para este pedido. As v\u00e1rias raz\u00f5es para se mudar para um pa\u00eds estrangeiro s\u00e3o atribu\u00eddas a par\u00e1grafos espec\u00edficos.<\/p>\n<p><strong>Requerer uma autoriza\u00e7\u00e3o de resid\u00eancia para:<\/strong><\/p>\n<ul style=\"list-style-type: circle;\">\n<li>ser capaz de realizar um curso de estudo ou treinamento (\u00a7 16-17)<\/li>\n<li>poder exercer uma atividade profissional (\u00a7 18)<\/li>\n<li>poder viver em outro pa\u00eds por raz\u00f5es humanit\u00e1rias, de direito internacional ou pol\u00edticas (\u00a7 22 - 26, 104a, 104b)<\/li>\n<li>para conseguir o reagrupamento familiar (\u00a7 27 \u2013 36)<\/li>\n<li>para permitir que ex-alem\u00e3es ou estrangeiros retornem \u00e0 Alemanha (\u00a7 37 \u2013 38)<\/li>\n<li>Pessoas que t\u00eam um direito de resid\u00eancia permanente em outro estado da UE para legalizar sua estadia na Alemanha (\u00a7 38a)<\/li>\n<\/ul>\n<h2>Onde pode ser pedida a autoriza\u00e7\u00e3o de resid\u00eancia?<\/h2>\n<p>A autoriza\u00e7\u00e3o de resid\u00eancia deve ser obtida junto da <a href=\"https:\/\/auslaenderbehoerde.org\/pt\/\">Autoridade de estrangeiros<\/a> ser solicitado. O pedido de emiss\u00e3o inicial de uma autoriza\u00e7\u00e3o de resid\u00eancia pode ser feito na miss\u00e3o diplom\u00e1tica alem\u00e3 no seu pa\u00eds de origem.<\/p>\n<p>Ap\u00f3s a entrada na Rep\u00fablica Federal da Alemanha, a autoriza\u00e7\u00e3o de resid\u00eancia deve ser prorrogada regularmente. Ap\u00f3s um per\u00edodo de resid\u00eancia de 5 anos na Rep\u00fablica Federal da Alemanha, uma autoriza\u00e7\u00e3o de resid\u00eancia ilimitada pode ser solicitada \u00e0 autoridade de estrangeiros competente.<\/p>\n<h2>Requisitos para a concess\u00e3o<\/h2>\n<p>S\u00e3o especificados os requisitos que devem ser cumpridos para a concess\u00e3o de uma autoriza\u00e7\u00e3o de resid\u00eancia. Cumprir os requisitos 100 por cento \u00e9 a base para a emiss\u00e3o de uma autoriza\u00e7\u00e3o de resid\u00eancia.<\/p>\n<p>Ap\u00f3s um per\u00edodo m\u00e1ximo de 3 anos ap\u00f3s a emiss\u00e3o da autoriza\u00e7\u00e3o de resid\u00eancia, esta caduca. Pode ser prorrogado ap\u00f3s verificar se todos os requisitos para outorga ainda est\u00e3o plenamente atendidos.<\/p>\n<p>Se as raz\u00f5es apresentadas para a sua estadia na Alemanha (ver divis\u00e3o em par\u00e1grafos) n\u00e3o se aplicarem mais neste momento, as autoridades de imigra\u00e7\u00e3o podem recusar a prorroga\u00e7\u00e3o da sua autoriza\u00e7\u00e3o de resid\u00eancia. Al\u00e9m disso, os requerentes que solicitaram autoriza\u00e7\u00e3o de resid\u00eancia est\u00e3o sujeitos a obriga\u00e7\u00f5es que devem ser cumpridas. Essas obriga\u00e7\u00f5es podem, por exemplo, B. Participa\u00e7\u00e3o em curso de integra\u00e7\u00e3o.<\/p>\n<p><strong>Os requisitos que devem ser cumpridos para a concess\u00e3o de uma autoriza\u00e7\u00e3o de resid\u00eancia permanente incluem os seguintes pontos:<\/strong><\/p>\n<ul style=\"list-style-type: circle;\">\n<li>prova de um direito de resid\u00eancia v\u00e1lido, por ex. B. um visto ou uma autoriza\u00e7\u00e3o de resid\u00eancia<\/li>\n<li>nenhum processo criminal pendente ou que n\u00e3o haja condena\u00e7\u00f5es anteriores<\/li>\n<li>a presen\u00e7a de prova de um passaporte v\u00e1lido<\/li>\n<li>voc\u00ea deve ser capaz de garantir seu sustento com seus pr\u00f3prios recursos<\/li>\n<li>uma autoriza\u00e7\u00e3o de resid\u00eancia com pelo menos cinco anos de exist\u00eancia<\/li>\n<li>Pagamento no seguro de pens\u00e3o legal por pelo menos 60 meses<\/li>\n<li>Comprovante do motivo da sua estadia<\/li>\n<li>seguro de sa\u00fade adequado<\/li>\n<li>Bons conhecimentos do sistema social alem\u00e3o e da l\u00edngua alem\u00e3<\/li>\n<li>um local de resid\u00eancia principal na cidade onde \u00e9 apresentado o pedido de autoriza\u00e7\u00e3o de resid\u00eancia permanente, com espa\u00e7o suficiente para o n\u00famero de pessoas especificado<\/li>\n<\/ul>\n<p>Se necess\u00e1rio, a autoridade estrangeira pode solicitar outros documentos e pap\u00e9is, que devem ser apresentados prontamente. Dependendo da situa\u00e7\u00e3o, os requisitos para uma autoriza\u00e7\u00e3o de resid\u00eancia permanente podem variar.<\/p>\n<div class=\"su-note\"  style=\"border-color:#d1d1d0;border-radius:3px;-moz-border-radius:3px;-webkit-border-radius:3px;\"><div class=\"su-note-inner su-u-clearfix su-u-trim\" style=\"background-color:#ebebea;border-color:#ffffff;color:#444444;border-radius:3px;-moz-border-radius:3px;-webkit-border-radius:3px;\"><strong>Voc\u00ea est\u00e1 esperando visitantes do exterior?<\/strong> Com um <a href=\"https:\/\/auslaenderbehoerde.org\/pt\/seguro-viagem-para-hospedes-estrangeiros\/\">Seguro viagem para estrangeiros<\/a> beneficiam de uma prote\u00e7\u00e3o abrangente na Alemanha e na Europa.<\/div><\/div>\n<h2>Custos<\/h2>\n<p>Os custos para a primeira emiss\u00e3o de uma autoriza\u00e7\u00e3o de resid\u00eancia na Rep\u00fablica Federal da Alemanha s\u00e3o de 100 euros. Uma autoriza\u00e7\u00e3o de resid\u00eancia deve ser prorrogada regularmente antes de expirar a sua validade para que a autoriza\u00e7\u00e3o de resid\u00eancia n\u00e3o expire.<\/p>\n<p>Se a autoriza\u00e7\u00e3o de resid\u00eancia for prorrogada por mais de 3 meses, a taxa de prorroga\u00e7\u00e3o \u00e9 de 93 euros. O termo &quot;autoriza\u00e7\u00e3o de resid\u00eancia ilimitada&quot; n\u00e3o \u00e9 usado desde 1\u00ba de janeiro de 2005. Desde ent\u00e3o, os estrangeiros que t\u00eam um direito de resid\u00eancia ilimitado e ilimitado receberam uma \u201cautoriza\u00e7\u00e3o de resid\u00eancia\u201d. Isto \u00e9 equivalente \u00e0 antiga autoriza\u00e7\u00e3o de resid\u00eancia permanente.<\/p>\n<h2>Voc\u00ea pode trabalhar com uma autoriza\u00e7\u00e3o de resid\u00eancia?<\/h2>\n<p>As autoridades de imigra\u00e7\u00e3o podem emitir uma autoriza\u00e7\u00e3o de trabalho juntamente com uma autoriza\u00e7\u00e3o de resid\u00eancia. No entanto, isso s\u00f3 \u00e9 poss\u00edvel se a administra\u00e7\u00e3o do emprego tiver dado o seu consentimento. A aprova\u00e7\u00e3o \u00e9 solicitada em procedimento interno. Caso a autoriza\u00e7\u00e3o de resid\u00eancia tenha sido emitida sem autoriza\u00e7\u00e3o de trabalho, os requerentes podem perguntar \u00e0 autoridade competente de estrangeiros se \u00e9 poss\u00edvel emitir uma autoriza\u00e7\u00e3o de trabalho.<\/p>\n<p>Um <a href=\"https:\/\/azf2.de\/infomaterial\/leitfaden-arbeitserlaubnisrecht\/zugang-arbeitsmarkt-drittstaatsangehoerige\/aufenthaltserlaubnisse-fuer-erwerbstaetigkeit\/\" target=\"_blank\" rel=\"noopener\">Elegibilidade para trabalhar<\/a> portanto, n\u00e3o est\u00e1 automaticamente inclu\u00eddo em uma autoriza\u00e7\u00e3o de resid\u00eancia.<\/p>\n<h2>A diferen\u00e7a entre t\u00edtulo de resid\u00eancia e autoriza\u00e7\u00e3o de resid\u00eancia<\/h2>\n<p>Uma autoriza\u00e7\u00e3o de resid\u00eancia deve ser solicitada antes de entrar na Rep\u00fablica Federal da Alemanha e renovada regularmente ap\u00f3s a entrada. Se os requisitos para um local de resid\u00eancia na Alemanha n\u00e3o puderem ser atendidos ou comprovados pelos afetados, as autoridades de imigra\u00e7\u00e3o podem recusar a prorroga\u00e7\u00e3o da autoriza\u00e7\u00e3o de resid\u00eancia.<\/p>\n<p>Sob a designa\u00e7\u00e3o <a href=\"https:\/\/auslaenderbehoerde.org\/pt\/permissao-de-residencia-2\/\">permiss\u00e3o de resid\u00eancia<\/a> a concess\u00e3o de uma autoriza\u00e7\u00e3o de resid\u00eancia \u00e9 entendida como uma autoriza\u00e7\u00e3o de resid\u00eancia permanente. Isso n\u00e3o precisa ser estendido continuamente, pois \u00e9 ilimitado.<\/p>\n<h3 id=\"customheading6\"><strong>Links Relacionados\u00a0<\/strong><\/h3>\n<ul>\n<li><a href=\"https:\/\/auslaenderbehoerde.org\/pt\/primeiros-passos-na-alemanha\/\" data-wpel-link=\"internal\">Primeiros passos na Alemanha<\/a><\/li>\n<\/ul>","protected":false},"excerpt":{"rendered":"<p>O que \u00e9 uma autoriza\u00e7\u00e3o de resid\u00eancia? A autoriza\u00e7\u00e3o de resid\u00eancia \u00e9 normalmente emitida por um per\u00edodo m\u00e1ximo de 3 anos, ap\u00f3s os quais pode ser prorrogada. A autoriza\u00e7\u00e3o de resid\u00eancia \u00e9 emitida por um per\u00edodo de tempo limitado, podendo ser revogada caso o estrangeiro imigrado n\u00e3o cumpra as suas obriga\u00e7\u00f5es c\u00edvicas. Qualquer pessoa que solicite uma autoriza\u00e7\u00e3o de resid\u00eancia deve fundamentar esse pedido. Existem v\u00e1rios motivos para mudar de local de resid\u00eancia...&nbsp;<a href=\"https:\/\/auslaenderbehoerde.org\/pt\/permissao-de-residencia\/\" rel=\"bookmark\">Leia mais \u00bb<span class=\"screen-reader-text\">permiss\u00e3o de resid\u00eancia<\/span><\/a><\/p>","protected":false},"author":1,"featured_media":157,"parent":0,"menu_order":0,"comment_status":"closed","ping_status":"closed","template":"","meta":{"neve_meta_sidebar":"","neve_meta_container":"","neve_meta_enable_content_width":"off","neve_meta_content_width":100,"neve_meta_title_alignment":"","neve_meta_author_avatar":"","neve_post_elements_order":"","neve_meta_disable_header":"","neve_meta_disable_footer":"","neve_meta_disable_title":"","neve_meta_reading_time":"","footnotes":""},"class_list":["post-151","page","type-page","status-publish","has-post-thumbnail","hentry"],"yoast_head":"<!-- This site is optimized with the Yoast SEO plugin v26.6 - https:\/\/yoast.com\/wordpress\/plugins\/seo\/ -->\n<title>Was ist eine Aufenthaltserlaubnis? - Auslaenderbehoerde.org<\/title>\n<meta name=\"description\" content=\"Eine Aufenthaltserlaubnis wird befristet und zu einem bestimmten Zweck an sogenannte Drittstaatsangeh\u00f6rige erteilt.\" \/>\n<meta name=\"robots\" content=\"index, follow, max-snippet:-1, max-image-preview:large, max-video-preview:-1\" \/>\n<link rel=\"canonical\" href=\"https:\/\/auslaenderbehoerde.org\/pt\/permissao-de-residencia\/\" \/>\n<meta property=\"og:locale\" content=\"pt_PT\" \/>\n<meta property=\"og:type\" content=\"article\" \/>\n<meta property=\"og:title\" content=\"Was ist eine Aufenthaltserlaubnis? - Auslaenderbehoerde.org\" \/>\n<meta property=\"og:description\" content=\"Eine Aufenthaltserlaubnis wird befristet und zu einem bestimmten Zweck an sogenannte Drittstaatsangeh\u00f6rige erteilt.\" \/>\n<meta property=\"og:url\" content=\"https:\/\/auslaenderbehoerde.org\/pt\/permissao-de-residencia\/\" \/>\n<meta property=\"og:site_name\" content=\"auslaenderbehoerde.org\" \/>\n<meta property=\"article:modified_time\" content=\"2022-07-15T13:19:27+00:00\" \/>\n<meta property=\"og:image\" content=\"https:\/\/auslaenderbehoerde.org\/wp-content\/uploads\/2022\/06\/visa-3653492_640.jpeg\" \/>\n\t<meta property=\"og:image:width\" content=\"640\" \/>\n\t<meta property=\"og:image:height\" content=\"393\" \/>\n\t<meta property=\"og:image:type\" content=\"image\/jpeg\" \/>\n<meta name=\"twitter:card\" content=\"summary_large_image\" \/>\n<meta name=\"twitter:label1\" content=\"Tempo estimado de leitura\" \/>\n\t<meta name=\"twitter:data1\" content=\"5 minutos\" \/>\n<script type=\"application\/ld+json\" class=\"yoast-schema-graph\">{\"@context\":\"https:\/\/schema.org\",\"@graph\":[{\"@type\":\"WebPage\",\"@id\":\"https:\/\/auslaenderbehoerde.org\/aufenthaltserlaubnis\/\",\"url\":\"https:\/\/auslaenderbehoerde.org\/aufenthaltserlaubnis\/\",\"name\":\"Was ist eine Aufenthaltserlaubnis? - Auslaenderbehoerde.org\",\"isPartOf\":{\"@id\":\"https:\/\/auslaenderbehoerde.org\/#website\"},\"primaryImageOfPage\":{\"@id\":\"https:\/\/auslaenderbehoerde.org\/aufenthaltserlaubnis\/#primaryimage\"},\"image\":{\"@id\":\"https:\/\/auslaenderbehoerde.org\/aufenthaltserlaubnis\/#primaryimage\"},\"thumbnailUrl\":\"https:\/\/auslaenderbehoerde.org\/wp-content\/uploads\/2022\/06\/visa-3653492_640.jpeg\",\"datePublished\":\"2022-06-28T12:13:50+00:00\",\"dateModified\":\"2022-07-15T13:19:27+00:00\",\"description\":\"Eine Aufenthaltserlaubnis wird befristet und zu einem bestimmten Zweck an sogenannte Drittstaatsangeh\u00f6rige erteilt.\",\"breadcrumb\":{\"@id\":\"https:\/\/auslaenderbehoerde.org\/aufenthaltserlaubnis\/#breadcrumb\"},\"inLanguage\":\"pt-PT\",\"potentialAction\":[{\"@type\":\"ReadAction\",\"target\":[\"https:\/\/auslaenderbehoerde.org\/aufenthaltserlaubnis\/\"]}]},{\"@type\":\"ImageObject\",\"inLanguage\":\"pt-PT\",\"@id\":\"https:\/\/auslaenderbehoerde.org\/aufenthaltserlaubnis\/#primaryimage\",\"url\":\"https:\/\/auslaenderbehoerde.org\/wp-content\/uploads\/2022\/06\/visa-3653492_640.jpeg\",\"contentUrl\":\"https:\/\/auslaenderbehoerde.org\/wp-content\/uploads\/2022\/06\/visa-3653492_640.jpeg\",\"width\":640,\"height\":393,\"caption\":\"Aufenthaltserlaubnis\"},{\"@type\":\"BreadcrumbList\",\"@id\":\"https:\/\/auslaenderbehoerde.org\/aufenthaltserlaubnis\/#breadcrumb\",\"itemListElement\":[{\"@type\":\"ListItem\",\"position\":1,\"name\":\"Startseite\",\"item\":\"https:\/\/auslaenderbehoerde.org\/\"},{\"@type\":\"ListItem\",\"position\":2,\"name\":\"Aufenthaltserlaubnis\"}]},{\"@type\":\"WebSite\",\"@id\":\"https:\/\/auslaenderbehoerde.org\/#website\",\"url\":\"https:\/\/auslaenderbehoerde.org\/\",\"name\":\"auslaenderbehoerde.org\",\"description\":\"\",\"potentialAction\":[{\"@type\":\"SearchAction\",\"target\":{\"@type\":\"EntryPoint\",\"urlTemplate\":\"https:\/\/auslaenderbehoerde.org\/?s={search_term_string}\"},\"query-input\":{\"@type\":\"PropertyValueSpecification\",\"valueRequired\":true,\"valueName\":\"search_term_string\"}}],\"inLanguage\":\"pt-PT\"}]}<\/script>\n<!-- \/ Yoast SEO plugin. -->","yoast_head_json":{"title":"O que \u00e9 uma autoriza\u00e7\u00e3o de resid\u00eancia? - Auslaenderbehoerde.org","description":"A autoriza\u00e7\u00e3o de resid\u00eancia \u00e9 concedida por um per\u00edodo limitado e para um fim espec\u00edfico aos chamados nacionais de pa\u00edses terceiros.","robots":{"index":"index","follow":"follow","max-snippet":"max-snippet:-1","max-image-preview":"max-image-preview:large","max-video-preview":"max-video-preview:-1"},"canonical":"https:\/\/auslaenderbehoerde.org\/pt\/permissao-de-residencia\/","og_locale":"pt_PT","og_type":"article","og_title":"Was ist eine Aufenthaltserlaubnis? - Auslaenderbehoerde.org","og_description":"Eine Aufenthaltserlaubnis wird befristet und zu einem bestimmten Zweck an sogenannte Drittstaatsangeh\u00f6rige erteilt.","og_url":"https:\/\/auslaenderbehoerde.org\/pt\/permissao-de-residencia\/","og_site_name":"auslaenderbehoerde.org","article_modified_time":"2022-07-15T13:19:27+00:00","og_image":[{"width":640,"height":393,"url":"https:\/\/auslaenderbehoerde.org\/wp-content\/uploads\/2022\/06\/visa-3653492_640.jpeg","type":"image\/jpeg"}],"twitter_card":"summary_large_image","twitter_misc":{"Tempo estimado de leitura":"5 minutos"},"schema":{"@context":"https:\/\/schema.org","@graph":[{"@type":"WebPage","@id":"https:\/\/auslaenderbehoerde.org\/aufenthaltserlaubnis\/","url":"https:\/\/auslaenderbehoerde.org\/aufenthaltserlaubnis\/","name":"O que \u00e9 uma autoriza\u00e7\u00e3o de resid\u00eancia? - Auslaenderbehoerde.org","isPartOf":{"@id":"https:\/\/auslaenderbehoerde.org\/#website"},"primaryImageOfPage":{"@id":"https:\/\/auslaenderbehoerde.org\/aufenthaltserlaubnis\/#primaryimage"},"image":{"@id":"https:\/\/auslaenderbehoerde.org\/aufenthaltserlaubnis\/#primaryimage"},"thumbnailUrl":"https:\/\/auslaenderbehoerde.org\/wp-content\/uploads\/2022\/06\/visa-3653492_640.jpeg","datePublished":"2022-06-28T12:13:50+00:00","dateModified":"2022-07-15T13:19:27+00:00","description":"A autoriza\u00e7\u00e3o de resid\u00eancia \u00e9 concedida por um per\u00edodo limitado e para um fim espec\u00edfico aos chamados nacionais de pa\u00edses terceiros.","breadcrumb":{"@id":"https:\/\/auslaenderbehoerde.org\/aufenthaltserlaubnis\/#breadcrumb"},"inLanguage":"pt-PT","potentialAction":[{"@type":"ReadAction","target":["https:\/\/auslaenderbehoerde.org\/aufenthaltserlaubnis\/"]}]},{"@type":"ImageObject","inLanguage":"pt-PT","@id":"https:\/\/auslaenderbehoerde.org\/aufenthaltserlaubnis\/#primaryimage","url":"https:\/\/auslaenderbehoerde.org\/wp-content\/uploads\/2022\/06\/visa-3653492_640.jpeg","contentUrl":"https:\/\/auslaenderbehoerde.org\/wp-content\/uploads\/2022\/06\/visa-3653492_640.jpeg","width":640,"height":393,"caption":"Aufenthaltserlaubnis"},{"@type":"BreadcrumbList","@id":"https:\/\/auslaenderbehoerde.org\/aufenthaltserlaubnis\/#breadcrumb","itemListElement":[{"@type":"ListItem","position":1,"name":"Startseite","item":"https:\/\/auslaenderbehoerde.org\/"},{"@type":"ListItem","position":2,"name":"Aufenthaltserlaubnis"}]},{"@type":"WebSite","@id":"https:\/\/auslaenderbehoerde.org\/#website","url":"https:\/\/auslaenderbehoerde.org\/","name":"www.auslaenderbehoerde.org","description":"","potentialAction":[{"@type":"SearchAction","target":{"@type":"EntryPoint","urlTemplate":"https:\/\/auslaenderbehoerde.org\/?s={search_term_string}"},"query-input":{"@type":"PropertyValueSpecification","valueRequired":true,"valueName":"search_term_string"}}],"inLanguage":"pt-PT"}]}},"_links":{"self":[{"href":"https:\/\/auslaenderbehoerde.org\/pt\/wp-json\/wp\/v2\/pages\/151","targetHints":{"allow":["GET"]}}],"collection":[{"href":"https:\/\/auslaenderbehoerde.org\/pt\/wp-json\/wp\/v2\/pages"}],"about":[{"href":"https:\/\/auslaenderbehoerde.org\/pt\/wp-json\/wp\/v2\/types\/page"}],"author":[{"embeddable":true,"href":"https:\/\/auslaenderbehoerde.org\/pt\/wp-json\/wp\/v2\/users\/1"}],"replies":[{"embeddable":true,"href":"https:\/\/auslaenderbehoerde.org\/pt\/wp-json\/wp\/v2\/comments?post=151"}],"version-history":[{"count":10,"href":"https:\/\/auslaenderbehoerde.org\/pt\/wp-json\/wp\/v2\/pages\/151\/revisions"}],"predecessor-version":[{"id":1538,"href":"https:\/\/auslaenderbehoerde.org\/pt\/wp-json\/wp\/v2\/pages\/151\/revisions\/1538"}],"wp:featuredmedia":[{"embeddable":true,"href":"https:\/\/auslaenderbehoerde.org\/pt\/wp-json\/wp\/v2\/media\/157"}],"wp:attachment":[{"href":"https:\/\/auslaenderbehoerde.org\/pt\/wp-json\/wp\/v2\/media?parent=151"}],"curies":[{"name":"wp","href":"https:\/\/api.w.org\/{rel}","templated":true}]}}